{"id":18707,"date":"2023-12-25T20:06:05","date_gmt":"2023-12-25T18:06:05","guid":{"rendered":"https:\/\/hotta.eu\/konfidencialitates-politika\/"},"modified":"2024-09-20T22:22:40","modified_gmt":"2024-09-20T20:22:40","slug":"privatuma-politika","status":"publish","type":"page","link":"https:\/\/hotta.eu\/lv\/privatuma-politika\/","title":{"rendered":"Priv\u0101tuma politika"},"content":{"rendered":"\t\t<div data-elementor-type=\"wp-page\" data-elementor-id=\"18707\" class=\"elementor elementor-18707 elementor-14699\" data-elementor-post-type=\"page\">\n\t\t\t\t<div class=\"elementor-element elementor-element-3f03054 e-flex e-con-boxed e-con e-parent\" data-id=\"3f03054\" data-element_type=\"container\" data-settings=\"{&quot;background_background&quot;:&quot;classic&quot;}\">\n\t\t\t\t\t<div class=\"e-con-inner\">\n\t\t\t\t<div class=\"elementor-element elementor-element-f983327 elementor-widget elementor-widget-heading\" data-id=\"f983327\" data-element_type=\"widget\" data-widget_type=\"heading.default\">\n\t\t\t\t<div class=\"elementor-widget-container\">\n\t\t\t<h2 class=\"elementor-heading-title elementor-size-default\">Interneta veikala Hotta personas datu p\u0101rzinis ir <span>Sellinor O\u00dc (re\u0123istr\u0113ts 14547877<\/span>).\n<br><br>\n<strong>K\u0101di personas dati tiek apstr\u0101d\u0101ti<\/strong><ul><li>v\u0101rdu, uzv\u0101rdu, t\u0101lru\u0146a numuru un e-pasta adresi;<\/li><li>pieg\u0101des adrese;<\/li><li>bankas konta numurs;<\/li><li>pre\u010du un pakalpojumu izmaksas un maks\u0101jumu inform\u0101ciju (pirkumu v\u0113sturi);<\/li><li>inform\u0101cija par klientu atbalstu.<\/li><\/ul><p><strong>Personas datu apstr\u0101des nol\u016bki<\/strong><\/p><p>Personas dati tiek izmantoti klientu pas\u016bt\u012bjumu p\u0101rvald\u012bbai un pre\u010du pieg\u0101dei.<\/p><p>Pirkumu v\u0113stures dati (pirkuma datums, preces, daudzums, klienta dati) tiek izmantoti, lai apkopotu p\u0101rskatu par ieg\u0101d\u0101taj\u0101m prec\u0113m un pakalpojumiem un analiz\u0113tu klientu v\u0113lmes.<\/p><p>Bankas konta numurs tiek izmantots, lai atgrieztu maks\u0101jumus klientam.<\/p><p>Personas dati, piem\u0113ram, e-pasts, t\u0101lru\u0146a numurs, klienta v\u0101rds un uzv\u0101rds, tiek apstr\u0101d\u0101ti, lai risin\u0101tu ar pre\u010du un pakalpojumu snieg\u0161anu saist\u012btus jaut\u0101jumus (klientu atbalsts).<\/p><p>Interneta veikala lietot\u0101ja IP adrese vai citi t\u012bkla identifikatori tiek apstr\u0101d\u0101ti, lai sniegtu interneta veikalu k\u0101 inform\u0101cijas sabiedr\u012bbas pakalpojumu un t\u012bmek\u013ca lieto\u0161anas statistikas vajadz\u012bb\u0101m.<\/p><p><strong>Juridiskais pamats<\/strong><\/p><p>Personas datu apstr\u0101de tiek veikta, lai izpild\u012btu l\u012bgumu ar klientu.<\/p><p>Personas datu apstr\u0101de tiek veikta, lai izpild\u012btu juridisku pien\u0101kumu (piem\u0113ram, gr\u0101matved\u012bbas un pat\u0113r\u0113t\u0101ju str\u012bdu iz\u0161\u0137ir\u0161ana).<\/p><p><strong>Sa\u0146\u0113m\u0113ji, kuriem tiek izpausti personas dati<\/strong><\/p><p>Personas dati tiks p\u0101rs\u016bt\u012bti tie\u0161saistes veikala klientu atbalsta dienestam, lai p\u0101rvald\u012btu pirkumus un pirkumu v\u0113sturi un risin\u0101tu klientu probl\u0113mas.<\/p>\n\n\n<div class=\"page\" title=\"Page 2\">\n<div class=\"layoutArea\">\n<div class=\"column\">\n<p>Nosaukums, t\u0101lru\u0146a numurs un e-pasta adrese tiks p\u0101rs\u016bt\u012bti klienta izv\u0113l\u0113tajam transporta pakalpojumu sniedz\u0113jam. Ja preces pieg\u0101d\u0101 kurjers, papildus kontaktinform\u0101cijai tiks nor\u0101d\u012bta klienta adrese.<\/p>\n<p>Ja tie\u0161saistes veikala gr\u0101matved\u012bbas uzskaiti veic pakalpojumu sniedz\u0113js, personas dati tiks nodoti pakalpojumu sniedz\u0113jam, lai veiktu gr\u0101matved\u012bbas uzskaites oper\u0101cijas.<\/p>\n<p>Personas dati var tikt nos\u016bt\u012bti inform\u0101cijas tehnolo\u0123iju pakalpojumu sniedz\u0113jiem, ja tas ir nepiecie\u0161ams, lai nodro\u0161in\u0101tu tie\u0161saistes veikala funkcionalit\u0101ti vai datu pieejam\u012bbu.<\/p>\n<p><strong>Dro\u0161\u012bba un piek\u013cuve datiem<\/strong><\/p>\n<p>Personas dati tiek glab\u0101ti Zone Media O\u00dc serveros, kas atrodas Eiropas Savien\u012bbas dal\u012bbvalsts teritorij\u0101 vai Eiropas Ekonomikas zonas dal\u012bbvalstu teritorij\u0101. Datus var p\u0101rs\u016bt\u012bt uz valst\u012bm, kuru datu aizsardz\u012bbas l\u012bmeni Eiropas Komisija ir nov\u0113rt\u0113jusi k\u0101 atbilsto\u0161u, un uz uz\u0146\u0113mumiem Amerikas Savienotaj\u0101s Valst\u012bs, kas ir parakst\u012bju\u0161i \"Priv\u0101tuma vairoga\" sist\u0113mu.<\/p>\n<p>Piek\u013cuve personas datiem tiek pie\u0161\u0137irta tie\u0161saistes veikala darbiniekiem, kuri var piek\u013c\u016bt personas datiem, lai risin\u0101tu tehniskus jaut\u0101jumus, kas saist\u012bti ar tie\u0161saistes veikala lieto\u0161anu, un sniegtu klientu atbalsta pakalpojumus.<\/p>\n<p>Tie\u0161saistes veikals \u012bsteno atbilsto\u0161us fiziskus, organizatoriskus un IT dro\u0161\u012bbas pas\u0101kumus, lai aizsarg\u0101tu personas datus pret nejau\u0161u vai nelikum\u012bgu izn\u012bcin\u0101\u0161anu, pazaud\u0113\u0161anu, p\u0101rveido\u0161anu vai neat\u013cautu piek\u013cuvi un izpau\u0161anu.<\/p>\n<p>Personas datu nodo\u0161ana interneta veikala apstr\u0101d\u0101t\u0101jiem (piem\u0113ram, transporta pakalpojumu sniedz\u0113jam un datu apkopot\u0101jam) notiek, pamatojoties uz l\u012bgumiem starp interneta veikalu un apstr\u0101d\u0101t\u0101jiem. Datu apstr\u0101d\u0101t\u0101jiem, apstr\u0101d\u0101jot personas datus, ir j\u0101nodro\u0161ina atbilsto\u0161i dro\u0161\u012bbas pas\u0101kumi.<\/p>\n<p><strong>Piek\u013cuve personas datiem un to labo\u0161ana<\/strong><\/p>\n<p>Personas datiem var piek\u013c\u016bt un labot tos tie\u0161saistes veikala lietot\u0101ja profil\u0101. Ja pirkums ir veikts bez lietot\u0101ja konta, j\u016bs varat piek\u013c\u016bt personas datiem, izmantojot pieteik\u0161anos.<\/p>\n<\/div>\n<\/div>\n<div class=\"layoutArea\">\n<div class=\"column\">\n<p><strong>Piekri\u0161anas atsauk\u0161ana<\/strong><\/p>\n<p>Ja personas datu apstr\u0101des pamat\u0101 ir klienta piekri\u0161ana, klientam ir ties\u012bbas atsaukt piekri\u0161anu, par to inform\u0113jot Klientu atbalsta dienestu pa e-pastu.<\/p>\n<p><strong>Uzglab\u0101\u0161ana pie<\/strong><\/p>\n<\/div>\n<div class=\"column\">\n<p>Personas dati tiks dz\u0113sti, kad aizv\u0113rsiet savu tie\u0161saistes veikala kontu, ja vien \u0161\u0101di dati nav j\u0101saglab\u0101 gr\u0101matved\u012bbas vajadz\u012bb\u0101m vai pat\u0113r\u0113t\u0101ju str\u012bdu risin\u0101\u0161anai.<\/p>\n<\/div>\n<\/div>\n<div class=\"layoutArea\">\n<div class=\"column\">\n<p>Ja pirkums veikts tie\u0161saistes veikal\u0101 bez klienta konta, pirkumu v\u0113sture tiek saglab\u0101ta tr\u012bs gadus.<\/p>\n<\/div>\n<\/div>\n<\/div>\n<div class=\"page\" title=\"Lapa 3\">\n<div class=\"layoutArea\">\n<div class=\"column\">\n<p>Ar maks\u0101jumiem un pat\u0113r\u0113t\u0101ju str\u012bdiem saist\u012btu str\u012bdu gad\u012bjum\u0101 personas dati tiks glab\u0101ti, l\u012bdz pras\u012bba tiks apmierin\u0101ta vai beigsies noilguma termi\u0146\u0161.<\/p>\n<p>Gr\u0101matved\u012bbas vajadz\u012bb\u0101m nepiecie\u0161amie personas dati tiek glab\u0101ti septi\u0146us gadus.<\/p>\n<p><strong>Dz\u0113\u0161ana<\/strong><\/p>\n<p>Lai dz\u0113stu personas datus, jums j\u0101sazin\u0101s ar klientu atbalsta dienestu pa e-pastu. Atbilde uz dz\u0113\u0161anas piepras\u012bjumu tiks sniegta ne v\u0113l\u0101k k\u0101 viena m\u0113ne\u0161a laik\u0101, nor\u0101dot dz\u0113\u0161anas termi\u0146u.<\/p>\n<p><strong>P\u0101rskait\u012bjums uz<\/strong><\/p>\n<p>Uz piepras\u012bjumiem par personas datu p\u0101rs\u016bt\u012b\u0161anu, kas nos\u016bt\u012bti pa e-pastu, tiks atbild\u0113ts ne v\u0113l\u0101k k\u0101 viena m\u0113ne\u0161a laik\u0101. Klientu atbalsta dienests p\u0101rbaud\u012bs identit\u0101ti un pazi\u0146os par nos\u016bt\u0101majiem personas datiem.<\/p>\n<\/div>\n<\/div>\n<div class=\"layoutArea\">\n<div class=\"column\">\n<p><strong>Tie\u0161\u0101 m\u0101rketinga sazi\u0146a<\/strong><\/p>\n<p>E-pasta adrese un t\u0101lru\u0146a numurs tiks izmantoti, lai nos\u016bt\u012btu tie\u0161\u0101 m\u0101rketinga zi\u0146ojumus, ja klients ir devis savu piekri\u0161anu. Ja klients nev\u0113las sa\u0146emt tie\u0161\u0101 m\u0101rketinga pazi\u0146ojumus, vi\u0146am\/vi\u0146ai e-pasta apak\u0161\u0101 j\u0101izv\u0113las attiec\u012bga nor\u0101de vai j\u0101sazin\u0101s ar klientu atbalsta dienestu.<\/p>\n<\/div>\n<\/div>\n<div class=\"section\">\n<div class=\"layoutArea\">\n<div class=\"column\">\n<p>Ja personas dati tiek apstr\u0101d\u0101ti tie\u0161\u0101 m\u0101rketinga (profil\u0113\u0161anas) nol\u016bkos, klientam ir ties\u012bbas jebkur\u0101 laik\u0101 iebilst gan pret savu personas datu s\u0101kotn\u0113jo, gan turpm\u0101ko apstr\u0101di, tostarp profil\u0113\u0161anu saist\u012bb\u0101 ar tie\u0161o m\u0101rketingu, inform\u0113jot par to Klientu atbalsta dienestu pa e-pastu.<\/p>\n<\/div>\n<\/div>\n<div class=\"layoutArea\">\n<div class=\"column\">\n<p><strong>Str\u012bdu iz\u0161\u0137ir\u0161ana<\/strong><\/p>\n<\/div>\n<\/div>\n<\/div>\n<div class=\"layoutArea\">\n<div class=\"column\">\n<p>Str\u012bdus saist\u012bb\u0101 ar personas datu apstr\u0101di var atrisin\u0101t, izmantojot klientu atbalsta dienestu (info@hotta.eu). Uzraudz\u012bbas iest\u0101de ir Igaunijas Datu aizsardz\u012bbas inspekcija (info@aki.ee).<\/p>\n<\/div>\n<\/div>\n<\/div><\/h2>\t\t<\/div>\n\t\t\t\t<\/div>\n\t\t\t\t\t<\/div>\n\t\t\t\t<\/div>\n\t\t\t\t<\/div>\n\t\t","protected":false},"excerpt":{"rendered":"<p>Interneta veikala Hotta personas datu p\u0101rzinis ir Sellinor O\u00dc (re\u0123istr\u0113ts 14547877). K\u0101di personas dati tiek apstr\u0101d\u0101ti v\u0101rdu, uzv\u0101rdu,&hellip;<\/p>\n","protected":false},"author":1,"featured_media":0,"parent":0,"menu_order":0,"comment_status":"closed","ping_status":"closed","template":"elementor_header_footer","meta":{"footnotes":""},"class_list":["post-18707","page","type-page","status-publish","hentry"],"yoast_head":"<!-- This site is optimized with the Yoast SEO plugin v27.3 - https:\/\/yoast.com\/product\/yoast-seo-wordpress\/ -->\n<title>Priv\u0101tuma politika - Hotta<\/title>\n<meta name=\"robots\" content=\"index, follow, max-snippet:-1, max-image-preview:large, max-video-preview:-1\" \/>\n<link rel=\"canonical\" href=\"https:\/\/hotta.eu\/lv\/privatuma-politika\/\" \/>\n<meta property=\"og:locale\" content=\"lv_LV\" \/>\n<meta property=\"og:type\" content=\"article\" \/>\n<meta property=\"og:title\" content=\"Priv\u0101tuma politika - Hotta\" \/>\n<meta property=\"og:description\" content=\"Interneta veikala Hotta personas datu p\u0101rzinis ir Sellinor O\u00dc (re\u0123istr\u0113ts 14547877). K\u0101di personas dati tiek apstr\u0101d\u0101ti v\u0101rdu, uzv\u0101rdu,&hellip;\" \/>\n<meta property=\"og:url\" content=\"https:\/\/hotta.eu\/lv\/privatuma-politika\/\" \/>\n<meta property=\"og:site_name\" content=\"Hotta\" \/>\n<meta property=\"article:publisher\" content=\"https:\/\/www.facebook.com\/hotta.eu\" \/>\n<meta property=\"article:modified_time\" content=\"2024-09-20T20:22:40+00:00\" \/>\n<meta property=\"og:image\" content=\"https:\/\/hotta.eu\/wp-content\/uploads\/2024\/04\/hotta-social-placeholder-1530x1224.png\" \/>\n\t<meta property=\"og:image:width\" content=\"1530\" \/>\n\t<meta property=\"og:image:height\" content=\"1224\" \/>\n\t<meta property=\"og:image:type\" content=\"image\/png\" \/>\n<meta name=\"twitter:card\" content=\"summary_large_image\" \/>\n<meta name=\"twitter:site\" content=\"@hottashop\" \/>\n<meta name=\"twitter:label1\" content=\"Est. reading time\" \/>\n\t<meta name=\"twitter:data1\" content=\"5 minutes\" \/>\n<script type=\"application\/ld+json\" class=\"yoast-schema-graph\">{\"@context\":\"https:\\\/\\\/schema.org\",\"@graph\":[{\"@type\":\"WebPage\",\"@id\":\"https:\\\/\\\/hotta.eu\\\/lv\\\/privatuma-politika\\\/\",\"url\":\"https:\\\/\\\/hotta.eu\\\/lv\\\/privatuma-politika\\\/\",\"name\":\"Priv\u0101tuma politika - Hotta\",\"isPartOf\":{\"@id\":\"https:\\\/\\\/hotta.eu\\\/lv\\\/#website\"},\"datePublished\":\"2023-12-25T18:06:05+00:00\",\"dateModified\":\"2024-09-20T20:22:40+00:00\",\"breadcrumb\":{\"@id\":\"https:\\\/\\\/hotta.eu\\\/lv\\\/privatuma-politika\\\/#breadcrumb\"},\"inLanguage\":\"lv-LV\",\"potentialAction\":[{\"@type\":\"ReadAction\",\"target\":[\"https:\\\/\\\/hotta.eu\\\/lv\\\/privatuma-politika\\\/\"]}]},{\"@type\":\"BreadcrumbList\",\"@id\":\"https:\\\/\\\/hotta.eu\\\/lv\\\/privatuma-politika\\\/#breadcrumb\",\"itemListElement\":[{\"@type\":\"ListItem\",\"position\":1,\"name\":\"S\u0101kums\",\"item\":\"https:\\\/\\\/hotta.eu\\\/lv\\\/sakumlapa\\\/\"},{\"@type\":\"ListItem\",\"position\":2,\"name\":\"Priv\u0101tuma politika\"}]},{\"@type\":\"WebSite\",\"@id\":\"https:\\\/\\\/hotta.eu\\\/lv\\\/#website\",\"url\":\"https:\\\/\\\/hotta.eu\\\/lv\\\/\",\"name\":\"Hotta\",\"description\":\"Makes your mouth burn a lotta!\",\"publisher\":{\"@id\":\"https:\\\/\\\/hotta.eu\\\/lv\\\/#organization\"},\"potentialAction\":[{\"@type\":\"SearchAction\",\"target\":{\"@type\":\"EntryPoint\",\"urlTemplate\":\"https:\\\/\\\/hotta.eu\\\/lv\\\/?s={search_term_string}\"},\"query-input\":{\"@type\":\"PropertyValueSpecification\",\"valueRequired\":true,\"valueName\":\"search_term_string\"}}],\"inLanguage\":\"lv-LV\"},{\"@type\":\"Organization\",\"@id\":\"https:\\\/\\\/hotta.eu\\\/lv\\\/#organization\",\"name\":\"Hotta\",\"url\":\"https:\\\/\\\/hotta.eu\\\/lv\\\/\",\"logo\":{\"@type\":\"ImageObject\",\"inLanguage\":\"lv-LV\",\"@id\":\"https:\\\/\\\/hotta.eu\\\/lv\\\/#\\\/schema\\\/logo\\\/image\\\/\",\"url\":\"https:\\\/\\\/hotta.eu\\\/wp-content\\\/uploads\\\/2025\\\/04\\\/hotta-logo-invoice.png\",\"contentUrl\":\"https:\\\/\\\/hotta.eu\\\/wp-content\\\/uploads\\\/2025\\\/04\\\/hotta-logo-invoice.png\",\"width\":600,\"height\":411,\"caption\":\"Hotta\"},\"image\":{\"@id\":\"https:\\\/\\\/hotta.eu\\\/lv\\\/#\\\/schema\\\/logo\\\/image\\\/\"},\"sameAs\":[\"https:\\\/\\\/www.facebook.com\\\/hotta.eu\",\"https:\\\/\\\/x.com\\\/hottashop\",\"https:\\\/\\\/www.instagram.com\\\/hotta.shop\"]}]}<\/script>\n<!-- \/ Yoast SEO plugin. -->","yoast_head_json":{"title":"Priv\u0101tuma politika - Hotta","robots":{"index":"index","follow":"follow","max-snippet":"max-snippet:-1","max-image-preview":"max-image-preview:large","max-video-preview":"max-video-preview:-1"},"canonical":"https:\/\/hotta.eu\/lv\/privatuma-politika\/","og_locale":"lv_LV","og_type":"article","og_title":"Priv\u0101tuma politika - Hotta","og_description":"Interneta veikala Hotta personas datu p\u0101rzinis ir Sellinor O\u00dc (re\u0123istr\u0113ts 14547877). K\u0101di personas dati tiek apstr\u0101d\u0101ti v\u0101rdu, uzv\u0101rdu,&hellip;","og_url":"https:\/\/hotta.eu\/lv\/privatuma-politika\/","og_site_name":"Hotta","article_publisher":"https:\/\/www.facebook.com\/hotta.eu","article_modified_time":"2024-09-20T20:22:40+00:00","og_image":[{"width":1530,"height":1224,"url":"https:\/\/hotta.eu\/wp-content\/uploads\/2024\/04\/hotta-social-placeholder-1530x1224.png","type":"image\/png"}],"twitter_card":"summary_large_image","twitter_site":"@hottashop","twitter_misc":{"Est. reading time":"5 minutes"},"schema":{"@context":"https:\/\/schema.org","@graph":[{"@type":"WebPage","@id":"https:\/\/hotta.eu\/lv\/privatuma-politika\/","url":"https:\/\/hotta.eu\/lv\/privatuma-politika\/","name":"Priv\u0101tuma politika - Hotta","isPartOf":{"@id":"https:\/\/hotta.eu\/lv\/#website"},"datePublished":"2023-12-25T18:06:05+00:00","dateModified":"2024-09-20T20:22:40+00:00","breadcrumb":{"@id":"https:\/\/hotta.eu\/lv\/privatuma-politika\/#breadcrumb"},"inLanguage":"lv-LV","potentialAction":[{"@type":"ReadAction","target":["https:\/\/hotta.eu\/lv\/privatuma-politika\/"]}]},{"@type":"BreadcrumbList","@id":"https:\/\/hotta.eu\/lv\/privatuma-politika\/#breadcrumb","itemListElement":[{"@type":"ListItem","position":1,"name":"S\u0101kums","item":"https:\/\/hotta.eu\/lv\/sakumlapa\/"},{"@type":"ListItem","position":2,"name":"Priv\u0101tuma politika"}]},{"@type":"WebSite","@id":"https:\/\/hotta.eu\/lv\/#website","url":"https:\/\/hotta.eu\/lv\/","name":"Hotta","description":"Makes your mouth burn a lotta!","publisher":{"@id":"https:\/\/hotta.eu\/lv\/#organization"},"potentialAction":[{"@type":"SearchAction","target":{"@type":"EntryPoint","urlTemplate":"https:\/\/hotta.eu\/lv\/?s={search_term_string}"},"query-input":{"@type":"PropertyValueSpecification","valueRequired":true,"valueName":"search_term_string"}}],"inLanguage":"lv-LV"},{"@type":"Organization","@id":"https:\/\/hotta.eu\/lv\/#organization","name":"Hotta","url":"https:\/\/hotta.eu\/lv\/","logo":{"@type":"ImageObject","inLanguage":"lv-LV","@id":"https:\/\/hotta.eu\/lv\/#\/schema\/logo\/image\/","url":"https:\/\/hotta.eu\/wp-content\/uploads\/2025\/04\/hotta-logo-invoice.png","contentUrl":"https:\/\/hotta.eu\/wp-content\/uploads\/2025\/04\/hotta-logo-invoice.png","width":600,"height":411,"caption":"Hotta"},"image":{"@id":"https:\/\/hotta.eu\/lv\/#\/schema\/logo\/image\/"},"sameAs":["https:\/\/www.facebook.com\/hotta.eu","https:\/\/x.com\/hottashop","https:\/\/www.instagram.com\/hotta.shop"]}]}},"jetpack_sharing_enabled":true,"_links":{"self":[{"href":"https:\/\/hotta.eu\/lv\/wp-json\/wp\/v2\/pages\/18707","targetHints":{"allow":["GET"]}}],"collection":[{"href":"https:\/\/hotta.eu\/lv\/wp-json\/wp\/v2\/pages"}],"about":[{"href":"https:\/\/hotta.eu\/lv\/wp-json\/wp\/v2\/types\/page"}],"author":[{"embeddable":true,"href":"https:\/\/hotta.eu\/lv\/wp-json\/wp\/v2\/users\/1"}],"replies":[{"embeddable":true,"href":"https:\/\/hotta.eu\/lv\/wp-json\/wp\/v2\/comments?post=18707"}],"version-history":[{"count":0,"href":"https:\/\/hotta.eu\/lv\/wp-json\/wp\/v2\/pages\/18707\/revisions"}],"wp:attachment":[{"href":"https:\/\/hotta.eu\/lv\/wp-json\/wp\/v2\/media?parent=18707"}],"curies":[{"name":"wp","href":"https:\/\/api.w.org\/{rel}","templated":true}]}}