{"id":18741,"date":"2021-10-21T20:05:36","date_gmt":"2021-10-21T18:05:36","guid":{"rendered":"https:\/\/hotta.eu\/shop\/svitras-limed-habaneros\/"},"modified":"2026-01-15T18:24:41","modified_gmt":"2026-01-15T16:24:41","slug":"strips-limed-habaneros","status":"publish","type":"product","link":"https:\/\/hotta.eu\/lv\/shop\/strips-limed-habaneros\/","title":{"rendered":"Strips Limed Habaneros"},"content":{"rendered":"<p><strong>Sast\u0101vda\u013cas<\/strong><br \/>\n86% s\u016bkalu milti, rap\u0161u e\u013c\u013ca, j\u016bras s\u0101ls, k\u016bpin\u0101ta d\u017ealapeno \u010dilli gar\u0161a 1,4%, habanero \u010dilli gar\u0161a 1,3%, cukurs, burk\u0101ni, \u0137iploki, s\u012bpoli, pastinaks, p\u0113ters\u012b\u013ci, gar\u0161vielu mais\u012bjums, rauga ekstrakts.<\/p>\n<p><strong>Uzturv\u0113rt\u012bbas dati (100 g)<br \/>\n<\/strong> Ener\u0123\u0113tisk\u0101 v\u0113rt\u012bba 514 kcal, tauki 16 g, no tiem pies\u0101tin\u0101t\u0101s tauksk\u0101bes 1,51 g, og\u013chidr\u0101ti 46,2 g, no tiem cukuri 4,1 g, s\u0101ls 3,7 g.<\/p>\n<p><strong>Der\u012bguma termi\u0146\u0161 un uzglab\u0101\u0161ana<br \/>\n<\/strong>Uz iepakojuma nor\u0101d\u012btais der\u012bguma termi\u0146\u0161 attiecas uz neatv\u0113rtiem produktiem. Uzglab\u0101t saus\u0101 un v\u0113s\u0101 viet\u0101.<\/p>\n","protected":false},"excerpt":{"rendered":"<p>Hot Chip laima-hazanero gar\u0161as \u010dilli sloksnes ir gatavotas no p\u0101k\u0161augiem. Vid\u0113ji asas, olbaltumviel\u0101m bag\u0101tas uzkodas, kas ir vesel\u012bg\u0101ks, piem\u0113ram, kartupe\u013cu \u010dipsu aizst\u0101j\u0113js. Gandr\u012bz 13 g olbaltumvielu vien\u0101 iepakojum\u0101! <b>\ud83d\udcaa<\/b><br \/>\n[ywcwtl_form product_id=\"\"]<\/p>\n","protected":false},"featured_media":17689,"comment_status":"open","ping_status":"closed","template":"","meta":[],"product_cat":[938],"product_tag":[],"giftcard-category":[],"class_list":{"0":"post-18741","1":"product","2":"type-product","3":"status-publish","4":"has-post-thumbnail","6":"product_cat-uzkodas","7":"pa_brand-hot-chip","9":"first","10":"outofstock","11":"sale","12":"taxable","13":"shipping-taxable","14":"purchasable","15":"product-type-simple"},"yoast_head":"<!-- This site is optimized with the Yoast SEO plugin v27.3 - https:\/\/yoast.com\/product\/yoast-seo-wordpress\/ -->\n<title>Strips Limed Habaneros - Hotta<\/title>\n<meta name=\"description\" content=\"Hot Chip laima-hazanero gar\u0161as \u010dilli sloksnes ir gatavotas no p\u0101k\u0161augiem. Vid\u0113ji asas, olbaltumviel\u0101m bag\u0101tas uzkodas, kas ir vesel\u012bg\u0101ks, piem\u0113ram, kartupe\u013cu \u010dipsu aizst\u0101j\u0113js.\" \/>\n<meta name=\"robots\" content=\"index, follow, max-snippet:-1, max-image-preview:large, max-video-preview:-1\" \/>\n<link rel=\"canonical\" href=\"https:\/\/hotta.eu\/lv\/shop\/strips-limed-habaneros\/\" \/>\n<meta property=\"og:locale\" content=\"lv_LV\" \/>\n<meta property=\"og:type\" content=\"article\" \/>\n<meta property=\"og:title\" content=\"Strips Limed Habaneros - Hotta\" \/>\n<meta property=\"og:description\" content=\"Hot Chip laima-hazanero gar\u0161as \u010dilli sloksnes ir gatavotas no p\u0101k\u0161augiem. Vid\u0113ji asas, olbaltumviel\u0101m bag\u0101tas uzkodas, kas ir vesel\u012bg\u0101ks, piem\u0113ram, kartupe\u013cu \u010dipsu aizst\u0101j\u0113js.\" \/>\n<meta property=\"og:url\" content=\"https:\/\/hotta.eu\/lv\/shop\/strips-limed-habaneros\/\" \/>\n<meta property=\"og:site_name\" content=\"Hotta\" \/>\n<meta property=\"article:publisher\" content=\"https:\/\/www.facebook.com\/hotta.eu\" \/>\n<meta property=\"article:modified_time\" content=\"2026-01-15T16:24:41+00:00\" \/>\n<meta property=\"og:image\" content=\"https:\/\/hotta.eu\/wp-content\/uploads\/2021\/10\/464953736dd8f6faff720d5542e9aad0.jpg\" \/>\n\t<meta property=\"og:image:width\" content=\"800\" \/>\n\t<meta property=\"og:image:height\" content=\"800\" \/>\n\t<meta property=\"og:image:type\" content=\"image\/jpeg\" \/>\n<meta name=\"twitter:card\" content=\"summary_large_image\" \/>\n<meta name=\"twitter:site\" content=\"@hottashop\" \/>\n<meta name=\"twitter:label1\" content=\"Est. reading time\" \/>\n\t<meta name=\"twitter:data1\" content=\"1 minute\" \/>\n<script type=\"application\/ld+json\" class=\"yoast-schema-graph\">{\"@context\":\"https:\\\/\\\/schema.org\",\"@graph\":[{\"@type\":\"WebPage\",\"@id\":\"https:\\\/\\\/hotta.eu\\\/lv\\\/shop\\\/strips-limed-habaneros\\\/\",\"url\":\"https:\\\/\\\/hotta.eu\\\/lv\\\/shop\\\/strips-limed-habaneros\\\/\",\"name\":\"Strips Limed Habaneros - Hotta\",\"isPartOf\":{\"@id\":\"https:\\\/\\\/hotta.eu\\\/lv\\\/#website\"},\"primaryImageOfPage\":{\"@id\":\"https:\\\/\\\/hotta.eu\\\/lv\\\/shop\\\/strips-limed-habaneros\\\/#primaryimage\"},\"image\":{\"@id\":\"https:\\\/\\\/hotta.eu\\\/lv\\\/shop\\\/strips-limed-habaneros\\\/#primaryimage\"},\"thumbnailUrl\":\"https:\\\/\\\/hotta.eu\\\/wp-content\\\/uploads\\\/2021\\\/10\\\/464953736dd8f6faff720d5542e9aad0.jpg\",\"datePublished\":\"2021-10-21T18:05:36+00:00\",\"dateModified\":\"2026-01-15T16:24:41+00:00\",\"description\":\"Hot Chip laima-hazanero gar\u0161as \u010dilli sloksnes ir gatavotas no p\u0101k\u0161augiem. Vid\u0113ji asas, olbaltumviel\u0101m bag\u0101tas uzkodas, kas ir vesel\u012bg\u0101ks, piem\u0113ram, kartupe\u013cu \u010dipsu aizst\u0101j\u0113js.\",\"breadcrumb\":{\"@id\":\"https:\\\/\\\/hotta.eu\\\/lv\\\/shop\\\/strips-limed-habaneros\\\/#breadcrumb\"},\"inLanguage\":\"lv-LV\",\"potentialAction\":[{\"@type\":\"ReadAction\",\"target\":[\"https:\\\/\\\/hotta.eu\\\/lv\\\/shop\\\/strips-limed-habaneros\\\/\"]}]},{\"@type\":\"ImageObject\",\"inLanguage\":\"lv-LV\",\"@id\":\"https:\\\/\\\/hotta.eu\\\/lv\\\/shop\\\/strips-limed-habaneros\\\/#primaryimage\",\"url\":\"https:\\\/\\\/hotta.eu\\\/wp-content\\\/uploads\\\/2021\\\/10\\\/464953736dd8f6faff720d5542e9aad0.jpg\",\"contentUrl\":\"https:\\\/\\\/hotta.eu\\\/wp-content\\\/uploads\\\/2021\\\/10\\\/464953736dd8f6faff720d5542e9aad0.jpg\",\"width\":800,\"height\":800},{\"@type\":\"BreadcrumbList\",\"@id\":\"https:\\\/\\\/hotta.eu\\\/lv\\\/shop\\\/strips-limed-habaneros\\\/#breadcrumb\",\"itemListElement\":[{\"@type\":\"ListItem\",\"position\":1,\"name\":\"S\u0101kums\",\"item\":\"https:\\\/\\\/hotta.eu\\\/lv\\\/sakumlapa\\\/\"},{\"@type\":\"ListItem\",\"position\":2,\"name\":\"Veikals\",\"item\":\"https:\\\/\\\/hotta.eu\\\/lv\\\/shop\\\/\"},{\"@type\":\"ListItem\",\"position\":3,\"name\":\"Strips Limed Habaneros\"}]},{\"@type\":\"WebSite\",\"@id\":\"https:\\\/\\\/hotta.eu\\\/lv\\\/#website\",\"url\":\"https:\\\/\\\/hotta.eu\\\/lv\\\/\",\"name\":\"Hotta\",\"description\":\"Makes your mouth burn a lotta!\",\"publisher\":{\"@id\":\"https:\\\/\\\/hotta.eu\\\/lv\\\/#organization\"},\"potentialAction\":[{\"@type\":\"SearchAction\",\"target\":{\"@type\":\"EntryPoint\",\"urlTemplate\":\"https:\\\/\\\/hotta.eu\\\/lv\\\/?s={search_term_string}\"},\"query-input\":{\"@type\":\"PropertyValueSpecification\",\"valueRequired\":true,\"valueName\":\"search_term_string\"}}],\"inLanguage\":\"lv-LV\"},{\"@type\":\"Organization\",\"@id\":\"https:\\\/\\\/hotta.eu\\\/lv\\\/#organization\",\"name\":\"Hotta\",\"url\":\"https:\\\/\\\/hotta.eu\\\/lv\\\/\",\"logo\":{\"@type\":\"ImageObject\",\"inLanguage\":\"lv-LV\",\"@id\":\"https:\\\/\\\/hotta.eu\\\/lv\\\/#\\\/schema\\\/logo\\\/image\\\/\",\"url\":\"https:\\\/\\\/hotta.eu\\\/wp-content\\\/uploads\\\/2025\\\/04\\\/hotta-logo-invoice.png\",\"contentUrl\":\"https:\\\/\\\/hotta.eu\\\/wp-content\\\/uploads\\\/2025\\\/04\\\/hotta-logo-invoice.png\",\"width\":600,\"height\":411,\"caption\":\"Hotta\"},\"image\":{\"@id\":\"https:\\\/\\\/hotta.eu\\\/lv\\\/#\\\/schema\\\/logo\\\/image\\\/\"},\"sameAs\":[\"https:\\\/\\\/www.facebook.com\\\/hotta.eu\",\"https:\\\/\\\/x.com\\\/hottashop\",\"https:\\\/\\\/www.instagram.com\\\/hotta.shop\"]}]}<\/script>\n<!-- \/ Yoast SEO plugin. -->","yoast_head_json":{"title":"Strips Limed Habaneros - Hotta","description":"Hot Chip laima-hazanero gar\u0161as \u010dilli sloksnes ir gatavotas no p\u0101k\u0161augiem. Vid\u0113ji asas, olbaltumviel\u0101m bag\u0101tas uzkodas, kas ir vesel\u012bg\u0101ks, piem\u0113ram, kartupe\u013cu \u010dipsu aizst\u0101j\u0113js.","robots":{"index":"index","follow":"follow","max-snippet":"max-snippet:-1","max-image-preview":"max-image-preview:large","max-video-preview":"max-video-preview:-1"},"canonical":"https:\/\/hotta.eu\/lv\/shop\/strips-limed-habaneros\/","og_locale":"lv_LV","og_type":"article","og_title":"Strips Limed Habaneros - Hotta","og_description":"Hot Chip laima-hazanero gar\u0161as \u010dilli sloksnes ir gatavotas no p\u0101k\u0161augiem. Vid\u0113ji asas, olbaltumviel\u0101m bag\u0101tas uzkodas, kas ir vesel\u012bg\u0101ks, piem\u0113ram, kartupe\u013cu \u010dipsu aizst\u0101j\u0113js.","og_url":"https:\/\/hotta.eu\/lv\/shop\/strips-limed-habaneros\/","og_site_name":"Hotta","article_publisher":"https:\/\/www.facebook.com\/hotta.eu","article_modified_time":"2026-01-15T16:24:41+00:00","og_image":[{"width":800,"height":800,"url":"https:\/\/hotta.eu\/wp-content\/uploads\/2021\/10\/464953736dd8f6faff720d5542e9aad0.jpg","type":"image\/jpeg"}],"twitter_card":"summary_large_image","twitter_site":"@hottashop","twitter_misc":{"Est. reading time":"1 minute"},"schema":{"@context":"https:\/\/schema.org","@graph":[{"@type":"WebPage","@id":"https:\/\/hotta.eu\/lv\/shop\/strips-limed-habaneros\/","url":"https:\/\/hotta.eu\/lv\/shop\/strips-limed-habaneros\/","name":"Strips Limed Habaneros - Hotta","isPartOf":{"@id":"https:\/\/hotta.eu\/lv\/#website"},"primaryImageOfPage":{"@id":"https:\/\/hotta.eu\/lv\/shop\/strips-limed-habaneros\/#primaryimage"},"image":{"@id":"https:\/\/hotta.eu\/lv\/shop\/strips-limed-habaneros\/#primaryimage"},"thumbnailUrl":"https:\/\/hotta.eu\/wp-content\/uploads\/2021\/10\/464953736dd8f6faff720d5542e9aad0.jpg","datePublished":"2021-10-21T18:05:36+00:00","dateModified":"2026-01-15T16:24:41+00:00","description":"Hot Chip laima-hazanero gar\u0161as \u010dilli sloksnes ir gatavotas no p\u0101k\u0161augiem. Vid\u0113ji asas, olbaltumviel\u0101m bag\u0101tas uzkodas, kas ir vesel\u012bg\u0101ks, piem\u0113ram, kartupe\u013cu \u010dipsu aizst\u0101j\u0113js.","breadcrumb":{"@id":"https:\/\/hotta.eu\/lv\/shop\/strips-limed-habaneros\/#breadcrumb"},"inLanguage":"lv-LV","potentialAction":[{"@type":"ReadAction","target":["https:\/\/hotta.eu\/lv\/shop\/strips-limed-habaneros\/"]}]},{"@type":"ImageObject","inLanguage":"lv-LV","@id":"https:\/\/hotta.eu\/lv\/shop\/strips-limed-habaneros\/#primaryimage","url":"https:\/\/hotta.eu\/wp-content\/uploads\/2021\/10\/464953736dd8f6faff720d5542e9aad0.jpg","contentUrl":"https:\/\/hotta.eu\/wp-content\/uploads\/2021\/10\/464953736dd8f6faff720d5542e9aad0.jpg","width":800,"height":800},{"@type":"BreadcrumbList","@id":"https:\/\/hotta.eu\/lv\/shop\/strips-limed-habaneros\/#breadcrumb","itemListElement":[{"@type":"ListItem","position":1,"name":"S\u0101kums","item":"https:\/\/hotta.eu\/lv\/sakumlapa\/"},{"@type":"ListItem","position":2,"name":"Veikals","item":"https:\/\/hotta.eu\/lv\/shop\/"},{"@type":"ListItem","position":3,"name":"Strips Limed Habaneros"}]},{"@type":"WebSite","@id":"https:\/\/hotta.eu\/lv\/#website","url":"https:\/\/hotta.eu\/lv\/","name":"Hotta","description":"Makes your mouth burn a lotta!","publisher":{"@id":"https:\/\/hotta.eu\/lv\/#organization"},"potentialAction":[{"@type":"SearchAction","target":{"@type":"EntryPoint","urlTemplate":"https:\/\/hotta.eu\/lv\/?s={search_term_string}"},"query-input":{"@type":"PropertyValueSpecification","valueRequired":true,"valueName":"search_term_string"}}],"inLanguage":"lv-LV"},{"@type":"Organization","@id":"https:\/\/hotta.eu\/lv\/#organization","name":"Hotta","url":"https:\/\/hotta.eu\/lv\/","logo":{"@type":"ImageObject","inLanguage":"lv-LV","@id":"https:\/\/hotta.eu\/lv\/#\/schema\/logo\/image\/","url":"https:\/\/hotta.eu\/wp-content\/uploads\/2025\/04\/hotta-logo-invoice.png","contentUrl":"https:\/\/hotta.eu\/wp-content\/uploads\/2025\/04\/hotta-logo-invoice.png","width":600,"height":411,"caption":"Hotta"},"image":{"@id":"https:\/\/hotta.eu\/lv\/#\/schema\/logo\/image\/"},"sameAs":["https:\/\/www.facebook.com\/hotta.eu","https:\/\/x.com\/hottashop","https:\/\/www.instagram.com\/hotta.shop"]}]}},"jetpack_sharing_enabled":true,"_links":{"self":[{"href":"https:\/\/hotta.eu\/lv\/wp-json\/wp\/v2\/product\/18741","targetHints":{"allow":["GET"]}}],"collection":[{"href":"https:\/\/hotta.eu\/lv\/wp-json\/wp\/v2\/product"}],"about":[{"href":"https:\/\/hotta.eu\/lv\/wp-json\/wp\/v2\/types\/product"}],"replies":[{"embeddable":true,"href":"https:\/\/hotta.eu\/lv\/wp-json\/wp\/v2\/comments?post=18741"}],"wp:featuredmedia":[{"embeddable":true,"href":"https:\/\/hotta.eu\/lv\/wp-json\/wp\/v2\/media\/17689"}],"wp:attachment":[{"href":"https:\/\/hotta.eu\/lv\/wp-json\/wp\/v2\/media?parent=18741"}],"wp:term":[{"taxonomy":"product_cat","embeddable":true,"href":"https:\/\/hotta.eu\/lv\/wp-json\/wp\/v2\/product_cat?post=18741"},{"taxonomy":"product_tag","embeddable":true,"href":"https:\/\/hotta.eu\/lv\/wp-json\/wp\/v2\/product_tag?post=18741"},{"taxonomy":"giftcard-category","embeddable":true,"href":"https:\/\/hotta.eu\/lv\/wp-json\/wp\/v2\/giftcard-category?post=18741"}],"curies":[{"name":"wp","href":"https:\/\/api.w.org\/{rel}","templated":true}]}}