{"id":18808,"date":"2023-02-28T06:19:49","date_gmt":"2023-02-28T04:19:49","guid":{"rendered":"https:\/\/hotta.eu\/shop\/red-scorpion-ugunigi-asa-merce\/"},"modified":"2024-12-27T12:40:51","modified_gmt":"2024-12-27T10:40:51","slug":"red-scorpion-fiery-hot-sauce","status":"publish","type":"product","link":"https:\/\/hotta.eu\/lv\/shop\/red-scorpion-fiery-hot-sauce\/","title":{"rendered":"Red Scorpion Fiery Hot Sauce"},"content":{"rendered":"<p><strong>Sast\u0101vda\u013cas<\/strong><br \/>\nTom\u0101ti, grauzd\u0113ti tom\u0101ti, tom\u0101tu sula, burk\u0101ni, baltv\u012bna eti\u0137is, \u010dilli pasta, dzeltenie s\u012bpoli, cukurniedru cukurs, j\u016bras s\u0101ls, \u0137iploki, gar\u0161vielas, dzelten\u0101s <strong>sinepes<\/strong> (destil\u0113ts eti\u0137is, <strong>sinepju s\u0113klas<\/strong>, s\u0101ls, kurkuma, gar\u0161vielas).<\/p>\n<p><strong>Uzturv\u0113rt\u012bba (5 g)<br \/>\n<\/strong> N\u0101trijs 95 mg.<\/p>\n<p><strong>Der\u012bgums un glab\u0101\u0161ana<\/strong><br \/>\nDer\u012bguma termi\u0146\u0161 uz pudel\u012btes attiecas uz neatv\u0113rtiem produktiem. Atv\u0113rtu produktu j\u0101uzglab\u0101 ledusskap\u012b.<\/p>\n","protected":false},"excerpt":{"rendered":"<p>Slepen\u0101 Aardvark s\u0113rija ir atjaunin\u0101ta &#8211; tas ir Sarkanais Skorpions! Pikant\u0101ks nek\u0101 parasti Aardvark, kas stimul\u0113 gar\u0161as k\u0101rpi\u0146as ar d\u016bmakainu skorpiona \u010dilli. Grauzd\u0113ti tom\u0101ti, burk\u0101ni un \u0137iploki veido gardu kombin\u0101ciju. Lai pan\u0101ktu asumu, nav piek\u0101p\u0161an\u0101s gaumei. Univers\u0101la m\u0113rce, kas sader gandr\u012bz ar visu, bet \u012bpa\u0161i labi sader ar vistas sp\u0101rni\u0146iem vai d\u0101rze\u0146iem.<br \/>\n[ywcwtl_form product_id=\"\"]<\/p>\n","protected":false},"featured_media":20621,"comment_status":"open","ping_status":"closed","template":"","meta":[],"product_cat":[926,916],"product_tag":[],"giftcard-category":[],"class_list":{"0":"post-18808","1":"product","2":"type-product","3":"status-publish","4":"has-post-thumbnail","6":"product_cat-ass","7":"product_cat-merces","8":"pa_brand-secret-aardvark","10":"first","11":"outofstock","12":"taxable","13":"shipping-taxable","14":"purchasable","15":"product-type-simple"},"yoast_head":"<!-- This site is optimized with the Yoast SEO plugin v27.4 - https:\/\/yoast.com\/product\/yoast-seo-wordpress\/ -->\n<title>Red Scorpion Fiery Hot Sauce - Hotta<\/title>\n<meta name=\"description\" content=\"Slepen\u0101 Aardvark s\u0113rija ir atjaunin\u0101ta - tas ir Sarkanais Skorpions! Pikant\u0101ks nek\u0101 parasti Aardvark, kas stimul\u0113 gar\u0161as k\u0101rpi\u0146as ar d\u016bmakainu skorpiona \u010dilli.\" \/>\n<meta name=\"robots\" content=\"index, follow, max-snippet:-1, max-image-preview:large, max-video-preview:-1\" \/>\n<link rel=\"canonical\" href=\"https:\/\/hotta.eu\/lv\/shop\/red-scorpion-fiery-hot-sauce\/\" \/>\n<meta property=\"og:locale\" content=\"lv_LV\" \/>\n<meta property=\"og:type\" content=\"article\" \/>\n<meta property=\"og:title\" content=\"Red Scorpion Fiery Hot Sauce - Hotta\" \/>\n<meta property=\"og:description\" content=\"Slepen\u0101 Aardvark s\u0113rija ir atjaunin\u0101ta - tas ir Sarkanais Skorpions! Pikant\u0101ks nek\u0101 parasti Aardvark, kas stimul\u0113 gar\u0161as k\u0101rpi\u0146as ar d\u016bmakainu skorpiona \u010dilli.\" \/>\n<meta property=\"og:url\" content=\"https:\/\/hotta.eu\/lv\/shop\/red-scorpion-fiery-hot-sauce\/\" \/>\n<meta property=\"og:site_name\" content=\"Hotta\" \/>\n<meta property=\"article:publisher\" content=\"https:\/\/www.facebook.com\/hotta.eu\" \/>\n<meta property=\"article:modified_time\" content=\"2024-12-27T10:40:51+00:00\" \/>\n<meta property=\"og:image\" content=\"https:\/\/hotta.eu\/wp-content\/uploads\/2023\/02\/aardvark-red-scorpion.png\" \/>\n\t<meta property=\"og:image:width\" content=\"2000\" \/>\n\t<meta property=\"og:image:height\" content=\"2000\" \/>\n\t<meta property=\"og:image:type\" content=\"image\/png\" \/>\n<meta name=\"twitter:card\" content=\"summary_large_image\" \/>\n<meta name=\"twitter:site\" content=\"@hottashop\" \/>\n<meta name=\"twitter:label1\" content=\"Est. reading time\" \/>\n\t<meta name=\"twitter:data1\" content=\"1 minute\" \/>\n<script type=\"application\/ld+json\" class=\"yoast-schema-graph\">{\"@context\":\"https:\\\/\\\/schema.org\",\"@graph\":[{\"@type\":\"WebPage\",\"@id\":\"https:\\\/\\\/hotta.eu\\\/lv\\\/shop\\\/red-scorpion-fiery-hot-sauce\\\/\",\"url\":\"https:\\\/\\\/hotta.eu\\\/lv\\\/shop\\\/red-scorpion-fiery-hot-sauce\\\/\",\"name\":\"Red Scorpion Fiery Hot Sauce - Hotta\",\"isPartOf\":{\"@id\":\"https:\\\/\\\/hotta.eu\\\/lv\\\/#website\"},\"primaryImageOfPage\":{\"@id\":\"https:\\\/\\\/hotta.eu\\\/lv\\\/shop\\\/red-scorpion-fiery-hot-sauce\\\/#primaryimage\"},\"image\":{\"@id\":\"https:\\\/\\\/hotta.eu\\\/lv\\\/shop\\\/red-scorpion-fiery-hot-sauce\\\/#primaryimage\"},\"thumbnailUrl\":\"https:\\\/\\\/hotta.eu\\\/wp-content\\\/uploads\\\/2023\\\/02\\\/aardvark-red-scorpion.png\",\"datePublished\":\"2023-02-28T04:19:49+00:00\",\"dateModified\":\"2024-12-27T10:40:51+00:00\",\"description\":\"Slepen\u0101 Aardvark s\u0113rija ir atjaunin\u0101ta - tas ir Sarkanais Skorpions! Pikant\u0101ks nek\u0101 parasti Aardvark, kas stimul\u0113 gar\u0161as k\u0101rpi\u0146as ar d\u016bmakainu skorpiona \u010dilli.\",\"breadcrumb\":{\"@id\":\"https:\\\/\\\/hotta.eu\\\/lv\\\/shop\\\/red-scorpion-fiery-hot-sauce\\\/#breadcrumb\"},\"inLanguage\":\"lv-LV\",\"potentialAction\":[{\"@type\":\"ReadAction\",\"target\":[\"https:\\\/\\\/hotta.eu\\\/lv\\\/shop\\\/red-scorpion-fiery-hot-sauce\\\/\"]}]},{\"@type\":\"ImageObject\",\"inLanguage\":\"lv-LV\",\"@id\":\"https:\\\/\\\/hotta.eu\\\/lv\\\/shop\\\/red-scorpion-fiery-hot-sauce\\\/#primaryimage\",\"url\":\"https:\\\/\\\/hotta.eu\\\/wp-content\\\/uploads\\\/2023\\\/02\\\/aardvark-red-scorpion.png\",\"contentUrl\":\"https:\\\/\\\/hotta.eu\\\/wp-content\\\/uploads\\\/2023\\\/02\\\/aardvark-red-scorpion.png\",\"width\":2000,\"height\":2000},{\"@type\":\"BreadcrumbList\",\"@id\":\"https:\\\/\\\/hotta.eu\\\/lv\\\/shop\\\/red-scorpion-fiery-hot-sauce\\\/#breadcrumb\",\"itemListElement\":[{\"@type\":\"ListItem\",\"position\":1,\"name\":\"S\u0101kums\",\"item\":\"https:\\\/\\\/hotta.eu\\\/lv\\\/sakumlapa\\\/\"},{\"@type\":\"ListItem\",\"position\":2,\"name\":\"Veikals\",\"item\":\"https:\\\/\\\/hotta.eu\\\/lv\\\/shop\\\/\"},{\"@type\":\"ListItem\",\"position\":3,\"name\":\"Red Scorpion Fiery Hot Sauce\"}]},{\"@type\":\"WebSite\",\"@id\":\"https:\\\/\\\/hotta.eu\\\/lv\\\/#website\",\"url\":\"https:\\\/\\\/hotta.eu\\\/lv\\\/\",\"name\":\"Hotta\",\"description\":\"Makes your mouth burn a lotta!\",\"publisher\":{\"@id\":\"https:\\\/\\\/hotta.eu\\\/lv\\\/#organization\"},\"potentialAction\":[{\"@type\":\"SearchAction\",\"target\":{\"@type\":\"EntryPoint\",\"urlTemplate\":\"https:\\\/\\\/hotta.eu\\\/lv\\\/?s={search_term_string}\"},\"query-input\":{\"@type\":\"PropertyValueSpecification\",\"valueRequired\":true,\"valueName\":\"search_term_string\"}}],\"inLanguage\":\"lv-LV\"},{\"@type\":\"Organization\",\"@id\":\"https:\\\/\\\/hotta.eu\\\/lv\\\/#organization\",\"name\":\"Hotta\",\"url\":\"https:\\\/\\\/hotta.eu\\\/lv\\\/\",\"logo\":{\"@type\":\"ImageObject\",\"inLanguage\":\"lv-LV\",\"@id\":\"https:\\\/\\\/hotta.eu\\\/lv\\\/#\\\/schema\\\/logo\\\/image\\\/\",\"url\":\"https:\\\/\\\/hotta.eu\\\/wp-content\\\/uploads\\\/2025\\\/04\\\/hotta-logo-invoice.png\",\"contentUrl\":\"https:\\\/\\\/hotta.eu\\\/wp-content\\\/uploads\\\/2025\\\/04\\\/hotta-logo-invoice.png\",\"width\":600,\"height\":411,\"caption\":\"Hotta\"},\"image\":{\"@id\":\"https:\\\/\\\/hotta.eu\\\/lv\\\/#\\\/schema\\\/logo\\\/image\\\/\"},\"sameAs\":[\"https:\\\/\\\/www.facebook.com\\\/hotta.eu\",\"https:\\\/\\\/x.com\\\/hottashop\",\"https:\\\/\\\/www.instagram.com\\\/hotta.shop\"]}]}<\/script>\n<!-- \/ Yoast SEO plugin. -->","yoast_head_json":{"title":"Red Scorpion Fiery Hot Sauce - Hotta","description":"Slepen\u0101 Aardvark s\u0113rija ir atjaunin\u0101ta - tas ir Sarkanais Skorpions! Pikant\u0101ks nek\u0101 parasti Aardvark, kas stimul\u0113 gar\u0161as k\u0101rpi\u0146as ar d\u016bmakainu skorpiona \u010dilli.","robots":{"index":"index","follow":"follow","max-snippet":"max-snippet:-1","max-image-preview":"max-image-preview:large","max-video-preview":"max-video-preview:-1"},"canonical":"https:\/\/hotta.eu\/lv\/shop\/red-scorpion-fiery-hot-sauce\/","og_locale":"lv_LV","og_type":"article","og_title":"Red Scorpion Fiery Hot Sauce - Hotta","og_description":"Slepen\u0101 Aardvark s\u0113rija ir atjaunin\u0101ta - tas ir Sarkanais Skorpions! Pikant\u0101ks nek\u0101 parasti Aardvark, kas stimul\u0113 gar\u0161as k\u0101rpi\u0146as ar d\u016bmakainu skorpiona \u010dilli.","og_url":"https:\/\/hotta.eu\/lv\/shop\/red-scorpion-fiery-hot-sauce\/","og_site_name":"Hotta","article_publisher":"https:\/\/www.facebook.com\/hotta.eu","article_modified_time":"2024-12-27T10:40:51+00:00","og_image":[{"width":2000,"height":2000,"url":"https:\/\/hotta.eu\/wp-content\/uploads\/2023\/02\/aardvark-red-scorpion.png","type":"image\/png"}],"twitter_card":"summary_large_image","twitter_site":"@hottashop","twitter_misc":{"Est. reading time":"1 minute"},"schema":{"@context":"https:\/\/schema.org","@graph":[{"@type":"WebPage","@id":"https:\/\/hotta.eu\/lv\/shop\/red-scorpion-fiery-hot-sauce\/","url":"https:\/\/hotta.eu\/lv\/shop\/red-scorpion-fiery-hot-sauce\/","name":"Red Scorpion Fiery Hot Sauce - Hotta","isPartOf":{"@id":"https:\/\/hotta.eu\/lv\/#website"},"primaryImageOfPage":{"@id":"https:\/\/hotta.eu\/lv\/shop\/red-scorpion-fiery-hot-sauce\/#primaryimage"},"image":{"@id":"https:\/\/hotta.eu\/lv\/shop\/red-scorpion-fiery-hot-sauce\/#primaryimage"},"thumbnailUrl":"https:\/\/hotta.eu\/wp-content\/uploads\/2023\/02\/aardvark-red-scorpion.png","datePublished":"2023-02-28T04:19:49+00:00","dateModified":"2024-12-27T10:40:51+00:00","description":"Slepen\u0101 Aardvark s\u0113rija ir atjaunin\u0101ta - tas ir Sarkanais Skorpions! Pikant\u0101ks nek\u0101 parasti Aardvark, kas stimul\u0113 gar\u0161as k\u0101rpi\u0146as ar d\u016bmakainu skorpiona \u010dilli.","breadcrumb":{"@id":"https:\/\/hotta.eu\/lv\/shop\/red-scorpion-fiery-hot-sauce\/#breadcrumb"},"inLanguage":"lv-LV","potentialAction":[{"@type":"ReadAction","target":["https:\/\/hotta.eu\/lv\/shop\/red-scorpion-fiery-hot-sauce\/"]}]},{"@type":"ImageObject","inLanguage":"lv-LV","@id":"https:\/\/hotta.eu\/lv\/shop\/red-scorpion-fiery-hot-sauce\/#primaryimage","url":"https:\/\/hotta.eu\/wp-content\/uploads\/2023\/02\/aardvark-red-scorpion.png","contentUrl":"https:\/\/hotta.eu\/wp-content\/uploads\/2023\/02\/aardvark-red-scorpion.png","width":2000,"height":2000},{"@type":"BreadcrumbList","@id":"https:\/\/hotta.eu\/lv\/shop\/red-scorpion-fiery-hot-sauce\/#breadcrumb","itemListElement":[{"@type":"ListItem","position":1,"name":"S\u0101kums","item":"https:\/\/hotta.eu\/lv\/sakumlapa\/"},{"@type":"ListItem","position":2,"name":"Veikals","item":"https:\/\/hotta.eu\/lv\/shop\/"},{"@type":"ListItem","position":3,"name":"Red Scorpion Fiery Hot Sauce"}]},{"@type":"WebSite","@id":"https:\/\/hotta.eu\/lv\/#website","url":"https:\/\/hotta.eu\/lv\/","name":"Hotta","description":"Makes your mouth burn a lotta!","publisher":{"@id":"https:\/\/hotta.eu\/lv\/#organization"},"potentialAction":[{"@type":"SearchAction","target":{"@type":"EntryPoint","urlTemplate":"https:\/\/hotta.eu\/lv\/?s={search_term_string}"},"query-input":{"@type":"PropertyValueSpecification","valueRequired":true,"valueName":"search_term_string"}}],"inLanguage":"lv-LV"},{"@type":"Organization","@id":"https:\/\/hotta.eu\/lv\/#organization","name":"Hotta","url":"https:\/\/hotta.eu\/lv\/","logo":{"@type":"ImageObject","inLanguage":"lv-LV","@id":"https:\/\/hotta.eu\/lv\/#\/schema\/logo\/image\/","url":"https:\/\/hotta.eu\/wp-content\/uploads\/2025\/04\/hotta-logo-invoice.png","contentUrl":"https:\/\/hotta.eu\/wp-content\/uploads\/2025\/04\/hotta-logo-invoice.png","width":600,"height":411,"caption":"Hotta"},"image":{"@id":"https:\/\/hotta.eu\/lv\/#\/schema\/logo\/image\/"},"sameAs":["https:\/\/www.facebook.com\/hotta.eu","https:\/\/x.com\/hottashop","https:\/\/www.instagram.com\/hotta.shop"]}]}},"jetpack_sharing_enabled":true,"_links":{"self":[{"href":"https:\/\/hotta.eu\/lv\/wp-json\/wp\/v2\/product\/18808","targetHints":{"allow":["GET"]}}],"collection":[{"href":"https:\/\/hotta.eu\/lv\/wp-json\/wp\/v2\/product"}],"about":[{"href":"https:\/\/hotta.eu\/lv\/wp-json\/wp\/v2\/types\/product"}],"replies":[{"embeddable":true,"href":"https:\/\/hotta.eu\/lv\/wp-json\/wp\/v2\/comments?post=18808"}],"wp:featuredmedia":[{"embeddable":true,"href":"https:\/\/hotta.eu\/lv\/wp-json\/wp\/v2\/media\/20621"}],"wp:attachment":[{"href":"https:\/\/hotta.eu\/lv\/wp-json\/wp\/v2\/media?parent=18808"}],"wp:term":[{"taxonomy":"product_cat","embeddable":true,"href":"https:\/\/hotta.eu\/lv\/wp-json\/wp\/v2\/product_cat?post=18808"},{"taxonomy":"product_tag","embeddable":true,"href":"https:\/\/hotta.eu\/lv\/wp-json\/wp\/v2\/product_tag?post=18808"},{"taxonomy":"giftcard-category","embeddable":true,"href":"https:\/\/hotta.eu\/lv\/wp-json\/wp\/v2\/giftcard-category?post=18808"}],"curies":[{"name":"wp","href":"https:\/\/api.w.org\/{rel}","templated":true}]}}