{"id":18810,"date":"2023-02-28T05:52:00","date_gmt":"2023-02-28T03:52:00","guid":{"rendered":"https:\/\/hotta.eu\/shop\/dumaina-aardvark-chipotle-karsta-merce\/"},"modified":"2024-12-27T12:40:52","modified_gmt":"2024-12-27T10:40:52","slug":"smoky-aardvark-chipotle-hot-sauce","status":"publish","type":"product","link":"https:\/\/hotta.eu\/lv\/shop\/smoky-aardvark-chipotle-hot-sauce\/","title":{"rendered":"Smoky Aardvark Chipotle Hot Sauce"},"content":{"rendered":"<p><strong>Sast\u0101vda\u013cas<\/strong><br \/>\nTom\u0101ti, grauzd\u0113ti tom\u0101ti, tom\u0101tu sula, burk\u0101ni, baltv\u012bna eti\u0137is, \u010dilli (sarkanais, chipotle, habanero), dzeltenie s\u012bpoli, niedru cukurs, k\u016bpin\u0101ta j\u016bras s\u0101ls, \u016bdens, \u0137iploki, gar\u0161vielas, dzelten\u0101s <strong>sinepes<\/strong> (destil\u0113ts eti\u0137is, <strong>sinepju s\u0113klas<\/strong>, s\u0101ls, kurkuma, gar\u0161vielas), s\u0101ls.<\/p>\n<p><strong>Uzturv\u0113rt\u012bba (5 g)<br \/>\n<\/strong> N\u0101trijs 60 mg.<\/p>\n<p><strong>Der\u012bgums un glab\u0101\u0161ana<\/strong><br \/>\nDer\u012bguma termi\u0146\u0161 uz pudel\u012btes attiecas uz neatv\u0113rtiem produktiem. Atv\u0113rtu produktu j\u0101uzglab\u0101 ledusskap\u012b.<\/p>\n","protected":false},"excerpt":{"rendered":"<p>Slepen\u0101 aardvarka s\u0113rija ir atjaunin\u0101ta &#8211; t\u0101 ir D\u016bmain\u0101 aardvarka! D\u016bmainais chipotle \u010dilli ir apvienots ar sald\u0101ku habanero \u010dilli. Rezult\u0101ts ir aizraujo\u0161s mais\u012bjums, kas ir nedaudz maig\u0101ks sav\u0101 asum\u0101 nek\u0101 klasisk\u0101 Aardvark Habanero m\u0113rce. T\u0101 ir \u012bpa\u0161i laba uz ol\u0101m un tacos vai k\u0101 BBQ m\u0113rces aizst\u0101j\u0113js.<br \/>\n[ywcwtl_form product_id=\"\"]<\/p>\n","protected":false},"featured_media":16667,"comment_status":"open","ping_status":"closed","template":"","meta":[],"product_cat":[916,922],"product_tag":[],"giftcard-category":[],"class_list":{"0":"post-18810","1":"product","2":"type-product","3":"status-publish","4":"has-post-thumbnail","6":"product_cat-merces","7":"product_cat-videjs","8":"pa_brand-secret-aardvark","10":"first","11":"outofstock","12":"taxable","13":"shipping-taxable","14":"purchasable","15":"product-type-simple"},"yoast_head":"<!-- This site is optimized with the Yoast SEO plugin v27.4 - https:\/\/yoast.com\/product\/yoast-seo-wordpress\/ -->\n<title>Smoky Aardvark Chipotle Hot Sauce - Hotta<\/title>\n<meta name=\"description\" content=\"Slepen\u0101 aardvarka s\u0113rija ir atjaunin\u0101ta - t\u0101 ir D\u016bmain\u0101 aardvarka! D\u016bmainais chipotle \u010dilli ir apvienots ar sald\u0101ku habanero \u010dilli.\" \/>\n<meta name=\"robots\" content=\"index, follow, max-snippet:-1, max-image-preview:large, max-video-preview:-1\" \/>\n<link rel=\"canonical\" href=\"https:\/\/hotta.eu\/lv\/shop\/smoky-aardvark-chipotle-hot-sauce\/\" \/>\n<meta property=\"og:locale\" content=\"lv_LV\" \/>\n<meta property=\"og:type\" content=\"article\" \/>\n<meta property=\"og:title\" content=\"Smoky Aardvark Chipotle Hot Sauce - Hotta\" \/>\n<meta property=\"og:description\" content=\"Slepen\u0101 aardvarka s\u0113rija ir atjaunin\u0101ta - t\u0101 ir D\u016bmain\u0101 aardvarka! D\u016bmainais chipotle \u010dilli ir apvienots ar sald\u0101ku habanero \u010dilli.\" \/>\n<meta property=\"og:url\" content=\"https:\/\/hotta.eu\/lv\/shop\/smoky-aardvark-chipotle-hot-sauce\/\" \/>\n<meta property=\"og:site_name\" content=\"Hotta\" \/>\n<meta property=\"article:publisher\" content=\"https:\/\/www.facebook.com\/hotta.eu\" \/>\n<meta property=\"article:modified_time\" content=\"2024-12-27T10:40:52+00:00\" \/>\n<meta property=\"og:image\" content=\"https:\/\/hotta.eu\/wp-content\/uploads\/2024\/03\/IMG_1211.jpg\" \/>\n\t<meta property=\"og:image:width\" content=\"1672\" \/>\n\t<meta property=\"og:image:height\" content=\"1672\" \/>\n\t<meta property=\"og:image:type\" content=\"image\/jpeg\" \/>\n<meta name=\"twitter:card\" content=\"summary_large_image\" \/>\n<meta name=\"twitter:site\" content=\"@hottashop\" \/>\n<meta name=\"twitter:label1\" content=\"Est. reading time\" \/>\n\t<meta name=\"twitter:data1\" content=\"1 minute\" \/>\n<script type=\"application\/ld+json\" class=\"yoast-schema-graph\">{\"@context\":\"https:\\\/\\\/schema.org\",\"@graph\":[{\"@type\":\"WebPage\",\"@id\":\"https:\\\/\\\/hotta.eu\\\/lv\\\/shop\\\/smoky-aardvark-chipotle-hot-sauce\\\/\",\"url\":\"https:\\\/\\\/hotta.eu\\\/lv\\\/shop\\\/smoky-aardvark-chipotle-hot-sauce\\\/\",\"name\":\"Smoky Aardvark Chipotle Hot Sauce - Hotta\",\"isPartOf\":{\"@id\":\"https:\\\/\\\/hotta.eu\\\/lv\\\/#website\"},\"primaryImageOfPage\":{\"@id\":\"https:\\\/\\\/hotta.eu\\\/lv\\\/shop\\\/smoky-aardvark-chipotle-hot-sauce\\\/#primaryimage\"},\"image\":{\"@id\":\"https:\\\/\\\/hotta.eu\\\/lv\\\/shop\\\/smoky-aardvark-chipotle-hot-sauce\\\/#primaryimage\"},\"thumbnailUrl\":\"https:\\\/\\\/hotta.eu\\\/wp-content\\\/uploads\\\/2024\\\/03\\\/IMG_1211.jpg\",\"datePublished\":\"2023-02-28T03:52:00+00:00\",\"dateModified\":\"2024-12-27T10:40:52+00:00\",\"description\":\"Slepen\u0101 aardvarka s\u0113rija ir atjaunin\u0101ta - t\u0101 ir D\u016bmain\u0101 aardvarka! D\u016bmainais chipotle \u010dilli ir apvienots ar sald\u0101ku habanero \u010dilli.\",\"breadcrumb\":{\"@id\":\"https:\\\/\\\/hotta.eu\\\/lv\\\/shop\\\/smoky-aardvark-chipotle-hot-sauce\\\/#breadcrumb\"},\"inLanguage\":\"lv-LV\",\"potentialAction\":[{\"@type\":\"ReadAction\",\"target\":[\"https:\\\/\\\/hotta.eu\\\/lv\\\/shop\\\/smoky-aardvark-chipotle-hot-sauce\\\/\"]}]},{\"@type\":\"ImageObject\",\"inLanguage\":\"lv-LV\",\"@id\":\"https:\\\/\\\/hotta.eu\\\/lv\\\/shop\\\/smoky-aardvark-chipotle-hot-sauce\\\/#primaryimage\",\"url\":\"https:\\\/\\\/hotta.eu\\\/wp-content\\\/uploads\\\/2024\\\/03\\\/IMG_1211.jpg\",\"contentUrl\":\"https:\\\/\\\/hotta.eu\\\/wp-content\\\/uploads\\\/2024\\\/03\\\/IMG_1211.jpg\",\"width\":1672,\"height\":1672},{\"@type\":\"BreadcrumbList\",\"@id\":\"https:\\\/\\\/hotta.eu\\\/lv\\\/shop\\\/smoky-aardvark-chipotle-hot-sauce\\\/#breadcrumb\",\"itemListElement\":[{\"@type\":\"ListItem\",\"position\":1,\"name\":\"S\u0101kums\",\"item\":\"https:\\\/\\\/hotta.eu\\\/lv\\\/sakumlapa\\\/\"},{\"@type\":\"ListItem\",\"position\":2,\"name\":\"Veikals\",\"item\":\"https:\\\/\\\/hotta.eu\\\/lv\\\/shop\\\/\"},{\"@type\":\"ListItem\",\"position\":3,\"name\":\"Smoky Aardvark Chipotle Hot Sauce\"}]},{\"@type\":\"WebSite\",\"@id\":\"https:\\\/\\\/hotta.eu\\\/lv\\\/#website\",\"url\":\"https:\\\/\\\/hotta.eu\\\/lv\\\/\",\"name\":\"Hotta\",\"description\":\"Makes your mouth burn a lotta!\",\"publisher\":{\"@id\":\"https:\\\/\\\/hotta.eu\\\/lv\\\/#organization\"},\"potentialAction\":[{\"@type\":\"SearchAction\",\"target\":{\"@type\":\"EntryPoint\",\"urlTemplate\":\"https:\\\/\\\/hotta.eu\\\/lv\\\/?s={search_term_string}\"},\"query-input\":{\"@type\":\"PropertyValueSpecification\",\"valueRequired\":true,\"valueName\":\"search_term_string\"}}],\"inLanguage\":\"lv-LV\"},{\"@type\":\"Organization\",\"@id\":\"https:\\\/\\\/hotta.eu\\\/lv\\\/#organization\",\"name\":\"Hotta\",\"url\":\"https:\\\/\\\/hotta.eu\\\/lv\\\/\",\"logo\":{\"@type\":\"ImageObject\",\"inLanguage\":\"lv-LV\",\"@id\":\"https:\\\/\\\/hotta.eu\\\/lv\\\/#\\\/schema\\\/logo\\\/image\\\/\",\"url\":\"https:\\\/\\\/hotta.eu\\\/wp-content\\\/uploads\\\/2025\\\/04\\\/hotta-logo-invoice.png\",\"contentUrl\":\"https:\\\/\\\/hotta.eu\\\/wp-content\\\/uploads\\\/2025\\\/04\\\/hotta-logo-invoice.png\",\"width\":600,\"height\":411,\"caption\":\"Hotta\"},\"image\":{\"@id\":\"https:\\\/\\\/hotta.eu\\\/lv\\\/#\\\/schema\\\/logo\\\/image\\\/\"},\"sameAs\":[\"https:\\\/\\\/www.facebook.com\\\/hotta.eu\",\"https:\\\/\\\/x.com\\\/hottashop\",\"https:\\\/\\\/www.instagram.com\\\/hotta.shop\"]}]}<\/script>\n<!-- \/ Yoast SEO plugin. -->","yoast_head_json":{"title":"Smoky Aardvark Chipotle Hot Sauce - Hotta","description":"Slepen\u0101 aardvarka s\u0113rija ir atjaunin\u0101ta - t\u0101 ir D\u016bmain\u0101 aardvarka! D\u016bmainais chipotle \u010dilli ir apvienots ar sald\u0101ku habanero \u010dilli.","robots":{"index":"index","follow":"follow","max-snippet":"max-snippet:-1","max-image-preview":"max-image-preview:large","max-video-preview":"max-video-preview:-1"},"canonical":"https:\/\/hotta.eu\/lv\/shop\/smoky-aardvark-chipotle-hot-sauce\/","og_locale":"lv_LV","og_type":"article","og_title":"Smoky Aardvark Chipotle Hot Sauce - Hotta","og_description":"Slepen\u0101 aardvarka s\u0113rija ir atjaunin\u0101ta - t\u0101 ir D\u016bmain\u0101 aardvarka! D\u016bmainais chipotle \u010dilli ir apvienots ar sald\u0101ku habanero \u010dilli.","og_url":"https:\/\/hotta.eu\/lv\/shop\/smoky-aardvark-chipotle-hot-sauce\/","og_site_name":"Hotta","article_publisher":"https:\/\/www.facebook.com\/hotta.eu","article_modified_time":"2024-12-27T10:40:52+00:00","og_image":[{"width":1672,"height":1672,"url":"https:\/\/hotta.eu\/wp-content\/uploads\/2024\/03\/IMG_1211.jpg","type":"image\/jpeg"}],"twitter_card":"summary_large_image","twitter_site":"@hottashop","twitter_misc":{"Est. reading time":"1 minute"},"schema":{"@context":"https:\/\/schema.org","@graph":[{"@type":"WebPage","@id":"https:\/\/hotta.eu\/lv\/shop\/smoky-aardvark-chipotle-hot-sauce\/","url":"https:\/\/hotta.eu\/lv\/shop\/smoky-aardvark-chipotle-hot-sauce\/","name":"Smoky Aardvark Chipotle Hot Sauce - Hotta","isPartOf":{"@id":"https:\/\/hotta.eu\/lv\/#website"},"primaryImageOfPage":{"@id":"https:\/\/hotta.eu\/lv\/shop\/smoky-aardvark-chipotle-hot-sauce\/#primaryimage"},"image":{"@id":"https:\/\/hotta.eu\/lv\/shop\/smoky-aardvark-chipotle-hot-sauce\/#primaryimage"},"thumbnailUrl":"https:\/\/hotta.eu\/wp-content\/uploads\/2024\/03\/IMG_1211.jpg","datePublished":"2023-02-28T03:52:00+00:00","dateModified":"2024-12-27T10:40:52+00:00","description":"Slepen\u0101 aardvarka s\u0113rija ir atjaunin\u0101ta - t\u0101 ir D\u016bmain\u0101 aardvarka! D\u016bmainais chipotle \u010dilli ir apvienots ar sald\u0101ku habanero \u010dilli.","breadcrumb":{"@id":"https:\/\/hotta.eu\/lv\/shop\/smoky-aardvark-chipotle-hot-sauce\/#breadcrumb"},"inLanguage":"lv-LV","potentialAction":[{"@type":"ReadAction","target":["https:\/\/hotta.eu\/lv\/shop\/smoky-aardvark-chipotle-hot-sauce\/"]}]},{"@type":"ImageObject","inLanguage":"lv-LV","@id":"https:\/\/hotta.eu\/lv\/shop\/smoky-aardvark-chipotle-hot-sauce\/#primaryimage","url":"https:\/\/hotta.eu\/wp-content\/uploads\/2024\/03\/IMG_1211.jpg","contentUrl":"https:\/\/hotta.eu\/wp-content\/uploads\/2024\/03\/IMG_1211.jpg","width":1672,"height":1672},{"@type":"BreadcrumbList","@id":"https:\/\/hotta.eu\/lv\/shop\/smoky-aardvark-chipotle-hot-sauce\/#breadcrumb","itemListElement":[{"@type":"ListItem","position":1,"name":"S\u0101kums","item":"https:\/\/hotta.eu\/lv\/sakumlapa\/"},{"@type":"ListItem","position":2,"name":"Veikals","item":"https:\/\/hotta.eu\/lv\/shop\/"},{"@type":"ListItem","position":3,"name":"Smoky Aardvark Chipotle Hot Sauce"}]},{"@type":"WebSite","@id":"https:\/\/hotta.eu\/lv\/#website","url":"https:\/\/hotta.eu\/lv\/","name":"Hotta","description":"Makes your mouth burn a lotta!","publisher":{"@id":"https:\/\/hotta.eu\/lv\/#organization"},"potentialAction":[{"@type":"SearchAction","target":{"@type":"EntryPoint","urlTemplate":"https:\/\/hotta.eu\/lv\/?s={search_term_string}"},"query-input":{"@type":"PropertyValueSpecification","valueRequired":true,"valueName":"search_term_string"}}],"inLanguage":"lv-LV"},{"@type":"Organization","@id":"https:\/\/hotta.eu\/lv\/#organization","name":"Hotta","url":"https:\/\/hotta.eu\/lv\/","logo":{"@type":"ImageObject","inLanguage":"lv-LV","@id":"https:\/\/hotta.eu\/lv\/#\/schema\/logo\/image\/","url":"https:\/\/hotta.eu\/wp-content\/uploads\/2025\/04\/hotta-logo-invoice.png","contentUrl":"https:\/\/hotta.eu\/wp-content\/uploads\/2025\/04\/hotta-logo-invoice.png","width":600,"height":411,"caption":"Hotta"},"image":{"@id":"https:\/\/hotta.eu\/lv\/#\/schema\/logo\/image\/"},"sameAs":["https:\/\/www.facebook.com\/hotta.eu","https:\/\/x.com\/hottashop","https:\/\/www.instagram.com\/hotta.shop"]}]}},"jetpack_sharing_enabled":true,"_links":{"self":[{"href":"https:\/\/hotta.eu\/lv\/wp-json\/wp\/v2\/product\/18810","targetHints":{"allow":["GET"]}}],"collection":[{"href":"https:\/\/hotta.eu\/lv\/wp-json\/wp\/v2\/product"}],"about":[{"href":"https:\/\/hotta.eu\/lv\/wp-json\/wp\/v2\/types\/product"}],"replies":[{"embeddable":true,"href":"https:\/\/hotta.eu\/lv\/wp-json\/wp\/v2\/comments?post=18810"}],"wp:featuredmedia":[{"embeddable":true,"href":"https:\/\/hotta.eu\/lv\/wp-json\/wp\/v2\/media\/16667"}],"wp:attachment":[{"href":"https:\/\/hotta.eu\/lv\/wp-json\/wp\/v2\/media?parent=18810"}],"wp:term":[{"taxonomy":"product_cat","embeddable":true,"href":"https:\/\/hotta.eu\/lv\/wp-json\/wp\/v2\/product_cat?post=18810"},{"taxonomy":"product_tag","embeddable":true,"href":"https:\/\/hotta.eu\/lv\/wp-json\/wp\/v2\/product_tag?post=18810"},{"taxonomy":"giftcard-category","embeddable":true,"href":"https:\/\/hotta.eu\/lv\/wp-json\/wp\/v2\/giftcard-category?post=18810"}],"curies":[{"name":"wp","href":"https:\/\/api.w.org\/{rel}","templated":true}]}}