{"id":18818,"date":"2023-03-27T17:02:48","date_gmt":"2023-03-27T15:02:48","guid":{"rendered":"https:\/\/hotta.eu\/shop\/italu-trifelu-karsta-merce\/"},"modified":"2024-12-27T12:40:49","modified_gmt":"2024-12-27T10:40:49","slug":"italian-truffle-hot-sauce","status":"publish","type":"product","link":"https:\/\/hotta.eu\/lv\/shop\/italian-truffle-hot-sauce\/","title":{"rendered":"Italian Truffle Hot Sauce"},"content":{"rendered":"<p><strong>Sast\u0101vda\u013cas<br \/>\n<\/strong>Grauzd\u0113ti sarkanie pipari, \u016bdens, Aceto Balsamico di Modena IGP 11% (v\u012bna eti\u0137is, v\u012bnogu misa), trifeles, \u0101bolu eti\u0137is, Kalabrijas \u010dilli, koncentr\u0113ta citronu sula, cukurs, kaj\u0113nas pipari, gar\u0161vielas, s\u0101ls, kalt\u0113ti puravi, \u0137iploki, ksant\u0101na sve\u0137i.<\/p>\n<p><strong>Uztura inform\u0101cija (100 ml)<\/strong><br \/>\nEner\u0123ija 46 kcal, tauki &lt;0,1 g, no tiem pies\u0101tin\u0101tie tauki 0,1 g, og\u013chidr\u0101ti 9,8 g, no tiem cukurs 6,1 g, s\u0101ls 2,4 g, olbaltumvielas 1,2 g.<\/p>\n<p><strong>Der\u012bgums un glab\u0101\u0161ana<\/strong><br \/>\nDer\u012bguma termi\u0146\u0161 uz pudel\u012btes attiecas uz neatv\u0113rtiem produktiem. Atv\u0113rtu produktu j\u0101uzglab\u0101 ledusskap\u012b.<\/p>\n","protected":false},"excerpt":{"rendered":"<p>Casa Firelli trife\u013cu m\u0113rces, kas ra\u017eota Parm\u0101, It\u0101lij\u0101, rakstur\u012bga grezna trife\u013cu gar\u0161a un m\u0113rens asums. Lieliski sader ar picu, k\u0101 ar\u012b ar sal\u0101tiem, makaroniem, ol\u0101m un j\u016bras velt\u0113m. Bez lipek\u013ca, ar dab\u012bg\u0101m sast\u0101vda\u013c\u0101m un bez kalorij\u0101m. It\u0101\u013cu asais <em>sitiens<\/em>! \ud83c\udf55<br \/>\n[ywcwtl_form product_id=\"\"]<\/p>\n","protected":false},"featured_media":16695,"comment_status":"open","ping_status":"closed","template":"","meta":[],"product_cat":[916,922],"product_tag":[],"giftcard-category":[],"class_list":{"0":"post-18818","1":"product","2":"type-product","3":"status-publish","4":"has-post-thumbnail","6":"product_cat-merces","7":"product_cat-videjs","8":"pa_brand-casa-firelli","10":"first","11":"outofstock","12":"taxable","13":"shipping-taxable","14":"purchasable","15":"product-type-simple"},"yoast_head":"<!-- This site is optimized with the Yoast SEO plugin v27.3 - https:\/\/yoast.com\/product\/yoast-seo-wordpress\/ -->\n<title>Italian Truffle Hot Sauce - Hotta<\/title>\n<meta name=\"description\" content=\"M\u0113reni pikanta m\u0113rce, ko ra\u017eo It\u0101lij\u0101 un kas paredz\u0113ta galvenok\u0101rt lieto\u0161anai kop\u0101 ar pic\u0101m, makaroniem un sal\u0101tiem. It\u0101\u013cu asais sitiens!\" \/>\n<meta name=\"robots\" content=\"index, follow, max-snippet:-1, max-image-preview:large, max-video-preview:-1\" \/>\n<link rel=\"canonical\" href=\"https:\/\/hotta.eu\/lv\/shop\/italian-truffle-hot-sauce\/\" \/>\n<meta property=\"og:locale\" content=\"lv_LV\" \/>\n<meta property=\"og:type\" content=\"article\" \/>\n<meta property=\"og:title\" content=\"Italian Truffle Hot Sauce - Hotta\" \/>\n<meta property=\"og:description\" content=\"M\u0113reni pikanta m\u0113rce, ko ra\u017eo It\u0101lij\u0101 un kas paredz\u0113ta galvenok\u0101rt lieto\u0161anai kop\u0101 ar pic\u0101m, makaroniem un sal\u0101tiem. It\u0101\u013cu asais sitiens!\" \/>\n<meta property=\"og:url\" content=\"https:\/\/hotta.eu\/lv\/shop\/italian-truffle-hot-sauce\/\" \/>\n<meta property=\"og:site_name\" content=\"Hotta\" \/>\n<meta property=\"article:publisher\" content=\"https:\/\/www.facebook.com\/hotta.eu\" \/>\n<meta property=\"article:modified_time\" content=\"2024-12-27T10:40:49+00:00\" \/>\n<meta property=\"og:image\" content=\"https:\/\/hotta.eu\/wp-content\/uploads\/2024\/03\/20230305_091638.png\" \/>\n\t<meta property=\"og:image:width\" content=\"1550\" \/>\n\t<meta property=\"og:image:height\" content=\"1550\" \/>\n\t<meta property=\"og:image:type\" content=\"image\/png\" \/>\n<meta name=\"twitter:card\" content=\"summary_large_image\" \/>\n<meta name=\"twitter:site\" content=\"@hottashop\" \/>\n<meta name=\"twitter:label1\" content=\"Est. reading time\" \/>\n\t<meta name=\"twitter:data1\" content=\"1 minute\" \/>\n<script type=\"application\/ld+json\" class=\"yoast-schema-graph\">{\"@context\":\"https:\\\/\\\/schema.org\",\"@graph\":[{\"@type\":\"WebPage\",\"@id\":\"https:\\\/\\\/hotta.eu\\\/lv\\\/shop\\\/italian-truffle-hot-sauce\\\/\",\"url\":\"https:\\\/\\\/hotta.eu\\\/lv\\\/shop\\\/italian-truffle-hot-sauce\\\/\",\"name\":\"Italian Truffle Hot Sauce - Hotta\",\"isPartOf\":{\"@id\":\"https:\\\/\\\/hotta.eu\\\/lv\\\/#website\"},\"primaryImageOfPage\":{\"@id\":\"https:\\\/\\\/hotta.eu\\\/lv\\\/shop\\\/italian-truffle-hot-sauce\\\/#primaryimage\"},\"image\":{\"@id\":\"https:\\\/\\\/hotta.eu\\\/lv\\\/shop\\\/italian-truffle-hot-sauce\\\/#primaryimage\"},\"thumbnailUrl\":\"https:\\\/\\\/hotta.eu\\\/wp-content\\\/uploads\\\/2024\\\/03\\\/20230305_091638.png\",\"datePublished\":\"2023-03-27T15:02:48+00:00\",\"dateModified\":\"2024-12-27T10:40:49+00:00\",\"description\":\"M\u0113reni pikanta m\u0113rce, ko ra\u017eo It\u0101lij\u0101 un kas paredz\u0113ta galvenok\u0101rt lieto\u0161anai kop\u0101 ar pic\u0101m, makaroniem un sal\u0101tiem. It\u0101\u013cu asais sitiens!\",\"breadcrumb\":{\"@id\":\"https:\\\/\\\/hotta.eu\\\/lv\\\/shop\\\/italian-truffle-hot-sauce\\\/#breadcrumb\"},\"inLanguage\":\"lv-LV\",\"potentialAction\":[{\"@type\":\"ReadAction\",\"target\":[\"https:\\\/\\\/hotta.eu\\\/lv\\\/shop\\\/italian-truffle-hot-sauce\\\/\"]}]},{\"@type\":\"ImageObject\",\"inLanguage\":\"lv-LV\",\"@id\":\"https:\\\/\\\/hotta.eu\\\/lv\\\/shop\\\/italian-truffle-hot-sauce\\\/#primaryimage\",\"url\":\"https:\\\/\\\/hotta.eu\\\/wp-content\\\/uploads\\\/2024\\\/03\\\/20230305_091638.png\",\"contentUrl\":\"https:\\\/\\\/hotta.eu\\\/wp-content\\\/uploads\\\/2024\\\/03\\\/20230305_091638.png\",\"width\":1550,\"height\":1550},{\"@type\":\"BreadcrumbList\",\"@id\":\"https:\\\/\\\/hotta.eu\\\/lv\\\/shop\\\/italian-truffle-hot-sauce\\\/#breadcrumb\",\"itemListElement\":[{\"@type\":\"ListItem\",\"position\":1,\"name\":\"S\u0101kums\",\"item\":\"https:\\\/\\\/hotta.eu\\\/lv\\\/sakumlapa\\\/\"},{\"@type\":\"ListItem\",\"position\":2,\"name\":\"Veikals\",\"item\":\"https:\\\/\\\/hotta.eu\\\/lv\\\/shop\\\/\"},{\"@type\":\"ListItem\",\"position\":3,\"name\":\"Italian Truffle Hot Sauce\"}]},{\"@type\":\"WebSite\",\"@id\":\"https:\\\/\\\/hotta.eu\\\/lv\\\/#website\",\"url\":\"https:\\\/\\\/hotta.eu\\\/lv\\\/\",\"name\":\"Hotta\",\"description\":\"Makes your mouth burn a lotta!\",\"publisher\":{\"@id\":\"https:\\\/\\\/hotta.eu\\\/lv\\\/#organization\"},\"potentialAction\":[{\"@type\":\"SearchAction\",\"target\":{\"@type\":\"EntryPoint\",\"urlTemplate\":\"https:\\\/\\\/hotta.eu\\\/lv\\\/?s={search_term_string}\"},\"query-input\":{\"@type\":\"PropertyValueSpecification\",\"valueRequired\":true,\"valueName\":\"search_term_string\"}}],\"inLanguage\":\"lv-LV\"},{\"@type\":\"Organization\",\"@id\":\"https:\\\/\\\/hotta.eu\\\/lv\\\/#organization\",\"name\":\"Hotta\",\"url\":\"https:\\\/\\\/hotta.eu\\\/lv\\\/\",\"logo\":{\"@type\":\"ImageObject\",\"inLanguage\":\"lv-LV\",\"@id\":\"https:\\\/\\\/hotta.eu\\\/lv\\\/#\\\/schema\\\/logo\\\/image\\\/\",\"url\":\"https:\\\/\\\/hotta.eu\\\/wp-content\\\/uploads\\\/2025\\\/04\\\/hotta-logo-invoice.png\",\"contentUrl\":\"https:\\\/\\\/hotta.eu\\\/wp-content\\\/uploads\\\/2025\\\/04\\\/hotta-logo-invoice.png\",\"width\":600,\"height\":411,\"caption\":\"Hotta\"},\"image\":{\"@id\":\"https:\\\/\\\/hotta.eu\\\/lv\\\/#\\\/schema\\\/logo\\\/image\\\/\"},\"sameAs\":[\"https:\\\/\\\/www.facebook.com\\\/hotta.eu\",\"https:\\\/\\\/x.com\\\/hottashop\",\"https:\\\/\\\/www.instagram.com\\\/hotta.shop\"]}]}<\/script>\n<!-- \/ Yoast SEO plugin. -->","yoast_head_json":{"title":"Italian Truffle Hot Sauce - Hotta","description":"M\u0113reni pikanta m\u0113rce, ko ra\u017eo It\u0101lij\u0101 un kas paredz\u0113ta galvenok\u0101rt lieto\u0161anai kop\u0101 ar pic\u0101m, makaroniem un sal\u0101tiem. It\u0101\u013cu asais sitiens!","robots":{"index":"index","follow":"follow","max-snippet":"max-snippet:-1","max-image-preview":"max-image-preview:large","max-video-preview":"max-video-preview:-1"},"canonical":"https:\/\/hotta.eu\/lv\/shop\/italian-truffle-hot-sauce\/","og_locale":"lv_LV","og_type":"article","og_title":"Italian Truffle Hot Sauce - Hotta","og_description":"M\u0113reni pikanta m\u0113rce, ko ra\u017eo It\u0101lij\u0101 un kas paredz\u0113ta galvenok\u0101rt lieto\u0161anai kop\u0101 ar pic\u0101m, makaroniem un sal\u0101tiem. It\u0101\u013cu asais sitiens!","og_url":"https:\/\/hotta.eu\/lv\/shop\/italian-truffle-hot-sauce\/","og_site_name":"Hotta","article_publisher":"https:\/\/www.facebook.com\/hotta.eu","article_modified_time":"2024-12-27T10:40:49+00:00","og_image":[{"width":1550,"height":1550,"url":"https:\/\/hotta.eu\/wp-content\/uploads\/2024\/03\/20230305_091638.png","type":"image\/png"}],"twitter_card":"summary_large_image","twitter_site":"@hottashop","twitter_misc":{"Est. reading time":"1 minute"},"schema":{"@context":"https:\/\/schema.org","@graph":[{"@type":"WebPage","@id":"https:\/\/hotta.eu\/lv\/shop\/italian-truffle-hot-sauce\/","url":"https:\/\/hotta.eu\/lv\/shop\/italian-truffle-hot-sauce\/","name":"Italian Truffle Hot Sauce - Hotta","isPartOf":{"@id":"https:\/\/hotta.eu\/lv\/#website"},"primaryImageOfPage":{"@id":"https:\/\/hotta.eu\/lv\/shop\/italian-truffle-hot-sauce\/#primaryimage"},"image":{"@id":"https:\/\/hotta.eu\/lv\/shop\/italian-truffle-hot-sauce\/#primaryimage"},"thumbnailUrl":"https:\/\/hotta.eu\/wp-content\/uploads\/2024\/03\/20230305_091638.png","datePublished":"2023-03-27T15:02:48+00:00","dateModified":"2024-12-27T10:40:49+00:00","description":"M\u0113reni pikanta m\u0113rce, ko ra\u017eo It\u0101lij\u0101 un kas paredz\u0113ta galvenok\u0101rt lieto\u0161anai kop\u0101 ar pic\u0101m, makaroniem un sal\u0101tiem. It\u0101\u013cu asais sitiens!","breadcrumb":{"@id":"https:\/\/hotta.eu\/lv\/shop\/italian-truffle-hot-sauce\/#breadcrumb"},"inLanguage":"lv-LV","potentialAction":[{"@type":"ReadAction","target":["https:\/\/hotta.eu\/lv\/shop\/italian-truffle-hot-sauce\/"]}]},{"@type":"ImageObject","inLanguage":"lv-LV","@id":"https:\/\/hotta.eu\/lv\/shop\/italian-truffle-hot-sauce\/#primaryimage","url":"https:\/\/hotta.eu\/wp-content\/uploads\/2024\/03\/20230305_091638.png","contentUrl":"https:\/\/hotta.eu\/wp-content\/uploads\/2024\/03\/20230305_091638.png","width":1550,"height":1550},{"@type":"BreadcrumbList","@id":"https:\/\/hotta.eu\/lv\/shop\/italian-truffle-hot-sauce\/#breadcrumb","itemListElement":[{"@type":"ListItem","position":1,"name":"S\u0101kums","item":"https:\/\/hotta.eu\/lv\/sakumlapa\/"},{"@type":"ListItem","position":2,"name":"Veikals","item":"https:\/\/hotta.eu\/lv\/shop\/"},{"@type":"ListItem","position":3,"name":"Italian Truffle Hot Sauce"}]},{"@type":"WebSite","@id":"https:\/\/hotta.eu\/lv\/#website","url":"https:\/\/hotta.eu\/lv\/","name":"Hotta","description":"Makes your mouth burn a lotta!","publisher":{"@id":"https:\/\/hotta.eu\/lv\/#organization"},"potentialAction":[{"@type":"SearchAction","target":{"@type":"EntryPoint","urlTemplate":"https:\/\/hotta.eu\/lv\/?s={search_term_string}"},"query-input":{"@type":"PropertyValueSpecification","valueRequired":true,"valueName":"search_term_string"}}],"inLanguage":"lv-LV"},{"@type":"Organization","@id":"https:\/\/hotta.eu\/lv\/#organization","name":"Hotta","url":"https:\/\/hotta.eu\/lv\/","logo":{"@type":"ImageObject","inLanguage":"lv-LV","@id":"https:\/\/hotta.eu\/lv\/#\/schema\/logo\/image\/","url":"https:\/\/hotta.eu\/wp-content\/uploads\/2025\/04\/hotta-logo-invoice.png","contentUrl":"https:\/\/hotta.eu\/wp-content\/uploads\/2025\/04\/hotta-logo-invoice.png","width":600,"height":411,"caption":"Hotta"},"image":{"@id":"https:\/\/hotta.eu\/lv\/#\/schema\/logo\/image\/"},"sameAs":["https:\/\/www.facebook.com\/hotta.eu","https:\/\/x.com\/hottashop","https:\/\/www.instagram.com\/hotta.shop"]}]}},"jetpack_sharing_enabled":true,"_links":{"self":[{"href":"https:\/\/hotta.eu\/lv\/wp-json\/wp\/v2\/product\/18818","targetHints":{"allow":["GET"]}}],"collection":[{"href":"https:\/\/hotta.eu\/lv\/wp-json\/wp\/v2\/product"}],"about":[{"href":"https:\/\/hotta.eu\/lv\/wp-json\/wp\/v2\/types\/product"}],"replies":[{"embeddable":true,"href":"https:\/\/hotta.eu\/lv\/wp-json\/wp\/v2\/comments?post=18818"}],"wp:featuredmedia":[{"embeddable":true,"href":"https:\/\/hotta.eu\/lv\/wp-json\/wp\/v2\/media\/16695"}],"wp:attachment":[{"href":"https:\/\/hotta.eu\/lv\/wp-json\/wp\/v2\/media?parent=18818"}],"wp:term":[{"taxonomy":"product_cat","embeddable":true,"href":"https:\/\/hotta.eu\/lv\/wp-json\/wp\/v2\/product_cat?post=18818"},{"taxonomy":"product_tag","embeddable":true,"href":"https:\/\/hotta.eu\/lv\/wp-json\/wp\/v2\/product_tag?post=18818"},{"taxonomy":"giftcard-category","embeddable":true,"href":"https:\/\/hotta.eu\/lv\/wp-json\/wp\/v2\/giftcard-category?post=18818"}],"curies":[{"name":"wp","href":"https:\/\/api.w.org\/{rel}","templated":true}]}}