{"id":18827,"date":"2023-04-08T05:07:17","date_gmt":"2023-04-08T03:07:17","guid":{"rendered":"https:\/\/hotta.eu\/shop\/extra-mean-green-karsta-merce\/"},"modified":"2024-12-27T12:40:48","modified_gmt":"2024-12-27T10:40:48","slug":"extra-mean-green-karsta-merce","status":"publish","type":"product","link":"https:\/\/hotta.eu\/lv\/shop\/extra-mean-green-karsta-merce\/","title":{"rendered":"Extra Mean Green Hot Sauce"},"content":{"rendered":"<p><strong>Sast\u0101vda\u013cas<br \/>\n<\/strong>Za\u013c\u0101 \u010dilli putra (za\u013cie \u010dilli, mandar\u012bni), destil\u0113ts eti\u0137is, s\u012bpoli, \u0137iploki.<\/p>\n<p><strong>Der\u012bgums un glab\u0101\u0161ana<\/strong><br \/>\nDer\u012bguma termi\u0146\u0161 uz pudel\u012btes attiecas uz neatv\u0113rtiem produktiem. Atv\u0113rtu produktu j\u0101uzglab\u0101 ledusskap\u012b.<\/p>\n","protected":false},"excerpt":{"rendered":"<p>\u010cilli m\u012b\u013cot\u0101jiem ir paz\u012bstams Smokin&#8217; Eds, kur\u0161 2003. gad\u0101 izveidoja Puckerbutt Pepper Company m\u0113r\u010du uz\u0146\u0113mumu. Puckerbutt un Ed p\u0101rdod \u010dilli un m\u0113rces ar \u012bpa\u0161i asu gar\u0161u vair\u0101k nek\u0101 95 valst\u012bs, kur\u0101s ir vair\u0101k nek\u0101 500 000 \u010dilli st\u0101du. Puckerbutt ir liel\u0101k\u0101 \u010dilli audz\u0113tava ASV. Smokin&#8217; Eds ir ar\u012b &#8220;The Last Dab&#8221; m\u0113r\u010du autors no s\u0113rijas Hot Ones.<\/p>\n<p>Extra Mean Green ar savu za\u013co kr\u0101su un neuzkr\u012bto\u0161o eti\u0137eti var \u0161\u0137ist parasta, viegli pikanta m\u0113rce&#8230; Bet, zinot Smokin&#8217; Ed&#8217;s darbu, vai t\u0101 ir? \ud83e\udd14<\/p>\n<p>Extra Mean Green bija iek\u013cauts t\u012bmek\u013ca seri\u0101la <strong>Hot Ones<\/strong> m\u0113r\u010du sast\u0101v\u0101 17. sezon\u0101. <\/p>\n<div class=\"responsive-video\"><iframe src=\"https:\/\/www.youtube.com\/embed\/9zcaaYpiUEU\" width=\"480\" height=\"270\" frameborder=\"0\" allowfullscreen=\"allowfullscreen\"><\/iframe><\/div>\n[ywcwtl_form product_id=\"\"]\n","protected":false},"featured_media":17319,"comment_status":"open","ping_status":"closed","template":"","meta":[],"product_cat":[926,920,916],"product_tag":[],"giftcard-category":[],"class_list":{"0":"post-18827","1":"product","2":"type-product","3":"status-publish","4":"has-post-thumbnail","6":"product_cat-ass","7":"product_cat-hot-ones-lv","8":"product_cat-merces","9":"pa_brand-puckerbutt-pepper-company","11":"first","12":"outofstock","13":"taxable","14":"shipping-taxable","15":"purchasable","16":"product-type-simple"},"yoast_head":"<!-- This site is optimized with the Yoast SEO plugin v27.4 - https:\/\/yoast.com\/product\/yoast-seo-wordpress\/ -->\n<title>Extra Mean Green Hot Sauce - Hotta<\/title>\n<meta name=\"description\" content=\"\u010cilli m\u012b\u013cot\u0101jiem ir paz\u012bstams Smokin&#039; Eds, kur\u0161 2003. gad\u0101 izveidoja Puckerbutt Pepper Company m\u0113r\u010du uz\u0146\u0113mumu. Extra Mean Green piedal\u012bj\u0101s t\u012bmek\u013ca seri\u0101l\u0101 Hot Ones.\" \/>\n<meta name=\"robots\" content=\"index, follow, max-snippet:-1, max-image-preview:large, max-video-preview:-1\" \/>\n<link rel=\"canonical\" href=\"https:\/\/hotta.eu\/lv\/shop\/extra-mean-green-karsta-merce\/\" \/>\n<meta property=\"og:locale\" content=\"lv_LV\" \/>\n<meta property=\"og:type\" content=\"article\" \/>\n<meta property=\"og:title\" content=\"Extra Mean Green Hot Sauce - Hotta\" \/>\n<meta property=\"og:description\" content=\"\u010cilli m\u012b\u013cot\u0101jiem ir paz\u012bstams Smokin&#039; Eds, kur\u0161 2003. gad\u0101 izveidoja Puckerbutt Pepper Company m\u0113r\u010du uz\u0146\u0113mumu. Extra Mean Green piedal\u012bj\u0101s t\u012bmek\u013ca seri\u0101l\u0101 Hot Ones.\" \/>\n<meta property=\"og:url\" content=\"https:\/\/hotta.eu\/lv\/shop\/extra-mean-green-karsta-merce\/\" \/>\n<meta property=\"og:site_name\" content=\"Hotta\" \/>\n<meta property=\"article:publisher\" content=\"https:\/\/www.facebook.com\/hotta.eu\" \/>\n<meta property=\"article:modified_time\" content=\"2024-12-27T10:40:48+00:00\" \/>\n<meta property=\"og:image\" content=\"https:\/\/hotta.eu\/wp-content\/uploads\/2024\/03\/puckerbutt-extra-mean-green-nobadge.png\" \/>\n\t<meta property=\"og:image:width\" content=\"1293\" \/>\n\t<meta property=\"og:image:height\" content=\"1293\" \/>\n\t<meta property=\"og:image:type\" content=\"image\/png\" \/>\n<meta name=\"twitter:card\" content=\"summary_large_image\" \/>\n<meta name=\"twitter:site\" content=\"@hottashop\" \/>\n<script type=\"application\/ld+json\" class=\"yoast-schema-graph\">{\"@context\":\"https:\\\/\\\/schema.org\",\"@graph\":[{\"@type\":\"WebPage\",\"@id\":\"https:\\\/\\\/hotta.eu\\\/lv\\\/shop\\\/extra-mean-green-karsta-merce\\\/\",\"url\":\"https:\\\/\\\/hotta.eu\\\/lv\\\/shop\\\/extra-mean-green-karsta-merce\\\/\",\"name\":\"Extra Mean Green Hot Sauce - Hotta\",\"isPartOf\":{\"@id\":\"https:\\\/\\\/hotta.eu\\\/lv\\\/#website\"},\"primaryImageOfPage\":{\"@id\":\"https:\\\/\\\/hotta.eu\\\/lv\\\/shop\\\/extra-mean-green-karsta-merce\\\/#primaryimage\"},\"image\":{\"@id\":\"https:\\\/\\\/hotta.eu\\\/lv\\\/shop\\\/extra-mean-green-karsta-merce\\\/#primaryimage\"},\"thumbnailUrl\":\"https:\\\/\\\/hotta.eu\\\/wp-content\\\/uploads\\\/2024\\\/03\\\/puckerbutt-extra-mean-green-nobadge.png\",\"datePublished\":\"2023-04-08T03:07:17+00:00\",\"dateModified\":\"2024-12-27T10:40:48+00:00\",\"description\":\"\u010cilli m\u012b\u013cot\u0101jiem ir paz\u012bstams Smokin' Eds, kur\u0161 2003. gad\u0101 izveidoja Puckerbutt Pepper Company m\u0113r\u010du uz\u0146\u0113mumu. Extra Mean Green piedal\u012bj\u0101s t\u012bmek\u013ca seri\u0101l\u0101 Hot Ones.\",\"breadcrumb\":{\"@id\":\"https:\\\/\\\/hotta.eu\\\/lv\\\/shop\\\/extra-mean-green-karsta-merce\\\/#breadcrumb\"},\"inLanguage\":\"lv-LV\",\"potentialAction\":[{\"@type\":\"ReadAction\",\"target\":[\"https:\\\/\\\/hotta.eu\\\/lv\\\/shop\\\/extra-mean-green-karsta-merce\\\/\"]}]},{\"@type\":\"ImageObject\",\"inLanguage\":\"lv-LV\",\"@id\":\"https:\\\/\\\/hotta.eu\\\/lv\\\/shop\\\/extra-mean-green-karsta-merce\\\/#primaryimage\",\"url\":\"https:\\\/\\\/hotta.eu\\\/wp-content\\\/uploads\\\/2024\\\/03\\\/puckerbutt-extra-mean-green-nobadge.png\",\"contentUrl\":\"https:\\\/\\\/hotta.eu\\\/wp-content\\\/uploads\\\/2024\\\/03\\\/puckerbutt-extra-mean-green-nobadge.png\",\"width\":1293,\"height\":1293},{\"@type\":\"BreadcrumbList\",\"@id\":\"https:\\\/\\\/hotta.eu\\\/lv\\\/shop\\\/extra-mean-green-karsta-merce\\\/#breadcrumb\",\"itemListElement\":[{\"@type\":\"ListItem\",\"position\":1,\"name\":\"S\u0101kums\",\"item\":\"https:\\\/\\\/hotta.eu\\\/lv\\\/sakumlapa\\\/\"},{\"@type\":\"ListItem\",\"position\":2,\"name\":\"Veikals\",\"item\":\"https:\\\/\\\/hotta.eu\\\/lv\\\/shop\\\/\"},{\"@type\":\"ListItem\",\"position\":3,\"name\":\"Extra Mean Green Hot Sauce\"}]},{\"@type\":\"WebSite\",\"@id\":\"https:\\\/\\\/hotta.eu\\\/lv\\\/#website\",\"url\":\"https:\\\/\\\/hotta.eu\\\/lv\\\/\",\"name\":\"Hotta\",\"description\":\"Makes your mouth burn a lotta!\",\"publisher\":{\"@id\":\"https:\\\/\\\/hotta.eu\\\/lv\\\/#organization\"},\"potentialAction\":[{\"@type\":\"SearchAction\",\"target\":{\"@type\":\"EntryPoint\",\"urlTemplate\":\"https:\\\/\\\/hotta.eu\\\/lv\\\/?s={search_term_string}\"},\"query-input\":{\"@type\":\"PropertyValueSpecification\",\"valueRequired\":true,\"valueName\":\"search_term_string\"}}],\"inLanguage\":\"lv-LV\"},{\"@type\":\"Organization\",\"@id\":\"https:\\\/\\\/hotta.eu\\\/lv\\\/#organization\",\"name\":\"Hotta\",\"url\":\"https:\\\/\\\/hotta.eu\\\/lv\\\/\",\"logo\":{\"@type\":\"ImageObject\",\"inLanguage\":\"lv-LV\",\"@id\":\"https:\\\/\\\/hotta.eu\\\/lv\\\/#\\\/schema\\\/logo\\\/image\\\/\",\"url\":\"https:\\\/\\\/hotta.eu\\\/wp-content\\\/uploads\\\/2025\\\/04\\\/hotta-logo-invoice.png\",\"contentUrl\":\"https:\\\/\\\/hotta.eu\\\/wp-content\\\/uploads\\\/2025\\\/04\\\/hotta-logo-invoice.png\",\"width\":600,\"height\":411,\"caption\":\"Hotta\"},\"image\":{\"@id\":\"https:\\\/\\\/hotta.eu\\\/lv\\\/#\\\/schema\\\/logo\\\/image\\\/\"},\"sameAs\":[\"https:\\\/\\\/www.facebook.com\\\/hotta.eu\",\"https:\\\/\\\/x.com\\\/hottashop\",\"https:\\\/\\\/www.instagram.com\\\/hotta.shop\"]}]}<\/script>\n<!-- \/ Yoast SEO plugin. -->","yoast_head_json":{"title":"Extra Mean Green Hot Sauce - Hotta","description":"\u010cilli m\u012b\u013cot\u0101jiem ir paz\u012bstams Smokin' Eds, kur\u0161 2003. gad\u0101 izveidoja Puckerbutt Pepper Company m\u0113r\u010du uz\u0146\u0113mumu. Extra Mean Green piedal\u012bj\u0101s t\u012bmek\u013ca seri\u0101l\u0101 Hot Ones.","robots":{"index":"index","follow":"follow","max-snippet":"max-snippet:-1","max-image-preview":"max-image-preview:large","max-video-preview":"max-video-preview:-1"},"canonical":"https:\/\/hotta.eu\/lv\/shop\/extra-mean-green-karsta-merce\/","og_locale":"lv_LV","og_type":"article","og_title":"Extra Mean Green Hot Sauce - Hotta","og_description":"\u010cilli m\u012b\u013cot\u0101jiem ir paz\u012bstams Smokin' Eds, kur\u0161 2003. gad\u0101 izveidoja Puckerbutt Pepper Company m\u0113r\u010du uz\u0146\u0113mumu. Extra Mean Green piedal\u012bj\u0101s t\u012bmek\u013ca seri\u0101l\u0101 Hot Ones.","og_url":"https:\/\/hotta.eu\/lv\/shop\/extra-mean-green-karsta-merce\/","og_site_name":"Hotta","article_publisher":"https:\/\/www.facebook.com\/hotta.eu","article_modified_time":"2024-12-27T10:40:48+00:00","og_image":[{"width":1293,"height":1293,"url":"https:\/\/hotta.eu\/wp-content\/uploads\/2024\/03\/puckerbutt-extra-mean-green-nobadge.png","type":"image\/png"}],"twitter_card":"summary_large_image","twitter_site":"@hottashop","schema":{"@context":"https:\/\/schema.org","@graph":[{"@type":"WebPage","@id":"https:\/\/hotta.eu\/lv\/shop\/extra-mean-green-karsta-merce\/","url":"https:\/\/hotta.eu\/lv\/shop\/extra-mean-green-karsta-merce\/","name":"Extra Mean Green Hot Sauce - Hotta","isPartOf":{"@id":"https:\/\/hotta.eu\/lv\/#website"},"primaryImageOfPage":{"@id":"https:\/\/hotta.eu\/lv\/shop\/extra-mean-green-karsta-merce\/#primaryimage"},"image":{"@id":"https:\/\/hotta.eu\/lv\/shop\/extra-mean-green-karsta-merce\/#primaryimage"},"thumbnailUrl":"https:\/\/hotta.eu\/wp-content\/uploads\/2024\/03\/puckerbutt-extra-mean-green-nobadge.png","datePublished":"2023-04-08T03:07:17+00:00","dateModified":"2024-12-27T10:40:48+00:00","description":"\u010cilli m\u012b\u013cot\u0101jiem ir paz\u012bstams Smokin' Eds, kur\u0161 2003. gad\u0101 izveidoja Puckerbutt Pepper Company m\u0113r\u010du uz\u0146\u0113mumu. Extra Mean Green piedal\u012bj\u0101s t\u012bmek\u013ca seri\u0101l\u0101 Hot Ones.","breadcrumb":{"@id":"https:\/\/hotta.eu\/lv\/shop\/extra-mean-green-karsta-merce\/#breadcrumb"},"inLanguage":"lv-LV","potentialAction":[{"@type":"ReadAction","target":["https:\/\/hotta.eu\/lv\/shop\/extra-mean-green-karsta-merce\/"]}]},{"@type":"ImageObject","inLanguage":"lv-LV","@id":"https:\/\/hotta.eu\/lv\/shop\/extra-mean-green-karsta-merce\/#primaryimage","url":"https:\/\/hotta.eu\/wp-content\/uploads\/2024\/03\/puckerbutt-extra-mean-green-nobadge.png","contentUrl":"https:\/\/hotta.eu\/wp-content\/uploads\/2024\/03\/puckerbutt-extra-mean-green-nobadge.png","width":1293,"height":1293},{"@type":"BreadcrumbList","@id":"https:\/\/hotta.eu\/lv\/shop\/extra-mean-green-karsta-merce\/#breadcrumb","itemListElement":[{"@type":"ListItem","position":1,"name":"S\u0101kums","item":"https:\/\/hotta.eu\/lv\/sakumlapa\/"},{"@type":"ListItem","position":2,"name":"Veikals","item":"https:\/\/hotta.eu\/lv\/shop\/"},{"@type":"ListItem","position":3,"name":"Extra Mean Green Hot Sauce"}]},{"@type":"WebSite","@id":"https:\/\/hotta.eu\/lv\/#website","url":"https:\/\/hotta.eu\/lv\/","name":"Hotta","description":"Makes your mouth burn a lotta!","publisher":{"@id":"https:\/\/hotta.eu\/lv\/#organization"},"potentialAction":[{"@type":"SearchAction","target":{"@type":"EntryPoint","urlTemplate":"https:\/\/hotta.eu\/lv\/?s={search_term_string}"},"query-input":{"@type":"PropertyValueSpecification","valueRequired":true,"valueName":"search_term_string"}}],"inLanguage":"lv-LV"},{"@type":"Organization","@id":"https:\/\/hotta.eu\/lv\/#organization","name":"Hotta","url":"https:\/\/hotta.eu\/lv\/","logo":{"@type":"ImageObject","inLanguage":"lv-LV","@id":"https:\/\/hotta.eu\/lv\/#\/schema\/logo\/image\/","url":"https:\/\/hotta.eu\/wp-content\/uploads\/2025\/04\/hotta-logo-invoice.png","contentUrl":"https:\/\/hotta.eu\/wp-content\/uploads\/2025\/04\/hotta-logo-invoice.png","width":600,"height":411,"caption":"Hotta"},"image":{"@id":"https:\/\/hotta.eu\/lv\/#\/schema\/logo\/image\/"},"sameAs":["https:\/\/www.facebook.com\/hotta.eu","https:\/\/x.com\/hottashop","https:\/\/www.instagram.com\/hotta.shop"]}]}},"jetpack_sharing_enabled":true,"_links":{"self":[{"href":"https:\/\/hotta.eu\/lv\/wp-json\/wp\/v2\/product\/18827","targetHints":{"allow":["GET"]}}],"collection":[{"href":"https:\/\/hotta.eu\/lv\/wp-json\/wp\/v2\/product"}],"about":[{"href":"https:\/\/hotta.eu\/lv\/wp-json\/wp\/v2\/types\/product"}],"replies":[{"embeddable":true,"href":"https:\/\/hotta.eu\/lv\/wp-json\/wp\/v2\/comments?post=18827"}],"wp:featuredmedia":[{"embeddable":true,"href":"https:\/\/hotta.eu\/lv\/wp-json\/wp\/v2\/media\/17319"}],"wp:attachment":[{"href":"https:\/\/hotta.eu\/lv\/wp-json\/wp\/v2\/media?parent=18827"}],"wp:term":[{"taxonomy":"product_cat","embeddable":true,"href":"https:\/\/hotta.eu\/lv\/wp-json\/wp\/v2\/product_cat?post=18827"},{"taxonomy":"product_tag","embeddable":true,"href":"https:\/\/hotta.eu\/lv\/wp-json\/wp\/v2\/product_tag?post=18827"},{"taxonomy":"giftcard-category","embeddable":true,"href":"https:\/\/hotta.eu\/lv\/wp-json\/wp\/v2\/giftcard-category?post=18827"}],"curies":[{"name":"wp","href":"https:\/\/api.w.org\/{rel}","templated":true}]}}