{"id":18829,"date":"2023-06-03T11:07:23","date_gmt":"2023-06-03T09:07:23","guid":{"rendered":"https:\/\/hotta.eu\/shop\/strips-bruschette-jalapeno\/"},"modified":"2025-09-08T11:12:58","modified_gmt":"2025-09-08T09:12:58","slug":"strips-bruschette-jalapeno","status":"publish","type":"product","link":"https:\/\/hotta.eu\/lv\/shop\/strips-bruschette-jalapeno\/","title":{"rendered":"Strips Bruschette Jalapeno"},"content":{"rendered":"<p><strong>Sast\u0101vda\u013cas<\/strong> zir\u0146u milti 49%, l\u0113cas milti 33%, rap\u0161u e\u013c\u013ca, \u010dia s\u0113klas, j\u016bras s\u0101ls, jalapeno \u010dilli 1,3%, malts \u010dilli mais\u012bjums, s\u012bpoli, tom\u0101ti, \u0137iploki, gar\u0161vielu mais\u012bjums, rauga ekstrakts. <strong>Uzturv\u0113rt\u012bbas inform\u0101cija (100 g) <\/strong>Ener\u0123ija 434 kcal, tauki 16,5 g, no tiem pies\u0101tin\u0101t\u0101s tauksk\u0101bes 1,2 g, og\u013chidr\u0101ti 45,4 g, no tiem cukuri 5,4 g, \u0161\u0137iedrvielas 11,9 g, olbaltumvielas 18,2 g, s\u0101ls 0,9 g. <strong>Der\u012bguma termi\u0146\u0161 un uzglab\u0101\u0161ana <\/strong>Uz iepakojuma nor\u0101d\u012btais der\u012bguma termi\u0146\u0161 attiecas uz neatv\u0113rtiem produktiem. Uzglab\u0101t saus\u0101 un v\u0113s\u0101 viet\u0101.<\/p>\n","protected":false},"excerpt":{"rendered":"<p>Ir atjaunin\u0101ts Hot Chip Strips kl\u0101sts!<br \/>\n\ud83e\udd29 Bruschetta-jalapeno gar\u0161as \u010dilli str\u0113meles ir izgatavotas no p\u0101k\u0161augiem.  Diezgan pikanta, olbaltumviel\u0101m bag\u0101ta uzkoda, kas ir vesel\u012bg\u0101ks, piem\u0113ram, kartupe\u013cu \u010dipsu aizst\u0101j\u0113js. Bez lipek\u013ca un veg\u0101ns. L\u012bdz 18,2 gramiem olbaltumvielu vien\u0101 iepakojum\u0101!<br \/>\n[ywcwtl_form product_id=\"\"]<\/p>\n","protected":false},"featured_media":17701,"comment_status":"open","ping_status":"closed","template":"","meta":[],"product_cat":[938],"product_tag":[],"giftcard-category":[],"class_list":{"0":"post-18829","1":"product","2":"type-product","3":"status-publish","4":"has-post-thumbnail","6":"product_cat-uzkodas","7":"pa_brand-hot-chip","9":"first","10":"outofstock","11":"sale","12":"taxable","13":"shipping-taxable","14":"purchasable","15":"product-type-simple"},"yoast_head":"<!-- This site is optimized with the Yoast SEO plugin v27.4 - https:\/\/yoast.com\/product\/yoast-seo-wordpress\/ -->\n<title>Strips Bruschette Jalapeno - Hotta<\/title>\n<meta name=\"description\" content=\"Bruschetta-jalapeno gar\u0161as \u010dilli str\u0113mel\u012btes tiek gatavotas no p\u0101k\u0161augiem. \u013boti asa, olbaltumviel\u0101m bag\u0101ta uzkoda. Bez lipek\u013ca un veg\u0101ns.\" \/>\n<meta name=\"robots\" content=\"index, follow, max-snippet:-1, max-image-preview:large, max-video-preview:-1\" \/>\n<link rel=\"canonical\" href=\"https:\/\/hotta.eu\/lv\/shop\/strips-bruschette-jalapeno\/\" \/>\n<meta property=\"og:locale\" content=\"lv_LV\" \/>\n<meta property=\"og:type\" content=\"article\" \/>\n<meta property=\"og:title\" content=\"Strips Bruschette Jalapeno - Hotta\" \/>\n<meta property=\"og:description\" content=\"Bruschetta-jalapeno gar\u0161as \u010dilli str\u0113mel\u012btes tiek gatavotas no p\u0101k\u0161augiem. \u013boti asa, olbaltumviel\u0101m bag\u0101ta uzkoda. Bez lipek\u013ca un veg\u0101ns.\" \/>\n<meta property=\"og:url\" content=\"https:\/\/hotta.eu\/lv\/shop\/strips-bruschette-jalapeno\/\" \/>\n<meta property=\"og:site_name\" content=\"Hotta\" \/>\n<meta property=\"article:publisher\" content=\"https:\/\/www.facebook.com\/hotta.eu\" \/>\n<meta property=\"article:modified_time\" content=\"2025-09-08T09:12:58+00:00\" \/>\n<meta property=\"og:image\" content=\"https:\/\/hotta.eu\/wp-content\/uploads\/2023\/06\/2c585306beb1592e0ef09eb132715627.jpg\" \/>\n\t<meta property=\"og:image:width\" content=\"800\" \/>\n\t<meta property=\"og:image:height\" content=\"800\" \/>\n\t<meta property=\"og:image:type\" content=\"image\/jpeg\" \/>\n<meta name=\"twitter:card\" content=\"summary_large_image\" \/>\n<meta name=\"twitter:site\" content=\"@hottashop\" \/>\n<meta name=\"twitter:label1\" content=\"Est. reading time\" \/>\n\t<meta name=\"twitter:data1\" content=\"1 minute\" \/>\n<script type=\"application\/ld+json\" class=\"yoast-schema-graph\">{\"@context\":\"https:\\\/\\\/schema.org\",\"@graph\":[{\"@type\":\"WebPage\",\"@id\":\"https:\\\/\\\/hotta.eu\\\/lv\\\/shop\\\/strips-bruschette-jalapeno\\\/\",\"url\":\"https:\\\/\\\/hotta.eu\\\/lv\\\/shop\\\/strips-bruschette-jalapeno\\\/\",\"name\":\"Strips Bruschette Jalapeno - Hotta\",\"isPartOf\":{\"@id\":\"https:\\\/\\\/hotta.eu\\\/lv\\\/#website\"},\"primaryImageOfPage\":{\"@id\":\"https:\\\/\\\/hotta.eu\\\/lv\\\/shop\\\/strips-bruschette-jalapeno\\\/#primaryimage\"},\"image\":{\"@id\":\"https:\\\/\\\/hotta.eu\\\/lv\\\/shop\\\/strips-bruschette-jalapeno\\\/#primaryimage\"},\"thumbnailUrl\":\"https:\\\/\\\/hotta.eu\\\/wp-content\\\/uploads\\\/2023\\\/06\\\/2c585306beb1592e0ef09eb132715627.jpg\",\"datePublished\":\"2023-06-03T09:07:23+00:00\",\"dateModified\":\"2025-09-08T09:12:58+00:00\",\"description\":\"Bruschetta-jalapeno gar\u0161as \u010dilli str\u0113mel\u012btes tiek gatavotas no p\u0101k\u0161augiem. \u013boti asa, olbaltumviel\u0101m bag\u0101ta uzkoda. Bez lipek\u013ca un veg\u0101ns.\",\"breadcrumb\":{\"@id\":\"https:\\\/\\\/hotta.eu\\\/lv\\\/shop\\\/strips-bruschette-jalapeno\\\/#breadcrumb\"},\"inLanguage\":\"lv-LV\",\"potentialAction\":[{\"@type\":\"ReadAction\",\"target\":[\"https:\\\/\\\/hotta.eu\\\/lv\\\/shop\\\/strips-bruschette-jalapeno\\\/\"]}]},{\"@type\":\"ImageObject\",\"inLanguage\":\"lv-LV\",\"@id\":\"https:\\\/\\\/hotta.eu\\\/lv\\\/shop\\\/strips-bruschette-jalapeno\\\/#primaryimage\",\"url\":\"https:\\\/\\\/hotta.eu\\\/wp-content\\\/uploads\\\/2023\\\/06\\\/2c585306beb1592e0ef09eb132715627.jpg\",\"contentUrl\":\"https:\\\/\\\/hotta.eu\\\/wp-content\\\/uploads\\\/2023\\\/06\\\/2c585306beb1592e0ef09eb132715627.jpg\",\"width\":800,\"height\":800},{\"@type\":\"BreadcrumbList\",\"@id\":\"https:\\\/\\\/hotta.eu\\\/lv\\\/shop\\\/strips-bruschette-jalapeno\\\/#breadcrumb\",\"itemListElement\":[{\"@type\":\"ListItem\",\"position\":1,\"name\":\"S\u0101kums\",\"item\":\"https:\\\/\\\/hotta.eu\\\/lv\\\/sakumlapa\\\/\"},{\"@type\":\"ListItem\",\"position\":2,\"name\":\"Veikals\",\"item\":\"https:\\\/\\\/hotta.eu\\\/lv\\\/shop\\\/\"},{\"@type\":\"ListItem\",\"position\":3,\"name\":\"Strips Bruschette Jalapeno\"}]},{\"@type\":\"WebSite\",\"@id\":\"https:\\\/\\\/hotta.eu\\\/lv\\\/#website\",\"url\":\"https:\\\/\\\/hotta.eu\\\/lv\\\/\",\"name\":\"Hotta\",\"description\":\"Makes your mouth burn a lotta!\",\"publisher\":{\"@id\":\"https:\\\/\\\/hotta.eu\\\/lv\\\/#organization\"},\"potentialAction\":[{\"@type\":\"SearchAction\",\"target\":{\"@type\":\"EntryPoint\",\"urlTemplate\":\"https:\\\/\\\/hotta.eu\\\/lv\\\/?s={search_term_string}\"},\"query-input\":{\"@type\":\"PropertyValueSpecification\",\"valueRequired\":true,\"valueName\":\"search_term_string\"}}],\"inLanguage\":\"lv-LV\"},{\"@type\":\"Organization\",\"@id\":\"https:\\\/\\\/hotta.eu\\\/lv\\\/#organization\",\"name\":\"Hotta\",\"url\":\"https:\\\/\\\/hotta.eu\\\/lv\\\/\",\"logo\":{\"@type\":\"ImageObject\",\"inLanguage\":\"lv-LV\",\"@id\":\"https:\\\/\\\/hotta.eu\\\/lv\\\/#\\\/schema\\\/logo\\\/image\\\/\",\"url\":\"https:\\\/\\\/hotta.eu\\\/wp-content\\\/uploads\\\/2025\\\/04\\\/hotta-logo-invoice.png\",\"contentUrl\":\"https:\\\/\\\/hotta.eu\\\/wp-content\\\/uploads\\\/2025\\\/04\\\/hotta-logo-invoice.png\",\"width\":600,\"height\":411,\"caption\":\"Hotta\"},\"image\":{\"@id\":\"https:\\\/\\\/hotta.eu\\\/lv\\\/#\\\/schema\\\/logo\\\/image\\\/\"},\"sameAs\":[\"https:\\\/\\\/www.facebook.com\\\/hotta.eu\",\"https:\\\/\\\/x.com\\\/hottashop\",\"https:\\\/\\\/www.instagram.com\\\/hotta.shop\"]}]}<\/script>\n<!-- \/ Yoast SEO plugin. -->","yoast_head_json":{"title":"Strips Bruschette Jalapeno - Hotta","description":"Bruschetta-jalapeno gar\u0161as \u010dilli str\u0113mel\u012btes tiek gatavotas no p\u0101k\u0161augiem. \u013boti asa, olbaltumviel\u0101m bag\u0101ta uzkoda. Bez lipek\u013ca un veg\u0101ns.","robots":{"index":"index","follow":"follow","max-snippet":"max-snippet:-1","max-image-preview":"max-image-preview:large","max-video-preview":"max-video-preview:-1"},"canonical":"https:\/\/hotta.eu\/lv\/shop\/strips-bruschette-jalapeno\/","og_locale":"lv_LV","og_type":"article","og_title":"Strips Bruschette Jalapeno - Hotta","og_description":"Bruschetta-jalapeno gar\u0161as \u010dilli str\u0113mel\u012btes tiek gatavotas no p\u0101k\u0161augiem. \u013boti asa, olbaltumviel\u0101m bag\u0101ta uzkoda. Bez lipek\u013ca un veg\u0101ns.","og_url":"https:\/\/hotta.eu\/lv\/shop\/strips-bruschette-jalapeno\/","og_site_name":"Hotta","article_publisher":"https:\/\/www.facebook.com\/hotta.eu","article_modified_time":"2025-09-08T09:12:58+00:00","og_image":[{"width":800,"height":800,"url":"https:\/\/hotta.eu\/wp-content\/uploads\/2023\/06\/2c585306beb1592e0ef09eb132715627.jpg","type":"image\/jpeg"}],"twitter_card":"summary_large_image","twitter_site":"@hottashop","twitter_misc":{"Est. reading time":"1 minute"},"schema":{"@context":"https:\/\/schema.org","@graph":[{"@type":"WebPage","@id":"https:\/\/hotta.eu\/lv\/shop\/strips-bruschette-jalapeno\/","url":"https:\/\/hotta.eu\/lv\/shop\/strips-bruschette-jalapeno\/","name":"Strips Bruschette Jalapeno - Hotta","isPartOf":{"@id":"https:\/\/hotta.eu\/lv\/#website"},"primaryImageOfPage":{"@id":"https:\/\/hotta.eu\/lv\/shop\/strips-bruschette-jalapeno\/#primaryimage"},"image":{"@id":"https:\/\/hotta.eu\/lv\/shop\/strips-bruschette-jalapeno\/#primaryimage"},"thumbnailUrl":"https:\/\/hotta.eu\/wp-content\/uploads\/2023\/06\/2c585306beb1592e0ef09eb132715627.jpg","datePublished":"2023-06-03T09:07:23+00:00","dateModified":"2025-09-08T09:12:58+00:00","description":"Bruschetta-jalapeno gar\u0161as \u010dilli str\u0113mel\u012btes tiek gatavotas no p\u0101k\u0161augiem. \u013boti asa, olbaltumviel\u0101m bag\u0101ta uzkoda. Bez lipek\u013ca un veg\u0101ns.","breadcrumb":{"@id":"https:\/\/hotta.eu\/lv\/shop\/strips-bruschette-jalapeno\/#breadcrumb"},"inLanguage":"lv-LV","potentialAction":[{"@type":"ReadAction","target":["https:\/\/hotta.eu\/lv\/shop\/strips-bruschette-jalapeno\/"]}]},{"@type":"ImageObject","inLanguage":"lv-LV","@id":"https:\/\/hotta.eu\/lv\/shop\/strips-bruschette-jalapeno\/#primaryimage","url":"https:\/\/hotta.eu\/wp-content\/uploads\/2023\/06\/2c585306beb1592e0ef09eb132715627.jpg","contentUrl":"https:\/\/hotta.eu\/wp-content\/uploads\/2023\/06\/2c585306beb1592e0ef09eb132715627.jpg","width":800,"height":800},{"@type":"BreadcrumbList","@id":"https:\/\/hotta.eu\/lv\/shop\/strips-bruschette-jalapeno\/#breadcrumb","itemListElement":[{"@type":"ListItem","position":1,"name":"S\u0101kums","item":"https:\/\/hotta.eu\/lv\/sakumlapa\/"},{"@type":"ListItem","position":2,"name":"Veikals","item":"https:\/\/hotta.eu\/lv\/shop\/"},{"@type":"ListItem","position":3,"name":"Strips Bruschette Jalapeno"}]},{"@type":"WebSite","@id":"https:\/\/hotta.eu\/lv\/#website","url":"https:\/\/hotta.eu\/lv\/","name":"Hotta","description":"Makes your mouth burn a lotta!","publisher":{"@id":"https:\/\/hotta.eu\/lv\/#organization"},"potentialAction":[{"@type":"SearchAction","target":{"@type":"EntryPoint","urlTemplate":"https:\/\/hotta.eu\/lv\/?s={search_term_string}"},"query-input":{"@type":"PropertyValueSpecification","valueRequired":true,"valueName":"search_term_string"}}],"inLanguage":"lv-LV"},{"@type":"Organization","@id":"https:\/\/hotta.eu\/lv\/#organization","name":"Hotta","url":"https:\/\/hotta.eu\/lv\/","logo":{"@type":"ImageObject","inLanguage":"lv-LV","@id":"https:\/\/hotta.eu\/lv\/#\/schema\/logo\/image\/","url":"https:\/\/hotta.eu\/wp-content\/uploads\/2025\/04\/hotta-logo-invoice.png","contentUrl":"https:\/\/hotta.eu\/wp-content\/uploads\/2025\/04\/hotta-logo-invoice.png","width":600,"height":411,"caption":"Hotta"},"image":{"@id":"https:\/\/hotta.eu\/lv\/#\/schema\/logo\/image\/"},"sameAs":["https:\/\/www.facebook.com\/hotta.eu","https:\/\/x.com\/hottashop","https:\/\/www.instagram.com\/hotta.shop"]}]}},"jetpack_sharing_enabled":true,"_links":{"self":[{"href":"https:\/\/hotta.eu\/lv\/wp-json\/wp\/v2\/product\/18829","targetHints":{"allow":["GET"]}}],"collection":[{"href":"https:\/\/hotta.eu\/lv\/wp-json\/wp\/v2\/product"}],"about":[{"href":"https:\/\/hotta.eu\/lv\/wp-json\/wp\/v2\/types\/product"}],"replies":[{"embeddable":true,"href":"https:\/\/hotta.eu\/lv\/wp-json\/wp\/v2\/comments?post=18829"}],"wp:featuredmedia":[{"embeddable":true,"href":"https:\/\/hotta.eu\/lv\/wp-json\/wp\/v2\/media\/17701"}],"wp:attachment":[{"href":"https:\/\/hotta.eu\/lv\/wp-json\/wp\/v2\/media?parent=18829"}],"wp:term":[{"taxonomy":"product_cat","embeddable":true,"href":"https:\/\/hotta.eu\/lv\/wp-json\/wp\/v2\/product_cat?post=18829"},{"taxonomy":"product_tag","embeddable":true,"href":"https:\/\/hotta.eu\/lv\/wp-json\/wp\/v2\/product_tag?post=18829"},{"taxonomy":"giftcard-category","embeddable":true,"href":"https:\/\/hotta.eu\/lv\/wp-json\/wp\/v2\/giftcard-category?post=18829"}],"curies":[{"name":"wp","href":"https:\/\/api.w.org\/{rel}","templated":true}]}}