{"id":18830,"date":"2023-04-08T05:48:11","date_gmt":"2023-04-08T03:48:11","guid":{"rendered":"https:\/\/hotta.eu\/shop\/detroitas-habanero-asa-merce\/"},"modified":"2024-12-27T12:40:48","modified_gmt":"2024-12-27T10:40:48","slug":"detroit-habanero-hot-sauce","status":"publish","type":"product","link":"https:\/\/hotta.eu\/lv\/shop\/detroit-habanero-hot-sauce\/","title":{"rendered":"Detroit Habanero Hot Sauce"},"content":{"rendered":"<p><strong>Sast\u0101vda\u013cas<br \/>\n<\/strong>Uz uguns grauzd\u0113ts habanero \u010dilli, sidra eti\u0137is, j\u016bras s\u0101ls, destil\u0113ts \u016bdens, ol\u012bve\u013c\u013ca.<\/p>\n<p><strong>Uztura inform\u0101cija (5 ml)<br \/>\n<\/strong>Ener\u0123ija 5 kcal, n\u0101trijs 70 mg.<\/p>\n<p><strong>Der\u012bgums un glab\u0101\u0161ana<\/strong><br \/>\nDer\u012bguma termi\u0146\u0161 uz pudel\u012btes attiecas uz neatv\u0113rtiem produktiem. Atv\u0113rtu produktu j\u0101uzglab\u0101 ledusskap\u012b.<\/p>\n","protected":false},"excerpt":{"rendered":"<p>Apels\u012bnu habanero ir viena no as\u0101kaj\u0101m habanero \u0161\u0137irn\u0113m, un tie\u0161i t\u0101s Hell Fire Detroit izmantoja \u0161\u012bs m\u0113rces pagatavo\u0161anai. Sast\u0101vda\u013cu saraksts ir vienk\u0101r\u0161s, t\u0101p\u0113c m\u0113s izv\u0113l\u0113j\u0101mies viegl\u0101ko ce\u013cu. Ugun\u012b grauzd\u0113ti habanero, gar\u0161oti ar j\u016bras s\u0101li un ol\u012bve\u013c\u013cu &#8211; rezult\u0101ts ir vid\u0113ji pikanta, \u013coti gar\u0161\u012bga m\u0113rce.<\/p>\n<p>Extra Mean Green tika iek\u013cauts <strong>Hot Ones<\/strong> m\u0113r\u010du t\u012bmek\u013ca s\u0113rij\u0101 9. sezon\u0101.<\/p>\n<div class=\"responsive-video\"><iframe src=\"https:\/\/www.youtube.com\/embed\/ifD3-niHucE\" width=\"480\" height=\"270\" frameborder=\"0\" allowfullscreen=\"allowfullscreen\"><\/iframe><\/div>\n[ywcwtl_form product_id=\"\"]\n","protected":false},"featured_media":17307,"comment_status":"open","ping_status":"closed","template":"","meta":[],"product_cat":[920,916,922],"product_tag":[],"giftcard-category":[],"class_list":{"0":"post-18830","1":"product","2":"type-product","3":"status-publish","4":"has-post-thumbnail","6":"product_cat-hot-ones-lv","7":"product_cat-merces","8":"product_cat-videjs","9":"pa_brand-hell-fire-detroit","11":"first","12":"outofstock","13":"taxable","14":"shipping-taxable","15":"purchasable","16":"product-type-simple"},"yoast_head":"<!-- This site is optimized with the Yoast SEO plugin v27.3 - https:\/\/yoast.com\/product\/yoast-seo-wordpress\/ -->\n<title>Detroit Habanero Hot Sauce - Hotta<\/title>\n<meta name=\"description\" content=\"Apels\u012bnu habanero ir viena no as\u0101kaj\u0101m habanero \u0161\u0137irn\u0113m, un tie\u0161i t\u0101s Hell Fire Detroit izmantoja \u0161\u012bs m\u0113rces pagatavo\u0161anai.\" \/>\n<meta name=\"robots\" content=\"index, follow, max-snippet:-1, max-image-preview:large, max-video-preview:-1\" \/>\n<link rel=\"canonical\" href=\"https:\/\/hotta.eu\/lv\/shop\/detroit-habanero-hot-sauce\/\" \/>\n<meta property=\"og:locale\" content=\"lv_LV\" \/>\n<meta property=\"og:type\" content=\"article\" \/>\n<meta property=\"og:title\" content=\"Detroit Habanero Hot Sauce - Hotta\" \/>\n<meta property=\"og:description\" content=\"Apels\u012bnu habanero ir viena no as\u0101kaj\u0101m habanero \u0161\u0137irn\u0113m, un tie\u0161i t\u0101s Hell Fire Detroit izmantoja \u0161\u012bs m\u0113rces pagatavo\u0161anai.\" \/>\n<meta property=\"og:url\" content=\"https:\/\/hotta.eu\/lv\/shop\/detroit-habanero-hot-sauce\/\" \/>\n<meta property=\"og:site_name\" content=\"Hotta\" \/>\n<meta property=\"article:publisher\" content=\"https:\/\/www.facebook.com\/hotta.eu\" \/>\n<meta property=\"article:modified_time\" content=\"2024-12-27T10:40:48+00:00\" \/>\n<meta property=\"og:image\" content=\"https:\/\/hotta.eu\/wp-content\/uploads\/2024\/03\/hellfire-detroit-habanero-nobadge.jpg\" \/>\n\t<meta property=\"og:image:width\" content=\"1200\" \/>\n\t<meta property=\"og:image:height\" content=\"1200\" \/>\n\t<meta property=\"og:image:type\" content=\"image\/jpeg\" \/>\n<meta name=\"twitter:card\" content=\"summary_large_image\" \/>\n<meta name=\"twitter:site\" content=\"@hottashop\" \/>\n<meta name=\"twitter:label1\" content=\"Est. reading time\" \/>\n\t<meta name=\"twitter:data1\" content=\"1 minute\" \/>\n<script type=\"application\/ld+json\" class=\"yoast-schema-graph\">{\"@context\":\"https:\\\/\\\/schema.org\",\"@graph\":[{\"@type\":\"WebPage\",\"@id\":\"https:\\\/\\\/hotta.eu\\\/lv\\\/shop\\\/detroit-habanero-hot-sauce\\\/\",\"url\":\"https:\\\/\\\/hotta.eu\\\/lv\\\/shop\\\/detroit-habanero-hot-sauce\\\/\",\"name\":\"Detroit Habanero Hot Sauce - Hotta\",\"isPartOf\":{\"@id\":\"https:\\\/\\\/hotta.eu\\\/lv\\\/#website\"},\"primaryImageOfPage\":{\"@id\":\"https:\\\/\\\/hotta.eu\\\/lv\\\/shop\\\/detroit-habanero-hot-sauce\\\/#primaryimage\"},\"image\":{\"@id\":\"https:\\\/\\\/hotta.eu\\\/lv\\\/shop\\\/detroit-habanero-hot-sauce\\\/#primaryimage\"},\"thumbnailUrl\":\"https:\\\/\\\/hotta.eu\\\/wp-content\\\/uploads\\\/2024\\\/03\\\/hellfire-detroit-habanero-nobadge.jpg\",\"datePublished\":\"2023-04-08T03:48:11+00:00\",\"dateModified\":\"2024-12-27T10:40:48+00:00\",\"description\":\"Apels\u012bnu habanero ir viena no as\u0101kaj\u0101m habanero \u0161\u0137irn\u0113m, un tie\u0161i t\u0101s Hell Fire Detroit izmantoja \u0161\u012bs m\u0113rces pagatavo\u0161anai.\",\"breadcrumb\":{\"@id\":\"https:\\\/\\\/hotta.eu\\\/lv\\\/shop\\\/detroit-habanero-hot-sauce\\\/#breadcrumb\"},\"inLanguage\":\"lv-LV\",\"potentialAction\":[{\"@type\":\"ReadAction\",\"target\":[\"https:\\\/\\\/hotta.eu\\\/lv\\\/shop\\\/detroit-habanero-hot-sauce\\\/\"]}]},{\"@type\":\"ImageObject\",\"inLanguage\":\"lv-LV\",\"@id\":\"https:\\\/\\\/hotta.eu\\\/lv\\\/shop\\\/detroit-habanero-hot-sauce\\\/#primaryimage\",\"url\":\"https:\\\/\\\/hotta.eu\\\/wp-content\\\/uploads\\\/2024\\\/03\\\/hellfire-detroit-habanero-nobadge.jpg\",\"contentUrl\":\"https:\\\/\\\/hotta.eu\\\/wp-content\\\/uploads\\\/2024\\\/03\\\/hellfire-detroit-habanero-nobadge.jpg\",\"width\":1200,\"height\":1200},{\"@type\":\"BreadcrumbList\",\"@id\":\"https:\\\/\\\/hotta.eu\\\/lv\\\/shop\\\/detroit-habanero-hot-sauce\\\/#breadcrumb\",\"itemListElement\":[{\"@type\":\"ListItem\",\"position\":1,\"name\":\"S\u0101kums\",\"item\":\"https:\\\/\\\/hotta.eu\\\/lv\\\/sakumlapa\\\/\"},{\"@type\":\"ListItem\",\"position\":2,\"name\":\"Veikals\",\"item\":\"https:\\\/\\\/hotta.eu\\\/lv\\\/shop\\\/\"},{\"@type\":\"ListItem\",\"position\":3,\"name\":\"Detroit Habanero Hot Sauce\"}]},{\"@type\":\"WebSite\",\"@id\":\"https:\\\/\\\/hotta.eu\\\/lv\\\/#website\",\"url\":\"https:\\\/\\\/hotta.eu\\\/lv\\\/\",\"name\":\"Hotta\",\"description\":\"Makes your mouth burn a lotta!\",\"publisher\":{\"@id\":\"https:\\\/\\\/hotta.eu\\\/lv\\\/#organization\"},\"potentialAction\":[{\"@type\":\"SearchAction\",\"target\":{\"@type\":\"EntryPoint\",\"urlTemplate\":\"https:\\\/\\\/hotta.eu\\\/lv\\\/?s={search_term_string}\"},\"query-input\":{\"@type\":\"PropertyValueSpecification\",\"valueRequired\":true,\"valueName\":\"search_term_string\"}}],\"inLanguage\":\"lv-LV\"},{\"@type\":\"Organization\",\"@id\":\"https:\\\/\\\/hotta.eu\\\/lv\\\/#organization\",\"name\":\"Hotta\",\"url\":\"https:\\\/\\\/hotta.eu\\\/lv\\\/\",\"logo\":{\"@type\":\"ImageObject\",\"inLanguage\":\"lv-LV\",\"@id\":\"https:\\\/\\\/hotta.eu\\\/lv\\\/#\\\/schema\\\/logo\\\/image\\\/\",\"url\":\"https:\\\/\\\/hotta.eu\\\/wp-content\\\/uploads\\\/2025\\\/04\\\/hotta-logo-invoice.png\",\"contentUrl\":\"https:\\\/\\\/hotta.eu\\\/wp-content\\\/uploads\\\/2025\\\/04\\\/hotta-logo-invoice.png\",\"width\":600,\"height\":411,\"caption\":\"Hotta\"},\"image\":{\"@id\":\"https:\\\/\\\/hotta.eu\\\/lv\\\/#\\\/schema\\\/logo\\\/image\\\/\"},\"sameAs\":[\"https:\\\/\\\/www.facebook.com\\\/hotta.eu\",\"https:\\\/\\\/x.com\\\/hottashop\",\"https:\\\/\\\/www.instagram.com\\\/hotta.shop\"]}]}<\/script>\n<!-- \/ Yoast SEO plugin. -->","yoast_head_json":{"title":"Detroit Habanero Hot Sauce - Hotta","description":"Apels\u012bnu habanero ir viena no as\u0101kaj\u0101m habanero \u0161\u0137irn\u0113m, un tie\u0161i t\u0101s Hell Fire Detroit izmantoja \u0161\u012bs m\u0113rces pagatavo\u0161anai.","robots":{"index":"index","follow":"follow","max-snippet":"max-snippet:-1","max-image-preview":"max-image-preview:large","max-video-preview":"max-video-preview:-1"},"canonical":"https:\/\/hotta.eu\/lv\/shop\/detroit-habanero-hot-sauce\/","og_locale":"lv_LV","og_type":"article","og_title":"Detroit Habanero Hot Sauce - Hotta","og_description":"Apels\u012bnu habanero ir viena no as\u0101kaj\u0101m habanero \u0161\u0137irn\u0113m, un tie\u0161i t\u0101s Hell Fire Detroit izmantoja \u0161\u012bs m\u0113rces pagatavo\u0161anai.","og_url":"https:\/\/hotta.eu\/lv\/shop\/detroit-habanero-hot-sauce\/","og_site_name":"Hotta","article_publisher":"https:\/\/www.facebook.com\/hotta.eu","article_modified_time":"2024-12-27T10:40:48+00:00","og_image":[{"width":1200,"height":1200,"url":"https:\/\/hotta.eu\/wp-content\/uploads\/2024\/03\/hellfire-detroit-habanero-nobadge.jpg","type":"image\/jpeg"}],"twitter_card":"summary_large_image","twitter_site":"@hottashop","twitter_misc":{"Est. reading time":"1 minute"},"schema":{"@context":"https:\/\/schema.org","@graph":[{"@type":"WebPage","@id":"https:\/\/hotta.eu\/lv\/shop\/detroit-habanero-hot-sauce\/","url":"https:\/\/hotta.eu\/lv\/shop\/detroit-habanero-hot-sauce\/","name":"Detroit Habanero Hot Sauce - Hotta","isPartOf":{"@id":"https:\/\/hotta.eu\/lv\/#website"},"primaryImageOfPage":{"@id":"https:\/\/hotta.eu\/lv\/shop\/detroit-habanero-hot-sauce\/#primaryimage"},"image":{"@id":"https:\/\/hotta.eu\/lv\/shop\/detroit-habanero-hot-sauce\/#primaryimage"},"thumbnailUrl":"https:\/\/hotta.eu\/wp-content\/uploads\/2024\/03\/hellfire-detroit-habanero-nobadge.jpg","datePublished":"2023-04-08T03:48:11+00:00","dateModified":"2024-12-27T10:40:48+00:00","description":"Apels\u012bnu habanero ir viena no as\u0101kaj\u0101m habanero \u0161\u0137irn\u0113m, un tie\u0161i t\u0101s Hell Fire Detroit izmantoja \u0161\u012bs m\u0113rces pagatavo\u0161anai.","breadcrumb":{"@id":"https:\/\/hotta.eu\/lv\/shop\/detroit-habanero-hot-sauce\/#breadcrumb"},"inLanguage":"lv-LV","potentialAction":[{"@type":"ReadAction","target":["https:\/\/hotta.eu\/lv\/shop\/detroit-habanero-hot-sauce\/"]}]},{"@type":"ImageObject","inLanguage":"lv-LV","@id":"https:\/\/hotta.eu\/lv\/shop\/detroit-habanero-hot-sauce\/#primaryimage","url":"https:\/\/hotta.eu\/wp-content\/uploads\/2024\/03\/hellfire-detroit-habanero-nobadge.jpg","contentUrl":"https:\/\/hotta.eu\/wp-content\/uploads\/2024\/03\/hellfire-detroit-habanero-nobadge.jpg","width":1200,"height":1200},{"@type":"BreadcrumbList","@id":"https:\/\/hotta.eu\/lv\/shop\/detroit-habanero-hot-sauce\/#breadcrumb","itemListElement":[{"@type":"ListItem","position":1,"name":"S\u0101kums","item":"https:\/\/hotta.eu\/lv\/sakumlapa\/"},{"@type":"ListItem","position":2,"name":"Veikals","item":"https:\/\/hotta.eu\/lv\/shop\/"},{"@type":"ListItem","position":3,"name":"Detroit Habanero Hot Sauce"}]},{"@type":"WebSite","@id":"https:\/\/hotta.eu\/lv\/#website","url":"https:\/\/hotta.eu\/lv\/","name":"Hotta","description":"Makes your mouth burn a lotta!","publisher":{"@id":"https:\/\/hotta.eu\/lv\/#organization"},"potentialAction":[{"@type":"SearchAction","target":{"@type":"EntryPoint","urlTemplate":"https:\/\/hotta.eu\/lv\/?s={search_term_string}"},"query-input":{"@type":"PropertyValueSpecification","valueRequired":true,"valueName":"search_term_string"}}],"inLanguage":"lv-LV"},{"@type":"Organization","@id":"https:\/\/hotta.eu\/lv\/#organization","name":"Hotta","url":"https:\/\/hotta.eu\/lv\/","logo":{"@type":"ImageObject","inLanguage":"lv-LV","@id":"https:\/\/hotta.eu\/lv\/#\/schema\/logo\/image\/","url":"https:\/\/hotta.eu\/wp-content\/uploads\/2025\/04\/hotta-logo-invoice.png","contentUrl":"https:\/\/hotta.eu\/wp-content\/uploads\/2025\/04\/hotta-logo-invoice.png","width":600,"height":411,"caption":"Hotta"},"image":{"@id":"https:\/\/hotta.eu\/lv\/#\/schema\/logo\/image\/"},"sameAs":["https:\/\/www.facebook.com\/hotta.eu","https:\/\/x.com\/hottashop","https:\/\/www.instagram.com\/hotta.shop"]}]}},"jetpack_sharing_enabled":true,"_links":{"self":[{"href":"https:\/\/hotta.eu\/lv\/wp-json\/wp\/v2\/product\/18830","targetHints":{"allow":["GET"]}}],"collection":[{"href":"https:\/\/hotta.eu\/lv\/wp-json\/wp\/v2\/product"}],"about":[{"href":"https:\/\/hotta.eu\/lv\/wp-json\/wp\/v2\/types\/product"}],"replies":[{"embeddable":true,"href":"https:\/\/hotta.eu\/lv\/wp-json\/wp\/v2\/comments?post=18830"}],"wp:featuredmedia":[{"embeddable":true,"href":"https:\/\/hotta.eu\/lv\/wp-json\/wp\/v2\/media\/17307"}],"wp:attachment":[{"href":"https:\/\/hotta.eu\/lv\/wp-json\/wp\/v2\/media?parent=18830"}],"wp:term":[{"taxonomy":"product_cat","embeddable":true,"href":"https:\/\/hotta.eu\/lv\/wp-json\/wp\/v2\/product_cat?post=18830"},{"taxonomy":"product_tag","embeddable":true,"href":"https:\/\/hotta.eu\/lv\/wp-json\/wp\/v2\/product_tag?post=18830"},{"taxonomy":"giftcard-category","embeddable":true,"href":"https:\/\/hotta.eu\/lv\/wp-json\/wp\/v2\/giftcard-category?post=18830"}],"curies":[{"name":"wp","href":"https:\/\/api.w.org\/{rel}","templated":true}]}}