{"id":18833,"date":"2023-06-10T08:00:57","date_gmt":"2023-06-10T06:00:57","guid":{"rendered":"https:\/\/hotta.eu\/shop\/zeleja-pupinas-pikanti-augli\/"},"modified":"2025-04-10T03:15:46","modified_gmt":"2025-04-10T01:15:46","slug":"jelly-beans-spicy-fruit","status":"publish","type":"product","link":"https:\/\/hotta.eu\/lv\/shop\/jelly-beans-spicy-fruit\/","title":{"rendered":"Jelly Beans Spicy Fruit"},"content":{"rendered":"<p><strong>Sast\u0101vs<br \/>\n<\/strong>Cukurs, kvie\u0161u milti, glikozes s\u012brups, \u016bdens, kukur\u016bzas ciete, citronsk\u0101be, \u0101bolsk\u0101be, aug\u013cu koncentr\u0101ts, biezin\u0101t\u0101js &#8211; gumiar\u0101biks, augu e\u013c\u013ca, \u0161\u012b sviests, dab\u012bg\u0101s aromatiz\u0113t\u0101jas, sk\u0101buma regulators n\u0101trija citr\u0101ts, kokosriekstu e\u013c\u013ca, karnaubas vasks, glicer\u012bns, \u0161ellaka, bietes, melnie burk\u0101ni, melnie burk\u0101ni, upenes, spirul\u012bna, mono- un diglicer\u012bdi, p\u0101rtikas kr\u0101svielas, kurkuma.<\/p>\n<p><strong>Uzturv\u0113rt\u012bbas inform\u0101cija (100 g)<br \/>\n<\/strong>Ener\u0123\u0113tisk\u0101 v\u0113rt\u012bba 373 kcal, tauki 1,2 g, no tiem pies\u0101tin\u0101t\u0101s tauksk\u0101bes 0,8 g, og\u013chidr\u0101ti 89 g, no tiem cukurs 70 g, s\u0101ls 0,21 g.<\/p>\n<p><strong>Der\u012bguma termi\u0146\u0161 un uzglab\u0101\u0161ana<br \/>\n<\/strong>Uz iepakojuma nor\u0101d\u012btais der\u012bguma termi\u0146\u0161 attiecas uz neatv\u0113rtiem produktiem. Uzglab\u0101t saus\u0101 un v\u0113s\u0101 viet\u0101.<\/p>\n","protected":false},"excerpt":{"rendered":"<p>Ir atjaunin\u0101ts Hot Chip Strips kl\u0101sts! \ud83e\udd29<\/p>\n<p>Aug\u013cu arom\u0101ta, m\u0113reni pikantas <em>\u017eelejas pupi\u0146as<\/em>. Iepakojum\u0101 iek\u013cautie arom\u0101ti: melle\u0146u, \u0137ir\u0161u, zeme\u0146u, arb\u016bzu un mango.<br \/>\n[ywcwtl_form product_id=\"\"]<\/p>\n","protected":false},"featured_media":17677,"comment_status":"open","ping_status":"closed","template":"","meta":[],"product_cat":[938],"product_tag":[],"giftcard-category":[],"class_list":{"0":"post-18833","1":"product","2":"type-product","3":"status-publish","4":"has-post-thumbnail","6":"product_cat-uzkodas","7":"pa_brand-hot-chip","9":"first","10":"outofstock","11":"sale","12":"taxable","13":"shipping-taxable","14":"purchasable","15":"product-type-simple"},"yoast_head":"<!-- This site is optimized with the Yoast SEO plugin v27.3 - https:\/\/yoast.com\/product\/yoast-seo-wordpress\/ -->\n<title>Jelly Beans Spicy Fruit - Hotta<\/title>\n<meta name=\"description\" content=\"Aug\u013cu arom\u0101ta, m\u0113reni pikantas \u017eelejas pupi\u0146as. Iepakojum\u0101 iek\u013cautie arom\u0101ti: melle\u0146u, \u0137ir\u0161u, zeme\u0146u, arb\u016bzu un mango.\" \/>\n<meta name=\"robots\" content=\"index, follow, max-snippet:-1, max-image-preview:large, max-video-preview:-1\" \/>\n<link rel=\"canonical\" href=\"https:\/\/hotta.eu\/lv\/shop\/jelly-beans-spicy-fruit\/\" \/>\n<meta property=\"og:locale\" content=\"lv_LV\" \/>\n<meta property=\"og:type\" content=\"article\" \/>\n<meta property=\"og:title\" content=\"Jelly Beans Spicy Fruit - Hotta\" \/>\n<meta property=\"og:description\" content=\"Aug\u013cu arom\u0101ta, m\u0113reni pikantas \u017eelejas pupi\u0146as. Iepakojum\u0101 iek\u013cautie arom\u0101ti: melle\u0146u, \u0137ir\u0161u, zeme\u0146u, arb\u016bzu un mango.\" \/>\n<meta property=\"og:url\" content=\"https:\/\/hotta.eu\/lv\/shop\/jelly-beans-spicy-fruit\/\" \/>\n<meta property=\"og:site_name\" content=\"Hotta\" \/>\n<meta property=\"article:publisher\" content=\"https:\/\/www.facebook.com\/hotta.eu\" \/>\n<meta property=\"article:modified_time\" content=\"2025-04-10T01:15:46+00:00\" \/>\n<meta property=\"og:image\" content=\"https:\/\/hotta.eu\/wp-content\/uploads\/2023\/06\/78c610cd215f461cdc6c54e378a7af62.png\" \/>\n\t<meta property=\"og:image:width\" content=\"660\" \/>\n\t<meta property=\"og:image:height\" content=\"800\" \/>\n\t<meta property=\"og:image:type\" content=\"image\/png\" \/>\n<meta name=\"twitter:card\" content=\"summary_large_image\" \/>\n<meta name=\"twitter:site\" content=\"@hottashop\" \/>\n<meta name=\"twitter:label1\" content=\"Est. reading time\" \/>\n\t<meta name=\"twitter:data1\" content=\"1 minute\" \/>\n<script type=\"application\/ld+json\" class=\"yoast-schema-graph\">{\"@context\":\"https:\\\/\\\/schema.org\",\"@graph\":[{\"@type\":\"WebPage\",\"@id\":\"https:\\\/\\\/hotta.eu\\\/lv\\\/shop\\\/jelly-beans-spicy-fruit\\\/\",\"url\":\"https:\\\/\\\/hotta.eu\\\/lv\\\/shop\\\/jelly-beans-spicy-fruit\\\/\",\"name\":\"Jelly Beans Spicy Fruit - Hotta\",\"isPartOf\":{\"@id\":\"https:\\\/\\\/hotta.eu\\\/lv\\\/#website\"},\"primaryImageOfPage\":{\"@id\":\"https:\\\/\\\/hotta.eu\\\/lv\\\/shop\\\/jelly-beans-spicy-fruit\\\/#primaryimage\"},\"image\":{\"@id\":\"https:\\\/\\\/hotta.eu\\\/lv\\\/shop\\\/jelly-beans-spicy-fruit\\\/#primaryimage\"},\"thumbnailUrl\":\"https:\\\/\\\/hotta.eu\\\/wp-content\\\/uploads\\\/2023\\\/06\\\/78c610cd215f461cdc6c54e378a7af62.png\",\"datePublished\":\"2023-06-10T06:00:57+00:00\",\"dateModified\":\"2025-04-10T01:15:46+00:00\",\"description\":\"Aug\u013cu arom\u0101ta, m\u0113reni pikantas \u017eelejas pupi\u0146as. Iepakojum\u0101 iek\u013cautie arom\u0101ti: melle\u0146u, \u0137ir\u0161u, zeme\u0146u, arb\u016bzu un mango.\",\"breadcrumb\":{\"@id\":\"https:\\\/\\\/hotta.eu\\\/lv\\\/shop\\\/jelly-beans-spicy-fruit\\\/#breadcrumb\"},\"inLanguage\":\"lv-LV\",\"potentialAction\":[{\"@type\":\"ReadAction\",\"target\":[\"https:\\\/\\\/hotta.eu\\\/lv\\\/shop\\\/jelly-beans-spicy-fruit\\\/\"]}]},{\"@type\":\"ImageObject\",\"inLanguage\":\"lv-LV\",\"@id\":\"https:\\\/\\\/hotta.eu\\\/lv\\\/shop\\\/jelly-beans-spicy-fruit\\\/#primaryimage\",\"url\":\"https:\\\/\\\/hotta.eu\\\/wp-content\\\/uploads\\\/2023\\\/06\\\/78c610cd215f461cdc6c54e378a7af62.png\",\"contentUrl\":\"https:\\\/\\\/hotta.eu\\\/wp-content\\\/uploads\\\/2023\\\/06\\\/78c610cd215f461cdc6c54e378a7af62.png\",\"width\":660,\"height\":800},{\"@type\":\"BreadcrumbList\",\"@id\":\"https:\\\/\\\/hotta.eu\\\/lv\\\/shop\\\/jelly-beans-spicy-fruit\\\/#breadcrumb\",\"itemListElement\":[{\"@type\":\"ListItem\",\"position\":1,\"name\":\"S\u0101kums\",\"item\":\"https:\\\/\\\/hotta.eu\\\/lv\\\/sakumlapa\\\/\"},{\"@type\":\"ListItem\",\"position\":2,\"name\":\"Veikals\",\"item\":\"https:\\\/\\\/hotta.eu\\\/lv\\\/shop\\\/\"},{\"@type\":\"ListItem\",\"position\":3,\"name\":\"Jelly Beans Spicy Fruit\"}]},{\"@type\":\"WebSite\",\"@id\":\"https:\\\/\\\/hotta.eu\\\/lv\\\/#website\",\"url\":\"https:\\\/\\\/hotta.eu\\\/lv\\\/\",\"name\":\"Hotta\",\"description\":\"Makes your mouth burn a lotta!\",\"publisher\":{\"@id\":\"https:\\\/\\\/hotta.eu\\\/lv\\\/#organization\"},\"potentialAction\":[{\"@type\":\"SearchAction\",\"target\":{\"@type\":\"EntryPoint\",\"urlTemplate\":\"https:\\\/\\\/hotta.eu\\\/lv\\\/?s={search_term_string}\"},\"query-input\":{\"@type\":\"PropertyValueSpecification\",\"valueRequired\":true,\"valueName\":\"search_term_string\"}}],\"inLanguage\":\"lv-LV\"},{\"@type\":\"Organization\",\"@id\":\"https:\\\/\\\/hotta.eu\\\/lv\\\/#organization\",\"name\":\"Hotta\",\"url\":\"https:\\\/\\\/hotta.eu\\\/lv\\\/\",\"logo\":{\"@type\":\"ImageObject\",\"inLanguage\":\"lv-LV\",\"@id\":\"https:\\\/\\\/hotta.eu\\\/lv\\\/#\\\/schema\\\/logo\\\/image\\\/\",\"url\":\"https:\\\/\\\/hotta.eu\\\/wp-content\\\/uploads\\\/2025\\\/04\\\/hotta-logo-invoice.png\",\"contentUrl\":\"https:\\\/\\\/hotta.eu\\\/wp-content\\\/uploads\\\/2025\\\/04\\\/hotta-logo-invoice.png\",\"width\":600,\"height\":411,\"caption\":\"Hotta\"},\"image\":{\"@id\":\"https:\\\/\\\/hotta.eu\\\/lv\\\/#\\\/schema\\\/logo\\\/image\\\/\"},\"sameAs\":[\"https:\\\/\\\/www.facebook.com\\\/hotta.eu\",\"https:\\\/\\\/x.com\\\/hottashop\",\"https:\\\/\\\/www.instagram.com\\\/hotta.shop\"]}]}<\/script>\n<!-- \/ Yoast SEO plugin. -->","yoast_head_json":{"title":"Jelly Beans Spicy Fruit - Hotta","description":"Aug\u013cu arom\u0101ta, m\u0113reni pikantas \u017eelejas pupi\u0146as. Iepakojum\u0101 iek\u013cautie arom\u0101ti: melle\u0146u, \u0137ir\u0161u, zeme\u0146u, arb\u016bzu un mango.","robots":{"index":"index","follow":"follow","max-snippet":"max-snippet:-1","max-image-preview":"max-image-preview:large","max-video-preview":"max-video-preview:-1"},"canonical":"https:\/\/hotta.eu\/lv\/shop\/jelly-beans-spicy-fruit\/","og_locale":"lv_LV","og_type":"article","og_title":"Jelly Beans Spicy Fruit - Hotta","og_description":"Aug\u013cu arom\u0101ta, m\u0113reni pikantas \u017eelejas pupi\u0146as. Iepakojum\u0101 iek\u013cautie arom\u0101ti: melle\u0146u, \u0137ir\u0161u, zeme\u0146u, arb\u016bzu un mango.","og_url":"https:\/\/hotta.eu\/lv\/shop\/jelly-beans-spicy-fruit\/","og_site_name":"Hotta","article_publisher":"https:\/\/www.facebook.com\/hotta.eu","article_modified_time":"2025-04-10T01:15:46+00:00","og_image":[{"width":660,"height":800,"url":"https:\/\/hotta.eu\/wp-content\/uploads\/2023\/06\/78c610cd215f461cdc6c54e378a7af62.png","type":"image\/png"}],"twitter_card":"summary_large_image","twitter_site":"@hottashop","twitter_misc":{"Est. reading time":"1 minute"},"schema":{"@context":"https:\/\/schema.org","@graph":[{"@type":"WebPage","@id":"https:\/\/hotta.eu\/lv\/shop\/jelly-beans-spicy-fruit\/","url":"https:\/\/hotta.eu\/lv\/shop\/jelly-beans-spicy-fruit\/","name":"Jelly Beans Spicy Fruit - Hotta","isPartOf":{"@id":"https:\/\/hotta.eu\/lv\/#website"},"primaryImageOfPage":{"@id":"https:\/\/hotta.eu\/lv\/shop\/jelly-beans-spicy-fruit\/#primaryimage"},"image":{"@id":"https:\/\/hotta.eu\/lv\/shop\/jelly-beans-spicy-fruit\/#primaryimage"},"thumbnailUrl":"https:\/\/hotta.eu\/wp-content\/uploads\/2023\/06\/78c610cd215f461cdc6c54e378a7af62.png","datePublished":"2023-06-10T06:00:57+00:00","dateModified":"2025-04-10T01:15:46+00:00","description":"Aug\u013cu arom\u0101ta, m\u0113reni pikantas \u017eelejas pupi\u0146as. Iepakojum\u0101 iek\u013cautie arom\u0101ti: melle\u0146u, \u0137ir\u0161u, zeme\u0146u, arb\u016bzu un mango.","breadcrumb":{"@id":"https:\/\/hotta.eu\/lv\/shop\/jelly-beans-spicy-fruit\/#breadcrumb"},"inLanguage":"lv-LV","potentialAction":[{"@type":"ReadAction","target":["https:\/\/hotta.eu\/lv\/shop\/jelly-beans-spicy-fruit\/"]}]},{"@type":"ImageObject","inLanguage":"lv-LV","@id":"https:\/\/hotta.eu\/lv\/shop\/jelly-beans-spicy-fruit\/#primaryimage","url":"https:\/\/hotta.eu\/wp-content\/uploads\/2023\/06\/78c610cd215f461cdc6c54e378a7af62.png","contentUrl":"https:\/\/hotta.eu\/wp-content\/uploads\/2023\/06\/78c610cd215f461cdc6c54e378a7af62.png","width":660,"height":800},{"@type":"BreadcrumbList","@id":"https:\/\/hotta.eu\/lv\/shop\/jelly-beans-spicy-fruit\/#breadcrumb","itemListElement":[{"@type":"ListItem","position":1,"name":"S\u0101kums","item":"https:\/\/hotta.eu\/lv\/sakumlapa\/"},{"@type":"ListItem","position":2,"name":"Veikals","item":"https:\/\/hotta.eu\/lv\/shop\/"},{"@type":"ListItem","position":3,"name":"Jelly Beans Spicy Fruit"}]},{"@type":"WebSite","@id":"https:\/\/hotta.eu\/lv\/#website","url":"https:\/\/hotta.eu\/lv\/","name":"Hotta","description":"Makes your mouth burn a lotta!","publisher":{"@id":"https:\/\/hotta.eu\/lv\/#organization"},"potentialAction":[{"@type":"SearchAction","target":{"@type":"EntryPoint","urlTemplate":"https:\/\/hotta.eu\/lv\/?s={search_term_string}"},"query-input":{"@type":"PropertyValueSpecification","valueRequired":true,"valueName":"search_term_string"}}],"inLanguage":"lv-LV"},{"@type":"Organization","@id":"https:\/\/hotta.eu\/lv\/#organization","name":"Hotta","url":"https:\/\/hotta.eu\/lv\/","logo":{"@type":"ImageObject","inLanguage":"lv-LV","@id":"https:\/\/hotta.eu\/lv\/#\/schema\/logo\/image\/","url":"https:\/\/hotta.eu\/wp-content\/uploads\/2025\/04\/hotta-logo-invoice.png","contentUrl":"https:\/\/hotta.eu\/wp-content\/uploads\/2025\/04\/hotta-logo-invoice.png","width":600,"height":411,"caption":"Hotta"},"image":{"@id":"https:\/\/hotta.eu\/lv\/#\/schema\/logo\/image\/"},"sameAs":["https:\/\/www.facebook.com\/hotta.eu","https:\/\/x.com\/hottashop","https:\/\/www.instagram.com\/hotta.shop"]}]}},"jetpack_sharing_enabled":true,"_links":{"self":[{"href":"https:\/\/hotta.eu\/lv\/wp-json\/wp\/v2\/product\/18833","targetHints":{"allow":["GET"]}}],"collection":[{"href":"https:\/\/hotta.eu\/lv\/wp-json\/wp\/v2\/product"}],"about":[{"href":"https:\/\/hotta.eu\/lv\/wp-json\/wp\/v2\/types\/product"}],"replies":[{"embeddable":true,"href":"https:\/\/hotta.eu\/lv\/wp-json\/wp\/v2\/comments?post=18833"}],"wp:featuredmedia":[{"embeddable":true,"href":"https:\/\/hotta.eu\/lv\/wp-json\/wp\/v2\/media\/17677"}],"wp:attachment":[{"href":"https:\/\/hotta.eu\/lv\/wp-json\/wp\/v2\/media?parent=18833"}],"wp:term":[{"taxonomy":"product_cat","embeddable":true,"href":"https:\/\/hotta.eu\/lv\/wp-json\/wp\/v2\/product_cat?post=18833"},{"taxonomy":"product_tag","embeddable":true,"href":"https:\/\/hotta.eu\/lv\/wp-json\/wp\/v2\/product_tag?post=18833"},{"taxonomy":"giftcard-category","embeddable":true,"href":"https:\/\/hotta.eu\/lv\/wp-json\/wp\/v2\/giftcard-category?post=18833"}],"curies":[{"name":"wp","href":"https:\/\/api.w.org\/{rel}","templated":true}]}}