{"id":18858,"date":"2023-12-16T00:24:15","date_gmt":"2023-12-15T22:24:15","guid":{"rendered":"https:\/\/hotta.eu\/shop\/juras-algu-guava-lava-karsta-merce\/"},"modified":"2025-10-11T08:02:53","modified_gmt":"2025-10-11T06:02:53","slug":"seaweed-guava-lava-hot-sauce","status":"publish","type":"product","link":"https:\/\/hotta.eu\/lv\/shop\/seaweed-guava-lava-hot-sauce\/","title":{"rendered":"Seaweed Guava Lava Hot Sauce"},"content":{"rendered":"<p><strong>Sast\u0101vs<br \/>\n<\/strong>Guava (72%), eti\u0137sk\u0101be, s\u012bpoli, j\u016bras s\u0101ls, Madame Jeanette \u010dilli (6%), habanero \u010dilli, \u0137iploki, d\u0101rze\u0146i da\u017e\u0101d\u0101s proporcij\u0101s (sudraba s\u012bpoli, korni\u0161oni, ziedk\u0101posti), cukurs, kvie\u0161u milti, sinepju s\u0113klas, palmu tom\u0101ti (1%), rap\u0161u e\u013c\u013ca, gar\u0161vielas. Var satur\u0113t <strong>smil\u0161u<\/strong>, <strong>zivju<\/strong>, <strong>gliemju<\/strong> un <strong>v\u0113\u017eveid\u012bgo<\/strong> atliekas.<\/p>\n<p><strong>Uztura inform\u0101cija (100 ml)<br \/>\n<\/strong> Ener\u0123ija 71 kcal (297 kJ), tauki 0,73 g, no tiem pies\u0101tin\u0101t\u0101s tauksk\u0101bes 0,1 g, og\u013chidr\u0101ti 13,90 g, no tiem cukuri 8,66 g, olbaltumvielas 2,23 g, \u0161\u0137iedrvielas 2,44 g, s\u0101ls 5,04 g.<\/p>\n<p><strong>Der\u012bguma termi\u0146\u0161 un uzglab\u0101\u0161ana<\/strong><br \/>\nDer\u012bguma termi\u0146\u0161 uz pudeles attiecas uz neatv\u0113rtiem produktiem. Atv\u0113rtu produktu j\u0101uzglab\u0101 ledusskap\u012b.<\/p>\n","protected":false},"excerpt":{"rendered":"<p>Pastiche ir N\u012bderlandes ra\u017eot\u0101js, kas specializ\u0113jas pikantu m\u0113r\u010du ar augu izcelsmes sast\u0101vda\u013c\u0101m ra\u017eo\u0161an\u0101. Amsterdam\u0101 ra\u017eoto produktu pamat\u0101 ir vismaz 70 % da\u017e\u0101du tropu aug\u013cu, kam pievieno 8-10 % \u010dilli.<\/p>\n<p>J\u016bras a\u013c\u0123u Guava Lava sast\u0101v no 71% guavas, Madame Jeanette un habanero \u010dilli tam pie\u0161\u0137ir pikantumu, bet \u012bpa\u0161u gar\u0161u pie\u0161\u0137ir pievienot\u0101s j\u016bras a\u013c\u0123es.<br \/>\n[ywcwtl_form product_id=\"\"]<\/p>\n","protected":false},"featured_media":16755,"comment_status":"open","ping_status":"closed","template":"","meta":[],"product_cat":[924,916],"product_tag":[],"giftcard-category":[],"class_list":{"0":"post-18858","1":"product","2":"type-product","3":"status-publish","4":"has-post-thumbnail","6":"product_cat-maigs","7":"product_cat-merces","8":"pa_brand-pastiche","10":"first","11":"outofstock","12":"taxable","13":"shipping-taxable","14":"purchasable","15":"product-type-variable","16":"has-default-attributes"},"yoast_head":"<!-- This site is optimized with the Yoast SEO plugin v27.4 - https:\/\/yoast.com\/product\/yoast-seo-wordpress\/ -->\n<title>Seaweed Guava Lava Hot Sauce - Hotta<\/title>\n<meta name=\"description\" content=\"Pastiche ir N\u012bderlandes ra\u017eot\u0101js, kas specializ\u0113jas pikantu m\u0113r\u010du ar augu izcelsmes sast\u0101vda\u013c\u0101m ra\u017eo\u0161an\u0101. Svaigi gar\u0161as tie\u0161i no Amsterdamas. Izm\u0113\u0123iniet to!\" \/>\n<meta name=\"robots\" content=\"index, follow, max-snippet:-1, max-image-preview:large, max-video-preview:-1\" \/>\n<link rel=\"canonical\" href=\"https:\/\/hotta.eu\/lv\/shop\/seaweed-guava-lava-hot-sauce\/\" \/>\n<meta property=\"og:locale\" content=\"lv_LV\" \/>\n<meta property=\"og:type\" content=\"article\" \/>\n<meta property=\"og:title\" content=\"Seaweed Guava Lava Hot Sauce - Hotta\" \/>\n<meta property=\"og:description\" content=\"Pastiche ir N\u012bderlandes ra\u017eot\u0101js, kas specializ\u0113jas pikantu m\u0113r\u010du ar augu izcelsmes sast\u0101vda\u013c\u0101m ra\u017eo\u0161an\u0101. Svaigi gar\u0161as tie\u0161i no Amsterdamas. Izm\u0113\u0123iniet to!\" \/>\n<meta property=\"og:url\" content=\"https:\/\/hotta.eu\/lv\/shop\/seaweed-guava-lava-hot-sauce\/\" \/>\n<meta property=\"og:site_name\" content=\"Hotta\" \/>\n<meta property=\"article:publisher\" content=\"https:\/\/www.facebook.com\/hotta.eu\" \/>\n<meta property=\"article:modified_time\" content=\"2025-10-11T06:02:53+00:00\" \/>\n<meta property=\"og:image\" content=\"https:\/\/hotta.eu\/wp-content\/uploads\/2024\/03\/pastiche-guava-lava.png\" \/>\n\t<meta property=\"og:image:width\" content=\"1000\" \/>\n\t<meta property=\"og:image:height\" content=\"1000\" \/>\n\t<meta property=\"og:image:type\" content=\"image\/png\" \/>\n<meta name=\"twitter:card\" content=\"summary_large_image\" \/>\n<meta name=\"twitter:site\" content=\"@hottashop\" \/>\n<meta name=\"twitter:label1\" content=\"Est. reading time\" \/>\n\t<meta name=\"twitter:data1\" content=\"1 minute\" \/>\n<script type=\"application\/ld+json\" class=\"yoast-schema-graph\">{\"@context\":\"https:\\\/\\\/schema.org\",\"@graph\":[{\"@type\":\"WebPage\",\"@id\":\"https:\\\/\\\/hotta.eu\\\/lv\\\/shop\\\/seaweed-guava-lava-hot-sauce\\\/\",\"url\":\"https:\\\/\\\/hotta.eu\\\/lv\\\/shop\\\/seaweed-guava-lava-hot-sauce\\\/\",\"name\":\"Seaweed Guava Lava Hot Sauce - Hotta\",\"isPartOf\":{\"@id\":\"https:\\\/\\\/hotta.eu\\\/lv\\\/#website\"},\"primaryImageOfPage\":{\"@id\":\"https:\\\/\\\/hotta.eu\\\/lv\\\/shop\\\/seaweed-guava-lava-hot-sauce\\\/#primaryimage\"},\"image\":{\"@id\":\"https:\\\/\\\/hotta.eu\\\/lv\\\/shop\\\/seaweed-guava-lava-hot-sauce\\\/#primaryimage\"},\"thumbnailUrl\":\"https:\\\/\\\/hotta.eu\\\/wp-content\\\/uploads\\\/2024\\\/03\\\/pastiche-guava-lava.png\",\"datePublished\":\"2023-12-15T22:24:15+00:00\",\"dateModified\":\"2025-10-11T06:02:53+00:00\",\"description\":\"Pastiche ir N\u012bderlandes ra\u017eot\u0101js, kas specializ\u0113jas pikantu m\u0113r\u010du ar augu izcelsmes sast\u0101vda\u013c\u0101m ra\u017eo\u0161an\u0101. Svaigi gar\u0161as tie\u0161i no Amsterdamas. Izm\u0113\u0123iniet to!\",\"breadcrumb\":{\"@id\":\"https:\\\/\\\/hotta.eu\\\/lv\\\/shop\\\/seaweed-guava-lava-hot-sauce\\\/#breadcrumb\"},\"inLanguage\":\"lv-LV\",\"potentialAction\":[{\"@type\":\"ReadAction\",\"target\":[\"https:\\\/\\\/hotta.eu\\\/lv\\\/shop\\\/seaweed-guava-lava-hot-sauce\\\/\"]}]},{\"@type\":\"ImageObject\",\"inLanguage\":\"lv-LV\",\"@id\":\"https:\\\/\\\/hotta.eu\\\/lv\\\/shop\\\/seaweed-guava-lava-hot-sauce\\\/#primaryimage\",\"url\":\"https:\\\/\\\/hotta.eu\\\/wp-content\\\/uploads\\\/2024\\\/03\\\/pastiche-guava-lava.png\",\"contentUrl\":\"https:\\\/\\\/hotta.eu\\\/wp-content\\\/uploads\\\/2024\\\/03\\\/pastiche-guava-lava.png\",\"width\":1000,\"height\":1000},{\"@type\":\"BreadcrumbList\",\"@id\":\"https:\\\/\\\/hotta.eu\\\/lv\\\/shop\\\/seaweed-guava-lava-hot-sauce\\\/#breadcrumb\",\"itemListElement\":[{\"@type\":\"ListItem\",\"position\":1,\"name\":\"S\u0101kums\",\"item\":\"https:\\\/\\\/hotta.eu\\\/lv\\\/sakumlapa\\\/\"},{\"@type\":\"ListItem\",\"position\":2,\"name\":\"Veikals\",\"item\":\"https:\\\/\\\/hotta.eu\\\/lv\\\/shop\\\/\"},{\"@type\":\"ListItem\",\"position\":3,\"name\":\"Seaweed Guava Lava Hot Sauce\"}]},{\"@type\":\"WebSite\",\"@id\":\"https:\\\/\\\/hotta.eu\\\/lv\\\/#website\",\"url\":\"https:\\\/\\\/hotta.eu\\\/lv\\\/\",\"name\":\"Hotta\",\"description\":\"Makes your mouth burn a lotta!\",\"publisher\":{\"@id\":\"https:\\\/\\\/hotta.eu\\\/lv\\\/#organization\"},\"potentialAction\":[{\"@type\":\"SearchAction\",\"target\":{\"@type\":\"EntryPoint\",\"urlTemplate\":\"https:\\\/\\\/hotta.eu\\\/lv\\\/?s={search_term_string}\"},\"query-input\":{\"@type\":\"PropertyValueSpecification\",\"valueRequired\":true,\"valueName\":\"search_term_string\"}}],\"inLanguage\":\"lv-LV\"},{\"@type\":\"Organization\",\"@id\":\"https:\\\/\\\/hotta.eu\\\/lv\\\/#organization\",\"name\":\"Hotta\",\"url\":\"https:\\\/\\\/hotta.eu\\\/lv\\\/\",\"logo\":{\"@type\":\"ImageObject\",\"inLanguage\":\"lv-LV\",\"@id\":\"https:\\\/\\\/hotta.eu\\\/lv\\\/#\\\/schema\\\/logo\\\/image\\\/\",\"url\":\"https:\\\/\\\/hotta.eu\\\/wp-content\\\/uploads\\\/2025\\\/04\\\/hotta-logo-invoice.png\",\"contentUrl\":\"https:\\\/\\\/hotta.eu\\\/wp-content\\\/uploads\\\/2025\\\/04\\\/hotta-logo-invoice.png\",\"width\":600,\"height\":411,\"caption\":\"Hotta\"},\"image\":{\"@id\":\"https:\\\/\\\/hotta.eu\\\/lv\\\/#\\\/schema\\\/logo\\\/image\\\/\"},\"sameAs\":[\"https:\\\/\\\/www.facebook.com\\\/hotta.eu\",\"https:\\\/\\\/x.com\\\/hottashop\",\"https:\\\/\\\/www.instagram.com\\\/hotta.shop\"]}]}<\/script>\n<!-- \/ Yoast SEO plugin. -->","yoast_head_json":{"title":"Seaweed Guava Lava Hot Sauce - Hotta","description":"Pastiche ir N\u012bderlandes ra\u017eot\u0101js, kas specializ\u0113jas pikantu m\u0113r\u010du ar augu izcelsmes sast\u0101vda\u013c\u0101m ra\u017eo\u0161an\u0101. Svaigi gar\u0161as tie\u0161i no Amsterdamas. Izm\u0113\u0123iniet to!","robots":{"index":"index","follow":"follow","max-snippet":"max-snippet:-1","max-image-preview":"max-image-preview:large","max-video-preview":"max-video-preview:-1"},"canonical":"https:\/\/hotta.eu\/lv\/shop\/seaweed-guava-lava-hot-sauce\/","og_locale":"lv_LV","og_type":"article","og_title":"Seaweed Guava Lava Hot Sauce - Hotta","og_description":"Pastiche ir N\u012bderlandes ra\u017eot\u0101js, kas specializ\u0113jas pikantu m\u0113r\u010du ar augu izcelsmes sast\u0101vda\u013c\u0101m ra\u017eo\u0161an\u0101. Svaigi gar\u0161as tie\u0161i no Amsterdamas. Izm\u0113\u0123iniet to!","og_url":"https:\/\/hotta.eu\/lv\/shop\/seaweed-guava-lava-hot-sauce\/","og_site_name":"Hotta","article_publisher":"https:\/\/www.facebook.com\/hotta.eu","article_modified_time":"2025-10-11T06:02:53+00:00","og_image":[{"width":1000,"height":1000,"url":"https:\/\/hotta.eu\/wp-content\/uploads\/2024\/03\/pastiche-guava-lava.png","type":"image\/png"}],"twitter_card":"summary_large_image","twitter_site":"@hottashop","twitter_misc":{"Est. reading time":"1 minute"},"schema":{"@context":"https:\/\/schema.org","@graph":[{"@type":"WebPage","@id":"https:\/\/hotta.eu\/lv\/shop\/seaweed-guava-lava-hot-sauce\/","url":"https:\/\/hotta.eu\/lv\/shop\/seaweed-guava-lava-hot-sauce\/","name":"Seaweed Guava Lava Hot Sauce - Hotta","isPartOf":{"@id":"https:\/\/hotta.eu\/lv\/#website"},"primaryImageOfPage":{"@id":"https:\/\/hotta.eu\/lv\/shop\/seaweed-guava-lava-hot-sauce\/#primaryimage"},"image":{"@id":"https:\/\/hotta.eu\/lv\/shop\/seaweed-guava-lava-hot-sauce\/#primaryimage"},"thumbnailUrl":"https:\/\/hotta.eu\/wp-content\/uploads\/2024\/03\/pastiche-guava-lava.png","datePublished":"2023-12-15T22:24:15+00:00","dateModified":"2025-10-11T06:02:53+00:00","description":"Pastiche ir N\u012bderlandes ra\u017eot\u0101js, kas specializ\u0113jas pikantu m\u0113r\u010du ar augu izcelsmes sast\u0101vda\u013c\u0101m ra\u017eo\u0161an\u0101. Svaigi gar\u0161as tie\u0161i no Amsterdamas. Izm\u0113\u0123iniet to!","breadcrumb":{"@id":"https:\/\/hotta.eu\/lv\/shop\/seaweed-guava-lava-hot-sauce\/#breadcrumb"},"inLanguage":"lv-LV","potentialAction":[{"@type":"ReadAction","target":["https:\/\/hotta.eu\/lv\/shop\/seaweed-guava-lava-hot-sauce\/"]}]},{"@type":"ImageObject","inLanguage":"lv-LV","@id":"https:\/\/hotta.eu\/lv\/shop\/seaweed-guava-lava-hot-sauce\/#primaryimage","url":"https:\/\/hotta.eu\/wp-content\/uploads\/2024\/03\/pastiche-guava-lava.png","contentUrl":"https:\/\/hotta.eu\/wp-content\/uploads\/2024\/03\/pastiche-guava-lava.png","width":1000,"height":1000},{"@type":"BreadcrumbList","@id":"https:\/\/hotta.eu\/lv\/shop\/seaweed-guava-lava-hot-sauce\/#breadcrumb","itemListElement":[{"@type":"ListItem","position":1,"name":"S\u0101kums","item":"https:\/\/hotta.eu\/lv\/sakumlapa\/"},{"@type":"ListItem","position":2,"name":"Veikals","item":"https:\/\/hotta.eu\/lv\/shop\/"},{"@type":"ListItem","position":3,"name":"Seaweed Guava Lava Hot Sauce"}]},{"@type":"WebSite","@id":"https:\/\/hotta.eu\/lv\/#website","url":"https:\/\/hotta.eu\/lv\/","name":"Hotta","description":"Makes your mouth burn a lotta!","publisher":{"@id":"https:\/\/hotta.eu\/lv\/#organization"},"potentialAction":[{"@type":"SearchAction","target":{"@type":"EntryPoint","urlTemplate":"https:\/\/hotta.eu\/lv\/?s={search_term_string}"},"query-input":{"@type":"PropertyValueSpecification","valueRequired":true,"valueName":"search_term_string"}}],"inLanguage":"lv-LV"},{"@type":"Organization","@id":"https:\/\/hotta.eu\/lv\/#organization","name":"Hotta","url":"https:\/\/hotta.eu\/lv\/","logo":{"@type":"ImageObject","inLanguage":"lv-LV","@id":"https:\/\/hotta.eu\/lv\/#\/schema\/logo\/image\/","url":"https:\/\/hotta.eu\/wp-content\/uploads\/2025\/04\/hotta-logo-invoice.png","contentUrl":"https:\/\/hotta.eu\/wp-content\/uploads\/2025\/04\/hotta-logo-invoice.png","width":600,"height":411,"caption":"Hotta"},"image":{"@id":"https:\/\/hotta.eu\/lv\/#\/schema\/logo\/image\/"},"sameAs":["https:\/\/www.facebook.com\/hotta.eu","https:\/\/x.com\/hottashop","https:\/\/www.instagram.com\/hotta.shop"]}]}},"jetpack_sharing_enabled":true,"_links":{"self":[{"href":"https:\/\/hotta.eu\/lv\/wp-json\/wp\/v2\/product\/18858","targetHints":{"allow":["GET"]}}],"collection":[{"href":"https:\/\/hotta.eu\/lv\/wp-json\/wp\/v2\/product"}],"about":[{"href":"https:\/\/hotta.eu\/lv\/wp-json\/wp\/v2\/types\/product"}],"replies":[{"embeddable":true,"href":"https:\/\/hotta.eu\/lv\/wp-json\/wp\/v2\/comments?post=18858"}],"wp:featuredmedia":[{"embeddable":true,"href":"https:\/\/hotta.eu\/lv\/wp-json\/wp\/v2\/media\/16755"}],"wp:attachment":[{"href":"https:\/\/hotta.eu\/lv\/wp-json\/wp\/v2\/media?parent=18858"}],"wp:term":[{"taxonomy":"product_cat","embeddable":true,"href":"https:\/\/hotta.eu\/lv\/wp-json\/wp\/v2\/product_cat?post=18858"},{"taxonomy":"product_tag","embeddable":true,"href":"https:\/\/hotta.eu\/lv\/wp-json\/wp\/v2\/product_tag?post=18858"},{"taxonomy":"giftcard-category","embeddable":true,"href":"https:\/\/hotta.eu\/lv\/wp-json\/wp\/v2\/giftcard-category?post=18858"}],"curies":[{"name":"wp","href":"https:\/\/api.w.org\/{rel}","templated":true}]}}