{"id":18874,"date":"2023-12-16T00:58:27","date_gmt":"2023-12-15T22:58:27","guid":{"rendered":"https:\/\/hotta.eu\/shop\/soursop-shock-karsta-merce\/"},"modified":"2025-05-06T21:01:04","modified_gmt":"2025-05-06T19:01:04","slug":"soursop-shock-hot-sauce","status":"publish","type":"product","link":"https:\/\/hotta.eu\/lv\/shop\/soursop-shock-hot-sauce\/","title":{"rendered":"Soursop Shock Hot Sauce"},"content":{"rendered":"<p><strong>Sast\u0101vs<br \/>\n<\/strong>Soursop (73%), eti\u0137sk\u0101be, s\u012bpoli, j\u016bras s\u0101ls, Trinidadas skorpiona \u010dilli (3,51%), \u0137iploki, laima sula, gar\u0161vielas, melnie pipari.<\/p>\n<p><strong>Uztura inform\u0101cija (100 ml)<br \/>\n<\/strong> Ener\u0123ija 58 kcal (242 kJ), tauki 0,9 g, no tiem pies\u0101tin\u0101t\u0101s tauksk\u0101bes 0,1 g, og\u013chidr\u0101ti 12,1 g, no tiem cukuri 6,7 g, olbaltumvielas 1,78 g, \u0161\u0137iedrvielas 2,6 g, s\u0101ls 3,76 g.<\/p>\n<p><strong>Der\u012bgums un glab\u0101\u0161ana<\/strong><br \/>\nDer\u012bguma termi\u0146\u0161 uz pudel\u012btes attiecas uz neatv\u0113rtiem produktiem. Atv\u0113rtu produktu j\u0101uzglab\u0101 ledusskap\u012b.<\/p>\n<div class=\"tableheader\"><\/div>\n","protected":false},"excerpt":{"rendered":"<p>Pastiche ir N\u012bderlandes ra\u017eot\u0101js, kas specializ\u0113jas pikantu m\u0113r\u010du ar augu izcelsmes sast\u0101vda\u013c\u0101m ra\u017eo\u0161an\u0101. Amsterdam\u0101 ra\u017eoto produktu pamat\u0101 ir vismaz 70 % da\u017e\u0101du tropu aug\u013cu, kam pievieno 8-10 % \u010dilli.<\/p>\n<p>Soursop Shock sast\u0101v\u0101 ir 71 % soursopu, m\u016b\u017eza\u013co Annona muricata aug\u013cu, un m\u0113rce ir papildin\u0101ta ar Trinidadas skorpiona \u010dilli.<br \/>\n[ywcwtl_form product_id=\"\"]<\/p>\n","protected":false},"featured_media":16767,"comment_status":"open","ping_status":"closed","template":"","meta":[],"product_cat":[916,922],"product_tag":[],"giftcard-category":[],"class_list":{"0":"post-18874","1":"product","2":"type-product","3":"status-publish","4":"has-post-thumbnail","6":"product_cat-merces","7":"product_cat-videjs","8":"pa_brand-pastiche","10":"first","11":"outofstock","12":"taxable","13":"shipping-taxable","14":"purchasable","15":"product-type-simple"},"yoast_head":"<!-- This site is optimized with the Yoast SEO plugin v27.3 - https:\/\/yoast.com\/product\/yoast-seo-wordpress\/ -->\n<title>Soursop Shock Hot Sauce - Hotta<\/title>\n<meta name=\"description\" content=\"Karma m\u0113rces Deg p\u0113c \u0113\u0161anas - slepena as\u0101ko \u010dilli kombin\u0101cija. Tas ir kaut kas, kas jums ir j\u0101izm\u0113\u0123ina!\" \/>\n<meta name=\"robots\" content=\"index, follow, max-snippet:-1, max-image-preview:large, max-video-preview:-1\" \/>\n<link rel=\"canonical\" href=\"https:\/\/hotta.eu\/lv\/shop\/soursop-shock-hot-sauce\/\" \/>\n<meta property=\"og:locale\" content=\"lv_LV\" \/>\n<meta property=\"og:type\" content=\"article\" \/>\n<meta property=\"og:title\" content=\"Soursop Shock Hot Sauce - Hotta\" \/>\n<meta property=\"og:description\" content=\"Karma m\u0113rces Deg p\u0113c \u0113\u0161anas - slepena as\u0101ko \u010dilli kombin\u0101cija. Tas ir kaut kas, kas jums ir j\u0101izm\u0113\u0123ina!\" \/>\n<meta property=\"og:url\" content=\"https:\/\/hotta.eu\/lv\/shop\/soursop-shock-hot-sauce\/\" \/>\n<meta property=\"og:site_name\" content=\"Hotta\" \/>\n<meta property=\"article:publisher\" content=\"https:\/\/www.facebook.com\/hotta.eu\" \/>\n<meta property=\"article:modified_time\" content=\"2025-05-06T19:01:04+00:00\" \/>\n<meta property=\"og:image\" content=\"https:\/\/hotta.eu\/wp-content\/uploads\/2024\/03\/pastiche-Soursop-shock-sm.jpg\" \/>\n\t<meta property=\"og:image:width\" content=\"2246\" \/>\n\t<meta property=\"og:image:height\" content=\"2246\" \/>\n\t<meta property=\"og:image:type\" content=\"image\/jpeg\" \/>\n<meta name=\"twitter:card\" content=\"summary_large_image\" \/>\n<meta name=\"twitter:site\" content=\"@hottashop\" \/>\n<meta name=\"twitter:label1\" content=\"Est. reading time\" \/>\n\t<meta name=\"twitter:data1\" content=\"1 minute\" \/>\n<script type=\"application\/ld+json\" class=\"yoast-schema-graph\">{\"@context\":\"https:\\\/\\\/schema.org\",\"@graph\":[{\"@type\":\"WebPage\",\"@id\":\"https:\\\/\\\/hotta.eu\\\/lv\\\/shop\\\/soursop-shock-hot-sauce\\\/\",\"url\":\"https:\\\/\\\/hotta.eu\\\/lv\\\/shop\\\/soursop-shock-hot-sauce\\\/\",\"name\":\"Soursop Shock Hot Sauce - Hotta\",\"isPartOf\":{\"@id\":\"https:\\\/\\\/hotta.eu\\\/lv\\\/#website\"},\"primaryImageOfPage\":{\"@id\":\"https:\\\/\\\/hotta.eu\\\/lv\\\/shop\\\/soursop-shock-hot-sauce\\\/#primaryimage\"},\"image\":{\"@id\":\"https:\\\/\\\/hotta.eu\\\/lv\\\/shop\\\/soursop-shock-hot-sauce\\\/#primaryimage\"},\"thumbnailUrl\":\"https:\\\/\\\/hotta.eu\\\/wp-content\\\/uploads\\\/2024\\\/03\\\/pastiche-Soursop-shock-sm.jpg\",\"datePublished\":\"2023-12-15T22:58:27+00:00\",\"dateModified\":\"2025-05-06T19:01:04+00:00\",\"description\":\"Karma m\u0113rces Deg p\u0113c \u0113\u0161anas - slepena as\u0101ko \u010dilli kombin\u0101cija. Tas ir kaut kas, kas jums ir j\u0101izm\u0113\u0123ina!\",\"breadcrumb\":{\"@id\":\"https:\\\/\\\/hotta.eu\\\/lv\\\/shop\\\/soursop-shock-hot-sauce\\\/#breadcrumb\"},\"inLanguage\":\"lv-LV\",\"potentialAction\":[{\"@type\":\"ReadAction\",\"target\":[\"https:\\\/\\\/hotta.eu\\\/lv\\\/shop\\\/soursop-shock-hot-sauce\\\/\"]}]},{\"@type\":\"ImageObject\",\"inLanguage\":\"lv-LV\",\"@id\":\"https:\\\/\\\/hotta.eu\\\/lv\\\/shop\\\/soursop-shock-hot-sauce\\\/#primaryimage\",\"url\":\"https:\\\/\\\/hotta.eu\\\/wp-content\\\/uploads\\\/2024\\\/03\\\/pastiche-Soursop-shock-sm.jpg\",\"contentUrl\":\"https:\\\/\\\/hotta.eu\\\/wp-content\\\/uploads\\\/2024\\\/03\\\/pastiche-Soursop-shock-sm.jpg\",\"width\":2246,\"height\":2246},{\"@type\":\"BreadcrumbList\",\"@id\":\"https:\\\/\\\/hotta.eu\\\/lv\\\/shop\\\/soursop-shock-hot-sauce\\\/#breadcrumb\",\"itemListElement\":[{\"@type\":\"ListItem\",\"position\":1,\"name\":\"S\u0101kums\",\"item\":\"https:\\\/\\\/hotta.eu\\\/lv\\\/sakumlapa\\\/\"},{\"@type\":\"ListItem\",\"position\":2,\"name\":\"Veikals\",\"item\":\"https:\\\/\\\/hotta.eu\\\/lv\\\/shop\\\/\"},{\"@type\":\"ListItem\",\"position\":3,\"name\":\"Soursop Shock Hot Sauce\"}]},{\"@type\":\"WebSite\",\"@id\":\"https:\\\/\\\/hotta.eu\\\/lv\\\/#website\",\"url\":\"https:\\\/\\\/hotta.eu\\\/lv\\\/\",\"name\":\"Hotta\",\"description\":\"Makes your mouth burn a lotta!\",\"publisher\":{\"@id\":\"https:\\\/\\\/hotta.eu\\\/lv\\\/#organization\"},\"potentialAction\":[{\"@type\":\"SearchAction\",\"target\":{\"@type\":\"EntryPoint\",\"urlTemplate\":\"https:\\\/\\\/hotta.eu\\\/lv\\\/?s={search_term_string}\"},\"query-input\":{\"@type\":\"PropertyValueSpecification\",\"valueRequired\":true,\"valueName\":\"search_term_string\"}}],\"inLanguage\":\"lv-LV\"},{\"@type\":\"Organization\",\"@id\":\"https:\\\/\\\/hotta.eu\\\/lv\\\/#organization\",\"name\":\"Hotta\",\"url\":\"https:\\\/\\\/hotta.eu\\\/lv\\\/\",\"logo\":{\"@type\":\"ImageObject\",\"inLanguage\":\"lv-LV\",\"@id\":\"https:\\\/\\\/hotta.eu\\\/lv\\\/#\\\/schema\\\/logo\\\/image\\\/\",\"url\":\"https:\\\/\\\/hotta.eu\\\/wp-content\\\/uploads\\\/2025\\\/04\\\/hotta-logo-invoice.png\",\"contentUrl\":\"https:\\\/\\\/hotta.eu\\\/wp-content\\\/uploads\\\/2025\\\/04\\\/hotta-logo-invoice.png\",\"width\":600,\"height\":411,\"caption\":\"Hotta\"},\"image\":{\"@id\":\"https:\\\/\\\/hotta.eu\\\/lv\\\/#\\\/schema\\\/logo\\\/image\\\/\"},\"sameAs\":[\"https:\\\/\\\/www.facebook.com\\\/hotta.eu\",\"https:\\\/\\\/x.com\\\/hottashop\",\"https:\\\/\\\/www.instagram.com\\\/hotta.shop\"]}]}<\/script>\n<!-- \/ Yoast SEO plugin. -->","yoast_head_json":{"title":"Soursop Shock Hot Sauce - Hotta","description":"Karma m\u0113rces Deg p\u0113c \u0113\u0161anas - slepena as\u0101ko \u010dilli kombin\u0101cija. Tas ir kaut kas, kas jums ir j\u0101izm\u0113\u0123ina!","robots":{"index":"index","follow":"follow","max-snippet":"max-snippet:-1","max-image-preview":"max-image-preview:large","max-video-preview":"max-video-preview:-1"},"canonical":"https:\/\/hotta.eu\/lv\/shop\/soursop-shock-hot-sauce\/","og_locale":"lv_LV","og_type":"article","og_title":"Soursop Shock Hot Sauce - Hotta","og_description":"Karma m\u0113rces Deg p\u0113c \u0113\u0161anas - slepena as\u0101ko \u010dilli kombin\u0101cija. Tas ir kaut kas, kas jums ir j\u0101izm\u0113\u0123ina!","og_url":"https:\/\/hotta.eu\/lv\/shop\/soursop-shock-hot-sauce\/","og_site_name":"Hotta","article_publisher":"https:\/\/www.facebook.com\/hotta.eu","article_modified_time":"2025-05-06T19:01:04+00:00","og_image":[{"width":2246,"height":2246,"url":"https:\/\/hotta.eu\/wp-content\/uploads\/2024\/03\/pastiche-Soursop-shock-sm.jpg","type":"image\/jpeg"}],"twitter_card":"summary_large_image","twitter_site":"@hottashop","twitter_misc":{"Est. reading time":"1 minute"},"schema":{"@context":"https:\/\/schema.org","@graph":[{"@type":"WebPage","@id":"https:\/\/hotta.eu\/lv\/shop\/soursop-shock-hot-sauce\/","url":"https:\/\/hotta.eu\/lv\/shop\/soursop-shock-hot-sauce\/","name":"Soursop Shock Hot Sauce - Hotta","isPartOf":{"@id":"https:\/\/hotta.eu\/lv\/#website"},"primaryImageOfPage":{"@id":"https:\/\/hotta.eu\/lv\/shop\/soursop-shock-hot-sauce\/#primaryimage"},"image":{"@id":"https:\/\/hotta.eu\/lv\/shop\/soursop-shock-hot-sauce\/#primaryimage"},"thumbnailUrl":"https:\/\/hotta.eu\/wp-content\/uploads\/2024\/03\/pastiche-Soursop-shock-sm.jpg","datePublished":"2023-12-15T22:58:27+00:00","dateModified":"2025-05-06T19:01:04+00:00","description":"Karma m\u0113rces Deg p\u0113c \u0113\u0161anas - slepena as\u0101ko \u010dilli kombin\u0101cija. Tas ir kaut kas, kas jums ir j\u0101izm\u0113\u0123ina!","breadcrumb":{"@id":"https:\/\/hotta.eu\/lv\/shop\/soursop-shock-hot-sauce\/#breadcrumb"},"inLanguage":"lv-LV","potentialAction":[{"@type":"ReadAction","target":["https:\/\/hotta.eu\/lv\/shop\/soursop-shock-hot-sauce\/"]}]},{"@type":"ImageObject","inLanguage":"lv-LV","@id":"https:\/\/hotta.eu\/lv\/shop\/soursop-shock-hot-sauce\/#primaryimage","url":"https:\/\/hotta.eu\/wp-content\/uploads\/2024\/03\/pastiche-Soursop-shock-sm.jpg","contentUrl":"https:\/\/hotta.eu\/wp-content\/uploads\/2024\/03\/pastiche-Soursop-shock-sm.jpg","width":2246,"height":2246},{"@type":"BreadcrumbList","@id":"https:\/\/hotta.eu\/lv\/shop\/soursop-shock-hot-sauce\/#breadcrumb","itemListElement":[{"@type":"ListItem","position":1,"name":"S\u0101kums","item":"https:\/\/hotta.eu\/lv\/sakumlapa\/"},{"@type":"ListItem","position":2,"name":"Veikals","item":"https:\/\/hotta.eu\/lv\/shop\/"},{"@type":"ListItem","position":3,"name":"Soursop Shock Hot Sauce"}]},{"@type":"WebSite","@id":"https:\/\/hotta.eu\/lv\/#website","url":"https:\/\/hotta.eu\/lv\/","name":"Hotta","description":"Makes your mouth burn a lotta!","publisher":{"@id":"https:\/\/hotta.eu\/lv\/#organization"},"potentialAction":[{"@type":"SearchAction","target":{"@type":"EntryPoint","urlTemplate":"https:\/\/hotta.eu\/lv\/?s={search_term_string}"},"query-input":{"@type":"PropertyValueSpecification","valueRequired":true,"valueName":"search_term_string"}}],"inLanguage":"lv-LV"},{"@type":"Organization","@id":"https:\/\/hotta.eu\/lv\/#organization","name":"Hotta","url":"https:\/\/hotta.eu\/lv\/","logo":{"@type":"ImageObject","inLanguage":"lv-LV","@id":"https:\/\/hotta.eu\/lv\/#\/schema\/logo\/image\/","url":"https:\/\/hotta.eu\/wp-content\/uploads\/2025\/04\/hotta-logo-invoice.png","contentUrl":"https:\/\/hotta.eu\/wp-content\/uploads\/2025\/04\/hotta-logo-invoice.png","width":600,"height":411,"caption":"Hotta"},"image":{"@id":"https:\/\/hotta.eu\/lv\/#\/schema\/logo\/image\/"},"sameAs":["https:\/\/www.facebook.com\/hotta.eu","https:\/\/x.com\/hottashop","https:\/\/www.instagram.com\/hotta.shop"]}]}},"jetpack_sharing_enabled":true,"_links":{"self":[{"href":"https:\/\/hotta.eu\/lv\/wp-json\/wp\/v2\/product\/18874","targetHints":{"allow":["GET"]}}],"collection":[{"href":"https:\/\/hotta.eu\/lv\/wp-json\/wp\/v2\/product"}],"about":[{"href":"https:\/\/hotta.eu\/lv\/wp-json\/wp\/v2\/types\/product"}],"replies":[{"embeddable":true,"href":"https:\/\/hotta.eu\/lv\/wp-json\/wp\/v2\/comments?post=18874"}],"wp:featuredmedia":[{"embeddable":true,"href":"https:\/\/hotta.eu\/lv\/wp-json\/wp\/v2\/media\/16767"}],"wp:attachment":[{"href":"https:\/\/hotta.eu\/lv\/wp-json\/wp\/v2\/media?parent=18874"}],"wp:term":[{"taxonomy":"product_cat","embeddable":true,"href":"https:\/\/hotta.eu\/lv\/wp-json\/wp\/v2\/product_cat?post=18874"},{"taxonomy":"product_tag","embeddable":true,"href":"https:\/\/hotta.eu\/lv\/wp-json\/wp\/v2\/product_tag?post=18874"},{"taxonomy":"giftcard-category","embeddable":true,"href":"https:\/\/hotta.eu\/lv\/wp-json\/wp\/v2\/giftcard-category?post=18874"}],"curies":[{"name":"wp","href":"https:\/\/api.w.org\/{rel}","templated":true}]}}