{"id":18875,"date":"2024-02-17T13:17:35","date_gmt":"2024-02-17T11:17:35","guid":{"rendered":"https:\/\/hotta.eu\/shop\/buffalo-karsta-merce\/"},"modified":"2026-01-28T13:07:16","modified_gmt":"2026-01-28T11:07:16","slug":"buffalo-hot-sauce","status":"publish","type":"product","link":"https:\/\/hotta.eu\/lv\/shop\/buffalo-hot-sauce\/","title":{"rendered":"Buffalo Hot Sauce"},"content":{"rendered":"<p><strong>Sast\u0101vs<br \/>\n<\/strong>Kaj\u0113nas piparu pasta (kalt\u0113ti sarkanie kaj\u0113nas pipari, destil\u0113ts eti\u0137is un s\u0101ls), <span style=\"text-decoration: underline;\">sviests<\/span> (sald\u0101 <span style=\"text-decoration: underline;\">kr\u0113juma<\/span>), r\u012bsu eti\u0137is, sarkanie pipari, selerijas, melase, \u0137iploku pulveris, \u010dipotle pulveris, k\u016bpin\u0101ta paprika, \u010dija s\u0113klas, habanero pulveris. Satur <span style=\"text-decoration: underline;\">pienu<\/span>.<\/p>\n<p><strong>Uzturv\u0113rt\u012bba (5 ml)<br \/>\n<\/strong> N\u0101trijs 90 mg.<\/p>\n<p><strong>Der\u012bgums un glab\u0101\u0161ana<\/strong><br \/>\nDer\u012bguma termi\u0146\u0161 uz pudel\u012btes attiecas uz neatv\u0113rtiem produktiem. Atv\u0113rtu produktu j\u0101uzglab\u0101 ledusskap\u012b.<\/p>\n","protected":false},"excerpt":{"rendered":"<p>Pirm\u0101 Bufalo stila m\u0113rce Hot Ones produktu kl\u0101st\u0101. Kajennas piparu graudi\u0146i un \u012bsts sviests (bez konservantiem) ir pat\u012bkama maiga kombin\u0101cija. Iedvesmojoties no klasiskajiem Bufalo vistas sp\u0101rni\u0146iem, gar\u0161as tika apvienotas ar jautru <em>pav\u0113rsienu<\/em> &#8211; katlam tika pievienots selerijs, melase, \u010dipotle un k\u016bpin\u0101ta paprika. Rezult\u0101t\u0101 ieg\u016bst m\u0113rci, ko var uzliet tie\u0161i uz jumti\u0146a. \u0160\u012b ir \u201cHot Ones\u201d t\u012bmek\u013ca seri\u0101la 22. sezona, 22. epizode.<\/p>\n<p><img decoding=\"async\" src=\"https:\/\/hotta.eu\/wp-content\/uploads\/2022\/08\/first-we-feast.png\" \/><\/p>\n<p>Apskatiet Heatonist dibin\u0101t\u0101ja <strong>Noa Chaimberga<\/strong> recepti krauk\u0161\u0137\u012bgiem Bufalo vistas sp\u0101rni\u0146iem zem\u0101k redzamaj\u0101 video!<\/p>\n<div class=\"responsive-video\"><iframe src=\"https:\/\/www.youtube.com\/embed\/Ytia81L4w14?si=AE-THQS60QEAJEhI\" width=\"480\" height=\"270\" frameborder=\"0\" allowfullscreen=\"allowfullscreen\"><\/iframe><\/div>\n[ywcwtl_form product_id=\"\"]\n","protected":false},"featured_media":17311,"comment_status":"open","ping_status":"closed","template":"","meta":[],"product_cat":[920,924,916],"product_tag":[],"giftcard-category":[],"class_list":{"0":"post-18875","1":"product","2":"type-product","3":"status-publish","4":"has-post-thumbnail","6":"product_cat-hot-ones-lv","7":"product_cat-maigs","8":"product_cat-merces","9":"pa_brand-heatonist","11":"first","12":"instock","13":"taxable","14":"shipping-taxable","15":"purchasable","16":"product-type-simple"},"yoast_head":"<!-- This site is optimized with the Yoast SEO plugin v27.3 - https:\/\/yoast.com\/product\/yoast-seo-wordpress\/ -->\n<title>Buffalo Hot Sauce - Hotta<\/title>\n<meta name=\"description\" content=\"Pirm\u0101 Bufalo stila m\u0113rce Hot Ones produktu kl\u0101st\u0101. Kajennas piparu graudi\u0146i un \u012bsts sviests (bez konservantiem) ir pat\u012bkama maiga kombin\u0101cija.\" \/>\n<meta name=\"robots\" content=\"index, follow, max-snippet:-1, max-image-preview:large, max-video-preview:-1\" \/>\n<link rel=\"canonical\" href=\"https:\/\/hotta.eu\/lv\/shop\/buffalo-hot-sauce\/\" \/>\n<meta property=\"og:locale\" content=\"lv_LV\" \/>\n<meta property=\"og:type\" content=\"article\" \/>\n<meta property=\"og:title\" content=\"Buffalo Hot Sauce - Hotta\" \/>\n<meta property=\"og:description\" content=\"Pirm\u0101 Bufalo stila m\u0113rce Hot Ones produktu kl\u0101st\u0101. Kajennas piparu graudi\u0146i un \u012bsts sviests (bez konservantiem) ir pat\u012bkama maiga kombin\u0101cija.\" \/>\n<meta property=\"og:url\" content=\"https:\/\/hotta.eu\/lv\/shop\/buffalo-hot-sauce\/\" \/>\n<meta property=\"og:site_name\" content=\"Hotta\" \/>\n<meta property=\"article:publisher\" content=\"https:\/\/www.facebook.com\/hotta.eu\" \/>\n<meta property=\"article:modified_time\" content=\"2026-01-28T11:07:16+00:00\" \/>\n<meta property=\"og:image\" content=\"https:\/\/hotta.eu\/wp-content\/uploads\/2024\/03\/hot-ones-buffalo-hot-sauce-nobadge.jpg\" \/>\n\t<meta property=\"og:image:width\" content=\"1000\" \/>\n\t<meta property=\"og:image:height\" content=\"1000\" \/>\n\t<meta property=\"og:image:type\" content=\"image\/jpeg\" \/>\n<meta name=\"twitter:card\" content=\"summary_large_image\" \/>\n<meta name=\"twitter:site\" content=\"@hottashop\" \/>\n<meta name=\"twitter:label1\" content=\"Est. reading time\" \/>\n\t<meta name=\"twitter:data1\" content=\"1 minute\" \/>\n<script type=\"application\/ld+json\" class=\"yoast-schema-graph\">{\"@context\":\"https:\\\/\\\/schema.org\",\"@graph\":[{\"@type\":\"WebPage\",\"@id\":\"https:\\\/\\\/hotta.eu\\\/lv\\\/shop\\\/buffalo-hot-sauce\\\/\",\"url\":\"https:\\\/\\\/hotta.eu\\\/lv\\\/shop\\\/buffalo-hot-sauce\\\/\",\"name\":\"Buffalo Hot Sauce - Hotta\",\"isPartOf\":{\"@id\":\"https:\\\/\\\/hotta.eu\\\/lv\\\/#website\"},\"primaryImageOfPage\":{\"@id\":\"https:\\\/\\\/hotta.eu\\\/lv\\\/shop\\\/buffalo-hot-sauce\\\/#primaryimage\"},\"image\":{\"@id\":\"https:\\\/\\\/hotta.eu\\\/lv\\\/shop\\\/buffalo-hot-sauce\\\/#primaryimage\"},\"thumbnailUrl\":\"https:\\\/\\\/hotta.eu\\\/wp-content\\\/uploads\\\/2024\\\/03\\\/hot-ones-buffalo-hot-sauce-nobadge.jpg\",\"datePublished\":\"2024-02-17T11:17:35+00:00\",\"dateModified\":\"2026-01-28T11:07:16+00:00\",\"description\":\"Pirm\u0101 Bufalo stila m\u0113rce Hot Ones produktu kl\u0101st\u0101. Kajennas piparu graudi\u0146i un \u012bsts sviests (bez konservantiem) ir pat\u012bkama maiga kombin\u0101cija.\",\"breadcrumb\":{\"@id\":\"https:\\\/\\\/hotta.eu\\\/lv\\\/shop\\\/buffalo-hot-sauce\\\/#breadcrumb\"},\"inLanguage\":\"lv-LV\",\"potentialAction\":[{\"@type\":\"ReadAction\",\"target\":[\"https:\\\/\\\/hotta.eu\\\/lv\\\/shop\\\/buffalo-hot-sauce\\\/\"]}]},{\"@type\":\"ImageObject\",\"inLanguage\":\"lv-LV\",\"@id\":\"https:\\\/\\\/hotta.eu\\\/lv\\\/shop\\\/buffalo-hot-sauce\\\/#primaryimage\",\"url\":\"https:\\\/\\\/hotta.eu\\\/wp-content\\\/uploads\\\/2024\\\/03\\\/hot-ones-buffalo-hot-sauce-nobadge.jpg\",\"contentUrl\":\"https:\\\/\\\/hotta.eu\\\/wp-content\\\/uploads\\\/2024\\\/03\\\/hot-ones-buffalo-hot-sauce-nobadge.jpg\",\"width\":1000,\"height\":1000},{\"@type\":\"BreadcrumbList\",\"@id\":\"https:\\\/\\\/hotta.eu\\\/lv\\\/shop\\\/buffalo-hot-sauce\\\/#breadcrumb\",\"itemListElement\":[{\"@type\":\"ListItem\",\"position\":1,\"name\":\"S\u0101kums\",\"item\":\"https:\\\/\\\/hotta.eu\\\/lv\\\/sakumlapa\\\/\"},{\"@type\":\"ListItem\",\"position\":2,\"name\":\"Veikals\",\"item\":\"https:\\\/\\\/hotta.eu\\\/lv\\\/shop\\\/\"},{\"@type\":\"ListItem\",\"position\":3,\"name\":\"Buffalo Hot Sauce\"}]},{\"@type\":\"WebSite\",\"@id\":\"https:\\\/\\\/hotta.eu\\\/lv\\\/#website\",\"url\":\"https:\\\/\\\/hotta.eu\\\/lv\\\/\",\"name\":\"Hotta\",\"description\":\"Makes your mouth burn a lotta!\",\"publisher\":{\"@id\":\"https:\\\/\\\/hotta.eu\\\/lv\\\/#organization\"},\"potentialAction\":[{\"@type\":\"SearchAction\",\"target\":{\"@type\":\"EntryPoint\",\"urlTemplate\":\"https:\\\/\\\/hotta.eu\\\/lv\\\/?s={search_term_string}\"},\"query-input\":{\"@type\":\"PropertyValueSpecification\",\"valueRequired\":true,\"valueName\":\"search_term_string\"}}],\"inLanguage\":\"lv-LV\"},{\"@type\":\"Organization\",\"@id\":\"https:\\\/\\\/hotta.eu\\\/lv\\\/#organization\",\"name\":\"Hotta\",\"url\":\"https:\\\/\\\/hotta.eu\\\/lv\\\/\",\"logo\":{\"@type\":\"ImageObject\",\"inLanguage\":\"lv-LV\",\"@id\":\"https:\\\/\\\/hotta.eu\\\/lv\\\/#\\\/schema\\\/logo\\\/image\\\/\",\"url\":\"https:\\\/\\\/hotta.eu\\\/wp-content\\\/uploads\\\/2025\\\/04\\\/hotta-logo-invoice.png\",\"contentUrl\":\"https:\\\/\\\/hotta.eu\\\/wp-content\\\/uploads\\\/2025\\\/04\\\/hotta-logo-invoice.png\",\"width\":600,\"height\":411,\"caption\":\"Hotta\"},\"image\":{\"@id\":\"https:\\\/\\\/hotta.eu\\\/lv\\\/#\\\/schema\\\/logo\\\/image\\\/\"},\"sameAs\":[\"https:\\\/\\\/www.facebook.com\\\/hotta.eu\",\"https:\\\/\\\/x.com\\\/hottashop\",\"https:\\\/\\\/www.instagram.com\\\/hotta.shop\"]}]}<\/script>\n<!-- \/ Yoast SEO plugin. -->","yoast_head_json":{"title":"Buffalo Hot Sauce - Hotta","description":"Pirm\u0101 Bufalo stila m\u0113rce Hot Ones produktu kl\u0101st\u0101. Kajennas piparu graudi\u0146i un \u012bsts sviests (bez konservantiem) ir pat\u012bkama maiga kombin\u0101cija.","robots":{"index":"index","follow":"follow","max-snippet":"max-snippet:-1","max-image-preview":"max-image-preview:large","max-video-preview":"max-video-preview:-1"},"canonical":"https:\/\/hotta.eu\/lv\/shop\/buffalo-hot-sauce\/","og_locale":"lv_LV","og_type":"article","og_title":"Buffalo Hot Sauce - Hotta","og_description":"Pirm\u0101 Bufalo stila m\u0113rce Hot Ones produktu kl\u0101st\u0101. Kajennas piparu graudi\u0146i un \u012bsts sviests (bez konservantiem) ir pat\u012bkama maiga kombin\u0101cija.","og_url":"https:\/\/hotta.eu\/lv\/shop\/buffalo-hot-sauce\/","og_site_name":"Hotta","article_publisher":"https:\/\/www.facebook.com\/hotta.eu","article_modified_time":"2026-01-28T11:07:16+00:00","og_image":[{"width":1000,"height":1000,"url":"https:\/\/hotta.eu\/wp-content\/uploads\/2024\/03\/hot-ones-buffalo-hot-sauce-nobadge.jpg","type":"image\/jpeg"}],"twitter_card":"summary_large_image","twitter_site":"@hottashop","twitter_misc":{"Est. reading time":"1 minute"},"schema":{"@context":"https:\/\/schema.org","@graph":[{"@type":"WebPage","@id":"https:\/\/hotta.eu\/lv\/shop\/buffalo-hot-sauce\/","url":"https:\/\/hotta.eu\/lv\/shop\/buffalo-hot-sauce\/","name":"Buffalo Hot Sauce - Hotta","isPartOf":{"@id":"https:\/\/hotta.eu\/lv\/#website"},"primaryImageOfPage":{"@id":"https:\/\/hotta.eu\/lv\/shop\/buffalo-hot-sauce\/#primaryimage"},"image":{"@id":"https:\/\/hotta.eu\/lv\/shop\/buffalo-hot-sauce\/#primaryimage"},"thumbnailUrl":"https:\/\/hotta.eu\/wp-content\/uploads\/2024\/03\/hot-ones-buffalo-hot-sauce-nobadge.jpg","datePublished":"2024-02-17T11:17:35+00:00","dateModified":"2026-01-28T11:07:16+00:00","description":"Pirm\u0101 Bufalo stila m\u0113rce Hot Ones produktu kl\u0101st\u0101. Kajennas piparu graudi\u0146i un \u012bsts sviests (bez konservantiem) ir pat\u012bkama maiga kombin\u0101cija.","breadcrumb":{"@id":"https:\/\/hotta.eu\/lv\/shop\/buffalo-hot-sauce\/#breadcrumb"},"inLanguage":"lv-LV","potentialAction":[{"@type":"ReadAction","target":["https:\/\/hotta.eu\/lv\/shop\/buffalo-hot-sauce\/"]}]},{"@type":"ImageObject","inLanguage":"lv-LV","@id":"https:\/\/hotta.eu\/lv\/shop\/buffalo-hot-sauce\/#primaryimage","url":"https:\/\/hotta.eu\/wp-content\/uploads\/2024\/03\/hot-ones-buffalo-hot-sauce-nobadge.jpg","contentUrl":"https:\/\/hotta.eu\/wp-content\/uploads\/2024\/03\/hot-ones-buffalo-hot-sauce-nobadge.jpg","width":1000,"height":1000},{"@type":"BreadcrumbList","@id":"https:\/\/hotta.eu\/lv\/shop\/buffalo-hot-sauce\/#breadcrumb","itemListElement":[{"@type":"ListItem","position":1,"name":"S\u0101kums","item":"https:\/\/hotta.eu\/lv\/sakumlapa\/"},{"@type":"ListItem","position":2,"name":"Veikals","item":"https:\/\/hotta.eu\/lv\/shop\/"},{"@type":"ListItem","position":3,"name":"Buffalo Hot Sauce"}]},{"@type":"WebSite","@id":"https:\/\/hotta.eu\/lv\/#website","url":"https:\/\/hotta.eu\/lv\/","name":"Hotta","description":"Makes your mouth burn a lotta!","publisher":{"@id":"https:\/\/hotta.eu\/lv\/#organization"},"potentialAction":[{"@type":"SearchAction","target":{"@type":"EntryPoint","urlTemplate":"https:\/\/hotta.eu\/lv\/?s={search_term_string}"},"query-input":{"@type":"PropertyValueSpecification","valueRequired":true,"valueName":"search_term_string"}}],"inLanguage":"lv-LV"},{"@type":"Organization","@id":"https:\/\/hotta.eu\/lv\/#organization","name":"Hotta","url":"https:\/\/hotta.eu\/lv\/","logo":{"@type":"ImageObject","inLanguage":"lv-LV","@id":"https:\/\/hotta.eu\/lv\/#\/schema\/logo\/image\/","url":"https:\/\/hotta.eu\/wp-content\/uploads\/2025\/04\/hotta-logo-invoice.png","contentUrl":"https:\/\/hotta.eu\/wp-content\/uploads\/2025\/04\/hotta-logo-invoice.png","width":600,"height":411,"caption":"Hotta"},"image":{"@id":"https:\/\/hotta.eu\/lv\/#\/schema\/logo\/image\/"},"sameAs":["https:\/\/www.facebook.com\/hotta.eu","https:\/\/x.com\/hottashop","https:\/\/www.instagram.com\/hotta.shop"]}]}},"jetpack_sharing_enabled":true,"_links":{"self":[{"href":"https:\/\/hotta.eu\/lv\/wp-json\/wp\/v2\/product\/18875","targetHints":{"allow":["GET"]}}],"collection":[{"href":"https:\/\/hotta.eu\/lv\/wp-json\/wp\/v2\/product"}],"about":[{"href":"https:\/\/hotta.eu\/lv\/wp-json\/wp\/v2\/types\/product"}],"replies":[{"embeddable":true,"href":"https:\/\/hotta.eu\/lv\/wp-json\/wp\/v2\/comments?post=18875"}],"wp:featuredmedia":[{"embeddable":true,"href":"https:\/\/hotta.eu\/lv\/wp-json\/wp\/v2\/media\/17311"}],"wp:attachment":[{"href":"https:\/\/hotta.eu\/lv\/wp-json\/wp\/v2\/media?parent=18875"}],"wp:term":[{"taxonomy":"product_cat","embeddable":true,"href":"https:\/\/hotta.eu\/lv\/wp-json\/wp\/v2\/product_cat?post=18875"},{"taxonomy":"product_tag","embeddable":true,"href":"https:\/\/hotta.eu\/lv\/wp-json\/wp\/v2\/product_tag?post=18875"},{"taxonomy":"giftcard-category","embeddable":true,"href":"https:\/\/hotta.eu\/lv\/wp-json\/wp\/v2\/giftcard-category?post=18875"}],"curies":[{"name":"wp","href":"https:\/\/api.w.org\/{rel}","templated":true}]}}