{"id":18880,"date":"2024-02-24T00:38:37","date_gmt":"2024-02-23T22:38:37","guid":{"rendered":"https:\/\/hotta.eu\/shop\/hot-ones-10-iepakojums\/"},"modified":"2024-12-27T12:40:41","modified_gmt":"2024-12-27T10:40:41","slug":"hot-ones-10-pack-season-22","status":"publish","type":"product","link":"https:\/\/hotta.eu\/lv\/shop\/hot-ones-10-pack-season-22\/","title":{"rendered":"Hot Ones 10-Pack"},"content":{"rendered":"<p><span class=\"subproduct-title\"><strong>#1 &#8211; Buffalo Hot Sauce | Hot Ones Hot Sauce <\/strong>&#8211; 1,800 Scoville vien\u012bbas <\/span>Asums: 2\/10 Sast\u0101vda\u013cas: Sast\u0101vda\u013cas: \u010dili biezenis (iztur\u0113ti sarkanie \u010dili pipari, destil\u0113ts eti\u0137is un s\u0101ls), sviests (saldais kr\u0113jums), r\u012bsu eti\u0137is, sarkanie paprika, selerijas, melase, \u0137iploku pulveris, \u010dipotle pulveris, k\u016bpin\u0101ta paprika, \u010dili s\u0113klas, habanero pulveris.<\/p>\n<p class=\"subproduct\" data-id=\"6878425186402\"><span class=\"subproduct-title\"><strong>#2 &#8211; Blistered Shishito &amp; Garlic Hot Sauce | Angry Goat Pepper Co.<\/strong> &#8211; 5,800 Scoville Units <\/span>Asums: 2\/10 Sast\u0101vs: grauzd\u0113tu \u0161i\u0161ito piparu biezenis (pipari, eti\u0137is), destil\u0113ts eti\u0137is, ol\u012bve\u013c\u013ca, za\u013co jalape\u00f1o piparu biezenis (pipari, eti\u0137is), Vermontas k\u013cavu s\u012brups, kalt\u0113ti malti \u0137iploki, j\u016bras s\u0101ls.<\/p>\n<p class=\"subproduct\" data-id=\"6878425383010\"><span class=\"subproduct-title\"><strong>#3 &#8211; Pikanti saldie pasifloru aug\u013ci | Pisqueya <\/strong>&#8211; 16 000 Scoville vien\u012bbu <\/span>Asums: 3\/10 Sast\u0101vs: gran\u0101t\u0101bols, \u010dilli, burk\u0101ni, citronu sula, \u0137iploki, organiskais cukurs, ko\u0161era s\u0101ls.<\/p>\n<p class=\"subproduct\" data-id=\"6550778216546\"><span class=\"subproduct-title\"><strong>#4 &#8211; Los Calientes Barbacoa | Hot Ones Hot Sauce <\/strong>&#8211; 33 000 Scoville vien\u012bbu <\/span>Asums: 4\/10 Sast\u0101vda\u013cas: Sast\u0101vda\u013cas: \u010dili (\u0101bolu skaidi\u0146as, k\u016bpin\u0101ts sarkanais jalapeno, chipotle, habanero), laima sula, agaves nekt\u0101rs, aprikozes (pievienota askorb\u012bnsk\u0101be), \u0101bolu eti\u0137is, \u0101bolu sula, tomatillo, s\u0101ls, grauzd\u0113ti \u0137iploki, \u0137iploki, s\u012bpoli, koriandrs, \u0137imenes, melnie pipari, selerijas s\u0113klas.<\/p>\n<p class=\"subproduct\" data-id=\"6878425481314\"><span class=\"subproduct-title\"><strong>#5 &#8211; Power Jab Hot Sauce | DJABLO Sauce<\/strong> &#8211; 55 000 Scoville vien\u012bbu <\/span>Asums: 5\/10 Sast\u0101vs: cukurniedru cukura eti\u0137is (cukurniedru cukurs, \u016bdens un mutu\u013cojo\u0161a viela (kokosriekstu e\u013c\u013cas emulsija), kas aromatiz\u0113ta ar ingveru), serrano, svaigi \u0137iploki, ol\u012bve\u013c\u013ca, agaves, ingvers, Taizemes \u010dilli p\u0101rslas, maltas \u010dilli s\u0113klas, s\u0101ls, kalt\u0113ti skorpionu \u010dilli, spirul\u012bna.<\/p>\n<p class=\"subproduct\" data-id=\"1455199813730\"><span class=\"subproduct-title\"><strong>#6 &#8211; Viskija k\u016bpin\u0101ts spoks | Marshall&#8217;s Haute Sauce<\/strong> &#8211; 71 000 Skovila vien\u012bbu <\/span>Asums: 6\/10 Sast\u0101vs: \u0101bolu sidra eti\u0137is, baltais balzameti\u0137a eti\u0137is, s\u012bpols, tom\u0101tu pasta (svaigi, v\u012bnog\u0101s audz\u0113ti biolo\u0123iski audz\u0113ti tom\u0101ti), date\u013cu s\u012brups (biolo\u0123iski audz\u0113ti date\u013ci), viskijs &#8220;Uncle Nearest 1856&#8221;, k\u016bpin\u0101ts \u010dilli Bhut Jolokia, ko\u0161era s\u0101ls, melnie pipari.<\/p>\n<p class=\"subproduct\" data-id=\"6878425808994\"><span class=\"subproduct-title\"><strong>#7 &#8211;<\/strong> <strong>Tropic Star Hot Sauce | Ginger Goat <\/strong>&#8211; 110,000 Scoville Units <\/span>Asums: 7\/10 Sast\u0101vs: \u0101bolu sidra eti\u0137is, mango, r\u012bsu eti\u0137is (\u016bdens, r\u012bsi), paprika, citronu sula, persiku biezenis (pipari, destil\u0113ts eti\u0137is), ingvers, burk\u0101ni, augst\u0101k\u0101 labuma ol\u012bve\u013c\u013ca, \u0137iploki, citronz\u0101le, j\u016bras s\u0101ls, cukurs (turbinado cukurs), koriandrs, an\u012bss, baltie pipari.<\/p>\n<p class=\"subproduct\" data-id=\"4496261775458\"><span class=\"subproduct-title\"><strong>#8 &#8211; Evolution Hot Sauce | Da Bomb <\/strong>&#8211; 135 000 Skovila vien\u012bbu <\/span>Asums: 8\/10 Sast\u0101vs: sarkanie asie \u010dilli, \u016bdens, eti\u0137is, s\u0101ls, gar\u0161vielas (tostarp paprika un kurkuma), malti \u0137iploki, cukurniedru cukurs, \u0137iploku pulveris, augst\u0101k\u0101 labuma ol\u012bve\u013c\u013ca, s\u012bpolu pulveris, citronu sulas koncentr\u0101ts, koriandrs, piparm\u0113tra.<\/p>\n<p class=\"subproduct\" data-id=\"6878425972834\"><span class=\"subproduct-title\"><strong>#9 &#8211; Zuzu&#8217;s 7-Pot Sauce | Dawson&#8217;s<\/strong> &#8211; 620 000 Scoville vien\u012bbu <\/span>Asums: 9 \/ 10 Sast\u0101vs: sarkanais \u010dilli, 7-pot \u010dilli biezenis (7-pot \u010dilli, eti\u0137is), \u0137iploki, cukurs (k\u013cavu s\u012brups), eti\u0137is, augst\u0101k\u0101 labuma ol\u012bve\u013c\u013ca, sambuka, fenhe\u013ca s\u0113klas, spoku \u010dilli, j\u016bras s\u0101ls.<\/p>\n<p class=\"subproduct\" data-id=\"6874363560034\"><span class=\"subproduct-title\"><strong>#10 &#8211; P\u0113d\u0113jais Dab: Xperience | Hot Ones Hot Sauce <\/strong>&#8211; 2 693 000 Scoville vien\u012bbu (Pepper X) <\/span>Asums: 11\/10 Sast\u0101vs: Pepper X \u010dilli, destil\u0113ts eti\u0137is, Pepper X \u010dilli pulveris, Pepper X \u010dilli destil\u0101ts.<\/p>\n","protected":false},"excerpt":{"rendered":"<p>Hot Ones 10-Pack komplekt\u0101 ir visas desmit m\u0113rces no Hot Ones tie\u0161saistes s\u0113rijas 22. sezonas, iepakotas d\u0101vanu kast\u0113 ar produktu skrejlapu un uzl\u012bm\u0113m. <strong>The Last Dab<\/strong>, p\u0113d\u0113jais boss no sp\u0113les <strong>The Last Dab,<\/strong> par kuru daudz run\u0101ts: <strong>Xperience<\/strong>.<br \/>\n\ud83d\udd25 <img decoding=\"async\" src=\"https:\/\/hotta.eu\/wp-content\/uploads\/2022\/08\/first-we-feast.png\" \/><\/p>\n<div class=\"responsive-video\"><iframe src=\"https:\/\/www.youtube.com\/embed\/iYYSfKthN7o?si=WfPuyFAtfgQixge2\" width=\"480\" height=\"270\" frameborder=\"0\" allowfullscreen=\"allowfullscreen\"><\/iframe><\/div>\n[ywcwtl_form product_id=\"\"]\n","protected":false},"featured_media":16784,"comment_status":"open","ping_status":"closed","template":"","meta":[],"product_cat":[920,930,916],"product_tag":[],"giftcard-category":[],"class_list":{"0":"post-18880","1":"product","2":"type-product","3":"status-publish","4":"has-post-thumbnail","6":"product_cat-hot-ones-lv","7":"product_cat-komplekti","8":"product_cat-merces","9":"pa_brand-heatonist","11":"first","12":"outofstock","13":"taxable","14":"shipping-taxable","15":"purchasable","16":"product-type-simple"},"yoast_head":"<!-- This site is optimized with the Yoast SEO plugin v27.6 - https:\/\/yoast.com\/product\/yoast-seo-wordpress\/ -->\n<title>Hot Ones 10-Pack - Hotta<\/title>\n<meta name=\"description\" content=\"Hot Ones 10-Pack komplekt\u0101 ir visas desmit no 22 Hot Ones tie\u0161saistes s\u0113rij\u0101m. 22 sezonas m\u0113rces, kas iepakotas d\u0101vanu kast\u012bt\u0113 ar produktu apraksto\u0161u bukletu.\" \/>\n<meta name=\"robots\" content=\"index, follow, max-snippet:-1, max-image-preview:large, max-video-preview:-1\" \/>\n<link rel=\"canonical\" href=\"https:\/\/hotta.eu\/lv\/shop\/hot-ones-10-pack-season-22\/\" \/>\n<meta property=\"og:locale\" content=\"lv_LV\" \/>\n<meta property=\"og:type\" content=\"article\" \/>\n<meta property=\"og:title\" content=\"Hot Ones 10-Pack - Hotta\" \/>\n<meta property=\"og:description\" content=\"Hot Ones 10-Pack komplekt\u0101 ir visas desmit no 22 Hot Ones tie\u0161saistes s\u0113rij\u0101m. 22 sezonas m\u0113rces, kas iepakotas d\u0101vanu kast\u012bt\u0113 ar produktu apraksto\u0161u bukletu.\" \/>\n<meta property=\"og:url\" content=\"https:\/\/hotta.eu\/lv\/shop\/hot-ones-10-pack-season-22\/\" \/>\n<meta property=\"og:site_name\" content=\"Hotta\" \/>\n<meta property=\"article:publisher\" content=\"https:\/\/www.facebook.com\/hotta.eu\" \/>\n<meta property=\"article:modified_time\" content=\"2024-12-27T10:40:41+00:00\" \/>\n<meta property=\"og:image\" content=\"https:\/\/hotta.eu\/wp-content\/uploads\/2024\/03\/hotones2023dec-3_1000x.webp\" \/>\n\t<meta property=\"og:image:width\" content=\"1000\" \/>\n\t<meta property=\"og:image:height\" content=\"1000\" \/>\n\t<meta property=\"og:image:type\" content=\"image\/webp\" \/>\n<meta name=\"twitter:card\" content=\"summary_large_image\" \/>\n<meta name=\"twitter:site\" content=\"@hottashop\" \/>\n<meta name=\"twitter:label1\" content=\"Est. reading time\" \/>\n\t<meta name=\"twitter:data1\" content=\"3 minutes\" \/>\n<script type=\"application\/ld+json\" class=\"yoast-schema-graph\">{\"@context\":\"https:\\\/\\\/schema.org\",\"@graph\":[{\"@type\":\"WebPage\",\"@id\":\"https:\\\/\\\/hotta.eu\\\/lv\\\/shop\\\/hot-ones-10-pack-season-22\\\/\",\"url\":\"https:\\\/\\\/hotta.eu\\\/lv\\\/shop\\\/hot-ones-10-pack-season-22\\\/\",\"name\":\"Hot Ones 10-Pack - Hotta\",\"isPartOf\":{\"@id\":\"https:\\\/\\\/hotta.eu\\\/lv\\\/#website\"},\"primaryImageOfPage\":{\"@id\":\"https:\\\/\\\/hotta.eu\\\/lv\\\/shop\\\/hot-ones-10-pack-season-22\\\/#primaryimage\"},\"image\":{\"@id\":\"https:\\\/\\\/hotta.eu\\\/lv\\\/shop\\\/hot-ones-10-pack-season-22\\\/#primaryimage\"},\"thumbnailUrl\":\"https:\\\/\\\/hotta.eu\\\/wp-content\\\/uploads\\\/2024\\\/03\\\/hotones2023dec-3_1000x.webp\",\"datePublished\":\"2024-02-23T22:38:37+00:00\",\"dateModified\":\"2024-12-27T10:40:41+00:00\",\"description\":\"Hot Ones 10-Pack komplekt\u0101 ir visas desmit no 22 Hot Ones tie\u0161saistes s\u0113rij\u0101m. 22 sezonas m\u0113rces, kas iepakotas d\u0101vanu kast\u012bt\u0113 ar produktu apraksto\u0161u bukletu.\",\"breadcrumb\":{\"@id\":\"https:\\\/\\\/hotta.eu\\\/lv\\\/shop\\\/hot-ones-10-pack-season-22\\\/#breadcrumb\"},\"inLanguage\":\"lv-LV\",\"potentialAction\":[{\"@type\":\"ReadAction\",\"target\":[\"https:\\\/\\\/hotta.eu\\\/lv\\\/shop\\\/hot-ones-10-pack-season-22\\\/\"]}]},{\"@type\":\"ImageObject\",\"inLanguage\":\"lv-LV\",\"@id\":\"https:\\\/\\\/hotta.eu\\\/lv\\\/shop\\\/hot-ones-10-pack-season-22\\\/#primaryimage\",\"url\":\"https:\\\/\\\/hotta.eu\\\/wp-content\\\/uploads\\\/2024\\\/03\\\/hotones2023dec-3_1000x.webp\",\"contentUrl\":\"https:\\\/\\\/hotta.eu\\\/wp-content\\\/uploads\\\/2024\\\/03\\\/hotones2023dec-3_1000x.webp\",\"width\":1000,\"height\":1000},{\"@type\":\"BreadcrumbList\",\"@id\":\"https:\\\/\\\/hotta.eu\\\/lv\\\/shop\\\/hot-ones-10-pack-season-22\\\/#breadcrumb\",\"itemListElement\":[{\"@type\":\"ListItem\",\"position\":1,\"name\":\"S\u0101kums\",\"item\":\"https:\\\/\\\/hotta.eu\\\/lv\\\/\"},{\"@type\":\"ListItem\",\"position\":2,\"name\":\"Veikals\",\"item\":\"https:\\\/\\\/hotta.eu\\\/lv\\\/shop\\\/\"},{\"@type\":\"ListItem\",\"position\":3,\"name\":\"Hot Ones 10-Pack\"}]},{\"@type\":\"WebSite\",\"@id\":\"https:\\\/\\\/hotta.eu\\\/lv\\\/#website\",\"url\":\"https:\\\/\\\/hotta.eu\\\/lv\\\/\",\"name\":\"Hotta\",\"description\":\"Makes your mouth burn a lotta!\",\"publisher\":{\"@id\":\"https:\\\/\\\/hotta.eu\\\/lv\\\/#organization\"},\"potentialAction\":[{\"@type\":\"SearchAction\",\"target\":{\"@type\":\"EntryPoint\",\"urlTemplate\":\"https:\\\/\\\/hotta.eu\\\/lv\\\/?s={search_term_string}\"},\"query-input\":{\"@type\":\"PropertyValueSpecification\",\"valueRequired\":true,\"valueName\":\"search_term_string\"}}],\"inLanguage\":\"lv-LV\"},{\"@type\":\"Organization\",\"@id\":\"https:\\\/\\\/hotta.eu\\\/lv\\\/#organization\",\"name\":\"Hotta\",\"url\":\"https:\\\/\\\/hotta.eu\\\/lv\\\/\",\"logo\":{\"@type\":\"ImageObject\",\"inLanguage\":\"lv-LV\",\"@id\":\"https:\\\/\\\/hotta.eu\\\/lv\\\/#\\\/schema\\\/logo\\\/image\\\/\",\"url\":\"https:\\\/\\\/hotta.eu\\\/wp-content\\\/uploads\\\/2025\\\/04\\\/hotta-logo-invoice.png\",\"contentUrl\":\"https:\\\/\\\/hotta.eu\\\/wp-content\\\/uploads\\\/2025\\\/04\\\/hotta-logo-invoice.png\",\"width\":600,\"height\":411,\"caption\":\"Hotta\"},\"image\":{\"@id\":\"https:\\\/\\\/hotta.eu\\\/lv\\\/#\\\/schema\\\/logo\\\/image\\\/\"},\"sameAs\":[\"https:\\\/\\\/www.facebook.com\\\/hotta.eu\",\"https:\\\/\\\/x.com\\\/hottashop\",\"https:\\\/\\\/www.instagram.com\\\/hotta.shop\"]}]}<\/script>\n<!-- \/ Yoast SEO plugin. -->","yoast_head_json":{"title":"Hot Ones 10-Pack - Hotta","description":"Hot Ones 10-Pack komplekt\u0101 ir visas desmit no 22 Hot Ones tie\u0161saistes s\u0113rij\u0101m. 22 sezonas m\u0113rces, kas iepakotas d\u0101vanu kast\u012bt\u0113 ar produktu apraksto\u0161u bukletu.","robots":{"index":"index","follow":"follow","max-snippet":"max-snippet:-1","max-image-preview":"max-image-preview:large","max-video-preview":"max-video-preview:-1"},"canonical":"https:\/\/hotta.eu\/lv\/shop\/hot-ones-10-pack-season-22\/","og_locale":"lv_LV","og_type":"article","og_title":"Hot Ones 10-Pack - Hotta","og_description":"Hot Ones 10-Pack komplekt\u0101 ir visas desmit no 22 Hot Ones tie\u0161saistes s\u0113rij\u0101m. 22 sezonas m\u0113rces, kas iepakotas d\u0101vanu kast\u012bt\u0113 ar produktu apraksto\u0161u bukletu.","og_url":"https:\/\/hotta.eu\/lv\/shop\/hot-ones-10-pack-season-22\/","og_site_name":"Hotta","article_publisher":"https:\/\/www.facebook.com\/hotta.eu","article_modified_time":"2024-12-27T10:40:41+00:00","og_image":[{"width":1000,"height":1000,"url":"https:\/\/hotta.eu\/wp-content\/uploads\/2024\/03\/hotones2023dec-3_1000x.webp","type":"image\/webp"}],"twitter_card":"summary_large_image","twitter_site":"@hottashop","twitter_misc":{"Est. reading time":"3 minutes"},"schema":{"@context":"https:\/\/schema.org","@graph":[{"@type":"WebPage","@id":"https:\/\/hotta.eu\/lv\/shop\/hot-ones-10-pack-season-22\/","url":"https:\/\/hotta.eu\/lv\/shop\/hot-ones-10-pack-season-22\/","name":"Hot Ones 10-Pack - Hotta","isPartOf":{"@id":"https:\/\/hotta.eu\/lv\/#website"},"primaryImageOfPage":{"@id":"https:\/\/hotta.eu\/lv\/shop\/hot-ones-10-pack-season-22\/#primaryimage"},"image":{"@id":"https:\/\/hotta.eu\/lv\/shop\/hot-ones-10-pack-season-22\/#primaryimage"},"thumbnailUrl":"https:\/\/hotta.eu\/wp-content\/uploads\/2024\/03\/hotones2023dec-3_1000x.webp","datePublished":"2024-02-23T22:38:37+00:00","dateModified":"2024-12-27T10:40:41+00:00","description":"Hot Ones 10-Pack komplekt\u0101 ir visas desmit no 22 Hot Ones tie\u0161saistes s\u0113rij\u0101m. 22 sezonas m\u0113rces, kas iepakotas d\u0101vanu kast\u012bt\u0113 ar produktu apraksto\u0161u bukletu.","breadcrumb":{"@id":"https:\/\/hotta.eu\/lv\/shop\/hot-ones-10-pack-season-22\/#breadcrumb"},"inLanguage":"lv-LV","potentialAction":[{"@type":"ReadAction","target":["https:\/\/hotta.eu\/lv\/shop\/hot-ones-10-pack-season-22\/"]}]},{"@type":"ImageObject","inLanguage":"lv-LV","@id":"https:\/\/hotta.eu\/lv\/shop\/hot-ones-10-pack-season-22\/#primaryimage","url":"https:\/\/hotta.eu\/wp-content\/uploads\/2024\/03\/hotones2023dec-3_1000x.webp","contentUrl":"https:\/\/hotta.eu\/wp-content\/uploads\/2024\/03\/hotones2023dec-3_1000x.webp","width":1000,"height":1000},{"@type":"BreadcrumbList","@id":"https:\/\/hotta.eu\/lv\/shop\/hot-ones-10-pack-season-22\/#breadcrumb","itemListElement":[{"@type":"ListItem","position":1,"name":"S\u0101kums","item":"https:\/\/hotta.eu\/lv\/"},{"@type":"ListItem","position":2,"name":"Veikals","item":"https:\/\/hotta.eu\/lv\/shop\/"},{"@type":"ListItem","position":3,"name":"Hot Ones 10-Pack"}]},{"@type":"WebSite","@id":"https:\/\/hotta.eu\/lv\/#website","url":"https:\/\/hotta.eu\/lv\/","name":"Hotta","description":"Makes your mouth burn a lotta!","publisher":{"@id":"https:\/\/hotta.eu\/lv\/#organization"},"potentialAction":[{"@type":"SearchAction","target":{"@type":"EntryPoint","urlTemplate":"https:\/\/hotta.eu\/lv\/?s={search_term_string}"},"query-input":{"@type":"PropertyValueSpecification","valueRequired":true,"valueName":"search_term_string"}}],"inLanguage":"lv-LV"},{"@type":"Organization","@id":"https:\/\/hotta.eu\/lv\/#organization","name":"Hotta","url":"https:\/\/hotta.eu\/lv\/","logo":{"@type":"ImageObject","inLanguage":"lv-LV","@id":"https:\/\/hotta.eu\/lv\/#\/schema\/logo\/image\/","url":"https:\/\/hotta.eu\/wp-content\/uploads\/2025\/04\/hotta-logo-invoice.png","contentUrl":"https:\/\/hotta.eu\/wp-content\/uploads\/2025\/04\/hotta-logo-invoice.png","width":600,"height":411,"caption":"Hotta"},"image":{"@id":"https:\/\/hotta.eu\/lv\/#\/schema\/logo\/image\/"},"sameAs":["https:\/\/www.facebook.com\/hotta.eu","https:\/\/x.com\/hottashop","https:\/\/www.instagram.com\/hotta.shop"]}]}},"jetpack_sharing_enabled":true,"_links":{"self":[{"href":"https:\/\/hotta.eu\/lv\/wp-json\/wp\/v2\/product\/18880","targetHints":{"allow":["GET"]}}],"collection":[{"href":"https:\/\/hotta.eu\/lv\/wp-json\/wp\/v2\/product"}],"about":[{"href":"https:\/\/hotta.eu\/lv\/wp-json\/wp\/v2\/types\/product"}],"replies":[{"embeddable":true,"href":"https:\/\/hotta.eu\/lv\/wp-json\/wp\/v2\/comments?post=18880"}],"wp:featuredmedia":[{"embeddable":true,"href":"https:\/\/hotta.eu\/lv\/wp-json\/wp\/v2\/media\/16784"}],"wp:attachment":[{"href":"https:\/\/hotta.eu\/lv\/wp-json\/wp\/v2\/media?parent=18880"}],"wp:term":[{"taxonomy":"product_cat","embeddable":true,"href":"https:\/\/hotta.eu\/lv\/wp-json\/wp\/v2\/product_cat?post=18880"},{"taxonomy":"product_tag","embeddable":true,"href":"https:\/\/hotta.eu\/lv\/wp-json\/wp\/v2\/product_tag?post=18880"},{"taxonomy":"giftcard-category","embeddable":true,"href":"https:\/\/hotta.eu\/lv\/wp-json\/wp\/v2\/giftcard-category?post=18880"}],"curies":[{"name":"wp","href":"https:\/\/api.w.org\/{rel}","templated":true}]}}