{"id":18892,"date":"2024-04-27T08:50:26","date_gmt":"2024-04-27T06:50:26","guid":{"rendered":"https:\/\/hotta.eu\/shop\/sarkano-piparu-cilli-merce\/"},"modified":"2025-10-29T18:40:03","modified_gmt":"2025-10-29T16:40:03","slug":"red-pepper-snapper-chilli-sauce","status":"publish","type":"product","link":"https:\/\/hotta.eu\/lv\/shop\/red-pepper-snapper-chilli-sauce\/","title":{"rendered":"Red Pepper Snapper Chilli Sauce"},"content":{"rendered":"<p><strong>Sast\u0101vda\u013cas<br \/>\n<\/strong>Grauzd\u0113ti sarkanie pipari (46%), tom\u0101ti (29%), s\u012bpoli, tom\u0101tu pasta (6%), sarkanv\u012bna eti\u0137is, \u0137iploki, ol\u012bve\u013c\u013ca, cukurs, s\u0101ls, kukur\u016bzas milti, \u010dilli (1%), sk\u0101buma regulators: citronsk\u0101be, gar\u0161augu mais\u012bjums, melnie pipari.<\/p>\n<p><strong>U<\/strong><strong>zturv\u0113rt\u012bbas inform\u0101cija (100 g)<br \/>\n<\/strong>Ener\u0123ija 285 kJ (69 kcal), tauki 3 g (no tiem pies\u0101tin\u0101t\u0101s tauksk\u0101bes 0,4 g), og\u013chidr\u0101ti 9 g (no tiem cukuri 6 g), olbaltumvielas 1,2 g, s\u0101ls 1,3 g.<\/p>\n<p><strong>Der\u012bguma termi\u0146\u0161 un uzglab\u0101\u0161ana<\/strong><br \/>\nUz pudeles nor\u0101d\u012btais der\u012bguma termi\u0146\u0161 attiecas uz neatv\u0113rtiem produktiem. Atv\u0113rtu produktu uzglab\u0101t ledusskap\u012b un pat\u0113r\u0113t 2 ned\u0113\u013cu laik\u0101.<\/p>\n","protected":false},"excerpt":{"rendered":"<p><strong>GAR\u0160A! SILTUMS! PASSION!<\/strong><\/p>\n<p>Brendans Tomass (Brendan Thomas), paz\u012bstams ar\u012b k\u0101 \u010cilli v\u012brs (Chilli Man), ir rad\u012bjis daudzveid\u012bgu m\u0113r\u010du kl\u0101stu, kuru pamat\u0101 ir kop\u012bgs princips &#8211; vispirms gar\u0161a, tikai p\u0113c tam pikantums!<\/p>\n<p>Sarkano piparu snapper ir iedvesmojies no It\u0101lijas gar\u0161\u0101m. Konkr\u0113ti, lazanja, ko pasniedz restor\u0101n\u0101 Ferr\u0101r\u0101r\u0101 kop\u0101 ar svaigi pagatavotu karstu m\u0113rci. Tie\u0161i no turienes Chilli Man sm\u0113l\u0101s iedvesmu rad\u012bt it\u0101\u013cu stila aso m\u0113rci, kas ir ide\u0101li piem\u0113rota lieto\u0161anai da\u017e\u0101dos \u0113dienos vai k\u0101 m\u0113rce, piem\u0113ram, ar sieru.<\/p>\n[ywcwtl_form product_id=\"\"]\n","protected":false},"featured_media":17728,"comment_status":"open","ping_status":"closed","template":"","meta":[],"product_cat":[924,916],"product_tag":[],"giftcard-category":[],"class_list":{"0":"post-18892","1":"product","2":"type-product","3":"status-publish","4":"has-post-thumbnail","6":"product_cat-maigs","7":"product_cat-merces","8":"pa_brand-brendans","10":"first","11":"outofstock","12":"sale","13":"taxable","14":"shipping-taxable","15":"purchasable","16":"product-type-simple"},"yoast_head":"<!-- This site is optimized with the Yoast SEO plugin v27.4 - https:\/\/yoast.com\/product\/yoast-seo-wordpress\/ -->\n<title>Red Pepper Snapper Chilli Sauce - Hotta<\/title>\n<meta name=\"description\" content=\"Vispirms gar\u0161a, tad asums! Iedvesma smelta no it\u0101\u013cu gar\u0161\u0101m. T\u0101 ir it\u0101\u013cu stila karst\u0101 m\u0113rce, ko vislab\u0101k pasniegt ar sieru!\" \/>\n<meta name=\"robots\" content=\"index, follow, max-snippet:-1, max-image-preview:large, max-video-preview:-1\" \/>\n<link rel=\"canonical\" href=\"https:\/\/hotta.eu\/lv\/shop\/red-pepper-snapper-chilli-sauce\/\" \/>\n<meta property=\"og:locale\" content=\"lv_LV\" \/>\n<meta property=\"og:type\" content=\"article\" \/>\n<meta property=\"og:title\" content=\"Red Pepper Snapper Chilli Sauce - Hotta\" \/>\n<meta property=\"og:description\" content=\"Vispirms gar\u0161a, tad asums! Iedvesma smelta no it\u0101\u013cu gar\u0161\u0101m. T\u0101 ir it\u0101\u013cu stila karst\u0101 m\u0113rce, ko vislab\u0101k pasniegt ar sieru!\" \/>\n<meta property=\"og:url\" content=\"https:\/\/hotta.eu\/lv\/shop\/red-pepper-snapper-chilli-sauce\/\" \/>\n<meta property=\"og:site_name\" content=\"Hotta\" \/>\n<meta property=\"article:publisher\" content=\"https:\/\/www.facebook.com\/hotta.eu\" \/>\n<meta property=\"article:modified_time\" content=\"2025-10-29T16:40:03+00:00\" \/>\n<meta property=\"og:image\" content=\"https:\/\/hotta.eu\/wp-content\/uploads\/2024\/04\/Brendan-Red-Pepper-Snapper-1530x1530.png\" \/>\n\t<meta property=\"og:image:width\" content=\"1530\" \/>\n\t<meta property=\"og:image:height\" content=\"1530\" \/>\n\t<meta property=\"og:image:type\" content=\"image\/png\" \/>\n<meta name=\"twitter:card\" content=\"summary_large_image\" \/>\n<meta name=\"twitter:site\" content=\"@hottashop\" \/>\n<meta name=\"twitter:label1\" content=\"Est. reading time\" \/>\n\t<meta name=\"twitter:data1\" content=\"1 minute\" \/>\n<script type=\"application\/ld+json\" class=\"yoast-schema-graph\">{\"@context\":\"https:\\\/\\\/schema.org\",\"@graph\":[{\"@type\":\"WebPage\",\"@id\":\"https:\\\/\\\/hotta.eu\\\/lv\\\/shop\\\/red-pepper-snapper-chilli-sauce\\\/\",\"url\":\"https:\\\/\\\/hotta.eu\\\/lv\\\/shop\\\/red-pepper-snapper-chilli-sauce\\\/\",\"name\":\"Red Pepper Snapper Chilli Sauce - Hotta\",\"isPartOf\":{\"@id\":\"https:\\\/\\\/hotta.eu\\\/lv\\\/#website\"},\"primaryImageOfPage\":{\"@id\":\"https:\\\/\\\/hotta.eu\\\/lv\\\/shop\\\/red-pepper-snapper-chilli-sauce\\\/#primaryimage\"},\"image\":{\"@id\":\"https:\\\/\\\/hotta.eu\\\/lv\\\/shop\\\/red-pepper-snapper-chilli-sauce\\\/#primaryimage\"},\"thumbnailUrl\":\"https:\\\/\\\/hotta.eu\\\/wp-content\\\/uploads\\\/2024\\\/04\\\/Brendan-Red-Pepper-Snapper.png\",\"datePublished\":\"2024-04-27T06:50:26+00:00\",\"dateModified\":\"2025-10-29T16:40:03+00:00\",\"description\":\"Vispirms gar\u0161a, tad asums! Iedvesma smelta no it\u0101\u013cu gar\u0161\u0101m. T\u0101 ir it\u0101\u013cu stila karst\u0101 m\u0113rce, ko vislab\u0101k pasniegt ar sieru!\",\"breadcrumb\":{\"@id\":\"https:\\\/\\\/hotta.eu\\\/lv\\\/shop\\\/red-pepper-snapper-chilli-sauce\\\/#breadcrumb\"},\"inLanguage\":\"lv-LV\",\"potentialAction\":[{\"@type\":\"ReadAction\",\"target\":[\"https:\\\/\\\/hotta.eu\\\/lv\\\/shop\\\/red-pepper-snapper-chilli-sauce\\\/\"]}]},{\"@type\":\"ImageObject\",\"inLanguage\":\"lv-LV\",\"@id\":\"https:\\\/\\\/hotta.eu\\\/lv\\\/shop\\\/red-pepper-snapper-chilli-sauce\\\/#primaryimage\",\"url\":\"https:\\\/\\\/hotta.eu\\\/wp-content\\\/uploads\\\/2024\\\/04\\\/Brendan-Red-Pepper-Snapper.png\",\"contentUrl\":\"https:\\\/\\\/hotta.eu\\\/wp-content\\\/uploads\\\/2024\\\/04\\\/Brendan-Red-Pepper-Snapper.png\",\"width\":2000,\"height\":2000},{\"@type\":\"BreadcrumbList\",\"@id\":\"https:\\\/\\\/hotta.eu\\\/lv\\\/shop\\\/red-pepper-snapper-chilli-sauce\\\/#breadcrumb\",\"itemListElement\":[{\"@type\":\"ListItem\",\"position\":1,\"name\":\"S\u0101kums\",\"item\":\"https:\\\/\\\/hotta.eu\\\/lv\\\/sakumlapa\\\/\"},{\"@type\":\"ListItem\",\"position\":2,\"name\":\"Veikals\",\"item\":\"https:\\\/\\\/hotta.eu\\\/lv\\\/shop\\\/\"},{\"@type\":\"ListItem\",\"position\":3,\"name\":\"Red Pepper Snapper Chilli Sauce\"}]},{\"@type\":\"WebSite\",\"@id\":\"https:\\\/\\\/hotta.eu\\\/lv\\\/#website\",\"url\":\"https:\\\/\\\/hotta.eu\\\/lv\\\/\",\"name\":\"Hotta\",\"description\":\"Makes your mouth burn a lotta!\",\"publisher\":{\"@id\":\"https:\\\/\\\/hotta.eu\\\/lv\\\/#organization\"},\"potentialAction\":[{\"@type\":\"SearchAction\",\"target\":{\"@type\":\"EntryPoint\",\"urlTemplate\":\"https:\\\/\\\/hotta.eu\\\/lv\\\/?s={search_term_string}\"},\"query-input\":{\"@type\":\"PropertyValueSpecification\",\"valueRequired\":true,\"valueName\":\"search_term_string\"}}],\"inLanguage\":\"lv-LV\"},{\"@type\":\"Organization\",\"@id\":\"https:\\\/\\\/hotta.eu\\\/lv\\\/#organization\",\"name\":\"Hotta\",\"url\":\"https:\\\/\\\/hotta.eu\\\/lv\\\/\",\"logo\":{\"@type\":\"ImageObject\",\"inLanguage\":\"lv-LV\",\"@id\":\"https:\\\/\\\/hotta.eu\\\/lv\\\/#\\\/schema\\\/logo\\\/image\\\/\",\"url\":\"https:\\\/\\\/hotta.eu\\\/wp-content\\\/uploads\\\/2025\\\/04\\\/hotta-logo-invoice.png\",\"contentUrl\":\"https:\\\/\\\/hotta.eu\\\/wp-content\\\/uploads\\\/2025\\\/04\\\/hotta-logo-invoice.png\",\"width\":600,\"height\":411,\"caption\":\"Hotta\"},\"image\":{\"@id\":\"https:\\\/\\\/hotta.eu\\\/lv\\\/#\\\/schema\\\/logo\\\/image\\\/\"},\"sameAs\":[\"https:\\\/\\\/www.facebook.com\\\/hotta.eu\",\"https:\\\/\\\/x.com\\\/hottashop\",\"https:\\\/\\\/www.instagram.com\\\/hotta.shop\"]}]}<\/script>\n<!-- \/ Yoast SEO plugin. -->","yoast_head_json":{"title":"Red Pepper Snapper Chilli Sauce - Hotta","description":"Vispirms gar\u0161a, tad asums! Iedvesma smelta no it\u0101\u013cu gar\u0161\u0101m. T\u0101 ir it\u0101\u013cu stila karst\u0101 m\u0113rce, ko vislab\u0101k pasniegt ar sieru!","robots":{"index":"index","follow":"follow","max-snippet":"max-snippet:-1","max-image-preview":"max-image-preview:large","max-video-preview":"max-video-preview:-1"},"canonical":"https:\/\/hotta.eu\/lv\/shop\/red-pepper-snapper-chilli-sauce\/","og_locale":"lv_LV","og_type":"article","og_title":"Red Pepper Snapper Chilli Sauce - Hotta","og_description":"Vispirms gar\u0161a, tad asums! Iedvesma smelta no it\u0101\u013cu gar\u0161\u0101m. T\u0101 ir it\u0101\u013cu stila karst\u0101 m\u0113rce, ko vislab\u0101k pasniegt ar sieru!","og_url":"https:\/\/hotta.eu\/lv\/shop\/red-pepper-snapper-chilli-sauce\/","og_site_name":"Hotta","article_publisher":"https:\/\/www.facebook.com\/hotta.eu","article_modified_time":"2025-10-29T16:40:03+00:00","og_image":[{"width":1530,"height":1530,"url":"https:\/\/hotta.eu\/wp-content\/uploads\/2024\/04\/Brendan-Red-Pepper-Snapper-1530x1530.png","type":"image\/png"}],"twitter_card":"summary_large_image","twitter_site":"@hottashop","twitter_misc":{"Est. reading time":"1 minute"},"schema":{"@context":"https:\/\/schema.org","@graph":[{"@type":"WebPage","@id":"https:\/\/hotta.eu\/lv\/shop\/red-pepper-snapper-chilli-sauce\/","url":"https:\/\/hotta.eu\/lv\/shop\/red-pepper-snapper-chilli-sauce\/","name":"Red Pepper Snapper Chilli Sauce - Hotta","isPartOf":{"@id":"https:\/\/hotta.eu\/lv\/#website"},"primaryImageOfPage":{"@id":"https:\/\/hotta.eu\/lv\/shop\/red-pepper-snapper-chilli-sauce\/#primaryimage"},"image":{"@id":"https:\/\/hotta.eu\/lv\/shop\/red-pepper-snapper-chilli-sauce\/#primaryimage"},"thumbnailUrl":"https:\/\/hotta.eu\/wp-content\/uploads\/2024\/04\/Brendan-Red-Pepper-Snapper.png","datePublished":"2024-04-27T06:50:26+00:00","dateModified":"2025-10-29T16:40:03+00:00","description":"Vispirms gar\u0161a, tad asums! Iedvesma smelta no it\u0101\u013cu gar\u0161\u0101m. T\u0101 ir it\u0101\u013cu stila karst\u0101 m\u0113rce, ko vislab\u0101k pasniegt ar sieru!","breadcrumb":{"@id":"https:\/\/hotta.eu\/lv\/shop\/red-pepper-snapper-chilli-sauce\/#breadcrumb"},"inLanguage":"lv-LV","potentialAction":[{"@type":"ReadAction","target":["https:\/\/hotta.eu\/lv\/shop\/red-pepper-snapper-chilli-sauce\/"]}]},{"@type":"ImageObject","inLanguage":"lv-LV","@id":"https:\/\/hotta.eu\/lv\/shop\/red-pepper-snapper-chilli-sauce\/#primaryimage","url":"https:\/\/hotta.eu\/wp-content\/uploads\/2024\/04\/Brendan-Red-Pepper-Snapper.png","contentUrl":"https:\/\/hotta.eu\/wp-content\/uploads\/2024\/04\/Brendan-Red-Pepper-Snapper.png","width":2000,"height":2000},{"@type":"BreadcrumbList","@id":"https:\/\/hotta.eu\/lv\/shop\/red-pepper-snapper-chilli-sauce\/#breadcrumb","itemListElement":[{"@type":"ListItem","position":1,"name":"S\u0101kums","item":"https:\/\/hotta.eu\/lv\/sakumlapa\/"},{"@type":"ListItem","position":2,"name":"Veikals","item":"https:\/\/hotta.eu\/lv\/shop\/"},{"@type":"ListItem","position":3,"name":"Red Pepper Snapper Chilli Sauce"}]},{"@type":"WebSite","@id":"https:\/\/hotta.eu\/lv\/#website","url":"https:\/\/hotta.eu\/lv\/","name":"Hotta","description":"Makes your mouth burn a lotta!","publisher":{"@id":"https:\/\/hotta.eu\/lv\/#organization"},"potentialAction":[{"@type":"SearchAction","target":{"@type":"EntryPoint","urlTemplate":"https:\/\/hotta.eu\/lv\/?s={search_term_string}"},"query-input":{"@type":"PropertyValueSpecification","valueRequired":true,"valueName":"search_term_string"}}],"inLanguage":"lv-LV"},{"@type":"Organization","@id":"https:\/\/hotta.eu\/lv\/#organization","name":"Hotta","url":"https:\/\/hotta.eu\/lv\/","logo":{"@type":"ImageObject","inLanguage":"lv-LV","@id":"https:\/\/hotta.eu\/lv\/#\/schema\/logo\/image\/","url":"https:\/\/hotta.eu\/wp-content\/uploads\/2025\/04\/hotta-logo-invoice.png","contentUrl":"https:\/\/hotta.eu\/wp-content\/uploads\/2025\/04\/hotta-logo-invoice.png","width":600,"height":411,"caption":"Hotta"},"image":{"@id":"https:\/\/hotta.eu\/lv\/#\/schema\/logo\/image\/"},"sameAs":["https:\/\/www.facebook.com\/hotta.eu","https:\/\/x.com\/hottashop","https:\/\/www.instagram.com\/hotta.shop"]}]}},"jetpack_sharing_enabled":true,"_links":{"self":[{"href":"https:\/\/hotta.eu\/lv\/wp-json\/wp\/v2\/product\/18892","targetHints":{"allow":["GET"]}}],"collection":[{"href":"https:\/\/hotta.eu\/lv\/wp-json\/wp\/v2\/product"}],"about":[{"href":"https:\/\/hotta.eu\/lv\/wp-json\/wp\/v2\/types\/product"}],"replies":[{"embeddable":true,"href":"https:\/\/hotta.eu\/lv\/wp-json\/wp\/v2\/comments?post=18892"}],"wp:featuredmedia":[{"embeddable":true,"href":"https:\/\/hotta.eu\/lv\/wp-json\/wp\/v2\/media\/17728"}],"wp:attachment":[{"href":"https:\/\/hotta.eu\/lv\/wp-json\/wp\/v2\/media?parent=18892"}],"wp:term":[{"taxonomy":"product_cat","embeddable":true,"href":"https:\/\/hotta.eu\/lv\/wp-json\/wp\/v2\/product_cat?post=18892"},{"taxonomy":"product_tag","embeddable":true,"href":"https:\/\/hotta.eu\/lv\/wp-json\/wp\/v2\/product_tag?post=18892"},{"taxonomy":"giftcard-category","embeddable":true,"href":"https:\/\/hotta.eu\/lv\/wp-json\/wp\/v2\/giftcard-category?post=18892"}],"curies":[{"name":"wp","href":"https:\/\/api.w.org\/{rel}","templated":true}]}}