{"id":18895,"date":"2024-04-27T18:11:59","date_gmt":"2024-04-27T16:11:59","guid":{"rendered":"https:\/\/hotta.eu\/shop\/smekesanas-saujamierocu-cilli-merce\/"},"modified":"2025-10-29T18:39:36","modified_gmt":"2025-10-29T16:39:36","slug":"smoking-gun-chilli-sauce","status":"publish","type":"product","link":"https:\/\/hotta.eu\/lv\/shop\/smoking-gun-chilli-sauce\/","title":{"rendered":"Smoking Gun Chilli Sauce"},"content":{"rendered":"<p><strong>Sast\u0101vda\u013cas<br \/>\n<\/strong>Tom\u0101ti (60%), s\u012bpoli, \u0137iploki, baltv\u012bna eti\u0137is, cukurs, tom\u0101tu pasta (3%), \u010dilli pulveris (2%), malti \u0137imenes, saulespu\u0137u e\u013c\u013ca, kukur\u016bzas milti, s\u0101ls, sk\u0101buma regulators: citronsk\u0101be, k\u016bpin\u0101ta paprika (0,7%), malti \u010diplo \u010dilli (0,6%), malts koriandrs, gar\u0161augu mais\u012bjums.<\/p>\n<p><strong>Uzturv\u0113rt\u012bba (100 g)<br \/>\n<\/strong>Ener\u0123ija 306 kJ (71 kcal), tauki 1 g (no tiem pies\u0101tin\u0101tie tauki 0,3 g), og\u013chidr\u0101ti 12 g (no tiem cukuri 7 g), olbaltumvielas 2 g, s\u0101ls 0,89 g. Sula: 0,5 g, s\u0101ls 0,5 g, s\u0101ls 0,89 g, olbaltumvielas 0,5 g, s\u0101ls 0,89 g.<\/p>\n<p><strong>Der\u012bguma termi\u0146\u0161 un uzglab\u0101\u0161ana<\/strong><br \/>\nUz pudeles nor\u0101d\u012btais der\u012bguma termi\u0146\u0161 attiecas uz neatv\u0113rtiem produktiem. Atv\u0113rtu produktu uzglab\u0101t ledusskap\u012b un pat\u0113r\u0113t 2 ned\u0113\u013cu laik\u0101.<\/p>\n","protected":false},"excerpt":{"rendered":"<p><strong>GAR\u0160A! SILTUMS! PASSION!<\/strong><\/p>\n<p>Brendans Tomass (Brendan Thomas), paz\u012bstams ar\u012b k\u0101 \u010cilli v\u012brs (Chilli Man), ir rad\u012bjis daudzveid\u012bgu m\u0113r\u010du kl\u0101stu, kuru pamat\u0101 ir kop\u012bgs princips &#8211; vispirms gar\u0161a, tikai p\u0113c tam pikantums!<\/p>\n<p>Smoking Gun var raksturot k\u0101 &#8220;chilli con carne konservu k\u0101rb\u0101&#8221;, lai gan \u0161aj\u0101 m\u0113rc\u0113 nav ga\u013cas. D\u016bmains un zemes arom\u0101ts, ko raksturo roz\u012b\u0146u, \u0161okol\u0101des, vani\u013cas un tabakas notis. Labi der saut\u0113jumiem, k\u0101 marin\u0101de, uz ga\u013cas vai vienk\u0101r\u0161i k\u0101 m\u0113rce.<\/p>\n[ywcwtl_form product_id=\"\"]\n","protected":false},"featured_media":17736,"comment_status":"open","ping_status":"closed","template":"","meta":[],"product_cat":[916,922],"product_tag":[],"giftcard-category":[],"class_list":{"0":"post-18895","1":"product","2":"type-product","3":"status-publish","4":"has-post-thumbnail","6":"product_cat-merces","7":"product_cat-videjs","8":"pa_brand-brendans","10":"first","11":"outofstock","12":"sale","13":"taxable","14":"shipping-taxable","15":"purchasable","16":"product-type-simple"},"yoast_head":"<!-- This site is optimized with the Yoast SEO plugin v27.5 - https:\/\/yoast.com\/product\/yoast-seo-wordpress\/ -->\n<title>Smoking Gun Chilli Sauce - Hotta<\/title>\n<meta name=\"description\" content=\"Vispirms gar\u0161a, tad asums! Smoking Gun var raksturot k\u0101 &quot;chilli con carne konservu k\u0101rb\u0101&quot;, lai gan \u0161aj\u0101 m\u0113rc\u0113 nav ga\u013cas. D\u016bmains un zemes arom\u0101ts.\" \/>\n<meta name=\"robots\" content=\"index, follow, max-snippet:-1, max-image-preview:large, max-video-preview:-1\" \/>\n<link rel=\"canonical\" href=\"https:\/\/hotta.eu\/lv\/shop\/smoking-gun-chilli-sauce\/\" \/>\n<meta property=\"og:locale\" content=\"lv_LV\" \/>\n<meta property=\"og:type\" content=\"article\" \/>\n<meta property=\"og:title\" content=\"Smoking Gun Chilli Sauce - Hotta\" \/>\n<meta property=\"og:description\" content=\"Vispirms gar\u0161a, tad asums! Smoking Gun var raksturot k\u0101 &quot;chilli con carne konservu k\u0101rb\u0101&quot;, lai gan \u0161aj\u0101 m\u0113rc\u0113 nav ga\u013cas. D\u016bmains un zemes arom\u0101ts.\" \/>\n<meta property=\"og:url\" content=\"https:\/\/hotta.eu\/lv\/shop\/smoking-gun-chilli-sauce\/\" \/>\n<meta property=\"og:site_name\" content=\"Hotta\" \/>\n<meta property=\"article:publisher\" content=\"https:\/\/www.facebook.com\/hotta.eu\" \/>\n<meta property=\"article:modified_time\" content=\"2025-10-29T16:39:36+00:00\" \/>\n<meta property=\"og:image\" content=\"https:\/\/hotta.eu\/wp-content\/uploads\/2024\/04\/Brendan-Smoking-Gun-1530x1530.png\" \/>\n\t<meta property=\"og:image:width\" content=\"1530\" \/>\n\t<meta property=\"og:image:height\" content=\"1530\" \/>\n\t<meta property=\"og:image:type\" content=\"image\/png\" \/>\n<meta name=\"twitter:card\" content=\"summary_large_image\" \/>\n<meta name=\"twitter:site\" content=\"@hottashop\" \/>\n<meta name=\"twitter:label1\" content=\"Est. reading time\" \/>\n\t<meta name=\"twitter:data1\" content=\"1 minute\" \/>\n<script type=\"application\/ld+json\" class=\"yoast-schema-graph\">{\"@context\":\"https:\\\/\\\/schema.org\",\"@graph\":[{\"@type\":\"WebPage\",\"@id\":\"https:\\\/\\\/hotta.eu\\\/lv\\\/shop\\\/smoking-gun-chilli-sauce\\\/\",\"url\":\"https:\\\/\\\/hotta.eu\\\/lv\\\/shop\\\/smoking-gun-chilli-sauce\\\/\",\"name\":\"Smoking Gun Chilli Sauce - Hotta\",\"isPartOf\":{\"@id\":\"https:\\\/\\\/hotta.eu\\\/lv\\\/#website\"},\"primaryImageOfPage\":{\"@id\":\"https:\\\/\\\/hotta.eu\\\/lv\\\/shop\\\/smoking-gun-chilli-sauce\\\/#primaryimage\"},\"image\":{\"@id\":\"https:\\\/\\\/hotta.eu\\\/lv\\\/shop\\\/smoking-gun-chilli-sauce\\\/#primaryimage\"},\"thumbnailUrl\":\"https:\\\/\\\/hotta.eu\\\/wp-content\\\/uploads\\\/2024\\\/04\\\/Brendan-Smoking-Gun.png\",\"datePublished\":\"2024-04-27T16:11:59+00:00\",\"dateModified\":\"2025-10-29T16:39:36+00:00\",\"description\":\"Vispirms gar\u0161a, tad asums! Smoking Gun var raksturot k\u0101 \\\"chilli con carne konservu k\u0101rb\u0101\\\", lai gan \u0161aj\u0101 m\u0113rc\u0113 nav ga\u013cas. D\u016bmains un zemes arom\u0101ts.\",\"breadcrumb\":{\"@id\":\"https:\\\/\\\/hotta.eu\\\/lv\\\/shop\\\/smoking-gun-chilli-sauce\\\/#breadcrumb\"},\"inLanguage\":\"lv-LV\",\"potentialAction\":[{\"@type\":\"ReadAction\",\"target\":[\"https:\\\/\\\/hotta.eu\\\/lv\\\/shop\\\/smoking-gun-chilli-sauce\\\/\"]}]},{\"@type\":\"ImageObject\",\"inLanguage\":\"lv-LV\",\"@id\":\"https:\\\/\\\/hotta.eu\\\/lv\\\/shop\\\/smoking-gun-chilli-sauce\\\/#primaryimage\",\"url\":\"https:\\\/\\\/hotta.eu\\\/wp-content\\\/uploads\\\/2024\\\/04\\\/Brendan-Smoking-Gun.png\",\"contentUrl\":\"https:\\\/\\\/hotta.eu\\\/wp-content\\\/uploads\\\/2024\\\/04\\\/Brendan-Smoking-Gun.png\",\"width\":2000,\"height\":2000},{\"@type\":\"BreadcrumbList\",\"@id\":\"https:\\\/\\\/hotta.eu\\\/lv\\\/shop\\\/smoking-gun-chilli-sauce\\\/#breadcrumb\",\"itemListElement\":[{\"@type\":\"ListItem\",\"position\":1,\"name\":\"S\u0101kums\",\"item\":\"https:\\\/\\\/hotta.eu\\\/lv\\\/\"},{\"@type\":\"ListItem\",\"position\":2,\"name\":\"Veikals\",\"item\":\"https:\\\/\\\/hotta.eu\\\/lv\\\/shop\\\/\"},{\"@type\":\"ListItem\",\"position\":3,\"name\":\"Smoking Gun Chilli Sauce\"}]},{\"@type\":\"WebSite\",\"@id\":\"https:\\\/\\\/hotta.eu\\\/lv\\\/#website\",\"url\":\"https:\\\/\\\/hotta.eu\\\/lv\\\/\",\"name\":\"Hotta\",\"description\":\"Makes your mouth burn a lotta!\",\"publisher\":{\"@id\":\"https:\\\/\\\/hotta.eu\\\/lv\\\/#organization\"},\"potentialAction\":[{\"@type\":\"SearchAction\",\"target\":{\"@type\":\"EntryPoint\",\"urlTemplate\":\"https:\\\/\\\/hotta.eu\\\/lv\\\/?s={search_term_string}\"},\"query-input\":{\"@type\":\"PropertyValueSpecification\",\"valueRequired\":true,\"valueName\":\"search_term_string\"}}],\"inLanguage\":\"lv-LV\"},{\"@type\":\"Organization\",\"@id\":\"https:\\\/\\\/hotta.eu\\\/lv\\\/#organization\",\"name\":\"Hotta\",\"url\":\"https:\\\/\\\/hotta.eu\\\/lv\\\/\",\"logo\":{\"@type\":\"ImageObject\",\"inLanguage\":\"lv-LV\",\"@id\":\"https:\\\/\\\/hotta.eu\\\/lv\\\/#\\\/schema\\\/logo\\\/image\\\/\",\"url\":\"https:\\\/\\\/hotta.eu\\\/wp-content\\\/uploads\\\/2025\\\/04\\\/hotta-logo-invoice.png\",\"contentUrl\":\"https:\\\/\\\/hotta.eu\\\/wp-content\\\/uploads\\\/2025\\\/04\\\/hotta-logo-invoice.png\",\"width\":600,\"height\":411,\"caption\":\"Hotta\"},\"image\":{\"@id\":\"https:\\\/\\\/hotta.eu\\\/lv\\\/#\\\/schema\\\/logo\\\/image\\\/\"},\"sameAs\":[\"https:\\\/\\\/www.facebook.com\\\/hotta.eu\",\"https:\\\/\\\/x.com\\\/hottashop\",\"https:\\\/\\\/www.instagram.com\\\/hotta.shop\"]}]}<\/script>\n<!-- \/ Yoast SEO plugin. -->","yoast_head_json":{"title":"Smoking Gun Chilli Sauce - Hotta","description":"Vispirms gar\u0161a, tad asums! Smoking Gun var raksturot k\u0101 \"chilli con carne konservu k\u0101rb\u0101\", lai gan \u0161aj\u0101 m\u0113rc\u0113 nav ga\u013cas. D\u016bmains un zemes arom\u0101ts.","robots":{"index":"index","follow":"follow","max-snippet":"max-snippet:-1","max-image-preview":"max-image-preview:large","max-video-preview":"max-video-preview:-1"},"canonical":"https:\/\/hotta.eu\/lv\/shop\/smoking-gun-chilli-sauce\/","og_locale":"lv_LV","og_type":"article","og_title":"Smoking Gun Chilli Sauce - Hotta","og_description":"Vispirms gar\u0161a, tad asums! Smoking Gun var raksturot k\u0101 \"chilli con carne konservu k\u0101rb\u0101\", lai gan \u0161aj\u0101 m\u0113rc\u0113 nav ga\u013cas. D\u016bmains un zemes arom\u0101ts.","og_url":"https:\/\/hotta.eu\/lv\/shop\/smoking-gun-chilli-sauce\/","og_site_name":"Hotta","article_publisher":"https:\/\/www.facebook.com\/hotta.eu","article_modified_time":"2025-10-29T16:39:36+00:00","og_image":[{"width":1530,"height":1530,"url":"https:\/\/hotta.eu\/wp-content\/uploads\/2024\/04\/Brendan-Smoking-Gun-1530x1530.png","type":"image\/png"}],"twitter_card":"summary_large_image","twitter_site":"@hottashop","twitter_misc":{"Est. reading time":"1 minute"},"schema":{"@context":"https:\/\/schema.org","@graph":[{"@type":"WebPage","@id":"https:\/\/hotta.eu\/lv\/shop\/smoking-gun-chilli-sauce\/","url":"https:\/\/hotta.eu\/lv\/shop\/smoking-gun-chilli-sauce\/","name":"Smoking Gun Chilli Sauce - Hotta","isPartOf":{"@id":"https:\/\/hotta.eu\/lv\/#website"},"primaryImageOfPage":{"@id":"https:\/\/hotta.eu\/lv\/shop\/smoking-gun-chilli-sauce\/#primaryimage"},"image":{"@id":"https:\/\/hotta.eu\/lv\/shop\/smoking-gun-chilli-sauce\/#primaryimage"},"thumbnailUrl":"https:\/\/hotta.eu\/wp-content\/uploads\/2024\/04\/Brendan-Smoking-Gun.png","datePublished":"2024-04-27T16:11:59+00:00","dateModified":"2025-10-29T16:39:36+00:00","description":"Vispirms gar\u0161a, tad asums! Smoking Gun var raksturot k\u0101 \"chilli con carne konservu k\u0101rb\u0101\", lai gan \u0161aj\u0101 m\u0113rc\u0113 nav ga\u013cas. D\u016bmains un zemes arom\u0101ts.","breadcrumb":{"@id":"https:\/\/hotta.eu\/lv\/shop\/smoking-gun-chilli-sauce\/#breadcrumb"},"inLanguage":"lv-LV","potentialAction":[{"@type":"ReadAction","target":["https:\/\/hotta.eu\/lv\/shop\/smoking-gun-chilli-sauce\/"]}]},{"@type":"ImageObject","inLanguage":"lv-LV","@id":"https:\/\/hotta.eu\/lv\/shop\/smoking-gun-chilli-sauce\/#primaryimage","url":"https:\/\/hotta.eu\/wp-content\/uploads\/2024\/04\/Brendan-Smoking-Gun.png","contentUrl":"https:\/\/hotta.eu\/wp-content\/uploads\/2024\/04\/Brendan-Smoking-Gun.png","width":2000,"height":2000},{"@type":"BreadcrumbList","@id":"https:\/\/hotta.eu\/lv\/shop\/smoking-gun-chilli-sauce\/#breadcrumb","itemListElement":[{"@type":"ListItem","position":1,"name":"S\u0101kums","item":"https:\/\/hotta.eu\/lv\/"},{"@type":"ListItem","position":2,"name":"Veikals","item":"https:\/\/hotta.eu\/lv\/shop\/"},{"@type":"ListItem","position":3,"name":"Smoking Gun Chilli Sauce"}]},{"@type":"WebSite","@id":"https:\/\/hotta.eu\/lv\/#website","url":"https:\/\/hotta.eu\/lv\/","name":"Hotta","description":"Makes your mouth burn a lotta!","publisher":{"@id":"https:\/\/hotta.eu\/lv\/#organization"},"potentialAction":[{"@type":"SearchAction","target":{"@type":"EntryPoint","urlTemplate":"https:\/\/hotta.eu\/lv\/?s={search_term_string}"},"query-input":{"@type":"PropertyValueSpecification","valueRequired":true,"valueName":"search_term_string"}}],"inLanguage":"lv-LV"},{"@type":"Organization","@id":"https:\/\/hotta.eu\/lv\/#organization","name":"Hotta","url":"https:\/\/hotta.eu\/lv\/","logo":{"@type":"ImageObject","inLanguage":"lv-LV","@id":"https:\/\/hotta.eu\/lv\/#\/schema\/logo\/image\/","url":"https:\/\/hotta.eu\/wp-content\/uploads\/2025\/04\/hotta-logo-invoice.png","contentUrl":"https:\/\/hotta.eu\/wp-content\/uploads\/2025\/04\/hotta-logo-invoice.png","width":600,"height":411,"caption":"Hotta"},"image":{"@id":"https:\/\/hotta.eu\/lv\/#\/schema\/logo\/image\/"},"sameAs":["https:\/\/www.facebook.com\/hotta.eu","https:\/\/x.com\/hottashop","https:\/\/www.instagram.com\/hotta.shop"]}]}},"jetpack_sharing_enabled":true,"_links":{"self":[{"href":"https:\/\/hotta.eu\/lv\/wp-json\/wp\/v2\/product\/18895","targetHints":{"allow":["GET"]}}],"collection":[{"href":"https:\/\/hotta.eu\/lv\/wp-json\/wp\/v2\/product"}],"about":[{"href":"https:\/\/hotta.eu\/lv\/wp-json\/wp\/v2\/types\/product"}],"replies":[{"embeddable":true,"href":"https:\/\/hotta.eu\/lv\/wp-json\/wp\/v2\/comments?post=18895"}],"wp:featuredmedia":[{"embeddable":true,"href":"https:\/\/hotta.eu\/lv\/wp-json\/wp\/v2\/media\/17736"}],"wp:attachment":[{"href":"https:\/\/hotta.eu\/lv\/wp-json\/wp\/v2\/media?parent=18895"}],"wp:term":[{"taxonomy":"product_cat","embeddable":true,"href":"https:\/\/hotta.eu\/lv\/wp-json\/wp\/v2\/product_cat?post=18895"},{"taxonomy":"product_tag","embeddable":true,"href":"https:\/\/hotta.eu\/lv\/wp-json\/wp\/v2\/product_tag?post=18895"},{"taxonomy":"giftcard-category","embeddable":true,"href":"https:\/\/hotta.eu\/lv\/wp-json\/wp\/v2\/giftcard-category?post=18895"}],"curies":[{"name":"wp","href":"https:\/\/api.w.org\/{rel}","templated":true}]}}