{"id":18901,"date":"2024-05-11T00:00:09","date_gmt":"2024-05-10T22:00:09","guid":{"rendered":"https:\/\/hotta.eu\/shop\/hot-chip-izaicinajums\/"},"modified":"2025-07-19T13:03:15","modified_gmt":"2025-07-19T11:03:15","slug":"hot-chip-challenge","status":"publish","type":"product","link":"https:\/\/hotta.eu\/lv\/shop\/hot-chip-challenge\/","title":{"rendered":"Hot Chip Challenge"},"content":{"rendered":"<p><strong>Sast\u0101vda\u013cas<\/strong><br \/>\nKukur\u016bzas milti (72%), saulespu\u0137u e\u013c\u013ca, Hot-Chip Challenge\u00ae Mix 6% (s\u0101ls, Carolina Reaper \u010dilli, Trinidad Moruga Scorpion \u010dilli, Trinidad Moruga Scorpion \u010dilli, Naga Bhut Jolokia \u010dilli, Habanero \u010dilli, melno piparu ekstrakts, dab\u012bga aromatiz\u0113t\u0101ja, maltodekstr\u012bns, dab\u012bgs kr\u0101sviela: kalt\u0113ta sarkano bie\u0161u sula).<\/p>\n<p><strong>Uzturv\u0113rt\u012bbas inform\u0101cija (1.25 g)<\/strong><br \/>\nEner\u0123ija 24 kJ (6 kcal), tauki 0.2 g (no tiem pies\u0101tin\u0101t\u0101s tauksk\u0101bes &lt;0.1 g), olbaltumvielas 0.1 g, og\u013chidr\u0101ti 0.9 g (no tiem cukuri &lt;0.1 g), s\u0101ls &lt;0.1 g.<\/p>\n<p><strong>Br\u012bdin\u0101jums<br \/>\n<\/strong>Izmantojiet uz savu risku. Nelietot b\u0113rniem l\u012bdz 16 gadu vecumam, gr\u016btniec\u0113m vai sieviet\u0113m, kas baro b\u0113rnu ar kr\u016bti, cilv\u0113kiem, kas jut\u012bgi pret kapsaic\u012bnu, un cilv\u0113kiem ar visp\u0101r\u0113j\u0101m saslim\u0161an\u0101m. Uzglab\u0101t b\u0113rniem nepieejam\u0101 viet\u0101. Pirms lieto\u0161anas uzman\u012bgi izlasiet lieto\u0161anas instrukciju uz iepakojuma aizmugures.<\/p>\n","protected":false},"excerpt":{"rendered":"<p>Le\u0123end\u0101rais Hot Chip Challenge ir atgriezies! \ud83e\udd75<\/p>\n<p>Atjaunin\u0101taj\u0101 recept\u0113 iek\u013cauts Hot-Chip Challenge\u00ae Mix (Carolina Reaper, Trinidad Moruga Scorpion, Naga Bhut Jolokia un Habanero \u010dilli mais\u012bjums).<\/p>\n<p>Vai esat gatavs izaicin\u0101jumam? \ud83d\udc40<\/p>\n<p><img fetchpriority=\"high\" decoding=\"async\" width=\"460\" height=\"271\" class=\"alignnone size-medium wp-image-17857\" style=\"max-width: 100%; height: auto;\" src=\"https:\/\/hotta.eu\/wp-content\/uploads\/2021\/09\/web-last-words-460x271.png\" alt=\"\" srcset=\"https:\/\/hotta.eu\/wp-content\/uploads\/2021\/09\/web-last-words-460x271.png 460w, https:\/\/hotta.eu\/wp-content\/uploads\/2021\/09\/web-last-words-1530x903.png 1530w, https:\/\/hotta.eu\/wp-content\/uploads\/2021\/09\/web-last-words-765x451.png 765w, https:\/\/hotta.eu\/wp-content\/uploads\/2021\/09\/web-last-words-920x543.png 920w, https:\/\/hotta.eu\/wp-content\/uploads\/2021\/09\/web-last-words-231x136.png 231w, https:\/\/hotta.eu\/wp-content\/uploads\/2021\/09\/web-last-words.png 1920w\" sizes=\"(max-width: 460px) 100vw, 460px\" \/><\/p>\n<p>Komplekt\u0101 ietilpst super asa <em>karst\u0101 mikrosh\u0113ma<\/em> (1 gab.), aizsargcimds, <em>tetov\u0113juma uzl\u012bmes<\/em>, uzl\u012bme un sertifik\u0101ts.<\/p>\n<p><img decoding=\"async\" width=\"460\" height=\"236\" class=\"alignnone size-medium wp-image-17865\" style=\"max-width: 100%; height: auto;\" src=\"https:\/\/hotta.eu\/wp-content\/uploads\/2021\/09\/challenge-in-the-box-rounded-460x236.png\" alt=\"\" srcset=\"https:\/\/hotta.eu\/wp-content\/uploads\/2021\/09\/challenge-in-the-box-rounded-460x236.png 460w, https:\/\/hotta.eu\/wp-content\/uploads\/2021\/09\/challenge-in-the-box-rounded-765x392.png 765w, https:\/\/hotta.eu\/wp-content\/uploads\/2021\/09\/challenge-in-the-box-rounded-231x118.png 231w, https:\/\/hotta.eu\/wp-content\/uploads\/2021\/09\/challenge-in-the-box-rounded.png 815w\" sizes=\"(max-width: 460px) 100vw, 460px\" \/><br \/>\n[ywcwtl_form product_id=\"\"]<\/p>\n","protected":false},"featured_media":17855,"comment_status":"open","ping_status":"closed","template":"","meta":[],"product_cat":[938],"product_tag":[],"giftcard-category":[],"class_list":{"0":"post-18901","1":"product","2":"type-product","3":"status-publish","4":"has-post-thumbnail","6":"product_cat-uzkodas","7":"pa_brand-hot-chip","9":"first","10":"outofstock","11":"taxable","12":"shipping-taxable","13":"purchasable","14":"product-type-variable"},"yoast_head":"<!-- This site is optimized with the Yoast SEO plugin v27.3 - https:\/\/yoast.com\/product\/yoast-seo-wordpress\/ -->\n<title>Hot Chip Challenge - Hotta<\/title>\n<meta name=\"description\" content=\"Le\u0123end\u0101rais Hot-Chip Challenge tagad ar\u012b Latvija! Carolina Reaper, Trinidad Moruga Scorpion, Naga Bhut Jolokia un Habanero kombin\u0101cija. Ekstr\u0113ms izaicin\u0101jums!\" \/>\n<meta name=\"robots\" content=\"index, follow, max-snippet:-1, max-image-preview:large, max-video-preview:-1\" \/>\n<link rel=\"canonical\" href=\"https:\/\/hotta.eu\/lv\/shop\/hot-chip-challenge\/\" \/>\n<meta property=\"og:locale\" content=\"lv_LV\" \/>\n<meta property=\"og:type\" content=\"article\" \/>\n<meta property=\"og:title\" content=\"Hot Chip Challenge - Hotta\" \/>\n<meta property=\"og:description\" content=\"Le\u0123end\u0101rais Hot-Chip Challenge tagad ar\u012b Latvija! Carolina Reaper, Trinidad Moruga Scorpion, Naga Bhut Jolokia un Habanero kombin\u0101cija. Ekstr\u0113ms izaicin\u0101jums!\" \/>\n<meta property=\"og:url\" content=\"https:\/\/hotta.eu\/lv\/shop\/hot-chip-challenge\/\" \/>\n<meta property=\"og:site_name\" content=\"Hotta\" \/>\n<meta property=\"article:publisher\" content=\"https:\/\/www.facebook.com\/hotta.eu\" \/>\n<meta property=\"article:modified_time\" content=\"2025-07-19T11:03:15+00:00\" \/>\n<meta property=\"og:image\" content=\"https:\/\/hotta.eu\/wp-content\/uploads\/2021\/09\/hot-chip-challenge-front-1530x1530.png\" \/>\n\t<meta property=\"og:image:width\" content=\"1530\" \/>\n\t<meta property=\"og:image:height\" content=\"1530\" \/>\n\t<meta property=\"og:image:type\" content=\"image\/png\" \/>\n<meta name=\"twitter:card\" content=\"summary_large_image\" \/>\n<meta name=\"twitter:site\" content=\"@hottashop\" \/>\n<meta name=\"twitter:label1\" content=\"Est. reading time\" \/>\n\t<meta name=\"twitter:data1\" content=\"1 minute\" \/>\n<script type=\"application\/ld+json\" class=\"yoast-schema-graph\">{\"@context\":\"https:\\\/\\\/schema.org\",\"@graph\":[{\"@type\":\"WebPage\",\"@id\":\"https:\\\/\\\/hotta.eu\\\/lv\\\/shop\\\/hot-chip-challenge\\\/\",\"url\":\"https:\\\/\\\/hotta.eu\\\/lv\\\/shop\\\/hot-chip-challenge\\\/\",\"name\":\"Hot Chip Challenge - Hotta\",\"isPartOf\":{\"@id\":\"https:\\\/\\\/hotta.eu\\\/lv\\\/#website\"},\"primaryImageOfPage\":{\"@id\":\"https:\\\/\\\/hotta.eu\\\/lv\\\/shop\\\/hot-chip-challenge\\\/#primaryimage\"},\"image\":{\"@id\":\"https:\\\/\\\/hotta.eu\\\/lv\\\/shop\\\/hot-chip-challenge\\\/#primaryimage\"},\"thumbnailUrl\":\"https:\\\/\\\/hotta.eu\\\/wp-content\\\/uploads\\\/2021\\\/09\\\/hot-chip-challenge-front.png\",\"datePublished\":\"2024-05-10T22:00:09+00:00\",\"dateModified\":\"2025-07-19T11:03:15+00:00\",\"description\":\"Le\u0123end\u0101rais Hot-Chip Challenge tagad ar\u012b Latvija! Carolina Reaper, Trinidad Moruga Scorpion, Naga Bhut Jolokia un Habanero kombin\u0101cija. Ekstr\u0113ms izaicin\u0101jums!\",\"breadcrumb\":{\"@id\":\"https:\\\/\\\/hotta.eu\\\/lv\\\/shop\\\/hot-chip-challenge\\\/#breadcrumb\"},\"inLanguage\":\"lv-LV\",\"potentialAction\":[{\"@type\":\"ReadAction\",\"target\":[\"https:\\\/\\\/hotta.eu\\\/lv\\\/shop\\\/hot-chip-challenge\\\/\"]}]},{\"@type\":\"ImageObject\",\"inLanguage\":\"lv-LV\",\"@id\":\"https:\\\/\\\/hotta.eu\\\/lv\\\/shop\\\/hot-chip-challenge\\\/#primaryimage\",\"url\":\"https:\\\/\\\/hotta.eu\\\/wp-content\\\/uploads\\\/2021\\\/09\\\/hot-chip-challenge-front.png\",\"contentUrl\":\"https:\\\/\\\/hotta.eu\\\/wp-content\\\/uploads\\\/2021\\\/09\\\/hot-chip-challenge-front.png\",\"width\":2000,\"height\":2000},{\"@type\":\"BreadcrumbList\",\"@id\":\"https:\\\/\\\/hotta.eu\\\/lv\\\/shop\\\/hot-chip-challenge\\\/#breadcrumb\",\"itemListElement\":[{\"@type\":\"ListItem\",\"position\":1,\"name\":\"S\u0101kums\",\"item\":\"https:\\\/\\\/hotta.eu\\\/lv\\\/sakumlapa\\\/\"},{\"@type\":\"ListItem\",\"position\":2,\"name\":\"Veikals\",\"item\":\"https:\\\/\\\/hotta.eu\\\/lv\\\/shop\\\/\"},{\"@type\":\"ListItem\",\"position\":3,\"name\":\"Hot Chip Challenge\"}]},{\"@type\":\"WebSite\",\"@id\":\"https:\\\/\\\/hotta.eu\\\/lv\\\/#website\",\"url\":\"https:\\\/\\\/hotta.eu\\\/lv\\\/\",\"name\":\"Hotta\",\"description\":\"Makes your mouth burn a lotta!\",\"publisher\":{\"@id\":\"https:\\\/\\\/hotta.eu\\\/lv\\\/#organization\"},\"potentialAction\":[{\"@type\":\"SearchAction\",\"target\":{\"@type\":\"EntryPoint\",\"urlTemplate\":\"https:\\\/\\\/hotta.eu\\\/lv\\\/?s={search_term_string}\"},\"query-input\":{\"@type\":\"PropertyValueSpecification\",\"valueRequired\":true,\"valueName\":\"search_term_string\"}}],\"inLanguage\":\"lv-LV\"},{\"@type\":\"Organization\",\"@id\":\"https:\\\/\\\/hotta.eu\\\/lv\\\/#organization\",\"name\":\"Hotta\",\"url\":\"https:\\\/\\\/hotta.eu\\\/lv\\\/\",\"logo\":{\"@type\":\"ImageObject\",\"inLanguage\":\"lv-LV\",\"@id\":\"https:\\\/\\\/hotta.eu\\\/lv\\\/#\\\/schema\\\/logo\\\/image\\\/\",\"url\":\"https:\\\/\\\/hotta.eu\\\/wp-content\\\/uploads\\\/2025\\\/04\\\/hotta-logo-invoice.png\",\"contentUrl\":\"https:\\\/\\\/hotta.eu\\\/wp-content\\\/uploads\\\/2025\\\/04\\\/hotta-logo-invoice.png\",\"width\":600,\"height\":411,\"caption\":\"Hotta\"},\"image\":{\"@id\":\"https:\\\/\\\/hotta.eu\\\/lv\\\/#\\\/schema\\\/logo\\\/image\\\/\"},\"sameAs\":[\"https:\\\/\\\/www.facebook.com\\\/hotta.eu\",\"https:\\\/\\\/x.com\\\/hottashop\",\"https:\\\/\\\/www.instagram.com\\\/hotta.shop\"]}]}<\/script>\n<!-- \/ Yoast SEO plugin. -->","yoast_head_json":{"title":"Hot Chip Challenge - Hotta","description":"Le\u0123end\u0101rais Hot-Chip Challenge tagad ar\u012b Latvija! Carolina Reaper, Trinidad Moruga Scorpion, Naga Bhut Jolokia un Habanero kombin\u0101cija. Ekstr\u0113ms izaicin\u0101jums!","robots":{"index":"index","follow":"follow","max-snippet":"max-snippet:-1","max-image-preview":"max-image-preview:large","max-video-preview":"max-video-preview:-1"},"canonical":"https:\/\/hotta.eu\/lv\/shop\/hot-chip-challenge\/","og_locale":"lv_LV","og_type":"article","og_title":"Hot Chip Challenge - Hotta","og_description":"Le\u0123end\u0101rais Hot-Chip Challenge tagad ar\u012b Latvija! Carolina Reaper, Trinidad Moruga Scorpion, Naga Bhut Jolokia un Habanero kombin\u0101cija. Ekstr\u0113ms izaicin\u0101jums!","og_url":"https:\/\/hotta.eu\/lv\/shop\/hot-chip-challenge\/","og_site_name":"Hotta","article_publisher":"https:\/\/www.facebook.com\/hotta.eu","article_modified_time":"2025-07-19T11:03:15+00:00","og_image":[{"width":1530,"height":1530,"url":"https:\/\/hotta.eu\/wp-content\/uploads\/2021\/09\/hot-chip-challenge-front-1530x1530.png","type":"image\/png"}],"twitter_card":"summary_large_image","twitter_site":"@hottashop","twitter_misc":{"Est. reading time":"1 minute"},"schema":{"@context":"https:\/\/schema.org","@graph":[{"@type":"WebPage","@id":"https:\/\/hotta.eu\/lv\/shop\/hot-chip-challenge\/","url":"https:\/\/hotta.eu\/lv\/shop\/hot-chip-challenge\/","name":"Hot Chip Challenge - Hotta","isPartOf":{"@id":"https:\/\/hotta.eu\/lv\/#website"},"primaryImageOfPage":{"@id":"https:\/\/hotta.eu\/lv\/shop\/hot-chip-challenge\/#primaryimage"},"image":{"@id":"https:\/\/hotta.eu\/lv\/shop\/hot-chip-challenge\/#primaryimage"},"thumbnailUrl":"https:\/\/hotta.eu\/wp-content\/uploads\/2021\/09\/hot-chip-challenge-front.png","datePublished":"2024-05-10T22:00:09+00:00","dateModified":"2025-07-19T11:03:15+00:00","description":"Le\u0123end\u0101rais Hot-Chip Challenge tagad ar\u012b Latvija! Carolina Reaper, Trinidad Moruga Scorpion, Naga Bhut Jolokia un Habanero kombin\u0101cija. Ekstr\u0113ms izaicin\u0101jums!","breadcrumb":{"@id":"https:\/\/hotta.eu\/lv\/shop\/hot-chip-challenge\/#breadcrumb"},"inLanguage":"lv-LV","potentialAction":[{"@type":"ReadAction","target":["https:\/\/hotta.eu\/lv\/shop\/hot-chip-challenge\/"]}]},{"@type":"ImageObject","inLanguage":"lv-LV","@id":"https:\/\/hotta.eu\/lv\/shop\/hot-chip-challenge\/#primaryimage","url":"https:\/\/hotta.eu\/wp-content\/uploads\/2021\/09\/hot-chip-challenge-front.png","contentUrl":"https:\/\/hotta.eu\/wp-content\/uploads\/2021\/09\/hot-chip-challenge-front.png","width":2000,"height":2000},{"@type":"BreadcrumbList","@id":"https:\/\/hotta.eu\/lv\/shop\/hot-chip-challenge\/#breadcrumb","itemListElement":[{"@type":"ListItem","position":1,"name":"S\u0101kums","item":"https:\/\/hotta.eu\/lv\/sakumlapa\/"},{"@type":"ListItem","position":2,"name":"Veikals","item":"https:\/\/hotta.eu\/lv\/shop\/"},{"@type":"ListItem","position":3,"name":"Hot Chip Challenge"}]},{"@type":"WebSite","@id":"https:\/\/hotta.eu\/lv\/#website","url":"https:\/\/hotta.eu\/lv\/","name":"Hotta","description":"Makes your mouth burn a lotta!","publisher":{"@id":"https:\/\/hotta.eu\/lv\/#organization"},"potentialAction":[{"@type":"SearchAction","target":{"@type":"EntryPoint","urlTemplate":"https:\/\/hotta.eu\/lv\/?s={search_term_string}"},"query-input":{"@type":"PropertyValueSpecification","valueRequired":true,"valueName":"search_term_string"}}],"inLanguage":"lv-LV"},{"@type":"Organization","@id":"https:\/\/hotta.eu\/lv\/#organization","name":"Hotta","url":"https:\/\/hotta.eu\/lv\/","logo":{"@type":"ImageObject","inLanguage":"lv-LV","@id":"https:\/\/hotta.eu\/lv\/#\/schema\/logo\/image\/","url":"https:\/\/hotta.eu\/wp-content\/uploads\/2025\/04\/hotta-logo-invoice.png","contentUrl":"https:\/\/hotta.eu\/wp-content\/uploads\/2025\/04\/hotta-logo-invoice.png","width":600,"height":411,"caption":"Hotta"},"image":{"@id":"https:\/\/hotta.eu\/lv\/#\/schema\/logo\/image\/"},"sameAs":["https:\/\/www.facebook.com\/hotta.eu","https:\/\/x.com\/hottashop","https:\/\/www.instagram.com\/hotta.shop"]}]}},"jetpack_sharing_enabled":true,"_links":{"self":[{"href":"https:\/\/hotta.eu\/lv\/wp-json\/wp\/v2\/product\/18901","targetHints":{"allow":["GET"]}}],"collection":[{"href":"https:\/\/hotta.eu\/lv\/wp-json\/wp\/v2\/product"}],"about":[{"href":"https:\/\/hotta.eu\/lv\/wp-json\/wp\/v2\/types\/product"}],"replies":[{"embeddable":true,"href":"https:\/\/hotta.eu\/lv\/wp-json\/wp\/v2\/comments?post=18901"}],"wp:featuredmedia":[{"embeddable":true,"href":"https:\/\/hotta.eu\/lv\/wp-json\/wp\/v2\/media\/17855"}],"wp:attachment":[{"href":"https:\/\/hotta.eu\/lv\/wp-json\/wp\/v2\/media?parent=18901"}],"wp:term":[{"taxonomy":"product_cat","embeddable":true,"href":"https:\/\/hotta.eu\/lv\/wp-json\/wp\/v2\/product_cat?post=18901"},{"taxonomy":"product_tag","embeddable":true,"href":"https:\/\/hotta.eu\/lv\/wp-json\/wp\/v2\/product_tag?post=18901"},{"taxonomy":"giftcard-category","embeddable":true,"href":"https:\/\/hotta.eu\/lv\/wp-json\/wp\/v2\/giftcard-category?post=18901"}],"curies":[{"name":"wp","href":"https:\/\/api.w.org\/{rel}","templated":true}]}}