{"id":18903,"date":"2024-04-27T18:21:18","date_gmt":"2024-04-27T16:21:18","guid":{"rendered":"https:\/\/hotta.eu\/shop\/nw3-cilli-merce\/"},"modified":"2025-10-29T18:39:08","modified_gmt":"2025-10-29T16:39:08","slug":"nw3-chilli-sauce","status":"publish","type":"product","link":"https:\/\/hotta.eu\/lv\/shop\/nw3-chilli-sauce\/","title":{"rendered":"NW3 Chilli Sauce"},"content":{"rendered":"<p><strong>Sast\u0101vda\u013cas<br \/>\n<\/strong>Tom\u0101ti (55%), s\u012bpoli, sarkanie pipari, sarkanais \u010dilli (7%), \u0137iploki, cukurs, dzelteno skotu \u010dilli biezenis (3%) [dzeltenais skotu \u010dilli, s\u0101ls, eti\u0137sk\u0101be], tom\u0101tu pasta (3%), ol\u012bve\u013c\u013ca, saulespu\u0137u e\u013c\u013ca, kukur\u016bzas milti, \u010dilli pulveris (1%), s\u0101ls, sk\u0101buma regul\u0113t\u0101js: citronsk\u0101be, p\u0113ters\u012b\u013ci, maltas \u0137imenes, gar\u0161augu mais\u012bjums, citronu sula.<\/p>\n<p><strong>Uzturv\u0113rt\u012bbas inform\u0101cija (100 g)<br \/>\n<\/strong>Ener\u0123ija 277 kJ (65 kcal), tauki 1 g (no tiem pies\u0101tin\u0101t\u0101s tauksk\u0101bes 0,2 g), og\u013chidr\u0101ti 10 g (no tiem cukuri 7 g), olbaltumvielas 1,3 g, s\u0101ls 0,81 g. P\u0101rtikas sast\u0101vda\u013cas: s\u0101ls, citrusaug\u013ci, ciete, citronu sula, citronu sula, citronu sula, s\u0101ls, citronu sula.<\/p>\n<p><strong>Der\u012bguma termi\u0146\u0161 un uzglab\u0101\u0161ana<\/strong><br \/>\nUz pudeles nor\u0101d\u012btais der\u012bguma termi\u0146\u0161 attiecas uz neatv\u0113rtiem produktiem. Atv\u0113rtu produktu uzglab\u0101t ledusskap\u012b un pat\u0113r\u0113t 2 ned\u0113\u013cu laik\u0101.<\/p>\n","protected":false},"excerpt":{"rendered":"<p><strong>GAR\u0160A! SILTUMS! PASSION!<\/strong><\/p>\n<p>Brendans Tomass (Brendan Thomas), paz\u012bstams ar\u012b k\u0101 \u010cilli v\u012brs (Chilli Man), ir rad\u012bjis daudzveid\u012bgu m\u0113r\u010du kl\u0101stu, kuru pamat\u0101 ir kop\u012bgs princips &#8211; vispirms gar\u0161a, tikai p\u0113c tam pikantums!<\/p>\n<p>NW3 ir vid\u0113ji pikanta, <em>kebabu veikala stila<\/em> m\u0113rce, kas nosaukta p\u0113c West Hampstead zieme\u013cu London\u0101 &#8211; tur eso\u0161\u0101 kebabu veikala pasta indeksa. \u0160is produkts ir Chilli Man velt\u012bjums savai m\u012b\u013c\u0101kajai kebabu vietai. Lieliski sader ar ga\u013cu vai haloumi sieru, bet ar\u012b k\u0101 m\u0113rce! Uzlabojiet gar\u0161u, pievienojot citronu sulu, p\u0113ters\u012b\u013cus un ol\u012bve\u013c\u013cu.<\/p>\n[ywcwtl_form product_id=\"\"]\n","protected":false},"featured_media":17724,"comment_status":"open","ping_status":"closed","template":"","meta":[],"product_cat":[916,922],"product_tag":[],"giftcard-category":[],"class_list":{"0":"post-18903","1":"product","2":"type-product","3":"status-publish","4":"has-post-thumbnail","6":"product_cat-merces","7":"product_cat-videjs","8":"pa_brand-brendans","10":"first","11":"outofstock","12":"sale","13":"taxable","14":"shipping-taxable","15":"purchasable","16":"product-type-simple"},"yoast_head":"<!-- This site is optimized with the Yoast SEO plugin v27.4 - https:\/\/yoast.com\/product\/yoast-seo-wordpress\/ -->\n<title>NW3 Chilli Sauce - Hotta<\/title>\n<meta name=\"description\" content=\"Vispirms gar\u0161a, tad asums! NW3 ir lieliski piem\u0113rots ar ga\u013cu vai haloumi sieru, bet ar\u012b k\u0101 m\u0113rce! Uzlabojiet gar\u0161u, pievienojot citrona sulu.\" \/>\n<meta name=\"robots\" content=\"index, follow, max-snippet:-1, max-image-preview:large, max-video-preview:-1\" \/>\n<link rel=\"canonical\" href=\"https:\/\/hotta.eu\/lv\/shop\/nw3-chilli-sauce\/\" \/>\n<meta property=\"og:locale\" content=\"lv_LV\" \/>\n<meta property=\"og:type\" content=\"article\" \/>\n<meta property=\"og:title\" content=\"NW3 Chilli Sauce - Hotta\" \/>\n<meta property=\"og:description\" content=\"Vispirms gar\u0161a, tad asums! NW3 ir lieliski piem\u0113rots ar ga\u013cu vai haloumi sieru, bet ar\u012b k\u0101 m\u0113rce! Uzlabojiet gar\u0161u, pievienojot citrona sulu.\" \/>\n<meta property=\"og:url\" content=\"https:\/\/hotta.eu\/lv\/shop\/nw3-chilli-sauce\/\" \/>\n<meta property=\"og:site_name\" content=\"Hotta\" \/>\n<meta property=\"article:publisher\" content=\"https:\/\/www.facebook.com\/hotta.eu\" \/>\n<meta property=\"article:modified_time\" content=\"2025-10-29T16:39:08+00:00\" \/>\n<meta property=\"og:image\" content=\"https:\/\/hotta.eu\/wp-content\/uploads\/2024\/04\/Brendan-NW3-1530x1530.png\" \/>\n\t<meta property=\"og:image:width\" content=\"1530\" \/>\n\t<meta property=\"og:image:height\" content=\"1530\" \/>\n\t<meta property=\"og:image:type\" content=\"image\/png\" \/>\n<meta name=\"twitter:card\" content=\"summary_large_image\" \/>\n<meta name=\"twitter:site\" content=\"@hottashop\" \/>\n<meta name=\"twitter:label1\" content=\"Est. reading time\" \/>\n\t<meta name=\"twitter:data1\" content=\"1 minute\" \/>\n<script type=\"application\/ld+json\" class=\"yoast-schema-graph\">{\"@context\":\"https:\\\/\\\/schema.org\",\"@graph\":[{\"@type\":\"WebPage\",\"@id\":\"https:\\\/\\\/hotta.eu\\\/lv\\\/shop\\\/nw3-chilli-sauce\\\/\",\"url\":\"https:\\\/\\\/hotta.eu\\\/lv\\\/shop\\\/nw3-chilli-sauce\\\/\",\"name\":\"NW3 Chilli Sauce - Hotta\",\"isPartOf\":{\"@id\":\"https:\\\/\\\/hotta.eu\\\/lv\\\/#website\"},\"primaryImageOfPage\":{\"@id\":\"https:\\\/\\\/hotta.eu\\\/lv\\\/shop\\\/nw3-chilli-sauce\\\/#primaryimage\"},\"image\":{\"@id\":\"https:\\\/\\\/hotta.eu\\\/lv\\\/shop\\\/nw3-chilli-sauce\\\/#primaryimage\"},\"thumbnailUrl\":\"https:\\\/\\\/hotta.eu\\\/wp-content\\\/uploads\\\/2024\\\/04\\\/Brendan-NW3.png\",\"datePublished\":\"2024-04-27T16:21:18+00:00\",\"dateModified\":\"2025-10-29T16:39:08+00:00\",\"description\":\"Vispirms gar\u0161a, tad asums! NW3 ir lieliski piem\u0113rots ar ga\u013cu vai haloumi sieru, bet ar\u012b k\u0101 m\u0113rce! Uzlabojiet gar\u0161u, pievienojot citrona sulu.\",\"breadcrumb\":{\"@id\":\"https:\\\/\\\/hotta.eu\\\/lv\\\/shop\\\/nw3-chilli-sauce\\\/#breadcrumb\"},\"inLanguage\":\"lv-LV\",\"potentialAction\":[{\"@type\":\"ReadAction\",\"target\":[\"https:\\\/\\\/hotta.eu\\\/lv\\\/shop\\\/nw3-chilli-sauce\\\/\"]}]},{\"@type\":\"ImageObject\",\"inLanguage\":\"lv-LV\",\"@id\":\"https:\\\/\\\/hotta.eu\\\/lv\\\/shop\\\/nw3-chilli-sauce\\\/#primaryimage\",\"url\":\"https:\\\/\\\/hotta.eu\\\/wp-content\\\/uploads\\\/2024\\\/04\\\/Brendan-NW3.png\",\"contentUrl\":\"https:\\\/\\\/hotta.eu\\\/wp-content\\\/uploads\\\/2024\\\/04\\\/Brendan-NW3.png\",\"width\":2000,\"height\":2000},{\"@type\":\"BreadcrumbList\",\"@id\":\"https:\\\/\\\/hotta.eu\\\/lv\\\/shop\\\/nw3-chilli-sauce\\\/#breadcrumb\",\"itemListElement\":[{\"@type\":\"ListItem\",\"position\":1,\"name\":\"S\u0101kums\",\"item\":\"https:\\\/\\\/hotta.eu\\\/lv\\\/sakumlapa\\\/\"},{\"@type\":\"ListItem\",\"position\":2,\"name\":\"Veikals\",\"item\":\"https:\\\/\\\/hotta.eu\\\/lv\\\/shop\\\/\"},{\"@type\":\"ListItem\",\"position\":3,\"name\":\"NW3 Chilli Sauce\"}]},{\"@type\":\"WebSite\",\"@id\":\"https:\\\/\\\/hotta.eu\\\/lv\\\/#website\",\"url\":\"https:\\\/\\\/hotta.eu\\\/lv\\\/\",\"name\":\"Hotta\",\"description\":\"Makes your mouth burn a lotta!\",\"publisher\":{\"@id\":\"https:\\\/\\\/hotta.eu\\\/lv\\\/#organization\"},\"potentialAction\":[{\"@type\":\"SearchAction\",\"target\":{\"@type\":\"EntryPoint\",\"urlTemplate\":\"https:\\\/\\\/hotta.eu\\\/lv\\\/?s={search_term_string}\"},\"query-input\":{\"@type\":\"PropertyValueSpecification\",\"valueRequired\":true,\"valueName\":\"search_term_string\"}}],\"inLanguage\":\"lv-LV\"},{\"@type\":\"Organization\",\"@id\":\"https:\\\/\\\/hotta.eu\\\/lv\\\/#organization\",\"name\":\"Hotta\",\"url\":\"https:\\\/\\\/hotta.eu\\\/lv\\\/\",\"logo\":{\"@type\":\"ImageObject\",\"inLanguage\":\"lv-LV\",\"@id\":\"https:\\\/\\\/hotta.eu\\\/lv\\\/#\\\/schema\\\/logo\\\/image\\\/\",\"url\":\"https:\\\/\\\/hotta.eu\\\/wp-content\\\/uploads\\\/2025\\\/04\\\/hotta-logo-invoice.png\",\"contentUrl\":\"https:\\\/\\\/hotta.eu\\\/wp-content\\\/uploads\\\/2025\\\/04\\\/hotta-logo-invoice.png\",\"width\":600,\"height\":411,\"caption\":\"Hotta\"},\"image\":{\"@id\":\"https:\\\/\\\/hotta.eu\\\/lv\\\/#\\\/schema\\\/logo\\\/image\\\/\"},\"sameAs\":[\"https:\\\/\\\/www.facebook.com\\\/hotta.eu\",\"https:\\\/\\\/x.com\\\/hottashop\",\"https:\\\/\\\/www.instagram.com\\\/hotta.shop\"]}]}<\/script>\n<!-- \/ Yoast SEO plugin. -->","yoast_head_json":{"title":"NW3 Chilli Sauce - Hotta","description":"Vispirms gar\u0161a, tad asums! NW3 ir lieliski piem\u0113rots ar ga\u013cu vai haloumi sieru, bet ar\u012b k\u0101 m\u0113rce! Uzlabojiet gar\u0161u, pievienojot citrona sulu.","robots":{"index":"index","follow":"follow","max-snippet":"max-snippet:-1","max-image-preview":"max-image-preview:large","max-video-preview":"max-video-preview:-1"},"canonical":"https:\/\/hotta.eu\/lv\/shop\/nw3-chilli-sauce\/","og_locale":"lv_LV","og_type":"article","og_title":"NW3 Chilli Sauce - Hotta","og_description":"Vispirms gar\u0161a, tad asums! NW3 ir lieliski piem\u0113rots ar ga\u013cu vai haloumi sieru, bet ar\u012b k\u0101 m\u0113rce! Uzlabojiet gar\u0161u, pievienojot citrona sulu.","og_url":"https:\/\/hotta.eu\/lv\/shop\/nw3-chilli-sauce\/","og_site_name":"Hotta","article_publisher":"https:\/\/www.facebook.com\/hotta.eu","article_modified_time":"2025-10-29T16:39:08+00:00","og_image":[{"width":1530,"height":1530,"url":"https:\/\/hotta.eu\/wp-content\/uploads\/2024\/04\/Brendan-NW3-1530x1530.png","type":"image\/png"}],"twitter_card":"summary_large_image","twitter_site":"@hottashop","twitter_misc":{"Est. reading time":"1 minute"},"schema":{"@context":"https:\/\/schema.org","@graph":[{"@type":"WebPage","@id":"https:\/\/hotta.eu\/lv\/shop\/nw3-chilli-sauce\/","url":"https:\/\/hotta.eu\/lv\/shop\/nw3-chilli-sauce\/","name":"NW3 Chilli Sauce - Hotta","isPartOf":{"@id":"https:\/\/hotta.eu\/lv\/#website"},"primaryImageOfPage":{"@id":"https:\/\/hotta.eu\/lv\/shop\/nw3-chilli-sauce\/#primaryimage"},"image":{"@id":"https:\/\/hotta.eu\/lv\/shop\/nw3-chilli-sauce\/#primaryimage"},"thumbnailUrl":"https:\/\/hotta.eu\/wp-content\/uploads\/2024\/04\/Brendan-NW3.png","datePublished":"2024-04-27T16:21:18+00:00","dateModified":"2025-10-29T16:39:08+00:00","description":"Vispirms gar\u0161a, tad asums! NW3 ir lieliski piem\u0113rots ar ga\u013cu vai haloumi sieru, bet ar\u012b k\u0101 m\u0113rce! Uzlabojiet gar\u0161u, pievienojot citrona sulu.","breadcrumb":{"@id":"https:\/\/hotta.eu\/lv\/shop\/nw3-chilli-sauce\/#breadcrumb"},"inLanguage":"lv-LV","potentialAction":[{"@type":"ReadAction","target":["https:\/\/hotta.eu\/lv\/shop\/nw3-chilli-sauce\/"]}]},{"@type":"ImageObject","inLanguage":"lv-LV","@id":"https:\/\/hotta.eu\/lv\/shop\/nw3-chilli-sauce\/#primaryimage","url":"https:\/\/hotta.eu\/wp-content\/uploads\/2024\/04\/Brendan-NW3.png","contentUrl":"https:\/\/hotta.eu\/wp-content\/uploads\/2024\/04\/Brendan-NW3.png","width":2000,"height":2000},{"@type":"BreadcrumbList","@id":"https:\/\/hotta.eu\/lv\/shop\/nw3-chilli-sauce\/#breadcrumb","itemListElement":[{"@type":"ListItem","position":1,"name":"S\u0101kums","item":"https:\/\/hotta.eu\/lv\/sakumlapa\/"},{"@type":"ListItem","position":2,"name":"Veikals","item":"https:\/\/hotta.eu\/lv\/shop\/"},{"@type":"ListItem","position":3,"name":"NW3 Chilli Sauce"}]},{"@type":"WebSite","@id":"https:\/\/hotta.eu\/lv\/#website","url":"https:\/\/hotta.eu\/lv\/","name":"Hotta","description":"Makes your mouth burn a lotta!","publisher":{"@id":"https:\/\/hotta.eu\/lv\/#organization"},"potentialAction":[{"@type":"SearchAction","target":{"@type":"EntryPoint","urlTemplate":"https:\/\/hotta.eu\/lv\/?s={search_term_string}"},"query-input":{"@type":"PropertyValueSpecification","valueRequired":true,"valueName":"search_term_string"}}],"inLanguage":"lv-LV"},{"@type":"Organization","@id":"https:\/\/hotta.eu\/lv\/#organization","name":"Hotta","url":"https:\/\/hotta.eu\/lv\/","logo":{"@type":"ImageObject","inLanguage":"lv-LV","@id":"https:\/\/hotta.eu\/lv\/#\/schema\/logo\/image\/","url":"https:\/\/hotta.eu\/wp-content\/uploads\/2025\/04\/hotta-logo-invoice.png","contentUrl":"https:\/\/hotta.eu\/wp-content\/uploads\/2025\/04\/hotta-logo-invoice.png","width":600,"height":411,"caption":"Hotta"},"image":{"@id":"https:\/\/hotta.eu\/lv\/#\/schema\/logo\/image\/"},"sameAs":["https:\/\/www.facebook.com\/hotta.eu","https:\/\/x.com\/hottashop","https:\/\/www.instagram.com\/hotta.shop"]}]}},"jetpack_sharing_enabled":true,"_links":{"self":[{"href":"https:\/\/hotta.eu\/lv\/wp-json\/wp\/v2\/product\/18903","targetHints":{"allow":["GET"]}}],"collection":[{"href":"https:\/\/hotta.eu\/lv\/wp-json\/wp\/v2\/product"}],"about":[{"href":"https:\/\/hotta.eu\/lv\/wp-json\/wp\/v2\/types\/product"}],"replies":[{"embeddable":true,"href":"https:\/\/hotta.eu\/lv\/wp-json\/wp\/v2\/comments?post=18903"}],"wp:featuredmedia":[{"embeddable":true,"href":"https:\/\/hotta.eu\/lv\/wp-json\/wp\/v2\/media\/17724"}],"wp:attachment":[{"href":"https:\/\/hotta.eu\/lv\/wp-json\/wp\/v2\/media?parent=18903"}],"wp:term":[{"taxonomy":"product_cat","embeddable":true,"href":"https:\/\/hotta.eu\/lv\/wp-json\/wp\/v2\/product_cat?post=18903"},{"taxonomy":"product_tag","embeddable":true,"href":"https:\/\/hotta.eu\/lv\/wp-json\/wp\/v2\/product_tag?post=18903"},{"taxonomy":"giftcard-category","embeddable":true,"href":"https:\/\/hotta.eu\/lv\/wp-json\/wp\/v2\/giftcard-category?post=18903"}],"curies":[{"name":"wp","href":"https:\/\/api.w.org\/{rel}","templated":true}]}}