{"id":18908,"date":"2024-04-27T18:32:21","date_gmt":"2024-04-27T16:32:21","guid":{"rendered":"https:\/\/hotta.eu\/shop\/skorpiona-skupsts-cilli-merce\/"},"modified":"2024-12-27T12:40:37","modified_gmt":"2024-12-27T10:40:37","slug":"scorpion-kiss-chilli-sauce","status":"publish","type":"product","link":"https:\/\/hotta.eu\/lv\/shop\/scorpion-kiss-chilli-sauce\/","title":{"rendered":"Scorpion Kiss Chilli Sauce"},"content":{"rendered":"<p><strong>Sast\u0101vda\u013cas<br \/>\n<\/strong>Tom\u0101ti (47%), s\u012bpoli, \u0137iploki, tom\u0101tu pasta (6%), eti\u0137is, cukurs, dzelteno skotu \u010dilli biezeni (3%) [dzeltenie skotu \u010dilli, s\u0101ls, eti\u0137sk\u0101be], saulespu\u0137u e\u013c\u013ca, maltas gar\u0161vielas, kukur\u016bzas milti, s\u0101ls, spirta eti\u0137is, laima mais\u012bjums [ka\u013c\u0137is, laima koncentr\u0101ts, \u016bdens, laima e\u013c\u013ca], timi\u0101ns (0.7%), skorpiona \u010dilli (0,6%) [Trinidadas skorpiona \u010dilli, s\u0101ls, eti\u0137sk\u0101be], sk\u0101buma regulators: citronsk\u0101be.<\/p>\n<p><strong>Uzturv\u0113rt\u012bbas inform\u0101cija (100 g)<br \/>\n<\/strong>Ener\u0123ija 306 kJ (78 kcal), tauki 2 g (no tiem pies\u0101tin\u0101t\u0101s tauksk\u0101bes 0,2 g), og\u013chidr\u0101ti 12 g (no tiem cukuri 8 g), olbaltumvielas 1,8 g, s\u0101ls 1 g.<\/p>\n<p><strong>Der\u012bguma termi\u0146\u0161 un uzglab\u0101\u0161ana<\/strong><br \/>\nUz pudeles nor\u0101d\u012btais der\u012bguma termi\u0146\u0161 attiecas uz neatv\u0113rtiem produktiem. Atv\u0113rtu produktu uzglab\u0101t ledusskap\u012b un pat\u0113r\u0113t 2 ned\u0113\u013cu laik\u0101.<\/p>\n","protected":false},"excerpt":{"rendered":"<p><strong>GAR\u0160A! SILTUMS! PASSION!<\/strong> Brendans Tomass (Brendan Thomas), paz\u012bstams ar\u012b k\u0101 \u010cilli v\u012brs (Chilli Man), ir rad\u012bjis daudzveid\u012bgu m\u0113r\u010du kl\u0101stu, kuru pamat\u0101 ir kop\u012bgs princips &#8211; vispirms gar\u0161a, tikai p\u0113c tam pikantums! Scorpion Kiss ir as\u0101kais no Brendana izv\u0113l\u0113tajiem darbiem. Diezgan pikanta, saldena m\u0113rce ar gar\u0161augu gar\u0161u. Laima svaigums un skorpiona \u010dilli asums. The Chilli Man iesaka pam\u0113\u0123in\u0101t sajaukt ar jogurtu, pievienot svaigus gar\u0161augus un melnos piparus, lai ieg\u016btu perfektu m\u0113rci vistas sp\u0101rni\u0146iem!<br \/>\n[ywcwtl_form product_id=\"\"]<\/p>\n","protected":false},"featured_media":17732,"comment_status":"open","ping_status":"closed","template":"","meta":[],"product_cat":[926,916],"product_tag":[],"giftcard-category":[],"class_list":{"0":"post-18908","1":"product","2":"type-product","3":"status-publish","4":"has-post-thumbnail","6":"product_cat-ass","7":"product_cat-merces","8":"pa_brand-brendans","10":"first","11":"outofstock","12":"sale","13":"taxable","14":"shipping-taxable","15":"purchasable","16":"product-type-simple"},"yoast_head":"<!-- This site is optimized with the Yoast SEO plugin v27.5 - https:\/\/yoast.com\/product\/yoast-seo-wordpress\/ -->\n<title>Scorpion Kiss Chilli Sauce - Hotta<\/title>\n<meta name=\"description\" content=\"Scorpion Kiss ir as\u0101kais no Brendana izv\u0113l\u0113tajiem darbiem. Sald\u0101 m\u0113rce, kas aromatiz\u0113ta ar Kar\u012bbu j\u016bras gar\u0161augiem. Laima svaigums un skorpiona \u010dilli asums.\" \/>\n<meta name=\"robots\" content=\"index, follow, max-snippet:-1, max-image-preview:large, max-video-preview:-1\" \/>\n<link rel=\"canonical\" href=\"https:\/\/hotta.eu\/lv\/shop\/scorpion-kiss-chilli-sauce\/\" \/>\n<meta property=\"og:locale\" content=\"lv_LV\" \/>\n<meta property=\"og:type\" content=\"article\" \/>\n<meta property=\"og:title\" content=\"Scorpion Kiss Chilli Sauce - Hotta\" \/>\n<meta property=\"og:description\" content=\"Scorpion Kiss ir as\u0101kais no Brendana izv\u0113l\u0113tajiem darbiem. Sald\u0101 m\u0113rce, kas aromatiz\u0113ta ar Kar\u012bbu j\u016bras gar\u0161augiem. Laima svaigums un skorpiona \u010dilli asums.\" \/>\n<meta property=\"og:url\" content=\"https:\/\/hotta.eu\/lv\/shop\/scorpion-kiss-chilli-sauce\/\" \/>\n<meta property=\"og:site_name\" content=\"Hotta\" \/>\n<meta property=\"article:publisher\" content=\"https:\/\/www.facebook.com\/hotta.eu\" \/>\n<meta property=\"article:modified_time\" content=\"2024-12-27T10:40:37+00:00\" \/>\n<meta property=\"og:image\" content=\"https:\/\/hotta.eu\/wp-content\/uploads\/2024\/04\/Brendan-Scorpion-Kiss-1530x1530.png\" \/>\n\t<meta property=\"og:image:width\" content=\"1530\" \/>\n\t<meta property=\"og:image:height\" content=\"1530\" \/>\n\t<meta property=\"og:image:type\" content=\"image\/png\" \/>\n<meta name=\"twitter:card\" content=\"summary_large_image\" \/>\n<meta name=\"twitter:site\" content=\"@hottashop\" \/>\n<meta name=\"twitter:label1\" content=\"Est. reading time\" \/>\n\t<meta name=\"twitter:data1\" content=\"1 minute\" \/>\n<script type=\"application\/ld+json\" class=\"yoast-schema-graph\">{\"@context\":\"https:\\\/\\\/schema.org\",\"@graph\":[{\"@type\":\"WebPage\",\"@id\":\"https:\\\/\\\/hotta.eu\\\/lv\\\/shop\\\/scorpion-kiss-chilli-sauce\\\/\",\"url\":\"https:\\\/\\\/hotta.eu\\\/lv\\\/shop\\\/scorpion-kiss-chilli-sauce\\\/\",\"name\":\"Scorpion Kiss Chilli Sauce - Hotta\",\"isPartOf\":{\"@id\":\"https:\\\/\\\/hotta.eu\\\/lv\\\/#website\"},\"primaryImageOfPage\":{\"@id\":\"https:\\\/\\\/hotta.eu\\\/lv\\\/shop\\\/scorpion-kiss-chilli-sauce\\\/#primaryimage\"},\"image\":{\"@id\":\"https:\\\/\\\/hotta.eu\\\/lv\\\/shop\\\/scorpion-kiss-chilli-sauce\\\/#primaryimage\"},\"thumbnailUrl\":\"https:\\\/\\\/hotta.eu\\\/wp-content\\\/uploads\\\/2024\\\/04\\\/Brendan-Scorpion-Kiss.png\",\"datePublished\":\"2024-04-27T16:32:21+00:00\",\"dateModified\":\"2024-12-27T10:40:37+00:00\",\"description\":\"Scorpion Kiss ir as\u0101kais no Brendana izv\u0113l\u0113tajiem darbiem. Sald\u0101 m\u0113rce, kas aromatiz\u0113ta ar Kar\u012bbu j\u016bras gar\u0161augiem. Laima svaigums un skorpiona \u010dilli asums.\",\"breadcrumb\":{\"@id\":\"https:\\\/\\\/hotta.eu\\\/lv\\\/shop\\\/scorpion-kiss-chilli-sauce\\\/#breadcrumb\"},\"inLanguage\":\"lv-LV\",\"potentialAction\":[{\"@type\":\"ReadAction\",\"target\":[\"https:\\\/\\\/hotta.eu\\\/lv\\\/shop\\\/scorpion-kiss-chilli-sauce\\\/\"]}]},{\"@type\":\"ImageObject\",\"inLanguage\":\"lv-LV\",\"@id\":\"https:\\\/\\\/hotta.eu\\\/lv\\\/shop\\\/scorpion-kiss-chilli-sauce\\\/#primaryimage\",\"url\":\"https:\\\/\\\/hotta.eu\\\/wp-content\\\/uploads\\\/2024\\\/04\\\/Brendan-Scorpion-Kiss.png\",\"contentUrl\":\"https:\\\/\\\/hotta.eu\\\/wp-content\\\/uploads\\\/2024\\\/04\\\/Brendan-Scorpion-Kiss.png\",\"width\":2000,\"height\":2000},{\"@type\":\"BreadcrumbList\",\"@id\":\"https:\\\/\\\/hotta.eu\\\/lv\\\/shop\\\/scorpion-kiss-chilli-sauce\\\/#breadcrumb\",\"itemListElement\":[{\"@type\":\"ListItem\",\"position\":1,\"name\":\"S\u0101kums\",\"item\":\"https:\\\/\\\/hotta.eu\\\/lv\\\/\"},{\"@type\":\"ListItem\",\"position\":2,\"name\":\"Veikals\",\"item\":\"https:\\\/\\\/hotta.eu\\\/lv\\\/shop\\\/\"},{\"@type\":\"ListItem\",\"position\":3,\"name\":\"Scorpion Kiss Chilli Sauce\"}]},{\"@type\":\"WebSite\",\"@id\":\"https:\\\/\\\/hotta.eu\\\/lv\\\/#website\",\"url\":\"https:\\\/\\\/hotta.eu\\\/lv\\\/\",\"name\":\"Hotta\",\"description\":\"Makes your mouth burn a lotta!\",\"publisher\":{\"@id\":\"https:\\\/\\\/hotta.eu\\\/lv\\\/#organization\"},\"potentialAction\":[{\"@type\":\"SearchAction\",\"target\":{\"@type\":\"EntryPoint\",\"urlTemplate\":\"https:\\\/\\\/hotta.eu\\\/lv\\\/?s={search_term_string}\"},\"query-input\":{\"@type\":\"PropertyValueSpecification\",\"valueRequired\":true,\"valueName\":\"search_term_string\"}}],\"inLanguage\":\"lv-LV\"},{\"@type\":\"Organization\",\"@id\":\"https:\\\/\\\/hotta.eu\\\/lv\\\/#organization\",\"name\":\"Hotta\",\"url\":\"https:\\\/\\\/hotta.eu\\\/lv\\\/\",\"logo\":{\"@type\":\"ImageObject\",\"inLanguage\":\"lv-LV\",\"@id\":\"https:\\\/\\\/hotta.eu\\\/lv\\\/#\\\/schema\\\/logo\\\/image\\\/\",\"url\":\"https:\\\/\\\/hotta.eu\\\/wp-content\\\/uploads\\\/2025\\\/04\\\/hotta-logo-invoice.png\",\"contentUrl\":\"https:\\\/\\\/hotta.eu\\\/wp-content\\\/uploads\\\/2025\\\/04\\\/hotta-logo-invoice.png\",\"width\":600,\"height\":411,\"caption\":\"Hotta\"},\"image\":{\"@id\":\"https:\\\/\\\/hotta.eu\\\/lv\\\/#\\\/schema\\\/logo\\\/image\\\/\"},\"sameAs\":[\"https:\\\/\\\/www.facebook.com\\\/hotta.eu\",\"https:\\\/\\\/x.com\\\/hottashop\",\"https:\\\/\\\/www.instagram.com\\\/hotta.shop\"]}]}<\/script>\n<!-- \/ Yoast SEO plugin. -->","yoast_head_json":{"title":"Scorpion Kiss Chilli Sauce - Hotta","description":"Scorpion Kiss ir as\u0101kais no Brendana izv\u0113l\u0113tajiem darbiem. Sald\u0101 m\u0113rce, kas aromatiz\u0113ta ar Kar\u012bbu j\u016bras gar\u0161augiem. Laima svaigums un skorpiona \u010dilli asums.","robots":{"index":"index","follow":"follow","max-snippet":"max-snippet:-1","max-image-preview":"max-image-preview:large","max-video-preview":"max-video-preview:-1"},"canonical":"https:\/\/hotta.eu\/lv\/shop\/scorpion-kiss-chilli-sauce\/","og_locale":"lv_LV","og_type":"article","og_title":"Scorpion Kiss Chilli Sauce - Hotta","og_description":"Scorpion Kiss ir as\u0101kais no Brendana izv\u0113l\u0113tajiem darbiem. Sald\u0101 m\u0113rce, kas aromatiz\u0113ta ar Kar\u012bbu j\u016bras gar\u0161augiem. Laima svaigums un skorpiona \u010dilli asums.","og_url":"https:\/\/hotta.eu\/lv\/shop\/scorpion-kiss-chilli-sauce\/","og_site_name":"Hotta","article_publisher":"https:\/\/www.facebook.com\/hotta.eu","article_modified_time":"2024-12-27T10:40:37+00:00","og_image":[{"width":1530,"height":1530,"url":"https:\/\/hotta.eu\/wp-content\/uploads\/2024\/04\/Brendan-Scorpion-Kiss-1530x1530.png","type":"image\/png"}],"twitter_card":"summary_large_image","twitter_site":"@hottashop","twitter_misc":{"Est. reading time":"1 minute"},"schema":{"@context":"https:\/\/schema.org","@graph":[{"@type":"WebPage","@id":"https:\/\/hotta.eu\/lv\/shop\/scorpion-kiss-chilli-sauce\/","url":"https:\/\/hotta.eu\/lv\/shop\/scorpion-kiss-chilli-sauce\/","name":"Scorpion Kiss Chilli Sauce - Hotta","isPartOf":{"@id":"https:\/\/hotta.eu\/lv\/#website"},"primaryImageOfPage":{"@id":"https:\/\/hotta.eu\/lv\/shop\/scorpion-kiss-chilli-sauce\/#primaryimage"},"image":{"@id":"https:\/\/hotta.eu\/lv\/shop\/scorpion-kiss-chilli-sauce\/#primaryimage"},"thumbnailUrl":"https:\/\/hotta.eu\/wp-content\/uploads\/2024\/04\/Brendan-Scorpion-Kiss.png","datePublished":"2024-04-27T16:32:21+00:00","dateModified":"2024-12-27T10:40:37+00:00","description":"Scorpion Kiss ir as\u0101kais no Brendana izv\u0113l\u0113tajiem darbiem. Sald\u0101 m\u0113rce, kas aromatiz\u0113ta ar Kar\u012bbu j\u016bras gar\u0161augiem. Laima svaigums un skorpiona \u010dilli asums.","breadcrumb":{"@id":"https:\/\/hotta.eu\/lv\/shop\/scorpion-kiss-chilli-sauce\/#breadcrumb"},"inLanguage":"lv-LV","potentialAction":[{"@type":"ReadAction","target":["https:\/\/hotta.eu\/lv\/shop\/scorpion-kiss-chilli-sauce\/"]}]},{"@type":"ImageObject","inLanguage":"lv-LV","@id":"https:\/\/hotta.eu\/lv\/shop\/scorpion-kiss-chilli-sauce\/#primaryimage","url":"https:\/\/hotta.eu\/wp-content\/uploads\/2024\/04\/Brendan-Scorpion-Kiss.png","contentUrl":"https:\/\/hotta.eu\/wp-content\/uploads\/2024\/04\/Brendan-Scorpion-Kiss.png","width":2000,"height":2000},{"@type":"BreadcrumbList","@id":"https:\/\/hotta.eu\/lv\/shop\/scorpion-kiss-chilli-sauce\/#breadcrumb","itemListElement":[{"@type":"ListItem","position":1,"name":"S\u0101kums","item":"https:\/\/hotta.eu\/lv\/"},{"@type":"ListItem","position":2,"name":"Veikals","item":"https:\/\/hotta.eu\/lv\/shop\/"},{"@type":"ListItem","position":3,"name":"Scorpion Kiss Chilli Sauce"}]},{"@type":"WebSite","@id":"https:\/\/hotta.eu\/lv\/#website","url":"https:\/\/hotta.eu\/lv\/","name":"Hotta","description":"Makes your mouth burn a lotta!","publisher":{"@id":"https:\/\/hotta.eu\/lv\/#organization"},"potentialAction":[{"@type":"SearchAction","target":{"@type":"EntryPoint","urlTemplate":"https:\/\/hotta.eu\/lv\/?s={search_term_string}"},"query-input":{"@type":"PropertyValueSpecification","valueRequired":true,"valueName":"search_term_string"}}],"inLanguage":"lv-LV"},{"@type":"Organization","@id":"https:\/\/hotta.eu\/lv\/#organization","name":"Hotta","url":"https:\/\/hotta.eu\/lv\/","logo":{"@type":"ImageObject","inLanguage":"lv-LV","@id":"https:\/\/hotta.eu\/lv\/#\/schema\/logo\/image\/","url":"https:\/\/hotta.eu\/wp-content\/uploads\/2025\/04\/hotta-logo-invoice.png","contentUrl":"https:\/\/hotta.eu\/wp-content\/uploads\/2025\/04\/hotta-logo-invoice.png","width":600,"height":411,"caption":"Hotta"},"image":{"@id":"https:\/\/hotta.eu\/lv\/#\/schema\/logo\/image\/"},"sameAs":["https:\/\/www.facebook.com\/hotta.eu","https:\/\/x.com\/hottashop","https:\/\/www.instagram.com\/hotta.shop"]}]}},"jetpack_sharing_enabled":true,"_links":{"self":[{"href":"https:\/\/hotta.eu\/lv\/wp-json\/wp\/v2\/product\/18908","targetHints":{"allow":["GET"]}}],"collection":[{"href":"https:\/\/hotta.eu\/lv\/wp-json\/wp\/v2\/product"}],"about":[{"href":"https:\/\/hotta.eu\/lv\/wp-json\/wp\/v2\/types\/product"}],"replies":[{"embeddable":true,"href":"https:\/\/hotta.eu\/lv\/wp-json\/wp\/v2\/comments?post=18908"}],"wp:featuredmedia":[{"embeddable":true,"href":"https:\/\/hotta.eu\/lv\/wp-json\/wp\/v2\/media\/17732"}],"wp:attachment":[{"href":"https:\/\/hotta.eu\/lv\/wp-json\/wp\/v2\/media?parent=18908"}],"wp:term":[{"taxonomy":"product_cat","embeddable":true,"href":"https:\/\/hotta.eu\/lv\/wp-json\/wp\/v2\/product_cat?post=18908"},{"taxonomy":"product_tag","embeddable":true,"href":"https:\/\/hotta.eu\/lv\/wp-json\/wp\/v2\/product_tag?post=18908"},{"taxonomy":"giftcard-category","embeddable":true,"href":"https:\/\/hotta.eu\/lv\/wp-json\/wp\/v2\/giftcard-category?post=18908"}],"curies":[{"name":"wp","href":"https:\/\/api.w.org\/{rel}","templated":true}]}}