{"id":18909,"date":"2024-05-11T17:45:13","date_gmt":"2024-05-11T15:45:13","guid":{"rendered":"https:\/\/hotta.eu\/shop\/iesaceja-cilli-davanu-kaste\/"},"modified":"2024-12-27T12:40:36","modified_gmt":"2024-12-27T10:40:36","slug":"beginners-chilli-gift-box","status":"publish","type":"product","link":"https:\/\/hotta.eu\/lv\/shop\/beginners-chilli-gift-box\/","title":{"rendered":"Beginner&#8217;s Chilli Gift Box"},"content":{"rendered":"","protected":false},"excerpt":{"rendered":"<p>Ide\u0101li piem\u0113rots gan ies\u0101c\u0113jiem, gan pieredz\u0113ju\u0161\u0101kiem \u010dilli cien\u012bt\u0101jiem. Pla\u0161s produktu kl\u0101sts ar da\u017e\u0101du asuma pak\u0101pi un \u010dilli.<\/p>\n<p>Komplekta saturs:<\/p>\n<ul>\n<li><a href=\"https:\/\/hotta.eu\/shop\/hot-chip-challenge\/\"><strong>Hot Chip izaicin\u0101jums<\/strong> <\/a>(2.5 g)<br \/>\n\u012apa\u0161i as\u0101 <em>viena \u017eetona<\/em> izaicin\u0101jums nodro\u0161ina neaizmirstamu pieredzi.<\/li>\n<li><strong>\u010cilli un apels\u012bnu iev\u0101r\u012bjums<\/strong> (210 g)<br \/>\nAizraujo\u0161a Bhut Jolokia \u010dilli un saldo apels\u012bnu kombin\u0101cija iev\u0101r\u012bjum\u0101.<\/li>\n<li><strong>\u010ciplo \u010dilli pulveris<\/strong> (10 g)<br \/>\nPulverveida \u010dilli pulveris stikla l\u012bdz\u012bg\u0101 trauk\u0101.<\/li>\n<li><a href=\"https:\/\/hotta.eu\/shop\/jelly-beans-spicy-fruit\/\"><strong>\u017deleja pupi\u0146as Pikantas aug\u013cu konfektes<\/strong><\/a> (60 g)<br \/>\nAug\u013cu arom\u0101ta <em>\u017eelejas<\/em> konfektes ar \u010dilli piedevu.<\/li>\n<li><a href=\"https:\/\/hotta.eu\/shop\/strips-bruschette-jalapeno\/\"><strong>Strips Bruschette Jalapeno \u010dilli sloksnes<\/strong><\/a> (80 g)<br \/>\nOlbaltumviel\u0101m bag\u0101ta uzkoda no p\u0101k\u0161augiem, kas papildin\u0101ta ar d\u017ealapeno \u010dilli.<\/li>\n<li><a href=\"https:\/\/hotta.eu\/shop\/beef-jerky-spicy-bacon\/\"><strong>Liellopu ga\u013cas \u017eerberi Pikants bekons<\/strong><\/a> (25 g)<br \/>\nLiellopa ga\u013cas \u017e\u0101v\u0113jumi ar spe\u0137a gar\u0161u, olbaltumviel\u0101m bag\u0101tas uzkodas, kas gar\u0161otas ar \u010dilli.<\/li>\n<li><strong>Rieksti ar \u010dilli<\/strong> (70 g)<br \/>\nKrauk\u0161\u0137\u012bgi rieksti, kas p\u0101rkl\u0101ti ar \u010dilli pulveri.<\/li>\n<li><a href=\"https:\/\/hotta.eu\/shop\/chilli-caramel-raw-protein-bar\/\"><strong>\u010cilli un karame\u013cu neapstr\u0101d\u0101tu olbaltumvielu batoni\u0146\u0161<\/strong><\/a> (35 g)<br \/>\nAr karame\u013cu un \u010dili gar\u0161u bag\u0101tin\u0101ts olbaltumviel\u0101m bag\u0101ts neapstr\u0101d\u0101ts baratons.<\/li>\n<li><a href=\"https:\/\/hotta.eu\/shop\/chilli-lime-chips\/\"><strong>\u010cilli un laima \u010dipsi<\/strong><\/a> (80 g)<br \/>\nKartupe\u013cu \u010dipsi ar \u010dilli un laimu.<\/li>\n<li><strong>An\u010do \u010dilli p\u0101rslas<\/strong> (30 g)<br \/>\nMeksik\u0101 popul\u0101r\u0101k\u0101s \u010dilli \u0161\u0137irnes p\u0101rslas.<\/li>\n<li><strong>\u017d\u0101v\u0113ti Pasilla \u010dilli pipari<\/strong> (30 g)<br \/>\nSaldas un d\u016bmakainas gar\u0161as, tum\u0161i Pasilla \u010dilli ar m\u0113renu asumu.<\/li>\n<li><strong>Sinepes ar \u010dilli<\/strong> (200 g)<br \/>\nSinepes ar \u010dilli, gatavotas no kvalitat\u012bv\u0101m sast\u0101vda\u013c\u0101m.<\/li>\n<\/ul>\n<p><!--more--><\/p>\n<p><!--more--><br \/>\n[ywcwtl_form product_id=\"\"]<\/p>\n","protected":false},"featured_media":17876,"comment_status":"open","ping_status":"closed","template":"","meta":[],"product_cat":[930],"product_tag":[],"giftcard-category":[],"class_list":{"0":"post-18909","1":"product","2":"type-product","3":"status-publish","4":"has-post-thumbnail","6":"product_cat-komplekti","7":"pa_brand-hot-chip","9":"first","10":"outofstock","11":"taxable","12":"shipping-taxable","13":"purchasable","14":"product-type-simple"},"yoast_head":"<!-- This site is optimized with the Yoast SEO plugin v27.4 - https:\/\/yoast.com\/product\/yoast-seo-wordpress\/ -->\n<title>Beginner&#039;s Chilli Gift Box - Hotta<\/title>\n<meta name=\"description\" content=\"Ide\u0101li piem\u0113rots gan ies\u0101c\u0113jiem, gan pieredz\u0113ju\u0161\u0101kiem \u010dilli cien\u012bt\u0101jiem. Pla\u0161s produktu kl\u0101sts ar da\u017e\u0101du asuma pak\u0101pi un \u010dilli.\" \/>\n<meta name=\"robots\" content=\"index, follow, max-snippet:-1, max-image-preview:large, max-video-preview:-1\" \/>\n<link rel=\"canonical\" href=\"https:\/\/hotta.eu\/lv\/shop\/beginners-chilli-gift-box\/\" \/>\n<meta property=\"og:locale\" content=\"lv_LV\" \/>\n<meta property=\"og:type\" content=\"article\" \/>\n<meta property=\"og:title\" content=\"Beginner&#039;s Chilli Gift Box - Hotta\" \/>\n<meta property=\"og:description\" content=\"Ide\u0101li piem\u0113rots gan ies\u0101c\u0113jiem, gan pieredz\u0113ju\u0161\u0101kiem \u010dilli cien\u012bt\u0101jiem. Pla\u0161s produktu kl\u0101sts ar da\u017e\u0101du asuma pak\u0101pi un \u010dilli.\" \/>\n<meta property=\"og:url\" content=\"https:\/\/hotta.eu\/lv\/shop\/beginners-chilli-gift-box\/\" \/>\n<meta property=\"og:site_name\" content=\"Hotta\" \/>\n<meta property=\"article:publisher\" content=\"https:\/\/www.facebook.com\/hotta.eu\" \/>\n<meta property=\"article:modified_time\" content=\"2024-12-27T10:40:36+00:00\" \/>\n<meta property=\"og:image\" content=\"https:\/\/hotta.eu\/wp-content\/uploads\/2024\/05\/hot-chip-beginner-box-1.jpg\" \/>\n\t<meta property=\"og:image:width\" content=\"800\" \/>\n\t<meta property=\"og:image:height\" content=\"800\" \/>\n\t<meta property=\"og:image:type\" content=\"image\/jpeg\" \/>\n<meta name=\"twitter:card\" content=\"summary_large_image\" \/>\n<meta name=\"twitter:site\" content=\"@hottashop\" \/>\n<meta name=\"twitter:label1\" content=\"Est. reading time\" \/>\n\t<meta name=\"twitter:data1\" content=\"1 minute\" \/>\n<script type=\"application\/ld+json\" class=\"yoast-schema-graph\">{\"@context\":\"https:\\\/\\\/schema.org\",\"@graph\":[{\"@type\":\"WebPage\",\"@id\":\"https:\\\/\\\/hotta.eu\\\/lv\\\/shop\\\/beginners-chilli-gift-box\\\/\",\"url\":\"https:\\\/\\\/hotta.eu\\\/lv\\\/shop\\\/beginners-chilli-gift-box\\\/\",\"name\":\"Beginner's Chilli Gift Box - Hotta\",\"isPartOf\":{\"@id\":\"https:\\\/\\\/hotta.eu\\\/lv\\\/#website\"},\"primaryImageOfPage\":{\"@id\":\"https:\\\/\\\/hotta.eu\\\/lv\\\/shop\\\/beginners-chilli-gift-box\\\/#primaryimage\"},\"image\":{\"@id\":\"https:\\\/\\\/hotta.eu\\\/lv\\\/shop\\\/beginners-chilli-gift-box\\\/#primaryimage\"},\"thumbnailUrl\":\"https:\\\/\\\/hotta.eu\\\/wp-content\\\/uploads\\\/2024\\\/05\\\/hot-chip-beginner-box-1.jpg\",\"datePublished\":\"2024-05-11T15:45:13+00:00\",\"dateModified\":\"2024-12-27T10:40:36+00:00\",\"description\":\"Ide\u0101li piem\u0113rots gan ies\u0101c\u0113jiem, gan pieredz\u0113ju\u0161\u0101kiem \u010dilli cien\u012bt\u0101jiem. Pla\u0161s produktu kl\u0101sts ar da\u017e\u0101du asuma pak\u0101pi un \u010dilli.\",\"breadcrumb\":{\"@id\":\"https:\\\/\\\/hotta.eu\\\/lv\\\/shop\\\/beginners-chilli-gift-box\\\/#breadcrumb\"},\"inLanguage\":\"lv-LV\",\"potentialAction\":[{\"@type\":\"ReadAction\",\"target\":[\"https:\\\/\\\/hotta.eu\\\/lv\\\/shop\\\/beginners-chilli-gift-box\\\/\"]}]},{\"@type\":\"ImageObject\",\"inLanguage\":\"lv-LV\",\"@id\":\"https:\\\/\\\/hotta.eu\\\/lv\\\/shop\\\/beginners-chilli-gift-box\\\/#primaryimage\",\"url\":\"https:\\\/\\\/hotta.eu\\\/wp-content\\\/uploads\\\/2024\\\/05\\\/hot-chip-beginner-box-1.jpg\",\"contentUrl\":\"https:\\\/\\\/hotta.eu\\\/wp-content\\\/uploads\\\/2024\\\/05\\\/hot-chip-beginner-box-1.jpg\",\"width\":800,\"height\":800},{\"@type\":\"BreadcrumbList\",\"@id\":\"https:\\\/\\\/hotta.eu\\\/lv\\\/shop\\\/beginners-chilli-gift-box\\\/#breadcrumb\",\"itemListElement\":[{\"@type\":\"ListItem\",\"position\":1,\"name\":\"S\u0101kums\",\"item\":\"https:\\\/\\\/hotta.eu\\\/lv\\\/sakumlapa\\\/\"},{\"@type\":\"ListItem\",\"position\":2,\"name\":\"Veikals\",\"item\":\"https:\\\/\\\/hotta.eu\\\/lv\\\/shop\\\/\"},{\"@type\":\"ListItem\",\"position\":3,\"name\":\"Beginner&#8217;s Chilli Gift Box\"}]},{\"@type\":\"WebSite\",\"@id\":\"https:\\\/\\\/hotta.eu\\\/lv\\\/#website\",\"url\":\"https:\\\/\\\/hotta.eu\\\/lv\\\/\",\"name\":\"Hotta\",\"description\":\"Makes your mouth burn a lotta!\",\"publisher\":{\"@id\":\"https:\\\/\\\/hotta.eu\\\/lv\\\/#organization\"},\"potentialAction\":[{\"@type\":\"SearchAction\",\"target\":{\"@type\":\"EntryPoint\",\"urlTemplate\":\"https:\\\/\\\/hotta.eu\\\/lv\\\/?s={search_term_string}\"},\"query-input\":{\"@type\":\"PropertyValueSpecification\",\"valueRequired\":true,\"valueName\":\"search_term_string\"}}],\"inLanguage\":\"lv-LV\"},{\"@type\":\"Organization\",\"@id\":\"https:\\\/\\\/hotta.eu\\\/lv\\\/#organization\",\"name\":\"Hotta\",\"url\":\"https:\\\/\\\/hotta.eu\\\/lv\\\/\",\"logo\":{\"@type\":\"ImageObject\",\"inLanguage\":\"lv-LV\",\"@id\":\"https:\\\/\\\/hotta.eu\\\/lv\\\/#\\\/schema\\\/logo\\\/image\\\/\",\"url\":\"https:\\\/\\\/hotta.eu\\\/wp-content\\\/uploads\\\/2025\\\/04\\\/hotta-logo-invoice.png\",\"contentUrl\":\"https:\\\/\\\/hotta.eu\\\/wp-content\\\/uploads\\\/2025\\\/04\\\/hotta-logo-invoice.png\",\"width\":600,\"height\":411,\"caption\":\"Hotta\"},\"image\":{\"@id\":\"https:\\\/\\\/hotta.eu\\\/lv\\\/#\\\/schema\\\/logo\\\/image\\\/\"},\"sameAs\":[\"https:\\\/\\\/www.facebook.com\\\/hotta.eu\",\"https:\\\/\\\/x.com\\\/hottashop\",\"https:\\\/\\\/www.instagram.com\\\/hotta.shop\"]}]}<\/script>\n<!-- \/ Yoast SEO plugin. -->","yoast_head_json":{"title":"Beginner's Chilli Gift Box - Hotta","description":"Ide\u0101li piem\u0113rots gan ies\u0101c\u0113jiem, gan pieredz\u0113ju\u0161\u0101kiem \u010dilli cien\u012bt\u0101jiem. Pla\u0161s produktu kl\u0101sts ar da\u017e\u0101du asuma pak\u0101pi un \u010dilli.","robots":{"index":"index","follow":"follow","max-snippet":"max-snippet:-1","max-image-preview":"max-image-preview:large","max-video-preview":"max-video-preview:-1"},"canonical":"https:\/\/hotta.eu\/lv\/shop\/beginners-chilli-gift-box\/","og_locale":"lv_LV","og_type":"article","og_title":"Beginner's Chilli Gift Box - Hotta","og_description":"Ide\u0101li piem\u0113rots gan ies\u0101c\u0113jiem, gan pieredz\u0113ju\u0161\u0101kiem \u010dilli cien\u012bt\u0101jiem. Pla\u0161s produktu kl\u0101sts ar da\u017e\u0101du asuma pak\u0101pi un \u010dilli.","og_url":"https:\/\/hotta.eu\/lv\/shop\/beginners-chilli-gift-box\/","og_site_name":"Hotta","article_publisher":"https:\/\/www.facebook.com\/hotta.eu","article_modified_time":"2024-12-27T10:40:36+00:00","og_image":[{"width":800,"height":800,"url":"https:\/\/hotta.eu\/wp-content\/uploads\/2024\/05\/hot-chip-beginner-box-1.jpg","type":"image\/jpeg"}],"twitter_card":"summary_large_image","twitter_site":"@hottashop","twitter_misc":{"Est. reading time":"1 minute"},"schema":{"@context":"https:\/\/schema.org","@graph":[{"@type":"WebPage","@id":"https:\/\/hotta.eu\/lv\/shop\/beginners-chilli-gift-box\/","url":"https:\/\/hotta.eu\/lv\/shop\/beginners-chilli-gift-box\/","name":"Beginner's Chilli Gift Box - Hotta","isPartOf":{"@id":"https:\/\/hotta.eu\/lv\/#website"},"primaryImageOfPage":{"@id":"https:\/\/hotta.eu\/lv\/shop\/beginners-chilli-gift-box\/#primaryimage"},"image":{"@id":"https:\/\/hotta.eu\/lv\/shop\/beginners-chilli-gift-box\/#primaryimage"},"thumbnailUrl":"https:\/\/hotta.eu\/wp-content\/uploads\/2024\/05\/hot-chip-beginner-box-1.jpg","datePublished":"2024-05-11T15:45:13+00:00","dateModified":"2024-12-27T10:40:36+00:00","description":"Ide\u0101li piem\u0113rots gan ies\u0101c\u0113jiem, gan pieredz\u0113ju\u0161\u0101kiem \u010dilli cien\u012bt\u0101jiem. Pla\u0161s produktu kl\u0101sts ar da\u017e\u0101du asuma pak\u0101pi un \u010dilli.","breadcrumb":{"@id":"https:\/\/hotta.eu\/lv\/shop\/beginners-chilli-gift-box\/#breadcrumb"},"inLanguage":"lv-LV","potentialAction":[{"@type":"ReadAction","target":["https:\/\/hotta.eu\/lv\/shop\/beginners-chilli-gift-box\/"]}]},{"@type":"ImageObject","inLanguage":"lv-LV","@id":"https:\/\/hotta.eu\/lv\/shop\/beginners-chilli-gift-box\/#primaryimage","url":"https:\/\/hotta.eu\/wp-content\/uploads\/2024\/05\/hot-chip-beginner-box-1.jpg","contentUrl":"https:\/\/hotta.eu\/wp-content\/uploads\/2024\/05\/hot-chip-beginner-box-1.jpg","width":800,"height":800},{"@type":"BreadcrumbList","@id":"https:\/\/hotta.eu\/lv\/shop\/beginners-chilli-gift-box\/#breadcrumb","itemListElement":[{"@type":"ListItem","position":1,"name":"S\u0101kums","item":"https:\/\/hotta.eu\/lv\/sakumlapa\/"},{"@type":"ListItem","position":2,"name":"Veikals","item":"https:\/\/hotta.eu\/lv\/shop\/"},{"@type":"ListItem","position":3,"name":"Beginner&#8217;s Chilli Gift Box"}]},{"@type":"WebSite","@id":"https:\/\/hotta.eu\/lv\/#website","url":"https:\/\/hotta.eu\/lv\/","name":"Hotta","description":"Makes your mouth burn a lotta!","publisher":{"@id":"https:\/\/hotta.eu\/lv\/#organization"},"potentialAction":[{"@type":"SearchAction","target":{"@type":"EntryPoint","urlTemplate":"https:\/\/hotta.eu\/lv\/?s={search_term_string}"},"query-input":{"@type":"PropertyValueSpecification","valueRequired":true,"valueName":"search_term_string"}}],"inLanguage":"lv-LV"},{"@type":"Organization","@id":"https:\/\/hotta.eu\/lv\/#organization","name":"Hotta","url":"https:\/\/hotta.eu\/lv\/","logo":{"@type":"ImageObject","inLanguage":"lv-LV","@id":"https:\/\/hotta.eu\/lv\/#\/schema\/logo\/image\/","url":"https:\/\/hotta.eu\/wp-content\/uploads\/2025\/04\/hotta-logo-invoice.png","contentUrl":"https:\/\/hotta.eu\/wp-content\/uploads\/2025\/04\/hotta-logo-invoice.png","width":600,"height":411,"caption":"Hotta"},"image":{"@id":"https:\/\/hotta.eu\/lv\/#\/schema\/logo\/image\/"},"sameAs":["https:\/\/www.facebook.com\/hotta.eu","https:\/\/x.com\/hottashop","https:\/\/www.instagram.com\/hotta.shop"]}]}},"jetpack_sharing_enabled":true,"_links":{"self":[{"href":"https:\/\/hotta.eu\/lv\/wp-json\/wp\/v2\/product\/18909","targetHints":{"allow":["GET"]}}],"collection":[{"href":"https:\/\/hotta.eu\/lv\/wp-json\/wp\/v2\/product"}],"about":[{"href":"https:\/\/hotta.eu\/lv\/wp-json\/wp\/v2\/types\/product"}],"replies":[{"embeddable":true,"href":"https:\/\/hotta.eu\/lv\/wp-json\/wp\/v2\/comments?post=18909"}],"wp:featuredmedia":[{"embeddable":true,"href":"https:\/\/hotta.eu\/lv\/wp-json\/wp\/v2\/media\/17876"}],"wp:attachment":[{"href":"https:\/\/hotta.eu\/lv\/wp-json\/wp\/v2\/media?parent=18909"}],"wp:term":[{"taxonomy":"product_cat","embeddable":true,"href":"https:\/\/hotta.eu\/lv\/wp-json\/wp\/v2\/product_cat?post=18909"},{"taxonomy":"product_tag","embeddable":true,"href":"https:\/\/hotta.eu\/lv\/wp-json\/wp\/v2\/product_tag?post=18909"},{"taxonomy":"giftcard-category","embeddable":true,"href":"https:\/\/hotta.eu\/lv\/wp-json\/wp\/v2\/giftcard-category?post=18909"}],"curies":[{"name":"wp","href":"https:\/\/api.w.org\/{rel}","templated":true}]}}