{"id":18929,"date":"2020-11-14T20:28:39","date_gmt":"2020-11-14T18:28:39","guid":{"rendered":"https:\/\/hotta.eu\/shop\/cilli-cipsi\/"},"modified":"2024-12-27T12:41:57","modified_gmt":"2024-12-27T10:41:57","slug":"larssons-chili-chips","status":"publish","type":"product","link":"https:\/\/hotta.eu\/lv\/shop\/larssons-chili-chips\/","title":{"rendered":"Chili Chips"},"content":{"rendered":"<p><strong>Sast\u0101vda\u013cas<\/strong><br \/>\nNehidrogen\u0113ti augu tauki (kokosriekstu sviests, palmu kodolu e\u013c\u013ca, cukurs, kakao pulveris ar zemu tauku saturu, <strong>s\u016bkalu pulveris<\/strong>, \u010dilli pulveris 1%, emulgators <strong>sojas lecit\u012bns<\/strong>, vani\u013ca, aromatiz\u0113ts ar kakao pulveri. Alerg\u0113ni <strong>soja<\/strong>, <strong>piens<\/strong>. Var satur\u0113t <strong>riekstus<\/strong>, <strong>sezama s\u0113klas<\/strong>, <strong>olas<\/strong> un <strong>lipekli<\/strong>.<\/p>\n<div class=\"tableheader\"><strong>Uzturv\u0113rt\u012bba (100 g)<\/strong><\/div>\n<div>Ener\u0123ija 1877 kJ \/ 448 kcal, tauki 27,2 g, no tiem pies\u0101tin\u0101t\u0101s tauksk\u0101bes 2,06 g, og\u013chidr\u0101ti 47,8 g, no tiem cukuri 1,01 g, olbaltumvielas 6,43 g, s\u0101ls 0,33 g.<\/div>\n<p><strong>Der\u012bgums un glab\u0101\u0161ana<\/strong><br \/>\nUz iepakojuma nor\u0101d\u012btais der\u012bguma termi\u0146\u0161 attiecas uz neatv\u0113rtiem produktiem, uzglab\u0101t saus\u0101 viet\u0101.<\/p>\n","protected":false},"excerpt":{"rendered":"<p>Larssons gar\u0161\u012bg\u0101s paprikas un \u010dilli delikateses \u010dipsi tiek ra\u017eoti \u0123imenes saimniec\u012bb\u0101 Larsviken\u0101, Zviedrij\u0101. Tas ir vien\u012bgais kartupe\u013cu \u010dipsu ra\u017eot\u0101js Zviedrij\u0101, kur visa ra\u017eo\u0161anas \u0137\u0113de notiek \u0123imenes saimniec\u012bb\u0101. R\u016bp\u012bgi atlas\u012bti augstas kvalit\u0101tes kartupe\u013ci un 100% auksti spiesta rap\u0161u e\u013c\u013ca garant\u0113 augstas kvalit\u0101tes, glaimojo\u0161u rezult\u0101tu.<br \/>\n[ywcwtl_form product_id=\"\"]<\/p>\n","protected":false},"featured_media":16083,"comment_status":"open","ping_status":"closed","template":"","meta":[],"product_cat":[938],"product_tag":[],"giftcard-category":[],"class_list":{"0":"post-18929","1":"product","2":"type-product","3":"status-publish","4":"has-post-thumbnail","6":"product_cat-uzkodas","7":"pa_brand-larssons","9":"first","10":"outofstock","11":"taxable","12":"shipping-taxable","13":"purchasable","14":"product-type-simple"},"yoast_head":"<!-- This site is optimized with the Yoast SEO plugin v27.4 - https:\/\/yoast.com\/product\/yoast-seo-wordpress\/ -->\n<title>Chili Chips - Hotta<\/title>\n<meta name=\"robots\" content=\"index, follow, max-snippet:-1, max-image-preview:large, max-video-preview:-1\" \/>\n<link rel=\"canonical\" href=\"https:\/\/hotta.eu\/lv\/shop\/larssons-chili-chips\/\" \/>\n<meta property=\"og:locale\" content=\"lv_LV\" \/>\n<meta property=\"og:type\" content=\"article\" \/>\n<meta property=\"og:title\" content=\"Chili Chips - Hotta\" \/>\n<meta property=\"og:description\" content=\"Larssons gar\u0161\u012bg\u0101s paprikas un \u010dilli delikateses \u010dipsi tiek ra\u017eoti \u0123imenes saimniec\u012bb\u0101 Larsviken\u0101, Zviedrij\u0101. Tas ir vien\u012bgais kartupe\u013cu \u010dipsu ra\u017eot\u0101js Zviedrij\u0101, kur visa ra\u017eo\u0161anas \u0137\u0113de notiek \u0123imenes saimniec\u012bb\u0101. R\u016bp\u012bgi atlas\u012bti augstas kvalit\u0101tes kartupe\u013ci un 100% auksti spiesta rap\u0161u e\u013c\u013ca garant\u0113 augstas kvalit\u0101tes, glaimojo\u0161u rezult\u0101tu.\" \/>\n<meta property=\"og:url\" content=\"https:\/\/hotta.eu\/lv\/shop\/larssons-chili-chips\/\" \/>\n<meta property=\"og:site_name\" content=\"Hotta\" \/>\n<meta property=\"article:publisher\" content=\"https:\/\/www.facebook.com\/hotta.eu\" \/>\n<meta property=\"article:modified_time\" content=\"2024-12-27T10:41:57+00:00\" \/>\n<meta property=\"og:image\" content=\"https:\/\/hotta.eu\/wp-content\/uploads\/2024\/03\/IMG_9830.jpg\" \/>\n\t<meta property=\"og:image:width\" content=\"2000\" \/>\n\t<meta property=\"og:image:height\" content=\"2000\" \/>\n\t<meta property=\"og:image:type\" content=\"image\/jpeg\" \/>\n<meta name=\"twitter:card\" content=\"summary_large_image\" \/>\n<meta name=\"twitter:site\" content=\"@hottashop\" \/>\n<meta name=\"twitter:label1\" content=\"Est. reading time\" \/>\n\t<meta name=\"twitter:data1\" content=\"1 minute\" \/>\n<script type=\"application\/ld+json\" class=\"yoast-schema-graph\">{\"@context\":\"https:\\\/\\\/schema.org\",\"@graph\":[{\"@type\":\"WebPage\",\"@id\":\"https:\\\/\\\/hotta.eu\\\/lv\\\/shop\\\/larssons-chili-chips\\\/\",\"url\":\"https:\\\/\\\/hotta.eu\\\/lv\\\/shop\\\/larssons-chili-chips\\\/\",\"name\":\"Chili Chips - Hotta\",\"isPartOf\":{\"@id\":\"https:\\\/\\\/hotta.eu\\\/lv\\\/#website\"},\"primaryImageOfPage\":{\"@id\":\"https:\\\/\\\/hotta.eu\\\/lv\\\/shop\\\/larssons-chili-chips\\\/#primaryimage\"},\"image\":{\"@id\":\"https:\\\/\\\/hotta.eu\\\/lv\\\/shop\\\/larssons-chili-chips\\\/#primaryimage\"},\"thumbnailUrl\":\"https:\\\/\\\/hotta.eu\\\/wp-content\\\/uploads\\\/2024\\\/03\\\/IMG_9830.jpg\",\"datePublished\":\"2020-11-14T18:28:39+00:00\",\"dateModified\":\"2024-12-27T10:41:57+00:00\",\"breadcrumb\":{\"@id\":\"https:\\\/\\\/hotta.eu\\\/lv\\\/shop\\\/larssons-chili-chips\\\/#breadcrumb\"},\"inLanguage\":\"lv-LV\",\"potentialAction\":[{\"@type\":\"ReadAction\",\"target\":[\"https:\\\/\\\/hotta.eu\\\/lv\\\/shop\\\/larssons-chili-chips\\\/\"]}]},{\"@type\":\"ImageObject\",\"inLanguage\":\"lv-LV\",\"@id\":\"https:\\\/\\\/hotta.eu\\\/lv\\\/shop\\\/larssons-chili-chips\\\/#primaryimage\",\"url\":\"https:\\\/\\\/hotta.eu\\\/wp-content\\\/uploads\\\/2024\\\/03\\\/IMG_9830.jpg\",\"contentUrl\":\"https:\\\/\\\/hotta.eu\\\/wp-content\\\/uploads\\\/2024\\\/03\\\/IMG_9830.jpg\",\"width\":2000,\"height\":2000},{\"@type\":\"BreadcrumbList\",\"@id\":\"https:\\\/\\\/hotta.eu\\\/lv\\\/shop\\\/larssons-chili-chips\\\/#breadcrumb\",\"itemListElement\":[{\"@type\":\"ListItem\",\"position\":1,\"name\":\"S\u0101kums\",\"item\":\"https:\\\/\\\/hotta.eu\\\/lv\\\/sakumlapa\\\/\"},{\"@type\":\"ListItem\",\"position\":2,\"name\":\"Veikals\",\"item\":\"https:\\\/\\\/hotta.eu\\\/lv\\\/shop\\\/\"},{\"@type\":\"ListItem\",\"position\":3,\"name\":\"Chili Chips\"}]},{\"@type\":\"WebSite\",\"@id\":\"https:\\\/\\\/hotta.eu\\\/lv\\\/#website\",\"url\":\"https:\\\/\\\/hotta.eu\\\/lv\\\/\",\"name\":\"Hotta\",\"description\":\"Makes your mouth burn a lotta!\",\"publisher\":{\"@id\":\"https:\\\/\\\/hotta.eu\\\/lv\\\/#organization\"},\"potentialAction\":[{\"@type\":\"SearchAction\",\"target\":{\"@type\":\"EntryPoint\",\"urlTemplate\":\"https:\\\/\\\/hotta.eu\\\/lv\\\/?s={search_term_string}\"},\"query-input\":{\"@type\":\"PropertyValueSpecification\",\"valueRequired\":true,\"valueName\":\"search_term_string\"}}],\"inLanguage\":\"lv-LV\"},{\"@type\":\"Organization\",\"@id\":\"https:\\\/\\\/hotta.eu\\\/lv\\\/#organization\",\"name\":\"Hotta\",\"url\":\"https:\\\/\\\/hotta.eu\\\/lv\\\/\",\"logo\":{\"@type\":\"ImageObject\",\"inLanguage\":\"lv-LV\",\"@id\":\"https:\\\/\\\/hotta.eu\\\/lv\\\/#\\\/schema\\\/logo\\\/image\\\/\",\"url\":\"https:\\\/\\\/hotta.eu\\\/wp-content\\\/uploads\\\/2025\\\/04\\\/hotta-logo-invoice.png\",\"contentUrl\":\"https:\\\/\\\/hotta.eu\\\/wp-content\\\/uploads\\\/2025\\\/04\\\/hotta-logo-invoice.png\",\"width\":600,\"height\":411,\"caption\":\"Hotta\"},\"image\":{\"@id\":\"https:\\\/\\\/hotta.eu\\\/lv\\\/#\\\/schema\\\/logo\\\/image\\\/\"},\"sameAs\":[\"https:\\\/\\\/www.facebook.com\\\/hotta.eu\",\"https:\\\/\\\/x.com\\\/hottashop\",\"https:\\\/\\\/www.instagram.com\\\/hotta.shop\"]}]}<\/script>\n<!-- \/ Yoast SEO plugin. -->","yoast_head_json":{"title":"Chili Chips - Hotta","robots":{"index":"index","follow":"follow","max-snippet":"max-snippet:-1","max-image-preview":"max-image-preview:large","max-video-preview":"max-video-preview:-1"},"canonical":"https:\/\/hotta.eu\/lv\/shop\/larssons-chili-chips\/","og_locale":"lv_LV","og_type":"article","og_title":"Chili Chips - Hotta","og_description":"Larssons gar\u0161\u012bg\u0101s paprikas un \u010dilli delikateses \u010dipsi tiek ra\u017eoti \u0123imenes saimniec\u012bb\u0101 Larsviken\u0101, Zviedrij\u0101. Tas ir vien\u012bgais kartupe\u013cu \u010dipsu ra\u017eot\u0101js Zviedrij\u0101, kur visa ra\u017eo\u0161anas \u0137\u0113de notiek \u0123imenes saimniec\u012bb\u0101. R\u016bp\u012bgi atlas\u012bti augstas kvalit\u0101tes kartupe\u013ci un 100% auksti spiesta rap\u0161u e\u013c\u013ca garant\u0113 augstas kvalit\u0101tes, glaimojo\u0161u rezult\u0101tu.","og_url":"https:\/\/hotta.eu\/lv\/shop\/larssons-chili-chips\/","og_site_name":"Hotta","article_publisher":"https:\/\/www.facebook.com\/hotta.eu","article_modified_time":"2024-12-27T10:41:57+00:00","og_image":[{"width":2000,"height":2000,"url":"https:\/\/hotta.eu\/wp-content\/uploads\/2024\/03\/IMG_9830.jpg","type":"image\/jpeg"}],"twitter_card":"summary_large_image","twitter_site":"@hottashop","twitter_misc":{"Est. reading time":"1 minute"},"schema":{"@context":"https:\/\/schema.org","@graph":[{"@type":"WebPage","@id":"https:\/\/hotta.eu\/lv\/shop\/larssons-chili-chips\/","url":"https:\/\/hotta.eu\/lv\/shop\/larssons-chili-chips\/","name":"Chili Chips - Hotta","isPartOf":{"@id":"https:\/\/hotta.eu\/lv\/#website"},"primaryImageOfPage":{"@id":"https:\/\/hotta.eu\/lv\/shop\/larssons-chili-chips\/#primaryimage"},"image":{"@id":"https:\/\/hotta.eu\/lv\/shop\/larssons-chili-chips\/#primaryimage"},"thumbnailUrl":"https:\/\/hotta.eu\/wp-content\/uploads\/2024\/03\/IMG_9830.jpg","datePublished":"2020-11-14T18:28:39+00:00","dateModified":"2024-12-27T10:41:57+00:00","breadcrumb":{"@id":"https:\/\/hotta.eu\/lv\/shop\/larssons-chili-chips\/#breadcrumb"},"inLanguage":"lv-LV","potentialAction":[{"@type":"ReadAction","target":["https:\/\/hotta.eu\/lv\/shop\/larssons-chili-chips\/"]}]},{"@type":"ImageObject","inLanguage":"lv-LV","@id":"https:\/\/hotta.eu\/lv\/shop\/larssons-chili-chips\/#primaryimage","url":"https:\/\/hotta.eu\/wp-content\/uploads\/2024\/03\/IMG_9830.jpg","contentUrl":"https:\/\/hotta.eu\/wp-content\/uploads\/2024\/03\/IMG_9830.jpg","width":2000,"height":2000},{"@type":"BreadcrumbList","@id":"https:\/\/hotta.eu\/lv\/shop\/larssons-chili-chips\/#breadcrumb","itemListElement":[{"@type":"ListItem","position":1,"name":"S\u0101kums","item":"https:\/\/hotta.eu\/lv\/sakumlapa\/"},{"@type":"ListItem","position":2,"name":"Veikals","item":"https:\/\/hotta.eu\/lv\/shop\/"},{"@type":"ListItem","position":3,"name":"Chili Chips"}]},{"@type":"WebSite","@id":"https:\/\/hotta.eu\/lv\/#website","url":"https:\/\/hotta.eu\/lv\/","name":"Hotta","description":"Makes your mouth burn a lotta!","publisher":{"@id":"https:\/\/hotta.eu\/lv\/#organization"},"potentialAction":[{"@type":"SearchAction","target":{"@type":"EntryPoint","urlTemplate":"https:\/\/hotta.eu\/lv\/?s={search_term_string}"},"query-input":{"@type":"PropertyValueSpecification","valueRequired":true,"valueName":"search_term_string"}}],"inLanguage":"lv-LV"},{"@type":"Organization","@id":"https:\/\/hotta.eu\/lv\/#organization","name":"Hotta","url":"https:\/\/hotta.eu\/lv\/","logo":{"@type":"ImageObject","inLanguage":"lv-LV","@id":"https:\/\/hotta.eu\/lv\/#\/schema\/logo\/image\/","url":"https:\/\/hotta.eu\/wp-content\/uploads\/2025\/04\/hotta-logo-invoice.png","contentUrl":"https:\/\/hotta.eu\/wp-content\/uploads\/2025\/04\/hotta-logo-invoice.png","width":600,"height":411,"caption":"Hotta"},"image":{"@id":"https:\/\/hotta.eu\/lv\/#\/schema\/logo\/image\/"},"sameAs":["https:\/\/www.facebook.com\/hotta.eu","https:\/\/x.com\/hottashop","https:\/\/www.instagram.com\/hotta.shop"]}]}},"jetpack_sharing_enabled":true,"_links":{"self":[{"href":"https:\/\/hotta.eu\/lv\/wp-json\/wp\/v2\/product\/18929","targetHints":{"allow":["GET"]}}],"collection":[{"href":"https:\/\/hotta.eu\/lv\/wp-json\/wp\/v2\/product"}],"about":[{"href":"https:\/\/hotta.eu\/lv\/wp-json\/wp\/v2\/types\/product"}],"replies":[{"embeddable":true,"href":"https:\/\/hotta.eu\/lv\/wp-json\/wp\/v2\/comments?post=18929"}],"wp:featuredmedia":[{"embeddable":true,"href":"https:\/\/hotta.eu\/lv\/wp-json\/wp\/v2\/media\/16083"}],"wp:attachment":[{"href":"https:\/\/hotta.eu\/lv\/wp-json\/wp\/v2\/media?parent=18929"}],"wp:term":[{"taxonomy":"product_cat","embeddable":true,"href":"https:\/\/hotta.eu\/lv\/wp-json\/wp\/v2\/product_cat?post=18929"},{"taxonomy":"product_tag","embeddable":true,"href":"https:\/\/hotta.eu\/lv\/wp-json\/wp\/v2\/product_tag?post=18929"},{"taxonomy":"giftcard-category","embeddable":true,"href":"https:\/\/hotta.eu\/lv\/wp-json\/wp\/v2\/giftcard-category?post=18929"}],"curies":[{"name":"wp","href":"https:\/\/api.w.org\/{rel}","templated":true}]}}