{"id":18950,"date":"2021-01-09T01:01:39","date_gmt":"2021-01-08T23:01:39","guid":{"rendered":"https:\/\/hotta.eu\/shop\/savvalas-mellenu-habanero-raudzeta-ciles-likiera-merce\/"},"modified":"2024-12-27T12:41:53","modified_gmt":"2024-12-27T10:41:53","slug":"savvalas-mellenu-habanero-raudzeta-ciles-likiera-merce","status":"publish","type":"product","link":"https:\/\/hotta.eu\/lv\/shop\/savvalas-mellenu-habanero-raudzeta-ciles-likiera-merce\/","title":{"rendered":"Savva\u013cas melle\u0146u-Habanero raudz\u0113ta \u010d\u012bles li\u0137iera m\u0113rce"},"content":{"rendered":"<p><strong>Sast\u0101vda\u013cas<\/strong><br \/>\nSavva\u013cas mellenes, sarkanais \u010dilli, habanero \u010dilli, \u016bdens, \u0137iploki, Himalaju s\u0101ls.<\/p>\n<p><strong>Der\u012bgums un glab\u0101\u0161ana<\/strong><br \/>\nUz produkta ir nor\u0101d\u012bts iepakojuma datums. No \u0161\u012b datuma produktu var uzglab\u0101t vienu gadu. Pirms lieto\u0161anas sakrat\u012bt. T\u0101 k\u0101 rasa ir dz\u012bva, atverot to, var izdal\u012bties g\u0101zes. Tas ir raudz\u0113ts produkts, t\u0101p\u0113c vienm\u0113r uzglab\u0101jiet to ledusskap\u012b.<\/p>\n","protected":false},"excerpt":{"rendered":"<p>Pirm\u0101 Igaunij\u0101 pagatavot\u0101 ferment\u0113t\u0101 \u010dilli m\u0113rce! Crefti ir unik\u0101ls, jo tas netiek v\u0101r\u012bts un tam netiek pievienots cukurs vai eti\u0137is. Tiek saglab\u0101tas ferment\u0101cijas proces\u0101 radu\u0161\u0101s piensk\u0101bes bakt\u0113rijas &#8211; m\u0113rce ir dz\u012bva! Ilgsto\u0161as un mier\u012bgas ferment\u0101cijas rezult\u0101t\u0101 ieg\u016bst dabisku, bet sare\u017e\u0123\u012btu gar\u0161u: ugun\u012bgu, pikantu, ogu ar melle\u0146u piegar\u0161u. Izgatavots ar rok\u0101m. Me\u017ea melle\u0146u kr\u0113ms lieliski gar\u0161o uz sviestmaiz\u0113m, r\u012bsu \u0113dieniem, olu \u0113dieniem un pelme\u0146iem. Sajauciet Kreft ar majon\u0113zi, un j\u016bs ieg\u016bsiet jauku m\u0113rci aptinumiem. Crefti ir ide\u0101li piem\u0113rots visur, kur ir v\u0113lama gar\u0161viela!<br \/>\n[ywcwtl_form product_id=\"\"]<\/p>\n","protected":false},"featured_media":16123,"comment_status":"open","ping_status":"closed","template":"","meta":[],"product_cat":[916,922],"product_tag":[],"giftcard-category":[],"class_list":{"0":"post-18950","1":"product","2":"type-product","3":"status-publish","4":"has-post-thumbnail","6":"product_cat-merces","7":"product_cat-videjs","8":"pa_brand-fermency","10":"first","11":"outofstock","12":"taxable","13":"shipping-taxable","14":"purchasable","15":"product-type-simple"},"yoast_head":"<!-- This site is optimized with the Yoast SEO plugin v27.4 - https:\/\/yoast.com\/product\/yoast-seo-wordpress\/ -->\n<title>Savva\u013cas melle\u0146u-Habanero raudz\u0113ta \u010d\u012bles li\u0137iera m\u0113rce - Hotta<\/title>\n<meta name=\"description\" content=\"Pirm\u0101 Igaunij\u0101 pagatavot\u0101 ferment\u0113t\u0101 \u010dilli m\u0113rce! Crefti ir unik\u0101ls, jo tas netiek v\u0101r\u012bts un tam netiek pievienots cukurs vai eti\u0137is.\" \/>\n<meta name=\"robots\" content=\"index, follow, max-snippet:-1, max-image-preview:large, max-video-preview:-1\" \/>\n<link rel=\"canonical\" href=\"https:\/\/hotta.eu\/lv\/shop\/savvalas-mellenu-habanero-raudzeta-ciles-likiera-merce\/\" \/>\n<meta property=\"og:locale\" content=\"lv_LV\" \/>\n<meta property=\"og:type\" content=\"article\" \/>\n<meta property=\"og:title\" content=\"Savva\u013cas melle\u0146u-Habanero raudz\u0113ta \u010d\u012bles li\u0137iera m\u0113rce - Hotta\" \/>\n<meta property=\"og:description\" content=\"Pirm\u0101 Igaunij\u0101 pagatavot\u0101 ferment\u0113t\u0101 \u010dilli m\u0113rce! Crefti ir unik\u0101ls, jo tas netiek v\u0101r\u012bts un tam netiek pievienots cukurs vai eti\u0137is.\" \/>\n<meta property=\"og:url\" content=\"https:\/\/hotta.eu\/lv\/shop\/savvalas-mellenu-habanero-raudzeta-ciles-likiera-merce\/\" \/>\n<meta property=\"og:site_name\" content=\"Hotta\" \/>\n<meta property=\"article:publisher\" content=\"https:\/\/www.facebook.com\/hotta.eu\" \/>\n<meta property=\"article:modified_time\" content=\"2024-12-27T10:41:53+00:00\" \/>\n<meta property=\"og:image\" content=\"https:\/\/hotta.eu\/wp-content\/uploads\/2024\/03\/IMG_9915.jpg\" \/>\n\t<meta property=\"og:image:width\" content=\"2000\" \/>\n\t<meta property=\"og:image:height\" content=\"2000\" \/>\n\t<meta property=\"og:image:type\" content=\"image\/jpeg\" \/>\n<meta name=\"twitter:card\" content=\"summary_large_image\" \/>\n<meta name=\"twitter:site\" content=\"@hottashop\" \/>\n<script type=\"application\/ld+json\" class=\"yoast-schema-graph\">{\"@context\":\"https:\\\/\\\/schema.org\",\"@graph\":[{\"@type\":\"WebPage\",\"@id\":\"https:\\\/\\\/hotta.eu\\\/lv\\\/shop\\\/savvalas-mellenu-habanero-raudzeta-ciles-likiera-merce\\\/\",\"url\":\"https:\\\/\\\/hotta.eu\\\/lv\\\/shop\\\/savvalas-mellenu-habanero-raudzeta-ciles-likiera-merce\\\/\",\"name\":\"Savva\u013cas melle\u0146u-Habanero raudz\u0113ta \u010d\u012bles li\u0137iera m\u0113rce - Hotta\",\"isPartOf\":{\"@id\":\"https:\\\/\\\/hotta.eu\\\/lv\\\/#website\"},\"primaryImageOfPage\":{\"@id\":\"https:\\\/\\\/hotta.eu\\\/lv\\\/shop\\\/savvalas-mellenu-habanero-raudzeta-ciles-likiera-merce\\\/#primaryimage\"},\"image\":{\"@id\":\"https:\\\/\\\/hotta.eu\\\/lv\\\/shop\\\/savvalas-mellenu-habanero-raudzeta-ciles-likiera-merce\\\/#primaryimage\"},\"thumbnailUrl\":\"https:\\\/\\\/hotta.eu\\\/wp-content\\\/uploads\\\/2024\\\/03\\\/IMG_9915.jpg\",\"datePublished\":\"2021-01-08T23:01:39+00:00\",\"dateModified\":\"2024-12-27T10:41:53+00:00\",\"description\":\"Pirm\u0101 Igaunij\u0101 pagatavot\u0101 ferment\u0113t\u0101 \u010dilli m\u0113rce! Crefti ir unik\u0101ls, jo tas netiek v\u0101r\u012bts un tam netiek pievienots cukurs vai eti\u0137is.\",\"breadcrumb\":{\"@id\":\"https:\\\/\\\/hotta.eu\\\/lv\\\/shop\\\/savvalas-mellenu-habanero-raudzeta-ciles-likiera-merce\\\/#breadcrumb\"},\"inLanguage\":\"lv-LV\",\"potentialAction\":[{\"@type\":\"ReadAction\",\"target\":[\"https:\\\/\\\/hotta.eu\\\/lv\\\/shop\\\/savvalas-mellenu-habanero-raudzeta-ciles-likiera-merce\\\/\"]}]},{\"@type\":\"ImageObject\",\"inLanguage\":\"lv-LV\",\"@id\":\"https:\\\/\\\/hotta.eu\\\/lv\\\/shop\\\/savvalas-mellenu-habanero-raudzeta-ciles-likiera-merce\\\/#primaryimage\",\"url\":\"https:\\\/\\\/hotta.eu\\\/wp-content\\\/uploads\\\/2024\\\/03\\\/IMG_9915.jpg\",\"contentUrl\":\"https:\\\/\\\/hotta.eu\\\/wp-content\\\/uploads\\\/2024\\\/03\\\/IMG_9915.jpg\",\"width\":2000,\"height\":2000},{\"@type\":\"BreadcrumbList\",\"@id\":\"https:\\\/\\\/hotta.eu\\\/lv\\\/shop\\\/savvalas-mellenu-habanero-raudzeta-ciles-likiera-merce\\\/#breadcrumb\",\"itemListElement\":[{\"@type\":\"ListItem\",\"position\":1,\"name\":\"S\u0101kums\",\"item\":\"https:\\\/\\\/hotta.eu\\\/lv\\\/sakumlapa\\\/\"},{\"@type\":\"ListItem\",\"position\":2,\"name\":\"Veikals\",\"item\":\"https:\\\/\\\/hotta.eu\\\/lv\\\/shop\\\/\"},{\"@type\":\"ListItem\",\"position\":3,\"name\":\"Savva\u013cas melle\u0146u-Habanero raudz\u0113ta \u010d\u012bles li\u0137iera m\u0113rce\"}]},{\"@type\":\"WebSite\",\"@id\":\"https:\\\/\\\/hotta.eu\\\/lv\\\/#website\",\"url\":\"https:\\\/\\\/hotta.eu\\\/lv\\\/\",\"name\":\"Hotta\",\"description\":\"Makes your mouth burn a lotta!\",\"publisher\":{\"@id\":\"https:\\\/\\\/hotta.eu\\\/lv\\\/#organization\"},\"potentialAction\":[{\"@type\":\"SearchAction\",\"target\":{\"@type\":\"EntryPoint\",\"urlTemplate\":\"https:\\\/\\\/hotta.eu\\\/lv\\\/?s={search_term_string}\"},\"query-input\":{\"@type\":\"PropertyValueSpecification\",\"valueRequired\":true,\"valueName\":\"search_term_string\"}}],\"inLanguage\":\"lv-LV\"},{\"@type\":\"Organization\",\"@id\":\"https:\\\/\\\/hotta.eu\\\/lv\\\/#organization\",\"name\":\"Hotta\",\"url\":\"https:\\\/\\\/hotta.eu\\\/lv\\\/\",\"logo\":{\"@type\":\"ImageObject\",\"inLanguage\":\"lv-LV\",\"@id\":\"https:\\\/\\\/hotta.eu\\\/lv\\\/#\\\/schema\\\/logo\\\/image\\\/\",\"url\":\"https:\\\/\\\/hotta.eu\\\/wp-content\\\/uploads\\\/2025\\\/04\\\/hotta-logo-invoice.png\",\"contentUrl\":\"https:\\\/\\\/hotta.eu\\\/wp-content\\\/uploads\\\/2025\\\/04\\\/hotta-logo-invoice.png\",\"width\":600,\"height\":411,\"caption\":\"Hotta\"},\"image\":{\"@id\":\"https:\\\/\\\/hotta.eu\\\/lv\\\/#\\\/schema\\\/logo\\\/image\\\/\"},\"sameAs\":[\"https:\\\/\\\/www.facebook.com\\\/hotta.eu\",\"https:\\\/\\\/x.com\\\/hottashop\",\"https:\\\/\\\/www.instagram.com\\\/hotta.shop\"]}]}<\/script>\n<!-- \/ Yoast SEO plugin. -->","yoast_head_json":{"title":"Savva\u013cas melle\u0146u-Habanero raudz\u0113ta \u010d\u012bles li\u0137iera m\u0113rce - Hotta","description":"Pirm\u0101 Igaunij\u0101 pagatavot\u0101 ferment\u0113t\u0101 \u010dilli m\u0113rce! Crefti ir unik\u0101ls, jo tas netiek v\u0101r\u012bts un tam netiek pievienots cukurs vai eti\u0137is.","robots":{"index":"index","follow":"follow","max-snippet":"max-snippet:-1","max-image-preview":"max-image-preview:large","max-video-preview":"max-video-preview:-1"},"canonical":"https:\/\/hotta.eu\/lv\/shop\/savvalas-mellenu-habanero-raudzeta-ciles-likiera-merce\/","og_locale":"lv_LV","og_type":"article","og_title":"Savva\u013cas melle\u0146u-Habanero raudz\u0113ta \u010d\u012bles li\u0137iera m\u0113rce - Hotta","og_description":"Pirm\u0101 Igaunij\u0101 pagatavot\u0101 ferment\u0113t\u0101 \u010dilli m\u0113rce! Crefti ir unik\u0101ls, jo tas netiek v\u0101r\u012bts un tam netiek pievienots cukurs vai eti\u0137is.","og_url":"https:\/\/hotta.eu\/lv\/shop\/savvalas-mellenu-habanero-raudzeta-ciles-likiera-merce\/","og_site_name":"Hotta","article_publisher":"https:\/\/www.facebook.com\/hotta.eu","article_modified_time":"2024-12-27T10:41:53+00:00","og_image":[{"width":2000,"height":2000,"url":"https:\/\/hotta.eu\/wp-content\/uploads\/2024\/03\/IMG_9915.jpg","type":"image\/jpeg"}],"twitter_card":"summary_large_image","twitter_site":"@hottashop","schema":{"@context":"https:\/\/schema.org","@graph":[{"@type":"WebPage","@id":"https:\/\/hotta.eu\/lv\/shop\/savvalas-mellenu-habanero-raudzeta-ciles-likiera-merce\/","url":"https:\/\/hotta.eu\/lv\/shop\/savvalas-mellenu-habanero-raudzeta-ciles-likiera-merce\/","name":"Savva\u013cas melle\u0146u-Habanero raudz\u0113ta \u010d\u012bles li\u0137iera m\u0113rce - Hotta","isPartOf":{"@id":"https:\/\/hotta.eu\/lv\/#website"},"primaryImageOfPage":{"@id":"https:\/\/hotta.eu\/lv\/shop\/savvalas-mellenu-habanero-raudzeta-ciles-likiera-merce\/#primaryimage"},"image":{"@id":"https:\/\/hotta.eu\/lv\/shop\/savvalas-mellenu-habanero-raudzeta-ciles-likiera-merce\/#primaryimage"},"thumbnailUrl":"https:\/\/hotta.eu\/wp-content\/uploads\/2024\/03\/IMG_9915.jpg","datePublished":"2021-01-08T23:01:39+00:00","dateModified":"2024-12-27T10:41:53+00:00","description":"Pirm\u0101 Igaunij\u0101 pagatavot\u0101 ferment\u0113t\u0101 \u010dilli m\u0113rce! Crefti ir unik\u0101ls, jo tas netiek v\u0101r\u012bts un tam netiek pievienots cukurs vai eti\u0137is.","breadcrumb":{"@id":"https:\/\/hotta.eu\/lv\/shop\/savvalas-mellenu-habanero-raudzeta-ciles-likiera-merce\/#breadcrumb"},"inLanguage":"lv-LV","potentialAction":[{"@type":"ReadAction","target":["https:\/\/hotta.eu\/lv\/shop\/savvalas-mellenu-habanero-raudzeta-ciles-likiera-merce\/"]}]},{"@type":"ImageObject","inLanguage":"lv-LV","@id":"https:\/\/hotta.eu\/lv\/shop\/savvalas-mellenu-habanero-raudzeta-ciles-likiera-merce\/#primaryimage","url":"https:\/\/hotta.eu\/wp-content\/uploads\/2024\/03\/IMG_9915.jpg","contentUrl":"https:\/\/hotta.eu\/wp-content\/uploads\/2024\/03\/IMG_9915.jpg","width":2000,"height":2000},{"@type":"BreadcrumbList","@id":"https:\/\/hotta.eu\/lv\/shop\/savvalas-mellenu-habanero-raudzeta-ciles-likiera-merce\/#breadcrumb","itemListElement":[{"@type":"ListItem","position":1,"name":"S\u0101kums","item":"https:\/\/hotta.eu\/lv\/sakumlapa\/"},{"@type":"ListItem","position":2,"name":"Veikals","item":"https:\/\/hotta.eu\/lv\/shop\/"},{"@type":"ListItem","position":3,"name":"Savva\u013cas melle\u0146u-Habanero raudz\u0113ta \u010d\u012bles li\u0137iera m\u0113rce"}]},{"@type":"WebSite","@id":"https:\/\/hotta.eu\/lv\/#website","url":"https:\/\/hotta.eu\/lv\/","name":"Hotta","description":"Makes your mouth burn a lotta!","publisher":{"@id":"https:\/\/hotta.eu\/lv\/#organization"},"potentialAction":[{"@type":"SearchAction","target":{"@type":"EntryPoint","urlTemplate":"https:\/\/hotta.eu\/lv\/?s={search_term_string}"},"query-input":{"@type":"PropertyValueSpecification","valueRequired":true,"valueName":"search_term_string"}}],"inLanguage":"lv-LV"},{"@type":"Organization","@id":"https:\/\/hotta.eu\/lv\/#organization","name":"Hotta","url":"https:\/\/hotta.eu\/lv\/","logo":{"@type":"ImageObject","inLanguage":"lv-LV","@id":"https:\/\/hotta.eu\/lv\/#\/schema\/logo\/image\/","url":"https:\/\/hotta.eu\/wp-content\/uploads\/2025\/04\/hotta-logo-invoice.png","contentUrl":"https:\/\/hotta.eu\/wp-content\/uploads\/2025\/04\/hotta-logo-invoice.png","width":600,"height":411,"caption":"Hotta"},"image":{"@id":"https:\/\/hotta.eu\/lv\/#\/schema\/logo\/image\/"},"sameAs":["https:\/\/www.facebook.com\/hotta.eu","https:\/\/x.com\/hottashop","https:\/\/www.instagram.com\/hotta.shop"]}]}},"jetpack_sharing_enabled":true,"_links":{"self":[{"href":"https:\/\/hotta.eu\/lv\/wp-json\/wp\/v2\/product\/18950","targetHints":{"allow":["GET"]}}],"collection":[{"href":"https:\/\/hotta.eu\/lv\/wp-json\/wp\/v2\/product"}],"about":[{"href":"https:\/\/hotta.eu\/lv\/wp-json\/wp\/v2\/types\/product"}],"replies":[{"embeddable":true,"href":"https:\/\/hotta.eu\/lv\/wp-json\/wp\/v2\/comments?post=18950"}],"wp:featuredmedia":[{"embeddable":true,"href":"https:\/\/hotta.eu\/lv\/wp-json\/wp\/v2\/media\/16123"}],"wp:attachment":[{"href":"https:\/\/hotta.eu\/lv\/wp-json\/wp\/v2\/media?parent=18950"}],"wp:term":[{"taxonomy":"product_cat","embeddable":true,"href":"https:\/\/hotta.eu\/lv\/wp-json\/wp\/v2\/product_cat?post=18950"},{"taxonomy":"product_tag","embeddable":true,"href":"https:\/\/hotta.eu\/lv\/wp-json\/wp\/v2\/product_tag?post=18950"},{"taxonomy":"giftcard-category","embeddable":true,"href":"https:\/\/hotta.eu\/lv\/wp-json\/wp\/v2\/giftcard-category?post=18950"}],"curies":[{"name":"wp","href":"https:\/\/api.w.org\/{rel}","templated":true}]}}