{"id":18968,"date":"2021-04-16T18:47:58","date_gmt":"2021-04-16T16:47:58","guid":{"rendered":"https:\/\/hotta.eu\/shop\/dumains-lillkapsa-krimchi\/"},"modified":"2024-12-27T12:41:49","modified_gmt":"2024-12-27T10:41:49","slug":"smoky-cauliflower-krimchi","status":"publish","type":"product","link":"https:\/\/hotta.eu\/lv\/shop\/smoky-cauliflower-krimchi\/","title":{"rendered":"Smoky Cauliflower Krimchi"},"content":{"rendered":"<p><strong>Sast\u0101vda\u013cas<\/strong><br \/>\n\u0136\u012bnie\u0161u k\u0101posti, ziedk\u0101posti, \u016bdens, burk\u0101ni, \u0101bols, sarkanais red\u012bss, puravi, bumbu\u013cveida s\u012bpoli, gochugaru \u010dilli p\u0101rslas, Himalaju s\u0101ls, k\u016bpin\u0101ta s\u0101ls, \u0137iploki, r\u012bsu milti, ingvers, \u010dilli p\u0101rslas.<\/p>\n<p><strong>Der\u012bgums un glab\u0101\u0161ana<\/strong><br \/>\nUz produkta ir nor\u0101d\u012bts der\u012bguma termi\u0146\u0161. Vec\u0101ki un sk\u0101b\u0101ki kim\u010di ir ide\u0101li piem\u0113roti zup\u0101m un siltiem \u0113dieniem. Tas ir raudz\u0113ts produkts, t\u0101p\u0113c vienm\u0113r uzglab\u0101jiet to ledusskap\u012b. Atverot var izdal\u012bties g\u0101zes.<\/p>\n","protected":false},"excerpt":{"rendered":"<p>Smokky Krimchi Cauliflower ir public\u0113ts \u017eurn\u0101l\u0101 EMA Guide to the Good Life un ir sa\u0146\u0113mis EMA kvalit\u0101tes z\u012bmi Noteworthy 2021. Visi Fermency produkti ir dabiski raudz\u0113ti un gatavoti ar rok\u0101m.<\/p>\n<ul>\n<li>K\u016bpin\u0101tas s\u0101ls ferment\u0113ti kim\u010di<\/li>\n<li>Krauk\u0161\u0137\u012bgumu pie\u0161\u0137ir ziedk\u0101posti un sarkanie red\u012bsi.<\/li>\n<li>Vid\u0113ji pikants, ar pat\u012bkamu d\u016bmu maigumu.<\/li>\n<li>Nesatur konservantus, cukuru un eti\u0137i.<\/li>\n<li>Izgatavots ar rok\u0101m<\/li>\n<li>Piem\u0113rots veg\u0101niem<\/li>\n<\/ul>\n[ywcwtl_form product_id=\"\"]\n","protected":false},"featured_media":16159,"comment_status":"open","ping_status":"closed","template":"","meta":[],"product_cat":[938],"product_tag":[],"giftcard-category":[],"class_list":{"0":"post-18968","1":"product","2":"type-product","3":"status-publish","4":"has-post-thumbnail","6":"product_cat-uzkodas","7":"pa_brand-fermency","9":"first","10":"outofstock","11":"taxable","12":"shipping-taxable","13":"purchasable","14":"product-type-simple"},"yoast_head":"<!-- This site is optimized with the Yoast SEO plugin v27.3 - https:\/\/yoast.com\/product\/yoast-seo-wordpress\/ -->\n<title>Smoky Cauliflower Krimchi - Hotta<\/title>\n<meta name=\"description\" content=\"357 noz\u012bm\u0113 357 000 Skovila vien\u012bbu. \u0160\u012b ir \u013coti pikanta m\u0113rce, kur\u0101 ir 3 miljoni Skoville \u010dilli ekstraktu, k\u0101 ar\u012b kaj\u0113nas un sarkanie habanero \u010dilli.\" \/>\n<meta name=\"robots\" content=\"index, follow, max-snippet:-1, max-image-preview:large, max-video-preview:-1\" \/>\n<link rel=\"canonical\" href=\"https:\/\/hotta.eu\/lv\/shop\/smoky-cauliflower-krimchi\/\" \/>\n<meta property=\"og:locale\" content=\"lv_LV\" \/>\n<meta property=\"og:type\" content=\"article\" \/>\n<meta property=\"og:title\" content=\"Smoky Cauliflower Krimchi - Hotta\" \/>\n<meta property=\"og:description\" content=\"357 noz\u012bm\u0113 357 000 Skovila vien\u012bbu. \u0160\u012b ir \u013coti pikanta m\u0113rce, kur\u0101 ir 3 miljoni Skoville \u010dilli ekstraktu, k\u0101 ar\u012b kaj\u0113nas un sarkanie habanero \u010dilli.\" \/>\n<meta property=\"og:url\" content=\"https:\/\/hotta.eu\/lv\/shop\/smoky-cauliflower-krimchi\/\" \/>\n<meta property=\"og:site_name\" content=\"Hotta\" \/>\n<meta property=\"article:publisher\" content=\"https:\/\/www.facebook.com\/hotta.eu\" \/>\n<meta property=\"article:modified_time\" content=\"2024-12-27T10:41:49+00:00\" \/>\n<meta property=\"og:image\" content=\"https:\/\/hotta.eu\/wp-content\/uploads\/2024\/03\/Suitsune-Krimchi.jpg\" \/>\n\t<meta property=\"og:image:width\" content=\"1000\" \/>\n\t<meta property=\"og:image:height\" content=\"1002\" \/>\n\t<meta property=\"og:image:type\" content=\"image\/jpeg\" \/>\n<meta name=\"twitter:card\" content=\"summary_large_image\" \/>\n<meta name=\"twitter:site\" content=\"@hottashop\" \/>\n<meta name=\"twitter:label1\" content=\"Est. reading time\" \/>\n\t<meta name=\"twitter:data1\" content=\"1 minute\" \/>\n<script type=\"application\/ld+json\" class=\"yoast-schema-graph\">{\"@context\":\"https:\\\/\\\/schema.org\",\"@graph\":[{\"@type\":\"WebPage\",\"@id\":\"https:\\\/\\\/hotta.eu\\\/lv\\\/shop\\\/smoky-cauliflower-krimchi\\\/\",\"url\":\"https:\\\/\\\/hotta.eu\\\/lv\\\/shop\\\/smoky-cauliflower-krimchi\\\/\",\"name\":\"Smoky Cauliflower Krimchi - Hotta\",\"isPartOf\":{\"@id\":\"https:\\\/\\\/hotta.eu\\\/lv\\\/#website\"},\"primaryImageOfPage\":{\"@id\":\"https:\\\/\\\/hotta.eu\\\/lv\\\/shop\\\/smoky-cauliflower-krimchi\\\/#primaryimage\"},\"image\":{\"@id\":\"https:\\\/\\\/hotta.eu\\\/lv\\\/shop\\\/smoky-cauliflower-krimchi\\\/#primaryimage\"},\"thumbnailUrl\":\"https:\\\/\\\/hotta.eu\\\/wp-content\\\/uploads\\\/2024\\\/03\\\/Suitsune-Krimchi.jpg\",\"datePublished\":\"2021-04-16T16:47:58+00:00\",\"dateModified\":\"2024-12-27T10:41:49+00:00\",\"description\":\"357 noz\u012bm\u0113 357 000 Skovila vien\u012bbu. \u0160\u012b ir \u013coti pikanta m\u0113rce, kur\u0101 ir 3 miljoni Skoville \u010dilli ekstraktu, k\u0101 ar\u012b kaj\u0113nas un sarkanie habanero \u010dilli.\",\"breadcrumb\":{\"@id\":\"https:\\\/\\\/hotta.eu\\\/lv\\\/shop\\\/smoky-cauliflower-krimchi\\\/#breadcrumb\"},\"inLanguage\":\"lv-LV\",\"potentialAction\":[{\"@type\":\"ReadAction\",\"target\":[\"https:\\\/\\\/hotta.eu\\\/lv\\\/shop\\\/smoky-cauliflower-krimchi\\\/\"]}]},{\"@type\":\"ImageObject\",\"inLanguage\":\"lv-LV\",\"@id\":\"https:\\\/\\\/hotta.eu\\\/lv\\\/shop\\\/smoky-cauliflower-krimchi\\\/#primaryimage\",\"url\":\"https:\\\/\\\/hotta.eu\\\/wp-content\\\/uploads\\\/2024\\\/03\\\/Suitsune-Krimchi.jpg\",\"contentUrl\":\"https:\\\/\\\/hotta.eu\\\/wp-content\\\/uploads\\\/2024\\\/03\\\/Suitsune-Krimchi.jpg\",\"width\":1000,\"height\":1002},{\"@type\":\"BreadcrumbList\",\"@id\":\"https:\\\/\\\/hotta.eu\\\/lv\\\/shop\\\/smoky-cauliflower-krimchi\\\/#breadcrumb\",\"itemListElement\":[{\"@type\":\"ListItem\",\"position\":1,\"name\":\"S\u0101kums\",\"item\":\"https:\\\/\\\/hotta.eu\\\/lv\\\/sakumlapa\\\/\"},{\"@type\":\"ListItem\",\"position\":2,\"name\":\"Veikals\",\"item\":\"https:\\\/\\\/hotta.eu\\\/lv\\\/shop\\\/\"},{\"@type\":\"ListItem\",\"position\":3,\"name\":\"Smoky Cauliflower Krimchi\"}]},{\"@type\":\"WebSite\",\"@id\":\"https:\\\/\\\/hotta.eu\\\/lv\\\/#website\",\"url\":\"https:\\\/\\\/hotta.eu\\\/lv\\\/\",\"name\":\"Hotta\",\"description\":\"Makes your mouth burn a lotta!\",\"publisher\":{\"@id\":\"https:\\\/\\\/hotta.eu\\\/lv\\\/#organization\"},\"potentialAction\":[{\"@type\":\"SearchAction\",\"target\":{\"@type\":\"EntryPoint\",\"urlTemplate\":\"https:\\\/\\\/hotta.eu\\\/lv\\\/?s={search_term_string}\"},\"query-input\":{\"@type\":\"PropertyValueSpecification\",\"valueRequired\":true,\"valueName\":\"search_term_string\"}}],\"inLanguage\":\"lv-LV\"},{\"@type\":\"Organization\",\"@id\":\"https:\\\/\\\/hotta.eu\\\/lv\\\/#organization\",\"name\":\"Hotta\",\"url\":\"https:\\\/\\\/hotta.eu\\\/lv\\\/\",\"logo\":{\"@type\":\"ImageObject\",\"inLanguage\":\"lv-LV\",\"@id\":\"https:\\\/\\\/hotta.eu\\\/lv\\\/#\\\/schema\\\/logo\\\/image\\\/\",\"url\":\"https:\\\/\\\/hotta.eu\\\/wp-content\\\/uploads\\\/2025\\\/04\\\/hotta-logo-invoice.png\",\"contentUrl\":\"https:\\\/\\\/hotta.eu\\\/wp-content\\\/uploads\\\/2025\\\/04\\\/hotta-logo-invoice.png\",\"width\":600,\"height\":411,\"caption\":\"Hotta\"},\"image\":{\"@id\":\"https:\\\/\\\/hotta.eu\\\/lv\\\/#\\\/schema\\\/logo\\\/image\\\/\"},\"sameAs\":[\"https:\\\/\\\/www.facebook.com\\\/hotta.eu\",\"https:\\\/\\\/x.com\\\/hottashop\",\"https:\\\/\\\/www.instagram.com\\\/hotta.shop\"]}]}<\/script>\n<!-- \/ Yoast SEO plugin. -->","yoast_head_json":{"title":"Smoky Cauliflower Krimchi - Hotta","description":"357 noz\u012bm\u0113 357 000 Skovila vien\u012bbu. \u0160\u012b ir \u013coti pikanta m\u0113rce, kur\u0101 ir 3 miljoni Skoville \u010dilli ekstraktu, k\u0101 ar\u012b kaj\u0113nas un sarkanie habanero \u010dilli.","robots":{"index":"index","follow":"follow","max-snippet":"max-snippet:-1","max-image-preview":"max-image-preview:large","max-video-preview":"max-video-preview:-1"},"canonical":"https:\/\/hotta.eu\/lv\/shop\/smoky-cauliflower-krimchi\/","og_locale":"lv_LV","og_type":"article","og_title":"Smoky Cauliflower Krimchi - Hotta","og_description":"357 noz\u012bm\u0113 357 000 Skovila vien\u012bbu. \u0160\u012b ir \u013coti pikanta m\u0113rce, kur\u0101 ir 3 miljoni Skoville \u010dilli ekstraktu, k\u0101 ar\u012b kaj\u0113nas un sarkanie habanero \u010dilli.","og_url":"https:\/\/hotta.eu\/lv\/shop\/smoky-cauliflower-krimchi\/","og_site_name":"Hotta","article_publisher":"https:\/\/www.facebook.com\/hotta.eu","article_modified_time":"2024-12-27T10:41:49+00:00","og_image":[{"width":1000,"height":1002,"url":"https:\/\/hotta.eu\/wp-content\/uploads\/2024\/03\/Suitsune-Krimchi.jpg","type":"image\/jpeg"}],"twitter_card":"summary_large_image","twitter_site":"@hottashop","twitter_misc":{"Est. reading time":"1 minute"},"schema":{"@context":"https:\/\/schema.org","@graph":[{"@type":"WebPage","@id":"https:\/\/hotta.eu\/lv\/shop\/smoky-cauliflower-krimchi\/","url":"https:\/\/hotta.eu\/lv\/shop\/smoky-cauliflower-krimchi\/","name":"Smoky Cauliflower Krimchi - Hotta","isPartOf":{"@id":"https:\/\/hotta.eu\/lv\/#website"},"primaryImageOfPage":{"@id":"https:\/\/hotta.eu\/lv\/shop\/smoky-cauliflower-krimchi\/#primaryimage"},"image":{"@id":"https:\/\/hotta.eu\/lv\/shop\/smoky-cauliflower-krimchi\/#primaryimage"},"thumbnailUrl":"https:\/\/hotta.eu\/wp-content\/uploads\/2024\/03\/Suitsune-Krimchi.jpg","datePublished":"2021-04-16T16:47:58+00:00","dateModified":"2024-12-27T10:41:49+00:00","description":"357 noz\u012bm\u0113 357 000 Skovila vien\u012bbu. \u0160\u012b ir \u013coti pikanta m\u0113rce, kur\u0101 ir 3 miljoni Skoville \u010dilli ekstraktu, k\u0101 ar\u012b kaj\u0113nas un sarkanie habanero \u010dilli.","breadcrumb":{"@id":"https:\/\/hotta.eu\/lv\/shop\/smoky-cauliflower-krimchi\/#breadcrumb"},"inLanguage":"lv-LV","potentialAction":[{"@type":"ReadAction","target":["https:\/\/hotta.eu\/lv\/shop\/smoky-cauliflower-krimchi\/"]}]},{"@type":"ImageObject","inLanguage":"lv-LV","@id":"https:\/\/hotta.eu\/lv\/shop\/smoky-cauliflower-krimchi\/#primaryimage","url":"https:\/\/hotta.eu\/wp-content\/uploads\/2024\/03\/Suitsune-Krimchi.jpg","contentUrl":"https:\/\/hotta.eu\/wp-content\/uploads\/2024\/03\/Suitsune-Krimchi.jpg","width":1000,"height":1002},{"@type":"BreadcrumbList","@id":"https:\/\/hotta.eu\/lv\/shop\/smoky-cauliflower-krimchi\/#breadcrumb","itemListElement":[{"@type":"ListItem","position":1,"name":"S\u0101kums","item":"https:\/\/hotta.eu\/lv\/sakumlapa\/"},{"@type":"ListItem","position":2,"name":"Veikals","item":"https:\/\/hotta.eu\/lv\/shop\/"},{"@type":"ListItem","position":3,"name":"Smoky Cauliflower Krimchi"}]},{"@type":"WebSite","@id":"https:\/\/hotta.eu\/lv\/#website","url":"https:\/\/hotta.eu\/lv\/","name":"Hotta","description":"Makes your mouth burn a lotta!","publisher":{"@id":"https:\/\/hotta.eu\/lv\/#organization"},"potentialAction":[{"@type":"SearchAction","target":{"@type":"EntryPoint","urlTemplate":"https:\/\/hotta.eu\/lv\/?s={search_term_string}"},"query-input":{"@type":"PropertyValueSpecification","valueRequired":true,"valueName":"search_term_string"}}],"inLanguage":"lv-LV"},{"@type":"Organization","@id":"https:\/\/hotta.eu\/lv\/#organization","name":"Hotta","url":"https:\/\/hotta.eu\/lv\/","logo":{"@type":"ImageObject","inLanguage":"lv-LV","@id":"https:\/\/hotta.eu\/lv\/#\/schema\/logo\/image\/","url":"https:\/\/hotta.eu\/wp-content\/uploads\/2025\/04\/hotta-logo-invoice.png","contentUrl":"https:\/\/hotta.eu\/wp-content\/uploads\/2025\/04\/hotta-logo-invoice.png","width":600,"height":411,"caption":"Hotta"},"image":{"@id":"https:\/\/hotta.eu\/lv\/#\/schema\/logo\/image\/"},"sameAs":["https:\/\/www.facebook.com\/hotta.eu","https:\/\/x.com\/hottashop","https:\/\/www.instagram.com\/hotta.shop"]}]}},"jetpack_sharing_enabled":true,"_links":{"self":[{"href":"https:\/\/hotta.eu\/lv\/wp-json\/wp\/v2\/product\/18968","targetHints":{"allow":["GET"]}}],"collection":[{"href":"https:\/\/hotta.eu\/lv\/wp-json\/wp\/v2\/product"}],"about":[{"href":"https:\/\/hotta.eu\/lv\/wp-json\/wp\/v2\/types\/product"}],"replies":[{"embeddable":true,"href":"https:\/\/hotta.eu\/lv\/wp-json\/wp\/v2\/comments?post=18968"}],"wp:featuredmedia":[{"embeddable":true,"href":"https:\/\/hotta.eu\/lv\/wp-json\/wp\/v2\/media\/16159"}],"wp:attachment":[{"href":"https:\/\/hotta.eu\/lv\/wp-json\/wp\/v2\/media?parent=18968"}],"wp:term":[{"taxonomy":"product_cat","embeddable":true,"href":"https:\/\/hotta.eu\/lv\/wp-json\/wp\/v2\/product_cat?post=18968"},{"taxonomy":"product_tag","embeddable":true,"href":"https:\/\/hotta.eu\/lv\/wp-json\/wp\/v2\/product_tag?post=18968"},{"taxonomy":"giftcard-category","embeddable":true,"href":"https:\/\/hotta.eu\/lv\/wp-json\/wp\/v2\/giftcard-category?post=18968"}],"curies":[{"name":"wp","href":"https:\/\/api.w.org\/{rel}","templated":true}]}}