{"id":18979,"date":"2021-04-23T19:52:57","date_gmt":"2021-04-23T17:52:57","guid":{"rendered":"https:\/\/hotta.eu\/shop\/salda-habanero-piparu-merce\/"},"modified":"2026-03-15T11:17:36","modified_gmt":"2026-03-15T09:17:36","slug":"sweet-habanero-pepper-sauce","status":"publish","type":"product","link":"https:\/\/hotta.eu\/lv\/shop\/sweet-habanero-pepper-sauce\/","title":{"rendered":"Sweet Habanero Pepper Sauce"},"content":{"rendered":"<p><strong>Sast\u0101vs<br \/>\n<\/strong>Svaigi sarkanie habanero, s\u012bpoli, \u0137iploki, koriandrs, cukurs, eti\u0137sk\u0101be, laima sula, pekt\u012bns.<\/p>\n<div class=\"tableheader\"><strong>Uztura inform\u0101cija (5 g)<\/strong><\/div>\n<div>Ener\u0123ija 17 kcal, og\u013chidr\u0101ti 4 g, n\u0101trijs 1,4 mg, olbaltumvielas 0,02 g.<\/div>\n<p><strong>Der\u012bgums un glab\u0101\u0161ana<\/strong><br \/>\nDer\u012bguma termi\u0146\u0161 uz pudel\u012btes attiecas uz neatv\u0113rtiem produktiem. Atv\u0113rtu produktu j\u0101uzglab\u0101 ledusskap\u012b.<\/p>\n","protected":false},"excerpt":{"rendered":"<p>Saldsk\u0101bi saldena m\u0113rce, kas pagatavota no Marie Sharp&#8217;s sortiment\u0101 eso\u0161ajiem \u010dilli \u010dilli paprikas gabali\u0146iem, kuri ra\u017eoti Beliz\u0101, piem\u0113rota ikdienas lieto\u0161anai vai ies\u0101c\u0113jiem, kas gatavojas gatavot as\u0101s m\u0113rces.<br \/>\n[ywcwtl_form product_id=\"\"]<\/p>\n","protected":false},"featured_media":20609,"comment_status":"open","ping_status":"closed","template":"","meta":[],"product_cat":[924,916],"product_tag":[],"giftcard-category":[],"class_list":{"0":"post-18979","1":"product","2":"type-product","3":"status-publish","4":"has-post-thumbnail","6":"product_cat-maigs","7":"product_cat-merces","8":"pa_brand-marie-sharps","10":"first","11":"instock","12":"taxable","13":"shipping-taxable","14":"purchasable","15":"product-type-simple"},"yoast_head":"<!-- This site is optimized with the Yoast SEO plugin v27.3 - https:\/\/yoast.com\/product\/yoast-seo-wordpress\/ -->\n<title>Sweet Habanero Pepper Sauce - Hotta<\/title>\n<meta name=\"description\" content=\"Saldsk\u0101bi saldena m\u0113rce, kas pagatavota no Marie Sharp&#039;s sortiment\u0101 eso\u0161ajiem \u010dilli \u010dilli paprikas gabali\u0146iem habanero, kas ra\u017eoti Beliz\u0101, piem\u0113rota ikdienas lieto\u0161anai vai ies\u0101c\u0113jiem, kas gatavojas gatavot pikant\u0101s m\u0113rces.\" \/>\n<meta name=\"robots\" content=\"index, follow, max-snippet:-1, max-image-preview:large, max-video-preview:-1\" \/>\n<link rel=\"canonical\" href=\"https:\/\/hotta.eu\/lv\/shop\/sweet-habanero-pepper-sauce\/\" \/>\n<meta property=\"og:locale\" content=\"lv_LV\" \/>\n<meta property=\"og:type\" content=\"article\" \/>\n<meta property=\"og:title\" content=\"Sweet Habanero Pepper Sauce - Hotta\" \/>\n<meta property=\"og:description\" content=\"Saldsk\u0101bi saldena m\u0113rce, kas pagatavota no Marie Sharp&#039;s sortiment\u0101 eso\u0161ajiem \u010dilli \u010dilli paprikas gabali\u0146iem habanero, kas ra\u017eoti Beliz\u0101, piem\u0113rota ikdienas lieto\u0161anai vai ies\u0101c\u0113jiem, kas gatavojas gatavot pikant\u0101s m\u0113rces.\" \/>\n<meta property=\"og:url\" content=\"https:\/\/hotta.eu\/lv\/shop\/sweet-habanero-pepper-sauce\/\" \/>\n<meta property=\"og:site_name\" content=\"Hotta\" \/>\n<meta property=\"article:publisher\" content=\"https:\/\/www.facebook.com\/hotta.eu\" \/>\n<meta property=\"article:modified_time\" content=\"2026-03-15T09:17:36+00:00\" \/>\n<meta property=\"og:image\" content=\"https:\/\/hotta.eu\/wp-content\/uploads\/2021\/04\/marie-sharps-sweet-habanero.png\" \/>\n\t<meta property=\"og:image:width\" content=\"2000\" \/>\n\t<meta property=\"og:image:height\" content=\"2000\" \/>\n\t<meta property=\"og:image:type\" content=\"image\/png\" \/>\n<meta name=\"twitter:card\" content=\"summary_large_image\" \/>\n<meta name=\"twitter:site\" content=\"@hottashop\" \/>\n<meta name=\"twitter:label1\" content=\"Est. reading time\" \/>\n\t<meta name=\"twitter:data1\" content=\"1 minute\" \/>\n<script type=\"application\/ld+json\" class=\"yoast-schema-graph\">{\"@context\":\"https:\\\/\\\/schema.org\",\"@graph\":[{\"@type\":\"WebPage\",\"@id\":\"https:\\\/\\\/hotta.eu\\\/lv\\\/shop\\\/sweet-habanero-pepper-sauce\\\/\",\"url\":\"https:\\\/\\\/hotta.eu\\\/lv\\\/shop\\\/sweet-habanero-pepper-sauce\\\/\",\"name\":\"Sweet Habanero Pepper Sauce - Hotta\",\"isPartOf\":{\"@id\":\"https:\\\/\\\/hotta.eu\\\/lv\\\/#website\"},\"primaryImageOfPage\":{\"@id\":\"https:\\\/\\\/hotta.eu\\\/lv\\\/shop\\\/sweet-habanero-pepper-sauce\\\/#primaryimage\"},\"image\":{\"@id\":\"https:\\\/\\\/hotta.eu\\\/lv\\\/shop\\\/sweet-habanero-pepper-sauce\\\/#primaryimage\"},\"thumbnailUrl\":\"https:\\\/\\\/hotta.eu\\\/wp-content\\\/uploads\\\/2021\\\/04\\\/marie-sharps-sweet-habanero.png\",\"datePublished\":\"2021-04-23T17:52:57+00:00\",\"dateModified\":\"2026-03-15T09:17:36+00:00\",\"description\":\"Saldsk\u0101bi saldena m\u0113rce, kas pagatavota no Marie Sharp's sortiment\u0101 eso\u0161ajiem \u010dilli \u010dilli paprikas gabali\u0146iem habanero, kas ra\u017eoti Beliz\u0101, piem\u0113rota ikdienas lieto\u0161anai vai ies\u0101c\u0113jiem, kas gatavojas gatavot pikant\u0101s m\u0113rces.\",\"breadcrumb\":{\"@id\":\"https:\\\/\\\/hotta.eu\\\/lv\\\/shop\\\/sweet-habanero-pepper-sauce\\\/#breadcrumb\"},\"inLanguage\":\"lv-LV\",\"potentialAction\":[{\"@type\":\"ReadAction\",\"target\":[\"https:\\\/\\\/hotta.eu\\\/lv\\\/shop\\\/sweet-habanero-pepper-sauce\\\/\"]}]},{\"@type\":\"ImageObject\",\"inLanguage\":\"lv-LV\",\"@id\":\"https:\\\/\\\/hotta.eu\\\/lv\\\/shop\\\/sweet-habanero-pepper-sauce\\\/#primaryimage\",\"url\":\"https:\\\/\\\/hotta.eu\\\/wp-content\\\/uploads\\\/2021\\\/04\\\/marie-sharps-sweet-habanero.png\",\"contentUrl\":\"https:\\\/\\\/hotta.eu\\\/wp-content\\\/uploads\\\/2021\\\/04\\\/marie-sharps-sweet-habanero.png\",\"width\":2000,\"height\":2000},{\"@type\":\"BreadcrumbList\",\"@id\":\"https:\\\/\\\/hotta.eu\\\/lv\\\/shop\\\/sweet-habanero-pepper-sauce\\\/#breadcrumb\",\"itemListElement\":[{\"@type\":\"ListItem\",\"position\":1,\"name\":\"S\u0101kums\",\"item\":\"https:\\\/\\\/hotta.eu\\\/lv\\\/sakumlapa\\\/\"},{\"@type\":\"ListItem\",\"position\":2,\"name\":\"Veikals\",\"item\":\"https:\\\/\\\/hotta.eu\\\/lv\\\/shop\\\/\"},{\"@type\":\"ListItem\",\"position\":3,\"name\":\"Sweet Habanero Pepper Sauce\"}]},{\"@type\":\"WebSite\",\"@id\":\"https:\\\/\\\/hotta.eu\\\/lv\\\/#website\",\"url\":\"https:\\\/\\\/hotta.eu\\\/lv\\\/\",\"name\":\"Hotta\",\"description\":\"Makes your mouth burn a lotta!\",\"publisher\":{\"@id\":\"https:\\\/\\\/hotta.eu\\\/lv\\\/#organization\"},\"potentialAction\":[{\"@type\":\"SearchAction\",\"target\":{\"@type\":\"EntryPoint\",\"urlTemplate\":\"https:\\\/\\\/hotta.eu\\\/lv\\\/?s={search_term_string}\"},\"query-input\":{\"@type\":\"PropertyValueSpecification\",\"valueRequired\":true,\"valueName\":\"search_term_string\"}}],\"inLanguage\":\"lv-LV\"},{\"@type\":\"Organization\",\"@id\":\"https:\\\/\\\/hotta.eu\\\/lv\\\/#organization\",\"name\":\"Hotta\",\"url\":\"https:\\\/\\\/hotta.eu\\\/lv\\\/\",\"logo\":{\"@type\":\"ImageObject\",\"inLanguage\":\"lv-LV\",\"@id\":\"https:\\\/\\\/hotta.eu\\\/lv\\\/#\\\/schema\\\/logo\\\/image\\\/\",\"url\":\"https:\\\/\\\/hotta.eu\\\/wp-content\\\/uploads\\\/2025\\\/04\\\/hotta-logo-invoice.png\",\"contentUrl\":\"https:\\\/\\\/hotta.eu\\\/wp-content\\\/uploads\\\/2025\\\/04\\\/hotta-logo-invoice.png\",\"width\":600,\"height\":411,\"caption\":\"Hotta\"},\"image\":{\"@id\":\"https:\\\/\\\/hotta.eu\\\/lv\\\/#\\\/schema\\\/logo\\\/image\\\/\"},\"sameAs\":[\"https:\\\/\\\/www.facebook.com\\\/hotta.eu\",\"https:\\\/\\\/x.com\\\/hottashop\",\"https:\\\/\\\/www.instagram.com\\\/hotta.shop\"]}]}<\/script>\n<!-- \/ Yoast SEO plugin. -->","yoast_head_json":{"title":"Sweet Habanero Pepper Sauce - Hotta","description":"Saldsk\u0101bi saldena m\u0113rce, kas pagatavota no Marie Sharp's sortiment\u0101 eso\u0161ajiem \u010dilli \u010dilli paprikas gabali\u0146iem habanero, kas ra\u017eoti Beliz\u0101, piem\u0113rota ikdienas lieto\u0161anai vai ies\u0101c\u0113jiem, kas gatavojas gatavot pikant\u0101s m\u0113rces.","robots":{"index":"index","follow":"follow","max-snippet":"max-snippet:-1","max-image-preview":"max-image-preview:large","max-video-preview":"max-video-preview:-1"},"canonical":"https:\/\/hotta.eu\/lv\/shop\/sweet-habanero-pepper-sauce\/","og_locale":"lv_LV","og_type":"article","og_title":"Sweet Habanero Pepper Sauce - Hotta","og_description":"Saldsk\u0101bi saldena m\u0113rce, kas pagatavota no Marie Sharp's sortiment\u0101 eso\u0161ajiem \u010dilli \u010dilli paprikas gabali\u0146iem habanero, kas ra\u017eoti Beliz\u0101, piem\u0113rota ikdienas lieto\u0161anai vai ies\u0101c\u0113jiem, kas gatavojas gatavot pikant\u0101s m\u0113rces.","og_url":"https:\/\/hotta.eu\/lv\/shop\/sweet-habanero-pepper-sauce\/","og_site_name":"Hotta","article_publisher":"https:\/\/www.facebook.com\/hotta.eu","article_modified_time":"2026-03-15T09:17:36+00:00","og_image":[{"width":2000,"height":2000,"url":"https:\/\/hotta.eu\/wp-content\/uploads\/2021\/04\/marie-sharps-sweet-habanero.png","type":"image\/png"}],"twitter_card":"summary_large_image","twitter_site":"@hottashop","twitter_misc":{"Est. reading time":"1 minute"},"schema":{"@context":"https:\/\/schema.org","@graph":[{"@type":"WebPage","@id":"https:\/\/hotta.eu\/lv\/shop\/sweet-habanero-pepper-sauce\/","url":"https:\/\/hotta.eu\/lv\/shop\/sweet-habanero-pepper-sauce\/","name":"Sweet Habanero Pepper Sauce - Hotta","isPartOf":{"@id":"https:\/\/hotta.eu\/lv\/#website"},"primaryImageOfPage":{"@id":"https:\/\/hotta.eu\/lv\/shop\/sweet-habanero-pepper-sauce\/#primaryimage"},"image":{"@id":"https:\/\/hotta.eu\/lv\/shop\/sweet-habanero-pepper-sauce\/#primaryimage"},"thumbnailUrl":"https:\/\/hotta.eu\/wp-content\/uploads\/2021\/04\/marie-sharps-sweet-habanero.png","datePublished":"2021-04-23T17:52:57+00:00","dateModified":"2026-03-15T09:17:36+00:00","description":"Saldsk\u0101bi saldena m\u0113rce, kas pagatavota no Marie Sharp's sortiment\u0101 eso\u0161ajiem \u010dilli \u010dilli paprikas gabali\u0146iem habanero, kas ra\u017eoti Beliz\u0101, piem\u0113rota ikdienas lieto\u0161anai vai ies\u0101c\u0113jiem, kas gatavojas gatavot pikant\u0101s m\u0113rces.","breadcrumb":{"@id":"https:\/\/hotta.eu\/lv\/shop\/sweet-habanero-pepper-sauce\/#breadcrumb"},"inLanguage":"lv-LV","potentialAction":[{"@type":"ReadAction","target":["https:\/\/hotta.eu\/lv\/shop\/sweet-habanero-pepper-sauce\/"]}]},{"@type":"ImageObject","inLanguage":"lv-LV","@id":"https:\/\/hotta.eu\/lv\/shop\/sweet-habanero-pepper-sauce\/#primaryimage","url":"https:\/\/hotta.eu\/wp-content\/uploads\/2021\/04\/marie-sharps-sweet-habanero.png","contentUrl":"https:\/\/hotta.eu\/wp-content\/uploads\/2021\/04\/marie-sharps-sweet-habanero.png","width":2000,"height":2000},{"@type":"BreadcrumbList","@id":"https:\/\/hotta.eu\/lv\/shop\/sweet-habanero-pepper-sauce\/#breadcrumb","itemListElement":[{"@type":"ListItem","position":1,"name":"S\u0101kums","item":"https:\/\/hotta.eu\/lv\/sakumlapa\/"},{"@type":"ListItem","position":2,"name":"Veikals","item":"https:\/\/hotta.eu\/lv\/shop\/"},{"@type":"ListItem","position":3,"name":"Sweet Habanero Pepper Sauce"}]},{"@type":"WebSite","@id":"https:\/\/hotta.eu\/lv\/#website","url":"https:\/\/hotta.eu\/lv\/","name":"Hotta","description":"Makes your mouth burn a lotta!","publisher":{"@id":"https:\/\/hotta.eu\/lv\/#organization"},"potentialAction":[{"@type":"SearchAction","target":{"@type":"EntryPoint","urlTemplate":"https:\/\/hotta.eu\/lv\/?s={search_term_string}"},"query-input":{"@type":"PropertyValueSpecification","valueRequired":true,"valueName":"search_term_string"}}],"inLanguage":"lv-LV"},{"@type":"Organization","@id":"https:\/\/hotta.eu\/lv\/#organization","name":"Hotta","url":"https:\/\/hotta.eu\/lv\/","logo":{"@type":"ImageObject","inLanguage":"lv-LV","@id":"https:\/\/hotta.eu\/lv\/#\/schema\/logo\/image\/","url":"https:\/\/hotta.eu\/wp-content\/uploads\/2025\/04\/hotta-logo-invoice.png","contentUrl":"https:\/\/hotta.eu\/wp-content\/uploads\/2025\/04\/hotta-logo-invoice.png","width":600,"height":411,"caption":"Hotta"},"image":{"@id":"https:\/\/hotta.eu\/lv\/#\/schema\/logo\/image\/"},"sameAs":["https:\/\/www.facebook.com\/hotta.eu","https:\/\/x.com\/hottashop","https:\/\/www.instagram.com\/hotta.shop"]}]}},"jetpack_sharing_enabled":true,"_links":{"self":[{"href":"https:\/\/hotta.eu\/lv\/wp-json\/wp\/v2\/product\/18979","targetHints":{"allow":["GET"]}}],"collection":[{"href":"https:\/\/hotta.eu\/lv\/wp-json\/wp\/v2\/product"}],"about":[{"href":"https:\/\/hotta.eu\/lv\/wp-json\/wp\/v2\/types\/product"}],"replies":[{"embeddable":true,"href":"https:\/\/hotta.eu\/lv\/wp-json\/wp\/v2\/comments?post=18979"}],"wp:featuredmedia":[{"embeddable":true,"href":"https:\/\/hotta.eu\/lv\/wp-json\/wp\/v2\/media\/20609"}],"wp:attachment":[{"href":"https:\/\/hotta.eu\/lv\/wp-json\/wp\/v2\/media?parent=18979"}],"wp:term":[{"taxonomy":"product_cat","embeddable":true,"href":"https:\/\/hotta.eu\/lv\/wp-json\/wp\/v2\/product_cat?post=18979"},{"taxonomy":"product_tag","embeddable":true,"href":"https:\/\/hotta.eu\/lv\/wp-json\/wp\/v2\/product_tag?post=18979"},{"taxonomy":"giftcard-category","embeddable":true,"href":"https:\/\/hotta.eu\/lv\/wp-json\/wp\/v2\/giftcard-category?post=18979"}],"curies":[{"name":"wp","href":"https:\/\/api.w.org\/{rel}","templated":true}]}}