{"id":19014,"date":"2021-06-05T01:36:07","date_gmt":"2021-06-04T23:36:07","guid":{"rendered":"https:\/\/hotta.eu\/shop\/klasiska-cilli-merce\/"},"modified":"2024-12-27T12:41:40","modified_gmt":"2024-12-27T10:41:40","slug":"klasiska-cilli-merce","status":"publish","type":"product","link":"https:\/\/hotta.eu\/lv\/shop\/klasiska-cilli-merce\/","title":{"rendered":"Classic Chilli Sauce"},"content":{"rendered":"<p><strong>Sast\u0101vs<br \/>\n<\/strong>Jalapeno \u010dilli, eti\u0137sk\u0101be, \u016bdens, \u0137iploki, cukurs, miso, s\u0101ls, ferment\u0113ta kukur\u016bzas ciete, lin\u0161\u0137iedra.<\/p>\n<p><strong>Uzturv\u0113rt\u012bbas inform\u0101cija (100 g)<br \/>\n<\/strong> Ener\u0123ija 59 kcal (252 kJ), tauki 0,4 g, no tiem pies\u0101tin\u0101t\u0101s tauksk\u0101bes 0,1 g, og\u013chidr\u0101ti 10,2 g, no tiem cukuri 7,7 g, olbaltumvielas 1,5 g, s\u0101ls 2,8 g.<\/p>\n<p><strong>Der\u012bgums un glab\u0101\u0161ana<\/strong><br \/>\nDer\u012bguma termi\u0146\u0161 uz pudel\u012btes attiecas uz neatv\u0113rtiem produktiem. Atv\u0113rtu produktu j\u0101uzglab\u0101 ledusskap\u012b.<\/p>\n","protected":false},"excerpt":{"rendered":"<p>Rascal Tastebuddies ir jaunpien\u0101c\u0113js no Be\u013c\u0123ijas. Classic Chilli ir maig\u0101ka m\u0113rce, ta\u010du ar aizraujo\u0161u tekst\u016bru un izteiktu gar\u0161u. Tiek izmantoti \u0137iploki, jap\u0101\u0146u miso un jalapeno \u010dilli. Piem\u0113rots lieto\u0161anai gandr\u012bz jebkuram \u0113dienam, s\u0101kot ar omleti un beidzot ar \u0100zijas \u0113dieniem. \u012asts <em>univers\u0101ls risin\u0101jums<\/em>.<br \/>\n[ywcwtl_form product_id=\"\"]<\/p>\n","protected":false},"featured_media":16243,"comment_status":"open","ping_status":"closed","template":"","meta":[],"product_cat":[924,916],"product_tag":[],"giftcard-category":[],"class_list":{"0":"post-19014","1":"product","2":"type-product","3":"status-publish","4":"has-post-thumbnail","6":"product_cat-maigs","7":"product_cat-merces","8":"pa_brand-rascal-tastebuddies","10":"first","11":"outofstock","12":"taxable","13":"shipping-taxable","14":"purchasable","15":"product-type-simple"},"yoast_head":"<!-- This site is optimized with the Yoast SEO plugin v27.4 - https:\/\/yoast.com\/product\/yoast-seo-wordpress\/ -->\n<title>Classic Chilli Sauce - Hotta<\/title>\n<meta name=\"description\" content=\"Rascal Tastebuddies ir jaunpien\u0101c\u0113js no Be\u013c\u0123ijas. Classic Chilli ir maig\u0101ka m\u0113rce, ta\u010du ar aizraujo\u0161u tekst\u016bru un izteiktu gar\u0161u. Tiek izmantoti \u0137iploki, jap\u0101\u0146u miso un jalapeno \u010dilli. Piem\u0113rots lieto\u0161anai gandr\u012bz jebkuram \u0113dienam, s\u0101kot ar omleti un beidzot ar \u0100zijas \u0113dieniem. \u012asts univers\u0101ls risin\u0101jums.\" \/>\n<meta name=\"robots\" content=\"index, follow, max-snippet:-1, max-image-preview:large, max-video-preview:-1\" \/>\n<link rel=\"canonical\" href=\"https:\/\/hotta.eu\/lv\/shop\/klasiska-cilli-merce\/\" \/>\n<meta property=\"og:locale\" content=\"lv_LV\" \/>\n<meta property=\"og:type\" content=\"article\" \/>\n<meta property=\"og:title\" content=\"Classic Chilli Sauce - Hotta\" \/>\n<meta property=\"og:description\" content=\"Rascal Tastebuddies ir jaunpien\u0101c\u0113js no Be\u013c\u0123ijas. Classic Chilli ir maig\u0101ka m\u0113rce, ta\u010du ar aizraujo\u0161u tekst\u016bru un izteiktu gar\u0161u. Tiek izmantoti \u0137iploki, jap\u0101\u0146u miso un jalapeno \u010dilli. Piem\u0113rots lieto\u0161anai gandr\u012bz jebkuram \u0113dienam, s\u0101kot ar omleti un beidzot ar \u0100zijas \u0113dieniem. \u012asts univers\u0101ls risin\u0101jums.\" \/>\n<meta property=\"og:url\" content=\"https:\/\/hotta.eu\/lv\/shop\/klasiska-cilli-merce\/\" \/>\n<meta property=\"og:site_name\" content=\"Hotta\" \/>\n<meta property=\"article:publisher\" content=\"https:\/\/www.facebook.com\/hotta.eu\" \/>\n<meta property=\"article:modified_time\" content=\"2024-12-27T10:41:40+00:00\" \/>\n<meta property=\"og:image\" content=\"https:\/\/hotta.eu\/wp-content\/uploads\/2024\/03\/rascal-3.jpg\" \/>\n\t<meta property=\"og:image:width\" content=\"2000\" \/>\n\t<meta property=\"og:image:height\" content=\"2000\" \/>\n\t<meta property=\"og:image:type\" content=\"image\/jpeg\" \/>\n<meta name=\"twitter:card\" content=\"summary_large_image\" \/>\n<meta name=\"twitter:site\" content=\"@hottashop\" \/>\n<script type=\"application\/ld+json\" class=\"yoast-schema-graph\">{\"@context\":\"https:\\\/\\\/schema.org\",\"@graph\":[{\"@type\":\"WebPage\",\"@id\":\"https:\\\/\\\/hotta.eu\\\/lv\\\/shop\\\/klasiska-cilli-merce\\\/\",\"url\":\"https:\\\/\\\/hotta.eu\\\/lv\\\/shop\\\/klasiska-cilli-merce\\\/\",\"name\":\"Classic Chilli Sauce - Hotta\",\"isPartOf\":{\"@id\":\"https:\\\/\\\/hotta.eu\\\/lv\\\/#website\"},\"primaryImageOfPage\":{\"@id\":\"https:\\\/\\\/hotta.eu\\\/lv\\\/shop\\\/klasiska-cilli-merce\\\/#primaryimage\"},\"image\":{\"@id\":\"https:\\\/\\\/hotta.eu\\\/lv\\\/shop\\\/klasiska-cilli-merce\\\/#primaryimage\"},\"thumbnailUrl\":\"https:\\\/\\\/hotta.eu\\\/wp-content\\\/uploads\\\/2024\\\/03\\\/rascal-3.jpg\",\"datePublished\":\"2021-06-04T23:36:07+00:00\",\"dateModified\":\"2024-12-27T10:41:40+00:00\",\"description\":\"Rascal Tastebuddies ir jaunpien\u0101c\u0113js no Be\u013c\u0123ijas. Classic Chilli ir maig\u0101ka m\u0113rce, ta\u010du ar aizraujo\u0161u tekst\u016bru un izteiktu gar\u0161u. Tiek izmantoti \u0137iploki, jap\u0101\u0146u miso un jalapeno \u010dilli. Piem\u0113rots lieto\u0161anai gandr\u012bz jebkuram \u0113dienam, s\u0101kot ar omleti un beidzot ar \u0100zijas \u0113dieniem. \u012asts univers\u0101ls risin\u0101jums.\",\"breadcrumb\":{\"@id\":\"https:\\\/\\\/hotta.eu\\\/lv\\\/shop\\\/klasiska-cilli-merce\\\/#breadcrumb\"},\"inLanguage\":\"lv-LV\",\"potentialAction\":[{\"@type\":\"ReadAction\",\"target\":[\"https:\\\/\\\/hotta.eu\\\/lv\\\/shop\\\/klasiska-cilli-merce\\\/\"]}]},{\"@type\":\"ImageObject\",\"inLanguage\":\"lv-LV\",\"@id\":\"https:\\\/\\\/hotta.eu\\\/lv\\\/shop\\\/klasiska-cilli-merce\\\/#primaryimage\",\"url\":\"https:\\\/\\\/hotta.eu\\\/wp-content\\\/uploads\\\/2024\\\/03\\\/rascal-3.jpg\",\"contentUrl\":\"https:\\\/\\\/hotta.eu\\\/wp-content\\\/uploads\\\/2024\\\/03\\\/rascal-3.jpg\",\"width\":2000,\"height\":2000},{\"@type\":\"BreadcrumbList\",\"@id\":\"https:\\\/\\\/hotta.eu\\\/lv\\\/shop\\\/klasiska-cilli-merce\\\/#breadcrumb\",\"itemListElement\":[{\"@type\":\"ListItem\",\"position\":1,\"name\":\"S\u0101kums\",\"item\":\"https:\\\/\\\/hotta.eu\\\/lv\\\/sakumlapa\\\/\"},{\"@type\":\"ListItem\",\"position\":2,\"name\":\"Veikals\",\"item\":\"https:\\\/\\\/hotta.eu\\\/lv\\\/shop\\\/\"},{\"@type\":\"ListItem\",\"position\":3,\"name\":\"Classic Chilli Sauce\"}]},{\"@type\":\"WebSite\",\"@id\":\"https:\\\/\\\/hotta.eu\\\/lv\\\/#website\",\"url\":\"https:\\\/\\\/hotta.eu\\\/lv\\\/\",\"name\":\"Hotta\",\"description\":\"Makes your mouth burn a lotta!\",\"publisher\":{\"@id\":\"https:\\\/\\\/hotta.eu\\\/lv\\\/#organization\"},\"potentialAction\":[{\"@type\":\"SearchAction\",\"target\":{\"@type\":\"EntryPoint\",\"urlTemplate\":\"https:\\\/\\\/hotta.eu\\\/lv\\\/?s={search_term_string}\"},\"query-input\":{\"@type\":\"PropertyValueSpecification\",\"valueRequired\":true,\"valueName\":\"search_term_string\"}}],\"inLanguage\":\"lv-LV\"},{\"@type\":\"Organization\",\"@id\":\"https:\\\/\\\/hotta.eu\\\/lv\\\/#organization\",\"name\":\"Hotta\",\"url\":\"https:\\\/\\\/hotta.eu\\\/lv\\\/\",\"logo\":{\"@type\":\"ImageObject\",\"inLanguage\":\"lv-LV\",\"@id\":\"https:\\\/\\\/hotta.eu\\\/lv\\\/#\\\/schema\\\/logo\\\/image\\\/\",\"url\":\"https:\\\/\\\/hotta.eu\\\/wp-content\\\/uploads\\\/2025\\\/04\\\/hotta-logo-invoice.png\",\"contentUrl\":\"https:\\\/\\\/hotta.eu\\\/wp-content\\\/uploads\\\/2025\\\/04\\\/hotta-logo-invoice.png\",\"width\":600,\"height\":411,\"caption\":\"Hotta\"},\"image\":{\"@id\":\"https:\\\/\\\/hotta.eu\\\/lv\\\/#\\\/schema\\\/logo\\\/image\\\/\"},\"sameAs\":[\"https:\\\/\\\/www.facebook.com\\\/hotta.eu\",\"https:\\\/\\\/x.com\\\/hottashop\",\"https:\\\/\\\/www.instagram.com\\\/hotta.shop\"]}]}<\/script>\n<!-- \/ Yoast SEO plugin. -->","yoast_head_json":{"title":"Classic Chilli Sauce - Hotta","description":"Rascal Tastebuddies ir jaunpien\u0101c\u0113js no Be\u013c\u0123ijas. Classic Chilli ir maig\u0101ka m\u0113rce, ta\u010du ar aizraujo\u0161u tekst\u016bru un izteiktu gar\u0161u. Tiek izmantoti \u0137iploki, jap\u0101\u0146u miso un jalapeno \u010dilli. Piem\u0113rots lieto\u0161anai gandr\u012bz jebkuram \u0113dienam, s\u0101kot ar omleti un beidzot ar \u0100zijas \u0113dieniem. \u012asts univers\u0101ls risin\u0101jums.","robots":{"index":"index","follow":"follow","max-snippet":"max-snippet:-1","max-image-preview":"max-image-preview:large","max-video-preview":"max-video-preview:-1"},"canonical":"https:\/\/hotta.eu\/lv\/shop\/klasiska-cilli-merce\/","og_locale":"lv_LV","og_type":"article","og_title":"Classic Chilli Sauce - Hotta","og_description":"Rascal Tastebuddies ir jaunpien\u0101c\u0113js no Be\u013c\u0123ijas. Classic Chilli ir maig\u0101ka m\u0113rce, ta\u010du ar aizraujo\u0161u tekst\u016bru un izteiktu gar\u0161u. Tiek izmantoti \u0137iploki, jap\u0101\u0146u miso un jalapeno \u010dilli. Piem\u0113rots lieto\u0161anai gandr\u012bz jebkuram \u0113dienam, s\u0101kot ar omleti un beidzot ar \u0100zijas \u0113dieniem. \u012asts univers\u0101ls risin\u0101jums.","og_url":"https:\/\/hotta.eu\/lv\/shop\/klasiska-cilli-merce\/","og_site_name":"Hotta","article_publisher":"https:\/\/www.facebook.com\/hotta.eu","article_modified_time":"2024-12-27T10:41:40+00:00","og_image":[{"width":2000,"height":2000,"url":"https:\/\/hotta.eu\/wp-content\/uploads\/2024\/03\/rascal-3.jpg","type":"image\/jpeg"}],"twitter_card":"summary_large_image","twitter_site":"@hottashop","schema":{"@context":"https:\/\/schema.org","@graph":[{"@type":"WebPage","@id":"https:\/\/hotta.eu\/lv\/shop\/klasiska-cilli-merce\/","url":"https:\/\/hotta.eu\/lv\/shop\/klasiska-cilli-merce\/","name":"Classic Chilli Sauce - Hotta","isPartOf":{"@id":"https:\/\/hotta.eu\/lv\/#website"},"primaryImageOfPage":{"@id":"https:\/\/hotta.eu\/lv\/shop\/klasiska-cilli-merce\/#primaryimage"},"image":{"@id":"https:\/\/hotta.eu\/lv\/shop\/klasiska-cilli-merce\/#primaryimage"},"thumbnailUrl":"https:\/\/hotta.eu\/wp-content\/uploads\/2024\/03\/rascal-3.jpg","datePublished":"2021-06-04T23:36:07+00:00","dateModified":"2024-12-27T10:41:40+00:00","description":"Rascal Tastebuddies ir jaunpien\u0101c\u0113js no Be\u013c\u0123ijas. Classic Chilli ir maig\u0101ka m\u0113rce, ta\u010du ar aizraujo\u0161u tekst\u016bru un izteiktu gar\u0161u. Tiek izmantoti \u0137iploki, jap\u0101\u0146u miso un jalapeno \u010dilli. Piem\u0113rots lieto\u0161anai gandr\u012bz jebkuram \u0113dienam, s\u0101kot ar omleti un beidzot ar \u0100zijas \u0113dieniem. \u012asts univers\u0101ls risin\u0101jums.","breadcrumb":{"@id":"https:\/\/hotta.eu\/lv\/shop\/klasiska-cilli-merce\/#breadcrumb"},"inLanguage":"lv-LV","potentialAction":[{"@type":"ReadAction","target":["https:\/\/hotta.eu\/lv\/shop\/klasiska-cilli-merce\/"]}]},{"@type":"ImageObject","inLanguage":"lv-LV","@id":"https:\/\/hotta.eu\/lv\/shop\/klasiska-cilli-merce\/#primaryimage","url":"https:\/\/hotta.eu\/wp-content\/uploads\/2024\/03\/rascal-3.jpg","contentUrl":"https:\/\/hotta.eu\/wp-content\/uploads\/2024\/03\/rascal-3.jpg","width":2000,"height":2000},{"@type":"BreadcrumbList","@id":"https:\/\/hotta.eu\/lv\/shop\/klasiska-cilli-merce\/#breadcrumb","itemListElement":[{"@type":"ListItem","position":1,"name":"S\u0101kums","item":"https:\/\/hotta.eu\/lv\/sakumlapa\/"},{"@type":"ListItem","position":2,"name":"Veikals","item":"https:\/\/hotta.eu\/lv\/shop\/"},{"@type":"ListItem","position":3,"name":"Classic Chilli Sauce"}]},{"@type":"WebSite","@id":"https:\/\/hotta.eu\/lv\/#website","url":"https:\/\/hotta.eu\/lv\/","name":"Hotta","description":"Makes your mouth burn a lotta!","publisher":{"@id":"https:\/\/hotta.eu\/lv\/#organization"},"potentialAction":[{"@type":"SearchAction","target":{"@type":"EntryPoint","urlTemplate":"https:\/\/hotta.eu\/lv\/?s={search_term_string}"},"query-input":{"@type":"PropertyValueSpecification","valueRequired":true,"valueName":"search_term_string"}}],"inLanguage":"lv-LV"},{"@type":"Organization","@id":"https:\/\/hotta.eu\/lv\/#organization","name":"Hotta","url":"https:\/\/hotta.eu\/lv\/","logo":{"@type":"ImageObject","inLanguage":"lv-LV","@id":"https:\/\/hotta.eu\/lv\/#\/schema\/logo\/image\/","url":"https:\/\/hotta.eu\/wp-content\/uploads\/2025\/04\/hotta-logo-invoice.png","contentUrl":"https:\/\/hotta.eu\/wp-content\/uploads\/2025\/04\/hotta-logo-invoice.png","width":600,"height":411,"caption":"Hotta"},"image":{"@id":"https:\/\/hotta.eu\/lv\/#\/schema\/logo\/image\/"},"sameAs":["https:\/\/www.facebook.com\/hotta.eu","https:\/\/x.com\/hottashop","https:\/\/www.instagram.com\/hotta.shop"]}]}},"jetpack_sharing_enabled":true,"_links":{"self":[{"href":"https:\/\/hotta.eu\/lv\/wp-json\/wp\/v2\/product\/19014","targetHints":{"allow":["GET"]}}],"collection":[{"href":"https:\/\/hotta.eu\/lv\/wp-json\/wp\/v2\/product"}],"about":[{"href":"https:\/\/hotta.eu\/lv\/wp-json\/wp\/v2\/types\/product"}],"replies":[{"embeddable":true,"href":"https:\/\/hotta.eu\/lv\/wp-json\/wp\/v2\/comments?post=19014"}],"wp:featuredmedia":[{"embeddable":true,"href":"https:\/\/hotta.eu\/lv\/wp-json\/wp\/v2\/media\/16243"}],"wp:attachment":[{"href":"https:\/\/hotta.eu\/lv\/wp-json\/wp\/v2\/media?parent=19014"}],"wp:term":[{"taxonomy":"product_cat","embeddable":true,"href":"https:\/\/hotta.eu\/lv\/wp-json\/wp\/v2\/product_cat?post=19014"},{"taxonomy":"product_tag","embeddable":true,"href":"https:\/\/hotta.eu\/lv\/wp-json\/wp\/v2\/product_tag?post=19014"},{"taxonomy":"giftcard-category","embeddable":true,"href":"https:\/\/hotta.eu\/lv\/wp-json\/wp\/v2\/giftcard-category?post=19014"}],"curies":[{"name":"wp","href":"https:\/\/api.w.org\/{rel}","templated":true}]}}