{"id":19016,"date":"2021-07-02T22:12:59","date_gmt":"2021-07-02T20:12:59","guid":{"rendered":"https:\/\/hotta.eu\/shop\/pikants-kecups\/"},"modified":"2024-12-27T12:41:38","modified_gmt":"2024-12-27T10:41:38","slug":"pikants-kecups","status":"publish","type":"product","link":"https:\/\/hotta.eu\/lv\/shop\/pikants-kecups\/","title":{"rendered":"Spicy Ketchup"},"content":{"rendered":"<p><strong>Sast\u0101vda\u013cas<br \/>\n<\/strong>Tom\u0101ti, tom\u0101tu koncentr\u0101ts, glikozes un fruktozes s\u012brups, eti\u0137sk\u0101be, cukurs, ESPICY (sarkan\u0101 jalape\u00f1o, burk\u0101ni, cukurs, apels\u012bns, \u0137iploki, eti\u0137sk\u0101be), stabilizators (E-440i), aromatiz\u0113t\u0101ji, konservanti (E-211, E202).<\/p>\n<div class=\"tableheader\"><strong>Uzturv\u0113rt\u012bba (100 g)<\/strong><\/div>\n<div>Ener\u0123ija 473 kcal (1946 kJ), tauki 49,5 g, no tiem pies\u0101tin\u0101t\u0101s tauksk\u0101bes 3,4 g, og\u013chidr\u0101ti 5,8 g, no tiem cukuri 2,6 g, s\u0101ls 1,7 g. P\u0101rtikas \u0161\u0137iedrvielas.<\/div>\n<p><strong>Der\u012bgums un glab\u0101\u0161ana<\/strong><br \/>\nDer\u012bguma termi\u0146\u0161 uz pudel\u012btes attiecas uz neatv\u0113rtiem produktiem. Atv\u0113rtu produktu j\u0101uzglab\u0101 ledusskap\u012b.<\/p>\n","protected":false},"excerpt":{"rendered":"<p>\u012apa\u0161\u0101s ESPICY m\u0113rces ir p\u0101rdo\u0161an\u0101 &#8211; tie\u0161i no Sp\u0101nijas! Ide\u0101ls gar\u0161vielu piesk\u0101riens ar nep\u0101rsp\u0113jamu ke\u010dupa gar\u0161u. Kas ir lab\u0101ks par ke\u010dupu? PIKANTS KE\u010cUPS! T\u0101 ir lab\u0101ka par m\u0113rci, t\u0101 ir slepen\u0101 sast\u0101vda\u013ca, kuras tr\u016bka visos j\u016bsu \u0113dienos! Izm\u0113\u0123iniet to ar kartupe\u013ciem, hamburgeriem, hotdogiem, ga\u013cu, garnel\u0113m, sviestmaiz\u0113m, ol\u0101m un daudziem citiem \u0113dieniem!<br \/>\n[ywcwtl_form product_id=\"\"]<\/p>\n","protected":false},"featured_media":16255,"comment_status":"open","ping_status":"closed","template":"","meta":[],"product_cat":[924,916],"product_tag":[],"giftcard-category":[],"class_list":{"0":"post-19016","1":"product","2":"type-product","3":"status-publish","4":"has-post-thumbnail","6":"product_cat-maigs","7":"product_cat-merces","8":"pa_brand-espicy","10":"first","11":"outofstock","12":"taxable","13":"shipping-taxable","14":"purchasable","15":"product-type-simple"},"yoast_head":"<!-- This site is optimized with the Yoast SEO plugin v27.3 - https:\/\/yoast.com\/product\/yoast-seo-wordpress\/ -->\n<title>Spicy Ketchup - Hotta<\/title>\n<meta name=\"description\" content=\"Igaunij\u0101 ir ieradu\u0161\u0101s \u012bpa\u0161\u0101s ESPICY m\u0113rces - tie\u0161i no Sp\u0101nijas. Ja jums pat\u012bk pikanti, noteikti nenokav\u0113siet ESPICY m\u0113rci, kas pagatavota no \u012bstiem sarkanajiem jalape\u00f1os.\" \/>\n<meta name=\"robots\" content=\"index, follow, max-snippet:-1, max-image-preview:large, max-video-preview:-1\" \/>\n<link rel=\"canonical\" href=\"https:\/\/hotta.eu\/lv\/shop\/pikants-kecups\/\" \/>\n<meta property=\"og:locale\" content=\"lv_LV\" \/>\n<meta property=\"og:type\" content=\"article\" \/>\n<meta property=\"og:title\" content=\"Spicy Ketchup - Hotta\" \/>\n<meta property=\"og:description\" content=\"Igaunij\u0101 ir ieradu\u0161\u0101s \u012bpa\u0161\u0101s ESPICY m\u0113rces - tie\u0161i no Sp\u0101nijas. Ja jums pat\u012bk pikanti, noteikti nenokav\u0113siet ESPICY m\u0113rci, kas pagatavota no \u012bstiem sarkanajiem jalape\u00f1os.\" \/>\n<meta property=\"og:url\" content=\"https:\/\/hotta.eu\/lv\/shop\/pikants-kecups\/\" \/>\n<meta property=\"og:site_name\" content=\"Hotta\" \/>\n<meta property=\"article:publisher\" content=\"https:\/\/www.facebook.com\/hotta.eu\" \/>\n<meta property=\"article:modified_time\" content=\"2024-12-27T10:41:38+00:00\" \/>\n<meta property=\"og:image\" content=\"https:\/\/hotta.eu\/wp-content\/uploads\/2024\/03\/big_ketchup_shopify_square_front_720x.png\" \/>\n\t<meta property=\"og:image:width\" content=\"720\" \/>\n\t<meta property=\"og:image:height\" content=\"720\" \/>\n\t<meta property=\"og:image:type\" content=\"image\/png\" \/>\n<meta name=\"twitter:card\" content=\"summary_large_image\" \/>\n<meta name=\"twitter:site\" content=\"@hottashop\" \/>\n<script type=\"application\/ld+json\" class=\"yoast-schema-graph\">{\"@context\":\"https:\\\/\\\/schema.org\",\"@graph\":[{\"@type\":\"WebPage\",\"@id\":\"https:\\\/\\\/hotta.eu\\\/lv\\\/shop\\\/pikants-kecups\\\/\",\"url\":\"https:\\\/\\\/hotta.eu\\\/lv\\\/shop\\\/pikants-kecups\\\/\",\"name\":\"Spicy Ketchup - Hotta\",\"isPartOf\":{\"@id\":\"https:\\\/\\\/hotta.eu\\\/lv\\\/#website\"},\"primaryImageOfPage\":{\"@id\":\"https:\\\/\\\/hotta.eu\\\/lv\\\/shop\\\/pikants-kecups\\\/#primaryimage\"},\"image\":{\"@id\":\"https:\\\/\\\/hotta.eu\\\/lv\\\/shop\\\/pikants-kecups\\\/#primaryimage\"},\"thumbnailUrl\":\"https:\\\/\\\/hotta.eu\\\/wp-content\\\/uploads\\\/2024\\\/03\\\/big_ketchup_shopify_square_front_720x.png\",\"datePublished\":\"2021-07-02T20:12:59+00:00\",\"dateModified\":\"2024-12-27T10:41:38+00:00\",\"description\":\"Igaunij\u0101 ir ieradu\u0161\u0101s \u012bpa\u0161\u0101s ESPICY m\u0113rces - tie\u0161i no Sp\u0101nijas. Ja jums pat\u012bk pikanti, noteikti nenokav\u0113siet ESPICY m\u0113rci, kas pagatavota no \u012bstiem sarkanajiem jalape\u00f1os.\",\"breadcrumb\":{\"@id\":\"https:\\\/\\\/hotta.eu\\\/lv\\\/shop\\\/pikants-kecups\\\/#breadcrumb\"},\"inLanguage\":\"lv-LV\",\"potentialAction\":[{\"@type\":\"ReadAction\",\"target\":[\"https:\\\/\\\/hotta.eu\\\/lv\\\/shop\\\/pikants-kecups\\\/\"]}]},{\"@type\":\"ImageObject\",\"inLanguage\":\"lv-LV\",\"@id\":\"https:\\\/\\\/hotta.eu\\\/lv\\\/shop\\\/pikants-kecups\\\/#primaryimage\",\"url\":\"https:\\\/\\\/hotta.eu\\\/wp-content\\\/uploads\\\/2024\\\/03\\\/big_ketchup_shopify_square_front_720x.png\",\"contentUrl\":\"https:\\\/\\\/hotta.eu\\\/wp-content\\\/uploads\\\/2024\\\/03\\\/big_ketchup_shopify_square_front_720x.png\",\"width\":720,\"height\":720},{\"@type\":\"BreadcrumbList\",\"@id\":\"https:\\\/\\\/hotta.eu\\\/lv\\\/shop\\\/pikants-kecups\\\/#breadcrumb\",\"itemListElement\":[{\"@type\":\"ListItem\",\"position\":1,\"name\":\"S\u0101kums\",\"item\":\"https:\\\/\\\/hotta.eu\\\/lv\\\/sakumlapa\\\/\"},{\"@type\":\"ListItem\",\"position\":2,\"name\":\"Veikals\",\"item\":\"https:\\\/\\\/hotta.eu\\\/lv\\\/shop\\\/\"},{\"@type\":\"ListItem\",\"position\":3,\"name\":\"Spicy Ketchup\"}]},{\"@type\":\"WebSite\",\"@id\":\"https:\\\/\\\/hotta.eu\\\/lv\\\/#website\",\"url\":\"https:\\\/\\\/hotta.eu\\\/lv\\\/\",\"name\":\"Hotta\",\"description\":\"Makes your mouth burn a lotta!\",\"publisher\":{\"@id\":\"https:\\\/\\\/hotta.eu\\\/lv\\\/#organization\"},\"potentialAction\":[{\"@type\":\"SearchAction\",\"target\":{\"@type\":\"EntryPoint\",\"urlTemplate\":\"https:\\\/\\\/hotta.eu\\\/lv\\\/?s={search_term_string}\"},\"query-input\":{\"@type\":\"PropertyValueSpecification\",\"valueRequired\":true,\"valueName\":\"search_term_string\"}}],\"inLanguage\":\"lv-LV\"},{\"@type\":\"Organization\",\"@id\":\"https:\\\/\\\/hotta.eu\\\/lv\\\/#organization\",\"name\":\"Hotta\",\"url\":\"https:\\\/\\\/hotta.eu\\\/lv\\\/\",\"logo\":{\"@type\":\"ImageObject\",\"inLanguage\":\"lv-LV\",\"@id\":\"https:\\\/\\\/hotta.eu\\\/lv\\\/#\\\/schema\\\/logo\\\/image\\\/\",\"url\":\"https:\\\/\\\/hotta.eu\\\/wp-content\\\/uploads\\\/2025\\\/04\\\/hotta-logo-invoice.png\",\"contentUrl\":\"https:\\\/\\\/hotta.eu\\\/wp-content\\\/uploads\\\/2025\\\/04\\\/hotta-logo-invoice.png\",\"width\":600,\"height\":411,\"caption\":\"Hotta\"},\"image\":{\"@id\":\"https:\\\/\\\/hotta.eu\\\/lv\\\/#\\\/schema\\\/logo\\\/image\\\/\"},\"sameAs\":[\"https:\\\/\\\/www.facebook.com\\\/hotta.eu\",\"https:\\\/\\\/x.com\\\/hottashop\",\"https:\\\/\\\/www.instagram.com\\\/hotta.shop\"]}]}<\/script>\n<!-- \/ Yoast SEO plugin. -->","yoast_head_json":{"title":"Spicy Ketchup - Hotta","description":"Igaunij\u0101 ir ieradu\u0161\u0101s \u012bpa\u0161\u0101s ESPICY m\u0113rces - tie\u0161i no Sp\u0101nijas. Ja jums pat\u012bk pikanti, noteikti nenokav\u0113siet ESPICY m\u0113rci, kas pagatavota no \u012bstiem sarkanajiem jalape\u00f1os.","robots":{"index":"index","follow":"follow","max-snippet":"max-snippet:-1","max-image-preview":"max-image-preview:large","max-video-preview":"max-video-preview:-1"},"canonical":"https:\/\/hotta.eu\/lv\/shop\/pikants-kecups\/","og_locale":"lv_LV","og_type":"article","og_title":"Spicy Ketchup - Hotta","og_description":"Igaunij\u0101 ir ieradu\u0161\u0101s \u012bpa\u0161\u0101s ESPICY m\u0113rces - tie\u0161i no Sp\u0101nijas. Ja jums pat\u012bk pikanti, noteikti nenokav\u0113siet ESPICY m\u0113rci, kas pagatavota no \u012bstiem sarkanajiem jalape\u00f1os.","og_url":"https:\/\/hotta.eu\/lv\/shop\/pikants-kecups\/","og_site_name":"Hotta","article_publisher":"https:\/\/www.facebook.com\/hotta.eu","article_modified_time":"2024-12-27T10:41:38+00:00","og_image":[{"width":720,"height":720,"url":"https:\/\/hotta.eu\/wp-content\/uploads\/2024\/03\/big_ketchup_shopify_square_front_720x.png","type":"image\/png"}],"twitter_card":"summary_large_image","twitter_site":"@hottashop","schema":{"@context":"https:\/\/schema.org","@graph":[{"@type":"WebPage","@id":"https:\/\/hotta.eu\/lv\/shop\/pikants-kecups\/","url":"https:\/\/hotta.eu\/lv\/shop\/pikants-kecups\/","name":"Spicy Ketchup - Hotta","isPartOf":{"@id":"https:\/\/hotta.eu\/lv\/#website"},"primaryImageOfPage":{"@id":"https:\/\/hotta.eu\/lv\/shop\/pikants-kecups\/#primaryimage"},"image":{"@id":"https:\/\/hotta.eu\/lv\/shop\/pikants-kecups\/#primaryimage"},"thumbnailUrl":"https:\/\/hotta.eu\/wp-content\/uploads\/2024\/03\/big_ketchup_shopify_square_front_720x.png","datePublished":"2021-07-02T20:12:59+00:00","dateModified":"2024-12-27T10:41:38+00:00","description":"Igaunij\u0101 ir ieradu\u0161\u0101s \u012bpa\u0161\u0101s ESPICY m\u0113rces - tie\u0161i no Sp\u0101nijas. Ja jums pat\u012bk pikanti, noteikti nenokav\u0113siet ESPICY m\u0113rci, kas pagatavota no \u012bstiem sarkanajiem jalape\u00f1os.","breadcrumb":{"@id":"https:\/\/hotta.eu\/lv\/shop\/pikants-kecups\/#breadcrumb"},"inLanguage":"lv-LV","potentialAction":[{"@type":"ReadAction","target":["https:\/\/hotta.eu\/lv\/shop\/pikants-kecups\/"]}]},{"@type":"ImageObject","inLanguage":"lv-LV","@id":"https:\/\/hotta.eu\/lv\/shop\/pikants-kecups\/#primaryimage","url":"https:\/\/hotta.eu\/wp-content\/uploads\/2024\/03\/big_ketchup_shopify_square_front_720x.png","contentUrl":"https:\/\/hotta.eu\/wp-content\/uploads\/2024\/03\/big_ketchup_shopify_square_front_720x.png","width":720,"height":720},{"@type":"BreadcrumbList","@id":"https:\/\/hotta.eu\/lv\/shop\/pikants-kecups\/#breadcrumb","itemListElement":[{"@type":"ListItem","position":1,"name":"S\u0101kums","item":"https:\/\/hotta.eu\/lv\/sakumlapa\/"},{"@type":"ListItem","position":2,"name":"Veikals","item":"https:\/\/hotta.eu\/lv\/shop\/"},{"@type":"ListItem","position":3,"name":"Spicy Ketchup"}]},{"@type":"WebSite","@id":"https:\/\/hotta.eu\/lv\/#website","url":"https:\/\/hotta.eu\/lv\/","name":"Hotta","description":"Makes your mouth burn a lotta!","publisher":{"@id":"https:\/\/hotta.eu\/lv\/#organization"},"potentialAction":[{"@type":"SearchAction","target":{"@type":"EntryPoint","urlTemplate":"https:\/\/hotta.eu\/lv\/?s={search_term_string}"},"query-input":{"@type":"PropertyValueSpecification","valueRequired":true,"valueName":"search_term_string"}}],"inLanguage":"lv-LV"},{"@type":"Organization","@id":"https:\/\/hotta.eu\/lv\/#organization","name":"Hotta","url":"https:\/\/hotta.eu\/lv\/","logo":{"@type":"ImageObject","inLanguage":"lv-LV","@id":"https:\/\/hotta.eu\/lv\/#\/schema\/logo\/image\/","url":"https:\/\/hotta.eu\/wp-content\/uploads\/2025\/04\/hotta-logo-invoice.png","contentUrl":"https:\/\/hotta.eu\/wp-content\/uploads\/2025\/04\/hotta-logo-invoice.png","width":600,"height":411,"caption":"Hotta"},"image":{"@id":"https:\/\/hotta.eu\/lv\/#\/schema\/logo\/image\/"},"sameAs":["https:\/\/www.facebook.com\/hotta.eu","https:\/\/x.com\/hottashop","https:\/\/www.instagram.com\/hotta.shop"]}]}},"jetpack_sharing_enabled":true,"_links":{"self":[{"href":"https:\/\/hotta.eu\/lv\/wp-json\/wp\/v2\/product\/19016","targetHints":{"allow":["GET"]}}],"collection":[{"href":"https:\/\/hotta.eu\/lv\/wp-json\/wp\/v2\/product"}],"about":[{"href":"https:\/\/hotta.eu\/lv\/wp-json\/wp\/v2\/types\/product"}],"replies":[{"embeddable":true,"href":"https:\/\/hotta.eu\/lv\/wp-json\/wp\/v2\/comments?post=19016"}],"wp:featuredmedia":[{"embeddable":true,"href":"https:\/\/hotta.eu\/lv\/wp-json\/wp\/v2\/media\/16255"}],"wp:attachment":[{"href":"https:\/\/hotta.eu\/lv\/wp-json\/wp\/v2\/media?parent=19016"}],"wp:term":[{"taxonomy":"product_cat","embeddable":true,"href":"https:\/\/hotta.eu\/lv\/wp-json\/wp\/v2\/product_cat?post=19016"},{"taxonomy":"product_tag","embeddable":true,"href":"https:\/\/hotta.eu\/lv\/wp-json\/wp\/v2\/product_tag?post=19016"},{"taxonomy":"giftcard-category","embeddable":true,"href":"https:\/\/hotta.eu\/lv\/wp-json\/wp\/v2\/giftcard-category?post=19016"}],"curies":[{"name":"wp","href":"https:\/\/api.w.org\/{rel}","templated":true}]}}