{"id":19019,"date":"2021-06-29T18:12:46","date_gmt":"2021-06-29T16:12:46","guid":{"rendered":"https:\/\/hotta.eu\/shop\/espicy-karsta-merce\/"},"modified":"2024-12-27T12:41:39","modified_gmt":"2024-12-27T10:41:39","slug":"espicy-karsta-merce","status":"publish","type":"product","link":"https:\/\/hotta.eu\/lv\/shop\/espicy-karsta-merce\/","title":{"rendered":"ESPICY Hot Sauce"},"content":{"rendered":"<p><strong>Sast\u0101vs<br \/>\n<\/strong>Jalape\u00f1o, burk\u0101ni, cukurs, apels\u012bns, \u0137iploki, eti\u0137sk\u0101be.<\/p>\n<div class=\"tableheader\"><strong>Uzturv\u0113rt\u012bba (100 g)<\/strong><\/div>\n<div>Ener\u0123ija 70 kcal (295 kJ), tauki 1,1 g, no tiem pies\u0101tin\u0101t\u0101s tauksk\u0101bes 0,2 g, og\u013chidr\u0101ti 12,1 g, no tiem cukuri 11,9 g, s\u0101ls 4,7 g.<\/div>\n<p><strong>Der\u012bgums un glab\u0101\u0161ana<\/strong><br \/>\nDer\u012bguma termi\u0146\u0161 uz pudel\u012btes attiecas uz neatv\u0113rtiem produktiem. Atv\u0113rtu produktu j\u0101uzglab\u0101 ledusskap\u012b.<\/p>\n","protected":false},"excerpt":{"rendered":"<p>P\u0101rdo\u0161an\u0101 ir non\u0101ku\u0161as \u012bpa\u0161\u0101s ESPICY m\u0113rces &#8211; tie\u0161i no Sp\u0101nijas. Ja jums pat\u012bk pikanti, noteikti nenokav\u0113siet ESPICY m\u0113rci, kas pagatavota no \u012bstiem sarkanajiem jalape\u00f1os. ESPICY ir pirm\u0101 Sp\u0101nij\u0101 ra\u017eot\u0101 \u0161rira\u010das m\u0113rce! \u0160aj\u0101 slepenaj\u0101 recept\u0113 k\u0101 galven\u0101 sast\u0101vda\u013ca izmantota sarkan\u0101 jalape\u00f1o, kas nodro\u0161ina perfektu gar\u0161vielu piesk\u0101rienu katr\u0101 malt\u012bt\u0113, nemainot \u0113diena gar\u0161u.<\/p>\n<p>Izm\u0113\u0123iniet to ar r\u012bsiem, pajaroa, ziv\u012bm, zup\u0101m, ramen, poke, hamburgeriem, kartupe\u013ciem, vistas ga\u013cu, ga\u013cu, bao bulci\u0146\u0101m, ribi\u0146\u0101m, garnel\u0113m, tacos, b\u0101rbekj\u016b, nachos, ol\u0101m, vistas sp\u0101rni\u0146iem, ceviche vai jebko, ko j\u016bsu fant\u0101zija at\u013cauj!<br \/>\n[ywcwtl_form product_id=\"\"]<\/p>\n","protected":false},"featured_media":16247,"comment_status":"open","ping_status":"closed","template":"","meta":[],"product_cat":[916,922],"product_tag":[],"giftcard-category":[],"class_list":{"0":"post-19019","1":"product","2":"type-product","3":"status-publish","4":"has-post-thumbnail","6":"product_cat-merces","7":"product_cat-videjs","8":"pa_brand-espicy","10":"first","11":"outofstock","12":"taxable","13":"shipping-taxable","14":"purchasable","15":"product-type-simple"},"yoast_head":"<!-- This site is optimized with the Yoast SEO plugin v27.3 - https:\/\/yoast.com\/product\/yoast-seo-wordpress\/ -->\n<title>ESPICY Hot Sauce - Hotta<\/title>\n<meta name=\"description\" content=\"Igaunij\u0101 ir ieradu\u0161\u0101s \u012bpa\u0161\u0101s ESPICY m\u0113rces - tie\u0161i no Sp\u0101nijas. Ja jums pat\u012bk pikanti, noteikti nenokav\u0113siet ESPICY m\u0113rci, kas pagatavota no \u012bstiem sarkanajiem jalape\u00f1os.\" \/>\n<meta name=\"robots\" content=\"index, follow, max-snippet:-1, max-image-preview:large, max-video-preview:-1\" \/>\n<link rel=\"canonical\" href=\"https:\/\/hotta.eu\/lv\/shop\/espicy-karsta-merce\/\" \/>\n<meta property=\"og:locale\" content=\"lv_LV\" \/>\n<meta property=\"og:type\" content=\"article\" \/>\n<meta property=\"og:title\" content=\"ESPICY Hot Sauce - Hotta\" \/>\n<meta property=\"og:description\" content=\"Igaunij\u0101 ir ieradu\u0161\u0101s \u012bpa\u0161\u0101s ESPICY m\u0113rces - tie\u0161i no Sp\u0101nijas. Ja jums pat\u012bk pikanti, noteikti nenokav\u0113siet ESPICY m\u0113rci, kas pagatavota no \u012bstiem sarkanajiem jalape\u00f1os.\" \/>\n<meta property=\"og:url\" content=\"https:\/\/hotta.eu\/lv\/shop\/espicy-karsta-merce\/\" \/>\n<meta property=\"og:site_name\" content=\"Hotta\" \/>\n<meta property=\"article:publisher\" content=\"https:\/\/www.facebook.com\/hotta.eu\" \/>\n<meta property=\"article:modified_time\" content=\"2024-12-27T10:41:39+00:00\" \/>\n<meta property=\"og:image\" content=\"https:\/\/hotta.eu\/wp-content\/uploads\/2024\/03\/big_espicy_shopify_square_front_720x.jpg\" \/>\n\t<meta property=\"og:image:width\" content=\"720\" \/>\n\t<meta property=\"og:image:height\" content=\"720\" \/>\n\t<meta property=\"og:image:type\" content=\"image\/jpeg\" \/>\n<meta name=\"twitter:card\" content=\"summary_large_image\" \/>\n<meta name=\"twitter:site\" content=\"@hottashop\" \/>\n<script type=\"application\/ld+json\" class=\"yoast-schema-graph\">{\"@context\":\"https:\\\/\\\/schema.org\",\"@graph\":[{\"@type\":\"WebPage\",\"@id\":\"https:\\\/\\\/hotta.eu\\\/lv\\\/shop\\\/espicy-karsta-merce\\\/\",\"url\":\"https:\\\/\\\/hotta.eu\\\/lv\\\/shop\\\/espicy-karsta-merce\\\/\",\"name\":\"ESPICY Hot Sauce - Hotta\",\"isPartOf\":{\"@id\":\"https:\\\/\\\/hotta.eu\\\/lv\\\/#website\"},\"primaryImageOfPage\":{\"@id\":\"https:\\\/\\\/hotta.eu\\\/lv\\\/shop\\\/espicy-karsta-merce\\\/#primaryimage\"},\"image\":{\"@id\":\"https:\\\/\\\/hotta.eu\\\/lv\\\/shop\\\/espicy-karsta-merce\\\/#primaryimage\"},\"thumbnailUrl\":\"https:\\\/\\\/hotta.eu\\\/wp-content\\\/uploads\\\/2024\\\/03\\\/big_espicy_shopify_square_front_720x.jpg\",\"datePublished\":\"2021-06-29T16:12:46+00:00\",\"dateModified\":\"2024-12-27T10:41:39+00:00\",\"description\":\"Igaunij\u0101 ir ieradu\u0161\u0101s \u012bpa\u0161\u0101s ESPICY m\u0113rces - tie\u0161i no Sp\u0101nijas. Ja jums pat\u012bk pikanti, noteikti nenokav\u0113siet ESPICY m\u0113rci, kas pagatavota no \u012bstiem sarkanajiem jalape\u00f1os.\",\"breadcrumb\":{\"@id\":\"https:\\\/\\\/hotta.eu\\\/lv\\\/shop\\\/espicy-karsta-merce\\\/#breadcrumb\"},\"inLanguage\":\"lv-LV\",\"potentialAction\":[{\"@type\":\"ReadAction\",\"target\":[\"https:\\\/\\\/hotta.eu\\\/lv\\\/shop\\\/espicy-karsta-merce\\\/\"]}]},{\"@type\":\"ImageObject\",\"inLanguage\":\"lv-LV\",\"@id\":\"https:\\\/\\\/hotta.eu\\\/lv\\\/shop\\\/espicy-karsta-merce\\\/#primaryimage\",\"url\":\"https:\\\/\\\/hotta.eu\\\/wp-content\\\/uploads\\\/2024\\\/03\\\/big_espicy_shopify_square_front_720x.jpg\",\"contentUrl\":\"https:\\\/\\\/hotta.eu\\\/wp-content\\\/uploads\\\/2024\\\/03\\\/big_espicy_shopify_square_front_720x.jpg\",\"width\":720,\"height\":720},{\"@type\":\"BreadcrumbList\",\"@id\":\"https:\\\/\\\/hotta.eu\\\/lv\\\/shop\\\/espicy-karsta-merce\\\/#breadcrumb\",\"itemListElement\":[{\"@type\":\"ListItem\",\"position\":1,\"name\":\"S\u0101kums\",\"item\":\"https:\\\/\\\/hotta.eu\\\/lv\\\/sakumlapa\\\/\"},{\"@type\":\"ListItem\",\"position\":2,\"name\":\"Veikals\",\"item\":\"https:\\\/\\\/hotta.eu\\\/lv\\\/shop\\\/\"},{\"@type\":\"ListItem\",\"position\":3,\"name\":\"ESPICY Hot Sauce\"}]},{\"@type\":\"WebSite\",\"@id\":\"https:\\\/\\\/hotta.eu\\\/lv\\\/#website\",\"url\":\"https:\\\/\\\/hotta.eu\\\/lv\\\/\",\"name\":\"Hotta\",\"description\":\"Makes your mouth burn a lotta!\",\"publisher\":{\"@id\":\"https:\\\/\\\/hotta.eu\\\/lv\\\/#organization\"},\"potentialAction\":[{\"@type\":\"SearchAction\",\"target\":{\"@type\":\"EntryPoint\",\"urlTemplate\":\"https:\\\/\\\/hotta.eu\\\/lv\\\/?s={search_term_string}\"},\"query-input\":{\"@type\":\"PropertyValueSpecification\",\"valueRequired\":true,\"valueName\":\"search_term_string\"}}],\"inLanguage\":\"lv-LV\"},{\"@type\":\"Organization\",\"@id\":\"https:\\\/\\\/hotta.eu\\\/lv\\\/#organization\",\"name\":\"Hotta\",\"url\":\"https:\\\/\\\/hotta.eu\\\/lv\\\/\",\"logo\":{\"@type\":\"ImageObject\",\"inLanguage\":\"lv-LV\",\"@id\":\"https:\\\/\\\/hotta.eu\\\/lv\\\/#\\\/schema\\\/logo\\\/image\\\/\",\"url\":\"https:\\\/\\\/hotta.eu\\\/wp-content\\\/uploads\\\/2025\\\/04\\\/hotta-logo-invoice.png\",\"contentUrl\":\"https:\\\/\\\/hotta.eu\\\/wp-content\\\/uploads\\\/2025\\\/04\\\/hotta-logo-invoice.png\",\"width\":600,\"height\":411,\"caption\":\"Hotta\"},\"image\":{\"@id\":\"https:\\\/\\\/hotta.eu\\\/lv\\\/#\\\/schema\\\/logo\\\/image\\\/\"},\"sameAs\":[\"https:\\\/\\\/www.facebook.com\\\/hotta.eu\",\"https:\\\/\\\/x.com\\\/hottashop\",\"https:\\\/\\\/www.instagram.com\\\/hotta.shop\"]}]}<\/script>\n<!-- \/ Yoast SEO plugin. -->","yoast_head_json":{"title":"ESPICY Hot Sauce - Hotta","description":"Igaunij\u0101 ir ieradu\u0161\u0101s \u012bpa\u0161\u0101s ESPICY m\u0113rces - tie\u0161i no Sp\u0101nijas. Ja jums pat\u012bk pikanti, noteikti nenokav\u0113siet ESPICY m\u0113rci, kas pagatavota no \u012bstiem sarkanajiem jalape\u00f1os.","robots":{"index":"index","follow":"follow","max-snippet":"max-snippet:-1","max-image-preview":"max-image-preview:large","max-video-preview":"max-video-preview:-1"},"canonical":"https:\/\/hotta.eu\/lv\/shop\/espicy-karsta-merce\/","og_locale":"lv_LV","og_type":"article","og_title":"ESPICY Hot Sauce - Hotta","og_description":"Igaunij\u0101 ir ieradu\u0161\u0101s \u012bpa\u0161\u0101s ESPICY m\u0113rces - tie\u0161i no Sp\u0101nijas. Ja jums pat\u012bk pikanti, noteikti nenokav\u0113siet ESPICY m\u0113rci, kas pagatavota no \u012bstiem sarkanajiem jalape\u00f1os.","og_url":"https:\/\/hotta.eu\/lv\/shop\/espicy-karsta-merce\/","og_site_name":"Hotta","article_publisher":"https:\/\/www.facebook.com\/hotta.eu","article_modified_time":"2024-12-27T10:41:39+00:00","og_image":[{"width":720,"height":720,"url":"https:\/\/hotta.eu\/wp-content\/uploads\/2024\/03\/big_espicy_shopify_square_front_720x.jpg","type":"image\/jpeg"}],"twitter_card":"summary_large_image","twitter_site":"@hottashop","schema":{"@context":"https:\/\/schema.org","@graph":[{"@type":"WebPage","@id":"https:\/\/hotta.eu\/lv\/shop\/espicy-karsta-merce\/","url":"https:\/\/hotta.eu\/lv\/shop\/espicy-karsta-merce\/","name":"ESPICY Hot Sauce - Hotta","isPartOf":{"@id":"https:\/\/hotta.eu\/lv\/#website"},"primaryImageOfPage":{"@id":"https:\/\/hotta.eu\/lv\/shop\/espicy-karsta-merce\/#primaryimage"},"image":{"@id":"https:\/\/hotta.eu\/lv\/shop\/espicy-karsta-merce\/#primaryimage"},"thumbnailUrl":"https:\/\/hotta.eu\/wp-content\/uploads\/2024\/03\/big_espicy_shopify_square_front_720x.jpg","datePublished":"2021-06-29T16:12:46+00:00","dateModified":"2024-12-27T10:41:39+00:00","description":"Igaunij\u0101 ir ieradu\u0161\u0101s \u012bpa\u0161\u0101s ESPICY m\u0113rces - tie\u0161i no Sp\u0101nijas. Ja jums pat\u012bk pikanti, noteikti nenokav\u0113siet ESPICY m\u0113rci, kas pagatavota no \u012bstiem sarkanajiem jalape\u00f1os.","breadcrumb":{"@id":"https:\/\/hotta.eu\/lv\/shop\/espicy-karsta-merce\/#breadcrumb"},"inLanguage":"lv-LV","potentialAction":[{"@type":"ReadAction","target":["https:\/\/hotta.eu\/lv\/shop\/espicy-karsta-merce\/"]}]},{"@type":"ImageObject","inLanguage":"lv-LV","@id":"https:\/\/hotta.eu\/lv\/shop\/espicy-karsta-merce\/#primaryimage","url":"https:\/\/hotta.eu\/wp-content\/uploads\/2024\/03\/big_espicy_shopify_square_front_720x.jpg","contentUrl":"https:\/\/hotta.eu\/wp-content\/uploads\/2024\/03\/big_espicy_shopify_square_front_720x.jpg","width":720,"height":720},{"@type":"BreadcrumbList","@id":"https:\/\/hotta.eu\/lv\/shop\/espicy-karsta-merce\/#breadcrumb","itemListElement":[{"@type":"ListItem","position":1,"name":"S\u0101kums","item":"https:\/\/hotta.eu\/lv\/sakumlapa\/"},{"@type":"ListItem","position":2,"name":"Veikals","item":"https:\/\/hotta.eu\/lv\/shop\/"},{"@type":"ListItem","position":3,"name":"ESPICY Hot Sauce"}]},{"@type":"WebSite","@id":"https:\/\/hotta.eu\/lv\/#website","url":"https:\/\/hotta.eu\/lv\/","name":"Hotta","description":"Makes your mouth burn a lotta!","publisher":{"@id":"https:\/\/hotta.eu\/lv\/#organization"},"potentialAction":[{"@type":"SearchAction","target":{"@type":"EntryPoint","urlTemplate":"https:\/\/hotta.eu\/lv\/?s={search_term_string}"},"query-input":{"@type":"PropertyValueSpecification","valueRequired":true,"valueName":"search_term_string"}}],"inLanguage":"lv-LV"},{"@type":"Organization","@id":"https:\/\/hotta.eu\/lv\/#organization","name":"Hotta","url":"https:\/\/hotta.eu\/lv\/","logo":{"@type":"ImageObject","inLanguage":"lv-LV","@id":"https:\/\/hotta.eu\/lv\/#\/schema\/logo\/image\/","url":"https:\/\/hotta.eu\/wp-content\/uploads\/2025\/04\/hotta-logo-invoice.png","contentUrl":"https:\/\/hotta.eu\/wp-content\/uploads\/2025\/04\/hotta-logo-invoice.png","width":600,"height":411,"caption":"Hotta"},"image":{"@id":"https:\/\/hotta.eu\/lv\/#\/schema\/logo\/image\/"},"sameAs":["https:\/\/www.facebook.com\/hotta.eu","https:\/\/x.com\/hottashop","https:\/\/www.instagram.com\/hotta.shop"]}]}},"jetpack_sharing_enabled":true,"_links":{"self":[{"href":"https:\/\/hotta.eu\/lv\/wp-json\/wp\/v2\/product\/19019","targetHints":{"allow":["GET"]}}],"collection":[{"href":"https:\/\/hotta.eu\/lv\/wp-json\/wp\/v2\/product"}],"about":[{"href":"https:\/\/hotta.eu\/lv\/wp-json\/wp\/v2\/types\/product"}],"replies":[{"embeddable":true,"href":"https:\/\/hotta.eu\/lv\/wp-json\/wp\/v2\/comments?post=19019"}],"wp:featuredmedia":[{"embeddable":true,"href":"https:\/\/hotta.eu\/lv\/wp-json\/wp\/v2\/media\/16247"}],"wp:attachment":[{"href":"https:\/\/hotta.eu\/lv\/wp-json\/wp\/v2\/media?parent=19019"}],"wp:term":[{"taxonomy":"product_cat","embeddable":true,"href":"https:\/\/hotta.eu\/lv\/wp-json\/wp\/v2\/product_cat?post=19019"},{"taxonomy":"product_tag","embeddable":true,"href":"https:\/\/hotta.eu\/lv\/wp-json\/wp\/v2\/product_tag?post=19019"},{"taxonomy":"giftcard-category","embeddable":true,"href":"https:\/\/hotta.eu\/lv\/wp-json\/wp\/v2\/giftcard-category?post=19019"}],"curies":[{"name":"wp","href":"https:\/\/api.w.org\/{rel}","templated":true}]}}