{"id":19025,"date":"2021-07-02T22:33:24","date_gmt":"2021-07-02T20:33:24","guid":{"rendered":"https:\/\/hotta.eu\/shop\/kraukskigs-sezama-maisijums\/"},"modified":"2024-12-27T12:41:37","modified_gmt":"2024-12-27T10:41:37","slug":"kraukskigs-sezama-maisijums","status":"publish","type":"product","link":"https:\/\/hotta.eu\/lv\/shop\/kraukskigs-sezama-maisijums\/","title":{"rendered":"Crunchy Sesame Mix"},"content":{"rendered":"<p><strong>Sast\u0101vda\u013cas<br \/>\n<\/strong>Sezama s\u0113klas, kalt\u0113ti s\u012bpoli, kalt\u0113ti \u0137iploki, \u010dilli p\u0101rslas, s\u0101ls p\u0101rslas, mago\u0146u s\u0113klas.<\/p>\n<p><strong>Uzturv\u0113rt\u012bbas inform\u0101cija (100 g)<br \/>\n<\/strong> Ener\u0123ija 436,8 kcal (1527 kJ), tauki 22 g, no tiem pies\u0101tin\u0101t\u0101s tauksk\u0101bes 3,1 g, og\u013chidr\u0101ti 45,6 g, no tiem cukuri 3,4 g, s\u0101ls 10,3 g.<\/p>\n<p><strong>Der\u012bgums un glab\u0101\u0161ana<\/strong><br \/>\nUz iepakojuma nor\u0101d\u012btais der\u012bguma termi\u0146\u0161 attiecas uz neatv\u0113rtiem produktiem. Produkts j\u0101uzglab\u0101 saus\u0101 viet\u0101, prom no tie\u0161iem saules stariem.<\/p>\n","protected":false},"excerpt":{"rendered":"<p>\u012apa\u0161ie ESPICY produkti ir p\u0101rdo\u0161an\u0101 &#8211; tie\u0161i no Sp\u0101nijas! ESPICY jaun\u0101kais kl\u0101sts, jaun\u0101kais gar\u0161as pastiprin\u0101t\u0101js, kas pie\u0161\u0137irs UMAMI ikvienai malt\u012btei, jebkur\u0101 posm\u0101. Neatkar\u012bgi no t\u0101, vai marin\u0113jat, cepat vai pasniedzat savu jaun\u0101ko produktu. M\u012bkstiem \u0113dieniem, piem\u0113ram, avokado, vinaigretiem un kr\u0113m\u012bg\u0101m m\u0113rc\u0113m, pie\u0161\u0137iriet smalku krauk\u0161\u0137\u012bgumu. T\u0101 lieliski gar\u0161o ar\u012b uz zivs vai gril\u0113tas ga\u013cas. Iesp\u0113jas ir bezgal\u012bgas. Lab\u0101ka v\u0101rda tr\u016bkuma d\u0113\u013c tas ir VISIEM!<br \/>\n[ywcwtl_form product_id=\"\"]<\/p>\n","protected":false},"featured_media":16263,"comment_status":"open","ping_status":"closed","template":"","meta":[],"product_cat":[932],"product_tag":[],"giftcard-category":[],"class_list":{"0":"post-19025","1":"product","2":"type-product","3":"status-publish","4":"has-post-thumbnail","6":"product_cat-citi","7":"pa_brand-espicy","9":"first","10":"outofstock","11":"taxable","12":"shipping-taxable","13":"purchasable","14":"product-type-simple"},"yoast_head":"<!-- This site is optimized with the Yoast SEO plugin v27.4 - https:\/\/yoast.com\/product\/yoast-seo-wordpress\/ -->\n<title>Crunchy Sesame Mix - Hotta<\/title>\n<meta name=\"description\" content=\"ESPICY jaun\u0101kais kl\u0101sts, jaun\u0101kais gar\u0161as pastiprin\u0101t\u0101js, kas pie\u0161\u0137irs UMAMI ikvienai malt\u012btei, jebkur\u0101 posm\u0101. Neatkar\u012bgi no t\u0101, vai marin\u0113jat, cepat vai pasniedzat savu jaun\u0101ko produktu.\" \/>\n<meta name=\"robots\" content=\"index, follow, max-snippet:-1, max-image-preview:large, max-video-preview:-1\" \/>\n<link rel=\"canonical\" href=\"https:\/\/hotta.eu\/lv\/shop\/kraukskigs-sezama-maisijums\/\" \/>\n<meta property=\"og:locale\" content=\"lv_LV\" \/>\n<meta property=\"og:type\" content=\"article\" \/>\n<meta property=\"og:title\" content=\"Crunchy Sesame Mix - Hotta\" \/>\n<meta property=\"og:description\" content=\"ESPICY jaun\u0101kais kl\u0101sts, jaun\u0101kais gar\u0161as pastiprin\u0101t\u0101js, kas pie\u0161\u0137irs UMAMI ikvienai malt\u012btei, jebkur\u0101 posm\u0101. Neatkar\u012bgi no t\u0101, vai marin\u0113jat, cepat vai pasniedzat savu jaun\u0101ko produktu.\" \/>\n<meta property=\"og:url\" content=\"https:\/\/hotta.eu\/lv\/shop\/kraukskigs-sezama-maisijums\/\" \/>\n<meta property=\"og:site_name\" content=\"Hotta\" \/>\n<meta property=\"article:publisher\" content=\"https:\/\/www.facebook.com\/hotta.eu\" \/>\n<meta property=\"article:modified_time\" content=\"2024-12-27T10:41:37+00:00\" \/>\n<meta property=\"og:image\" content=\"https:\/\/hotta.eu\/wp-content\/uploads\/2024\/03\/CRUNCHY_FRONT_720x.jpg\" \/>\n\t<meta property=\"og:image:width\" content=\"720\" \/>\n\t<meta property=\"og:image:height\" content=\"720\" \/>\n\t<meta property=\"og:image:type\" content=\"image\/jpeg\" \/>\n<meta name=\"twitter:card\" content=\"summary_large_image\" \/>\n<meta name=\"twitter:site\" content=\"@hottashop\" \/>\n<script type=\"application\/ld+json\" class=\"yoast-schema-graph\">{\"@context\":\"https:\\\/\\\/schema.org\",\"@graph\":[{\"@type\":\"WebPage\",\"@id\":\"https:\\\/\\\/hotta.eu\\\/lv\\\/shop\\\/kraukskigs-sezama-maisijums\\\/\",\"url\":\"https:\\\/\\\/hotta.eu\\\/lv\\\/shop\\\/kraukskigs-sezama-maisijums\\\/\",\"name\":\"Crunchy Sesame Mix - Hotta\",\"isPartOf\":{\"@id\":\"https:\\\/\\\/hotta.eu\\\/lv\\\/#website\"},\"primaryImageOfPage\":{\"@id\":\"https:\\\/\\\/hotta.eu\\\/lv\\\/shop\\\/kraukskigs-sezama-maisijums\\\/#primaryimage\"},\"image\":{\"@id\":\"https:\\\/\\\/hotta.eu\\\/lv\\\/shop\\\/kraukskigs-sezama-maisijums\\\/#primaryimage\"},\"thumbnailUrl\":\"https:\\\/\\\/hotta.eu\\\/wp-content\\\/uploads\\\/2024\\\/03\\\/CRUNCHY_FRONT_720x.jpg\",\"datePublished\":\"2021-07-02T20:33:24+00:00\",\"dateModified\":\"2024-12-27T10:41:37+00:00\",\"description\":\"ESPICY jaun\u0101kais kl\u0101sts, jaun\u0101kais gar\u0161as pastiprin\u0101t\u0101js, kas pie\u0161\u0137irs UMAMI ikvienai malt\u012btei, jebkur\u0101 posm\u0101. Neatkar\u012bgi no t\u0101, vai marin\u0113jat, cepat vai pasniedzat savu jaun\u0101ko produktu.\",\"breadcrumb\":{\"@id\":\"https:\\\/\\\/hotta.eu\\\/lv\\\/shop\\\/kraukskigs-sezama-maisijums\\\/#breadcrumb\"},\"inLanguage\":\"lv-LV\",\"potentialAction\":[{\"@type\":\"ReadAction\",\"target\":[\"https:\\\/\\\/hotta.eu\\\/lv\\\/shop\\\/kraukskigs-sezama-maisijums\\\/\"]}]},{\"@type\":\"ImageObject\",\"inLanguage\":\"lv-LV\",\"@id\":\"https:\\\/\\\/hotta.eu\\\/lv\\\/shop\\\/kraukskigs-sezama-maisijums\\\/#primaryimage\",\"url\":\"https:\\\/\\\/hotta.eu\\\/wp-content\\\/uploads\\\/2024\\\/03\\\/CRUNCHY_FRONT_720x.jpg\",\"contentUrl\":\"https:\\\/\\\/hotta.eu\\\/wp-content\\\/uploads\\\/2024\\\/03\\\/CRUNCHY_FRONT_720x.jpg\",\"width\":720,\"height\":720},{\"@type\":\"BreadcrumbList\",\"@id\":\"https:\\\/\\\/hotta.eu\\\/lv\\\/shop\\\/kraukskigs-sezama-maisijums\\\/#breadcrumb\",\"itemListElement\":[{\"@type\":\"ListItem\",\"position\":1,\"name\":\"S\u0101kums\",\"item\":\"https:\\\/\\\/hotta.eu\\\/lv\\\/sakumlapa\\\/\"},{\"@type\":\"ListItem\",\"position\":2,\"name\":\"Veikals\",\"item\":\"https:\\\/\\\/hotta.eu\\\/lv\\\/shop\\\/\"},{\"@type\":\"ListItem\",\"position\":3,\"name\":\"Crunchy Sesame Mix\"}]},{\"@type\":\"WebSite\",\"@id\":\"https:\\\/\\\/hotta.eu\\\/lv\\\/#website\",\"url\":\"https:\\\/\\\/hotta.eu\\\/lv\\\/\",\"name\":\"Hotta\",\"description\":\"Makes your mouth burn a lotta!\",\"publisher\":{\"@id\":\"https:\\\/\\\/hotta.eu\\\/lv\\\/#organization\"},\"potentialAction\":[{\"@type\":\"SearchAction\",\"target\":{\"@type\":\"EntryPoint\",\"urlTemplate\":\"https:\\\/\\\/hotta.eu\\\/lv\\\/?s={search_term_string}\"},\"query-input\":{\"@type\":\"PropertyValueSpecification\",\"valueRequired\":true,\"valueName\":\"search_term_string\"}}],\"inLanguage\":\"lv-LV\"},{\"@type\":\"Organization\",\"@id\":\"https:\\\/\\\/hotta.eu\\\/lv\\\/#organization\",\"name\":\"Hotta\",\"url\":\"https:\\\/\\\/hotta.eu\\\/lv\\\/\",\"logo\":{\"@type\":\"ImageObject\",\"inLanguage\":\"lv-LV\",\"@id\":\"https:\\\/\\\/hotta.eu\\\/lv\\\/#\\\/schema\\\/logo\\\/image\\\/\",\"url\":\"https:\\\/\\\/hotta.eu\\\/wp-content\\\/uploads\\\/2025\\\/04\\\/hotta-logo-invoice.png\",\"contentUrl\":\"https:\\\/\\\/hotta.eu\\\/wp-content\\\/uploads\\\/2025\\\/04\\\/hotta-logo-invoice.png\",\"width\":600,\"height\":411,\"caption\":\"Hotta\"},\"image\":{\"@id\":\"https:\\\/\\\/hotta.eu\\\/lv\\\/#\\\/schema\\\/logo\\\/image\\\/\"},\"sameAs\":[\"https:\\\/\\\/www.facebook.com\\\/hotta.eu\",\"https:\\\/\\\/x.com\\\/hottashop\",\"https:\\\/\\\/www.instagram.com\\\/hotta.shop\"]}]}<\/script>\n<!-- \/ Yoast SEO plugin. -->","yoast_head_json":{"title":"Crunchy Sesame Mix - Hotta","description":"ESPICY jaun\u0101kais kl\u0101sts, jaun\u0101kais gar\u0161as pastiprin\u0101t\u0101js, kas pie\u0161\u0137irs UMAMI ikvienai malt\u012btei, jebkur\u0101 posm\u0101. Neatkar\u012bgi no t\u0101, vai marin\u0113jat, cepat vai pasniedzat savu jaun\u0101ko produktu.","robots":{"index":"index","follow":"follow","max-snippet":"max-snippet:-1","max-image-preview":"max-image-preview:large","max-video-preview":"max-video-preview:-1"},"canonical":"https:\/\/hotta.eu\/lv\/shop\/kraukskigs-sezama-maisijums\/","og_locale":"lv_LV","og_type":"article","og_title":"Crunchy Sesame Mix - Hotta","og_description":"ESPICY jaun\u0101kais kl\u0101sts, jaun\u0101kais gar\u0161as pastiprin\u0101t\u0101js, kas pie\u0161\u0137irs UMAMI ikvienai malt\u012btei, jebkur\u0101 posm\u0101. Neatkar\u012bgi no t\u0101, vai marin\u0113jat, cepat vai pasniedzat savu jaun\u0101ko produktu.","og_url":"https:\/\/hotta.eu\/lv\/shop\/kraukskigs-sezama-maisijums\/","og_site_name":"Hotta","article_publisher":"https:\/\/www.facebook.com\/hotta.eu","article_modified_time":"2024-12-27T10:41:37+00:00","og_image":[{"width":720,"height":720,"url":"https:\/\/hotta.eu\/wp-content\/uploads\/2024\/03\/CRUNCHY_FRONT_720x.jpg","type":"image\/jpeg"}],"twitter_card":"summary_large_image","twitter_site":"@hottashop","schema":{"@context":"https:\/\/schema.org","@graph":[{"@type":"WebPage","@id":"https:\/\/hotta.eu\/lv\/shop\/kraukskigs-sezama-maisijums\/","url":"https:\/\/hotta.eu\/lv\/shop\/kraukskigs-sezama-maisijums\/","name":"Crunchy Sesame Mix - Hotta","isPartOf":{"@id":"https:\/\/hotta.eu\/lv\/#website"},"primaryImageOfPage":{"@id":"https:\/\/hotta.eu\/lv\/shop\/kraukskigs-sezama-maisijums\/#primaryimage"},"image":{"@id":"https:\/\/hotta.eu\/lv\/shop\/kraukskigs-sezama-maisijums\/#primaryimage"},"thumbnailUrl":"https:\/\/hotta.eu\/wp-content\/uploads\/2024\/03\/CRUNCHY_FRONT_720x.jpg","datePublished":"2021-07-02T20:33:24+00:00","dateModified":"2024-12-27T10:41:37+00:00","description":"ESPICY jaun\u0101kais kl\u0101sts, jaun\u0101kais gar\u0161as pastiprin\u0101t\u0101js, kas pie\u0161\u0137irs UMAMI ikvienai malt\u012btei, jebkur\u0101 posm\u0101. Neatkar\u012bgi no t\u0101, vai marin\u0113jat, cepat vai pasniedzat savu jaun\u0101ko produktu.","breadcrumb":{"@id":"https:\/\/hotta.eu\/lv\/shop\/kraukskigs-sezama-maisijums\/#breadcrumb"},"inLanguage":"lv-LV","potentialAction":[{"@type":"ReadAction","target":["https:\/\/hotta.eu\/lv\/shop\/kraukskigs-sezama-maisijums\/"]}]},{"@type":"ImageObject","inLanguage":"lv-LV","@id":"https:\/\/hotta.eu\/lv\/shop\/kraukskigs-sezama-maisijums\/#primaryimage","url":"https:\/\/hotta.eu\/wp-content\/uploads\/2024\/03\/CRUNCHY_FRONT_720x.jpg","contentUrl":"https:\/\/hotta.eu\/wp-content\/uploads\/2024\/03\/CRUNCHY_FRONT_720x.jpg","width":720,"height":720},{"@type":"BreadcrumbList","@id":"https:\/\/hotta.eu\/lv\/shop\/kraukskigs-sezama-maisijums\/#breadcrumb","itemListElement":[{"@type":"ListItem","position":1,"name":"S\u0101kums","item":"https:\/\/hotta.eu\/lv\/sakumlapa\/"},{"@type":"ListItem","position":2,"name":"Veikals","item":"https:\/\/hotta.eu\/lv\/shop\/"},{"@type":"ListItem","position":3,"name":"Crunchy Sesame Mix"}]},{"@type":"WebSite","@id":"https:\/\/hotta.eu\/lv\/#website","url":"https:\/\/hotta.eu\/lv\/","name":"Hotta","description":"Makes your mouth burn a lotta!","publisher":{"@id":"https:\/\/hotta.eu\/lv\/#organization"},"potentialAction":[{"@type":"SearchAction","target":{"@type":"EntryPoint","urlTemplate":"https:\/\/hotta.eu\/lv\/?s={search_term_string}"},"query-input":{"@type":"PropertyValueSpecification","valueRequired":true,"valueName":"search_term_string"}}],"inLanguage":"lv-LV"},{"@type":"Organization","@id":"https:\/\/hotta.eu\/lv\/#organization","name":"Hotta","url":"https:\/\/hotta.eu\/lv\/","logo":{"@type":"ImageObject","inLanguage":"lv-LV","@id":"https:\/\/hotta.eu\/lv\/#\/schema\/logo\/image\/","url":"https:\/\/hotta.eu\/wp-content\/uploads\/2025\/04\/hotta-logo-invoice.png","contentUrl":"https:\/\/hotta.eu\/wp-content\/uploads\/2025\/04\/hotta-logo-invoice.png","width":600,"height":411,"caption":"Hotta"},"image":{"@id":"https:\/\/hotta.eu\/lv\/#\/schema\/logo\/image\/"},"sameAs":["https:\/\/www.facebook.com\/hotta.eu","https:\/\/x.com\/hottashop","https:\/\/www.instagram.com\/hotta.shop"]}]}},"jetpack_sharing_enabled":true,"_links":{"self":[{"href":"https:\/\/hotta.eu\/lv\/wp-json\/wp\/v2\/product\/19025","targetHints":{"allow":["GET"]}}],"collection":[{"href":"https:\/\/hotta.eu\/lv\/wp-json\/wp\/v2\/product"}],"about":[{"href":"https:\/\/hotta.eu\/lv\/wp-json\/wp\/v2\/types\/product"}],"replies":[{"embeddable":true,"href":"https:\/\/hotta.eu\/lv\/wp-json\/wp\/v2\/comments?post=19025"}],"wp:featuredmedia":[{"embeddable":true,"href":"https:\/\/hotta.eu\/lv\/wp-json\/wp\/v2\/media\/16263"}],"wp:attachment":[{"href":"https:\/\/hotta.eu\/lv\/wp-json\/wp\/v2\/media?parent=19025"}],"wp:term":[{"taxonomy":"product_cat","embeddable":true,"href":"https:\/\/hotta.eu\/lv\/wp-json\/wp\/v2\/product_cat?post=19025"},{"taxonomy":"product_tag","embeddable":true,"href":"https:\/\/hotta.eu\/lv\/wp-json\/wp\/v2\/product_tag?post=19025"},{"taxonomy":"giftcard-category","embeddable":true,"href":"https:\/\/hotta.eu\/lv\/wp-json\/wp\/v2\/giftcard-category?post=19025"}],"curies":[{"name":"wp","href":"https:\/\/api.w.org\/{rel}","templated":true}]}}