{"id":19031,"date":"2021-08-06T23:35:20","date_gmt":"2021-08-06T21:35:20","guid":{"rendered":"https:\/\/hotta.eu\/shop\/pikanti-ziedkaposti\/"},"modified":"2024-12-27T12:41:36","modified_gmt":"2024-12-27T10:41:36","slug":"pikanti-ziedkaposti","status":"publish","type":"product","link":"https:\/\/hotta.eu\/lv\/shop\/pikanti-ziedkaposti\/","title":{"rendered":"Pikanti ziedk\u0101posti"},"content":{"rendered":"<p><strong>Sast\u0101vda\u013cas<\/strong><br \/>\nDienvidzemju saul\u0113 nogatavin\u0101ti ziedk\u0101posti (aptuveni 70 %), Peipusa s\u012bpoli, Paink\u00fcla rap\u0161u e\u013c\u013ca, sniega balta s\u0101ls, asie \u010dilli pipari, eksotiskas austrumu gar\u0161vielas.<\/p>\n<p><strong>Der\u012bgums un glab\u0101\u0161ana<\/strong><br \/>\nUz iepakojuma nor\u0101d\u012btais der\u012bguma termi\u0146\u0161 attiecas uz neatv\u0113rtiem produktiem. Atv\u0113rtu produktu j\u0101uzglab\u0101 ledusskap\u012b.<\/p>\n","protected":false},"excerpt":{"rendered":"<p>Varstu Spice pied\u0101v\u0101 eksotiskas gar\u0161as no Dienvidigaunijas. Pikantie ziedk\u0101posti ir lieliski piem\u0113roti k\u0101 auksts uzkodas \u0113diens vai silts papildin\u0101jums zivju, ga\u013cas un d\u0101rze\u0146u \u0113dieniem vai vienk\u0101r\u0161i uz maizes. M\u0113s izmantojam patiesi eksotiskas gar\u0161vielas, lai pagatavotu pikantus ziedk\u0101postus.<br \/>\n[ywcwtl_form product_id=\"\"]<\/p>\n","protected":false},"featured_media":16271,"comment_status":"open","ping_status":"closed","template":"","meta":[],"product_cat":[938],"product_tag":[],"giftcard-category":[],"class_list":{"0":"post-19031","1":"product","2":"type-product","3":"status-publish","4":"has-post-thumbnail","6":"product_cat-uzkodas","7":"pa_brand-varstu-vurts","9":"first","10":"outofstock","11":"taxable","12":"shipping-taxable","13":"purchasable","14":"product-type-simple"},"yoast_head":"<!-- This site is optimized with the Yoast SEO plugin v27.3 - https:\/\/yoast.com\/product\/yoast-seo-wordpress\/ -->\n<title>Pikanti ziedk\u0101posti - Hotta<\/title>\n<meta name=\"description\" content=\"357 noz\u012bm\u0113 357 000 Skovila vien\u012bbu. \u0160\u012b ir \u013coti pikanta m\u0113rce, kur\u0101 ir 3 miljoni Skoville \u010dilli ekstraktu, k\u0101 ar\u012b kaj\u0113nas un sarkanie habanero \u010dilli.\" \/>\n<meta name=\"robots\" content=\"index, follow, max-snippet:-1, max-image-preview:large, max-video-preview:-1\" \/>\n<link rel=\"canonical\" href=\"https:\/\/hotta.eu\/lv\/shop\/pikanti-ziedkaposti\/\" \/>\n<meta property=\"og:locale\" content=\"lv_LV\" \/>\n<meta property=\"og:type\" content=\"article\" \/>\n<meta property=\"og:title\" content=\"Pikanti ziedk\u0101posti - Hotta\" \/>\n<meta property=\"og:description\" content=\"357 noz\u012bm\u0113 357 000 Skovila vien\u012bbu. \u0160\u012b ir \u013coti pikanta m\u0113rce, kur\u0101 ir 3 miljoni Skoville \u010dilli ekstraktu, k\u0101 ar\u012b kaj\u0113nas un sarkanie habanero \u010dilli.\" \/>\n<meta property=\"og:url\" content=\"https:\/\/hotta.eu\/lv\/shop\/pikanti-ziedkaposti\/\" \/>\n<meta property=\"og:site_name\" content=\"Hotta\" \/>\n<meta property=\"article:publisher\" content=\"https:\/\/www.facebook.com\/hotta.eu\" \/>\n<meta property=\"article:modified_time\" content=\"2024-12-27T10:41:36+00:00\" \/>\n<meta property=\"og:image\" content=\"https:\/\/hotta.eu\/wp-content\/uploads\/2024\/03\/IMG_0006.jpg\" \/>\n\t<meta property=\"og:image:width\" content=\"1000\" \/>\n\t<meta property=\"og:image:height\" content=\"1000\" \/>\n\t<meta property=\"og:image:type\" content=\"image\/jpeg\" \/>\n<meta name=\"twitter:card\" content=\"summary_large_image\" \/>\n<meta name=\"twitter:site\" content=\"@hottashop\" \/>\n<script type=\"application\/ld+json\" class=\"yoast-schema-graph\">{\"@context\":\"https:\\\/\\\/schema.org\",\"@graph\":[{\"@type\":\"WebPage\",\"@id\":\"https:\\\/\\\/hotta.eu\\\/lv\\\/shop\\\/pikanti-ziedkaposti\\\/\",\"url\":\"https:\\\/\\\/hotta.eu\\\/lv\\\/shop\\\/pikanti-ziedkaposti\\\/\",\"name\":\"Pikanti ziedk\u0101posti - Hotta\",\"isPartOf\":{\"@id\":\"https:\\\/\\\/hotta.eu\\\/lv\\\/#website\"},\"primaryImageOfPage\":{\"@id\":\"https:\\\/\\\/hotta.eu\\\/lv\\\/shop\\\/pikanti-ziedkaposti\\\/#primaryimage\"},\"image\":{\"@id\":\"https:\\\/\\\/hotta.eu\\\/lv\\\/shop\\\/pikanti-ziedkaposti\\\/#primaryimage\"},\"thumbnailUrl\":\"https:\\\/\\\/hotta.eu\\\/wp-content\\\/uploads\\\/2024\\\/03\\\/IMG_0006.jpg\",\"datePublished\":\"2021-08-06T21:35:20+00:00\",\"dateModified\":\"2024-12-27T10:41:36+00:00\",\"description\":\"357 noz\u012bm\u0113 357 000 Skovila vien\u012bbu. \u0160\u012b ir \u013coti pikanta m\u0113rce, kur\u0101 ir 3 miljoni Skoville \u010dilli ekstraktu, k\u0101 ar\u012b kaj\u0113nas un sarkanie habanero \u010dilli.\",\"breadcrumb\":{\"@id\":\"https:\\\/\\\/hotta.eu\\\/lv\\\/shop\\\/pikanti-ziedkaposti\\\/#breadcrumb\"},\"inLanguage\":\"lv-LV\",\"potentialAction\":[{\"@type\":\"ReadAction\",\"target\":[\"https:\\\/\\\/hotta.eu\\\/lv\\\/shop\\\/pikanti-ziedkaposti\\\/\"]}]},{\"@type\":\"ImageObject\",\"inLanguage\":\"lv-LV\",\"@id\":\"https:\\\/\\\/hotta.eu\\\/lv\\\/shop\\\/pikanti-ziedkaposti\\\/#primaryimage\",\"url\":\"https:\\\/\\\/hotta.eu\\\/wp-content\\\/uploads\\\/2024\\\/03\\\/IMG_0006.jpg\",\"contentUrl\":\"https:\\\/\\\/hotta.eu\\\/wp-content\\\/uploads\\\/2024\\\/03\\\/IMG_0006.jpg\",\"width\":1000,\"height\":1000},{\"@type\":\"BreadcrumbList\",\"@id\":\"https:\\\/\\\/hotta.eu\\\/lv\\\/shop\\\/pikanti-ziedkaposti\\\/#breadcrumb\",\"itemListElement\":[{\"@type\":\"ListItem\",\"position\":1,\"name\":\"S\u0101kums\",\"item\":\"https:\\\/\\\/hotta.eu\\\/lv\\\/sakumlapa\\\/\"},{\"@type\":\"ListItem\",\"position\":2,\"name\":\"Veikals\",\"item\":\"https:\\\/\\\/hotta.eu\\\/lv\\\/shop\\\/\"},{\"@type\":\"ListItem\",\"position\":3,\"name\":\"Pikanti ziedk\u0101posti\"}]},{\"@type\":\"WebSite\",\"@id\":\"https:\\\/\\\/hotta.eu\\\/lv\\\/#website\",\"url\":\"https:\\\/\\\/hotta.eu\\\/lv\\\/\",\"name\":\"Hotta\",\"description\":\"Makes your mouth burn a lotta!\",\"publisher\":{\"@id\":\"https:\\\/\\\/hotta.eu\\\/lv\\\/#organization\"},\"potentialAction\":[{\"@type\":\"SearchAction\",\"target\":{\"@type\":\"EntryPoint\",\"urlTemplate\":\"https:\\\/\\\/hotta.eu\\\/lv\\\/?s={search_term_string}\"},\"query-input\":{\"@type\":\"PropertyValueSpecification\",\"valueRequired\":true,\"valueName\":\"search_term_string\"}}],\"inLanguage\":\"lv-LV\"},{\"@type\":\"Organization\",\"@id\":\"https:\\\/\\\/hotta.eu\\\/lv\\\/#organization\",\"name\":\"Hotta\",\"url\":\"https:\\\/\\\/hotta.eu\\\/lv\\\/\",\"logo\":{\"@type\":\"ImageObject\",\"inLanguage\":\"lv-LV\",\"@id\":\"https:\\\/\\\/hotta.eu\\\/lv\\\/#\\\/schema\\\/logo\\\/image\\\/\",\"url\":\"https:\\\/\\\/hotta.eu\\\/wp-content\\\/uploads\\\/2025\\\/04\\\/hotta-logo-invoice.png\",\"contentUrl\":\"https:\\\/\\\/hotta.eu\\\/wp-content\\\/uploads\\\/2025\\\/04\\\/hotta-logo-invoice.png\",\"width\":600,\"height\":411,\"caption\":\"Hotta\"},\"image\":{\"@id\":\"https:\\\/\\\/hotta.eu\\\/lv\\\/#\\\/schema\\\/logo\\\/image\\\/\"},\"sameAs\":[\"https:\\\/\\\/www.facebook.com\\\/hotta.eu\",\"https:\\\/\\\/x.com\\\/hottashop\",\"https:\\\/\\\/www.instagram.com\\\/hotta.shop\"]}]}<\/script>\n<!-- \/ Yoast SEO plugin. -->","yoast_head_json":{"title":"Pikanti ziedk\u0101posti - Hotta","description":"357 noz\u012bm\u0113 357 000 Skovila vien\u012bbu. \u0160\u012b ir \u013coti pikanta m\u0113rce, kur\u0101 ir 3 miljoni Skoville \u010dilli ekstraktu, k\u0101 ar\u012b kaj\u0113nas un sarkanie habanero \u010dilli.","robots":{"index":"index","follow":"follow","max-snippet":"max-snippet:-1","max-image-preview":"max-image-preview:large","max-video-preview":"max-video-preview:-1"},"canonical":"https:\/\/hotta.eu\/lv\/shop\/pikanti-ziedkaposti\/","og_locale":"lv_LV","og_type":"article","og_title":"Pikanti ziedk\u0101posti - Hotta","og_description":"357 noz\u012bm\u0113 357 000 Skovila vien\u012bbu. \u0160\u012b ir \u013coti pikanta m\u0113rce, kur\u0101 ir 3 miljoni Skoville \u010dilli ekstraktu, k\u0101 ar\u012b kaj\u0113nas un sarkanie habanero \u010dilli.","og_url":"https:\/\/hotta.eu\/lv\/shop\/pikanti-ziedkaposti\/","og_site_name":"Hotta","article_publisher":"https:\/\/www.facebook.com\/hotta.eu","article_modified_time":"2024-12-27T10:41:36+00:00","og_image":[{"width":1000,"height":1000,"url":"https:\/\/hotta.eu\/wp-content\/uploads\/2024\/03\/IMG_0006.jpg","type":"image\/jpeg"}],"twitter_card":"summary_large_image","twitter_site":"@hottashop","schema":{"@context":"https:\/\/schema.org","@graph":[{"@type":"WebPage","@id":"https:\/\/hotta.eu\/lv\/shop\/pikanti-ziedkaposti\/","url":"https:\/\/hotta.eu\/lv\/shop\/pikanti-ziedkaposti\/","name":"Pikanti ziedk\u0101posti - Hotta","isPartOf":{"@id":"https:\/\/hotta.eu\/lv\/#website"},"primaryImageOfPage":{"@id":"https:\/\/hotta.eu\/lv\/shop\/pikanti-ziedkaposti\/#primaryimage"},"image":{"@id":"https:\/\/hotta.eu\/lv\/shop\/pikanti-ziedkaposti\/#primaryimage"},"thumbnailUrl":"https:\/\/hotta.eu\/wp-content\/uploads\/2024\/03\/IMG_0006.jpg","datePublished":"2021-08-06T21:35:20+00:00","dateModified":"2024-12-27T10:41:36+00:00","description":"357 noz\u012bm\u0113 357 000 Skovila vien\u012bbu. \u0160\u012b ir \u013coti pikanta m\u0113rce, kur\u0101 ir 3 miljoni Skoville \u010dilli ekstraktu, k\u0101 ar\u012b kaj\u0113nas un sarkanie habanero \u010dilli.","breadcrumb":{"@id":"https:\/\/hotta.eu\/lv\/shop\/pikanti-ziedkaposti\/#breadcrumb"},"inLanguage":"lv-LV","potentialAction":[{"@type":"ReadAction","target":["https:\/\/hotta.eu\/lv\/shop\/pikanti-ziedkaposti\/"]}]},{"@type":"ImageObject","inLanguage":"lv-LV","@id":"https:\/\/hotta.eu\/lv\/shop\/pikanti-ziedkaposti\/#primaryimage","url":"https:\/\/hotta.eu\/wp-content\/uploads\/2024\/03\/IMG_0006.jpg","contentUrl":"https:\/\/hotta.eu\/wp-content\/uploads\/2024\/03\/IMG_0006.jpg","width":1000,"height":1000},{"@type":"BreadcrumbList","@id":"https:\/\/hotta.eu\/lv\/shop\/pikanti-ziedkaposti\/#breadcrumb","itemListElement":[{"@type":"ListItem","position":1,"name":"S\u0101kums","item":"https:\/\/hotta.eu\/lv\/sakumlapa\/"},{"@type":"ListItem","position":2,"name":"Veikals","item":"https:\/\/hotta.eu\/lv\/shop\/"},{"@type":"ListItem","position":3,"name":"Pikanti ziedk\u0101posti"}]},{"@type":"WebSite","@id":"https:\/\/hotta.eu\/lv\/#website","url":"https:\/\/hotta.eu\/lv\/","name":"Hotta","description":"Makes your mouth burn a lotta!","publisher":{"@id":"https:\/\/hotta.eu\/lv\/#organization"},"potentialAction":[{"@type":"SearchAction","target":{"@type":"EntryPoint","urlTemplate":"https:\/\/hotta.eu\/lv\/?s={search_term_string}"},"query-input":{"@type":"PropertyValueSpecification","valueRequired":true,"valueName":"search_term_string"}}],"inLanguage":"lv-LV"},{"@type":"Organization","@id":"https:\/\/hotta.eu\/lv\/#organization","name":"Hotta","url":"https:\/\/hotta.eu\/lv\/","logo":{"@type":"ImageObject","inLanguage":"lv-LV","@id":"https:\/\/hotta.eu\/lv\/#\/schema\/logo\/image\/","url":"https:\/\/hotta.eu\/wp-content\/uploads\/2025\/04\/hotta-logo-invoice.png","contentUrl":"https:\/\/hotta.eu\/wp-content\/uploads\/2025\/04\/hotta-logo-invoice.png","width":600,"height":411,"caption":"Hotta"},"image":{"@id":"https:\/\/hotta.eu\/lv\/#\/schema\/logo\/image\/"},"sameAs":["https:\/\/www.facebook.com\/hotta.eu","https:\/\/x.com\/hottashop","https:\/\/www.instagram.com\/hotta.shop"]}]}},"jetpack_sharing_enabled":true,"_links":{"self":[{"href":"https:\/\/hotta.eu\/lv\/wp-json\/wp\/v2\/product\/19031","targetHints":{"allow":["GET"]}}],"collection":[{"href":"https:\/\/hotta.eu\/lv\/wp-json\/wp\/v2\/product"}],"about":[{"href":"https:\/\/hotta.eu\/lv\/wp-json\/wp\/v2\/types\/product"}],"replies":[{"embeddable":true,"href":"https:\/\/hotta.eu\/lv\/wp-json\/wp\/v2\/comments?post=19031"}],"wp:featuredmedia":[{"embeddable":true,"href":"https:\/\/hotta.eu\/lv\/wp-json\/wp\/v2\/media\/16271"}],"wp:attachment":[{"href":"https:\/\/hotta.eu\/lv\/wp-json\/wp\/v2\/media?parent=19031"}],"wp:term":[{"taxonomy":"product_cat","embeddable":true,"href":"https:\/\/hotta.eu\/lv\/wp-json\/wp\/v2\/product_cat?post=19031"},{"taxonomy":"product_tag","embeddable":true,"href":"https:\/\/hotta.eu\/lv\/wp-json\/wp\/v2\/product_tag?post=19031"},{"taxonomy":"giftcard-category","embeddable":true,"href":"https:\/\/hotta.eu\/lv\/wp-json\/wp\/v2\/giftcard-category?post=19031"}],"curies":[{"name":"wp","href":"https:\/\/api.w.org\/{rel}","templated":true}]}}