{"id":19057,"date":"2021-09-18T18:10:36","date_gmt":"2021-09-18T16:10:36","guid":{"rendered":"https:\/\/hotta.eu\/shop\/kutbil-ik-xxxtra-hot-habanero-merce\/"},"modified":"2025-09-13T17:16:28","modified_gmt":"2025-09-13T15:16:28","slug":"kutbil-ik-xxxtra-hot-habanero-sauce","status":"publish","type":"product","link":"https:\/\/hotta.eu\/lv\/shop\/kutbil-ik-xxxtra-hot-habanero-sauce\/","title":{"rendered":"Kutbil-Ik XXXtra Hot Habanero Sauce"},"content":{"rendered":"<p><strong>Sast\u0101vda\u013cas<\/strong><br \/>\n\u016adens, habanero \u010dilli (40%), tom\u0101ti, s\u0101ls, s\u012bpoli, saulespu\u0137u e\u013c\u013ca, gar\u0161vielas, konservanti E211 un E260, antioksidanti (citronsk\u0101be, ksant\u0101na sve\u0137i).<\/p>\n<p><strong>Uzturv\u0113rt\u012bba (100 g)<br \/>\n<\/strong> Ener\u0123ija 40,24 kcal (168,6 kJ), tauki 1,96 g, no tiem pies\u0101tin\u0101t\u0101s tauksk\u0101bes 0,15 g, og\u013chidr\u0101ti 4,45 g, no tiem cukuri 3 g, olbaltumvielas 1,2 g, s\u0101ls 5,3 g.<\/p>\n<p><strong>Der\u012bgums un glab\u0101\u0161ana<\/strong><br \/>\nDer\u012bguma termi\u0146\u0161 uz pudel\u012btes attiecas uz neatv\u0113rtiem produktiem. Atv\u0113rtu produktu j\u0101uzglab\u0101 ledusskap\u012b.<\/p>\n","protected":false},"excerpt":{"rendered":"<p>El Yucateco m\u0113rc\u0113m ir bag\u0101t\u012bga gar\u0161a un m\u0113reni pikanta gar\u0161a. M\u0113rce ar pat\u012bkamu konsistenci, asuma pan\u0101k\u0161anai nav izmantoti ekstrakti. XXXtra Hot Habanero, as\u0101k\u0101 m\u0113rce \u0161aj\u0101 kl\u0101st\u0101, kuras recepte ir saglab\u0101ta no sen\u0101s maiju civiliz\u0101cijas, ir paz\u012bstama ar\u012b ar nosaukumu &#8220;Kutbil-ik&#8221;, kas maiju valod\u0101 noz\u012bm\u0113 sasmalcin\u0101ts \u010dilli. Skatiet ar\u012b <a href=\"https:\/\/www.shopelyucateco.com\/pages\/flavorful-favorites\" target=\"_blank\" rel=\"noopener\">El Yucateco recep\u0161u bibliot\u0113ku<\/a>.<br \/>\n[ywcwtl_form product_id=\"\"]<\/p>\n","protected":false},"featured_media":16331,"comment_status":"open","ping_status":"closed","template":"","meta":[],"product_cat":[916,922],"product_tag":[],"giftcard-category":[],"class_list":{"0":"post-19057","1":"product","2":"type-product","3":"status-publish","4":"has-post-thumbnail","6":"product_cat-merces","7":"product_cat-videjs","8":"pa_brand-el-yucateco","10":"first","11":"outofstock","12":"taxable","13":"shipping-taxable","14":"purchasable","15":"product-type-simple"},"yoast_head":"<!-- This site is optimized with the Yoast SEO plugin v27.5 - https:\/\/yoast.com\/product\/yoast-seo-wordpress\/ -->\n<title>Kutbil-Ik XXXtra Hot Habanero Sauce - Hotta<\/title>\n<meta name=\"description\" content=\"El \u010capo pa\u0161a gatavot\u0101 karst\u0101 m\u0113rce. Sarkanie \u010dilli, sriracha, habanero un chipotle \u010dilli ir izmantoti, lai rad\u012btu modern\u0101ku m\u0113rci. Nedaudz d\u016bmakains, ar virs vid\u0113j\u0101 l\u012bme\u0146a asumu un pat\u012bkamu tekst\u016bru ikdienas lieto\u0161anai.\" \/>\n<meta name=\"robots\" content=\"index, follow, max-snippet:-1, max-image-preview:large, max-video-preview:-1\" \/>\n<link rel=\"canonical\" href=\"https:\/\/hotta.eu\/lv\/shop\/kutbil-ik-xxxtra-hot-habanero-sauce\/\" \/>\n<meta property=\"og:locale\" content=\"lv_LV\" \/>\n<meta property=\"og:type\" content=\"article\" \/>\n<meta property=\"og:title\" content=\"Kutbil-Ik XXXtra Hot Habanero Sauce - Hotta\" \/>\n<meta property=\"og:description\" content=\"El \u010capo pa\u0161a gatavot\u0101 karst\u0101 m\u0113rce. Sarkanie \u010dilli, sriracha, habanero un chipotle \u010dilli ir izmantoti, lai rad\u012btu modern\u0101ku m\u0113rci. Nedaudz d\u016bmakains, ar virs vid\u0113j\u0101 l\u012bme\u0146a asumu un pat\u012bkamu tekst\u016bru ikdienas lieto\u0161anai.\" \/>\n<meta property=\"og:url\" content=\"https:\/\/hotta.eu\/lv\/shop\/kutbil-ik-xxxtra-hot-habanero-sauce\/\" \/>\n<meta property=\"og:site_name\" content=\"Hotta\" \/>\n<meta property=\"article:publisher\" content=\"https:\/\/www.facebook.com\/hotta.eu\" \/>\n<meta property=\"article:modified_time\" content=\"2025-09-13T15:16:28+00:00\" \/>\n<meta property=\"og:image\" content=\"https:\/\/hotta.eu\/wp-content\/uploads\/2024\/03\/EY-2.jpg\" \/>\n\t<meta property=\"og:image:width\" content=\"2000\" \/>\n\t<meta property=\"og:image:height\" content=\"1999\" \/>\n\t<meta property=\"og:image:type\" content=\"image\/jpeg\" \/>\n<meta name=\"twitter:card\" content=\"summary_large_image\" \/>\n<meta name=\"twitter:site\" content=\"@hottashop\" \/>\n<meta name=\"twitter:label1\" content=\"Est. reading time\" \/>\n\t<meta name=\"twitter:data1\" content=\"1 minute\" \/>\n<script type=\"application\/ld+json\" class=\"yoast-schema-graph\">{\"@context\":\"https:\\\/\\\/schema.org\",\"@graph\":[{\"@type\":\"WebPage\",\"@id\":\"https:\\\/\\\/hotta.eu\\\/lv\\\/shop\\\/kutbil-ik-xxxtra-hot-habanero-sauce\\\/\",\"url\":\"https:\\\/\\\/hotta.eu\\\/lv\\\/shop\\\/kutbil-ik-xxxtra-hot-habanero-sauce\\\/\",\"name\":\"Kutbil-Ik XXXtra Hot Habanero Sauce - Hotta\",\"isPartOf\":{\"@id\":\"https:\\\/\\\/hotta.eu\\\/lv\\\/#website\"},\"primaryImageOfPage\":{\"@id\":\"https:\\\/\\\/hotta.eu\\\/lv\\\/shop\\\/kutbil-ik-xxxtra-hot-habanero-sauce\\\/#primaryimage\"},\"image\":{\"@id\":\"https:\\\/\\\/hotta.eu\\\/lv\\\/shop\\\/kutbil-ik-xxxtra-hot-habanero-sauce\\\/#primaryimage\"},\"thumbnailUrl\":\"https:\\\/\\\/hotta.eu\\\/wp-content\\\/uploads\\\/2024\\\/03\\\/EY-2.jpg\",\"datePublished\":\"2021-09-18T16:10:36+00:00\",\"dateModified\":\"2025-09-13T15:16:28+00:00\",\"description\":\"El \u010capo pa\u0161a gatavot\u0101 karst\u0101 m\u0113rce. Sarkanie \u010dilli, sriracha, habanero un chipotle \u010dilli ir izmantoti, lai rad\u012btu modern\u0101ku m\u0113rci. Nedaudz d\u016bmakains, ar virs vid\u0113j\u0101 l\u012bme\u0146a asumu un pat\u012bkamu tekst\u016bru ikdienas lieto\u0161anai.\",\"breadcrumb\":{\"@id\":\"https:\\\/\\\/hotta.eu\\\/lv\\\/shop\\\/kutbil-ik-xxxtra-hot-habanero-sauce\\\/#breadcrumb\"},\"inLanguage\":\"lv-LV\",\"potentialAction\":[{\"@type\":\"ReadAction\",\"target\":[\"https:\\\/\\\/hotta.eu\\\/lv\\\/shop\\\/kutbil-ik-xxxtra-hot-habanero-sauce\\\/\"]}]},{\"@type\":\"ImageObject\",\"inLanguage\":\"lv-LV\",\"@id\":\"https:\\\/\\\/hotta.eu\\\/lv\\\/shop\\\/kutbil-ik-xxxtra-hot-habanero-sauce\\\/#primaryimage\",\"url\":\"https:\\\/\\\/hotta.eu\\\/wp-content\\\/uploads\\\/2024\\\/03\\\/EY-2.jpg\",\"contentUrl\":\"https:\\\/\\\/hotta.eu\\\/wp-content\\\/uploads\\\/2024\\\/03\\\/EY-2.jpg\",\"width\":2000,\"height\":1999},{\"@type\":\"BreadcrumbList\",\"@id\":\"https:\\\/\\\/hotta.eu\\\/lv\\\/shop\\\/kutbil-ik-xxxtra-hot-habanero-sauce\\\/#breadcrumb\",\"itemListElement\":[{\"@type\":\"ListItem\",\"position\":1,\"name\":\"S\u0101kums\",\"item\":\"https:\\\/\\\/hotta.eu\\\/lv\\\/\"},{\"@type\":\"ListItem\",\"position\":2,\"name\":\"Veikals\",\"item\":\"https:\\\/\\\/hotta.eu\\\/lv\\\/shop\\\/\"},{\"@type\":\"ListItem\",\"position\":3,\"name\":\"Kutbil-Ik XXXtra Hot Habanero Sauce\"}]},{\"@type\":\"WebSite\",\"@id\":\"https:\\\/\\\/hotta.eu\\\/lv\\\/#website\",\"url\":\"https:\\\/\\\/hotta.eu\\\/lv\\\/\",\"name\":\"Hotta\",\"description\":\"Makes your mouth burn a lotta!\",\"publisher\":{\"@id\":\"https:\\\/\\\/hotta.eu\\\/lv\\\/#organization\"},\"potentialAction\":[{\"@type\":\"SearchAction\",\"target\":{\"@type\":\"EntryPoint\",\"urlTemplate\":\"https:\\\/\\\/hotta.eu\\\/lv\\\/?s={search_term_string}\"},\"query-input\":{\"@type\":\"PropertyValueSpecification\",\"valueRequired\":true,\"valueName\":\"search_term_string\"}}],\"inLanguage\":\"lv-LV\"},{\"@type\":\"Organization\",\"@id\":\"https:\\\/\\\/hotta.eu\\\/lv\\\/#organization\",\"name\":\"Hotta\",\"url\":\"https:\\\/\\\/hotta.eu\\\/lv\\\/\",\"logo\":{\"@type\":\"ImageObject\",\"inLanguage\":\"lv-LV\",\"@id\":\"https:\\\/\\\/hotta.eu\\\/lv\\\/#\\\/schema\\\/logo\\\/image\\\/\",\"url\":\"https:\\\/\\\/hotta.eu\\\/wp-content\\\/uploads\\\/2025\\\/04\\\/hotta-logo-invoice.png\",\"contentUrl\":\"https:\\\/\\\/hotta.eu\\\/wp-content\\\/uploads\\\/2025\\\/04\\\/hotta-logo-invoice.png\",\"width\":600,\"height\":411,\"caption\":\"Hotta\"},\"image\":{\"@id\":\"https:\\\/\\\/hotta.eu\\\/lv\\\/#\\\/schema\\\/logo\\\/image\\\/\"},\"sameAs\":[\"https:\\\/\\\/www.facebook.com\\\/hotta.eu\",\"https:\\\/\\\/x.com\\\/hottashop\",\"https:\\\/\\\/www.instagram.com\\\/hotta.shop\"]}]}<\/script>\n<!-- \/ Yoast SEO plugin. -->","yoast_head_json":{"title":"Kutbil-Ik XXXtra Hot Habanero Sauce - Hotta","description":"El \u010capo pa\u0161a gatavot\u0101 karst\u0101 m\u0113rce. Sarkanie \u010dilli, sriracha, habanero un chipotle \u010dilli ir izmantoti, lai rad\u012btu modern\u0101ku m\u0113rci. Nedaudz d\u016bmakains, ar virs vid\u0113j\u0101 l\u012bme\u0146a asumu un pat\u012bkamu tekst\u016bru ikdienas lieto\u0161anai.","robots":{"index":"index","follow":"follow","max-snippet":"max-snippet:-1","max-image-preview":"max-image-preview:large","max-video-preview":"max-video-preview:-1"},"canonical":"https:\/\/hotta.eu\/lv\/shop\/kutbil-ik-xxxtra-hot-habanero-sauce\/","og_locale":"lv_LV","og_type":"article","og_title":"Kutbil-Ik XXXtra Hot Habanero Sauce - Hotta","og_description":"El \u010capo pa\u0161a gatavot\u0101 karst\u0101 m\u0113rce. Sarkanie \u010dilli, sriracha, habanero un chipotle \u010dilli ir izmantoti, lai rad\u012btu modern\u0101ku m\u0113rci. Nedaudz d\u016bmakains, ar virs vid\u0113j\u0101 l\u012bme\u0146a asumu un pat\u012bkamu tekst\u016bru ikdienas lieto\u0161anai.","og_url":"https:\/\/hotta.eu\/lv\/shop\/kutbil-ik-xxxtra-hot-habanero-sauce\/","og_site_name":"Hotta","article_publisher":"https:\/\/www.facebook.com\/hotta.eu","article_modified_time":"2025-09-13T15:16:28+00:00","og_image":[{"width":2000,"height":1999,"url":"https:\/\/hotta.eu\/wp-content\/uploads\/2024\/03\/EY-2.jpg","type":"image\/jpeg"}],"twitter_card":"summary_large_image","twitter_site":"@hottashop","twitter_misc":{"Est. reading time":"1 minute"},"schema":{"@context":"https:\/\/schema.org","@graph":[{"@type":"WebPage","@id":"https:\/\/hotta.eu\/lv\/shop\/kutbil-ik-xxxtra-hot-habanero-sauce\/","url":"https:\/\/hotta.eu\/lv\/shop\/kutbil-ik-xxxtra-hot-habanero-sauce\/","name":"Kutbil-Ik XXXtra Hot Habanero Sauce - Hotta","isPartOf":{"@id":"https:\/\/hotta.eu\/lv\/#website"},"primaryImageOfPage":{"@id":"https:\/\/hotta.eu\/lv\/shop\/kutbil-ik-xxxtra-hot-habanero-sauce\/#primaryimage"},"image":{"@id":"https:\/\/hotta.eu\/lv\/shop\/kutbil-ik-xxxtra-hot-habanero-sauce\/#primaryimage"},"thumbnailUrl":"https:\/\/hotta.eu\/wp-content\/uploads\/2024\/03\/EY-2.jpg","datePublished":"2021-09-18T16:10:36+00:00","dateModified":"2025-09-13T15:16:28+00:00","description":"El \u010capo pa\u0161a gatavot\u0101 karst\u0101 m\u0113rce. Sarkanie \u010dilli, sriracha, habanero un chipotle \u010dilli ir izmantoti, lai rad\u012btu modern\u0101ku m\u0113rci. Nedaudz d\u016bmakains, ar virs vid\u0113j\u0101 l\u012bme\u0146a asumu un pat\u012bkamu tekst\u016bru ikdienas lieto\u0161anai.","breadcrumb":{"@id":"https:\/\/hotta.eu\/lv\/shop\/kutbil-ik-xxxtra-hot-habanero-sauce\/#breadcrumb"},"inLanguage":"lv-LV","potentialAction":[{"@type":"ReadAction","target":["https:\/\/hotta.eu\/lv\/shop\/kutbil-ik-xxxtra-hot-habanero-sauce\/"]}]},{"@type":"ImageObject","inLanguage":"lv-LV","@id":"https:\/\/hotta.eu\/lv\/shop\/kutbil-ik-xxxtra-hot-habanero-sauce\/#primaryimage","url":"https:\/\/hotta.eu\/wp-content\/uploads\/2024\/03\/EY-2.jpg","contentUrl":"https:\/\/hotta.eu\/wp-content\/uploads\/2024\/03\/EY-2.jpg","width":2000,"height":1999},{"@type":"BreadcrumbList","@id":"https:\/\/hotta.eu\/lv\/shop\/kutbil-ik-xxxtra-hot-habanero-sauce\/#breadcrumb","itemListElement":[{"@type":"ListItem","position":1,"name":"S\u0101kums","item":"https:\/\/hotta.eu\/lv\/"},{"@type":"ListItem","position":2,"name":"Veikals","item":"https:\/\/hotta.eu\/lv\/shop\/"},{"@type":"ListItem","position":3,"name":"Kutbil-Ik XXXtra Hot Habanero Sauce"}]},{"@type":"WebSite","@id":"https:\/\/hotta.eu\/lv\/#website","url":"https:\/\/hotta.eu\/lv\/","name":"Hotta","description":"Makes your mouth burn a lotta!","publisher":{"@id":"https:\/\/hotta.eu\/lv\/#organization"},"potentialAction":[{"@type":"SearchAction","target":{"@type":"EntryPoint","urlTemplate":"https:\/\/hotta.eu\/lv\/?s={search_term_string}"},"query-input":{"@type":"PropertyValueSpecification","valueRequired":true,"valueName":"search_term_string"}}],"inLanguage":"lv-LV"},{"@type":"Organization","@id":"https:\/\/hotta.eu\/lv\/#organization","name":"Hotta","url":"https:\/\/hotta.eu\/lv\/","logo":{"@type":"ImageObject","inLanguage":"lv-LV","@id":"https:\/\/hotta.eu\/lv\/#\/schema\/logo\/image\/","url":"https:\/\/hotta.eu\/wp-content\/uploads\/2025\/04\/hotta-logo-invoice.png","contentUrl":"https:\/\/hotta.eu\/wp-content\/uploads\/2025\/04\/hotta-logo-invoice.png","width":600,"height":411,"caption":"Hotta"},"image":{"@id":"https:\/\/hotta.eu\/lv\/#\/schema\/logo\/image\/"},"sameAs":["https:\/\/www.facebook.com\/hotta.eu","https:\/\/x.com\/hottashop","https:\/\/www.instagram.com\/hotta.shop"]}]}},"jetpack_sharing_enabled":true,"_links":{"self":[{"href":"https:\/\/hotta.eu\/lv\/wp-json\/wp\/v2\/product\/19057","targetHints":{"allow":["GET"]}}],"collection":[{"href":"https:\/\/hotta.eu\/lv\/wp-json\/wp\/v2\/product"}],"about":[{"href":"https:\/\/hotta.eu\/lv\/wp-json\/wp\/v2\/types\/product"}],"replies":[{"embeddable":true,"href":"https:\/\/hotta.eu\/lv\/wp-json\/wp\/v2\/comments?post=19057"}],"wp:featuredmedia":[{"embeddable":true,"href":"https:\/\/hotta.eu\/lv\/wp-json\/wp\/v2\/media\/16331"}],"wp:attachment":[{"href":"https:\/\/hotta.eu\/lv\/wp-json\/wp\/v2\/media?parent=19057"}],"wp:term":[{"taxonomy":"product_cat","embeddable":true,"href":"https:\/\/hotta.eu\/lv\/wp-json\/wp\/v2\/product_cat?post=19057"},{"taxonomy":"product_tag","embeddable":true,"href":"https:\/\/hotta.eu\/lv\/wp-json\/wp\/v2\/product_tag?post=19057"},{"taxonomy":"giftcard-category","embeddable":true,"href":"https:\/\/hotta.eu\/lv\/wp-json\/wp\/v2\/giftcard-category?post=19057"}],"curies":[{"name":"wp","href":"https:\/\/api.w.org\/{rel}","templated":true}]}}