{"id":19065,"date":"2021-10-06T20:58:41","date_gmt":"2021-10-06T18:58:41","guid":{"rendered":"https:\/\/hotta.eu\/shop\/ipasi-pikanta-ramen-nudelu-zupa\/"},"modified":"2024-12-27T12:41:28","modified_gmt":"2024-12-27T10:41:28","slug":"extra-spicy-ramen-noodle-soup","status":"publish","type":"product","link":"https:\/\/hotta.eu\/lv\/shop\/extra-spicy-ramen-noodle-soup\/","title":{"rendered":"Extra Spicy Ramen Noodle Soup"},"content":{"rendered":"<p><strong>Sast\u0101vda\u013cas<\/strong><br \/>\n<strong>Kvie\u0161u milti<\/strong>, modific\u0113ta tapiokas ciete, rafin\u0113ta palmu e\u013c\u013ca, rafin\u0113ta s\u0101ls,<strong> sojas lecit\u012bns<\/strong>, s\u012bpolu ekstrakts, k\u0101lija karbon\u0101ts, gu\u0101ra sve\u0137i, tokoferola pulveris, n\u0101trija karbon\u0101ts, divb\u0101zes n\u0101trija fosf\u0101ts, za\u013c\u0101s t\u0113jas aromatiz\u0113t\u0101ja e\u013c\u013ca, riboflav\u012bns, citronsk\u0101be, \u010dilli pulveris, s\u0101ls, \u010dilli m\u0113rces pulveris, baltais cukurs, sojas m\u0113rces pulveris, n\u0101trija L-glutam\u0101ts, tom\u0101tu pulveris, tom\u0101tu pulveris, modific\u0113ta kartupe\u013cu ciete, grauzd\u0113ti <strong>kvie\u0161u milti<\/strong>, DL-\u0101bolsk\u0101be, DL-\u0101bolsk\u0101be, rauga ekstrakta pulveris, p\u0113ters\u012b\u013cu p\u0101rslas, paprikas ekstrakts, \u010dilli ekstrakta pulveris, din\u0101trija 5&#8242;-ribonukleot\u012bds, ksant\u0101na sve\u0137i, jalapeno e\u013c\u013ca, kalt\u0113ti k\u0101posti, kalt\u0113ti bok \u010doju, kalt\u0113ti burk\u0101ni, kalt\u0113ti sarkanie pipari. Satur <strong>kvie\u0161us<\/strong>, <strong>soju<\/strong> un <strong>olas<\/strong>. Var satur\u0113t <strong>riekstu<\/strong> p\u0113das.<\/p>\n<div class=\"tableheader\"><strong>Uzturv\u0113rt\u012bba (53 g)<br \/>\n<\/strong> Kalorijas 240, tauki 9 g, no tiem pies\u0101tin\u0101tie tauki 4 g, og\u013chidr\u0101ti 36 g, no tiem cukuri 2 g, n\u0101trijs 880 mg.<\/div>\n","protected":false},"excerpt":{"rendered":"<p>Le\u0123end\u0101rais Tapat\u00edo, tagad ar\u012b n\u016bdeles! \u012apa\u0161i pikant\u0101 n\u016bde\u013cu versija pied\u0101v\u0101 jautru izaicin\u0101jumu &#8211; aiciniet draugus kop\u0101 un izm\u0113\u0123iniet to! \ud83d\udd25 \ud83c\udf5c<br \/>\n[ywcwtl_form product_id=\"\"]<\/p>\n","protected":false},"featured_media":16359,"comment_status":"open","ping_status":"closed","template":"","meta":[],"product_cat":[932],"product_tag":[],"giftcard-category":[],"class_list":{"0":"post-19065","1":"product","2":"type-product","3":"status-publish","4":"has-post-thumbnail","6":"product_cat-citi","7":"pa_brand-tapatio","9":"first","10":"outofstock","11":"taxable","12":"shipping-taxable","13":"purchasable","14":"product-type-simple"},"yoast_head":"<!-- This site is optimized with the Yoast SEO plugin v27.4 - https:\/\/yoast.com\/product\/yoast-seo-wordpress\/ -->\n<title>Extra Spicy Ramen Noodle Soup - Hotta<\/title>\n<meta name=\"robots\" content=\"index, follow, max-snippet:-1, max-image-preview:large, max-video-preview:-1\" \/>\n<link rel=\"canonical\" href=\"https:\/\/hotta.eu\/lv\/shop\/extra-spicy-ramen-noodle-soup\/\" \/>\n<meta property=\"og:locale\" content=\"lv_LV\" \/>\n<meta property=\"og:type\" content=\"article\" \/>\n<meta property=\"og:title\" content=\"Extra Spicy Ramen Noodle Soup - Hotta\" \/>\n<meta property=\"og:description\" content=\"Le\u0123end\u0101rais Tapat\u00edo, tagad ar\u012b n\u016bdeles! \u012apa\u0161i pikant\u0101 n\u016bde\u013cu versija pied\u0101v\u0101 jautru izaicin\u0101jumu - aiciniet draugus kop\u0101 un izm\u0113\u0123iniet to! \ud83d\udd25 \ud83c\udf5c\" \/>\n<meta property=\"og:url\" content=\"https:\/\/hotta.eu\/lv\/shop\/extra-spicy-ramen-noodle-soup\/\" \/>\n<meta property=\"og:site_name\" content=\"Hotta\" \/>\n<meta property=\"article:publisher\" content=\"https:\/\/www.facebook.com\/hotta.eu\" \/>\n<meta property=\"article:modified_time\" content=\"2024-12-27T10:41:28+00:00\" \/>\n<meta property=\"og:image\" content=\"https:\/\/hotta.eu\/wp-content\/uploads\/2024\/03\/tapatio-ramen-extra-spicy-2.jpg\" \/>\n\t<meta property=\"og:image:width\" content=\"2000\" \/>\n\t<meta property=\"og:image:height\" content=\"1999\" \/>\n\t<meta property=\"og:image:type\" content=\"image\/jpeg\" \/>\n<meta name=\"twitter:card\" content=\"summary_large_image\" \/>\n<meta name=\"twitter:site\" content=\"@hottashop\" \/>\n<meta name=\"twitter:label1\" content=\"Est. reading time\" \/>\n\t<meta name=\"twitter:data1\" content=\"1 minute\" \/>\n<script type=\"application\/ld+json\" class=\"yoast-schema-graph\">{\"@context\":\"https:\\\/\\\/schema.org\",\"@graph\":[{\"@type\":\"WebPage\",\"@id\":\"https:\\\/\\\/hotta.eu\\\/lv\\\/shop\\\/extra-spicy-ramen-noodle-soup\\\/\",\"url\":\"https:\\\/\\\/hotta.eu\\\/lv\\\/shop\\\/extra-spicy-ramen-noodle-soup\\\/\",\"name\":\"Extra Spicy Ramen Noodle Soup - Hotta\",\"isPartOf\":{\"@id\":\"https:\\\/\\\/hotta.eu\\\/lv\\\/#website\"},\"primaryImageOfPage\":{\"@id\":\"https:\\\/\\\/hotta.eu\\\/lv\\\/shop\\\/extra-spicy-ramen-noodle-soup\\\/#primaryimage\"},\"image\":{\"@id\":\"https:\\\/\\\/hotta.eu\\\/lv\\\/shop\\\/extra-spicy-ramen-noodle-soup\\\/#primaryimage\"},\"thumbnailUrl\":\"https:\\\/\\\/hotta.eu\\\/wp-content\\\/uploads\\\/2024\\\/03\\\/tapatio-ramen-extra-spicy-2.jpg\",\"datePublished\":\"2021-10-06T18:58:41+00:00\",\"dateModified\":\"2024-12-27T10:41:28+00:00\",\"breadcrumb\":{\"@id\":\"https:\\\/\\\/hotta.eu\\\/lv\\\/shop\\\/extra-spicy-ramen-noodle-soup\\\/#breadcrumb\"},\"inLanguage\":\"lv-LV\",\"potentialAction\":[{\"@type\":\"ReadAction\",\"target\":[\"https:\\\/\\\/hotta.eu\\\/lv\\\/shop\\\/extra-spicy-ramen-noodle-soup\\\/\"]}]},{\"@type\":\"ImageObject\",\"inLanguage\":\"lv-LV\",\"@id\":\"https:\\\/\\\/hotta.eu\\\/lv\\\/shop\\\/extra-spicy-ramen-noodle-soup\\\/#primaryimage\",\"url\":\"https:\\\/\\\/hotta.eu\\\/wp-content\\\/uploads\\\/2024\\\/03\\\/tapatio-ramen-extra-spicy-2.jpg\",\"contentUrl\":\"https:\\\/\\\/hotta.eu\\\/wp-content\\\/uploads\\\/2024\\\/03\\\/tapatio-ramen-extra-spicy-2.jpg\",\"width\":2000,\"height\":1999},{\"@type\":\"BreadcrumbList\",\"@id\":\"https:\\\/\\\/hotta.eu\\\/lv\\\/shop\\\/extra-spicy-ramen-noodle-soup\\\/#breadcrumb\",\"itemListElement\":[{\"@type\":\"ListItem\",\"position\":1,\"name\":\"S\u0101kums\",\"item\":\"https:\\\/\\\/hotta.eu\\\/lv\\\/sakumlapa\\\/\"},{\"@type\":\"ListItem\",\"position\":2,\"name\":\"Veikals\",\"item\":\"https:\\\/\\\/hotta.eu\\\/lv\\\/shop\\\/\"},{\"@type\":\"ListItem\",\"position\":3,\"name\":\"Extra Spicy Ramen Noodle Soup\"}]},{\"@type\":\"WebSite\",\"@id\":\"https:\\\/\\\/hotta.eu\\\/lv\\\/#website\",\"url\":\"https:\\\/\\\/hotta.eu\\\/lv\\\/\",\"name\":\"Hotta\",\"description\":\"Makes your mouth burn a lotta!\",\"publisher\":{\"@id\":\"https:\\\/\\\/hotta.eu\\\/lv\\\/#organization\"},\"potentialAction\":[{\"@type\":\"SearchAction\",\"target\":{\"@type\":\"EntryPoint\",\"urlTemplate\":\"https:\\\/\\\/hotta.eu\\\/lv\\\/?s={search_term_string}\"},\"query-input\":{\"@type\":\"PropertyValueSpecification\",\"valueRequired\":true,\"valueName\":\"search_term_string\"}}],\"inLanguage\":\"lv-LV\"},{\"@type\":\"Organization\",\"@id\":\"https:\\\/\\\/hotta.eu\\\/lv\\\/#organization\",\"name\":\"Hotta\",\"url\":\"https:\\\/\\\/hotta.eu\\\/lv\\\/\",\"logo\":{\"@type\":\"ImageObject\",\"inLanguage\":\"lv-LV\",\"@id\":\"https:\\\/\\\/hotta.eu\\\/lv\\\/#\\\/schema\\\/logo\\\/image\\\/\",\"url\":\"https:\\\/\\\/hotta.eu\\\/wp-content\\\/uploads\\\/2025\\\/04\\\/hotta-logo-invoice.png\",\"contentUrl\":\"https:\\\/\\\/hotta.eu\\\/wp-content\\\/uploads\\\/2025\\\/04\\\/hotta-logo-invoice.png\",\"width\":600,\"height\":411,\"caption\":\"Hotta\"},\"image\":{\"@id\":\"https:\\\/\\\/hotta.eu\\\/lv\\\/#\\\/schema\\\/logo\\\/image\\\/\"},\"sameAs\":[\"https:\\\/\\\/www.facebook.com\\\/hotta.eu\",\"https:\\\/\\\/x.com\\\/hottashop\",\"https:\\\/\\\/www.instagram.com\\\/hotta.shop\"]}]}<\/script>\n<!-- \/ Yoast SEO plugin. -->","yoast_head_json":{"title":"Extra Spicy Ramen Noodle Soup - Hotta","robots":{"index":"index","follow":"follow","max-snippet":"max-snippet:-1","max-image-preview":"max-image-preview:large","max-video-preview":"max-video-preview:-1"},"canonical":"https:\/\/hotta.eu\/lv\/shop\/extra-spicy-ramen-noodle-soup\/","og_locale":"lv_LV","og_type":"article","og_title":"Extra Spicy Ramen Noodle Soup - Hotta","og_description":"Le\u0123end\u0101rais Tapat\u00edo, tagad ar\u012b n\u016bdeles! \u012apa\u0161i pikant\u0101 n\u016bde\u013cu versija pied\u0101v\u0101 jautru izaicin\u0101jumu - aiciniet draugus kop\u0101 un izm\u0113\u0123iniet to! \ud83d\udd25 \ud83c\udf5c","og_url":"https:\/\/hotta.eu\/lv\/shop\/extra-spicy-ramen-noodle-soup\/","og_site_name":"Hotta","article_publisher":"https:\/\/www.facebook.com\/hotta.eu","article_modified_time":"2024-12-27T10:41:28+00:00","og_image":[{"width":2000,"height":1999,"url":"https:\/\/hotta.eu\/wp-content\/uploads\/2024\/03\/tapatio-ramen-extra-spicy-2.jpg","type":"image\/jpeg"}],"twitter_card":"summary_large_image","twitter_site":"@hottashop","twitter_misc":{"Est. reading time":"1 minute"},"schema":{"@context":"https:\/\/schema.org","@graph":[{"@type":"WebPage","@id":"https:\/\/hotta.eu\/lv\/shop\/extra-spicy-ramen-noodle-soup\/","url":"https:\/\/hotta.eu\/lv\/shop\/extra-spicy-ramen-noodle-soup\/","name":"Extra Spicy Ramen Noodle Soup - Hotta","isPartOf":{"@id":"https:\/\/hotta.eu\/lv\/#website"},"primaryImageOfPage":{"@id":"https:\/\/hotta.eu\/lv\/shop\/extra-spicy-ramen-noodle-soup\/#primaryimage"},"image":{"@id":"https:\/\/hotta.eu\/lv\/shop\/extra-spicy-ramen-noodle-soup\/#primaryimage"},"thumbnailUrl":"https:\/\/hotta.eu\/wp-content\/uploads\/2024\/03\/tapatio-ramen-extra-spicy-2.jpg","datePublished":"2021-10-06T18:58:41+00:00","dateModified":"2024-12-27T10:41:28+00:00","breadcrumb":{"@id":"https:\/\/hotta.eu\/lv\/shop\/extra-spicy-ramen-noodle-soup\/#breadcrumb"},"inLanguage":"lv-LV","potentialAction":[{"@type":"ReadAction","target":["https:\/\/hotta.eu\/lv\/shop\/extra-spicy-ramen-noodle-soup\/"]}]},{"@type":"ImageObject","inLanguage":"lv-LV","@id":"https:\/\/hotta.eu\/lv\/shop\/extra-spicy-ramen-noodle-soup\/#primaryimage","url":"https:\/\/hotta.eu\/wp-content\/uploads\/2024\/03\/tapatio-ramen-extra-spicy-2.jpg","contentUrl":"https:\/\/hotta.eu\/wp-content\/uploads\/2024\/03\/tapatio-ramen-extra-spicy-2.jpg","width":2000,"height":1999},{"@type":"BreadcrumbList","@id":"https:\/\/hotta.eu\/lv\/shop\/extra-spicy-ramen-noodle-soup\/#breadcrumb","itemListElement":[{"@type":"ListItem","position":1,"name":"S\u0101kums","item":"https:\/\/hotta.eu\/lv\/sakumlapa\/"},{"@type":"ListItem","position":2,"name":"Veikals","item":"https:\/\/hotta.eu\/lv\/shop\/"},{"@type":"ListItem","position":3,"name":"Extra Spicy Ramen Noodle Soup"}]},{"@type":"WebSite","@id":"https:\/\/hotta.eu\/lv\/#website","url":"https:\/\/hotta.eu\/lv\/","name":"Hotta","description":"Makes your mouth burn a lotta!","publisher":{"@id":"https:\/\/hotta.eu\/lv\/#organization"},"potentialAction":[{"@type":"SearchAction","target":{"@type":"EntryPoint","urlTemplate":"https:\/\/hotta.eu\/lv\/?s={search_term_string}"},"query-input":{"@type":"PropertyValueSpecification","valueRequired":true,"valueName":"search_term_string"}}],"inLanguage":"lv-LV"},{"@type":"Organization","@id":"https:\/\/hotta.eu\/lv\/#organization","name":"Hotta","url":"https:\/\/hotta.eu\/lv\/","logo":{"@type":"ImageObject","inLanguage":"lv-LV","@id":"https:\/\/hotta.eu\/lv\/#\/schema\/logo\/image\/","url":"https:\/\/hotta.eu\/wp-content\/uploads\/2025\/04\/hotta-logo-invoice.png","contentUrl":"https:\/\/hotta.eu\/wp-content\/uploads\/2025\/04\/hotta-logo-invoice.png","width":600,"height":411,"caption":"Hotta"},"image":{"@id":"https:\/\/hotta.eu\/lv\/#\/schema\/logo\/image\/"},"sameAs":["https:\/\/www.facebook.com\/hotta.eu","https:\/\/x.com\/hottashop","https:\/\/www.instagram.com\/hotta.shop"]}]}},"jetpack_sharing_enabled":true,"_links":{"self":[{"href":"https:\/\/hotta.eu\/lv\/wp-json\/wp\/v2\/product\/19065","targetHints":{"allow":["GET"]}}],"collection":[{"href":"https:\/\/hotta.eu\/lv\/wp-json\/wp\/v2\/product"}],"about":[{"href":"https:\/\/hotta.eu\/lv\/wp-json\/wp\/v2\/types\/product"}],"replies":[{"embeddable":true,"href":"https:\/\/hotta.eu\/lv\/wp-json\/wp\/v2\/comments?post=19065"}],"wp:featuredmedia":[{"embeddable":true,"href":"https:\/\/hotta.eu\/lv\/wp-json\/wp\/v2\/media\/16359"}],"wp:attachment":[{"href":"https:\/\/hotta.eu\/lv\/wp-json\/wp\/v2\/media?parent=19065"}],"wp:term":[{"taxonomy":"product_cat","embeddable":true,"href":"https:\/\/hotta.eu\/lv\/wp-json\/wp\/v2\/product_cat?post=19065"},{"taxonomy":"product_tag","embeddable":true,"href":"https:\/\/hotta.eu\/lv\/wp-json\/wp\/v2\/product_tag?post=19065"},{"taxonomy":"giftcard-category","embeddable":true,"href":"https:\/\/hotta.eu\/lv\/wp-json\/wp\/v2\/giftcard-category?post=19065"}],"curies":[{"name":"wp","href":"https:\/\/api.w.org\/{rel}","templated":true}]}}