{"id":19090,"date":"2021-10-09T03:57:36","date_gmt":"2021-10-09T01:57:36","guid":{"rendered":"https:\/\/hotta.eu\/shop\/trifelu-premium-karsta-merce\/"},"modified":"2024-12-27T12:41:24","modified_gmt":"2024-12-27T10:41:24","slug":"truffle-premium-hot-sauce","status":"publish","type":"product","link":"https:\/\/hotta.eu\/lv\/shop\/truffle-premium-hot-sauce\/","title":{"rendered":"Truffle Premium Hot Sauce"},"content":{"rendered":"<p><strong>Sast\u0101vda\u013cas<br \/>\n<\/strong>Paprika, jalape\u00f1o, auksti spiesta ol\u012bve\u013c\u013ca ar melno trife\u013cu d\u017eeru, meln\u0101s trifeles, gar\u0161vielas, cukurs, eti\u0137sk\u0101be, ksant\u0101na sve\u0137i (E415).<\/p>\n<p><strong>Uztura inform\u0101cija (100 g)<br \/>\n<\/strong>Ener\u0123ija 166,24 kJ \/ 685,51 kcal, tauki 13,38 g, no tiem pies\u0101tin\u0101tie tauki 1,98 g, og\u013chidr\u0101ti 10,75 g, s\u0101ls 2,16 g, cukurs 8,37 g.<\/p>\n<p><strong>Der\u012bgums un glab\u0101\u0161ana<\/strong><br \/>\nDer\u012bguma termi\u0146\u0161 uz pudel\u012btes attiecas uz neatv\u0113rtiem produktiem. Atv\u0113rtu produktu j\u0101uzglab\u0101 ledusskap\u012b.<\/p>\n","protected":false},"excerpt":{"rendered":"<p>\u012apa\u0161as ESPICY m\u0113rces tie\u0161i no Sp\u0101nijas! Trife\u013cu m\u0113rce ir \u012bpa\u0161a \u0161\u0137irne, un ir tikai neskait\u0101mas pudeles!<\/p>\n<p>Iepaz\u012bstin\u0101m ar ESPICY jaun\u0101ko darbu! Izgatavots no Teru\u0113las selekcion\u0113taj\u0101m melnaj\u0101m trifel\u0113m, kas paz\u012bstamas ar savu unik\u0101lo un ekstravaganto gar\u0161u. \u0160ai m\u0113rcei piem\u012bt vid\u0113ja l\u012bdz zem vid\u0113j\u0101 karstuma un eleganta gar\u0161a, ar autentiskiem trife\u013cu gabali\u0146iem un umami bag\u0101tu tekst\u016bru. ESPICY trifeles ikvienam \u0113dienam pie\u0161\u0137ir unik\u0101lu pieredzi. Izm\u0113\u0123iniet ar ga\u013cu, gril\u0113tiem d\u0101rze\u0146iem, picu un burgeriem.<br \/>\n[ywcwtl_form product_id=\"\"]<\/p>\n","protected":false},"featured_media":16419,"comment_status":"open","ping_status":"closed","template":"","meta":[],"product_cat":[916,922],"product_tag":[],"giftcard-category":[],"class_list":{"0":"post-19090","1":"product","2":"type-product","3":"status-publish","4":"has-post-thumbnail","6":"product_cat-merces","7":"product_cat-videjs","8":"pa_brand-espicy","10":"first","11":"outofstock","12":"taxable","13":"shipping-taxable","14":"purchasable","15":"product-type-simple"},"yoast_head":"<!-- This site is optimized with the Yoast SEO plugin v27.4 - https:\/\/yoast.com\/product\/yoast-seo-wordpress\/ -->\n<title>Truffle Premium Hot Sauce - Hotta<\/title>\n<meta name=\"description\" content=\"\u012apa\u0161\u0101s ESPICY m\u0113rces ir ieradu\u0161\u0101s Igaunij\u0101 - tie\u0161i no Sp\u0101nijas! Tom\u0113r \u012bpa\u0161\u0101 trife\u013cu m\u0113rce ir \u012bpa\u0161a partija, un t\u0101s ir tikai neskait\u0101mas pudeles!\" \/>\n<meta name=\"robots\" content=\"index, follow, max-snippet:-1, max-image-preview:large, max-video-preview:-1\" \/>\n<link rel=\"canonical\" href=\"https:\/\/hotta.eu\/lv\/shop\/truffle-premium-hot-sauce\/\" \/>\n<meta property=\"og:locale\" content=\"lv_LV\" \/>\n<meta property=\"og:type\" content=\"article\" \/>\n<meta property=\"og:title\" content=\"Truffle Premium Hot Sauce - Hotta\" \/>\n<meta property=\"og:description\" content=\"\u012apa\u0161\u0101s ESPICY m\u0113rces ir ieradu\u0161\u0101s Igaunij\u0101 - tie\u0161i no Sp\u0101nijas! Tom\u0113r \u012bpa\u0161\u0101 trife\u013cu m\u0113rce ir \u012bpa\u0161a partija, un t\u0101s ir tikai neskait\u0101mas pudeles!\" \/>\n<meta property=\"og:url\" content=\"https:\/\/hotta.eu\/lv\/shop\/truffle-premium-hot-sauce\/\" \/>\n<meta property=\"og:site_name\" content=\"Hotta\" \/>\n<meta property=\"article:publisher\" content=\"https:\/\/www.facebook.com\/hotta.eu\" \/>\n<meta property=\"article:modified_time\" content=\"2024-12-27T10:41:24+00:00\" \/>\n<meta property=\"og:image\" content=\"https:\/\/hotta.eu\/wp-content\/uploads\/2024\/03\/espicy-truffle.jpg\" \/>\n\t<meta property=\"og:image:width\" content=\"2000\" \/>\n\t<meta property=\"og:image:height\" content=\"2000\" \/>\n\t<meta property=\"og:image:type\" content=\"image\/jpeg\" \/>\n<meta name=\"twitter:card\" content=\"summary_large_image\" \/>\n<meta name=\"twitter:site\" content=\"@hottashop\" \/>\n<meta name=\"twitter:label1\" content=\"Est. reading time\" \/>\n\t<meta name=\"twitter:data1\" content=\"1 minute\" \/>\n<script type=\"application\/ld+json\" class=\"yoast-schema-graph\">{\"@context\":\"https:\\\/\\\/schema.org\",\"@graph\":[{\"@type\":\"WebPage\",\"@id\":\"https:\\\/\\\/hotta.eu\\\/lv\\\/shop\\\/truffle-premium-hot-sauce\\\/\",\"url\":\"https:\\\/\\\/hotta.eu\\\/lv\\\/shop\\\/truffle-premium-hot-sauce\\\/\",\"name\":\"Truffle Premium Hot Sauce - Hotta\",\"isPartOf\":{\"@id\":\"https:\\\/\\\/hotta.eu\\\/lv\\\/#website\"},\"primaryImageOfPage\":{\"@id\":\"https:\\\/\\\/hotta.eu\\\/lv\\\/shop\\\/truffle-premium-hot-sauce\\\/#primaryimage\"},\"image\":{\"@id\":\"https:\\\/\\\/hotta.eu\\\/lv\\\/shop\\\/truffle-premium-hot-sauce\\\/#primaryimage\"},\"thumbnailUrl\":\"https:\\\/\\\/hotta.eu\\\/wp-content\\\/uploads\\\/2024\\\/03\\\/espicy-truffle.jpg\",\"datePublished\":\"2021-10-09T01:57:36+00:00\",\"dateModified\":\"2024-12-27T10:41:24+00:00\",\"description\":\"\u012apa\u0161\u0101s ESPICY m\u0113rces ir ieradu\u0161\u0101s Igaunij\u0101 - tie\u0161i no Sp\u0101nijas! Tom\u0113r \u012bpa\u0161\u0101 trife\u013cu m\u0113rce ir \u012bpa\u0161a partija, un t\u0101s ir tikai neskait\u0101mas pudeles!\",\"breadcrumb\":{\"@id\":\"https:\\\/\\\/hotta.eu\\\/lv\\\/shop\\\/truffle-premium-hot-sauce\\\/#breadcrumb\"},\"inLanguage\":\"lv-LV\",\"potentialAction\":[{\"@type\":\"ReadAction\",\"target\":[\"https:\\\/\\\/hotta.eu\\\/lv\\\/shop\\\/truffle-premium-hot-sauce\\\/\"]}]},{\"@type\":\"ImageObject\",\"inLanguage\":\"lv-LV\",\"@id\":\"https:\\\/\\\/hotta.eu\\\/lv\\\/shop\\\/truffle-premium-hot-sauce\\\/#primaryimage\",\"url\":\"https:\\\/\\\/hotta.eu\\\/wp-content\\\/uploads\\\/2024\\\/03\\\/espicy-truffle.jpg\",\"contentUrl\":\"https:\\\/\\\/hotta.eu\\\/wp-content\\\/uploads\\\/2024\\\/03\\\/espicy-truffle.jpg\",\"width\":2000,\"height\":2000},{\"@type\":\"BreadcrumbList\",\"@id\":\"https:\\\/\\\/hotta.eu\\\/lv\\\/shop\\\/truffle-premium-hot-sauce\\\/#breadcrumb\",\"itemListElement\":[{\"@type\":\"ListItem\",\"position\":1,\"name\":\"S\u0101kums\",\"item\":\"https:\\\/\\\/hotta.eu\\\/lv\\\/sakumlapa\\\/\"},{\"@type\":\"ListItem\",\"position\":2,\"name\":\"Veikals\",\"item\":\"https:\\\/\\\/hotta.eu\\\/lv\\\/shop\\\/\"},{\"@type\":\"ListItem\",\"position\":3,\"name\":\"Truffle Premium Hot Sauce\"}]},{\"@type\":\"WebSite\",\"@id\":\"https:\\\/\\\/hotta.eu\\\/lv\\\/#website\",\"url\":\"https:\\\/\\\/hotta.eu\\\/lv\\\/\",\"name\":\"Hotta\",\"description\":\"Makes your mouth burn a lotta!\",\"publisher\":{\"@id\":\"https:\\\/\\\/hotta.eu\\\/lv\\\/#organization\"},\"potentialAction\":[{\"@type\":\"SearchAction\",\"target\":{\"@type\":\"EntryPoint\",\"urlTemplate\":\"https:\\\/\\\/hotta.eu\\\/lv\\\/?s={search_term_string}\"},\"query-input\":{\"@type\":\"PropertyValueSpecification\",\"valueRequired\":true,\"valueName\":\"search_term_string\"}}],\"inLanguage\":\"lv-LV\"},{\"@type\":\"Organization\",\"@id\":\"https:\\\/\\\/hotta.eu\\\/lv\\\/#organization\",\"name\":\"Hotta\",\"url\":\"https:\\\/\\\/hotta.eu\\\/lv\\\/\",\"logo\":{\"@type\":\"ImageObject\",\"inLanguage\":\"lv-LV\",\"@id\":\"https:\\\/\\\/hotta.eu\\\/lv\\\/#\\\/schema\\\/logo\\\/image\\\/\",\"url\":\"https:\\\/\\\/hotta.eu\\\/wp-content\\\/uploads\\\/2025\\\/04\\\/hotta-logo-invoice.png\",\"contentUrl\":\"https:\\\/\\\/hotta.eu\\\/wp-content\\\/uploads\\\/2025\\\/04\\\/hotta-logo-invoice.png\",\"width\":600,\"height\":411,\"caption\":\"Hotta\"},\"image\":{\"@id\":\"https:\\\/\\\/hotta.eu\\\/lv\\\/#\\\/schema\\\/logo\\\/image\\\/\"},\"sameAs\":[\"https:\\\/\\\/www.facebook.com\\\/hotta.eu\",\"https:\\\/\\\/x.com\\\/hottashop\",\"https:\\\/\\\/www.instagram.com\\\/hotta.shop\"]}]}<\/script>\n<!-- \/ Yoast SEO plugin. -->","yoast_head_json":{"title":"Truffle Premium Hot Sauce - Hotta","description":"\u012apa\u0161\u0101s ESPICY m\u0113rces ir ieradu\u0161\u0101s Igaunij\u0101 - tie\u0161i no Sp\u0101nijas! Tom\u0113r \u012bpa\u0161\u0101 trife\u013cu m\u0113rce ir \u012bpa\u0161a partija, un t\u0101s ir tikai neskait\u0101mas pudeles!","robots":{"index":"index","follow":"follow","max-snippet":"max-snippet:-1","max-image-preview":"max-image-preview:large","max-video-preview":"max-video-preview:-1"},"canonical":"https:\/\/hotta.eu\/lv\/shop\/truffle-premium-hot-sauce\/","og_locale":"lv_LV","og_type":"article","og_title":"Truffle Premium Hot Sauce - Hotta","og_description":"\u012apa\u0161\u0101s ESPICY m\u0113rces ir ieradu\u0161\u0101s Igaunij\u0101 - tie\u0161i no Sp\u0101nijas! Tom\u0113r \u012bpa\u0161\u0101 trife\u013cu m\u0113rce ir \u012bpa\u0161a partija, un t\u0101s ir tikai neskait\u0101mas pudeles!","og_url":"https:\/\/hotta.eu\/lv\/shop\/truffle-premium-hot-sauce\/","og_site_name":"Hotta","article_publisher":"https:\/\/www.facebook.com\/hotta.eu","article_modified_time":"2024-12-27T10:41:24+00:00","og_image":[{"width":2000,"height":2000,"url":"https:\/\/hotta.eu\/wp-content\/uploads\/2024\/03\/espicy-truffle.jpg","type":"image\/jpeg"}],"twitter_card":"summary_large_image","twitter_site":"@hottashop","twitter_misc":{"Est. reading time":"1 minute"},"schema":{"@context":"https:\/\/schema.org","@graph":[{"@type":"WebPage","@id":"https:\/\/hotta.eu\/lv\/shop\/truffle-premium-hot-sauce\/","url":"https:\/\/hotta.eu\/lv\/shop\/truffle-premium-hot-sauce\/","name":"Truffle Premium Hot Sauce - Hotta","isPartOf":{"@id":"https:\/\/hotta.eu\/lv\/#website"},"primaryImageOfPage":{"@id":"https:\/\/hotta.eu\/lv\/shop\/truffle-premium-hot-sauce\/#primaryimage"},"image":{"@id":"https:\/\/hotta.eu\/lv\/shop\/truffle-premium-hot-sauce\/#primaryimage"},"thumbnailUrl":"https:\/\/hotta.eu\/wp-content\/uploads\/2024\/03\/espicy-truffle.jpg","datePublished":"2021-10-09T01:57:36+00:00","dateModified":"2024-12-27T10:41:24+00:00","description":"\u012apa\u0161\u0101s ESPICY m\u0113rces ir ieradu\u0161\u0101s Igaunij\u0101 - tie\u0161i no Sp\u0101nijas! Tom\u0113r \u012bpa\u0161\u0101 trife\u013cu m\u0113rce ir \u012bpa\u0161a partija, un t\u0101s ir tikai neskait\u0101mas pudeles!","breadcrumb":{"@id":"https:\/\/hotta.eu\/lv\/shop\/truffle-premium-hot-sauce\/#breadcrumb"},"inLanguage":"lv-LV","potentialAction":[{"@type":"ReadAction","target":["https:\/\/hotta.eu\/lv\/shop\/truffle-premium-hot-sauce\/"]}]},{"@type":"ImageObject","inLanguage":"lv-LV","@id":"https:\/\/hotta.eu\/lv\/shop\/truffle-premium-hot-sauce\/#primaryimage","url":"https:\/\/hotta.eu\/wp-content\/uploads\/2024\/03\/espicy-truffle.jpg","contentUrl":"https:\/\/hotta.eu\/wp-content\/uploads\/2024\/03\/espicy-truffle.jpg","width":2000,"height":2000},{"@type":"BreadcrumbList","@id":"https:\/\/hotta.eu\/lv\/shop\/truffle-premium-hot-sauce\/#breadcrumb","itemListElement":[{"@type":"ListItem","position":1,"name":"S\u0101kums","item":"https:\/\/hotta.eu\/lv\/sakumlapa\/"},{"@type":"ListItem","position":2,"name":"Veikals","item":"https:\/\/hotta.eu\/lv\/shop\/"},{"@type":"ListItem","position":3,"name":"Truffle Premium Hot Sauce"}]},{"@type":"WebSite","@id":"https:\/\/hotta.eu\/lv\/#website","url":"https:\/\/hotta.eu\/lv\/","name":"Hotta","description":"Makes your mouth burn a lotta!","publisher":{"@id":"https:\/\/hotta.eu\/lv\/#organization"},"potentialAction":[{"@type":"SearchAction","target":{"@type":"EntryPoint","urlTemplate":"https:\/\/hotta.eu\/lv\/?s={search_term_string}"},"query-input":{"@type":"PropertyValueSpecification","valueRequired":true,"valueName":"search_term_string"}}],"inLanguage":"lv-LV"},{"@type":"Organization","@id":"https:\/\/hotta.eu\/lv\/#organization","name":"Hotta","url":"https:\/\/hotta.eu\/lv\/","logo":{"@type":"ImageObject","inLanguage":"lv-LV","@id":"https:\/\/hotta.eu\/lv\/#\/schema\/logo\/image\/","url":"https:\/\/hotta.eu\/wp-content\/uploads\/2025\/04\/hotta-logo-invoice.png","contentUrl":"https:\/\/hotta.eu\/wp-content\/uploads\/2025\/04\/hotta-logo-invoice.png","width":600,"height":411,"caption":"Hotta"},"image":{"@id":"https:\/\/hotta.eu\/lv\/#\/schema\/logo\/image\/"},"sameAs":["https:\/\/www.facebook.com\/hotta.eu","https:\/\/x.com\/hottashop","https:\/\/www.instagram.com\/hotta.shop"]}]}},"jetpack_sharing_enabled":true,"_links":{"self":[{"href":"https:\/\/hotta.eu\/lv\/wp-json\/wp\/v2\/product\/19090","targetHints":{"allow":["GET"]}}],"collection":[{"href":"https:\/\/hotta.eu\/lv\/wp-json\/wp\/v2\/product"}],"about":[{"href":"https:\/\/hotta.eu\/lv\/wp-json\/wp\/v2\/types\/product"}],"replies":[{"embeddable":true,"href":"https:\/\/hotta.eu\/lv\/wp-json\/wp\/v2\/comments?post=19090"}],"wp:featuredmedia":[{"embeddable":true,"href":"https:\/\/hotta.eu\/lv\/wp-json\/wp\/v2\/media\/16419"}],"wp:attachment":[{"href":"https:\/\/hotta.eu\/lv\/wp-json\/wp\/v2\/media?parent=19090"}],"wp:term":[{"taxonomy":"product_cat","embeddable":true,"href":"https:\/\/hotta.eu\/lv\/wp-json\/wp\/v2\/product_cat?post=19090"},{"taxonomy":"product_tag","embeddable":true,"href":"https:\/\/hotta.eu\/lv\/wp-json\/wp\/v2\/product_tag?post=19090"},{"taxonomy":"giftcard-category","embeddable":true,"href":"https:\/\/hotta.eu\/lv\/wp-json\/wp\/v2\/giftcard-category?post=19090"}],"curies":[{"name":"wp","href":"https:\/\/api.w.org\/{rel}","templated":true}]}}