{"id":19130,"date":"2022-06-16T17:56:49","date_gmt":"2022-06-16T15:56:49","guid":{"rendered":"https:\/\/hotta.eu\/shop\/liellopu-galas-zerberi-cilli-un-laima\/"},"modified":"2026-02-06T13:18:08","modified_gmt":"2026-02-06T11:18:08","slug":"beef-jerky-chilli-lime","status":"publish","type":"product","link":"https:\/\/hotta.eu\/lv\/shop\/beef-jerky-chilli-lime\/","title":{"rendered":"Beef Jerky Chilli  Lime"},"content":{"rendered":"<p><strong>Sast\u0101vda\u013cas<\/strong><br \/>\nLiellopu ga\u013ca (min. 85%), gar\u0161vielu mais\u012bjums (dekstroze, s\u0101ls, gar\u0161vielu mais\u012bjums un \u017e\u0101v\u0113ti d\u0101rze\u0146i (s\u012bpoli, tom\u0101tu pulveris, pipari, \u0137iploki), \u010dilli 1,5%, laima aromatiz\u0113t\u0101js 0,6%, sk\u0101buma regulators: citronsk\u0101be), v\u012bnsk\u0101be, j\u016bras s\u0101ls, dab\u012bg\u0101s gar\u0161as.<\/p>\n<div class=\"tableheader\"><strong>Uzturv\u0113rt\u012bbas inform\u0101cija (100 g)<br \/>\n<\/strong> Ener\u0123ija 265 kcal, tauki 3,2 g, no tiem pies\u0101tin\u0101t\u0101s tauksk\u0101bes 1,4 g, og\u013chidr\u0101ti 2 g, no tiem cukuri 1,8 g.<\/div>\n<p><strong>Der\u012bguma termi\u0146\u0161 un uzglab\u0101\u0161ana<br \/>\n<\/strong>Uz iepakojuma nor\u0101d\u012btais der\u012bguma termi\u0146\u0161 attiecas uz neatv\u0113rtiem produktiem. Uzglab\u0101t saus\u0101 un v\u0113s\u0101 viet\u0101. Iepakojum\u0101 eso\u0161ais sk\u0101bek\u013ca att\u012br\u012bt\u0101js nav paredz\u0113ts lieto\u0161anai uztur\u0101.<\/p>\n","protected":false},"excerpt":{"rendered":"<p>Hot Chip kl\u0101sts ir atjaunin\u0101ts! Liellopu ga\u013cas \u017e\u0101v\u0113jumi ar \u010dili laima gar\u0161u satur 57 % olbaltumvielu un ir izgatavoti no 100 % dab\u012bg\u0101m sast\u0101vda\u013c\u0101m. Nesatur lipekli un \u0122MO.<\/p>\n<p>\u012asts \u010dilli. \ud83c\udf36\ufe0f<br \/>\n\u012asts karstums \ud83d\udd25.<br \/>\n[ywcwtl_form product_id=\"\"]<\/p>\n","protected":false},"featured_media":17669,"comment_status":"open","ping_status":"closed","template":"","meta":[],"product_cat":[938],"product_tag":[],"giftcard-category":[],"class_list":{"0":"post-19130","1":"product","2":"type-product","3":"status-publish","4":"has-post-thumbnail","6":"product_cat-uzkodas","7":"pa_brand-hot-chip","9":"first","10":"outofstock","11":"sale","12":"taxable","13":"shipping-taxable","14":"purchasable","15":"product-type-simple"},"yoast_head":"<!-- This site is optimized with the Yoast SEO plugin v27.3 - https:\/\/yoast.com\/product\/yoast-seo-wordpress\/ -->\n<title>Beef Jerky Chilli Lime - Hotta<\/title>\n<meta name=\"description\" content=\"Hot Chip Smoked Scorpio aromatiz\u0113t\u0101s \u010dilli str\u0113meles ir gatavotas no p\u0101k\u0161augiem. Sp\u0113c\u012bga, olbaltumviel\u0101m bag\u0101ta uzkoda.\" \/>\n<meta name=\"robots\" content=\"index, follow, max-snippet:-1, max-image-preview:large, max-video-preview:-1\" \/>\n<link rel=\"canonical\" href=\"https:\/\/hotta.eu\/lv\/shop\/beef-jerky-chilli-lime\/\" \/>\n<meta property=\"og:locale\" content=\"lv_LV\" \/>\n<meta property=\"og:type\" content=\"article\" \/>\n<meta property=\"og:title\" content=\"Beef Jerky Chilli Lime - Hotta\" \/>\n<meta property=\"og:description\" content=\"Hot Chip Smoked Scorpio aromatiz\u0113t\u0101s \u010dilli str\u0113meles ir gatavotas no p\u0101k\u0161augiem. Sp\u0113c\u012bga, olbaltumviel\u0101m bag\u0101ta uzkoda.\" \/>\n<meta property=\"og:url\" content=\"https:\/\/hotta.eu\/lv\/shop\/beef-jerky-chilli-lime\/\" \/>\n<meta property=\"og:site_name\" content=\"Hotta\" \/>\n<meta property=\"article:publisher\" content=\"https:\/\/www.facebook.com\/hotta.eu\" \/>\n<meta property=\"article:modified_time\" content=\"2026-02-06T11:18:08+00:00\" \/>\n<meta property=\"og:image\" content=\"https:\/\/hotta.eu\/wp-content\/uploads\/2022\/06\/jerky-chili-lime-1.jpg\" \/>\n\t<meta property=\"og:image:width\" content=\"800\" \/>\n\t<meta property=\"og:image:height\" content=\"800\" \/>\n\t<meta property=\"og:image:type\" content=\"image\/jpeg\" \/>\n<meta name=\"twitter:card\" content=\"summary_large_image\" \/>\n<meta name=\"twitter:site\" content=\"@hottashop\" \/>\n<meta name=\"twitter:label1\" content=\"Est. reading time\" \/>\n\t<meta name=\"twitter:data1\" content=\"1 minute\" \/>\n<script type=\"application\/ld+json\" class=\"yoast-schema-graph\">{\"@context\":\"https:\\\/\\\/schema.org\",\"@graph\":[{\"@type\":\"WebPage\",\"@id\":\"https:\\\/\\\/hotta.eu\\\/lv\\\/shop\\\/beef-jerky-chilli-lime\\\/\",\"url\":\"https:\\\/\\\/hotta.eu\\\/lv\\\/shop\\\/beef-jerky-chilli-lime\\\/\",\"name\":\"Beef Jerky Chilli Lime - Hotta\",\"isPartOf\":{\"@id\":\"https:\\\/\\\/hotta.eu\\\/lv\\\/#website\"},\"primaryImageOfPage\":{\"@id\":\"https:\\\/\\\/hotta.eu\\\/lv\\\/shop\\\/beef-jerky-chilli-lime\\\/#primaryimage\"},\"image\":{\"@id\":\"https:\\\/\\\/hotta.eu\\\/lv\\\/shop\\\/beef-jerky-chilli-lime\\\/#primaryimage\"},\"thumbnailUrl\":\"https:\\\/\\\/hotta.eu\\\/wp-content\\\/uploads\\\/2022\\\/06\\\/jerky-chili-lime-1.jpg\",\"datePublished\":\"2022-06-16T15:56:49+00:00\",\"dateModified\":\"2026-02-06T11:18:08+00:00\",\"description\":\"Hot Chip Smoked Scorpio aromatiz\u0113t\u0101s \u010dilli str\u0113meles ir gatavotas no p\u0101k\u0161augiem. Sp\u0113c\u012bga, olbaltumviel\u0101m bag\u0101ta uzkoda.\",\"breadcrumb\":{\"@id\":\"https:\\\/\\\/hotta.eu\\\/lv\\\/shop\\\/beef-jerky-chilli-lime\\\/#breadcrumb\"},\"inLanguage\":\"lv-LV\",\"potentialAction\":[{\"@type\":\"ReadAction\",\"target\":[\"https:\\\/\\\/hotta.eu\\\/lv\\\/shop\\\/beef-jerky-chilli-lime\\\/\"]}]},{\"@type\":\"ImageObject\",\"inLanguage\":\"lv-LV\",\"@id\":\"https:\\\/\\\/hotta.eu\\\/lv\\\/shop\\\/beef-jerky-chilli-lime\\\/#primaryimage\",\"url\":\"https:\\\/\\\/hotta.eu\\\/wp-content\\\/uploads\\\/2022\\\/06\\\/jerky-chili-lime-1.jpg\",\"contentUrl\":\"https:\\\/\\\/hotta.eu\\\/wp-content\\\/uploads\\\/2022\\\/06\\\/jerky-chili-lime-1.jpg\",\"width\":800,\"height\":800},{\"@type\":\"BreadcrumbList\",\"@id\":\"https:\\\/\\\/hotta.eu\\\/lv\\\/shop\\\/beef-jerky-chilli-lime\\\/#breadcrumb\",\"itemListElement\":[{\"@type\":\"ListItem\",\"position\":1,\"name\":\"S\u0101kums\",\"item\":\"https:\\\/\\\/hotta.eu\\\/lv\\\/sakumlapa\\\/\"},{\"@type\":\"ListItem\",\"position\":2,\"name\":\"Veikals\",\"item\":\"https:\\\/\\\/hotta.eu\\\/lv\\\/shop\\\/\"},{\"@type\":\"ListItem\",\"position\":3,\"name\":\"Beef Jerky Chilli Lime\"}]},{\"@type\":\"WebSite\",\"@id\":\"https:\\\/\\\/hotta.eu\\\/lv\\\/#website\",\"url\":\"https:\\\/\\\/hotta.eu\\\/lv\\\/\",\"name\":\"Hotta\",\"description\":\"Makes your mouth burn a lotta!\",\"publisher\":{\"@id\":\"https:\\\/\\\/hotta.eu\\\/lv\\\/#organization\"},\"potentialAction\":[{\"@type\":\"SearchAction\",\"target\":{\"@type\":\"EntryPoint\",\"urlTemplate\":\"https:\\\/\\\/hotta.eu\\\/lv\\\/?s={search_term_string}\"},\"query-input\":{\"@type\":\"PropertyValueSpecification\",\"valueRequired\":true,\"valueName\":\"search_term_string\"}}],\"inLanguage\":\"lv-LV\"},{\"@type\":\"Organization\",\"@id\":\"https:\\\/\\\/hotta.eu\\\/lv\\\/#organization\",\"name\":\"Hotta\",\"url\":\"https:\\\/\\\/hotta.eu\\\/lv\\\/\",\"logo\":{\"@type\":\"ImageObject\",\"inLanguage\":\"lv-LV\",\"@id\":\"https:\\\/\\\/hotta.eu\\\/lv\\\/#\\\/schema\\\/logo\\\/image\\\/\",\"url\":\"https:\\\/\\\/hotta.eu\\\/wp-content\\\/uploads\\\/2025\\\/04\\\/hotta-logo-invoice.png\",\"contentUrl\":\"https:\\\/\\\/hotta.eu\\\/wp-content\\\/uploads\\\/2025\\\/04\\\/hotta-logo-invoice.png\",\"width\":600,\"height\":411,\"caption\":\"Hotta\"},\"image\":{\"@id\":\"https:\\\/\\\/hotta.eu\\\/lv\\\/#\\\/schema\\\/logo\\\/image\\\/\"},\"sameAs\":[\"https:\\\/\\\/www.facebook.com\\\/hotta.eu\",\"https:\\\/\\\/x.com\\\/hottashop\",\"https:\\\/\\\/www.instagram.com\\\/hotta.shop\"]}]}<\/script>\n<!-- \/ Yoast SEO plugin. -->","yoast_head_json":{"title":"Beef Jerky Chilli Lime - Hotta","description":"Hot Chip Smoked Scorpio aromatiz\u0113t\u0101s \u010dilli str\u0113meles ir gatavotas no p\u0101k\u0161augiem. Sp\u0113c\u012bga, olbaltumviel\u0101m bag\u0101ta uzkoda.","robots":{"index":"index","follow":"follow","max-snippet":"max-snippet:-1","max-image-preview":"max-image-preview:large","max-video-preview":"max-video-preview:-1"},"canonical":"https:\/\/hotta.eu\/lv\/shop\/beef-jerky-chilli-lime\/","og_locale":"lv_LV","og_type":"article","og_title":"Beef Jerky Chilli Lime - Hotta","og_description":"Hot Chip Smoked Scorpio aromatiz\u0113t\u0101s \u010dilli str\u0113meles ir gatavotas no p\u0101k\u0161augiem. Sp\u0113c\u012bga, olbaltumviel\u0101m bag\u0101ta uzkoda.","og_url":"https:\/\/hotta.eu\/lv\/shop\/beef-jerky-chilli-lime\/","og_site_name":"Hotta","article_publisher":"https:\/\/www.facebook.com\/hotta.eu","article_modified_time":"2026-02-06T11:18:08+00:00","og_image":[{"width":800,"height":800,"url":"https:\/\/hotta.eu\/wp-content\/uploads\/2022\/06\/jerky-chili-lime-1.jpg","type":"image\/jpeg"}],"twitter_card":"summary_large_image","twitter_site":"@hottashop","twitter_misc":{"Est. reading time":"1 minute"},"schema":{"@context":"https:\/\/schema.org","@graph":[{"@type":"WebPage","@id":"https:\/\/hotta.eu\/lv\/shop\/beef-jerky-chilli-lime\/","url":"https:\/\/hotta.eu\/lv\/shop\/beef-jerky-chilli-lime\/","name":"Beef Jerky Chilli Lime - Hotta","isPartOf":{"@id":"https:\/\/hotta.eu\/lv\/#website"},"primaryImageOfPage":{"@id":"https:\/\/hotta.eu\/lv\/shop\/beef-jerky-chilli-lime\/#primaryimage"},"image":{"@id":"https:\/\/hotta.eu\/lv\/shop\/beef-jerky-chilli-lime\/#primaryimage"},"thumbnailUrl":"https:\/\/hotta.eu\/wp-content\/uploads\/2022\/06\/jerky-chili-lime-1.jpg","datePublished":"2022-06-16T15:56:49+00:00","dateModified":"2026-02-06T11:18:08+00:00","description":"Hot Chip Smoked Scorpio aromatiz\u0113t\u0101s \u010dilli str\u0113meles ir gatavotas no p\u0101k\u0161augiem. Sp\u0113c\u012bga, olbaltumviel\u0101m bag\u0101ta uzkoda.","breadcrumb":{"@id":"https:\/\/hotta.eu\/lv\/shop\/beef-jerky-chilli-lime\/#breadcrumb"},"inLanguage":"lv-LV","potentialAction":[{"@type":"ReadAction","target":["https:\/\/hotta.eu\/lv\/shop\/beef-jerky-chilli-lime\/"]}]},{"@type":"ImageObject","inLanguage":"lv-LV","@id":"https:\/\/hotta.eu\/lv\/shop\/beef-jerky-chilli-lime\/#primaryimage","url":"https:\/\/hotta.eu\/wp-content\/uploads\/2022\/06\/jerky-chili-lime-1.jpg","contentUrl":"https:\/\/hotta.eu\/wp-content\/uploads\/2022\/06\/jerky-chili-lime-1.jpg","width":800,"height":800},{"@type":"BreadcrumbList","@id":"https:\/\/hotta.eu\/lv\/shop\/beef-jerky-chilli-lime\/#breadcrumb","itemListElement":[{"@type":"ListItem","position":1,"name":"S\u0101kums","item":"https:\/\/hotta.eu\/lv\/sakumlapa\/"},{"@type":"ListItem","position":2,"name":"Veikals","item":"https:\/\/hotta.eu\/lv\/shop\/"},{"@type":"ListItem","position":3,"name":"Beef Jerky Chilli Lime"}]},{"@type":"WebSite","@id":"https:\/\/hotta.eu\/lv\/#website","url":"https:\/\/hotta.eu\/lv\/","name":"Hotta","description":"Makes your mouth burn a lotta!","publisher":{"@id":"https:\/\/hotta.eu\/lv\/#organization"},"potentialAction":[{"@type":"SearchAction","target":{"@type":"EntryPoint","urlTemplate":"https:\/\/hotta.eu\/lv\/?s={search_term_string}"},"query-input":{"@type":"PropertyValueSpecification","valueRequired":true,"valueName":"search_term_string"}}],"inLanguage":"lv-LV"},{"@type":"Organization","@id":"https:\/\/hotta.eu\/lv\/#organization","name":"Hotta","url":"https:\/\/hotta.eu\/lv\/","logo":{"@type":"ImageObject","inLanguage":"lv-LV","@id":"https:\/\/hotta.eu\/lv\/#\/schema\/logo\/image\/","url":"https:\/\/hotta.eu\/wp-content\/uploads\/2025\/04\/hotta-logo-invoice.png","contentUrl":"https:\/\/hotta.eu\/wp-content\/uploads\/2025\/04\/hotta-logo-invoice.png","width":600,"height":411,"caption":"Hotta"},"image":{"@id":"https:\/\/hotta.eu\/lv\/#\/schema\/logo\/image\/"},"sameAs":["https:\/\/www.facebook.com\/hotta.eu","https:\/\/x.com\/hottashop","https:\/\/www.instagram.com\/hotta.shop"]}]}},"jetpack_sharing_enabled":true,"_links":{"self":[{"href":"https:\/\/hotta.eu\/lv\/wp-json\/wp\/v2\/product\/19130","targetHints":{"allow":["GET"]}}],"collection":[{"href":"https:\/\/hotta.eu\/lv\/wp-json\/wp\/v2\/product"}],"about":[{"href":"https:\/\/hotta.eu\/lv\/wp-json\/wp\/v2\/types\/product"}],"replies":[{"embeddable":true,"href":"https:\/\/hotta.eu\/lv\/wp-json\/wp\/v2\/comments?post=19130"}],"wp:featuredmedia":[{"embeddable":true,"href":"https:\/\/hotta.eu\/lv\/wp-json\/wp\/v2\/media\/17669"}],"wp:attachment":[{"href":"https:\/\/hotta.eu\/lv\/wp-json\/wp\/v2\/media?parent=19130"}],"wp:term":[{"taxonomy":"product_cat","embeddable":true,"href":"https:\/\/hotta.eu\/lv\/wp-json\/wp\/v2\/product_cat?post=19130"},{"taxonomy":"product_tag","embeddable":true,"href":"https:\/\/hotta.eu\/lv\/wp-json\/wp\/v2\/product_tag?post=19130"},{"taxonomy":"giftcard-category","embeddable":true,"href":"https:\/\/hotta.eu\/lv\/wp-json\/wp\/v2\/giftcard-category?post=19130"}],"curies":[{"name":"wp","href":"https:\/\/api.w.org\/{rel}","templated":true}]}}