{"id":19151,"date":"2022-08-19T21:18:03","date_gmt":"2022-08-19T19:18:03","guid":{"rendered":"https:\/\/hotta.eu\/shop\/pedejais-piliens-apollo-karstas-merces\/"},"modified":"2026-03-15T16:13:26","modified_gmt":"2026-03-15T14:13:26","slug":"the-last-dab-apollo-hot-sauce","status":"publish","type":"product","link":"https:\/\/hotta.eu\/lv\/shop\/the-last-dab-apollo-hot-sauce\/","title":{"rendered":"The Last Dab Apollo Hot Sauce"},"content":{"rendered":"<p><strong>Sast\u0101vs<br \/>\n<\/strong>Apollo \u010dilli, destil\u0113ta eti\u0137sk\u0101be, Apollo \u010dilli pulveris, Apollo \u010dilli destil\u0101ts.<\/p>\n<p><strong>Uzturv\u0113rt\u012bba (5 ml)<br \/>\n<\/strong> K\u0101lijs 10 mg.<\/p>\n<p><strong>Der\u012bgums un glab\u0101\u0161ana<\/strong><br \/>\nDer\u012bguma termi\u0146\u0161 uz pudel\u012btes attiecas uz neatv\u0113rtiem produktiem. Atv\u0113rtu produktu j\u0101uzglab\u0101 ledusskap\u012b.<\/p>\n","protected":false},"excerpt":{"rendered":"<p>Ginesa rekorda \u012bpa\u0161nieka Smokin&#8217; Ed Currie<a href=\"https:\/\/puckerbuttpeppercompany.com\/\" target=\"_blank\" rel=\"noopener\">(Puckerbutt Pepper Co<\/a>) izgudrot\u0101 Apollo \u010dilli m\u0113rce ir tik ugun\u012bga, ka t\u0101s p\u0101r\u0101k liel\u0101 karstuma d\u0113\u013c tika apsv\u0113rta iesp\u0113ja izsl\u0113gt to no tie\u0161saistes seri\u0101la Hot Ones. \u0160is \u010dilli, kas radies, apvienojot Carolina Reaper un Pepper X, ir gan ar izcilu gar\u0161u, gan asumu. The Last Dab Apollo ir vien\u012bg\u0101 m\u0113rce pasaul\u0113, kas satur Apollo \u010dilli. \u010cilli un eti\u0137sk\u0101be ir ar\u012b vien\u012bg\u0101s m\u0113rces sast\u0101vda\u013cas. To ir gr\u016bti aprakst\u012bt v\u0101rdos &#8211; tas ir j\u0101izm\u0113\u0123ina pa\u0161am!<\/p>\n<p><img decoding=\"async\" src=\"https:\/\/hotta.eu\/wp-content\/uploads\/2022\/08\/first-we-feast.png\" \/><\/p>\n<p>Hot Ones The Last Dab Apollo ir iek\u013cauts Hot Ones tie\u0161saistes m\u0113r\u010du s\u0113rij\u0101 kop\u0161 13. sezonas.<\/p>\n<div class=\"responsive-video\"><iframe src=\"https:\/\/www.youtube.com\/embed\/A2aSmJ-SXCo\" width=\"480\" height=\"270\" frameborder=\"0\" allowfullscreen=\"allowfullscreen\"><\/iframe><\/div>\n[ywcwtl_form product_id=\"\"]\n","protected":false},"featured_media":17343,"comment_status":"open","ping_status":"closed","template":"","meta":[],"product_cat":[918,920,916],"product_tag":[],"giftcard-category":[],"class_list":{"0":"post-19151","1":"product","2":"type-product","3":"status-publish","4":"has-post-thumbnail","6":"product_cat-ekstrems","7":"product_cat-hot-ones-lv","8":"product_cat-merces","9":"pa_brand-heatonist","11":"first","12":"instock","13":"taxable","14":"shipping-taxable","15":"purchasable","16":"product-type-simple"},"yoast_head":"<!-- This site is optimized with the Yoast SEO plugin v27.3 - https:\/\/yoast.com\/product\/yoast-seo-wordpress\/ -->\n<title>The Last Dab Apollo Hot Sauce - Hotta<\/title>\n<meta name=\"description\" content=\"Hot Ones m\u0113rces tagad Latvij\u0101! Ginesa rekorda \u012bpa\u0161nieka Smokin&#039; Ed Currie (Puckerbutt Pepper Co) izgudrotais Apollo \u010dilli ir \u0101rk\u0101rt\u012bgi ass!\" \/>\n<meta name=\"robots\" content=\"index, follow, max-snippet:-1, max-image-preview:large, max-video-preview:-1\" \/>\n<link rel=\"canonical\" href=\"https:\/\/hotta.eu\/lv\/shop\/the-last-dab-apollo-hot-sauce\/\" \/>\n<meta property=\"og:locale\" content=\"lv_LV\" \/>\n<meta property=\"og:type\" content=\"article\" \/>\n<meta property=\"og:title\" content=\"The Last Dab Apollo Hot Sauce - Hotta\" \/>\n<meta property=\"og:description\" content=\"Hot Ones m\u0113rces tagad Latvij\u0101! Ginesa rekorda \u012bpa\u0161nieka Smokin&#039; Ed Currie (Puckerbutt Pepper Co) izgudrotais Apollo \u010dilli ir \u0101rk\u0101rt\u012bgi ass!\" \/>\n<meta property=\"og:url\" content=\"https:\/\/hotta.eu\/lv\/shop\/the-last-dab-apollo-hot-sauce\/\" \/>\n<meta property=\"og:site_name\" content=\"Hotta\" \/>\n<meta property=\"article:publisher\" content=\"https:\/\/www.facebook.com\/hotta.eu\" \/>\n<meta property=\"article:modified_time\" content=\"2026-03-15T14:13:26+00:00\" \/>\n<meta property=\"og:image\" content=\"https:\/\/hotta.eu\/wp-content\/uploads\/2022\/10\/hot-ones-the-last-dab-apollo-nobadge.jpg\" \/>\n\t<meta property=\"og:image:width\" content=\"2000\" \/>\n\t<meta property=\"og:image:height\" content=\"2000\" \/>\n\t<meta property=\"og:image:type\" content=\"image\/jpeg\" \/>\n<meta name=\"twitter:card\" content=\"summary_large_image\" \/>\n<meta name=\"twitter:site\" content=\"@hottashop\" \/>\n<meta name=\"twitter:label1\" content=\"Est. reading time\" \/>\n\t<meta name=\"twitter:data1\" content=\"1 minute\" \/>\n<script type=\"application\/ld+json\" class=\"yoast-schema-graph\">{\"@context\":\"https:\\\/\\\/schema.org\",\"@graph\":[{\"@type\":\"WebPage\",\"@id\":\"https:\\\/\\\/hotta.eu\\\/lv\\\/shop\\\/the-last-dab-apollo-hot-sauce\\\/\",\"url\":\"https:\\\/\\\/hotta.eu\\\/lv\\\/shop\\\/the-last-dab-apollo-hot-sauce\\\/\",\"name\":\"The Last Dab Apollo Hot Sauce - Hotta\",\"isPartOf\":{\"@id\":\"https:\\\/\\\/hotta.eu\\\/lv\\\/#website\"},\"primaryImageOfPage\":{\"@id\":\"https:\\\/\\\/hotta.eu\\\/lv\\\/shop\\\/the-last-dab-apollo-hot-sauce\\\/#primaryimage\"},\"image\":{\"@id\":\"https:\\\/\\\/hotta.eu\\\/lv\\\/shop\\\/the-last-dab-apollo-hot-sauce\\\/#primaryimage\"},\"thumbnailUrl\":\"https:\\\/\\\/hotta.eu\\\/wp-content\\\/uploads\\\/2022\\\/10\\\/hot-ones-the-last-dab-apollo-nobadge.jpg\",\"datePublished\":\"2022-08-19T19:18:03+00:00\",\"dateModified\":\"2026-03-15T14:13:26+00:00\",\"description\":\"Hot Ones m\u0113rces tagad Latvij\u0101! Ginesa rekorda \u012bpa\u0161nieka Smokin' Ed Currie (Puckerbutt Pepper Co) izgudrotais Apollo \u010dilli ir \u0101rk\u0101rt\u012bgi ass!\",\"breadcrumb\":{\"@id\":\"https:\\\/\\\/hotta.eu\\\/lv\\\/shop\\\/the-last-dab-apollo-hot-sauce\\\/#breadcrumb\"},\"inLanguage\":\"lv-LV\",\"potentialAction\":[{\"@type\":\"ReadAction\",\"target\":[\"https:\\\/\\\/hotta.eu\\\/lv\\\/shop\\\/the-last-dab-apollo-hot-sauce\\\/\"]}]},{\"@type\":\"ImageObject\",\"inLanguage\":\"lv-LV\",\"@id\":\"https:\\\/\\\/hotta.eu\\\/lv\\\/shop\\\/the-last-dab-apollo-hot-sauce\\\/#primaryimage\",\"url\":\"https:\\\/\\\/hotta.eu\\\/wp-content\\\/uploads\\\/2022\\\/10\\\/hot-ones-the-last-dab-apollo-nobadge.jpg\",\"contentUrl\":\"https:\\\/\\\/hotta.eu\\\/wp-content\\\/uploads\\\/2022\\\/10\\\/hot-ones-the-last-dab-apollo-nobadge.jpg\",\"width\":2000,\"height\":2000},{\"@type\":\"BreadcrumbList\",\"@id\":\"https:\\\/\\\/hotta.eu\\\/lv\\\/shop\\\/the-last-dab-apollo-hot-sauce\\\/#breadcrumb\",\"itemListElement\":[{\"@type\":\"ListItem\",\"position\":1,\"name\":\"S\u0101kums\",\"item\":\"https:\\\/\\\/hotta.eu\\\/lv\\\/sakumlapa\\\/\"},{\"@type\":\"ListItem\",\"position\":2,\"name\":\"Veikals\",\"item\":\"https:\\\/\\\/hotta.eu\\\/lv\\\/shop\\\/\"},{\"@type\":\"ListItem\",\"position\":3,\"name\":\"The Last Dab Apollo Hot Sauce\"}]},{\"@type\":\"WebSite\",\"@id\":\"https:\\\/\\\/hotta.eu\\\/lv\\\/#website\",\"url\":\"https:\\\/\\\/hotta.eu\\\/lv\\\/\",\"name\":\"Hotta\",\"description\":\"Makes your mouth burn a lotta!\",\"publisher\":{\"@id\":\"https:\\\/\\\/hotta.eu\\\/lv\\\/#organization\"},\"potentialAction\":[{\"@type\":\"SearchAction\",\"target\":{\"@type\":\"EntryPoint\",\"urlTemplate\":\"https:\\\/\\\/hotta.eu\\\/lv\\\/?s={search_term_string}\"},\"query-input\":{\"@type\":\"PropertyValueSpecification\",\"valueRequired\":true,\"valueName\":\"search_term_string\"}}],\"inLanguage\":\"lv-LV\"},{\"@type\":\"Organization\",\"@id\":\"https:\\\/\\\/hotta.eu\\\/lv\\\/#organization\",\"name\":\"Hotta\",\"url\":\"https:\\\/\\\/hotta.eu\\\/lv\\\/\",\"logo\":{\"@type\":\"ImageObject\",\"inLanguage\":\"lv-LV\",\"@id\":\"https:\\\/\\\/hotta.eu\\\/lv\\\/#\\\/schema\\\/logo\\\/image\\\/\",\"url\":\"https:\\\/\\\/hotta.eu\\\/wp-content\\\/uploads\\\/2025\\\/04\\\/hotta-logo-invoice.png\",\"contentUrl\":\"https:\\\/\\\/hotta.eu\\\/wp-content\\\/uploads\\\/2025\\\/04\\\/hotta-logo-invoice.png\",\"width\":600,\"height\":411,\"caption\":\"Hotta\"},\"image\":{\"@id\":\"https:\\\/\\\/hotta.eu\\\/lv\\\/#\\\/schema\\\/logo\\\/image\\\/\"},\"sameAs\":[\"https:\\\/\\\/www.facebook.com\\\/hotta.eu\",\"https:\\\/\\\/x.com\\\/hottashop\",\"https:\\\/\\\/www.instagram.com\\\/hotta.shop\"]}]}<\/script>\n<!-- \/ Yoast SEO plugin. -->","yoast_head_json":{"title":"The Last Dab Apollo Hot Sauce - Hotta","description":"Hot Ones m\u0113rces tagad Latvij\u0101! Ginesa rekorda \u012bpa\u0161nieka Smokin' Ed Currie (Puckerbutt Pepper Co) izgudrotais Apollo \u010dilli ir \u0101rk\u0101rt\u012bgi ass!","robots":{"index":"index","follow":"follow","max-snippet":"max-snippet:-1","max-image-preview":"max-image-preview:large","max-video-preview":"max-video-preview:-1"},"canonical":"https:\/\/hotta.eu\/lv\/shop\/the-last-dab-apollo-hot-sauce\/","og_locale":"lv_LV","og_type":"article","og_title":"The Last Dab Apollo Hot Sauce - Hotta","og_description":"Hot Ones m\u0113rces tagad Latvij\u0101! Ginesa rekorda \u012bpa\u0161nieka Smokin' Ed Currie (Puckerbutt Pepper Co) izgudrotais Apollo \u010dilli ir \u0101rk\u0101rt\u012bgi ass!","og_url":"https:\/\/hotta.eu\/lv\/shop\/the-last-dab-apollo-hot-sauce\/","og_site_name":"Hotta","article_publisher":"https:\/\/www.facebook.com\/hotta.eu","article_modified_time":"2026-03-15T14:13:26+00:00","og_image":[{"width":2000,"height":2000,"url":"https:\/\/hotta.eu\/wp-content\/uploads\/2022\/10\/hot-ones-the-last-dab-apollo-nobadge.jpg","type":"image\/jpeg"}],"twitter_card":"summary_large_image","twitter_site":"@hottashop","twitter_misc":{"Est. reading time":"1 minute"},"schema":{"@context":"https:\/\/schema.org","@graph":[{"@type":"WebPage","@id":"https:\/\/hotta.eu\/lv\/shop\/the-last-dab-apollo-hot-sauce\/","url":"https:\/\/hotta.eu\/lv\/shop\/the-last-dab-apollo-hot-sauce\/","name":"The Last Dab Apollo Hot Sauce - Hotta","isPartOf":{"@id":"https:\/\/hotta.eu\/lv\/#website"},"primaryImageOfPage":{"@id":"https:\/\/hotta.eu\/lv\/shop\/the-last-dab-apollo-hot-sauce\/#primaryimage"},"image":{"@id":"https:\/\/hotta.eu\/lv\/shop\/the-last-dab-apollo-hot-sauce\/#primaryimage"},"thumbnailUrl":"https:\/\/hotta.eu\/wp-content\/uploads\/2022\/10\/hot-ones-the-last-dab-apollo-nobadge.jpg","datePublished":"2022-08-19T19:18:03+00:00","dateModified":"2026-03-15T14:13:26+00:00","description":"Hot Ones m\u0113rces tagad Latvij\u0101! Ginesa rekorda \u012bpa\u0161nieka Smokin' Ed Currie (Puckerbutt Pepper Co) izgudrotais Apollo \u010dilli ir \u0101rk\u0101rt\u012bgi ass!","breadcrumb":{"@id":"https:\/\/hotta.eu\/lv\/shop\/the-last-dab-apollo-hot-sauce\/#breadcrumb"},"inLanguage":"lv-LV","potentialAction":[{"@type":"ReadAction","target":["https:\/\/hotta.eu\/lv\/shop\/the-last-dab-apollo-hot-sauce\/"]}]},{"@type":"ImageObject","inLanguage":"lv-LV","@id":"https:\/\/hotta.eu\/lv\/shop\/the-last-dab-apollo-hot-sauce\/#primaryimage","url":"https:\/\/hotta.eu\/wp-content\/uploads\/2022\/10\/hot-ones-the-last-dab-apollo-nobadge.jpg","contentUrl":"https:\/\/hotta.eu\/wp-content\/uploads\/2022\/10\/hot-ones-the-last-dab-apollo-nobadge.jpg","width":2000,"height":2000},{"@type":"BreadcrumbList","@id":"https:\/\/hotta.eu\/lv\/shop\/the-last-dab-apollo-hot-sauce\/#breadcrumb","itemListElement":[{"@type":"ListItem","position":1,"name":"S\u0101kums","item":"https:\/\/hotta.eu\/lv\/sakumlapa\/"},{"@type":"ListItem","position":2,"name":"Veikals","item":"https:\/\/hotta.eu\/lv\/shop\/"},{"@type":"ListItem","position":3,"name":"The Last Dab Apollo Hot Sauce"}]},{"@type":"WebSite","@id":"https:\/\/hotta.eu\/lv\/#website","url":"https:\/\/hotta.eu\/lv\/","name":"Hotta","description":"Makes your mouth burn a lotta!","publisher":{"@id":"https:\/\/hotta.eu\/lv\/#organization"},"potentialAction":[{"@type":"SearchAction","target":{"@type":"EntryPoint","urlTemplate":"https:\/\/hotta.eu\/lv\/?s={search_term_string}"},"query-input":{"@type":"PropertyValueSpecification","valueRequired":true,"valueName":"search_term_string"}}],"inLanguage":"lv-LV"},{"@type":"Organization","@id":"https:\/\/hotta.eu\/lv\/#organization","name":"Hotta","url":"https:\/\/hotta.eu\/lv\/","logo":{"@type":"ImageObject","inLanguage":"lv-LV","@id":"https:\/\/hotta.eu\/lv\/#\/schema\/logo\/image\/","url":"https:\/\/hotta.eu\/wp-content\/uploads\/2025\/04\/hotta-logo-invoice.png","contentUrl":"https:\/\/hotta.eu\/wp-content\/uploads\/2025\/04\/hotta-logo-invoice.png","width":600,"height":411,"caption":"Hotta"},"image":{"@id":"https:\/\/hotta.eu\/lv\/#\/schema\/logo\/image\/"},"sameAs":["https:\/\/www.facebook.com\/hotta.eu","https:\/\/x.com\/hottashop","https:\/\/www.instagram.com\/hotta.shop"]}]}},"jetpack_sharing_enabled":true,"_links":{"self":[{"href":"https:\/\/hotta.eu\/lv\/wp-json\/wp\/v2\/product\/19151","targetHints":{"allow":["GET"]}}],"collection":[{"href":"https:\/\/hotta.eu\/lv\/wp-json\/wp\/v2\/product"}],"about":[{"href":"https:\/\/hotta.eu\/lv\/wp-json\/wp\/v2\/types\/product"}],"replies":[{"embeddable":true,"href":"https:\/\/hotta.eu\/lv\/wp-json\/wp\/v2\/comments?post=19151"}],"wp:featuredmedia":[{"embeddable":true,"href":"https:\/\/hotta.eu\/lv\/wp-json\/wp\/v2\/media\/17343"}],"wp:attachment":[{"href":"https:\/\/hotta.eu\/lv\/wp-json\/wp\/v2\/media?parent=19151"}],"wp:term":[{"taxonomy":"product_cat","embeddable":true,"href":"https:\/\/hotta.eu\/lv\/wp-json\/wp\/v2\/product_cat?post=19151"},{"taxonomy":"product_tag","embeddable":true,"href":"https:\/\/hotta.eu\/lv\/wp-json\/wp\/v2\/product_tag?post=19151"},{"taxonomy":"giftcard-category","embeddable":true,"href":"https:\/\/hotta.eu\/lv\/wp-json\/wp\/v2\/giftcard-category?post=19151"}],"curies":[{"name":"wp","href":"https:\/\/api.w.org\/{rel}","templated":true}]}}