{"id":19164,"date":"2018-12-19T01:18:31","date_gmt":"2018-12-18T23:18:31","guid":{"rendered":"https:\/\/hotta.eu\/shop\/piedzerto-kiploku-melno-pupinu-merce\/"},"modified":"2024-12-27T12:43:38","modified_gmt":"2024-12-27T10:43:38","slug":"drunken-garlic-black-bean-sauce","status":"publish","type":"product","link":"https:\/\/hotta.eu\/lv\/shop\/drunken-garlic-black-bean-sauce\/","title":{"rendered":"Drunken Garlic Black Bean Sauce"},"content":{"rendered":"<p><strong>Sast\u0101vda\u013cas<\/strong><br \/>\n<strong>Sojas m\u0113rce<\/strong> (\u016bdens, <strong>sojas pupi\u0146as<\/strong>, <strong>kvie\u0161i<\/strong>, s\u0101ls), \u016bdens, dzeltenie s\u012bpoli, \u0101bolu eti\u0137is, rap\u0161u e\u013c\u013ca, saulespu\u0137u e\u013c\u013ca, \u0137iploku \u010dilli m\u0113rce (s\u0101l\u012bti \u010dilli pipari, \u0137iploki, cukurs, r\u012bsu eti\u0137sk\u0101be, \u016bdens, modific\u0113ta kukur\u016bzas ciete, eti\u0137sk\u0101be), organiskais cukurniedru cukurs, pupi\u0146u un \u0137iploku m\u0113rce, s\u0101l\u012btas meln\u0101s pupi\u0146as, dzelzs sulf\u0101ts, ingvers, <strong>sojas e\u013c\u013ca<\/strong>, r\u012bsu v\u012bns, viskijs, apels\u012bnu sulas koncentr\u0101ts, ingvera sakne, ksant\u0101na sve\u0137i, citronsk\u0101be, gar\u0161augi, gar\u0161vielas.<\/p>\n<div class=\"tableheader\"><strong>Uztura inform\u0101cija (30 g)<\/strong><\/div>\n<div class=\"tableheader\">Tauki 2,5 g, og\u013chidr\u0101ti 4 g, no tiem cukuri 2 g, olbaltumvielas 1 g, n\u0101trijs 630 mg.<\/div>\n<p><strong>Der\u012bgums un glab\u0101\u0161ana<\/strong><br \/>\nDer\u012bguma termi\u0146\u0161 uz pudel\u012btes attiecas uz neatv\u0113rtiem produktiem. Atv\u0113rtu produktu j\u0101uzglab\u0101 ledusskap\u012b.<\/p>\n<p>&nbsp;<\/p>\n","protected":false},"excerpt":{"rendered":"<p>Drunken Garlic, kas ir da\u013ca no Secret Aardvark s\u0113rijas, ir viens no jaun\u0101kajiem \u0161\u012bs s\u0113rijas produktiem. Sena \u0137\u012bnie\u0161u gudr\u012bba apvienojum\u0101 ar amerik\u0101\u0146u izdomu, burbona viskiju un \u0137iplokiem. Piem\u0113rots k\u0101 marin\u0101de, lieto\u0161anai \u0113dienu gatavo\u0161an\u0101 vai k\u0101 m\u0113rce pie \u0113diena. \u0100zijas valstu gar\u0161u iedvesmota m\u0113rce nodro\u0161ina interesantu gar\u0161as pieredzi!<br \/>\n[ywcwtl_form product_id=\"\"]<\/p>\n","protected":false},"featured_media":15455,"comment_status":"open","ping_status":"closed","template":"","meta":[],"product_cat":[916,922],"product_tag":[],"giftcard-category":[],"class_list":{"0":"post-19164","1":"product","2":"type-product","3":"status-publish","4":"has-post-thumbnail","6":"product_cat-merces","7":"product_cat-videjs","8":"pa_brand-secret-aardvark","10":"first","11":"outofstock","12":"taxable","13":"shipping-taxable","14":"purchasable","15":"product-type-simple"},"yoast_head":"<!-- This site is optimized with the Yoast SEO plugin v27.3 - https:\/\/yoast.com\/product\/yoast-seo-wordpress\/ -->\n<title>Drunken Garlic Black Bean Sauce - Hotta<\/title>\n<meta name=\"robots\" content=\"index, follow, max-snippet:-1, max-image-preview:large, max-video-preview:-1\" \/>\n<link rel=\"canonical\" href=\"https:\/\/hotta.eu\/lv\/shop\/drunken-garlic-black-bean-sauce\/\" \/>\n<meta property=\"og:locale\" content=\"lv_LV\" \/>\n<meta property=\"og:type\" content=\"article\" \/>\n<meta property=\"og:title\" content=\"Drunken Garlic Black Bean Sauce - Hotta\" \/>\n<meta property=\"og:description\" content=\"Drunken Garlic, kas ir da\u013ca no Secret Aardvark s\u0113rijas, ir viens no jaun\u0101kajiem \u0161\u012bs s\u0113rijas produktiem. Sena \u0137\u012bnie\u0161u gudr\u012bba apvienojum\u0101 ar amerik\u0101\u0146u izdomu, burbona viskiju un \u0137iplokiem. Piem\u0113rots k\u0101 marin\u0101de, lieto\u0161anai \u0113dienu gatavo\u0161an\u0101 vai k\u0101 m\u0113rce pie \u0113diena. \u0100zijas valstu gar\u0161u iedvesmota m\u0113rce nodro\u0161ina interesantu gar\u0161as pieredzi!\" \/>\n<meta property=\"og:url\" content=\"https:\/\/hotta.eu\/lv\/shop\/drunken-garlic-black-bean-sauce\/\" \/>\n<meta property=\"og:site_name\" content=\"Hotta\" \/>\n<meta property=\"article:publisher\" content=\"https:\/\/www.facebook.com\/hotta.eu\" \/>\n<meta property=\"article:modified_time\" content=\"2024-12-27T10:43:38+00:00\" \/>\n<meta property=\"og:image\" content=\"https:\/\/hotta.eu\/wp-content\/uploads\/2024\/03\/drunken-garlic.jpg\" \/>\n\t<meta property=\"og:image:width\" content=\"2000\" \/>\n\t<meta property=\"og:image:height\" content=\"2000\" \/>\n\t<meta property=\"og:image:type\" content=\"image\/jpeg\" \/>\n<meta name=\"twitter:card\" content=\"summary_large_image\" \/>\n<meta name=\"twitter:site\" content=\"@hottashop\" \/>\n<meta name=\"twitter:label1\" content=\"Est. reading time\" \/>\n\t<meta name=\"twitter:data1\" content=\"1 minute\" \/>\n<script type=\"application\/ld+json\" class=\"yoast-schema-graph\">{\"@context\":\"https:\\\/\\\/schema.org\",\"@graph\":[{\"@type\":\"WebPage\",\"@id\":\"https:\\\/\\\/hotta.eu\\\/lv\\\/shop\\\/drunken-garlic-black-bean-sauce\\\/\",\"url\":\"https:\\\/\\\/hotta.eu\\\/lv\\\/shop\\\/drunken-garlic-black-bean-sauce\\\/\",\"name\":\"Drunken Garlic Black Bean Sauce - Hotta\",\"isPartOf\":{\"@id\":\"https:\\\/\\\/hotta.eu\\\/lv\\\/#website\"},\"primaryImageOfPage\":{\"@id\":\"https:\\\/\\\/hotta.eu\\\/lv\\\/shop\\\/drunken-garlic-black-bean-sauce\\\/#primaryimage\"},\"image\":{\"@id\":\"https:\\\/\\\/hotta.eu\\\/lv\\\/shop\\\/drunken-garlic-black-bean-sauce\\\/#primaryimage\"},\"thumbnailUrl\":\"https:\\\/\\\/hotta.eu\\\/wp-content\\\/uploads\\\/2024\\\/03\\\/drunken-garlic.jpg\",\"datePublished\":\"2018-12-18T23:18:31+00:00\",\"dateModified\":\"2024-12-27T10:43:38+00:00\",\"breadcrumb\":{\"@id\":\"https:\\\/\\\/hotta.eu\\\/lv\\\/shop\\\/drunken-garlic-black-bean-sauce\\\/#breadcrumb\"},\"inLanguage\":\"lv-LV\",\"potentialAction\":[{\"@type\":\"ReadAction\",\"target\":[\"https:\\\/\\\/hotta.eu\\\/lv\\\/shop\\\/drunken-garlic-black-bean-sauce\\\/\"]}]},{\"@type\":\"ImageObject\",\"inLanguage\":\"lv-LV\",\"@id\":\"https:\\\/\\\/hotta.eu\\\/lv\\\/shop\\\/drunken-garlic-black-bean-sauce\\\/#primaryimage\",\"url\":\"https:\\\/\\\/hotta.eu\\\/wp-content\\\/uploads\\\/2024\\\/03\\\/drunken-garlic.jpg\",\"contentUrl\":\"https:\\\/\\\/hotta.eu\\\/wp-content\\\/uploads\\\/2024\\\/03\\\/drunken-garlic.jpg\",\"width\":2000,\"height\":2000},{\"@type\":\"BreadcrumbList\",\"@id\":\"https:\\\/\\\/hotta.eu\\\/lv\\\/shop\\\/drunken-garlic-black-bean-sauce\\\/#breadcrumb\",\"itemListElement\":[{\"@type\":\"ListItem\",\"position\":1,\"name\":\"S\u0101kums\",\"item\":\"https:\\\/\\\/hotta.eu\\\/lv\\\/sakumlapa\\\/\"},{\"@type\":\"ListItem\",\"position\":2,\"name\":\"Veikals\",\"item\":\"https:\\\/\\\/hotta.eu\\\/lv\\\/shop\\\/\"},{\"@type\":\"ListItem\",\"position\":3,\"name\":\"Drunken Garlic Black Bean Sauce\"}]},{\"@type\":\"WebSite\",\"@id\":\"https:\\\/\\\/hotta.eu\\\/lv\\\/#website\",\"url\":\"https:\\\/\\\/hotta.eu\\\/lv\\\/\",\"name\":\"Hotta\",\"description\":\"Makes your mouth burn a lotta!\",\"publisher\":{\"@id\":\"https:\\\/\\\/hotta.eu\\\/lv\\\/#organization\"},\"potentialAction\":[{\"@type\":\"SearchAction\",\"target\":{\"@type\":\"EntryPoint\",\"urlTemplate\":\"https:\\\/\\\/hotta.eu\\\/lv\\\/?s={search_term_string}\"},\"query-input\":{\"@type\":\"PropertyValueSpecification\",\"valueRequired\":true,\"valueName\":\"search_term_string\"}}],\"inLanguage\":\"lv-LV\"},{\"@type\":\"Organization\",\"@id\":\"https:\\\/\\\/hotta.eu\\\/lv\\\/#organization\",\"name\":\"Hotta\",\"url\":\"https:\\\/\\\/hotta.eu\\\/lv\\\/\",\"logo\":{\"@type\":\"ImageObject\",\"inLanguage\":\"lv-LV\",\"@id\":\"https:\\\/\\\/hotta.eu\\\/lv\\\/#\\\/schema\\\/logo\\\/image\\\/\",\"url\":\"https:\\\/\\\/hotta.eu\\\/wp-content\\\/uploads\\\/2025\\\/04\\\/hotta-logo-invoice.png\",\"contentUrl\":\"https:\\\/\\\/hotta.eu\\\/wp-content\\\/uploads\\\/2025\\\/04\\\/hotta-logo-invoice.png\",\"width\":600,\"height\":411,\"caption\":\"Hotta\"},\"image\":{\"@id\":\"https:\\\/\\\/hotta.eu\\\/lv\\\/#\\\/schema\\\/logo\\\/image\\\/\"},\"sameAs\":[\"https:\\\/\\\/www.facebook.com\\\/hotta.eu\",\"https:\\\/\\\/x.com\\\/hottashop\",\"https:\\\/\\\/www.instagram.com\\\/hotta.shop\"]}]}<\/script>\n<!-- \/ Yoast SEO plugin. -->","yoast_head_json":{"title":"Drunken Garlic Black Bean Sauce - Hotta","robots":{"index":"index","follow":"follow","max-snippet":"max-snippet:-1","max-image-preview":"max-image-preview:large","max-video-preview":"max-video-preview:-1"},"canonical":"https:\/\/hotta.eu\/lv\/shop\/drunken-garlic-black-bean-sauce\/","og_locale":"lv_LV","og_type":"article","og_title":"Drunken Garlic Black Bean Sauce - Hotta","og_description":"Drunken Garlic, kas ir da\u013ca no Secret Aardvark s\u0113rijas, ir viens no jaun\u0101kajiem \u0161\u012bs s\u0113rijas produktiem. Sena \u0137\u012bnie\u0161u gudr\u012bba apvienojum\u0101 ar amerik\u0101\u0146u izdomu, burbona viskiju un \u0137iplokiem. Piem\u0113rots k\u0101 marin\u0101de, lieto\u0161anai \u0113dienu gatavo\u0161an\u0101 vai k\u0101 m\u0113rce pie \u0113diena. \u0100zijas valstu gar\u0161u iedvesmota m\u0113rce nodro\u0161ina interesantu gar\u0161as pieredzi!","og_url":"https:\/\/hotta.eu\/lv\/shop\/drunken-garlic-black-bean-sauce\/","og_site_name":"Hotta","article_publisher":"https:\/\/www.facebook.com\/hotta.eu","article_modified_time":"2024-12-27T10:43:38+00:00","og_image":[{"width":2000,"height":2000,"url":"https:\/\/hotta.eu\/wp-content\/uploads\/2024\/03\/drunken-garlic.jpg","type":"image\/jpeg"}],"twitter_card":"summary_large_image","twitter_site":"@hottashop","twitter_misc":{"Est. reading time":"1 minute"},"schema":{"@context":"https:\/\/schema.org","@graph":[{"@type":"WebPage","@id":"https:\/\/hotta.eu\/lv\/shop\/drunken-garlic-black-bean-sauce\/","url":"https:\/\/hotta.eu\/lv\/shop\/drunken-garlic-black-bean-sauce\/","name":"Drunken Garlic Black Bean Sauce - Hotta","isPartOf":{"@id":"https:\/\/hotta.eu\/lv\/#website"},"primaryImageOfPage":{"@id":"https:\/\/hotta.eu\/lv\/shop\/drunken-garlic-black-bean-sauce\/#primaryimage"},"image":{"@id":"https:\/\/hotta.eu\/lv\/shop\/drunken-garlic-black-bean-sauce\/#primaryimage"},"thumbnailUrl":"https:\/\/hotta.eu\/wp-content\/uploads\/2024\/03\/drunken-garlic.jpg","datePublished":"2018-12-18T23:18:31+00:00","dateModified":"2024-12-27T10:43:38+00:00","breadcrumb":{"@id":"https:\/\/hotta.eu\/lv\/shop\/drunken-garlic-black-bean-sauce\/#breadcrumb"},"inLanguage":"lv-LV","potentialAction":[{"@type":"ReadAction","target":["https:\/\/hotta.eu\/lv\/shop\/drunken-garlic-black-bean-sauce\/"]}]},{"@type":"ImageObject","inLanguage":"lv-LV","@id":"https:\/\/hotta.eu\/lv\/shop\/drunken-garlic-black-bean-sauce\/#primaryimage","url":"https:\/\/hotta.eu\/wp-content\/uploads\/2024\/03\/drunken-garlic.jpg","contentUrl":"https:\/\/hotta.eu\/wp-content\/uploads\/2024\/03\/drunken-garlic.jpg","width":2000,"height":2000},{"@type":"BreadcrumbList","@id":"https:\/\/hotta.eu\/lv\/shop\/drunken-garlic-black-bean-sauce\/#breadcrumb","itemListElement":[{"@type":"ListItem","position":1,"name":"S\u0101kums","item":"https:\/\/hotta.eu\/lv\/sakumlapa\/"},{"@type":"ListItem","position":2,"name":"Veikals","item":"https:\/\/hotta.eu\/lv\/shop\/"},{"@type":"ListItem","position":3,"name":"Drunken Garlic Black Bean Sauce"}]},{"@type":"WebSite","@id":"https:\/\/hotta.eu\/lv\/#website","url":"https:\/\/hotta.eu\/lv\/","name":"Hotta","description":"Makes your mouth burn a lotta!","publisher":{"@id":"https:\/\/hotta.eu\/lv\/#organization"},"potentialAction":[{"@type":"SearchAction","target":{"@type":"EntryPoint","urlTemplate":"https:\/\/hotta.eu\/lv\/?s={search_term_string}"},"query-input":{"@type":"PropertyValueSpecification","valueRequired":true,"valueName":"search_term_string"}}],"inLanguage":"lv-LV"},{"@type":"Organization","@id":"https:\/\/hotta.eu\/lv\/#organization","name":"Hotta","url":"https:\/\/hotta.eu\/lv\/","logo":{"@type":"ImageObject","inLanguage":"lv-LV","@id":"https:\/\/hotta.eu\/lv\/#\/schema\/logo\/image\/","url":"https:\/\/hotta.eu\/wp-content\/uploads\/2025\/04\/hotta-logo-invoice.png","contentUrl":"https:\/\/hotta.eu\/wp-content\/uploads\/2025\/04\/hotta-logo-invoice.png","width":600,"height":411,"caption":"Hotta"},"image":{"@id":"https:\/\/hotta.eu\/lv\/#\/schema\/logo\/image\/"},"sameAs":["https:\/\/www.facebook.com\/hotta.eu","https:\/\/x.com\/hottashop","https:\/\/www.instagram.com\/hotta.shop"]}]}},"jetpack_sharing_enabled":true,"_links":{"self":[{"href":"https:\/\/hotta.eu\/lv\/wp-json\/wp\/v2\/product\/19164","targetHints":{"allow":["GET"]}}],"collection":[{"href":"https:\/\/hotta.eu\/lv\/wp-json\/wp\/v2\/product"}],"about":[{"href":"https:\/\/hotta.eu\/lv\/wp-json\/wp\/v2\/types\/product"}],"replies":[{"embeddable":true,"href":"https:\/\/hotta.eu\/lv\/wp-json\/wp\/v2\/comments?post=19164"}],"wp:featuredmedia":[{"embeddable":true,"href":"https:\/\/hotta.eu\/lv\/wp-json\/wp\/v2\/media\/15455"}],"wp:attachment":[{"href":"https:\/\/hotta.eu\/lv\/wp-json\/wp\/v2\/media?parent=19164"}],"wp:term":[{"taxonomy":"product_cat","embeddable":true,"href":"https:\/\/hotta.eu\/lv\/wp-json\/wp\/v2\/product_cat?post=19164"},{"taxonomy":"product_tag","embeddable":true,"href":"https:\/\/hotta.eu\/lv\/wp-json\/wp\/v2\/product_tag?post=19164"},{"taxonomy":"giftcard-category","embeddable":true,"href":"https:\/\/hotta.eu\/lv\/wp-json\/wp\/v2\/giftcard-category?post=19164"}],"curies":[{"name":"wp","href":"https:\/\/api.w.org\/{rel}","templated":true}]}}