{"id":19167,"date":"2018-12-19T23:55:20","date_gmt":"2018-12-19T21:55:20","guid":{"rendered":"https:\/\/hotta.eu\/shop\/dzerajsoku-jamaikiesu-marinade-drunken-jerk\/"},"modified":"2024-12-27T12:43:38","modified_gmt":"2024-12-27T10:43:38","slug":"drunken-jerk-jamaican-marinade","status":"publish","type":"product","link":"https:\/\/hotta.eu\/lv\/shop\/drunken-jerk-jamaican-marinade\/","title":{"rendered":"Drunken Jerk Jamaican Marinade"},"content":{"rendered":"<p><strong>Sast\u0101vda\u013cas<\/strong><br \/>\n<strong>Sojas m\u0113rce<\/strong> (\u016bdens, <strong>sojas pupi\u0146as<\/strong>, <strong>kvie\u0161i<\/strong>, s\u0101ls), \u0101bolu sidra eti\u0137is, za\u013cais s\u012bpols, \u010dilli pipari habanero, citronsk\u0101be, dzeltenais s\u012bpols, rums, rap\u0161u e\u013c\u013ca, saulespu\u0137u e\u013c\u013ca, ingvera sakne, \u0137iploki, organiskais niedru cukurs, gar\u0161vielas, gar\u0161augi.<\/p>\n<div class=\"tableheader\"><strong>Uztura inform\u0101cija (30 g)<\/strong><\/div>\n<div class=\"tableheader\">Tauki 2 g, og\u013chidr\u0101ti 2 g, no tiem cukuri 1 g, olbaltumvielas 1 g, n\u0101trijs 530 mg.<\/div>\n<p><strong>Der\u012bgums un glab\u0101\u0161ana<\/strong><br \/>\nDer\u012bguma termi\u0146\u0161 uz pudel\u012btes attiecas uz neatv\u0113rtiem produktiem. Atv\u0113rtu produktu j\u0101uzglab\u0101 ledusskap\u012b.<\/p>\n","protected":false},"excerpt":{"rendered":"<p>&#8220;Drunken Jerk&#8221; no &#8220;Secret Aardvark&#8221; s\u0113rijas ir tropu arom\u0101ta, \u0161\u0137idr\u0101ka m\u0113rce, kas satur gar\u0161vielas, habanero \u010dilli un rumu. To lieliski var izmantot k\u0101 marin\u0101di vai m\u0113rci, k\u0101 ar\u012b uz sviestmaiz\u0113m un picas. Drunken Jerk, kas ir univers\u0101ls pielieto\u0161anas meto\u017eu zi\u0146\u0101, ir aizraujo\u0161s papildin\u0101jums jebkura gard\u0113\u017ea \u0113dienkartei!<br \/>\n[ywcwtl_form product_id=\"\"]<\/p>\n","protected":false},"featured_media":15459,"comment_status":"open","ping_status":"closed","template":"","meta":[],"product_cat":[916,922],"product_tag":[],"giftcard-category":[],"class_list":{"0":"post-19167","1":"product","2":"type-product","3":"status-publish","4":"has-post-thumbnail","6":"product_cat-merces","7":"product_cat-videjs","8":"pa_brand-secret-aardvark","10":"first","11":"outofstock","12":"taxable","13":"shipping-taxable","14":"purchasable","15":"product-type-simple"},"yoast_head":"<!-- This site is optimized with the Yoast SEO plugin v27.4 - https:\/\/yoast.com\/product\/yoast-seo-wordpress\/ -->\n<title>Drunken Jerk Jamaican Marinade - Hotta<\/title>\n<meta name=\"description\" content=\"Drunken Jerk, kas ir da\u013ca no Secret Aardvark s\u0113rijas, ir viens no jaun\u0101kajiem \u0161\u012bs s\u0113rijas produktiem. T\u0101 ir tropu \u0161\u0137idruma marin\u0101de.\" \/>\n<meta name=\"robots\" content=\"index, follow, max-snippet:-1, max-image-preview:large, max-video-preview:-1\" \/>\n<link rel=\"canonical\" href=\"https:\/\/hotta.eu\/lv\/shop\/drunken-jerk-jamaican-marinade\/\" \/>\n<meta property=\"og:locale\" content=\"lv_LV\" \/>\n<meta property=\"og:type\" content=\"article\" \/>\n<meta property=\"og:title\" content=\"Drunken Jerk Jamaican Marinade - Hotta\" \/>\n<meta property=\"og:description\" content=\"Drunken Jerk, kas ir da\u013ca no Secret Aardvark s\u0113rijas, ir viens no jaun\u0101kajiem \u0161\u012bs s\u0113rijas produktiem. T\u0101 ir tropu \u0161\u0137idruma marin\u0101de.\" \/>\n<meta property=\"og:url\" content=\"https:\/\/hotta.eu\/lv\/shop\/drunken-jerk-jamaican-marinade\/\" \/>\n<meta property=\"og:site_name\" content=\"Hotta\" \/>\n<meta property=\"article:publisher\" content=\"https:\/\/www.facebook.com\/hotta.eu\" \/>\n<meta property=\"article:modified_time\" content=\"2024-12-27T10:43:38+00:00\" \/>\n<meta property=\"og:image\" content=\"https:\/\/hotta.eu\/wp-content\/uploads\/2024\/03\/drunken-jerk.jpg\" \/>\n\t<meta property=\"og:image:width\" content=\"2000\" \/>\n\t<meta property=\"og:image:height\" content=\"2000\" \/>\n\t<meta property=\"og:image:type\" content=\"image\/jpeg\" \/>\n<meta name=\"twitter:card\" content=\"summary_large_image\" \/>\n<meta name=\"twitter:site\" content=\"@hottashop\" \/>\n<meta name=\"twitter:label1\" content=\"Est. reading time\" \/>\n\t<meta name=\"twitter:data1\" content=\"1 minute\" \/>\n<script type=\"application\/ld+json\" class=\"yoast-schema-graph\">{\"@context\":\"https:\\\/\\\/schema.org\",\"@graph\":[{\"@type\":\"WebPage\",\"@id\":\"https:\\\/\\\/hotta.eu\\\/lv\\\/shop\\\/drunken-jerk-jamaican-marinade\\\/\",\"url\":\"https:\\\/\\\/hotta.eu\\\/lv\\\/shop\\\/drunken-jerk-jamaican-marinade\\\/\",\"name\":\"Drunken Jerk Jamaican Marinade - Hotta\",\"isPartOf\":{\"@id\":\"https:\\\/\\\/hotta.eu\\\/lv\\\/#website\"},\"primaryImageOfPage\":{\"@id\":\"https:\\\/\\\/hotta.eu\\\/lv\\\/shop\\\/drunken-jerk-jamaican-marinade\\\/#primaryimage\"},\"image\":{\"@id\":\"https:\\\/\\\/hotta.eu\\\/lv\\\/shop\\\/drunken-jerk-jamaican-marinade\\\/#primaryimage\"},\"thumbnailUrl\":\"https:\\\/\\\/hotta.eu\\\/wp-content\\\/uploads\\\/2024\\\/03\\\/drunken-jerk.jpg\",\"datePublished\":\"2018-12-19T21:55:20+00:00\",\"dateModified\":\"2024-12-27T10:43:38+00:00\",\"description\":\"Drunken Jerk, kas ir da\u013ca no Secret Aardvark s\u0113rijas, ir viens no jaun\u0101kajiem \u0161\u012bs s\u0113rijas produktiem. T\u0101 ir tropu \u0161\u0137idruma marin\u0101de.\",\"breadcrumb\":{\"@id\":\"https:\\\/\\\/hotta.eu\\\/lv\\\/shop\\\/drunken-jerk-jamaican-marinade\\\/#breadcrumb\"},\"inLanguage\":\"lv-LV\",\"potentialAction\":[{\"@type\":\"ReadAction\",\"target\":[\"https:\\\/\\\/hotta.eu\\\/lv\\\/shop\\\/drunken-jerk-jamaican-marinade\\\/\"]}]},{\"@type\":\"ImageObject\",\"inLanguage\":\"lv-LV\",\"@id\":\"https:\\\/\\\/hotta.eu\\\/lv\\\/shop\\\/drunken-jerk-jamaican-marinade\\\/#primaryimage\",\"url\":\"https:\\\/\\\/hotta.eu\\\/wp-content\\\/uploads\\\/2024\\\/03\\\/drunken-jerk.jpg\",\"contentUrl\":\"https:\\\/\\\/hotta.eu\\\/wp-content\\\/uploads\\\/2024\\\/03\\\/drunken-jerk.jpg\",\"width\":2000,\"height\":2000},{\"@type\":\"BreadcrumbList\",\"@id\":\"https:\\\/\\\/hotta.eu\\\/lv\\\/shop\\\/drunken-jerk-jamaican-marinade\\\/#breadcrumb\",\"itemListElement\":[{\"@type\":\"ListItem\",\"position\":1,\"name\":\"S\u0101kums\",\"item\":\"https:\\\/\\\/hotta.eu\\\/lv\\\/sakumlapa\\\/\"},{\"@type\":\"ListItem\",\"position\":2,\"name\":\"Veikals\",\"item\":\"https:\\\/\\\/hotta.eu\\\/lv\\\/shop\\\/\"},{\"@type\":\"ListItem\",\"position\":3,\"name\":\"Drunken Jerk Jamaican Marinade\"}]},{\"@type\":\"WebSite\",\"@id\":\"https:\\\/\\\/hotta.eu\\\/lv\\\/#website\",\"url\":\"https:\\\/\\\/hotta.eu\\\/lv\\\/\",\"name\":\"Hotta\",\"description\":\"Makes your mouth burn a lotta!\",\"publisher\":{\"@id\":\"https:\\\/\\\/hotta.eu\\\/lv\\\/#organization\"},\"potentialAction\":[{\"@type\":\"SearchAction\",\"target\":{\"@type\":\"EntryPoint\",\"urlTemplate\":\"https:\\\/\\\/hotta.eu\\\/lv\\\/?s={search_term_string}\"},\"query-input\":{\"@type\":\"PropertyValueSpecification\",\"valueRequired\":true,\"valueName\":\"search_term_string\"}}],\"inLanguage\":\"lv-LV\"},{\"@type\":\"Organization\",\"@id\":\"https:\\\/\\\/hotta.eu\\\/lv\\\/#organization\",\"name\":\"Hotta\",\"url\":\"https:\\\/\\\/hotta.eu\\\/lv\\\/\",\"logo\":{\"@type\":\"ImageObject\",\"inLanguage\":\"lv-LV\",\"@id\":\"https:\\\/\\\/hotta.eu\\\/lv\\\/#\\\/schema\\\/logo\\\/image\\\/\",\"url\":\"https:\\\/\\\/hotta.eu\\\/wp-content\\\/uploads\\\/2025\\\/04\\\/hotta-logo-invoice.png\",\"contentUrl\":\"https:\\\/\\\/hotta.eu\\\/wp-content\\\/uploads\\\/2025\\\/04\\\/hotta-logo-invoice.png\",\"width\":600,\"height\":411,\"caption\":\"Hotta\"},\"image\":{\"@id\":\"https:\\\/\\\/hotta.eu\\\/lv\\\/#\\\/schema\\\/logo\\\/image\\\/\"},\"sameAs\":[\"https:\\\/\\\/www.facebook.com\\\/hotta.eu\",\"https:\\\/\\\/x.com\\\/hottashop\",\"https:\\\/\\\/www.instagram.com\\\/hotta.shop\"]}]}<\/script>\n<!-- \/ Yoast SEO plugin. -->","yoast_head_json":{"title":"Drunken Jerk Jamaican Marinade - Hotta","description":"Drunken Jerk, kas ir da\u013ca no Secret Aardvark s\u0113rijas, ir viens no jaun\u0101kajiem \u0161\u012bs s\u0113rijas produktiem. T\u0101 ir tropu \u0161\u0137idruma marin\u0101de.","robots":{"index":"index","follow":"follow","max-snippet":"max-snippet:-1","max-image-preview":"max-image-preview:large","max-video-preview":"max-video-preview:-1"},"canonical":"https:\/\/hotta.eu\/lv\/shop\/drunken-jerk-jamaican-marinade\/","og_locale":"lv_LV","og_type":"article","og_title":"Drunken Jerk Jamaican Marinade - Hotta","og_description":"Drunken Jerk, kas ir da\u013ca no Secret Aardvark s\u0113rijas, ir viens no jaun\u0101kajiem \u0161\u012bs s\u0113rijas produktiem. T\u0101 ir tropu \u0161\u0137idruma marin\u0101de.","og_url":"https:\/\/hotta.eu\/lv\/shop\/drunken-jerk-jamaican-marinade\/","og_site_name":"Hotta","article_publisher":"https:\/\/www.facebook.com\/hotta.eu","article_modified_time":"2024-12-27T10:43:38+00:00","og_image":[{"width":2000,"height":2000,"url":"https:\/\/hotta.eu\/wp-content\/uploads\/2024\/03\/drunken-jerk.jpg","type":"image\/jpeg"}],"twitter_card":"summary_large_image","twitter_site":"@hottashop","twitter_misc":{"Est. reading time":"1 minute"},"schema":{"@context":"https:\/\/schema.org","@graph":[{"@type":"WebPage","@id":"https:\/\/hotta.eu\/lv\/shop\/drunken-jerk-jamaican-marinade\/","url":"https:\/\/hotta.eu\/lv\/shop\/drunken-jerk-jamaican-marinade\/","name":"Drunken Jerk Jamaican Marinade - Hotta","isPartOf":{"@id":"https:\/\/hotta.eu\/lv\/#website"},"primaryImageOfPage":{"@id":"https:\/\/hotta.eu\/lv\/shop\/drunken-jerk-jamaican-marinade\/#primaryimage"},"image":{"@id":"https:\/\/hotta.eu\/lv\/shop\/drunken-jerk-jamaican-marinade\/#primaryimage"},"thumbnailUrl":"https:\/\/hotta.eu\/wp-content\/uploads\/2024\/03\/drunken-jerk.jpg","datePublished":"2018-12-19T21:55:20+00:00","dateModified":"2024-12-27T10:43:38+00:00","description":"Drunken Jerk, kas ir da\u013ca no Secret Aardvark s\u0113rijas, ir viens no jaun\u0101kajiem \u0161\u012bs s\u0113rijas produktiem. T\u0101 ir tropu \u0161\u0137idruma marin\u0101de.","breadcrumb":{"@id":"https:\/\/hotta.eu\/lv\/shop\/drunken-jerk-jamaican-marinade\/#breadcrumb"},"inLanguage":"lv-LV","potentialAction":[{"@type":"ReadAction","target":["https:\/\/hotta.eu\/lv\/shop\/drunken-jerk-jamaican-marinade\/"]}]},{"@type":"ImageObject","inLanguage":"lv-LV","@id":"https:\/\/hotta.eu\/lv\/shop\/drunken-jerk-jamaican-marinade\/#primaryimage","url":"https:\/\/hotta.eu\/wp-content\/uploads\/2024\/03\/drunken-jerk.jpg","contentUrl":"https:\/\/hotta.eu\/wp-content\/uploads\/2024\/03\/drunken-jerk.jpg","width":2000,"height":2000},{"@type":"BreadcrumbList","@id":"https:\/\/hotta.eu\/lv\/shop\/drunken-jerk-jamaican-marinade\/#breadcrumb","itemListElement":[{"@type":"ListItem","position":1,"name":"S\u0101kums","item":"https:\/\/hotta.eu\/lv\/sakumlapa\/"},{"@type":"ListItem","position":2,"name":"Veikals","item":"https:\/\/hotta.eu\/lv\/shop\/"},{"@type":"ListItem","position":3,"name":"Drunken Jerk Jamaican Marinade"}]},{"@type":"WebSite","@id":"https:\/\/hotta.eu\/lv\/#website","url":"https:\/\/hotta.eu\/lv\/","name":"Hotta","description":"Makes your mouth burn a lotta!","publisher":{"@id":"https:\/\/hotta.eu\/lv\/#organization"},"potentialAction":[{"@type":"SearchAction","target":{"@type":"EntryPoint","urlTemplate":"https:\/\/hotta.eu\/lv\/?s={search_term_string}"},"query-input":{"@type":"PropertyValueSpecification","valueRequired":true,"valueName":"search_term_string"}}],"inLanguage":"lv-LV"},{"@type":"Organization","@id":"https:\/\/hotta.eu\/lv\/#organization","name":"Hotta","url":"https:\/\/hotta.eu\/lv\/","logo":{"@type":"ImageObject","inLanguage":"lv-LV","@id":"https:\/\/hotta.eu\/lv\/#\/schema\/logo\/image\/","url":"https:\/\/hotta.eu\/wp-content\/uploads\/2025\/04\/hotta-logo-invoice.png","contentUrl":"https:\/\/hotta.eu\/wp-content\/uploads\/2025\/04\/hotta-logo-invoice.png","width":600,"height":411,"caption":"Hotta"},"image":{"@id":"https:\/\/hotta.eu\/lv\/#\/schema\/logo\/image\/"},"sameAs":["https:\/\/www.facebook.com\/hotta.eu","https:\/\/x.com\/hottashop","https:\/\/www.instagram.com\/hotta.shop"]}]}},"jetpack_sharing_enabled":true,"_links":{"self":[{"href":"https:\/\/hotta.eu\/lv\/wp-json\/wp\/v2\/product\/19167","targetHints":{"allow":["GET"]}}],"collection":[{"href":"https:\/\/hotta.eu\/lv\/wp-json\/wp\/v2\/product"}],"about":[{"href":"https:\/\/hotta.eu\/lv\/wp-json\/wp\/v2\/types\/product"}],"replies":[{"embeddable":true,"href":"https:\/\/hotta.eu\/lv\/wp-json\/wp\/v2\/comments?post=19167"}],"wp:featuredmedia":[{"embeddable":true,"href":"https:\/\/hotta.eu\/lv\/wp-json\/wp\/v2\/media\/15459"}],"wp:attachment":[{"href":"https:\/\/hotta.eu\/lv\/wp-json\/wp\/v2\/media?parent=19167"}],"wp:term":[{"taxonomy":"product_cat","embeddable":true,"href":"https:\/\/hotta.eu\/lv\/wp-json\/wp\/v2\/product_cat?post=19167"},{"taxonomy":"product_tag","embeddable":true,"href":"https:\/\/hotta.eu\/lv\/wp-json\/wp\/v2\/product_tag?post=19167"},{"taxonomy":"giftcard-category","embeddable":true,"href":"https:\/\/hotta.eu\/lv\/wp-json\/wp\/v2\/giftcard-category?post=19167"}],"curies":[{"name":"wp","href":"https:\/\/api.w.org\/{rel}","templated":true}]}}