{"id":19169,"date":"2019-02-24T13:20:52","date_gmt":"2019-02-24T11:20:52","guid":{"rendered":"https:\/\/hotta.eu\/shop\/lava-verde-citrusauglu-spradziens-ibiza-hot-sauce\/"},"modified":"2024-12-27T12:43:36","modified_gmt":"2024-12-27T10:43:36","slug":"lava-verde-citrus-explosion-ibiza-hot-sauce","status":"publish","type":"product","link":"https:\/\/hotta.eu\/lv\/shop\/lava-verde-citrus-explosion-ibiza-hot-sauce\/","title":{"rendered":"Lava Verde Citrus Explosion Ibiza Hot Sauce"},"content":{"rendered":"<p><strong>Sast\u0101vda\u013cas<\/strong><br \/>\nIbiza za\u013cais \u010dilli (31,2%), Ibiza citronu sula (26,4%), bumbieris, eti\u0137sk\u0101be (sulf\u012bts), Ibiza \u010dilli (1,5%), Ibiza s\u0101ls (0,2%), ksant\u0101na sve\u0137i.<\/p>\n<p><strong>Uzturv\u0113rt\u012bba (100 g)<br \/>\n<\/strong> Ener\u0123ija 27 kcal (117 kJ), tauki 0,2 g, og\u013chidr\u0101ti 4,8 g, no tiem 4,7 g cukuru, s\u0101ls .26 g, olbaltumvielas 0,7 g.<\/p>\n<p><strong>Der\u012bgums un glab\u0101\u0161ana<\/strong><br \/>\nDer\u012bguma termi\u0146\u0161 uz pudel\u012btes attiecas uz neatv\u0113rtiem produktiem. Atv\u0113rtu produktu j\u0101uzglab\u0101 ledusskap\u012b.<\/p>\n","protected":false},"excerpt":{"rendered":"<p>Pied\u0101v\u0101jot svaigu pieredzi, Lava Verde izmanto lab\u0101k\u0101s Ibizas sast\u0101vda\u013cas. Citronu nokr\u0101sa ar gaid\u012bto asumu. Ide\u0101li piem\u0113rots sal\u0101tiem, d\u0101rze\u0146iem, vistas ga\u013cai, ziv\u012bm, ol\u0101m, tacos un iesai\u0146ojumiem. Dab\u012bgas sast\u0101vda\u013cas, bez pievienota cukura vai m\u0101ksl\u012bgiem konservantiem. Piem\u0113rots ar\u012b veg\u0101niem.<br \/>\n[ywcwtl_form product_id=\"\"]<\/p>\n","protected":false},"featured_media":17177,"comment_status":"open","ping_status":"closed","template":"","meta":[],"product_cat":[924,916],"product_tag":[],"giftcard-category":[],"class_list":{"0":"post-19169","1":"product","2":"type-product","3":"status-publish","4":"has-post-thumbnail","6":"product_cat-maigs","7":"product_cat-merces","8":"pa_brand-ibiza-chili-co","10":"first","11":"outofstock","12":"taxable","13":"shipping-taxable","14":"purchasable","15":"product-type-simple"},"yoast_head":"<!-- This site is optimized with the Yoast SEO plugin v27.4 - https:\/\/yoast.com\/product\/yoast-seo-wordpress\/ -->\n<title>Lava Verde Citrus Explosion Ibiza Hot Sauce - Hotta<\/title>\n<meta name=\"robots\" content=\"index, follow, max-snippet:-1, max-image-preview:large, max-video-preview:-1\" \/>\n<link rel=\"canonical\" href=\"https:\/\/hotta.eu\/lv\/shop\/lava-verde-citrus-explosion-ibiza-hot-sauce\/\" \/>\n<meta property=\"og:locale\" content=\"lv_LV\" \/>\n<meta property=\"og:type\" content=\"article\" \/>\n<meta property=\"og:title\" content=\"Lava Verde Citrus Explosion Ibiza Hot Sauce - Hotta\" \/>\n<meta property=\"og:description\" content=\"Pied\u0101v\u0101jot svaigu pieredzi, Lava Verde izmanto lab\u0101k\u0101s Ibizas sast\u0101vda\u013cas. Citronu nokr\u0101sa ar gaid\u012bto asumu. Ide\u0101li piem\u0113rots sal\u0101tiem, d\u0101rze\u0146iem, vistas ga\u013cai, ziv\u012bm, ol\u0101m, tacos un iesai\u0146ojumiem. Dab\u012bgas sast\u0101vda\u013cas, bez pievienota cukura vai m\u0101ksl\u012bgiem konservantiem. Piem\u0113rots ar\u012b veg\u0101niem.\" \/>\n<meta property=\"og:url\" content=\"https:\/\/hotta.eu\/lv\/shop\/lava-verde-citrus-explosion-ibiza-hot-sauce\/\" \/>\n<meta property=\"og:site_name\" content=\"Hotta\" \/>\n<meta property=\"article:publisher\" content=\"https:\/\/www.facebook.com\/hotta.eu\" \/>\n<meta property=\"article:modified_time\" content=\"2024-12-27T10:43:36+00:00\" \/>\n<meta property=\"og:image\" content=\"https:\/\/hotta.eu\/wp-content\/uploads\/2019\/02\/IMG_9511-2.jpg\" \/>\n\t<meta property=\"og:image:width\" content=\"2000\" \/>\n\t<meta property=\"og:image:height\" content=\"2030\" \/>\n\t<meta property=\"og:image:type\" content=\"image\/jpeg\" \/>\n<meta name=\"twitter:card\" content=\"summary_large_image\" \/>\n<meta name=\"twitter:site\" content=\"@hottashop\" \/>\n<meta name=\"twitter:label1\" content=\"Est. reading time\" \/>\n\t<meta name=\"twitter:data1\" content=\"1 minute\" \/>\n<script type=\"application\/ld+json\" class=\"yoast-schema-graph\">{\"@context\":\"https:\\\/\\\/schema.org\",\"@graph\":[{\"@type\":\"WebPage\",\"@id\":\"https:\\\/\\\/hotta.eu\\\/lv\\\/shop\\\/lava-verde-citrus-explosion-ibiza-hot-sauce\\\/\",\"url\":\"https:\\\/\\\/hotta.eu\\\/lv\\\/shop\\\/lava-verde-citrus-explosion-ibiza-hot-sauce\\\/\",\"name\":\"Lava Verde Citrus Explosion Ibiza Hot Sauce - Hotta\",\"isPartOf\":{\"@id\":\"https:\\\/\\\/hotta.eu\\\/lv\\\/#website\"},\"primaryImageOfPage\":{\"@id\":\"https:\\\/\\\/hotta.eu\\\/lv\\\/shop\\\/lava-verde-citrus-explosion-ibiza-hot-sauce\\\/#primaryimage\"},\"image\":{\"@id\":\"https:\\\/\\\/hotta.eu\\\/lv\\\/shop\\\/lava-verde-citrus-explosion-ibiza-hot-sauce\\\/#primaryimage\"},\"thumbnailUrl\":\"https:\\\/\\\/hotta.eu\\\/wp-content\\\/uploads\\\/2019\\\/02\\\/IMG_9511-2.jpg\",\"datePublished\":\"2019-02-24T11:20:52+00:00\",\"dateModified\":\"2024-12-27T10:43:36+00:00\",\"breadcrumb\":{\"@id\":\"https:\\\/\\\/hotta.eu\\\/lv\\\/shop\\\/lava-verde-citrus-explosion-ibiza-hot-sauce\\\/#breadcrumb\"},\"inLanguage\":\"lv-LV\",\"potentialAction\":[{\"@type\":\"ReadAction\",\"target\":[\"https:\\\/\\\/hotta.eu\\\/lv\\\/shop\\\/lava-verde-citrus-explosion-ibiza-hot-sauce\\\/\"]}]},{\"@type\":\"ImageObject\",\"inLanguage\":\"lv-LV\",\"@id\":\"https:\\\/\\\/hotta.eu\\\/lv\\\/shop\\\/lava-verde-citrus-explosion-ibiza-hot-sauce\\\/#primaryimage\",\"url\":\"https:\\\/\\\/hotta.eu\\\/wp-content\\\/uploads\\\/2019\\\/02\\\/IMG_9511-2.jpg\",\"contentUrl\":\"https:\\\/\\\/hotta.eu\\\/wp-content\\\/uploads\\\/2019\\\/02\\\/IMG_9511-2.jpg\",\"width\":2000,\"height\":2030},{\"@type\":\"BreadcrumbList\",\"@id\":\"https:\\\/\\\/hotta.eu\\\/lv\\\/shop\\\/lava-verde-citrus-explosion-ibiza-hot-sauce\\\/#breadcrumb\",\"itemListElement\":[{\"@type\":\"ListItem\",\"position\":1,\"name\":\"S\u0101kums\",\"item\":\"https:\\\/\\\/hotta.eu\\\/lv\\\/sakumlapa\\\/\"},{\"@type\":\"ListItem\",\"position\":2,\"name\":\"Veikals\",\"item\":\"https:\\\/\\\/hotta.eu\\\/lv\\\/shop\\\/\"},{\"@type\":\"ListItem\",\"position\":3,\"name\":\"Lava Verde Citrus Explosion Ibiza Hot Sauce\"}]},{\"@type\":\"WebSite\",\"@id\":\"https:\\\/\\\/hotta.eu\\\/lv\\\/#website\",\"url\":\"https:\\\/\\\/hotta.eu\\\/lv\\\/\",\"name\":\"Hotta\",\"description\":\"Makes your mouth burn a lotta!\",\"publisher\":{\"@id\":\"https:\\\/\\\/hotta.eu\\\/lv\\\/#organization\"},\"potentialAction\":[{\"@type\":\"SearchAction\",\"target\":{\"@type\":\"EntryPoint\",\"urlTemplate\":\"https:\\\/\\\/hotta.eu\\\/lv\\\/?s={search_term_string}\"},\"query-input\":{\"@type\":\"PropertyValueSpecification\",\"valueRequired\":true,\"valueName\":\"search_term_string\"}}],\"inLanguage\":\"lv-LV\"},{\"@type\":\"Organization\",\"@id\":\"https:\\\/\\\/hotta.eu\\\/lv\\\/#organization\",\"name\":\"Hotta\",\"url\":\"https:\\\/\\\/hotta.eu\\\/lv\\\/\",\"logo\":{\"@type\":\"ImageObject\",\"inLanguage\":\"lv-LV\",\"@id\":\"https:\\\/\\\/hotta.eu\\\/lv\\\/#\\\/schema\\\/logo\\\/image\\\/\",\"url\":\"https:\\\/\\\/hotta.eu\\\/wp-content\\\/uploads\\\/2025\\\/04\\\/hotta-logo-invoice.png\",\"contentUrl\":\"https:\\\/\\\/hotta.eu\\\/wp-content\\\/uploads\\\/2025\\\/04\\\/hotta-logo-invoice.png\",\"width\":600,\"height\":411,\"caption\":\"Hotta\"},\"image\":{\"@id\":\"https:\\\/\\\/hotta.eu\\\/lv\\\/#\\\/schema\\\/logo\\\/image\\\/\"},\"sameAs\":[\"https:\\\/\\\/www.facebook.com\\\/hotta.eu\",\"https:\\\/\\\/x.com\\\/hottashop\",\"https:\\\/\\\/www.instagram.com\\\/hotta.shop\"]}]}<\/script>\n<!-- \/ Yoast SEO plugin. -->","yoast_head_json":{"title":"Lava Verde Citrus Explosion Ibiza Hot Sauce - Hotta","robots":{"index":"index","follow":"follow","max-snippet":"max-snippet:-1","max-image-preview":"max-image-preview:large","max-video-preview":"max-video-preview:-1"},"canonical":"https:\/\/hotta.eu\/lv\/shop\/lava-verde-citrus-explosion-ibiza-hot-sauce\/","og_locale":"lv_LV","og_type":"article","og_title":"Lava Verde Citrus Explosion Ibiza Hot Sauce - Hotta","og_description":"Pied\u0101v\u0101jot svaigu pieredzi, Lava Verde izmanto lab\u0101k\u0101s Ibizas sast\u0101vda\u013cas. Citronu nokr\u0101sa ar gaid\u012bto asumu. Ide\u0101li piem\u0113rots sal\u0101tiem, d\u0101rze\u0146iem, vistas ga\u013cai, ziv\u012bm, ol\u0101m, tacos un iesai\u0146ojumiem. Dab\u012bgas sast\u0101vda\u013cas, bez pievienota cukura vai m\u0101ksl\u012bgiem konservantiem. Piem\u0113rots ar\u012b veg\u0101niem.","og_url":"https:\/\/hotta.eu\/lv\/shop\/lava-verde-citrus-explosion-ibiza-hot-sauce\/","og_site_name":"Hotta","article_publisher":"https:\/\/www.facebook.com\/hotta.eu","article_modified_time":"2024-12-27T10:43:36+00:00","og_image":[{"width":2000,"height":2030,"url":"https:\/\/hotta.eu\/wp-content\/uploads\/2019\/02\/IMG_9511-2.jpg","type":"image\/jpeg"}],"twitter_card":"summary_large_image","twitter_site":"@hottashop","twitter_misc":{"Est. reading time":"1 minute"},"schema":{"@context":"https:\/\/schema.org","@graph":[{"@type":"WebPage","@id":"https:\/\/hotta.eu\/lv\/shop\/lava-verde-citrus-explosion-ibiza-hot-sauce\/","url":"https:\/\/hotta.eu\/lv\/shop\/lava-verde-citrus-explosion-ibiza-hot-sauce\/","name":"Lava Verde Citrus Explosion Ibiza Hot Sauce - Hotta","isPartOf":{"@id":"https:\/\/hotta.eu\/lv\/#website"},"primaryImageOfPage":{"@id":"https:\/\/hotta.eu\/lv\/shop\/lava-verde-citrus-explosion-ibiza-hot-sauce\/#primaryimage"},"image":{"@id":"https:\/\/hotta.eu\/lv\/shop\/lava-verde-citrus-explosion-ibiza-hot-sauce\/#primaryimage"},"thumbnailUrl":"https:\/\/hotta.eu\/wp-content\/uploads\/2019\/02\/IMG_9511-2.jpg","datePublished":"2019-02-24T11:20:52+00:00","dateModified":"2024-12-27T10:43:36+00:00","breadcrumb":{"@id":"https:\/\/hotta.eu\/lv\/shop\/lava-verde-citrus-explosion-ibiza-hot-sauce\/#breadcrumb"},"inLanguage":"lv-LV","potentialAction":[{"@type":"ReadAction","target":["https:\/\/hotta.eu\/lv\/shop\/lava-verde-citrus-explosion-ibiza-hot-sauce\/"]}]},{"@type":"ImageObject","inLanguage":"lv-LV","@id":"https:\/\/hotta.eu\/lv\/shop\/lava-verde-citrus-explosion-ibiza-hot-sauce\/#primaryimage","url":"https:\/\/hotta.eu\/wp-content\/uploads\/2019\/02\/IMG_9511-2.jpg","contentUrl":"https:\/\/hotta.eu\/wp-content\/uploads\/2019\/02\/IMG_9511-2.jpg","width":2000,"height":2030},{"@type":"BreadcrumbList","@id":"https:\/\/hotta.eu\/lv\/shop\/lava-verde-citrus-explosion-ibiza-hot-sauce\/#breadcrumb","itemListElement":[{"@type":"ListItem","position":1,"name":"S\u0101kums","item":"https:\/\/hotta.eu\/lv\/sakumlapa\/"},{"@type":"ListItem","position":2,"name":"Veikals","item":"https:\/\/hotta.eu\/lv\/shop\/"},{"@type":"ListItem","position":3,"name":"Lava Verde Citrus Explosion Ibiza Hot Sauce"}]},{"@type":"WebSite","@id":"https:\/\/hotta.eu\/lv\/#website","url":"https:\/\/hotta.eu\/lv\/","name":"Hotta","description":"Makes your mouth burn a lotta!","publisher":{"@id":"https:\/\/hotta.eu\/lv\/#organization"},"potentialAction":[{"@type":"SearchAction","target":{"@type":"EntryPoint","urlTemplate":"https:\/\/hotta.eu\/lv\/?s={search_term_string}"},"query-input":{"@type":"PropertyValueSpecification","valueRequired":true,"valueName":"search_term_string"}}],"inLanguage":"lv-LV"},{"@type":"Organization","@id":"https:\/\/hotta.eu\/lv\/#organization","name":"Hotta","url":"https:\/\/hotta.eu\/lv\/","logo":{"@type":"ImageObject","inLanguage":"lv-LV","@id":"https:\/\/hotta.eu\/lv\/#\/schema\/logo\/image\/","url":"https:\/\/hotta.eu\/wp-content\/uploads\/2025\/04\/hotta-logo-invoice.png","contentUrl":"https:\/\/hotta.eu\/wp-content\/uploads\/2025\/04\/hotta-logo-invoice.png","width":600,"height":411,"caption":"Hotta"},"image":{"@id":"https:\/\/hotta.eu\/lv\/#\/schema\/logo\/image\/"},"sameAs":["https:\/\/www.facebook.com\/hotta.eu","https:\/\/x.com\/hottashop","https:\/\/www.instagram.com\/hotta.shop"]}]}},"jetpack_sharing_enabled":true,"_links":{"self":[{"href":"https:\/\/hotta.eu\/lv\/wp-json\/wp\/v2\/product\/19169","targetHints":{"allow":["GET"]}}],"collection":[{"href":"https:\/\/hotta.eu\/lv\/wp-json\/wp\/v2\/product"}],"about":[{"href":"https:\/\/hotta.eu\/lv\/wp-json\/wp\/v2\/types\/product"}],"replies":[{"embeddable":true,"href":"https:\/\/hotta.eu\/lv\/wp-json\/wp\/v2\/comments?post=19169"}],"wp:featuredmedia":[{"embeddable":true,"href":"https:\/\/hotta.eu\/lv\/wp-json\/wp\/v2\/media\/17177"}],"wp:attachment":[{"href":"https:\/\/hotta.eu\/lv\/wp-json\/wp\/v2\/media?parent=19169"}],"wp:term":[{"taxonomy":"product_cat","embeddable":true,"href":"https:\/\/hotta.eu\/lv\/wp-json\/wp\/v2\/product_cat?post=19169"},{"taxonomy":"product_tag","embeddable":true,"href":"https:\/\/hotta.eu\/lv\/wp-json\/wp\/v2\/product_tag?post=19169"},{"taxonomy":"giftcard-category","embeddable":true,"href":"https:\/\/hotta.eu\/lv\/wp-json\/wp\/v2\/giftcard-category?post=19169"}],"curies":[{"name":"wp","href":"https:\/\/api.w.org\/{rel}","templated":true}]}}