{"id":19199,"date":"2018-09-26T23:57:47","date_gmt":"2018-09-26T21:57:47","guid":{"rendered":"https:\/\/hotta.eu\/shop\/black-mamba-karsta-merce\/"},"modified":"2025-11-14T11:56:37","modified_gmt":"2025-11-14T09:56:37","slug":"black-mamba-hot-sauce","status":"publish","type":"product","link":"https:\/\/hotta.eu\/lv\/shop\/black-mamba-hot-sauce\/","title":{"rendered":"Black Mamba Hot Sauce"},"content":{"rendered":"<p><strong>Sast\u0101vda\u013cas<\/strong><br \/>\n\u0160okol\u0101des habanero \u010dilli, destil\u0113ta eti\u0137sk\u0101be, \u010dilli ekstrakts.<\/p>\n<div class=\"tableheader\"><strong>Uzturv\u0113rt\u012bba (100 g)<\/strong><\/div>\n<div class=\"tableheader\">Ener\u0123ija 114,2 kJ \/ 27,3 kcal, og\u013chidr\u0101ti 6,2 g, no tiem cukuri 0,9 g, s\u0101ls 0,08 g.<\/div>\n<p><strong>Der\u012bgums un glab\u0101\u0161ana<\/strong><br \/>\nDer\u012bguma termi\u0146\u0161 uz pudel\u012btes attiecas uz neatv\u0113rtiem produktiem. Atv\u0113rtu produktu j\u0101uzglab\u0101 ledusskap\u012b.<\/p>\n","protected":false},"excerpt":{"rendered":"<p>Ind\u012bgi karsta m\u0113rce! Black Mamba (meln\u0101 mamba) nosaukums atsaucas uz t\u0101da pa\u0161a nosaukuma \u010d\u016bsku sugu. Meln\u0101 mamba ir ind\u012bga \u010d\u016bska, kas tiek uzskat\u012bta par vienu no b\u012bstam\u0101kaj\u0101m pasaul\u0113. T\u0101s ir \u0101tras, nervozas, n\u0101v\u0113jo\u0161i ind\u012bgas un agres\u012bvas, kad t\u0101s tiek apdraud\u0113tas. T\u0101p\u0113c m\u0113s izv\u0113l\u0113j\u0101mies \u0161o nosaukumu &#8211; t\u0101 ir viena no as\u0101kaj\u0101m m\u0113rc\u0113m m\u016bsu kl\u0101st\u0101. Produkts ar nedaudz\u0101m sast\u0101vda\u013c\u0101m, bet ar sp\u0113c\u012bgu gar\u0161as pieredzi.<br \/>\n[ywcwtl_form product_id=\"\"]<\/p>\n","protected":false},"featured_media":15359,"comment_status":"open","ping_status":"closed","template":"","meta":[],"product_cat":[918,916],"product_tag":[],"giftcard-category":[],"class_list":{"0":"post-19199","1":"product","2":"type-product","3":"status-publish","4":"has-post-thumbnail","6":"product_cat-ekstrems","7":"product_cat-merces","8":"pa_brand-cajohns-fiery-foods","10":"first","11":"outofstock","12":"taxable","13":"shipping-taxable","14":"purchasable","15":"product-type-simple"},"yoast_head":"<!-- This site is optimized with the Yoast SEO plugin v27.4 - https:\/\/yoast.com\/product\/yoast-seo-wordpress\/ -->\n<title>Black Mamba Hot Sauce - Hotta<\/title>\n<meta name=\"description\" content=\"Ind\u012bgi karsta m\u0113rce! Black Mamba (meln\u0101 mamba) nosaukums atsaucas uz t\u0101da pa\u0161a nosaukuma \u010d\u016bsku sugu. Meln\u0101 mamba ir ind\u012bga \u010d\u016bska, kas tiek uzskat\u012bta par vienu no b\u012bstam\u0101kaj\u0101m pasaul\u0113. T\u0101s ir \u0101tras, nervozas, n\u0101v\u0113jo\u0161i ind\u012bgas un agres\u012bvas, kad t\u0101s tiek apdraud\u0113tas.\" \/>\n<meta name=\"robots\" content=\"index, follow, max-snippet:-1, max-image-preview:large, max-video-preview:-1\" \/>\n<link rel=\"canonical\" href=\"https:\/\/hotta.eu\/lv\/shop\/black-mamba-hot-sauce\/\" \/>\n<meta property=\"og:locale\" content=\"lv_LV\" \/>\n<meta property=\"og:type\" content=\"article\" \/>\n<meta property=\"og:title\" content=\"Black Mamba Hot Sauce - Hotta\" \/>\n<meta property=\"og:description\" content=\"Ind\u012bgi karsta m\u0113rce! Black Mamba (meln\u0101 mamba) nosaukums atsaucas uz t\u0101da pa\u0161a nosaukuma \u010d\u016bsku sugu. Meln\u0101 mamba ir ind\u012bga \u010d\u016bska, kas tiek uzskat\u012bta par vienu no b\u012bstam\u0101kaj\u0101m pasaul\u0113. T\u0101s ir \u0101tras, nervozas, n\u0101v\u0113jo\u0161i ind\u012bgas un agres\u012bvas, kad t\u0101s tiek apdraud\u0113tas.\" \/>\n<meta property=\"og:url\" content=\"https:\/\/hotta.eu\/lv\/shop\/black-mamba-hot-sauce\/\" \/>\n<meta property=\"og:site_name\" content=\"Hotta\" \/>\n<meta property=\"article:publisher\" content=\"https:\/\/www.facebook.com\/hotta.eu\" \/>\n<meta property=\"article:modified_time\" content=\"2025-11-14T09:56:37+00:00\" \/>\n<meta property=\"og:image\" content=\"https:\/\/hotta.eu\/wp-content\/uploads\/2024\/03\/IMG_9914.jpg\" \/>\n\t<meta property=\"og:image:width\" content=\"2000\" \/>\n\t<meta property=\"og:image:height\" content=\"2000\" \/>\n\t<meta property=\"og:image:type\" content=\"image\/jpeg\" \/>\n<meta name=\"twitter:card\" content=\"summary_large_image\" \/>\n<meta name=\"twitter:site\" content=\"@hottashop\" \/>\n<meta name=\"twitter:label1\" content=\"Est. reading time\" \/>\n\t<meta name=\"twitter:data1\" content=\"1 minute\" \/>\n<script type=\"application\/ld+json\" class=\"yoast-schema-graph\">{\"@context\":\"https:\\\/\\\/schema.org\",\"@graph\":[{\"@type\":\"WebPage\",\"@id\":\"https:\\\/\\\/hotta.eu\\\/lv\\\/shop\\\/black-mamba-hot-sauce\\\/\",\"url\":\"https:\\\/\\\/hotta.eu\\\/lv\\\/shop\\\/black-mamba-hot-sauce\\\/\",\"name\":\"Black Mamba Hot Sauce - Hotta\",\"isPartOf\":{\"@id\":\"https:\\\/\\\/hotta.eu\\\/lv\\\/#website\"},\"primaryImageOfPage\":{\"@id\":\"https:\\\/\\\/hotta.eu\\\/lv\\\/shop\\\/black-mamba-hot-sauce\\\/#primaryimage\"},\"image\":{\"@id\":\"https:\\\/\\\/hotta.eu\\\/lv\\\/shop\\\/black-mamba-hot-sauce\\\/#primaryimage\"},\"thumbnailUrl\":\"https:\\\/\\\/hotta.eu\\\/wp-content\\\/uploads\\\/2024\\\/03\\\/IMG_9914.jpg\",\"datePublished\":\"2018-09-26T21:57:47+00:00\",\"dateModified\":\"2025-11-14T09:56:37+00:00\",\"description\":\"Ind\u012bgi karsta m\u0113rce! Black Mamba (meln\u0101 mamba) nosaukums atsaucas uz t\u0101da pa\u0161a nosaukuma \u010d\u016bsku sugu. Meln\u0101 mamba ir ind\u012bga \u010d\u016bska, kas tiek uzskat\u012bta par vienu no b\u012bstam\u0101kaj\u0101m pasaul\u0113. T\u0101s ir \u0101tras, nervozas, n\u0101v\u0113jo\u0161i ind\u012bgas un agres\u012bvas, kad t\u0101s tiek apdraud\u0113tas.\",\"breadcrumb\":{\"@id\":\"https:\\\/\\\/hotta.eu\\\/lv\\\/shop\\\/black-mamba-hot-sauce\\\/#breadcrumb\"},\"inLanguage\":\"lv-LV\",\"potentialAction\":[{\"@type\":\"ReadAction\",\"target\":[\"https:\\\/\\\/hotta.eu\\\/lv\\\/shop\\\/black-mamba-hot-sauce\\\/\"]}]},{\"@type\":\"ImageObject\",\"inLanguage\":\"lv-LV\",\"@id\":\"https:\\\/\\\/hotta.eu\\\/lv\\\/shop\\\/black-mamba-hot-sauce\\\/#primaryimage\",\"url\":\"https:\\\/\\\/hotta.eu\\\/wp-content\\\/uploads\\\/2024\\\/03\\\/IMG_9914.jpg\",\"contentUrl\":\"https:\\\/\\\/hotta.eu\\\/wp-content\\\/uploads\\\/2024\\\/03\\\/IMG_9914.jpg\",\"width\":2000,\"height\":2000},{\"@type\":\"BreadcrumbList\",\"@id\":\"https:\\\/\\\/hotta.eu\\\/lv\\\/shop\\\/black-mamba-hot-sauce\\\/#breadcrumb\",\"itemListElement\":[{\"@type\":\"ListItem\",\"position\":1,\"name\":\"S\u0101kums\",\"item\":\"https:\\\/\\\/hotta.eu\\\/lv\\\/sakumlapa\\\/\"},{\"@type\":\"ListItem\",\"position\":2,\"name\":\"Veikals\",\"item\":\"https:\\\/\\\/hotta.eu\\\/lv\\\/shop\\\/\"},{\"@type\":\"ListItem\",\"position\":3,\"name\":\"Black Mamba Hot Sauce\"}]},{\"@type\":\"WebSite\",\"@id\":\"https:\\\/\\\/hotta.eu\\\/lv\\\/#website\",\"url\":\"https:\\\/\\\/hotta.eu\\\/lv\\\/\",\"name\":\"Hotta\",\"description\":\"Makes your mouth burn a lotta!\",\"publisher\":{\"@id\":\"https:\\\/\\\/hotta.eu\\\/lv\\\/#organization\"},\"potentialAction\":[{\"@type\":\"SearchAction\",\"target\":{\"@type\":\"EntryPoint\",\"urlTemplate\":\"https:\\\/\\\/hotta.eu\\\/lv\\\/?s={search_term_string}\"},\"query-input\":{\"@type\":\"PropertyValueSpecification\",\"valueRequired\":true,\"valueName\":\"search_term_string\"}}],\"inLanguage\":\"lv-LV\"},{\"@type\":\"Organization\",\"@id\":\"https:\\\/\\\/hotta.eu\\\/lv\\\/#organization\",\"name\":\"Hotta\",\"url\":\"https:\\\/\\\/hotta.eu\\\/lv\\\/\",\"logo\":{\"@type\":\"ImageObject\",\"inLanguage\":\"lv-LV\",\"@id\":\"https:\\\/\\\/hotta.eu\\\/lv\\\/#\\\/schema\\\/logo\\\/image\\\/\",\"url\":\"https:\\\/\\\/hotta.eu\\\/wp-content\\\/uploads\\\/2025\\\/04\\\/hotta-logo-invoice.png\",\"contentUrl\":\"https:\\\/\\\/hotta.eu\\\/wp-content\\\/uploads\\\/2025\\\/04\\\/hotta-logo-invoice.png\",\"width\":600,\"height\":411,\"caption\":\"Hotta\"},\"image\":{\"@id\":\"https:\\\/\\\/hotta.eu\\\/lv\\\/#\\\/schema\\\/logo\\\/image\\\/\"},\"sameAs\":[\"https:\\\/\\\/www.facebook.com\\\/hotta.eu\",\"https:\\\/\\\/x.com\\\/hottashop\",\"https:\\\/\\\/www.instagram.com\\\/hotta.shop\"]}]}<\/script>\n<!-- \/ Yoast SEO plugin. -->","yoast_head_json":{"title":"Black Mamba Hot Sauce - Hotta","description":"Ind\u012bgi karsta m\u0113rce! Black Mamba (meln\u0101 mamba) nosaukums atsaucas uz t\u0101da pa\u0161a nosaukuma \u010d\u016bsku sugu. Meln\u0101 mamba ir ind\u012bga \u010d\u016bska, kas tiek uzskat\u012bta par vienu no b\u012bstam\u0101kaj\u0101m pasaul\u0113. T\u0101s ir \u0101tras, nervozas, n\u0101v\u0113jo\u0161i ind\u012bgas un agres\u012bvas, kad t\u0101s tiek apdraud\u0113tas.","robots":{"index":"index","follow":"follow","max-snippet":"max-snippet:-1","max-image-preview":"max-image-preview:large","max-video-preview":"max-video-preview:-1"},"canonical":"https:\/\/hotta.eu\/lv\/shop\/black-mamba-hot-sauce\/","og_locale":"lv_LV","og_type":"article","og_title":"Black Mamba Hot Sauce - Hotta","og_description":"Ind\u012bgi karsta m\u0113rce! Black Mamba (meln\u0101 mamba) nosaukums atsaucas uz t\u0101da pa\u0161a nosaukuma \u010d\u016bsku sugu. Meln\u0101 mamba ir ind\u012bga \u010d\u016bska, kas tiek uzskat\u012bta par vienu no b\u012bstam\u0101kaj\u0101m pasaul\u0113. T\u0101s ir \u0101tras, nervozas, n\u0101v\u0113jo\u0161i ind\u012bgas un agres\u012bvas, kad t\u0101s tiek apdraud\u0113tas.","og_url":"https:\/\/hotta.eu\/lv\/shop\/black-mamba-hot-sauce\/","og_site_name":"Hotta","article_publisher":"https:\/\/www.facebook.com\/hotta.eu","article_modified_time":"2025-11-14T09:56:37+00:00","og_image":[{"width":2000,"height":2000,"url":"https:\/\/hotta.eu\/wp-content\/uploads\/2024\/03\/IMG_9914.jpg","type":"image\/jpeg"}],"twitter_card":"summary_large_image","twitter_site":"@hottashop","twitter_misc":{"Est. reading time":"1 minute"},"schema":{"@context":"https:\/\/schema.org","@graph":[{"@type":"WebPage","@id":"https:\/\/hotta.eu\/lv\/shop\/black-mamba-hot-sauce\/","url":"https:\/\/hotta.eu\/lv\/shop\/black-mamba-hot-sauce\/","name":"Black Mamba Hot Sauce - Hotta","isPartOf":{"@id":"https:\/\/hotta.eu\/lv\/#website"},"primaryImageOfPage":{"@id":"https:\/\/hotta.eu\/lv\/shop\/black-mamba-hot-sauce\/#primaryimage"},"image":{"@id":"https:\/\/hotta.eu\/lv\/shop\/black-mamba-hot-sauce\/#primaryimage"},"thumbnailUrl":"https:\/\/hotta.eu\/wp-content\/uploads\/2024\/03\/IMG_9914.jpg","datePublished":"2018-09-26T21:57:47+00:00","dateModified":"2025-11-14T09:56:37+00:00","description":"Ind\u012bgi karsta m\u0113rce! Black Mamba (meln\u0101 mamba) nosaukums atsaucas uz t\u0101da pa\u0161a nosaukuma \u010d\u016bsku sugu. Meln\u0101 mamba ir ind\u012bga \u010d\u016bska, kas tiek uzskat\u012bta par vienu no b\u012bstam\u0101kaj\u0101m pasaul\u0113. T\u0101s ir \u0101tras, nervozas, n\u0101v\u0113jo\u0161i ind\u012bgas un agres\u012bvas, kad t\u0101s tiek apdraud\u0113tas.","breadcrumb":{"@id":"https:\/\/hotta.eu\/lv\/shop\/black-mamba-hot-sauce\/#breadcrumb"},"inLanguage":"lv-LV","potentialAction":[{"@type":"ReadAction","target":["https:\/\/hotta.eu\/lv\/shop\/black-mamba-hot-sauce\/"]}]},{"@type":"ImageObject","inLanguage":"lv-LV","@id":"https:\/\/hotta.eu\/lv\/shop\/black-mamba-hot-sauce\/#primaryimage","url":"https:\/\/hotta.eu\/wp-content\/uploads\/2024\/03\/IMG_9914.jpg","contentUrl":"https:\/\/hotta.eu\/wp-content\/uploads\/2024\/03\/IMG_9914.jpg","width":2000,"height":2000},{"@type":"BreadcrumbList","@id":"https:\/\/hotta.eu\/lv\/shop\/black-mamba-hot-sauce\/#breadcrumb","itemListElement":[{"@type":"ListItem","position":1,"name":"S\u0101kums","item":"https:\/\/hotta.eu\/lv\/sakumlapa\/"},{"@type":"ListItem","position":2,"name":"Veikals","item":"https:\/\/hotta.eu\/lv\/shop\/"},{"@type":"ListItem","position":3,"name":"Black Mamba Hot Sauce"}]},{"@type":"WebSite","@id":"https:\/\/hotta.eu\/lv\/#website","url":"https:\/\/hotta.eu\/lv\/","name":"Hotta","description":"Makes your mouth burn a lotta!","publisher":{"@id":"https:\/\/hotta.eu\/lv\/#organization"},"potentialAction":[{"@type":"SearchAction","target":{"@type":"EntryPoint","urlTemplate":"https:\/\/hotta.eu\/lv\/?s={search_term_string}"},"query-input":{"@type":"PropertyValueSpecification","valueRequired":true,"valueName":"search_term_string"}}],"inLanguage":"lv-LV"},{"@type":"Organization","@id":"https:\/\/hotta.eu\/lv\/#organization","name":"Hotta","url":"https:\/\/hotta.eu\/lv\/","logo":{"@type":"ImageObject","inLanguage":"lv-LV","@id":"https:\/\/hotta.eu\/lv\/#\/schema\/logo\/image\/","url":"https:\/\/hotta.eu\/wp-content\/uploads\/2025\/04\/hotta-logo-invoice.png","contentUrl":"https:\/\/hotta.eu\/wp-content\/uploads\/2025\/04\/hotta-logo-invoice.png","width":600,"height":411,"caption":"Hotta"},"image":{"@id":"https:\/\/hotta.eu\/lv\/#\/schema\/logo\/image\/"},"sameAs":["https:\/\/www.facebook.com\/hotta.eu","https:\/\/x.com\/hottashop","https:\/\/www.instagram.com\/hotta.shop"]}]}},"jetpack_sharing_enabled":true,"_links":{"self":[{"href":"https:\/\/hotta.eu\/lv\/wp-json\/wp\/v2\/product\/19199","targetHints":{"allow":["GET"]}}],"collection":[{"href":"https:\/\/hotta.eu\/lv\/wp-json\/wp\/v2\/product"}],"about":[{"href":"https:\/\/hotta.eu\/lv\/wp-json\/wp\/v2\/types\/product"}],"replies":[{"embeddable":true,"href":"https:\/\/hotta.eu\/lv\/wp-json\/wp\/v2\/comments?post=19199"}],"wp:featuredmedia":[{"embeddable":true,"href":"https:\/\/hotta.eu\/lv\/wp-json\/wp\/v2\/media\/15359"}],"wp:attachment":[{"href":"https:\/\/hotta.eu\/lv\/wp-json\/wp\/v2\/media?parent=19199"}],"wp:term":[{"taxonomy":"product_cat","embeddable":true,"href":"https:\/\/hotta.eu\/lv\/wp-json\/wp\/v2\/product_cat?post=19199"},{"taxonomy":"product_tag","embeddable":true,"href":"https:\/\/hotta.eu\/lv\/wp-json\/wp\/v2\/product_tag?post=19199"},{"taxonomy":"giftcard-category","embeddable":true,"href":"https:\/\/hotta.eu\/lv\/wp-json\/wp\/v2\/giftcard-category?post=19199"}],"curies":[{"name":"wp","href":"https:\/\/api.w.org\/{rel}","templated":true}]}}