{"id":19216,"date":"2018-10-27T22:48:38","date_gmt":"2018-10-27T20:48:38","guid":{"rendered":"https:\/\/hotta.eu\/shop\/the-raven-asa-cilli-merce\/"},"modified":"2024-12-27T12:43:50","modified_gmt":"2024-12-27T10:43:50","slug":"the-raven-hot-chilli-sauce","status":"publish","type":"product","link":"https:\/\/hotta.eu\/lv\/shop\/the-raven-hot-chilli-sauce\/","title":{"rendered":"The Raven Hot Chilli Sauce"},"content":{"rendered":"<p><strong>Sast\u0101vda\u013cas<\/strong><br \/>\n\u016adens, sarkanie pipari, eti\u0137sk\u0101be, Trinid\u0101das skorpiona \u010dilli (10%), kalt\u0113ts sarkanais \u010dilli, \u0137iploki, laima, <strong>sinepju s\u0113klas<\/strong>, s\u0101ls.<\/p>\n<p><strong>Inform\u0101cija par aler\u0123ij\u0101m<\/strong><br \/>\nSatur <strong>sinepju s\u0113klas<\/strong>.<\/p>\n<p><strong>Uzturv\u0113rt\u012bbas inform\u0101cija (100 g)<\/strong><br \/>\nEner\u0123ija 204 kJ \/ 49 kcal, tauki 1,9 g, no tiem pies\u0101tin\u0101t\u0101s tauksk\u0101bes &lt;0,5 g, og\u013chidr\u0101ti 6,1 g, no tiem cukuri 3,2 g, olbaltumvielas 1,9 g, s\u0101ls &lt;1 g.<\/p>\n<p><strong>Der\u012bgums un glab\u0101\u0161ana<\/strong><br \/>\nDer\u012bguma termi\u0146\u0161 uz pudel\u012btes attiecas uz neatv\u0113rtiem produktiem. Atv\u0113rtu produktu j\u0101uzglab\u0101 ledusskap\u012b.<\/p>\n","protected":false},"excerpt":{"rendered":"<p>Grim Reaper m\u0113r\u010du saimes Grim Reaper m\u0113rce Raven ir as\u0101k\u0101 un d\u016bmakain\u0101k\u0101 m\u0113rce \u0161aj\u0101 kl\u0101st\u0101. \u0160\u012b m\u0113rce ir ieguvusi zelta zvaigzni The Great Taste Awards un uzvar\u0113jusi da\u017e\u0101d\u0101s kategorij\u0101s \u0145ujorkas karsto m\u0113r\u010du izst\u0101d\u0113 (2017). Piem\u0113rots lieto\u0161anai ar ga\u013cas \u0113dieniem.<br \/>\n[ywcwtl_form product_id=\"\"]<\/p>\n","protected":false},"featured_media":15383,"comment_status":"open","ping_status":"closed","template":"","meta":[],"product_cat":[926,916],"product_tag":[],"giftcard-category":[],"class_list":{"0":"post-19216","1":"product","2":"type-product","3":"status-publish","4":"has-post-thumbnail","6":"product_cat-ass","7":"product_cat-merces","8":"pa_brand-grim-reaper-foods","10":"first","11":"outofstock","12":"taxable","13":"shipping-taxable","14":"purchasable","15":"product-type-simple"},"yoast_head":"<!-- This site is optimized with the Yoast SEO plugin v27.4 - https:\/\/yoast.com\/product\/yoast-seo-wordpress\/ -->\n<title>The Raven Hot Chilli Sauce - Hotta<\/title>\n<meta name=\"description\" content=\"Grim Reaper m\u0113r\u010du saimes Grim Reaper m\u0113rce Raven ir as\u0101k\u0101 un d\u016bmakain\u0101k\u0101 m\u0113rce \u0161aj\u0101 kl\u0101st\u0101.\" \/>\n<meta name=\"robots\" content=\"index, follow, max-snippet:-1, max-image-preview:large, max-video-preview:-1\" \/>\n<link rel=\"canonical\" href=\"https:\/\/hotta.eu\/lv\/shop\/the-raven-hot-chilli-sauce\/\" \/>\n<meta property=\"og:locale\" content=\"lv_LV\" \/>\n<meta property=\"og:type\" content=\"article\" \/>\n<meta property=\"og:title\" content=\"The Raven Hot Chilli Sauce - Hotta\" \/>\n<meta property=\"og:description\" content=\"Grim Reaper m\u0113r\u010du saimes Grim Reaper m\u0113rce Raven ir as\u0101k\u0101 un d\u016bmakain\u0101k\u0101 m\u0113rce \u0161aj\u0101 kl\u0101st\u0101.\" \/>\n<meta property=\"og:url\" content=\"https:\/\/hotta.eu\/lv\/shop\/the-raven-hot-chilli-sauce\/\" \/>\n<meta property=\"og:site_name\" content=\"Hotta\" \/>\n<meta property=\"article:publisher\" content=\"https:\/\/www.facebook.com\/hotta.eu\" \/>\n<meta property=\"article:modified_time\" content=\"2024-12-27T10:43:50+00:00\" \/>\n<meta property=\"og:image\" content=\"https:\/\/hotta.eu\/wp-content\/uploads\/2024\/03\/IMG_3388.jpg\" \/>\n\t<meta property=\"og:image:width\" content=\"1978\" \/>\n\t<meta property=\"og:image:height\" content=\"1978\" \/>\n\t<meta property=\"og:image:type\" content=\"image\/jpeg\" \/>\n<meta name=\"twitter:card\" content=\"summary_large_image\" \/>\n<meta name=\"twitter:site\" content=\"@hottashop\" \/>\n<meta name=\"twitter:label1\" content=\"Est. reading time\" \/>\n\t<meta name=\"twitter:data1\" content=\"1 minute\" \/>\n<script type=\"application\/ld+json\" class=\"yoast-schema-graph\">{\"@context\":\"https:\\\/\\\/schema.org\",\"@graph\":[{\"@type\":\"WebPage\",\"@id\":\"https:\\\/\\\/hotta.eu\\\/lv\\\/shop\\\/the-raven-hot-chilli-sauce\\\/\",\"url\":\"https:\\\/\\\/hotta.eu\\\/lv\\\/shop\\\/the-raven-hot-chilli-sauce\\\/\",\"name\":\"The Raven Hot Chilli Sauce - Hotta\",\"isPartOf\":{\"@id\":\"https:\\\/\\\/hotta.eu\\\/lv\\\/#website\"},\"primaryImageOfPage\":{\"@id\":\"https:\\\/\\\/hotta.eu\\\/lv\\\/shop\\\/the-raven-hot-chilli-sauce\\\/#primaryimage\"},\"image\":{\"@id\":\"https:\\\/\\\/hotta.eu\\\/lv\\\/shop\\\/the-raven-hot-chilli-sauce\\\/#primaryimage\"},\"thumbnailUrl\":\"https:\\\/\\\/hotta.eu\\\/wp-content\\\/uploads\\\/2024\\\/03\\\/IMG_3388.jpg\",\"datePublished\":\"2018-10-27T20:48:38+00:00\",\"dateModified\":\"2024-12-27T10:43:50+00:00\",\"description\":\"Grim Reaper m\u0113r\u010du saimes Grim Reaper m\u0113rce Raven ir as\u0101k\u0101 un d\u016bmakain\u0101k\u0101 m\u0113rce \u0161aj\u0101 kl\u0101st\u0101.\",\"breadcrumb\":{\"@id\":\"https:\\\/\\\/hotta.eu\\\/lv\\\/shop\\\/the-raven-hot-chilli-sauce\\\/#breadcrumb\"},\"inLanguage\":\"lv-LV\",\"potentialAction\":[{\"@type\":\"ReadAction\",\"target\":[\"https:\\\/\\\/hotta.eu\\\/lv\\\/shop\\\/the-raven-hot-chilli-sauce\\\/\"]}]},{\"@type\":\"ImageObject\",\"inLanguage\":\"lv-LV\",\"@id\":\"https:\\\/\\\/hotta.eu\\\/lv\\\/shop\\\/the-raven-hot-chilli-sauce\\\/#primaryimage\",\"url\":\"https:\\\/\\\/hotta.eu\\\/wp-content\\\/uploads\\\/2024\\\/03\\\/IMG_3388.jpg\",\"contentUrl\":\"https:\\\/\\\/hotta.eu\\\/wp-content\\\/uploads\\\/2024\\\/03\\\/IMG_3388.jpg\",\"width\":1978,\"height\":1978},{\"@type\":\"BreadcrumbList\",\"@id\":\"https:\\\/\\\/hotta.eu\\\/lv\\\/shop\\\/the-raven-hot-chilli-sauce\\\/#breadcrumb\",\"itemListElement\":[{\"@type\":\"ListItem\",\"position\":1,\"name\":\"S\u0101kums\",\"item\":\"https:\\\/\\\/hotta.eu\\\/lv\\\/sakumlapa\\\/\"},{\"@type\":\"ListItem\",\"position\":2,\"name\":\"Veikals\",\"item\":\"https:\\\/\\\/hotta.eu\\\/lv\\\/shop\\\/\"},{\"@type\":\"ListItem\",\"position\":3,\"name\":\"The Raven Hot Chilli Sauce\"}]},{\"@type\":\"WebSite\",\"@id\":\"https:\\\/\\\/hotta.eu\\\/lv\\\/#website\",\"url\":\"https:\\\/\\\/hotta.eu\\\/lv\\\/\",\"name\":\"Hotta\",\"description\":\"Makes your mouth burn a lotta!\",\"publisher\":{\"@id\":\"https:\\\/\\\/hotta.eu\\\/lv\\\/#organization\"},\"potentialAction\":[{\"@type\":\"SearchAction\",\"target\":{\"@type\":\"EntryPoint\",\"urlTemplate\":\"https:\\\/\\\/hotta.eu\\\/lv\\\/?s={search_term_string}\"},\"query-input\":{\"@type\":\"PropertyValueSpecification\",\"valueRequired\":true,\"valueName\":\"search_term_string\"}}],\"inLanguage\":\"lv-LV\"},{\"@type\":\"Organization\",\"@id\":\"https:\\\/\\\/hotta.eu\\\/lv\\\/#organization\",\"name\":\"Hotta\",\"url\":\"https:\\\/\\\/hotta.eu\\\/lv\\\/\",\"logo\":{\"@type\":\"ImageObject\",\"inLanguage\":\"lv-LV\",\"@id\":\"https:\\\/\\\/hotta.eu\\\/lv\\\/#\\\/schema\\\/logo\\\/image\\\/\",\"url\":\"https:\\\/\\\/hotta.eu\\\/wp-content\\\/uploads\\\/2025\\\/04\\\/hotta-logo-invoice.png\",\"contentUrl\":\"https:\\\/\\\/hotta.eu\\\/wp-content\\\/uploads\\\/2025\\\/04\\\/hotta-logo-invoice.png\",\"width\":600,\"height\":411,\"caption\":\"Hotta\"},\"image\":{\"@id\":\"https:\\\/\\\/hotta.eu\\\/lv\\\/#\\\/schema\\\/logo\\\/image\\\/\"},\"sameAs\":[\"https:\\\/\\\/www.facebook.com\\\/hotta.eu\",\"https:\\\/\\\/x.com\\\/hottashop\",\"https:\\\/\\\/www.instagram.com\\\/hotta.shop\"]}]}<\/script>\n<!-- \/ Yoast SEO plugin. -->","yoast_head_json":{"title":"The Raven Hot Chilli Sauce - Hotta","description":"Grim Reaper m\u0113r\u010du saimes Grim Reaper m\u0113rce Raven ir as\u0101k\u0101 un d\u016bmakain\u0101k\u0101 m\u0113rce \u0161aj\u0101 kl\u0101st\u0101.","robots":{"index":"index","follow":"follow","max-snippet":"max-snippet:-1","max-image-preview":"max-image-preview:large","max-video-preview":"max-video-preview:-1"},"canonical":"https:\/\/hotta.eu\/lv\/shop\/the-raven-hot-chilli-sauce\/","og_locale":"lv_LV","og_type":"article","og_title":"The Raven Hot Chilli Sauce - Hotta","og_description":"Grim Reaper m\u0113r\u010du saimes Grim Reaper m\u0113rce Raven ir as\u0101k\u0101 un d\u016bmakain\u0101k\u0101 m\u0113rce \u0161aj\u0101 kl\u0101st\u0101.","og_url":"https:\/\/hotta.eu\/lv\/shop\/the-raven-hot-chilli-sauce\/","og_site_name":"Hotta","article_publisher":"https:\/\/www.facebook.com\/hotta.eu","article_modified_time":"2024-12-27T10:43:50+00:00","og_image":[{"width":1978,"height":1978,"url":"https:\/\/hotta.eu\/wp-content\/uploads\/2024\/03\/IMG_3388.jpg","type":"image\/jpeg"}],"twitter_card":"summary_large_image","twitter_site":"@hottashop","twitter_misc":{"Est. reading time":"1 minute"},"schema":{"@context":"https:\/\/schema.org","@graph":[{"@type":"WebPage","@id":"https:\/\/hotta.eu\/lv\/shop\/the-raven-hot-chilli-sauce\/","url":"https:\/\/hotta.eu\/lv\/shop\/the-raven-hot-chilli-sauce\/","name":"The Raven Hot Chilli Sauce - Hotta","isPartOf":{"@id":"https:\/\/hotta.eu\/lv\/#website"},"primaryImageOfPage":{"@id":"https:\/\/hotta.eu\/lv\/shop\/the-raven-hot-chilli-sauce\/#primaryimage"},"image":{"@id":"https:\/\/hotta.eu\/lv\/shop\/the-raven-hot-chilli-sauce\/#primaryimage"},"thumbnailUrl":"https:\/\/hotta.eu\/wp-content\/uploads\/2024\/03\/IMG_3388.jpg","datePublished":"2018-10-27T20:48:38+00:00","dateModified":"2024-12-27T10:43:50+00:00","description":"Grim Reaper m\u0113r\u010du saimes Grim Reaper m\u0113rce Raven ir as\u0101k\u0101 un d\u016bmakain\u0101k\u0101 m\u0113rce \u0161aj\u0101 kl\u0101st\u0101.","breadcrumb":{"@id":"https:\/\/hotta.eu\/lv\/shop\/the-raven-hot-chilli-sauce\/#breadcrumb"},"inLanguage":"lv-LV","potentialAction":[{"@type":"ReadAction","target":["https:\/\/hotta.eu\/lv\/shop\/the-raven-hot-chilli-sauce\/"]}]},{"@type":"ImageObject","inLanguage":"lv-LV","@id":"https:\/\/hotta.eu\/lv\/shop\/the-raven-hot-chilli-sauce\/#primaryimage","url":"https:\/\/hotta.eu\/wp-content\/uploads\/2024\/03\/IMG_3388.jpg","contentUrl":"https:\/\/hotta.eu\/wp-content\/uploads\/2024\/03\/IMG_3388.jpg","width":1978,"height":1978},{"@type":"BreadcrumbList","@id":"https:\/\/hotta.eu\/lv\/shop\/the-raven-hot-chilli-sauce\/#breadcrumb","itemListElement":[{"@type":"ListItem","position":1,"name":"S\u0101kums","item":"https:\/\/hotta.eu\/lv\/sakumlapa\/"},{"@type":"ListItem","position":2,"name":"Veikals","item":"https:\/\/hotta.eu\/lv\/shop\/"},{"@type":"ListItem","position":3,"name":"The Raven Hot Chilli Sauce"}]},{"@type":"WebSite","@id":"https:\/\/hotta.eu\/lv\/#website","url":"https:\/\/hotta.eu\/lv\/","name":"Hotta","description":"Makes your mouth burn a lotta!","publisher":{"@id":"https:\/\/hotta.eu\/lv\/#organization"},"potentialAction":[{"@type":"SearchAction","target":{"@type":"EntryPoint","urlTemplate":"https:\/\/hotta.eu\/lv\/?s={search_term_string}"},"query-input":{"@type":"PropertyValueSpecification","valueRequired":true,"valueName":"search_term_string"}}],"inLanguage":"lv-LV"},{"@type":"Organization","@id":"https:\/\/hotta.eu\/lv\/#organization","name":"Hotta","url":"https:\/\/hotta.eu\/lv\/","logo":{"@type":"ImageObject","inLanguage":"lv-LV","@id":"https:\/\/hotta.eu\/lv\/#\/schema\/logo\/image\/","url":"https:\/\/hotta.eu\/wp-content\/uploads\/2025\/04\/hotta-logo-invoice.png","contentUrl":"https:\/\/hotta.eu\/wp-content\/uploads\/2025\/04\/hotta-logo-invoice.png","width":600,"height":411,"caption":"Hotta"},"image":{"@id":"https:\/\/hotta.eu\/lv\/#\/schema\/logo\/image\/"},"sameAs":["https:\/\/www.facebook.com\/hotta.eu","https:\/\/x.com\/hottashop","https:\/\/www.instagram.com\/hotta.shop"]}]}},"jetpack_sharing_enabled":true,"_links":{"self":[{"href":"https:\/\/hotta.eu\/lv\/wp-json\/wp\/v2\/product\/19216","targetHints":{"allow":["GET"]}}],"collection":[{"href":"https:\/\/hotta.eu\/lv\/wp-json\/wp\/v2\/product"}],"about":[{"href":"https:\/\/hotta.eu\/lv\/wp-json\/wp\/v2\/types\/product"}],"replies":[{"embeddable":true,"href":"https:\/\/hotta.eu\/lv\/wp-json\/wp\/v2\/comments?post=19216"}],"wp:featuredmedia":[{"embeddable":true,"href":"https:\/\/hotta.eu\/lv\/wp-json\/wp\/v2\/media\/15383"}],"wp:attachment":[{"href":"https:\/\/hotta.eu\/lv\/wp-json\/wp\/v2\/media?parent=19216"}],"wp:term":[{"taxonomy":"product_cat","embeddable":true,"href":"https:\/\/hotta.eu\/lv\/wp-json\/wp\/v2\/product_cat?post=19216"},{"taxonomy":"product_tag","embeddable":true,"href":"https:\/\/hotta.eu\/lv\/wp-json\/wp\/v2\/product_tag?post=19216"},{"taxonomy":"giftcard-category","embeddable":true,"href":"https:\/\/hotta.eu\/lv\/wp-json\/wp\/v2\/giftcard-category?post=19216"}],"curies":[{"name":"wp","href":"https:\/\/api.w.org\/{rel}","templated":true}]}}