{"id":19220,"date":"2018-10-30T21:38:52","date_gmt":"2018-10-30T19:38:52","guid":{"rendered":"https:\/\/hotta.eu\/shop\/purgatory-white-chilli-chocolate\/"},"modified":"2024-12-27T12:43:46","modified_gmt":"2024-12-27T10:43:46","slug":"purgatory-white-chilli-chocolate","status":"publish","type":"product","link":"https:\/\/hotta.eu\/lv\/shop\/purgatory-white-chilli-chocolate\/","title":{"rendered":"Purgatory White Chilli Chocolate"},"content":{"rendered":"<p><strong>Sast\u0101vda\u013cas<\/strong><br \/>\nBalt\u0101 \u0161okol\u0101de (cukurs, kakao sviests, <strong>pilnpiena pulveris<\/strong>, kakao masa 28%, emulgators <strong>sojas lecit\u012bns<\/strong>, dab\u012bg\u0101 vani\u013ca), sald\u0101 apels\u012bna \u0113terisk\u0101 e\u013c\u013ca, kan\u0113lis, krustnagli\u0146u \u0113terisk\u0101 e\u013c\u013ca, spoku \u010dilli pulveris (0,1%).<\/p>\n<p><strong>Inform\u0101cija par aler\u0123ij\u0101m<\/strong><br \/>\nSatur graudaugus, lipekli, pienu un soju.<\/p>\n<p><strong>Uzturv\u0113rt\u012bbas inform\u0101cija (100 g)<\/strong><br \/>\nEner\u0123ija 570 kcal, tauki 35,8 g, no tiem pies\u0101tin\u0101t\u0101s tauksk\u0101bes 22,7 g, og\u013chidr\u0101ti 55,6 g, no tiem cukuri 55,2 g, s\u0101ls &lt;0,1 g.<\/p>\n<p><strong>Der\u012bgums un glab\u0101\u0161ana<\/strong><br \/>\nUz iepakojuma nor\u0101d\u012btais der\u012bguma termi\u0146\u0161 attiecas uz neatv\u0113rtiem produktiem. Produkts j\u0101uzglab\u0101 saus\u0101 viet\u0101, prom no tie\u0161iem saules stariem.<\/p>\n","protected":false},"excerpt":{"rendered":"<p>Purgatory balt\u0101 \u0161okol\u0101de satur 28 % kakao un ir aromatiz\u0113ta ar gar\u0161vielu mais\u012bjumu, sasmalcin\u0101t\u0101m kakao pupi\u0146\u0101m un bergamoti. Interesants gar\u0161as piedz\u012bvojums saldumm\u012b\u013ciem, piem\u0113rots ar\u012b veg\u0101niem. Piem\u0113rots vienk\u0101r\u0161i \u0113\u0161anai vai siera k\u016bkas pagatavo\u0161anai. Asumu pie\u0161\u0137ir \u010dilli-v\u0113sts. Anglijas rokdarbi.<br \/>\n[ywcwtl_form product_id=\"\"]<\/p>\n","protected":false},"featured_media":15407,"comment_status":"open","ping_status":"closed","template":"","meta":[],"product_cat":[938],"product_tag":[],"giftcard-category":[],"class_list":{"0":"post-19220","1":"product","2":"type-product","3":"status-publish","4":"has-post-thumbnail","6":"product_cat-uzkodas","7":"pa_brand-grim-reaper-foods","9":"first","10":"outofstock","11":"taxable","12":"shipping-taxable","13":"purchasable","14":"product-type-simple"},"yoast_head":"<!-- This site is optimized with the Yoast SEO plugin v27.3 - https:\/\/yoast.com\/product\/yoast-seo-wordpress\/ -->\n<title>Purgatory White Chilli Chocolate - Hotta<\/title>\n<meta name=\"robots\" content=\"index, follow, max-snippet:-1, max-image-preview:large, max-video-preview:-1\" \/>\n<link rel=\"canonical\" href=\"https:\/\/hotta.eu\/lv\/shop\/purgatory-white-chilli-chocolate\/\" \/>\n<meta property=\"og:locale\" content=\"lv_LV\" \/>\n<meta property=\"og:type\" content=\"article\" \/>\n<meta property=\"og:title\" content=\"Purgatory White Chilli Chocolate - Hotta\" \/>\n<meta property=\"og:description\" content=\"Purgatory balt\u0101 \u0161okol\u0101de satur 28 % kakao un ir aromatiz\u0113ta ar gar\u0161vielu mais\u012bjumu, sasmalcin\u0101t\u0101m kakao pupi\u0146\u0101m un bergamoti. Interesants gar\u0161as piedz\u012bvojums saldumm\u012b\u013ciem, piem\u0113rots ar\u012b veg\u0101niem. Piem\u0113rots vienk\u0101r\u0161i \u0113\u0161anai vai siera k\u016bkas pagatavo\u0161anai. Asumu pie\u0161\u0137ir \u010dilli-v\u0113sts. Anglijas rokdarbi.\" \/>\n<meta property=\"og:url\" content=\"https:\/\/hotta.eu\/lv\/shop\/purgatory-white-chilli-chocolate\/\" \/>\n<meta property=\"og:site_name\" content=\"Hotta\" \/>\n<meta property=\"article:publisher\" content=\"https:\/\/www.facebook.com\/hotta.eu\" \/>\n<meta property=\"article:modified_time\" content=\"2024-12-27T10:43:46+00:00\" \/>\n<meta property=\"og:image\" content=\"https:\/\/hotta.eu\/wp-content\/uploads\/2024\/03\/IMG_3415.jpg\" \/>\n\t<meta property=\"og:image:width\" content=\"2000\" \/>\n\t<meta property=\"og:image:height\" content=\"2000\" \/>\n\t<meta property=\"og:image:type\" content=\"image\/jpeg\" \/>\n<meta name=\"twitter:card\" content=\"summary_large_image\" \/>\n<meta name=\"twitter:site\" content=\"@hottashop\" \/>\n<meta name=\"twitter:label1\" content=\"Est. reading time\" \/>\n\t<meta name=\"twitter:data1\" content=\"1 minute\" \/>\n<script type=\"application\/ld+json\" class=\"yoast-schema-graph\">{\"@context\":\"https:\\\/\\\/schema.org\",\"@graph\":[{\"@type\":\"WebPage\",\"@id\":\"https:\\\/\\\/hotta.eu\\\/lv\\\/shop\\\/purgatory-white-chilli-chocolate\\\/\",\"url\":\"https:\\\/\\\/hotta.eu\\\/lv\\\/shop\\\/purgatory-white-chilli-chocolate\\\/\",\"name\":\"Purgatory White Chilli Chocolate - Hotta\",\"isPartOf\":{\"@id\":\"https:\\\/\\\/hotta.eu\\\/lv\\\/#website\"},\"primaryImageOfPage\":{\"@id\":\"https:\\\/\\\/hotta.eu\\\/lv\\\/shop\\\/purgatory-white-chilli-chocolate\\\/#primaryimage\"},\"image\":{\"@id\":\"https:\\\/\\\/hotta.eu\\\/lv\\\/shop\\\/purgatory-white-chilli-chocolate\\\/#primaryimage\"},\"thumbnailUrl\":\"https:\\\/\\\/hotta.eu\\\/wp-content\\\/uploads\\\/2024\\\/03\\\/IMG_3415.jpg\",\"datePublished\":\"2018-10-30T19:38:52+00:00\",\"dateModified\":\"2024-12-27T10:43:46+00:00\",\"breadcrumb\":{\"@id\":\"https:\\\/\\\/hotta.eu\\\/lv\\\/shop\\\/purgatory-white-chilli-chocolate\\\/#breadcrumb\"},\"inLanguage\":\"lv-LV\",\"potentialAction\":[{\"@type\":\"ReadAction\",\"target\":[\"https:\\\/\\\/hotta.eu\\\/lv\\\/shop\\\/purgatory-white-chilli-chocolate\\\/\"]}]},{\"@type\":\"ImageObject\",\"inLanguage\":\"lv-LV\",\"@id\":\"https:\\\/\\\/hotta.eu\\\/lv\\\/shop\\\/purgatory-white-chilli-chocolate\\\/#primaryimage\",\"url\":\"https:\\\/\\\/hotta.eu\\\/wp-content\\\/uploads\\\/2024\\\/03\\\/IMG_3415.jpg\",\"contentUrl\":\"https:\\\/\\\/hotta.eu\\\/wp-content\\\/uploads\\\/2024\\\/03\\\/IMG_3415.jpg\",\"width\":2000,\"height\":2000},{\"@type\":\"BreadcrumbList\",\"@id\":\"https:\\\/\\\/hotta.eu\\\/lv\\\/shop\\\/purgatory-white-chilli-chocolate\\\/#breadcrumb\",\"itemListElement\":[{\"@type\":\"ListItem\",\"position\":1,\"name\":\"S\u0101kums\",\"item\":\"https:\\\/\\\/hotta.eu\\\/lv\\\/sakumlapa\\\/\"},{\"@type\":\"ListItem\",\"position\":2,\"name\":\"Veikals\",\"item\":\"https:\\\/\\\/hotta.eu\\\/lv\\\/shop\\\/\"},{\"@type\":\"ListItem\",\"position\":3,\"name\":\"Purgatory White Chilli Chocolate\"}]},{\"@type\":\"WebSite\",\"@id\":\"https:\\\/\\\/hotta.eu\\\/lv\\\/#website\",\"url\":\"https:\\\/\\\/hotta.eu\\\/lv\\\/\",\"name\":\"Hotta\",\"description\":\"Makes your mouth burn a lotta!\",\"publisher\":{\"@id\":\"https:\\\/\\\/hotta.eu\\\/lv\\\/#organization\"},\"potentialAction\":[{\"@type\":\"SearchAction\",\"target\":{\"@type\":\"EntryPoint\",\"urlTemplate\":\"https:\\\/\\\/hotta.eu\\\/lv\\\/?s={search_term_string}\"},\"query-input\":{\"@type\":\"PropertyValueSpecification\",\"valueRequired\":true,\"valueName\":\"search_term_string\"}}],\"inLanguage\":\"lv-LV\"},{\"@type\":\"Organization\",\"@id\":\"https:\\\/\\\/hotta.eu\\\/lv\\\/#organization\",\"name\":\"Hotta\",\"url\":\"https:\\\/\\\/hotta.eu\\\/lv\\\/\",\"logo\":{\"@type\":\"ImageObject\",\"inLanguage\":\"lv-LV\",\"@id\":\"https:\\\/\\\/hotta.eu\\\/lv\\\/#\\\/schema\\\/logo\\\/image\\\/\",\"url\":\"https:\\\/\\\/hotta.eu\\\/wp-content\\\/uploads\\\/2025\\\/04\\\/hotta-logo-invoice.png\",\"contentUrl\":\"https:\\\/\\\/hotta.eu\\\/wp-content\\\/uploads\\\/2025\\\/04\\\/hotta-logo-invoice.png\",\"width\":600,\"height\":411,\"caption\":\"Hotta\"},\"image\":{\"@id\":\"https:\\\/\\\/hotta.eu\\\/lv\\\/#\\\/schema\\\/logo\\\/image\\\/\"},\"sameAs\":[\"https:\\\/\\\/www.facebook.com\\\/hotta.eu\",\"https:\\\/\\\/x.com\\\/hottashop\",\"https:\\\/\\\/www.instagram.com\\\/hotta.shop\"]}]}<\/script>\n<!-- \/ Yoast SEO plugin. -->","yoast_head_json":{"title":"Purgatory White Chilli Chocolate - Hotta","robots":{"index":"index","follow":"follow","max-snippet":"max-snippet:-1","max-image-preview":"max-image-preview:large","max-video-preview":"max-video-preview:-1"},"canonical":"https:\/\/hotta.eu\/lv\/shop\/purgatory-white-chilli-chocolate\/","og_locale":"lv_LV","og_type":"article","og_title":"Purgatory White Chilli Chocolate - Hotta","og_description":"Purgatory balt\u0101 \u0161okol\u0101de satur 28 % kakao un ir aromatiz\u0113ta ar gar\u0161vielu mais\u012bjumu, sasmalcin\u0101t\u0101m kakao pupi\u0146\u0101m un bergamoti. Interesants gar\u0161as piedz\u012bvojums saldumm\u012b\u013ciem, piem\u0113rots ar\u012b veg\u0101niem. Piem\u0113rots vienk\u0101r\u0161i \u0113\u0161anai vai siera k\u016bkas pagatavo\u0161anai. Asumu pie\u0161\u0137ir \u010dilli-v\u0113sts. Anglijas rokdarbi.","og_url":"https:\/\/hotta.eu\/lv\/shop\/purgatory-white-chilli-chocolate\/","og_site_name":"Hotta","article_publisher":"https:\/\/www.facebook.com\/hotta.eu","article_modified_time":"2024-12-27T10:43:46+00:00","og_image":[{"width":2000,"height":2000,"url":"https:\/\/hotta.eu\/wp-content\/uploads\/2024\/03\/IMG_3415.jpg","type":"image\/jpeg"}],"twitter_card":"summary_large_image","twitter_site":"@hottashop","twitter_misc":{"Est. reading time":"1 minute"},"schema":{"@context":"https:\/\/schema.org","@graph":[{"@type":"WebPage","@id":"https:\/\/hotta.eu\/lv\/shop\/purgatory-white-chilli-chocolate\/","url":"https:\/\/hotta.eu\/lv\/shop\/purgatory-white-chilli-chocolate\/","name":"Purgatory White Chilli Chocolate - Hotta","isPartOf":{"@id":"https:\/\/hotta.eu\/lv\/#website"},"primaryImageOfPage":{"@id":"https:\/\/hotta.eu\/lv\/shop\/purgatory-white-chilli-chocolate\/#primaryimage"},"image":{"@id":"https:\/\/hotta.eu\/lv\/shop\/purgatory-white-chilli-chocolate\/#primaryimage"},"thumbnailUrl":"https:\/\/hotta.eu\/wp-content\/uploads\/2024\/03\/IMG_3415.jpg","datePublished":"2018-10-30T19:38:52+00:00","dateModified":"2024-12-27T10:43:46+00:00","breadcrumb":{"@id":"https:\/\/hotta.eu\/lv\/shop\/purgatory-white-chilli-chocolate\/#breadcrumb"},"inLanguage":"lv-LV","potentialAction":[{"@type":"ReadAction","target":["https:\/\/hotta.eu\/lv\/shop\/purgatory-white-chilli-chocolate\/"]}]},{"@type":"ImageObject","inLanguage":"lv-LV","@id":"https:\/\/hotta.eu\/lv\/shop\/purgatory-white-chilli-chocolate\/#primaryimage","url":"https:\/\/hotta.eu\/wp-content\/uploads\/2024\/03\/IMG_3415.jpg","contentUrl":"https:\/\/hotta.eu\/wp-content\/uploads\/2024\/03\/IMG_3415.jpg","width":2000,"height":2000},{"@type":"BreadcrumbList","@id":"https:\/\/hotta.eu\/lv\/shop\/purgatory-white-chilli-chocolate\/#breadcrumb","itemListElement":[{"@type":"ListItem","position":1,"name":"S\u0101kums","item":"https:\/\/hotta.eu\/lv\/sakumlapa\/"},{"@type":"ListItem","position":2,"name":"Veikals","item":"https:\/\/hotta.eu\/lv\/shop\/"},{"@type":"ListItem","position":3,"name":"Purgatory White Chilli Chocolate"}]},{"@type":"WebSite","@id":"https:\/\/hotta.eu\/lv\/#website","url":"https:\/\/hotta.eu\/lv\/","name":"Hotta","description":"Makes your mouth burn a lotta!","publisher":{"@id":"https:\/\/hotta.eu\/lv\/#organization"},"potentialAction":[{"@type":"SearchAction","target":{"@type":"EntryPoint","urlTemplate":"https:\/\/hotta.eu\/lv\/?s={search_term_string}"},"query-input":{"@type":"PropertyValueSpecification","valueRequired":true,"valueName":"search_term_string"}}],"inLanguage":"lv-LV"},{"@type":"Organization","@id":"https:\/\/hotta.eu\/lv\/#organization","name":"Hotta","url":"https:\/\/hotta.eu\/lv\/","logo":{"@type":"ImageObject","inLanguage":"lv-LV","@id":"https:\/\/hotta.eu\/lv\/#\/schema\/logo\/image\/","url":"https:\/\/hotta.eu\/wp-content\/uploads\/2025\/04\/hotta-logo-invoice.png","contentUrl":"https:\/\/hotta.eu\/wp-content\/uploads\/2025\/04\/hotta-logo-invoice.png","width":600,"height":411,"caption":"Hotta"},"image":{"@id":"https:\/\/hotta.eu\/lv\/#\/schema\/logo\/image\/"},"sameAs":["https:\/\/www.facebook.com\/hotta.eu","https:\/\/x.com\/hottashop","https:\/\/www.instagram.com\/hotta.shop"]}]}},"jetpack_sharing_enabled":true,"_links":{"self":[{"href":"https:\/\/hotta.eu\/lv\/wp-json\/wp\/v2\/product\/19220","targetHints":{"allow":["GET"]}}],"collection":[{"href":"https:\/\/hotta.eu\/lv\/wp-json\/wp\/v2\/product"}],"about":[{"href":"https:\/\/hotta.eu\/lv\/wp-json\/wp\/v2\/types\/product"}],"replies":[{"embeddable":true,"href":"https:\/\/hotta.eu\/lv\/wp-json\/wp\/v2\/comments?post=19220"}],"wp:featuredmedia":[{"embeddable":true,"href":"https:\/\/hotta.eu\/lv\/wp-json\/wp\/v2\/media\/15407"}],"wp:attachment":[{"href":"https:\/\/hotta.eu\/lv\/wp-json\/wp\/v2\/media?parent=19220"}],"wp:term":[{"taxonomy":"product_cat","embeddable":true,"href":"https:\/\/hotta.eu\/lv\/wp-json\/wp\/v2\/product_cat?post=19220"},{"taxonomy":"product_tag","embeddable":true,"href":"https:\/\/hotta.eu\/lv\/wp-json\/wp\/v2\/product_tag?post=19220"},{"taxonomy":"giftcard-category","embeddable":true,"href":"https:\/\/hotta.eu\/lv\/wp-json\/wp\/v2\/giftcard-category?post=19220"}],"curies":[{"name":"wp","href":"https:\/\/api.w.org\/{rel}","templated":true}]}}