{"id":19254,"date":"2019-04-18T21:04:25","date_gmt":"2019-04-18T19:04:25","guid":{"rendered":"https:\/\/hotta.eu\/shop\/tabasko-piparu-merce\/"},"modified":"2026-03-15T12:09:16","modified_gmt":"2026-03-15T10:09:16","slug":"tabasco-pepper-sauce","status":"publish","type":"product","link":"https:\/\/hotta.eu\/lv\/shop\/tabasco-pepper-sauce\/","title":{"rendered":"Tabasco Pepper Sauce"},"content":{"rendered":"<p><strong>Sast\u0101vda\u013cas<\/strong><br \/>\nDestil\u0113ta eti\u0137sk\u0101be, sarkanie tabasko \u010dilli pipari, s\u0101ls.<\/p>\n<p><strong>Uzturv\u0113rt\u012bbas inform\u0101cija (100 g)<\/strong><br \/>\nEner\u0123ija 192 kJ \/ 45 kcal, tauki 0,7 g, no tiem pies\u0101tin\u0101tie tauki 0,2 g, og\u013chidr\u0101ti 1,6 g, olbaltumvielas 1 g, s\u0101ls 1,8 g.<\/p>\n<p><strong>Der\u012bgums un glab\u0101\u0161ana<\/strong><br \/>\nDer\u012bguma termi\u0146\u0161 uz pudel\u012btes attiecas uz neatv\u0113rtiem produktiem. Atv\u0113rtu produktu j\u0101uzglab\u0101 ledusskap\u012b.<\/p>\n<p>&nbsp;<\/p>\n","protected":false},"excerpt":{"rendered":"<p>Le\u0123end\u0101r\u0101 sarkan\u0101 tabasko piparu m\u0113rce. Tabasco, ko ra\u017eo McIlhenny, tika izgudrots jau 1868. gad\u0101, un recepte ir saglab\u0101jusies nemain\u012bga l\u012bdz pat \u0161ai dienai. Piem\u0113rots lieto\u0161anai ar \u013coti pla\u0161u da\u017e\u0101du pikantu \u0113dienu kl\u0101stu. Tabasco sast\u0101v\u0101 nav konservantu vai m\u0101ksl\u012bgo kr\u0101svielu.<\/p>\n<p>Tabasco tika iek\u013cauts <strong>Hot Ones<\/strong> m\u0113r\u010du t\u012bmek\u013ca s\u0113rij\u0101 3. sezon\u0101.<\/p>\n<div class=\"responsive-video\"><iframe src=\"https:\/\/www.youtube.com\/embed\/Da8-QfGemgo\" width=\"480\" height=\"270\" frameborder=\"0\" allowfullscreen=\"allowfullscreen\"><\/iframe><\/div>\n[ywcwtl_form product_id=\"\"]\n","protected":false},"featured_media":17480,"comment_status":"open","ping_status":"closed","template":"","meta":[],"product_cat":[920,924,916],"product_tag":[],"giftcard-category":[],"class_list":{"0":"post-19254","1":"product","2":"type-product","3":"status-publish","4":"has-post-thumbnail","6":"product_cat-hot-ones-lv","7":"product_cat-maigs","8":"product_cat-merces","9":"pa_brand-tabasco","11":"first","12":"instock","13":"taxable","14":"shipping-taxable","15":"purchasable","16":"product-type-simple"},"yoast_head":"<!-- This site is optimized with the Yoast SEO plugin v27.3 - https:\/\/yoast.com\/product\/yoast-seo-wordpress\/ -->\n<title>Tabasco Pepper Sauce - Hotta<\/title>\n<meta name=\"description\" content=\"Le\u0123end\u0101r\u0101 sarkan\u0101 Tabasco piparu m\u0113rce. Tabasco, ko ra\u017eo McIlhenny, tika izgudrots jau 1868. gad\u0101. un recepte ir saglab\u0101jusies nemain\u012bga l\u012bdz pat \u0161ai dienai. Piem\u0113rots lieto\u0161anai ar \u013coti pla\u0161u da\u017e\u0101du pikantu \u0113dienu kl\u0101stu. Tabasco sast\u0101v\u0101 nav konservantu vai m\u0101ksl\u012bgo kr\u0101svielu.\" \/>\n<meta name=\"robots\" content=\"index, follow, max-snippet:-1, max-image-preview:large, max-video-preview:-1\" \/>\n<link rel=\"canonical\" href=\"https:\/\/hotta.eu\/lv\/shop\/tabasco-pepper-sauce\/\" \/>\n<meta property=\"og:locale\" content=\"lv_LV\" \/>\n<meta property=\"og:type\" content=\"article\" \/>\n<meta property=\"og:title\" content=\"Tabasco Pepper Sauce - Hotta\" \/>\n<meta property=\"og:description\" content=\"Le\u0123end\u0101r\u0101 sarkan\u0101 Tabasco piparu m\u0113rce. Tabasco, ko ra\u017eo McIlhenny, tika izgudrots jau 1868. gad\u0101. un recepte ir saglab\u0101jusies nemain\u012bga l\u012bdz pat \u0161ai dienai. Piem\u0113rots lieto\u0161anai ar \u013coti pla\u0161u da\u017e\u0101du pikantu \u0113dienu kl\u0101stu. Tabasco sast\u0101v\u0101 nav konservantu vai m\u0101ksl\u012bgo kr\u0101svielu.\" \/>\n<meta property=\"og:url\" content=\"https:\/\/hotta.eu\/lv\/shop\/tabasco-pepper-sauce\/\" \/>\n<meta property=\"og:site_name\" content=\"Hotta\" \/>\n<meta property=\"article:publisher\" content=\"https:\/\/www.facebook.com\/hotta.eu\" \/>\n<meta property=\"article:modified_time\" content=\"2026-03-15T10:09:16+00:00\" \/>\n<meta property=\"og:image\" content=\"https:\/\/hotta.eu\/wp-content\/uploads\/2019\/10\/tabasco-original.jpg\" \/>\n\t<meta property=\"og:image:width\" content=\"2000\" \/>\n\t<meta property=\"og:image:height\" content=\"2000\" \/>\n\t<meta property=\"og:image:type\" content=\"image\/jpeg\" \/>\n<meta name=\"twitter:card\" content=\"summary_large_image\" \/>\n<meta name=\"twitter:site\" content=\"@hottashop\" \/>\n<meta name=\"twitter:label1\" content=\"Est. reading time\" \/>\n\t<meta name=\"twitter:data1\" content=\"1 minute\" \/>\n<script type=\"application\/ld+json\" class=\"yoast-schema-graph\">{\"@context\":\"https:\\\/\\\/schema.org\",\"@graph\":[{\"@type\":\"WebPage\",\"@id\":\"https:\\\/\\\/hotta.eu\\\/lv\\\/shop\\\/tabasco-pepper-sauce\\\/\",\"url\":\"https:\\\/\\\/hotta.eu\\\/lv\\\/shop\\\/tabasco-pepper-sauce\\\/\",\"name\":\"Tabasco Pepper Sauce - Hotta\",\"isPartOf\":{\"@id\":\"https:\\\/\\\/hotta.eu\\\/lv\\\/#website\"},\"primaryImageOfPage\":{\"@id\":\"https:\\\/\\\/hotta.eu\\\/lv\\\/shop\\\/tabasco-pepper-sauce\\\/#primaryimage\"},\"image\":{\"@id\":\"https:\\\/\\\/hotta.eu\\\/lv\\\/shop\\\/tabasco-pepper-sauce\\\/#primaryimage\"},\"thumbnailUrl\":\"https:\\\/\\\/hotta.eu\\\/wp-content\\\/uploads\\\/2019\\\/10\\\/tabasco-original.jpg\",\"datePublished\":\"2019-04-18T19:04:25+00:00\",\"dateModified\":\"2026-03-15T10:09:16+00:00\",\"description\":\"Le\u0123end\u0101r\u0101 sarkan\u0101 Tabasco piparu m\u0113rce. Tabasco, ko ra\u017eo McIlhenny, tika izgudrots jau 1868. gad\u0101. un recepte ir saglab\u0101jusies nemain\u012bga l\u012bdz pat \u0161ai dienai. Piem\u0113rots lieto\u0161anai ar \u013coti pla\u0161u da\u017e\u0101du pikantu \u0113dienu kl\u0101stu. Tabasco sast\u0101v\u0101 nav konservantu vai m\u0101ksl\u012bgo kr\u0101svielu.\",\"breadcrumb\":{\"@id\":\"https:\\\/\\\/hotta.eu\\\/lv\\\/shop\\\/tabasco-pepper-sauce\\\/#breadcrumb\"},\"inLanguage\":\"lv-LV\",\"potentialAction\":[{\"@type\":\"ReadAction\",\"target\":[\"https:\\\/\\\/hotta.eu\\\/lv\\\/shop\\\/tabasco-pepper-sauce\\\/\"]}]},{\"@type\":\"ImageObject\",\"inLanguage\":\"lv-LV\",\"@id\":\"https:\\\/\\\/hotta.eu\\\/lv\\\/shop\\\/tabasco-pepper-sauce\\\/#primaryimage\",\"url\":\"https:\\\/\\\/hotta.eu\\\/wp-content\\\/uploads\\\/2019\\\/10\\\/tabasco-original.jpg\",\"contentUrl\":\"https:\\\/\\\/hotta.eu\\\/wp-content\\\/uploads\\\/2019\\\/10\\\/tabasco-original.jpg\",\"width\":2000,\"height\":2000},{\"@type\":\"BreadcrumbList\",\"@id\":\"https:\\\/\\\/hotta.eu\\\/lv\\\/shop\\\/tabasco-pepper-sauce\\\/#breadcrumb\",\"itemListElement\":[{\"@type\":\"ListItem\",\"position\":1,\"name\":\"S\u0101kums\",\"item\":\"https:\\\/\\\/hotta.eu\\\/lv\\\/sakumlapa\\\/\"},{\"@type\":\"ListItem\",\"position\":2,\"name\":\"Veikals\",\"item\":\"https:\\\/\\\/hotta.eu\\\/lv\\\/shop\\\/\"},{\"@type\":\"ListItem\",\"position\":3,\"name\":\"Tabasco Pepper Sauce\"}]},{\"@type\":\"WebSite\",\"@id\":\"https:\\\/\\\/hotta.eu\\\/lv\\\/#website\",\"url\":\"https:\\\/\\\/hotta.eu\\\/lv\\\/\",\"name\":\"Hotta\",\"description\":\"Makes your mouth burn a lotta!\",\"publisher\":{\"@id\":\"https:\\\/\\\/hotta.eu\\\/lv\\\/#organization\"},\"potentialAction\":[{\"@type\":\"SearchAction\",\"target\":{\"@type\":\"EntryPoint\",\"urlTemplate\":\"https:\\\/\\\/hotta.eu\\\/lv\\\/?s={search_term_string}\"},\"query-input\":{\"@type\":\"PropertyValueSpecification\",\"valueRequired\":true,\"valueName\":\"search_term_string\"}}],\"inLanguage\":\"lv-LV\"},{\"@type\":\"Organization\",\"@id\":\"https:\\\/\\\/hotta.eu\\\/lv\\\/#organization\",\"name\":\"Hotta\",\"url\":\"https:\\\/\\\/hotta.eu\\\/lv\\\/\",\"logo\":{\"@type\":\"ImageObject\",\"inLanguage\":\"lv-LV\",\"@id\":\"https:\\\/\\\/hotta.eu\\\/lv\\\/#\\\/schema\\\/logo\\\/image\\\/\",\"url\":\"https:\\\/\\\/hotta.eu\\\/wp-content\\\/uploads\\\/2025\\\/04\\\/hotta-logo-invoice.png\",\"contentUrl\":\"https:\\\/\\\/hotta.eu\\\/wp-content\\\/uploads\\\/2025\\\/04\\\/hotta-logo-invoice.png\",\"width\":600,\"height\":411,\"caption\":\"Hotta\"},\"image\":{\"@id\":\"https:\\\/\\\/hotta.eu\\\/lv\\\/#\\\/schema\\\/logo\\\/image\\\/\"},\"sameAs\":[\"https:\\\/\\\/www.facebook.com\\\/hotta.eu\",\"https:\\\/\\\/x.com\\\/hottashop\",\"https:\\\/\\\/www.instagram.com\\\/hotta.shop\"]}]}<\/script>\n<!-- \/ Yoast SEO plugin. -->","yoast_head_json":{"title":"Tabasco Pepper Sauce - Hotta","description":"Le\u0123end\u0101r\u0101 sarkan\u0101 Tabasco piparu m\u0113rce. Tabasco, ko ra\u017eo McIlhenny, tika izgudrots jau 1868. gad\u0101. un recepte ir saglab\u0101jusies nemain\u012bga l\u012bdz pat \u0161ai dienai. Piem\u0113rots lieto\u0161anai ar \u013coti pla\u0161u da\u017e\u0101du pikantu \u0113dienu kl\u0101stu. Tabasco sast\u0101v\u0101 nav konservantu vai m\u0101ksl\u012bgo kr\u0101svielu.","robots":{"index":"index","follow":"follow","max-snippet":"max-snippet:-1","max-image-preview":"max-image-preview:large","max-video-preview":"max-video-preview:-1"},"canonical":"https:\/\/hotta.eu\/lv\/shop\/tabasco-pepper-sauce\/","og_locale":"lv_LV","og_type":"article","og_title":"Tabasco Pepper Sauce - Hotta","og_description":"Le\u0123end\u0101r\u0101 sarkan\u0101 Tabasco piparu m\u0113rce. Tabasco, ko ra\u017eo McIlhenny, tika izgudrots jau 1868. gad\u0101. un recepte ir saglab\u0101jusies nemain\u012bga l\u012bdz pat \u0161ai dienai. Piem\u0113rots lieto\u0161anai ar \u013coti pla\u0161u da\u017e\u0101du pikantu \u0113dienu kl\u0101stu. Tabasco sast\u0101v\u0101 nav konservantu vai m\u0101ksl\u012bgo kr\u0101svielu.","og_url":"https:\/\/hotta.eu\/lv\/shop\/tabasco-pepper-sauce\/","og_site_name":"Hotta","article_publisher":"https:\/\/www.facebook.com\/hotta.eu","article_modified_time":"2026-03-15T10:09:16+00:00","og_image":[{"width":2000,"height":2000,"url":"https:\/\/hotta.eu\/wp-content\/uploads\/2019\/10\/tabasco-original.jpg","type":"image\/jpeg"}],"twitter_card":"summary_large_image","twitter_site":"@hottashop","twitter_misc":{"Est. reading time":"1 minute"},"schema":{"@context":"https:\/\/schema.org","@graph":[{"@type":"WebPage","@id":"https:\/\/hotta.eu\/lv\/shop\/tabasco-pepper-sauce\/","url":"https:\/\/hotta.eu\/lv\/shop\/tabasco-pepper-sauce\/","name":"Tabasco Pepper Sauce - Hotta","isPartOf":{"@id":"https:\/\/hotta.eu\/lv\/#website"},"primaryImageOfPage":{"@id":"https:\/\/hotta.eu\/lv\/shop\/tabasco-pepper-sauce\/#primaryimage"},"image":{"@id":"https:\/\/hotta.eu\/lv\/shop\/tabasco-pepper-sauce\/#primaryimage"},"thumbnailUrl":"https:\/\/hotta.eu\/wp-content\/uploads\/2019\/10\/tabasco-original.jpg","datePublished":"2019-04-18T19:04:25+00:00","dateModified":"2026-03-15T10:09:16+00:00","description":"Le\u0123end\u0101r\u0101 sarkan\u0101 Tabasco piparu m\u0113rce. Tabasco, ko ra\u017eo McIlhenny, tika izgudrots jau 1868. gad\u0101. un recepte ir saglab\u0101jusies nemain\u012bga l\u012bdz pat \u0161ai dienai. Piem\u0113rots lieto\u0161anai ar \u013coti pla\u0161u da\u017e\u0101du pikantu \u0113dienu kl\u0101stu. Tabasco sast\u0101v\u0101 nav konservantu vai m\u0101ksl\u012bgo kr\u0101svielu.","breadcrumb":{"@id":"https:\/\/hotta.eu\/lv\/shop\/tabasco-pepper-sauce\/#breadcrumb"},"inLanguage":"lv-LV","potentialAction":[{"@type":"ReadAction","target":["https:\/\/hotta.eu\/lv\/shop\/tabasco-pepper-sauce\/"]}]},{"@type":"ImageObject","inLanguage":"lv-LV","@id":"https:\/\/hotta.eu\/lv\/shop\/tabasco-pepper-sauce\/#primaryimage","url":"https:\/\/hotta.eu\/wp-content\/uploads\/2019\/10\/tabasco-original.jpg","contentUrl":"https:\/\/hotta.eu\/wp-content\/uploads\/2019\/10\/tabasco-original.jpg","width":2000,"height":2000},{"@type":"BreadcrumbList","@id":"https:\/\/hotta.eu\/lv\/shop\/tabasco-pepper-sauce\/#breadcrumb","itemListElement":[{"@type":"ListItem","position":1,"name":"S\u0101kums","item":"https:\/\/hotta.eu\/lv\/sakumlapa\/"},{"@type":"ListItem","position":2,"name":"Veikals","item":"https:\/\/hotta.eu\/lv\/shop\/"},{"@type":"ListItem","position":3,"name":"Tabasco Pepper Sauce"}]},{"@type":"WebSite","@id":"https:\/\/hotta.eu\/lv\/#website","url":"https:\/\/hotta.eu\/lv\/","name":"Hotta","description":"Makes your mouth burn a lotta!","publisher":{"@id":"https:\/\/hotta.eu\/lv\/#organization"},"potentialAction":[{"@type":"SearchAction","target":{"@type":"EntryPoint","urlTemplate":"https:\/\/hotta.eu\/lv\/?s={search_term_string}"},"query-input":{"@type":"PropertyValueSpecification","valueRequired":true,"valueName":"search_term_string"}}],"inLanguage":"lv-LV"},{"@type":"Organization","@id":"https:\/\/hotta.eu\/lv\/#organization","name":"Hotta","url":"https:\/\/hotta.eu\/lv\/","logo":{"@type":"ImageObject","inLanguage":"lv-LV","@id":"https:\/\/hotta.eu\/lv\/#\/schema\/logo\/image\/","url":"https:\/\/hotta.eu\/wp-content\/uploads\/2025\/04\/hotta-logo-invoice.png","contentUrl":"https:\/\/hotta.eu\/wp-content\/uploads\/2025\/04\/hotta-logo-invoice.png","width":600,"height":411,"caption":"Hotta"},"image":{"@id":"https:\/\/hotta.eu\/lv\/#\/schema\/logo\/image\/"},"sameAs":["https:\/\/www.facebook.com\/hotta.eu","https:\/\/x.com\/hottashop","https:\/\/www.instagram.com\/hotta.shop"]}]}},"jetpack_sharing_enabled":true,"_links":{"self":[{"href":"https:\/\/hotta.eu\/lv\/wp-json\/wp\/v2\/product\/19254","targetHints":{"allow":["GET"]}}],"collection":[{"href":"https:\/\/hotta.eu\/lv\/wp-json\/wp\/v2\/product"}],"about":[{"href":"https:\/\/hotta.eu\/lv\/wp-json\/wp\/v2\/types\/product"}],"replies":[{"embeddable":true,"href":"https:\/\/hotta.eu\/lv\/wp-json\/wp\/v2\/comments?post=19254"}],"wp:featuredmedia":[{"embeddable":true,"href":"https:\/\/hotta.eu\/lv\/wp-json\/wp\/v2\/media\/17480"}],"wp:attachment":[{"href":"https:\/\/hotta.eu\/lv\/wp-json\/wp\/v2\/media?parent=19254"}],"wp:term":[{"taxonomy":"product_cat","embeddable":true,"href":"https:\/\/hotta.eu\/lv\/wp-json\/wp\/v2\/product_cat?post=19254"},{"taxonomy":"product_tag","embeddable":true,"href":"https:\/\/hotta.eu\/lv\/wp-json\/wp\/v2\/product_tag?post=19254"},{"taxonomy":"giftcard-category","embeddable":true,"href":"https:\/\/hotta.eu\/lv\/wp-json\/wp\/v2\/giftcard-category?post=19254"}],"curies":[{"name":"wp","href":"https:\/\/api.w.org\/{rel}","templated":true}]}}