{"id":19274,"date":"2019-05-01T22:14:35","date_gmt":"2019-05-01T20:14:35","guid":{"rendered":"https:\/\/hotta.eu\/shop\/beriet-habanero-piparu-merce\/"},"modified":"2026-02-06T13:18:08","modified_gmt":"2026-02-06T11:18:08","slug":"beware-habanero-pepper-sauce","status":"publish","type":"product","link":"https:\/\/hotta.eu\/lv\/shop\/beware-habanero-pepper-sauce\/","title":{"rendered":"BEWARE Habanero Pepper Sauce"},"content":{"rendered":"<p><strong>Sast\u0101vda\u013cas<\/strong><br \/>\nKapsaic\u012bna ekstrakts, habanero, burk\u0101ni, laima sula, \u0137iploki, s\u012bpoli, gar\u0161vielas.<\/p>\n<p><strong>Uztura inform\u0101cija (100 g)<br \/>\n<\/strong> Ener\u0123ija 126 kJ \/ 30 kcal, tauki 0,5 g, no tiem pies\u0101tin\u0101t\u0101s tauksk\u0101bes 0,05 g, og\u013chidr\u0101ti 3,9 g, no tiem cukuri 3,7 g, olbaltumvielas 1,3 g, s\u0101ls 5 g.<\/p>\n<p><strong>Der\u012bgums un glab\u0101\u0161ana<\/strong><br \/>\nDer\u012bguma termi\u0146\u0161 uz pudel\u012btes attiecas uz neatv\u0113rtiem produktiem. Atv\u0113rtu produktu j\u0101uzglab\u0101 ledusskap\u012b.<\/p>\n<p>&nbsp;<\/p>\n","protected":false},"excerpt":{"rendered":"<p>Asain\u0101kais Beliz\u0101 ra\u017eotais Marie Sharp&#8217;s s\u0113rijas p\u0101rst\u0101vis. M\u0113rce, kas pagatavota ar habanero \u010dilli, ir gan pikanta, gan arom\u0101tiska. Kop\u0161 1980. gada.<br \/>\nMarie Sharp&#8217;s, \u0123imenes uz\u0146\u0113mums kop\u0161 1980. gada, garant\u0113 kvalit\u0101ti, kas neliks vilties.<br \/>\n[ywcwtl_form product_id=\"\"]<\/p>\n","protected":false},"featured_media":15607,"comment_status":"open","ping_status":"closed","template":"","meta":[],"product_cat":[926,916],"product_tag":[],"giftcard-category":[],"class_list":{"0":"post-19274","1":"product","2":"type-product","3":"status-publish","4":"has-post-thumbnail","6":"product_cat-ass","7":"product_cat-merces","8":"pa_brand-marie-sharps","10":"first","11":"outofstock","12":"taxable","13":"shipping-taxable","14":"purchasable","15":"product-type-simple"},"yoast_head":"<!-- This site is optimized with the Yoast SEO plugin v27.4 - https:\/\/yoast.com\/product\/yoast-seo-wordpress\/ -->\n<title>BEWARE Habanero Pepper Sauce - Hotta<\/title>\n<meta name=\"description\" content=\"Asain\u0101kais Beliz\u0101 ra\u017eotais Marie Sharp&#039;s s\u0113rijas p\u0101rst\u0101vis. M\u0113rce, kas pagatavota ar habanero \u010dilli, ir gan pikanta, gan arom\u0101tiska. Kop\u0161 1980. gada. Marie Sharp&#039;s, \u0123imenes uz\u0146\u0113mums kop\u0161 1980. gada, garant\u0113 kvalit\u0101ti, kas neliks vilties.\" \/>\n<meta name=\"robots\" content=\"index, follow, max-snippet:-1, max-image-preview:large, max-video-preview:-1\" \/>\n<link rel=\"canonical\" href=\"https:\/\/hotta.eu\/lv\/shop\/beware-habanero-pepper-sauce\/\" \/>\n<meta property=\"og:locale\" content=\"lv_LV\" \/>\n<meta property=\"og:type\" content=\"article\" \/>\n<meta property=\"og:title\" content=\"BEWARE Habanero Pepper Sauce - Hotta\" \/>\n<meta property=\"og:description\" content=\"Asain\u0101kais Beliz\u0101 ra\u017eotais Marie Sharp&#039;s s\u0113rijas p\u0101rst\u0101vis. M\u0113rce, kas pagatavota ar habanero \u010dilli, ir gan pikanta, gan arom\u0101tiska. Kop\u0161 1980. gada. Marie Sharp&#039;s, \u0123imenes uz\u0146\u0113mums kop\u0161 1980. gada, garant\u0113 kvalit\u0101ti, kas neliks vilties.\" \/>\n<meta property=\"og:url\" content=\"https:\/\/hotta.eu\/lv\/shop\/beware-habanero-pepper-sauce\/\" \/>\n<meta property=\"og:site_name\" content=\"Hotta\" \/>\n<meta property=\"article:publisher\" content=\"https:\/\/www.facebook.com\/hotta.eu\" \/>\n<meta property=\"article:modified_time\" content=\"2026-02-06T11:18:08+00:00\" \/>\n<meta property=\"og:image\" content=\"https:\/\/hotta.eu\/wp-content\/uploads\/2024\/03\/08_IMG_6882.jpg\" \/>\n\t<meta property=\"og:image:width\" content=\"2000\" \/>\n\t<meta property=\"og:image:height\" content=\"2000\" \/>\n\t<meta property=\"og:image:type\" content=\"image\/jpeg\" \/>\n<meta name=\"twitter:card\" content=\"summary_large_image\" \/>\n<meta name=\"twitter:site\" content=\"@hottashop\" \/>\n<meta name=\"twitter:label1\" content=\"Est. reading time\" \/>\n\t<meta name=\"twitter:data1\" content=\"1 minute\" \/>\n<script type=\"application\/ld+json\" class=\"yoast-schema-graph\">{\"@context\":\"https:\\\/\\\/schema.org\",\"@graph\":[{\"@type\":\"WebPage\",\"@id\":\"https:\\\/\\\/hotta.eu\\\/lv\\\/shop\\\/beware-habanero-pepper-sauce\\\/\",\"url\":\"https:\\\/\\\/hotta.eu\\\/lv\\\/shop\\\/beware-habanero-pepper-sauce\\\/\",\"name\":\"BEWARE Habanero Pepper Sauce - Hotta\",\"isPartOf\":{\"@id\":\"https:\\\/\\\/hotta.eu\\\/lv\\\/#website\"},\"primaryImageOfPage\":{\"@id\":\"https:\\\/\\\/hotta.eu\\\/lv\\\/shop\\\/beware-habanero-pepper-sauce\\\/#primaryimage\"},\"image\":{\"@id\":\"https:\\\/\\\/hotta.eu\\\/lv\\\/shop\\\/beware-habanero-pepper-sauce\\\/#primaryimage\"},\"thumbnailUrl\":\"https:\\\/\\\/hotta.eu\\\/wp-content\\\/uploads\\\/2024\\\/03\\\/08_IMG_6882.jpg\",\"datePublished\":\"2019-05-01T20:14:35+00:00\",\"dateModified\":\"2026-02-06T11:18:08+00:00\",\"description\":\"Asain\u0101kais Beliz\u0101 ra\u017eotais Marie Sharp's s\u0113rijas p\u0101rst\u0101vis. M\u0113rce, kas pagatavota ar habanero \u010dilli, ir gan pikanta, gan arom\u0101tiska. Kop\u0161 1980. gada. Marie Sharp's, \u0123imenes uz\u0146\u0113mums kop\u0161 1980. gada, garant\u0113 kvalit\u0101ti, kas neliks vilties.\",\"breadcrumb\":{\"@id\":\"https:\\\/\\\/hotta.eu\\\/lv\\\/shop\\\/beware-habanero-pepper-sauce\\\/#breadcrumb\"},\"inLanguage\":\"lv-LV\",\"potentialAction\":[{\"@type\":\"ReadAction\",\"target\":[\"https:\\\/\\\/hotta.eu\\\/lv\\\/shop\\\/beware-habanero-pepper-sauce\\\/\"]}]},{\"@type\":\"ImageObject\",\"inLanguage\":\"lv-LV\",\"@id\":\"https:\\\/\\\/hotta.eu\\\/lv\\\/shop\\\/beware-habanero-pepper-sauce\\\/#primaryimage\",\"url\":\"https:\\\/\\\/hotta.eu\\\/wp-content\\\/uploads\\\/2024\\\/03\\\/08_IMG_6882.jpg\",\"contentUrl\":\"https:\\\/\\\/hotta.eu\\\/wp-content\\\/uploads\\\/2024\\\/03\\\/08_IMG_6882.jpg\",\"width\":2000,\"height\":2000},{\"@type\":\"BreadcrumbList\",\"@id\":\"https:\\\/\\\/hotta.eu\\\/lv\\\/shop\\\/beware-habanero-pepper-sauce\\\/#breadcrumb\",\"itemListElement\":[{\"@type\":\"ListItem\",\"position\":1,\"name\":\"S\u0101kums\",\"item\":\"https:\\\/\\\/hotta.eu\\\/lv\\\/sakumlapa\\\/\"},{\"@type\":\"ListItem\",\"position\":2,\"name\":\"Veikals\",\"item\":\"https:\\\/\\\/hotta.eu\\\/lv\\\/shop\\\/\"},{\"@type\":\"ListItem\",\"position\":3,\"name\":\"BEWARE Habanero Pepper Sauce\"}]},{\"@type\":\"WebSite\",\"@id\":\"https:\\\/\\\/hotta.eu\\\/lv\\\/#website\",\"url\":\"https:\\\/\\\/hotta.eu\\\/lv\\\/\",\"name\":\"Hotta\",\"description\":\"Makes your mouth burn a lotta!\",\"publisher\":{\"@id\":\"https:\\\/\\\/hotta.eu\\\/lv\\\/#organization\"},\"potentialAction\":[{\"@type\":\"SearchAction\",\"target\":{\"@type\":\"EntryPoint\",\"urlTemplate\":\"https:\\\/\\\/hotta.eu\\\/lv\\\/?s={search_term_string}\"},\"query-input\":{\"@type\":\"PropertyValueSpecification\",\"valueRequired\":true,\"valueName\":\"search_term_string\"}}],\"inLanguage\":\"lv-LV\"},{\"@type\":\"Organization\",\"@id\":\"https:\\\/\\\/hotta.eu\\\/lv\\\/#organization\",\"name\":\"Hotta\",\"url\":\"https:\\\/\\\/hotta.eu\\\/lv\\\/\",\"logo\":{\"@type\":\"ImageObject\",\"inLanguage\":\"lv-LV\",\"@id\":\"https:\\\/\\\/hotta.eu\\\/lv\\\/#\\\/schema\\\/logo\\\/image\\\/\",\"url\":\"https:\\\/\\\/hotta.eu\\\/wp-content\\\/uploads\\\/2025\\\/04\\\/hotta-logo-invoice.png\",\"contentUrl\":\"https:\\\/\\\/hotta.eu\\\/wp-content\\\/uploads\\\/2025\\\/04\\\/hotta-logo-invoice.png\",\"width\":600,\"height\":411,\"caption\":\"Hotta\"},\"image\":{\"@id\":\"https:\\\/\\\/hotta.eu\\\/lv\\\/#\\\/schema\\\/logo\\\/image\\\/\"},\"sameAs\":[\"https:\\\/\\\/www.facebook.com\\\/hotta.eu\",\"https:\\\/\\\/x.com\\\/hottashop\",\"https:\\\/\\\/www.instagram.com\\\/hotta.shop\"]}]}<\/script>\n<!-- \/ Yoast SEO plugin. -->","yoast_head_json":{"title":"BEWARE Habanero Pepper Sauce - Hotta","description":"Asain\u0101kais Beliz\u0101 ra\u017eotais Marie Sharp's s\u0113rijas p\u0101rst\u0101vis. M\u0113rce, kas pagatavota ar habanero \u010dilli, ir gan pikanta, gan arom\u0101tiska. Kop\u0161 1980. gada. Marie Sharp's, \u0123imenes uz\u0146\u0113mums kop\u0161 1980. gada, garant\u0113 kvalit\u0101ti, kas neliks vilties.","robots":{"index":"index","follow":"follow","max-snippet":"max-snippet:-1","max-image-preview":"max-image-preview:large","max-video-preview":"max-video-preview:-1"},"canonical":"https:\/\/hotta.eu\/lv\/shop\/beware-habanero-pepper-sauce\/","og_locale":"lv_LV","og_type":"article","og_title":"BEWARE Habanero Pepper Sauce - Hotta","og_description":"Asain\u0101kais Beliz\u0101 ra\u017eotais Marie Sharp's s\u0113rijas p\u0101rst\u0101vis. M\u0113rce, kas pagatavota ar habanero \u010dilli, ir gan pikanta, gan arom\u0101tiska. Kop\u0161 1980. gada. Marie Sharp's, \u0123imenes uz\u0146\u0113mums kop\u0161 1980. gada, garant\u0113 kvalit\u0101ti, kas neliks vilties.","og_url":"https:\/\/hotta.eu\/lv\/shop\/beware-habanero-pepper-sauce\/","og_site_name":"Hotta","article_publisher":"https:\/\/www.facebook.com\/hotta.eu","article_modified_time":"2026-02-06T11:18:08+00:00","og_image":[{"width":2000,"height":2000,"url":"https:\/\/hotta.eu\/wp-content\/uploads\/2024\/03\/08_IMG_6882.jpg","type":"image\/jpeg"}],"twitter_card":"summary_large_image","twitter_site":"@hottashop","twitter_misc":{"Est. reading time":"1 minute"},"schema":{"@context":"https:\/\/schema.org","@graph":[{"@type":"WebPage","@id":"https:\/\/hotta.eu\/lv\/shop\/beware-habanero-pepper-sauce\/","url":"https:\/\/hotta.eu\/lv\/shop\/beware-habanero-pepper-sauce\/","name":"BEWARE Habanero Pepper Sauce - Hotta","isPartOf":{"@id":"https:\/\/hotta.eu\/lv\/#website"},"primaryImageOfPage":{"@id":"https:\/\/hotta.eu\/lv\/shop\/beware-habanero-pepper-sauce\/#primaryimage"},"image":{"@id":"https:\/\/hotta.eu\/lv\/shop\/beware-habanero-pepper-sauce\/#primaryimage"},"thumbnailUrl":"https:\/\/hotta.eu\/wp-content\/uploads\/2024\/03\/08_IMG_6882.jpg","datePublished":"2019-05-01T20:14:35+00:00","dateModified":"2026-02-06T11:18:08+00:00","description":"Asain\u0101kais Beliz\u0101 ra\u017eotais Marie Sharp's s\u0113rijas p\u0101rst\u0101vis. M\u0113rce, kas pagatavota ar habanero \u010dilli, ir gan pikanta, gan arom\u0101tiska. Kop\u0161 1980. gada. Marie Sharp's, \u0123imenes uz\u0146\u0113mums kop\u0161 1980. gada, garant\u0113 kvalit\u0101ti, kas neliks vilties.","breadcrumb":{"@id":"https:\/\/hotta.eu\/lv\/shop\/beware-habanero-pepper-sauce\/#breadcrumb"},"inLanguage":"lv-LV","potentialAction":[{"@type":"ReadAction","target":["https:\/\/hotta.eu\/lv\/shop\/beware-habanero-pepper-sauce\/"]}]},{"@type":"ImageObject","inLanguage":"lv-LV","@id":"https:\/\/hotta.eu\/lv\/shop\/beware-habanero-pepper-sauce\/#primaryimage","url":"https:\/\/hotta.eu\/wp-content\/uploads\/2024\/03\/08_IMG_6882.jpg","contentUrl":"https:\/\/hotta.eu\/wp-content\/uploads\/2024\/03\/08_IMG_6882.jpg","width":2000,"height":2000},{"@type":"BreadcrumbList","@id":"https:\/\/hotta.eu\/lv\/shop\/beware-habanero-pepper-sauce\/#breadcrumb","itemListElement":[{"@type":"ListItem","position":1,"name":"S\u0101kums","item":"https:\/\/hotta.eu\/lv\/sakumlapa\/"},{"@type":"ListItem","position":2,"name":"Veikals","item":"https:\/\/hotta.eu\/lv\/shop\/"},{"@type":"ListItem","position":3,"name":"BEWARE Habanero Pepper Sauce"}]},{"@type":"WebSite","@id":"https:\/\/hotta.eu\/lv\/#website","url":"https:\/\/hotta.eu\/lv\/","name":"Hotta","description":"Makes your mouth burn a lotta!","publisher":{"@id":"https:\/\/hotta.eu\/lv\/#organization"},"potentialAction":[{"@type":"SearchAction","target":{"@type":"EntryPoint","urlTemplate":"https:\/\/hotta.eu\/lv\/?s={search_term_string}"},"query-input":{"@type":"PropertyValueSpecification","valueRequired":true,"valueName":"search_term_string"}}],"inLanguage":"lv-LV"},{"@type":"Organization","@id":"https:\/\/hotta.eu\/lv\/#organization","name":"Hotta","url":"https:\/\/hotta.eu\/lv\/","logo":{"@type":"ImageObject","inLanguage":"lv-LV","@id":"https:\/\/hotta.eu\/lv\/#\/schema\/logo\/image\/","url":"https:\/\/hotta.eu\/wp-content\/uploads\/2025\/04\/hotta-logo-invoice.png","contentUrl":"https:\/\/hotta.eu\/wp-content\/uploads\/2025\/04\/hotta-logo-invoice.png","width":600,"height":411,"caption":"Hotta"},"image":{"@id":"https:\/\/hotta.eu\/lv\/#\/schema\/logo\/image\/"},"sameAs":["https:\/\/www.facebook.com\/hotta.eu","https:\/\/x.com\/hottashop","https:\/\/www.instagram.com\/hotta.shop"]}]}},"jetpack_sharing_enabled":true,"_links":{"self":[{"href":"https:\/\/hotta.eu\/lv\/wp-json\/wp\/v2\/product\/19274","targetHints":{"allow":["GET"]}}],"collection":[{"href":"https:\/\/hotta.eu\/lv\/wp-json\/wp\/v2\/product"}],"about":[{"href":"https:\/\/hotta.eu\/lv\/wp-json\/wp\/v2\/types\/product"}],"replies":[{"embeddable":true,"href":"https:\/\/hotta.eu\/lv\/wp-json\/wp\/v2\/comments?post=19274"}],"wp:featuredmedia":[{"embeddable":true,"href":"https:\/\/hotta.eu\/lv\/wp-json\/wp\/v2\/media\/15607"}],"wp:attachment":[{"href":"https:\/\/hotta.eu\/lv\/wp-json\/wp\/v2\/media?parent=19274"}],"wp:term":[{"taxonomy":"product_cat","embeddable":true,"href":"https:\/\/hotta.eu\/lv\/wp-json\/wp\/v2\/product_cat?post=19274"},{"taxonomy":"product_tag","embeddable":true,"href":"https:\/\/hotta.eu\/lv\/wp-json\/wp\/v2\/product_tag?post=19274"},{"taxonomy":"giftcard-category","embeddable":true,"href":"https:\/\/hotta.eu\/lv\/wp-json\/wp\/v2\/giftcard-category?post=19274"}],"curies":[{"name":"wp","href":"https:\/\/api.w.org\/{rel}","templated":true}]}}