{"id":19282,"date":"2019-05-11T13:13:18","date_gmt":"2019-05-11T11:13:18","guid":{"rendered":"https:\/\/hotta.eu\/shop\/pasaules-karstakas-ramen-nudeles-izaicinajums\/"},"modified":"2024-12-27T12:43:18","modified_gmt":"2024-12-27T10:43:18","slug":"worlds-hottest-ramen-noodles","status":"publish","type":"product","link":"https:\/\/hotta.eu\/lv\/shop\/worlds-hottest-ramen-noodles\/","title":{"rendered":"World&#8217;s Hottest Ramen Noodles Challenge"},"content":{"rendered":"<p><strong>Sast\u0101vda\u013cas<\/strong><br \/>\n<span style=\"text-decoration: underline;\">N\u016bdeles<\/span>: <strong>kvie\u0161u milti,<\/strong> \u016bdens, <strong>olu pulveris<\/strong>, s\u0101ls, stabilizators (501), dab\u012bgais kr\u0101sviela (kurkuma). <span style=\"text-decoration: underline;\">Ramen<\/span><strong>.<\/strong> <span style=\"text-decoration: underline;\">D\u0101rze\u0146u mais\u012bjums<\/span>: sarkano piparu pulveris, kalt\u0113ti burk\u0101ni, liofiliz\u0113ta cukurkukur\u016bza, <strong>selerijas<\/strong>, s\u012bpolu p\u0101rslas, kalt\u0113ti \u0137iploki, kalt\u0113ti tom\u0101ti.<\/p>\n<p><strong>Der\u012bgums un glab\u0101\u0161ana<\/strong><br \/>\nUz iepakojuma nor\u0101d\u012btais der\u012bguma termi\u0146\u0161 attiecas uz neatv\u0113rtiem produktiem, uzglab\u0101t saus\u0101 viet\u0101.<\/p>\n<p><strong>Sagatavo\u0161ana<\/strong><br \/>\nIelieciet n\u016bdeles b\u013cod\u0101 ar \u016bdeni. Atveriet Smokin&#8217; Ed&#8217;s Carolina Reaper iepakojumu un p\u0101rlejiet p\u0101ri n\u016bdel\u0113m, izvairoties no saskares ar rok\u0101m un ac\u012bm. Virs\u016b izkl\u0101jiet d\u0101rze\u0146u paci\u0146as saturu. Uzv\u0101riet 250 ml \u016bdens un ielejiet b\u013cod\u0101. Atst\u0101j nost\u0101v\u0113ties 3-4 min\u016btes, l\u012bdz n\u016bdeles k\u013c\u016bst m\u012bkstas. Izbaudiet!<\/p>\n<div class=\"tableheader\"><strong>Uztura inform\u0101cija<\/strong><\/div>\n<div><strong>N\u016bdeles (100 g)<\/strong><\/div>\n<div>Ener\u0123ija 372 kJ, tauki 4 g, no tiem pies\u0101tin\u0101t\u0101s tauksk\u0101bes 0,7 g, og\u013chidr\u0101ti 74,7 g, no tiem cukuri 5,7 g, olbaltumvielas 13,4 g, n\u0101trijs 832 mg.<\/div>\n<div><strong><br \/>\nRamen (100 ml)<\/strong><\/div>\n<div>Ener\u0123ija 583 kJ, tauki 4 g, no tiem pies\u0101tin\u0101t\u0101s tauksk\u0101bes 0,7 g, og\u013chidr\u0101ti 16,2 g, no tiem cukuri 6,6 g, olbaltumvielas 7,7 g, n\u0101trijs 2890 mg.<\/div>\n<div><strong><br \/>\nSak\u0146u d\u0101rze\u0146u mais\u012bjums (100 ml)<\/strong><\/div>\n<div>Ener\u0123ija 1240 kJ, tauki 1,6 g, no tiem pies\u0101tin\u0101t\u0101s tauksk\u0101bes 0,3 g, og\u013chidr\u0101ti 54,2 g, no tiem cukuri 32 g, olbaltumvielas 11,4 g, n\u0101trijs 129 mg.<\/div>\n","protected":false},"excerpt":{"rendered":"<p>Tagad ir pieejams pasaul\u0113 as\u0101ko n\u016bde\u013cu izaicin\u0101jums! Culley&#8217;s no Jaunz\u0113landes pirmo reizi pied\u0101v\u0101 n\u016bdeles ar Smokin&#8217; Ed&#8217;s Carolina Reaper pikantumu. Daudzumi ir ierobe\u017eoti, t\u0101p\u0113c nepalaidiet gar\u0101m iesp\u0113ju izbaud\u012bt kaut ko \u012bpa\u0161i karstu!<br \/>\n[ywcwtl_form product_id=\"\"]<\/p>\n","protected":false},"featured_media":15615,"comment_status":"open","ping_status":"closed","template":"","meta":[],"product_cat":[938],"product_tag":[],"giftcard-category":[],"class_list":{"0":"post-19282","1":"product","2":"type-product","3":"status-publish","4":"has-post-thumbnail","6":"product_cat-uzkodas","7":"pa_brand-culleys","9":"first","10":"outofstock","11":"taxable","12":"shipping-taxable","13":"purchasable","14":"product-type-simple"},"yoast_head":"<!-- This site is optimized with the Yoast SEO plugin v27.3 - https:\/\/yoast.com\/product\/yoast-seo-wordpress\/ -->\n<title>World&#039;s Hottest Ramen Noodles Challenge - Hotta<\/title>\n<meta name=\"robots\" content=\"index, follow, max-snippet:-1, max-image-preview:large, max-video-preview:-1\" \/>\n<link rel=\"canonical\" href=\"https:\/\/hotta.eu\/lv\/shop\/worlds-hottest-ramen-noodles\/\" \/>\n<meta property=\"og:locale\" content=\"lv_LV\" \/>\n<meta property=\"og:type\" content=\"article\" \/>\n<meta property=\"og:title\" content=\"World&#039;s Hottest Ramen Noodles Challenge - Hotta\" \/>\n<meta property=\"og:description\" content=\"Tagad ir pieejams pasaul\u0113 as\u0101ko n\u016bde\u013cu izaicin\u0101jums! Culley&#039;s no Jaunz\u0113landes pirmo reizi pied\u0101v\u0101 n\u016bdeles ar Smokin&#039; Ed&#039;s Carolina Reaper pikantumu. Daudzumi ir ierobe\u017eoti, t\u0101p\u0113c nepalaidiet gar\u0101m iesp\u0113ju izbaud\u012bt kaut ko \u012bpa\u0161i karstu!\" \/>\n<meta property=\"og:url\" content=\"https:\/\/hotta.eu\/lv\/shop\/worlds-hottest-ramen-noodles\/\" \/>\n<meta property=\"og:site_name\" content=\"Hotta\" \/>\n<meta property=\"article:publisher\" content=\"https:\/\/www.facebook.com\/hotta.eu\" \/>\n<meta property=\"article:modified_time\" content=\"2024-12-27T10:43:18+00:00\" \/>\n<meta property=\"og:image\" content=\"https:\/\/hotta.eu\/wp-content\/uploads\/2024\/03\/06_IMG_6892.jpg\" \/>\n\t<meta property=\"og:image:width\" content=\"2000\" \/>\n\t<meta property=\"og:image:height\" content=\"2000\" \/>\n\t<meta property=\"og:image:type\" content=\"image\/jpeg\" \/>\n<meta name=\"twitter:card\" content=\"summary_large_image\" \/>\n<meta name=\"twitter:site\" content=\"@hottashop\" \/>\n<meta name=\"twitter:label1\" content=\"Est. reading time\" \/>\n\t<meta name=\"twitter:data1\" content=\"2 minutes\" \/>\n<script type=\"application\/ld+json\" class=\"yoast-schema-graph\">{\"@context\":\"https:\\\/\\\/schema.org\",\"@graph\":[{\"@type\":\"WebPage\",\"@id\":\"https:\\\/\\\/hotta.eu\\\/lv\\\/shop\\\/worlds-hottest-ramen-noodles\\\/\",\"url\":\"https:\\\/\\\/hotta.eu\\\/lv\\\/shop\\\/worlds-hottest-ramen-noodles\\\/\",\"name\":\"World's Hottest Ramen Noodles Challenge - Hotta\",\"isPartOf\":{\"@id\":\"https:\\\/\\\/hotta.eu\\\/lv\\\/#website\"},\"primaryImageOfPage\":{\"@id\":\"https:\\\/\\\/hotta.eu\\\/lv\\\/shop\\\/worlds-hottest-ramen-noodles\\\/#primaryimage\"},\"image\":{\"@id\":\"https:\\\/\\\/hotta.eu\\\/lv\\\/shop\\\/worlds-hottest-ramen-noodles\\\/#primaryimage\"},\"thumbnailUrl\":\"https:\\\/\\\/hotta.eu\\\/wp-content\\\/uploads\\\/2024\\\/03\\\/06_IMG_6892.jpg\",\"datePublished\":\"2019-05-11T11:13:18+00:00\",\"dateModified\":\"2024-12-27T10:43:18+00:00\",\"breadcrumb\":{\"@id\":\"https:\\\/\\\/hotta.eu\\\/lv\\\/shop\\\/worlds-hottest-ramen-noodles\\\/#breadcrumb\"},\"inLanguage\":\"lv-LV\",\"potentialAction\":[{\"@type\":\"ReadAction\",\"target\":[\"https:\\\/\\\/hotta.eu\\\/lv\\\/shop\\\/worlds-hottest-ramen-noodles\\\/\"]}]},{\"@type\":\"ImageObject\",\"inLanguage\":\"lv-LV\",\"@id\":\"https:\\\/\\\/hotta.eu\\\/lv\\\/shop\\\/worlds-hottest-ramen-noodles\\\/#primaryimage\",\"url\":\"https:\\\/\\\/hotta.eu\\\/wp-content\\\/uploads\\\/2024\\\/03\\\/06_IMG_6892.jpg\",\"contentUrl\":\"https:\\\/\\\/hotta.eu\\\/wp-content\\\/uploads\\\/2024\\\/03\\\/06_IMG_6892.jpg\",\"width\":2000,\"height\":2000},{\"@type\":\"BreadcrumbList\",\"@id\":\"https:\\\/\\\/hotta.eu\\\/lv\\\/shop\\\/worlds-hottest-ramen-noodles\\\/#breadcrumb\",\"itemListElement\":[{\"@type\":\"ListItem\",\"position\":1,\"name\":\"S\u0101kums\",\"item\":\"https:\\\/\\\/hotta.eu\\\/lv\\\/sakumlapa\\\/\"},{\"@type\":\"ListItem\",\"position\":2,\"name\":\"Veikals\",\"item\":\"https:\\\/\\\/hotta.eu\\\/lv\\\/shop\\\/\"},{\"@type\":\"ListItem\",\"position\":3,\"name\":\"World&#8217;s Hottest Ramen Noodles Challenge\"}]},{\"@type\":\"WebSite\",\"@id\":\"https:\\\/\\\/hotta.eu\\\/lv\\\/#website\",\"url\":\"https:\\\/\\\/hotta.eu\\\/lv\\\/\",\"name\":\"Hotta\",\"description\":\"Makes your mouth burn a lotta!\",\"publisher\":{\"@id\":\"https:\\\/\\\/hotta.eu\\\/lv\\\/#organization\"},\"potentialAction\":[{\"@type\":\"SearchAction\",\"target\":{\"@type\":\"EntryPoint\",\"urlTemplate\":\"https:\\\/\\\/hotta.eu\\\/lv\\\/?s={search_term_string}\"},\"query-input\":{\"@type\":\"PropertyValueSpecification\",\"valueRequired\":true,\"valueName\":\"search_term_string\"}}],\"inLanguage\":\"lv-LV\"},{\"@type\":\"Organization\",\"@id\":\"https:\\\/\\\/hotta.eu\\\/lv\\\/#organization\",\"name\":\"Hotta\",\"url\":\"https:\\\/\\\/hotta.eu\\\/lv\\\/\",\"logo\":{\"@type\":\"ImageObject\",\"inLanguage\":\"lv-LV\",\"@id\":\"https:\\\/\\\/hotta.eu\\\/lv\\\/#\\\/schema\\\/logo\\\/image\\\/\",\"url\":\"https:\\\/\\\/hotta.eu\\\/wp-content\\\/uploads\\\/2025\\\/04\\\/hotta-logo-invoice.png\",\"contentUrl\":\"https:\\\/\\\/hotta.eu\\\/wp-content\\\/uploads\\\/2025\\\/04\\\/hotta-logo-invoice.png\",\"width\":600,\"height\":411,\"caption\":\"Hotta\"},\"image\":{\"@id\":\"https:\\\/\\\/hotta.eu\\\/lv\\\/#\\\/schema\\\/logo\\\/image\\\/\"},\"sameAs\":[\"https:\\\/\\\/www.facebook.com\\\/hotta.eu\",\"https:\\\/\\\/x.com\\\/hottashop\",\"https:\\\/\\\/www.instagram.com\\\/hotta.shop\"]}]}<\/script>\n<!-- \/ Yoast SEO plugin. -->","yoast_head_json":{"title":"World's Hottest Ramen Noodles Challenge - Hotta","robots":{"index":"index","follow":"follow","max-snippet":"max-snippet:-1","max-image-preview":"max-image-preview:large","max-video-preview":"max-video-preview:-1"},"canonical":"https:\/\/hotta.eu\/lv\/shop\/worlds-hottest-ramen-noodles\/","og_locale":"lv_LV","og_type":"article","og_title":"World's Hottest Ramen Noodles Challenge - Hotta","og_description":"Tagad ir pieejams pasaul\u0113 as\u0101ko n\u016bde\u013cu izaicin\u0101jums! Culley's no Jaunz\u0113landes pirmo reizi pied\u0101v\u0101 n\u016bdeles ar Smokin' Ed's Carolina Reaper pikantumu. Daudzumi ir ierobe\u017eoti, t\u0101p\u0113c nepalaidiet gar\u0101m iesp\u0113ju izbaud\u012bt kaut ko \u012bpa\u0161i karstu!","og_url":"https:\/\/hotta.eu\/lv\/shop\/worlds-hottest-ramen-noodles\/","og_site_name":"Hotta","article_publisher":"https:\/\/www.facebook.com\/hotta.eu","article_modified_time":"2024-12-27T10:43:18+00:00","og_image":[{"width":2000,"height":2000,"url":"https:\/\/hotta.eu\/wp-content\/uploads\/2024\/03\/06_IMG_6892.jpg","type":"image\/jpeg"}],"twitter_card":"summary_large_image","twitter_site":"@hottashop","twitter_misc":{"Est. reading time":"2 minutes"},"schema":{"@context":"https:\/\/schema.org","@graph":[{"@type":"WebPage","@id":"https:\/\/hotta.eu\/lv\/shop\/worlds-hottest-ramen-noodles\/","url":"https:\/\/hotta.eu\/lv\/shop\/worlds-hottest-ramen-noodles\/","name":"World's Hottest Ramen Noodles Challenge - Hotta","isPartOf":{"@id":"https:\/\/hotta.eu\/lv\/#website"},"primaryImageOfPage":{"@id":"https:\/\/hotta.eu\/lv\/shop\/worlds-hottest-ramen-noodles\/#primaryimage"},"image":{"@id":"https:\/\/hotta.eu\/lv\/shop\/worlds-hottest-ramen-noodles\/#primaryimage"},"thumbnailUrl":"https:\/\/hotta.eu\/wp-content\/uploads\/2024\/03\/06_IMG_6892.jpg","datePublished":"2019-05-11T11:13:18+00:00","dateModified":"2024-12-27T10:43:18+00:00","breadcrumb":{"@id":"https:\/\/hotta.eu\/lv\/shop\/worlds-hottest-ramen-noodles\/#breadcrumb"},"inLanguage":"lv-LV","potentialAction":[{"@type":"ReadAction","target":["https:\/\/hotta.eu\/lv\/shop\/worlds-hottest-ramen-noodles\/"]}]},{"@type":"ImageObject","inLanguage":"lv-LV","@id":"https:\/\/hotta.eu\/lv\/shop\/worlds-hottest-ramen-noodles\/#primaryimage","url":"https:\/\/hotta.eu\/wp-content\/uploads\/2024\/03\/06_IMG_6892.jpg","contentUrl":"https:\/\/hotta.eu\/wp-content\/uploads\/2024\/03\/06_IMG_6892.jpg","width":2000,"height":2000},{"@type":"BreadcrumbList","@id":"https:\/\/hotta.eu\/lv\/shop\/worlds-hottest-ramen-noodles\/#breadcrumb","itemListElement":[{"@type":"ListItem","position":1,"name":"S\u0101kums","item":"https:\/\/hotta.eu\/lv\/sakumlapa\/"},{"@type":"ListItem","position":2,"name":"Veikals","item":"https:\/\/hotta.eu\/lv\/shop\/"},{"@type":"ListItem","position":3,"name":"World&#8217;s Hottest Ramen Noodles Challenge"}]},{"@type":"WebSite","@id":"https:\/\/hotta.eu\/lv\/#website","url":"https:\/\/hotta.eu\/lv\/","name":"Hotta","description":"Makes your mouth burn a lotta!","publisher":{"@id":"https:\/\/hotta.eu\/lv\/#organization"},"potentialAction":[{"@type":"SearchAction","target":{"@type":"EntryPoint","urlTemplate":"https:\/\/hotta.eu\/lv\/?s={search_term_string}"},"query-input":{"@type":"PropertyValueSpecification","valueRequired":true,"valueName":"search_term_string"}}],"inLanguage":"lv-LV"},{"@type":"Organization","@id":"https:\/\/hotta.eu\/lv\/#organization","name":"Hotta","url":"https:\/\/hotta.eu\/lv\/","logo":{"@type":"ImageObject","inLanguage":"lv-LV","@id":"https:\/\/hotta.eu\/lv\/#\/schema\/logo\/image\/","url":"https:\/\/hotta.eu\/wp-content\/uploads\/2025\/04\/hotta-logo-invoice.png","contentUrl":"https:\/\/hotta.eu\/wp-content\/uploads\/2025\/04\/hotta-logo-invoice.png","width":600,"height":411,"caption":"Hotta"},"image":{"@id":"https:\/\/hotta.eu\/lv\/#\/schema\/logo\/image\/"},"sameAs":["https:\/\/www.facebook.com\/hotta.eu","https:\/\/x.com\/hottashop","https:\/\/www.instagram.com\/hotta.shop"]}]}},"jetpack_sharing_enabled":true,"_links":{"self":[{"href":"https:\/\/hotta.eu\/lv\/wp-json\/wp\/v2\/product\/19282","targetHints":{"allow":["GET"]}}],"collection":[{"href":"https:\/\/hotta.eu\/lv\/wp-json\/wp\/v2\/product"}],"about":[{"href":"https:\/\/hotta.eu\/lv\/wp-json\/wp\/v2\/types\/product"}],"replies":[{"embeddable":true,"href":"https:\/\/hotta.eu\/lv\/wp-json\/wp\/v2\/comments?post=19282"}],"wp:featuredmedia":[{"embeddable":true,"href":"https:\/\/hotta.eu\/lv\/wp-json\/wp\/v2\/media\/15615"}],"wp:attachment":[{"href":"https:\/\/hotta.eu\/lv\/wp-json\/wp\/v2\/media?parent=19282"}],"wp:term":[{"taxonomy":"product_cat","embeddable":true,"href":"https:\/\/hotta.eu\/lv\/wp-json\/wp\/v2\/product_cat?post=19282"},{"taxonomy":"product_tag","embeddable":true,"href":"https:\/\/hotta.eu\/lv\/wp-json\/wp\/v2\/product_tag?post=19282"},{"taxonomy":"giftcard-category","embeddable":true,"href":"https:\/\/hotta.eu\/lv\/wp-json\/wp\/v2\/giftcard-category?post=19282"}],"curies":[{"name":"wp","href":"https:\/\/api.w.org\/{rel}","templated":true}]}}