{"id":19312,"date":"2019-09-24T20:59:01","date_gmt":"2019-09-24T18:59:01","guid":{"rendered":"https:\/\/hotta.eu\/shop\/spoku-piparu-garsviela\/"},"modified":"2024-12-27T12:43:09","modified_gmt":"2024-12-27T10:43:09","slug":"ghost-pepper-condiment","status":"publish","type":"product","link":"https:\/\/hotta.eu\/lv\/shop\/ghost-pepper-condiment\/","title":{"rendered":"Ghost Pepper Condiment"},"content":{"rendered":"<p><strong>Sast\u0101vda\u013cas<\/strong><br \/>\n\u016adens, tom\u0101tu pasta, burk\u0101ni, s\u012bpoli, \u0137iploki, destil\u0113ta eti\u0137sk\u0101be, cukurniedru cukurs, mandar\u012bnu sulas koncentr\u0101ts, Ghost chilli, s\u0101ls, laima sulas koncentr\u0101ts.<\/p>\n<p><strong>Uzturv\u0113rt\u012bba (15 g)<\/strong><br \/>\nEner\u0123ija 41,84 kJ \/ 10 kcal, og\u013chidr\u0101ti 2 g, no tiem cukuri 1 g.<\/p>\n<p><strong>Der\u012bgums un glab\u0101\u0161ana<\/strong><br \/>\nDer\u012bguma termi\u0146\u0161 uz pudel\u012btes attiecas uz neatv\u0113rtiem produktiem. Atv\u0113rtu produktu j\u0101uzglab\u0101 ledusskap\u012b.<\/p>\n","protected":false},"excerpt":{"rendered":"<p>Jaun\u0101kais Yellowbird kl\u0101sta arom\u0101ts un viens no as\u0101kajiem. Kr\u0113m\u012bgs tom\u0101tu, burk\u0101nu un spoku \u010dilli mais\u012bjums, kas lieliski piem\u0113rots tiem, kam \u0161rira\u010da \u0161\u0137iet p\u0101r\u0101k liesa. Yellowbird gatavo m\u0113rces, izmantojot dab\u012bgas sast\u0101vda\u013cas, atsakoties no m\u0101ksl\u012bgajiem konservantiem un koncentr\u0113joties uz \u010dili piparu gar\u0161u izcel\u0161anu, uz br\u012bdi atst\u0101jot to sp\u0113ku otraj\u0101 pl\u0101n\u0101. Patiesi univers\u0101la m\u0113rce, kas noteikti atrad\u012bs pla\u0161u pielietojumu ikviena gard\u0113\u017ea \u0113dienkart\u0113!<br \/>\n[ywcwtl_form product_id=\"\"]<\/p>\n","protected":false},"featured_media":15671,"comment_status":"open","ping_status":"closed","template":"","meta":[],"product_cat":[926,916],"product_tag":[],"giftcard-category":[],"class_list":{"0":"post-19312","1":"product","2":"type-product","3":"status-publish","4":"has-post-thumbnail","6":"product_cat-ass","7":"product_cat-merces","8":"pa_brand-yellowbird-foods","10":"first","11":"outofstock","12":"taxable","13":"shipping-taxable","14":"purchasable","15":"product-type-simple"},"yoast_head":"<!-- This site is optimized with the Yoast SEO plugin v27.3 - https:\/\/yoast.com\/product\/yoast-seo-wordpress\/ -->\n<title>Ghost Pepper Condiment - Hotta<\/title>\n<meta name=\"description\" content=\"Jaun\u0101kais Yellowbird kl\u0101sta arom\u0101ts un viens no as\u0101kajiem. Kr\u0113m\u012bgs tom\u0101tu, burk\u0101nu un \u010dili gar\u0161u mais\u012bjums.\" \/>\n<meta name=\"robots\" content=\"index, follow, max-snippet:-1, max-image-preview:large, max-video-preview:-1\" \/>\n<link rel=\"canonical\" href=\"https:\/\/hotta.eu\/lv\/shop\/ghost-pepper-condiment\/\" \/>\n<meta property=\"og:locale\" content=\"lv_LV\" \/>\n<meta property=\"og:type\" content=\"article\" \/>\n<meta property=\"og:title\" content=\"Ghost Pepper Condiment - Hotta\" \/>\n<meta property=\"og:description\" content=\"Jaun\u0101kais Yellowbird kl\u0101sta arom\u0101ts un viens no as\u0101kajiem. Kr\u0113m\u012bgs tom\u0101tu, burk\u0101nu un \u010dili gar\u0161u mais\u012bjums.\" \/>\n<meta property=\"og:url\" content=\"https:\/\/hotta.eu\/lv\/shop\/ghost-pepper-condiment\/\" \/>\n<meta property=\"og:site_name\" content=\"Hotta\" \/>\n<meta property=\"article:publisher\" content=\"https:\/\/www.facebook.com\/hotta.eu\" \/>\n<meta property=\"article:modified_time\" content=\"2024-12-27T10:43:09+00:00\" \/>\n<meta property=\"og:image\" content=\"https:\/\/hotta.eu\/wp-content\/uploads\/2024\/03\/yellowbird-2.jpg\" \/>\n\t<meta property=\"og:image:width\" content=\"2000\" \/>\n\t<meta property=\"og:image:height\" content=\"2000\" \/>\n\t<meta property=\"og:image:type\" content=\"image\/jpeg\" \/>\n<meta name=\"twitter:card\" content=\"summary_large_image\" \/>\n<meta name=\"twitter:site\" content=\"@hottashop\" \/>\n<meta name=\"twitter:label1\" content=\"Est. reading time\" \/>\n\t<meta name=\"twitter:data1\" content=\"1 minute\" \/>\n<script type=\"application\/ld+json\" class=\"yoast-schema-graph\">{\"@context\":\"https:\\\/\\\/schema.org\",\"@graph\":[{\"@type\":\"WebPage\",\"@id\":\"https:\\\/\\\/hotta.eu\\\/lv\\\/shop\\\/ghost-pepper-condiment\\\/\",\"url\":\"https:\\\/\\\/hotta.eu\\\/lv\\\/shop\\\/ghost-pepper-condiment\\\/\",\"name\":\"Ghost Pepper Condiment - Hotta\",\"isPartOf\":{\"@id\":\"https:\\\/\\\/hotta.eu\\\/lv\\\/#website\"},\"primaryImageOfPage\":{\"@id\":\"https:\\\/\\\/hotta.eu\\\/lv\\\/shop\\\/ghost-pepper-condiment\\\/#primaryimage\"},\"image\":{\"@id\":\"https:\\\/\\\/hotta.eu\\\/lv\\\/shop\\\/ghost-pepper-condiment\\\/#primaryimage\"},\"thumbnailUrl\":\"https:\\\/\\\/hotta.eu\\\/wp-content\\\/uploads\\\/2024\\\/03\\\/yellowbird-2.jpg\",\"datePublished\":\"2019-09-24T18:59:01+00:00\",\"dateModified\":\"2024-12-27T10:43:09+00:00\",\"description\":\"Jaun\u0101kais Yellowbird kl\u0101sta arom\u0101ts un viens no as\u0101kajiem. Kr\u0113m\u012bgs tom\u0101tu, burk\u0101nu un \u010dili gar\u0161u mais\u012bjums.\",\"breadcrumb\":{\"@id\":\"https:\\\/\\\/hotta.eu\\\/lv\\\/shop\\\/ghost-pepper-condiment\\\/#breadcrumb\"},\"inLanguage\":\"lv-LV\",\"potentialAction\":[{\"@type\":\"ReadAction\",\"target\":[\"https:\\\/\\\/hotta.eu\\\/lv\\\/shop\\\/ghost-pepper-condiment\\\/\"]}]},{\"@type\":\"ImageObject\",\"inLanguage\":\"lv-LV\",\"@id\":\"https:\\\/\\\/hotta.eu\\\/lv\\\/shop\\\/ghost-pepper-condiment\\\/#primaryimage\",\"url\":\"https:\\\/\\\/hotta.eu\\\/wp-content\\\/uploads\\\/2024\\\/03\\\/yellowbird-2.jpg\",\"contentUrl\":\"https:\\\/\\\/hotta.eu\\\/wp-content\\\/uploads\\\/2024\\\/03\\\/yellowbird-2.jpg\",\"width\":2000,\"height\":2000},{\"@type\":\"BreadcrumbList\",\"@id\":\"https:\\\/\\\/hotta.eu\\\/lv\\\/shop\\\/ghost-pepper-condiment\\\/#breadcrumb\",\"itemListElement\":[{\"@type\":\"ListItem\",\"position\":1,\"name\":\"S\u0101kums\",\"item\":\"https:\\\/\\\/hotta.eu\\\/lv\\\/sakumlapa\\\/\"},{\"@type\":\"ListItem\",\"position\":2,\"name\":\"Veikals\",\"item\":\"https:\\\/\\\/hotta.eu\\\/lv\\\/shop\\\/\"},{\"@type\":\"ListItem\",\"position\":3,\"name\":\"Ghost Pepper Condiment\"}]},{\"@type\":\"WebSite\",\"@id\":\"https:\\\/\\\/hotta.eu\\\/lv\\\/#website\",\"url\":\"https:\\\/\\\/hotta.eu\\\/lv\\\/\",\"name\":\"Hotta\",\"description\":\"Makes your mouth burn a lotta!\",\"publisher\":{\"@id\":\"https:\\\/\\\/hotta.eu\\\/lv\\\/#organization\"},\"potentialAction\":[{\"@type\":\"SearchAction\",\"target\":{\"@type\":\"EntryPoint\",\"urlTemplate\":\"https:\\\/\\\/hotta.eu\\\/lv\\\/?s={search_term_string}\"},\"query-input\":{\"@type\":\"PropertyValueSpecification\",\"valueRequired\":true,\"valueName\":\"search_term_string\"}}],\"inLanguage\":\"lv-LV\"},{\"@type\":\"Organization\",\"@id\":\"https:\\\/\\\/hotta.eu\\\/lv\\\/#organization\",\"name\":\"Hotta\",\"url\":\"https:\\\/\\\/hotta.eu\\\/lv\\\/\",\"logo\":{\"@type\":\"ImageObject\",\"inLanguage\":\"lv-LV\",\"@id\":\"https:\\\/\\\/hotta.eu\\\/lv\\\/#\\\/schema\\\/logo\\\/image\\\/\",\"url\":\"https:\\\/\\\/hotta.eu\\\/wp-content\\\/uploads\\\/2025\\\/04\\\/hotta-logo-invoice.png\",\"contentUrl\":\"https:\\\/\\\/hotta.eu\\\/wp-content\\\/uploads\\\/2025\\\/04\\\/hotta-logo-invoice.png\",\"width\":600,\"height\":411,\"caption\":\"Hotta\"},\"image\":{\"@id\":\"https:\\\/\\\/hotta.eu\\\/lv\\\/#\\\/schema\\\/logo\\\/image\\\/\"},\"sameAs\":[\"https:\\\/\\\/www.facebook.com\\\/hotta.eu\",\"https:\\\/\\\/x.com\\\/hottashop\",\"https:\\\/\\\/www.instagram.com\\\/hotta.shop\"]}]}<\/script>\n<!-- \/ Yoast SEO plugin. -->","yoast_head_json":{"title":"Ghost Pepper Condiment - Hotta","description":"Jaun\u0101kais Yellowbird kl\u0101sta arom\u0101ts un viens no as\u0101kajiem. Kr\u0113m\u012bgs tom\u0101tu, burk\u0101nu un \u010dili gar\u0161u mais\u012bjums.","robots":{"index":"index","follow":"follow","max-snippet":"max-snippet:-1","max-image-preview":"max-image-preview:large","max-video-preview":"max-video-preview:-1"},"canonical":"https:\/\/hotta.eu\/lv\/shop\/ghost-pepper-condiment\/","og_locale":"lv_LV","og_type":"article","og_title":"Ghost Pepper Condiment - Hotta","og_description":"Jaun\u0101kais Yellowbird kl\u0101sta arom\u0101ts un viens no as\u0101kajiem. Kr\u0113m\u012bgs tom\u0101tu, burk\u0101nu un \u010dili gar\u0161u mais\u012bjums.","og_url":"https:\/\/hotta.eu\/lv\/shop\/ghost-pepper-condiment\/","og_site_name":"Hotta","article_publisher":"https:\/\/www.facebook.com\/hotta.eu","article_modified_time":"2024-12-27T10:43:09+00:00","og_image":[{"width":2000,"height":2000,"url":"https:\/\/hotta.eu\/wp-content\/uploads\/2024\/03\/yellowbird-2.jpg","type":"image\/jpeg"}],"twitter_card":"summary_large_image","twitter_site":"@hottashop","twitter_misc":{"Est. reading time":"1 minute"},"schema":{"@context":"https:\/\/schema.org","@graph":[{"@type":"WebPage","@id":"https:\/\/hotta.eu\/lv\/shop\/ghost-pepper-condiment\/","url":"https:\/\/hotta.eu\/lv\/shop\/ghost-pepper-condiment\/","name":"Ghost Pepper Condiment - Hotta","isPartOf":{"@id":"https:\/\/hotta.eu\/lv\/#website"},"primaryImageOfPage":{"@id":"https:\/\/hotta.eu\/lv\/shop\/ghost-pepper-condiment\/#primaryimage"},"image":{"@id":"https:\/\/hotta.eu\/lv\/shop\/ghost-pepper-condiment\/#primaryimage"},"thumbnailUrl":"https:\/\/hotta.eu\/wp-content\/uploads\/2024\/03\/yellowbird-2.jpg","datePublished":"2019-09-24T18:59:01+00:00","dateModified":"2024-12-27T10:43:09+00:00","description":"Jaun\u0101kais Yellowbird kl\u0101sta arom\u0101ts un viens no as\u0101kajiem. Kr\u0113m\u012bgs tom\u0101tu, burk\u0101nu un \u010dili gar\u0161u mais\u012bjums.","breadcrumb":{"@id":"https:\/\/hotta.eu\/lv\/shop\/ghost-pepper-condiment\/#breadcrumb"},"inLanguage":"lv-LV","potentialAction":[{"@type":"ReadAction","target":["https:\/\/hotta.eu\/lv\/shop\/ghost-pepper-condiment\/"]}]},{"@type":"ImageObject","inLanguage":"lv-LV","@id":"https:\/\/hotta.eu\/lv\/shop\/ghost-pepper-condiment\/#primaryimage","url":"https:\/\/hotta.eu\/wp-content\/uploads\/2024\/03\/yellowbird-2.jpg","contentUrl":"https:\/\/hotta.eu\/wp-content\/uploads\/2024\/03\/yellowbird-2.jpg","width":2000,"height":2000},{"@type":"BreadcrumbList","@id":"https:\/\/hotta.eu\/lv\/shop\/ghost-pepper-condiment\/#breadcrumb","itemListElement":[{"@type":"ListItem","position":1,"name":"S\u0101kums","item":"https:\/\/hotta.eu\/lv\/sakumlapa\/"},{"@type":"ListItem","position":2,"name":"Veikals","item":"https:\/\/hotta.eu\/lv\/shop\/"},{"@type":"ListItem","position":3,"name":"Ghost Pepper Condiment"}]},{"@type":"WebSite","@id":"https:\/\/hotta.eu\/lv\/#website","url":"https:\/\/hotta.eu\/lv\/","name":"Hotta","description":"Makes your mouth burn a lotta!","publisher":{"@id":"https:\/\/hotta.eu\/lv\/#organization"},"potentialAction":[{"@type":"SearchAction","target":{"@type":"EntryPoint","urlTemplate":"https:\/\/hotta.eu\/lv\/?s={search_term_string}"},"query-input":{"@type":"PropertyValueSpecification","valueRequired":true,"valueName":"search_term_string"}}],"inLanguage":"lv-LV"},{"@type":"Organization","@id":"https:\/\/hotta.eu\/lv\/#organization","name":"Hotta","url":"https:\/\/hotta.eu\/lv\/","logo":{"@type":"ImageObject","inLanguage":"lv-LV","@id":"https:\/\/hotta.eu\/lv\/#\/schema\/logo\/image\/","url":"https:\/\/hotta.eu\/wp-content\/uploads\/2025\/04\/hotta-logo-invoice.png","contentUrl":"https:\/\/hotta.eu\/wp-content\/uploads\/2025\/04\/hotta-logo-invoice.png","width":600,"height":411,"caption":"Hotta"},"image":{"@id":"https:\/\/hotta.eu\/lv\/#\/schema\/logo\/image\/"},"sameAs":["https:\/\/www.facebook.com\/hotta.eu","https:\/\/x.com\/hottashop","https:\/\/www.instagram.com\/hotta.shop"]}]}},"jetpack_sharing_enabled":true,"_links":{"self":[{"href":"https:\/\/hotta.eu\/lv\/wp-json\/wp\/v2\/product\/19312","targetHints":{"allow":["GET"]}}],"collection":[{"href":"https:\/\/hotta.eu\/lv\/wp-json\/wp\/v2\/product"}],"about":[{"href":"https:\/\/hotta.eu\/lv\/wp-json\/wp\/v2\/types\/product"}],"replies":[{"embeddable":true,"href":"https:\/\/hotta.eu\/lv\/wp-json\/wp\/v2\/comments?post=19312"}],"wp:featuredmedia":[{"embeddable":true,"href":"https:\/\/hotta.eu\/lv\/wp-json\/wp\/v2\/media\/15671"}],"wp:attachment":[{"href":"https:\/\/hotta.eu\/lv\/wp-json\/wp\/v2\/media?parent=19312"}],"wp:term":[{"taxonomy":"product_cat","embeddable":true,"href":"https:\/\/hotta.eu\/lv\/wp-json\/wp\/v2\/product_cat?post=19312"},{"taxonomy":"product_tag","embeddable":true,"href":"https:\/\/hotta.eu\/lv\/wp-json\/wp\/v2\/product_tag?post=19312"},{"taxonomy":"giftcard-category","embeddable":true,"href":"https:\/\/hotta.eu\/lv\/wp-json\/wp\/v2\/giftcard-category?post=19312"}],"curies":[{"name":"wp","href":"https:\/\/api.w.org\/{rel}","templated":true}]}}