{"id":19317,"date":"2019-09-24T21:09:47","date_gmt":"2019-09-24T19:09:47","guid":{"rendered":"https:\/\/hotta.eu\/shop\/zombiju-karstas-merces-dels\/"},"modified":"2026-01-28T13:07:16","modified_gmt":"2026-01-28T11:07:16","slug":"son-of-zombie-hot-sauce","status":"publish","type":"product","link":"https:\/\/hotta.eu\/lv\/shop\/son-of-zombie-hot-sauce\/","title":{"rendered":"Son of Zombie Hot Sauce"},"content":{"rendered":"<p><strong>Sast\u0101vda\u013cas<\/strong><br \/>\nMedus, \u0101bolu sidra eti\u0137is, tom\u0101tu pasta, \u016bdens, \u0137iploki, \u010dilli, habanero, destil\u0113ta eti\u0137sk\u0101be, br\u016bnais cukurs, rap\u0161u e\u013c\u013ca, citronu sula, melase, mandar\u012bni, tom\u0101ti, burk\u0101ni, <strong>sinepju pulveris<\/strong>, kurkuma, \u0137iploku pulveris, s\u012bpoli, s\u0101ls, sasmalcin\u0101ti sarkanie pipari, cukurs, \u010dilli pulveris, oregano, melnie pipari.<\/p>\n<p><strong>Uzturv\u0113rt\u012bba (56 g)<\/strong><br \/>\nEner\u0123ija 209,2 kJ \/ 50 kcal, tauki 1 g, og\u013chidr\u0101ti 10 g, no tiem cukuri 8 g.<\/p>\n<p><strong>Der\u012bgums un glab\u0101\u0161ana<\/strong><br \/>\nDer\u012bguma termi\u0146\u0161 uz pudel\u012btes attiecas uz neatv\u0113rtiem produktiem. Atv\u0113rtu produktu j\u0101uzglab\u0101 ledusskap\u012b.<\/p>\n","protected":false},"excerpt":{"rendered":"<p>Popul\u0101r\u0101 m\u0113rce, kas pagatavota no Torchbearer labi zin\u0101mo un iecien\u012bto Chipotle BBQ, Honey Garlic un Zombie Apocalypse m\u0113r\u010du kombin\u0101cijas, labi sabalans\u0113 pikantumu un gar\u0161u. Ide\u0101la sp\u0101rnu m\u0113rce gan ies\u0101c\u0113jiem, gan pieredz\u0113ju\u0161iem pa\u0161cep\u0113jiem!<\/p>\n<p>Torchbearer Son of Zombie tika iek\u013cauts <strong>Hot Ones<\/strong> m\u0113r\u010du t\u012bmek\u013ca s\u0113rij\u0101 sezona 6.<\/p>\n<div class=\"responsive-video\"><iframe src=\"https:\/\/www.youtube.com\/embed\/qUPdTMC3Obk\" width=\"480\" height=\"270\" frameborder=\"0\" allowfullscreen=\"allowfullscreen\"><\/iframe><\/div>\n[ywcwtl_form product_id=\"\"]\n","protected":false},"featured_media":17488,"comment_status":"open","ping_status":"closed","template":"","meta":[],"product_cat":[920,916,922],"product_tag":[],"giftcard-category":[],"class_list":{"0":"post-19317","1":"product","2":"type-product","3":"status-publish","4":"has-post-thumbnail","6":"product_cat-hot-ones-lv","7":"product_cat-merces","8":"product_cat-videjs","9":"pa_brand-torchbearer-sauces","11":"first","12":"outofstock","13":"taxable","14":"shipping-taxable","15":"purchasable","16":"product-type-simple"},"yoast_head":"<!-- This site is optimized with the Yoast SEO plugin v27.4 - https:\/\/yoast.com\/product\/yoast-seo-wordpress\/ -->\n<title>Son of Zombie Hot Sauce - Hotta<\/title>\n<meta name=\"description\" content=\"Popul\u0101r\u0101 m\u0113rce, kas pagatavota no Torchbearer labi zin\u0101mo un iecien\u012bto Chipotle BBQ, Honey Garlic un Zombie Apocalypse m\u0113r\u010du kombin\u0101cijas, labi sabalans\u0113 pikantumu un gar\u0161u.\" \/>\n<meta name=\"robots\" content=\"index, follow, max-snippet:-1, max-image-preview:large, max-video-preview:-1\" \/>\n<link rel=\"canonical\" href=\"https:\/\/hotta.eu\/lv\/shop\/son-of-zombie-hot-sauce\/\" \/>\n<meta property=\"og:locale\" content=\"lv_LV\" \/>\n<meta property=\"og:type\" content=\"article\" \/>\n<meta property=\"og:title\" content=\"Son of Zombie Hot Sauce - Hotta\" \/>\n<meta property=\"og:description\" content=\"Popul\u0101r\u0101 m\u0113rce, kas pagatavota no Torchbearer labi zin\u0101mo un iecien\u012bto Chipotle BBQ, Honey Garlic un Zombie Apocalypse m\u0113r\u010du kombin\u0101cijas, labi sabalans\u0113 pikantumu un gar\u0161u.\" \/>\n<meta property=\"og:url\" content=\"https:\/\/hotta.eu\/lv\/shop\/son-of-zombie-hot-sauce\/\" \/>\n<meta property=\"og:site_name\" content=\"Hotta\" \/>\n<meta property=\"article:publisher\" content=\"https:\/\/www.facebook.com\/hotta.eu\" \/>\n<meta property=\"article:modified_time\" content=\"2026-01-28T11:07:16+00:00\" \/>\n<meta property=\"og:image\" content=\"https:\/\/hotta.eu\/wp-content\/uploads\/2019\/10\/torchbearer-sonofzombie-hotones.jpg\" \/>\n\t<meta property=\"og:image:width\" content=\"2000\" \/>\n\t<meta property=\"og:image:height\" content=\"2000\" \/>\n\t<meta property=\"og:image:type\" content=\"image\/jpeg\" \/>\n<meta name=\"twitter:card\" content=\"summary_large_image\" \/>\n<meta name=\"twitter:site\" content=\"@hottashop\" \/>\n<meta name=\"twitter:label1\" content=\"Est. reading time\" \/>\n\t<meta name=\"twitter:data1\" content=\"1 minute\" \/>\n<script type=\"application\/ld+json\" class=\"yoast-schema-graph\">{\"@context\":\"https:\\\/\\\/schema.org\",\"@graph\":[{\"@type\":\"WebPage\",\"@id\":\"https:\\\/\\\/hotta.eu\\\/lv\\\/shop\\\/son-of-zombie-hot-sauce\\\/\",\"url\":\"https:\\\/\\\/hotta.eu\\\/lv\\\/shop\\\/son-of-zombie-hot-sauce\\\/\",\"name\":\"Son of Zombie Hot Sauce - Hotta\",\"isPartOf\":{\"@id\":\"https:\\\/\\\/hotta.eu\\\/lv\\\/#website\"},\"primaryImageOfPage\":{\"@id\":\"https:\\\/\\\/hotta.eu\\\/lv\\\/shop\\\/son-of-zombie-hot-sauce\\\/#primaryimage\"},\"image\":{\"@id\":\"https:\\\/\\\/hotta.eu\\\/lv\\\/shop\\\/son-of-zombie-hot-sauce\\\/#primaryimage\"},\"thumbnailUrl\":\"https:\\\/\\\/hotta.eu\\\/wp-content\\\/uploads\\\/2019\\\/10\\\/torchbearer-sonofzombie-hotones.jpg\",\"datePublished\":\"2019-09-24T19:09:47+00:00\",\"dateModified\":\"2026-01-28T11:07:16+00:00\",\"description\":\"Popul\u0101r\u0101 m\u0113rce, kas pagatavota no Torchbearer labi zin\u0101mo un iecien\u012bto Chipotle BBQ, Honey Garlic un Zombie Apocalypse m\u0113r\u010du kombin\u0101cijas, labi sabalans\u0113 pikantumu un gar\u0161u.\",\"breadcrumb\":{\"@id\":\"https:\\\/\\\/hotta.eu\\\/lv\\\/shop\\\/son-of-zombie-hot-sauce\\\/#breadcrumb\"},\"inLanguage\":\"lv-LV\",\"potentialAction\":[{\"@type\":\"ReadAction\",\"target\":[\"https:\\\/\\\/hotta.eu\\\/lv\\\/shop\\\/son-of-zombie-hot-sauce\\\/\"]}]},{\"@type\":\"ImageObject\",\"inLanguage\":\"lv-LV\",\"@id\":\"https:\\\/\\\/hotta.eu\\\/lv\\\/shop\\\/son-of-zombie-hot-sauce\\\/#primaryimage\",\"url\":\"https:\\\/\\\/hotta.eu\\\/wp-content\\\/uploads\\\/2019\\\/10\\\/torchbearer-sonofzombie-hotones.jpg\",\"contentUrl\":\"https:\\\/\\\/hotta.eu\\\/wp-content\\\/uploads\\\/2019\\\/10\\\/torchbearer-sonofzombie-hotones.jpg\",\"width\":2000,\"height\":2000},{\"@type\":\"BreadcrumbList\",\"@id\":\"https:\\\/\\\/hotta.eu\\\/lv\\\/shop\\\/son-of-zombie-hot-sauce\\\/#breadcrumb\",\"itemListElement\":[{\"@type\":\"ListItem\",\"position\":1,\"name\":\"S\u0101kums\",\"item\":\"https:\\\/\\\/hotta.eu\\\/lv\\\/sakumlapa\\\/\"},{\"@type\":\"ListItem\",\"position\":2,\"name\":\"Veikals\",\"item\":\"https:\\\/\\\/hotta.eu\\\/lv\\\/shop\\\/\"},{\"@type\":\"ListItem\",\"position\":3,\"name\":\"Son of Zombie Hot Sauce\"}]},{\"@type\":\"WebSite\",\"@id\":\"https:\\\/\\\/hotta.eu\\\/lv\\\/#website\",\"url\":\"https:\\\/\\\/hotta.eu\\\/lv\\\/\",\"name\":\"Hotta\",\"description\":\"Makes your mouth burn a lotta!\",\"publisher\":{\"@id\":\"https:\\\/\\\/hotta.eu\\\/lv\\\/#organization\"},\"potentialAction\":[{\"@type\":\"SearchAction\",\"target\":{\"@type\":\"EntryPoint\",\"urlTemplate\":\"https:\\\/\\\/hotta.eu\\\/lv\\\/?s={search_term_string}\"},\"query-input\":{\"@type\":\"PropertyValueSpecification\",\"valueRequired\":true,\"valueName\":\"search_term_string\"}}],\"inLanguage\":\"lv-LV\"},{\"@type\":\"Organization\",\"@id\":\"https:\\\/\\\/hotta.eu\\\/lv\\\/#organization\",\"name\":\"Hotta\",\"url\":\"https:\\\/\\\/hotta.eu\\\/lv\\\/\",\"logo\":{\"@type\":\"ImageObject\",\"inLanguage\":\"lv-LV\",\"@id\":\"https:\\\/\\\/hotta.eu\\\/lv\\\/#\\\/schema\\\/logo\\\/image\\\/\",\"url\":\"https:\\\/\\\/hotta.eu\\\/wp-content\\\/uploads\\\/2025\\\/04\\\/hotta-logo-invoice.png\",\"contentUrl\":\"https:\\\/\\\/hotta.eu\\\/wp-content\\\/uploads\\\/2025\\\/04\\\/hotta-logo-invoice.png\",\"width\":600,\"height\":411,\"caption\":\"Hotta\"},\"image\":{\"@id\":\"https:\\\/\\\/hotta.eu\\\/lv\\\/#\\\/schema\\\/logo\\\/image\\\/\"},\"sameAs\":[\"https:\\\/\\\/www.facebook.com\\\/hotta.eu\",\"https:\\\/\\\/x.com\\\/hottashop\",\"https:\\\/\\\/www.instagram.com\\\/hotta.shop\"]}]}<\/script>\n<!-- \/ Yoast SEO plugin. -->","yoast_head_json":{"title":"Son of Zombie Hot Sauce - Hotta","description":"Popul\u0101r\u0101 m\u0113rce, kas pagatavota no Torchbearer labi zin\u0101mo un iecien\u012bto Chipotle BBQ, Honey Garlic un Zombie Apocalypse m\u0113r\u010du kombin\u0101cijas, labi sabalans\u0113 pikantumu un gar\u0161u.","robots":{"index":"index","follow":"follow","max-snippet":"max-snippet:-1","max-image-preview":"max-image-preview:large","max-video-preview":"max-video-preview:-1"},"canonical":"https:\/\/hotta.eu\/lv\/shop\/son-of-zombie-hot-sauce\/","og_locale":"lv_LV","og_type":"article","og_title":"Son of Zombie Hot Sauce - Hotta","og_description":"Popul\u0101r\u0101 m\u0113rce, kas pagatavota no Torchbearer labi zin\u0101mo un iecien\u012bto Chipotle BBQ, Honey Garlic un Zombie Apocalypse m\u0113r\u010du kombin\u0101cijas, labi sabalans\u0113 pikantumu un gar\u0161u.","og_url":"https:\/\/hotta.eu\/lv\/shop\/son-of-zombie-hot-sauce\/","og_site_name":"Hotta","article_publisher":"https:\/\/www.facebook.com\/hotta.eu","article_modified_time":"2026-01-28T11:07:16+00:00","og_image":[{"width":2000,"height":2000,"url":"https:\/\/hotta.eu\/wp-content\/uploads\/2019\/10\/torchbearer-sonofzombie-hotones.jpg","type":"image\/jpeg"}],"twitter_card":"summary_large_image","twitter_site":"@hottashop","twitter_misc":{"Est. reading time":"1 minute"},"schema":{"@context":"https:\/\/schema.org","@graph":[{"@type":"WebPage","@id":"https:\/\/hotta.eu\/lv\/shop\/son-of-zombie-hot-sauce\/","url":"https:\/\/hotta.eu\/lv\/shop\/son-of-zombie-hot-sauce\/","name":"Son of Zombie Hot Sauce - Hotta","isPartOf":{"@id":"https:\/\/hotta.eu\/lv\/#website"},"primaryImageOfPage":{"@id":"https:\/\/hotta.eu\/lv\/shop\/son-of-zombie-hot-sauce\/#primaryimage"},"image":{"@id":"https:\/\/hotta.eu\/lv\/shop\/son-of-zombie-hot-sauce\/#primaryimage"},"thumbnailUrl":"https:\/\/hotta.eu\/wp-content\/uploads\/2019\/10\/torchbearer-sonofzombie-hotones.jpg","datePublished":"2019-09-24T19:09:47+00:00","dateModified":"2026-01-28T11:07:16+00:00","description":"Popul\u0101r\u0101 m\u0113rce, kas pagatavota no Torchbearer labi zin\u0101mo un iecien\u012bto Chipotle BBQ, Honey Garlic un Zombie Apocalypse m\u0113r\u010du kombin\u0101cijas, labi sabalans\u0113 pikantumu un gar\u0161u.","breadcrumb":{"@id":"https:\/\/hotta.eu\/lv\/shop\/son-of-zombie-hot-sauce\/#breadcrumb"},"inLanguage":"lv-LV","potentialAction":[{"@type":"ReadAction","target":["https:\/\/hotta.eu\/lv\/shop\/son-of-zombie-hot-sauce\/"]}]},{"@type":"ImageObject","inLanguage":"lv-LV","@id":"https:\/\/hotta.eu\/lv\/shop\/son-of-zombie-hot-sauce\/#primaryimage","url":"https:\/\/hotta.eu\/wp-content\/uploads\/2019\/10\/torchbearer-sonofzombie-hotones.jpg","contentUrl":"https:\/\/hotta.eu\/wp-content\/uploads\/2019\/10\/torchbearer-sonofzombie-hotones.jpg","width":2000,"height":2000},{"@type":"BreadcrumbList","@id":"https:\/\/hotta.eu\/lv\/shop\/son-of-zombie-hot-sauce\/#breadcrumb","itemListElement":[{"@type":"ListItem","position":1,"name":"S\u0101kums","item":"https:\/\/hotta.eu\/lv\/sakumlapa\/"},{"@type":"ListItem","position":2,"name":"Veikals","item":"https:\/\/hotta.eu\/lv\/shop\/"},{"@type":"ListItem","position":3,"name":"Son of Zombie Hot Sauce"}]},{"@type":"WebSite","@id":"https:\/\/hotta.eu\/lv\/#website","url":"https:\/\/hotta.eu\/lv\/","name":"Hotta","description":"Makes your mouth burn a lotta!","publisher":{"@id":"https:\/\/hotta.eu\/lv\/#organization"},"potentialAction":[{"@type":"SearchAction","target":{"@type":"EntryPoint","urlTemplate":"https:\/\/hotta.eu\/lv\/?s={search_term_string}"},"query-input":{"@type":"PropertyValueSpecification","valueRequired":true,"valueName":"search_term_string"}}],"inLanguage":"lv-LV"},{"@type":"Organization","@id":"https:\/\/hotta.eu\/lv\/#organization","name":"Hotta","url":"https:\/\/hotta.eu\/lv\/","logo":{"@type":"ImageObject","inLanguage":"lv-LV","@id":"https:\/\/hotta.eu\/lv\/#\/schema\/logo\/image\/","url":"https:\/\/hotta.eu\/wp-content\/uploads\/2025\/04\/hotta-logo-invoice.png","contentUrl":"https:\/\/hotta.eu\/wp-content\/uploads\/2025\/04\/hotta-logo-invoice.png","width":600,"height":411,"caption":"Hotta"},"image":{"@id":"https:\/\/hotta.eu\/lv\/#\/schema\/logo\/image\/"},"sameAs":["https:\/\/www.facebook.com\/hotta.eu","https:\/\/x.com\/hottashop","https:\/\/www.instagram.com\/hotta.shop"]}]}},"jetpack_sharing_enabled":true,"_links":{"self":[{"href":"https:\/\/hotta.eu\/lv\/wp-json\/wp\/v2\/product\/19317","targetHints":{"allow":["GET"]}}],"collection":[{"href":"https:\/\/hotta.eu\/lv\/wp-json\/wp\/v2\/product"}],"about":[{"href":"https:\/\/hotta.eu\/lv\/wp-json\/wp\/v2\/types\/product"}],"replies":[{"embeddable":true,"href":"https:\/\/hotta.eu\/lv\/wp-json\/wp\/v2\/comments?post=19317"}],"wp:featuredmedia":[{"embeddable":true,"href":"https:\/\/hotta.eu\/lv\/wp-json\/wp\/v2\/media\/17488"}],"wp:attachment":[{"href":"https:\/\/hotta.eu\/lv\/wp-json\/wp\/v2\/media?parent=19317"}],"wp:term":[{"taxonomy":"product_cat","embeddable":true,"href":"https:\/\/hotta.eu\/lv\/wp-json\/wp\/v2\/product_cat?post=19317"},{"taxonomy":"product_tag","embeddable":true,"href":"https:\/\/hotta.eu\/lv\/wp-json\/wp\/v2\/product_tag?post=19317"},{"taxonomy":"giftcard-category","embeddable":true,"href":"https:\/\/hotta.eu\/lv\/wp-json\/wp\/v2\/giftcard-category?post=19317"}],"curies":[{"name":"wp","href":"https:\/\/api.w.org\/{rel}","templated":true}]}}