{"id":19338,"date":"2019-10-15T21:33:10","date_gmt":"2019-10-15T19:33:10","guid":{"rendered":"https:\/\/hotta.eu\/shop\/tapatio-karsta-merce\/"},"modified":"2025-12-14T15:38:09","modified_gmt":"2025-12-14T13:38:09","slug":"tapatio-hot-sauce","status":"publish","type":"product","link":"https:\/\/hotta.eu\/lv\/shop\/tapatio-hot-sauce\/","title":{"rendered":"Tapatio Hot Sauce"},"content":{"rendered":"<p><strong>Sast\u0101vda\u013cas<\/strong><br \/>\n\u016adens, sarkanie \u010dilli, s\u0101ls, gar\u0161vielas, \u0137iploki, eti\u0137sk\u0101be, ksant\u0101na sve\u0137i, n\u0101trija benzo\u0101ts.<\/p>\n<div class=\"tableheader\"><strong>Uztura inform\u0101cija (5 g)<\/strong><\/div>\n<div>110 mg n\u0101trija.<\/div>\n<p><strong>Der\u012bgums un glab\u0101\u0161ana<\/strong><br \/>\nDer\u012bguma termi\u0146\u0161 uz pudel\u012btes attiecas uz neatv\u0113rtiem produktiem. Atv\u0113rtu produktu j\u0101uzglab\u0101 ledusskap\u012b.<\/p>\n","protected":false},"excerpt":{"rendered":"<p class=\"p1\">Tapatio ir le\u0123end\u0101ra as\u0101 m\u0113rce, ko s\u0101ka ra\u017eot 1971. gad\u0101 Kalifornij\u0101. \u0160\u012b klasika ir pla\u0161i izplat\u012bjusies Amerik\u0101 un iekarojusi daudzu sirdis!<em> Es una salsa\u2026 Muy salsa!<\/em><\/p>\n<p>Tapatio piedal\u012bj\u0101s t\u012bmek\u013ca seri\u0101l\u0101 <strong>Hot Ones<\/strong> 2. sezon\u0101.<\/p>\n<div class=\"responsive-video\"><iframe src=\"https:\/\/www.youtube.com\/embed\/GTW8IplsKmM\" width=\"480\" height=\"270\" frameborder=\"0\" allowfullscreen=\"allowfullscreen\"><\/iframe><\/div>\n[ywcwtl_form product_id=\"\"]\n","protected":false},"featured_media":17484,"comment_status":"open","ping_status":"closed","template":"","meta":[],"product_cat":[920,924,916],"product_tag":[],"giftcard-category":[],"class_list":{"0":"post-19338","1":"product","2":"type-product","3":"status-publish","4":"has-post-thumbnail","6":"product_cat-hot-ones-lv","7":"product_cat-maigs","8":"product_cat-merces","9":"pa_brand-tapatio","11":"first","12":"instock","13":"taxable","14":"shipping-taxable","15":"purchasable","16":"product-type-simple"},"yoast_head":"<!-- This site is optimized with the Yoast SEO plugin v27.3 - https:\/\/yoast.com\/product\/yoast-seo-wordpress\/ -->\n<title>Tapatio Hot Sauce - Hotta<\/title>\n<meta name=\"description\" content=\"Tapat\u00edo karst\u0101 m\u0113rce ir le\u0123end\u0101ra karst\u0101 m\u0113rce, kuras ra\u017eo\u0161ana aizs\u0101k\u0101s 1971. gad\u0101. Kalifornij\u0101. Amerik\u0101 pla\u0161i izmantot\u0101s m\u0113rces tagad ir pieejamas ar\u012b Igaunij\u0101!\" \/>\n<meta name=\"robots\" content=\"index, follow, max-snippet:-1, max-image-preview:large, max-video-preview:-1\" \/>\n<link rel=\"canonical\" href=\"https:\/\/hotta.eu\/lv\/shop\/tapatio-hot-sauce\/\" \/>\n<meta property=\"og:locale\" content=\"lv_LV\" \/>\n<meta property=\"og:type\" content=\"article\" \/>\n<meta property=\"og:title\" content=\"Tapatio Hot Sauce - Hotta\" \/>\n<meta property=\"og:description\" content=\"Tapat\u00edo karst\u0101 m\u0113rce ir le\u0123end\u0101ra karst\u0101 m\u0113rce, kuras ra\u017eo\u0161ana aizs\u0101k\u0101s 1971. gad\u0101. Kalifornij\u0101. Amerik\u0101 pla\u0161i izmantot\u0101s m\u0113rces tagad ir pieejamas ar\u012b Igaunij\u0101!\" \/>\n<meta property=\"og:url\" content=\"https:\/\/hotta.eu\/lv\/shop\/tapatio-hot-sauce\/\" \/>\n<meta property=\"og:site_name\" content=\"Hotta\" \/>\n<meta property=\"article:publisher\" content=\"https:\/\/www.facebook.com\/hotta.eu\" \/>\n<meta property=\"article:modified_time\" content=\"2025-12-14T13:38:09+00:00\" \/>\n<meta property=\"og:image\" content=\"https:\/\/hotta.eu\/wp-content\/uploads\/2019\/10\/tapatio-1.jpg\" \/>\n\t<meta property=\"og:image:width\" content=\"2000\" \/>\n\t<meta property=\"og:image:height\" content=\"2000\" \/>\n\t<meta property=\"og:image:type\" content=\"image\/jpeg\" \/>\n<meta name=\"twitter:card\" content=\"summary_large_image\" \/>\n<meta name=\"twitter:site\" content=\"@hottashop\" \/>\n<meta name=\"twitter:label1\" content=\"Est. reading time\" \/>\n\t<meta name=\"twitter:data1\" content=\"1 minute\" \/>\n<script type=\"application\/ld+json\" class=\"yoast-schema-graph\">{\"@context\":\"https:\\\/\\\/schema.org\",\"@graph\":[{\"@type\":\"WebPage\",\"@id\":\"https:\\\/\\\/hotta.eu\\\/lv\\\/shop\\\/tapatio-hot-sauce\\\/\",\"url\":\"https:\\\/\\\/hotta.eu\\\/lv\\\/shop\\\/tapatio-hot-sauce\\\/\",\"name\":\"Tapatio Hot Sauce - Hotta\",\"isPartOf\":{\"@id\":\"https:\\\/\\\/hotta.eu\\\/lv\\\/#website\"},\"primaryImageOfPage\":{\"@id\":\"https:\\\/\\\/hotta.eu\\\/lv\\\/shop\\\/tapatio-hot-sauce\\\/#primaryimage\"},\"image\":{\"@id\":\"https:\\\/\\\/hotta.eu\\\/lv\\\/shop\\\/tapatio-hot-sauce\\\/#primaryimage\"},\"thumbnailUrl\":\"https:\\\/\\\/hotta.eu\\\/wp-content\\\/uploads\\\/2019\\\/10\\\/tapatio-1.jpg\",\"datePublished\":\"2019-10-15T19:33:10+00:00\",\"dateModified\":\"2025-12-14T13:38:09+00:00\",\"description\":\"Tapat\u00edo karst\u0101 m\u0113rce ir le\u0123end\u0101ra karst\u0101 m\u0113rce, kuras ra\u017eo\u0161ana aizs\u0101k\u0101s 1971. gad\u0101. Kalifornij\u0101. Amerik\u0101 pla\u0161i izmantot\u0101s m\u0113rces tagad ir pieejamas ar\u012b Igaunij\u0101!\",\"breadcrumb\":{\"@id\":\"https:\\\/\\\/hotta.eu\\\/lv\\\/shop\\\/tapatio-hot-sauce\\\/#breadcrumb\"},\"inLanguage\":\"lv-LV\",\"potentialAction\":[{\"@type\":\"ReadAction\",\"target\":[\"https:\\\/\\\/hotta.eu\\\/lv\\\/shop\\\/tapatio-hot-sauce\\\/\"]}]},{\"@type\":\"ImageObject\",\"inLanguage\":\"lv-LV\",\"@id\":\"https:\\\/\\\/hotta.eu\\\/lv\\\/shop\\\/tapatio-hot-sauce\\\/#primaryimage\",\"url\":\"https:\\\/\\\/hotta.eu\\\/wp-content\\\/uploads\\\/2019\\\/10\\\/tapatio-1.jpg\",\"contentUrl\":\"https:\\\/\\\/hotta.eu\\\/wp-content\\\/uploads\\\/2019\\\/10\\\/tapatio-1.jpg\",\"width\":2000,\"height\":2000},{\"@type\":\"BreadcrumbList\",\"@id\":\"https:\\\/\\\/hotta.eu\\\/lv\\\/shop\\\/tapatio-hot-sauce\\\/#breadcrumb\",\"itemListElement\":[{\"@type\":\"ListItem\",\"position\":1,\"name\":\"S\u0101kums\",\"item\":\"https:\\\/\\\/hotta.eu\\\/lv\\\/sakumlapa\\\/\"},{\"@type\":\"ListItem\",\"position\":2,\"name\":\"Veikals\",\"item\":\"https:\\\/\\\/hotta.eu\\\/lv\\\/shop\\\/\"},{\"@type\":\"ListItem\",\"position\":3,\"name\":\"Tapatio Hot Sauce\"}]},{\"@type\":\"WebSite\",\"@id\":\"https:\\\/\\\/hotta.eu\\\/lv\\\/#website\",\"url\":\"https:\\\/\\\/hotta.eu\\\/lv\\\/\",\"name\":\"Hotta\",\"description\":\"Makes your mouth burn a lotta!\",\"publisher\":{\"@id\":\"https:\\\/\\\/hotta.eu\\\/lv\\\/#organization\"},\"potentialAction\":[{\"@type\":\"SearchAction\",\"target\":{\"@type\":\"EntryPoint\",\"urlTemplate\":\"https:\\\/\\\/hotta.eu\\\/lv\\\/?s={search_term_string}\"},\"query-input\":{\"@type\":\"PropertyValueSpecification\",\"valueRequired\":true,\"valueName\":\"search_term_string\"}}],\"inLanguage\":\"lv-LV\"},{\"@type\":\"Organization\",\"@id\":\"https:\\\/\\\/hotta.eu\\\/lv\\\/#organization\",\"name\":\"Hotta\",\"url\":\"https:\\\/\\\/hotta.eu\\\/lv\\\/\",\"logo\":{\"@type\":\"ImageObject\",\"inLanguage\":\"lv-LV\",\"@id\":\"https:\\\/\\\/hotta.eu\\\/lv\\\/#\\\/schema\\\/logo\\\/image\\\/\",\"url\":\"https:\\\/\\\/hotta.eu\\\/wp-content\\\/uploads\\\/2025\\\/04\\\/hotta-logo-invoice.png\",\"contentUrl\":\"https:\\\/\\\/hotta.eu\\\/wp-content\\\/uploads\\\/2025\\\/04\\\/hotta-logo-invoice.png\",\"width\":600,\"height\":411,\"caption\":\"Hotta\"},\"image\":{\"@id\":\"https:\\\/\\\/hotta.eu\\\/lv\\\/#\\\/schema\\\/logo\\\/image\\\/\"},\"sameAs\":[\"https:\\\/\\\/www.facebook.com\\\/hotta.eu\",\"https:\\\/\\\/x.com\\\/hottashop\",\"https:\\\/\\\/www.instagram.com\\\/hotta.shop\"]}]}<\/script>\n<!-- \/ Yoast SEO plugin. -->","yoast_head_json":{"title":"Tapatio Hot Sauce - Hotta","description":"Tapat\u00edo karst\u0101 m\u0113rce ir le\u0123end\u0101ra karst\u0101 m\u0113rce, kuras ra\u017eo\u0161ana aizs\u0101k\u0101s 1971. gad\u0101. Kalifornij\u0101. Amerik\u0101 pla\u0161i izmantot\u0101s m\u0113rces tagad ir pieejamas ar\u012b Igaunij\u0101!","robots":{"index":"index","follow":"follow","max-snippet":"max-snippet:-1","max-image-preview":"max-image-preview:large","max-video-preview":"max-video-preview:-1"},"canonical":"https:\/\/hotta.eu\/lv\/shop\/tapatio-hot-sauce\/","og_locale":"lv_LV","og_type":"article","og_title":"Tapatio Hot Sauce - Hotta","og_description":"Tapat\u00edo karst\u0101 m\u0113rce ir le\u0123end\u0101ra karst\u0101 m\u0113rce, kuras ra\u017eo\u0161ana aizs\u0101k\u0101s 1971. gad\u0101. Kalifornij\u0101. Amerik\u0101 pla\u0161i izmantot\u0101s m\u0113rces tagad ir pieejamas ar\u012b Igaunij\u0101!","og_url":"https:\/\/hotta.eu\/lv\/shop\/tapatio-hot-sauce\/","og_site_name":"Hotta","article_publisher":"https:\/\/www.facebook.com\/hotta.eu","article_modified_time":"2025-12-14T13:38:09+00:00","og_image":[{"width":2000,"height":2000,"url":"https:\/\/hotta.eu\/wp-content\/uploads\/2019\/10\/tapatio-1.jpg","type":"image\/jpeg"}],"twitter_card":"summary_large_image","twitter_site":"@hottashop","twitter_misc":{"Est. reading time":"1 minute"},"schema":{"@context":"https:\/\/schema.org","@graph":[{"@type":"WebPage","@id":"https:\/\/hotta.eu\/lv\/shop\/tapatio-hot-sauce\/","url":"https:\/\/hotta.eu\/lv\/shop\/tapatio-hot-sauce\/","name":"Tapatio Hot Sauce - Hotta","isPartOf":{"@id":"https:\/\/hotta.eu\/lv\/#website"},"primaryImageOfPage":{"@id":"https:\/\/hotta.eu\/lv\/shop\/tapatio-hot-sauce\/#primaryimage"},"image":{"@id":"https:\/\/hotta.eu\/lv\/shop\/tapatio-hot-sauce\/#primaryimage"},"thumbnailUrl":"https:\/\/hotta.eu\/wp-content\/uploads\/2019\/10\/tapatio-1.jpg","datePublished":"2019-10-15T19:33:10+00:00","dateModified":"2025-12-14T13:38:09+00:00","description":"Tapat\u00edo karst\u0101 m\u0113rce ir le\u0123end\u0101ra karst\u0101 m\u0113rce, kuras ra\u017eo\u0161ana aizs\u0101k\u0101s 1971. gad\u0101. Kalifornij\u0101. Amerik\u0101 pla\u0161i izmantot\u0101s m\u0113rces tagad ir pieejamas ar\u012b Igaunij\u0101!","breadcrumb":{"@id":"https:\/\/hotta.eu\/lv\/shop\/tapatio-hot-sauce\/#breadcrumb"},"inLanguage":"lv-LV","potentialAction":[{"@type":"ReadAction","target":["https:\/\/hotta.eu\/lv\/shop\/tapatio-hot-sauce\/"]}]},{"@type":"ImageObject","inLanguage":"lv-LV","@id":"https:\/\/hotta.eu\/lv\/shop\/tapatio-hot-sauce\/#primaryimage","url":"https:\/\/hotta.eu\/wp-content\/uploads\/2019\/10\/tapatio-1.jpg","contentUrl":"https:\/\/hotta.eu\/wp-content\/uploads\/2019\/10\/tapatio-1.jpg","width":2000,"height":2000},{"@type":"BreadcrumbList","@id":"https:\/\/hotta.eu\/lv\/shop\/tapatio-hot-sauce\/#breadcrumb","itemListElement":[{"@type":"ListItem","position":1,"name":"S\u0101kums","item":"https:\/\/hotta.eu\/lv\/sakumlapa\/"},{"@type":"ListItem","position":2,"name":"Veikals","item":"https:\/\/hotta.eu\/lv\/shop\/"},{"@type":"ListItem","position":3,"name":"Tapatio Hot Sauce"}]},{"@type":"WebSite","@id":"https:\/\/hotta.eu\/lv\/#website","url":"https:\/\/hotta.eu\/lv\/","name":"Hotta","description":"Makes your mouth burn a lotta!","publisher":{"@id":"https:\/\/hotta.eu\/lv\/#organization"},"potentialAction":[{"@type":"SearchAction","target":{"@type":"EntryPoint","urlTemplate":"https:\/\/hotta.eu\/lv\/?s={search_term_string}"},"query-input":{"@type":"PropertyValueSpecification","valueRequired":true,"valueName":"search_term_string"}}],"inLanguage":"lv-LV"},{"@type":"Organization","@id":"https:\/\/hotta.eu\/lv\/#organization","name":"Hotta","url":"https:\/\/hotta.eu\/lv\/","logo":{"@type":"ImageObject","inLanguage":"lv-LV","@id":"https:\/\/hotta.eu\/lv\/#\/schema\/logo\/image\/","url":"https:\/\/hotta.eu\/wp-content\/uploads\/2025\/04\/hotta-logo-invoice.png","contentUrl":"https:\/\/hotta.eu\/wp-content\/uploads\/2025\/04\/hotta-logo-invoice.png","width":600,"height":411,"caption":"Hotta"},"image":{"@id":"https:\/\/hotta.eu\/lv\/#\/schema\/logo\/image\/"},"sameAs":["https:\/\/www.facebook.com\/hotta.eu","https:\/\/x.com\/hottashop","https:\/\/www.instagram.com\/hotta.shop"]}]}},"jetpack_sharing_enabled":true,"_links":{"self":[{"href":"https:\/\/hotta.eu\/lv\/wp-json\/wp\/v2\/product\/19338","targetHints":{"allow":["GET"]}}],"collection":[{"href":"https:\/\/hotta.eu\/lv\/wp-json\/wp\/v2\/product"}],"about":[{"href":"https:\/\/hotta.eu\/lv\/wp-json\/wp\/v2\/types\/product"}],"replies":[{"embeddable":true,"href":"https:\/\/hotta.eu\/lv\/wp-json\/wp\/v2\/comments?post=19338"}],"wp:featuredmedia":[{"embeddable":true,"href":"https:\/\/hotta.eu\/lv\/wp-json\/wp\/v2\/media\/17484"}],"wp:attachment":[{"href":"https:\/\/hotta.eu\/lv\/wp-json\/wp\/v2\/media?parent=19338"}],"wp:term":[{"taxonomy":"product_cat","embeddable":true,"href":"https:\/\/hotta.eu\/lv\/wp-json\/wp\/v2\/product_cat?post=19338"},{"taxonomy":"product_tag","embeddable":true,"href":"https:\/\/hotta.eu\/lv\/wp-json\/wp\/v2\/product_tag?post=19338"},{"taxonomy":"giftcard-category","embeddable":true,"href":"https:\/\/hotta.eu\/lv\/wp-json\/wp\/v2\/giftcard-category?post=19338"}],"curies":[{"name":"wp","href":"https:\/\/api.w.org\/{rel}","templated":true}]}}