{"id":19341,"date":"2019-10-16T21:16:49","date_gmt":"2019-10-16T19:16:49","guid":{"rendered":"https:\/\/hotta.eu\/shop\/valentina-ipasi-asa-merce\/"},"modified":"2026-03-12T22:20:09","modified_gmt":"2026-03-12T20:20:09","slug":"valentina-extra-hot-sauce","status":"publish","type":"product","link":"https:\/\/hotta.eu\/lv\/shop\/valentina-extra-hot-sauce\/","title":{"rendered":"Valentina Extra Hot Sauce"},"content":{"rendered":"<p><strong>Sast\u0101vda\u013cas<\/strong><br \/>\n\u016adens, kalt\u0113ti \u010dili \u010dili, eti\u0137sk\u0101be (E260), s\u0101ls, n\u0101trija benzo\u0101ts (E211), gar\u0161vielas, gar\u0161vielas.<\/p>\n<div class=\"tableheader\"><strong>Uzturv\u0113rt\u012bba (100 g)<\/strong><\/div>\n<div>S\u0101ls 1920 mg.<\/div>\n<p><strong>Der\u012bgums un glab\u0101\u0161ana<\/strong><br \/>\nDer\u012bguma termi\u0146\u0161 uz pudel\u012btes attiecas uz neatv\u0113rtiem produktiem. Atv\u0113rtu produktu j\u0101uzglab\u0101 ledusskap\u012b.<\/p>\n","protected":false},"excerpt":{"rendered":"<p>Valentina pikant\u0101 m\u0113rce tiek ra\u017eota Meksik\u0101, kur t\u0101 ar\u012b ir \u013coti popul\u0101ra izv\u0113le. Bie\u017ei izmanto kombin\u0101cij\u0101 ar citronu un s\u0101li, piem\u0113ram, uz svaigiem gur\u0137iem vai da\u017e\u0101diem aug\u013ciem (piem\u0113ram, arb\u016bzu, apels\u012bnu un anan\u0101su). \u0160\u012b ir as\u0101ka ori\u0123in\u0101l\u0101s Valentina m\u0113rces (Black Label) versija. Izm\u0113\u0123iniet kaut ko jaunu un apvienojiet Valentina ar aug\u013ciem!<\/p>\n<p>Valentina Black Label piedal\u012bj\u0101s t\u012bmek\u013ca seri\u0101l\u0101 <strong>Hot Ones<\/strong> 4. sezona.<\/p>\n<div class=\"responsive-video\"><iframe src=\"https:\/\/www.youtube.com\/embed\/xLkHEZTSeoU\" width=\"480\" height=\"270\" frameborder=\"0\" allowfullscreen=\"allowfullscreen\"><\/iframe><\/div>\n[ywcwtl_form product_id=\"\"]\n","protected":false},"featured_media":17492,"comment_status":"open","ping_status":"closed","template":"","meta":[],"product_cat":[920,916,922],"product_tag":[],"giftcard-category":[],"class_list":{"0":"post-19341","1":"product","2":"type-product","3":"status-publish","4":"has-post-thumbnail","6":"product_cat-hot-ones-lv","7":"product_cat-merces","8":"product_cat-videjs","9":"pa_brand-salsa-valentina","11":"first","12":"instock","13":"taxable","14":"shipping-taxable","15":"purchasable","16":"product-type-simple"},"yoast_head":"<!-- This site is optimized with the Yoast SEO plugin v27.3 - https:\/\/yoast.com\/product\/yoast-seo-wordpress\/ -->\n<title>Valentina Extra Hot Sauce - Hotta<\/title>\n<meta name=\"description\" content=\"Valentina pikant\u0101 m\u0113rce tiek ra\u017eota Meksik\u0101, kur t\u0101 ar\u012b ir \u013coti popul\u0101ra izv\u0113le. Bie\u017ei izmanto kombin\u0101cij\u0101 ar citronu un s\u0101li, piem\u0113ram, uz svaigiem gur\u0137iem vai da\u017e\u0101diem aug\u013ciem.\" \/>\n<meta name=\"robots\" content=\"index, follow, max-snippet:-1, max-image-preview:large, max-video-preview:-1\" \/>\n<link rel=\"canonical\" href=\"https:\/\/hotta.eu\/lv\/shop\/valentina-extra-hot-sauce\/\" \/>\n<meta property=\"og:locale\" content=\"lv_LV\" \/>\n<meta property=\"og:type\" content=\"article\" \/>\n<meta property=\"og:title\" content=\"Valentina Extra Hot Sauce - Hotta\" \/>\n<meta property=\"og:description\" content=\"Valentina pikant\u0101 m\u0113rce tiek ra\u017eota Meksik\u0101, kur t\u0101 ar\u012b ir \u013coti popul\u0101ra izv\u0113le. Bie\u017ei izmanto kombin\u0101cij\u0101 ar citronu un s\u0101li, piem\u0113ram, uz svaigiem gur\u0137iem vai da\u017e\u0101diem aug\u013ciem.\" \/>\n<meta property=\"og:url\" content=\"https:\/\/hotta.eu\/lv\/shop\/valentina-extra-hot-sauce\/\" \/>\n<meta property=\"og:site_name\" content=\"Hotta\" \/>\n<meta property=\"article:publisher\" content=\"https:\/\/www.facebook.com\/hotta.eu\" \/>\n<meta property=\"article:modified_time\" content=\"2026-03-12T20:20:09+00:00\" \/>\n<meta property=\"og:image\" content=\"https:\/\/hotta.eu\/wp-content\/uploads\/2019\/10\/valentina-1.jpg\" \/>\n\t<meta property=\"og:image:width\" content=\"2000\" \/>\n\t<meta property=\"og:image:height\" content=\"2000\" \/>\n\t<meta property=\"og:image:type\" content=\"image\/jpeg\" \/>\n<meta name=\"twitter:card\" content=\"summary_large_image\" \/>\n<meta name=\"twitter:site\" content=\"@hottashop\" \/>\n<meta name=\"twitter:label1\" content=\"Est. reading time\" \/>\n\t<meta name=\"twitter:data1\" content=\"1 minute\" \/>\n<script type=\"application\/ld+json\" class=\"yoast-schema-graph\">{\"@context\":\"https:\\\/\\\/schema.org\",\"@graph\":[{\"@type\":\"WebPage\",\"@id\":\"https:\\\/\\\/hotta.eu\\\/lv\\\/shop\\\/valentina-extra-hot-sauce\\\/\",\"url\":\"https:\\\/\\\/hotta.eu\\\/lv\\\/shop\\\/valentina-extra-hot-sauce\\\/\",\"name\":\"Valentina Extra Hot Sauce - Hotta\",\"isPartOf\":{\"@id\":\"https:\\\/\\\/hotta.eu\\\/lv\\\/#website\"},\"primaryImageOfPage\":{\"@id\":\"https:\\\/\\\/hotta.eu\\\/lv\\\/shop\\\/valentina-extra-hot-sauce\\\/#primaryimage\"},\"image\":{\"@id\":\"https:\\\/\\\/hotta.eu\\\/lv\\\/shop\\\/valentina-extra-hot-sauce\\\/#primaryimage\"},\"thumbnailUrl\":\"https:\\\/\\\/hotta.eu\\\/wp-content\\\/uploads\\\/2019\\\/10\\\/valentina-1.jpg\",\"datePublished\":\"2019-10-16T19:16:49+00:00\",\"dateModified\":\"2026-03-12T20:20:09+00:00\",\"description\":\"Valentina pikant\u0101 m\u0113rce tiek ra\u017eota Meksik\u0101, kur t\u0101 ar\u012b ir \u013coti popul\u0101ra izv\u0113le. Bie\u017ei izmanto kombin\u0101cij\u0101 ar citronu un s\u0101li, piem\u0113ram, uz svaigiem gur\u0137iem vai da\u017e\u0101diem aug\u013ciem.\",\"breadcrumb\":{\"@id\":\"https:\\\/\\\/hotta.eu\\\/lv\\\/shop\\\/valentina-extra-hot-sauce\\\/#breadcrumb\"},\"inLanguage\":\"lv-LV\",\"potentialAction\":[{\"@type\":\"ReadAction\",\"target\":[\"https:\\\/\\\/hotta.eu\\\/lv\\\/shop\\\/valentina-extra-hot-sauce\\\/\"]}]},{\"@type\":\"ImageObject\",\"inLanguage\":\"lv-LV\",\"@id\":\"https:\\\/\\\/hotta.eu\\\/lv\\\/shop\\\/valentina-extra-hot-sauce\\\/#primaryimage\",\"url\":\"https:\\\/\\\/hotta.eu\\\/wp-content\\\/uploads\\\/2019\\\/10\\\/valentina-1.jpg\",\"contentUrl\":\"https:\\\/\\\/hotta.eu\\\/wp-content\\\/uploads\\\/2019\\\/10\\\/valentina-1.jpg\",\"width\":2000,\"height\":2000},{\"@type\":\"BreadcrumbList\",\"@id\":\"https:\\\/\\\/hotta.eu\\\/lv\\\/shop\\\/valentina-extra-hot-sauce\\\/#breadcrumb\",\"itemListElement\":[{\"@type\":\"ListItem\",\"position\":1,\"name\":\"S\u0101kums\",\"item\":\"https:\\\/\\\/hotta.eu\\\/lv\\\/sakumlapa\\\/\"},{\"@type\":\"ListItem\",\"position\":2,\"name\":\"Veikals\",\"item\":\"https:\\\/\\\/hotta.eu\\\/lv\\\/shop\\\/\"},{\"@type\":\"ListItem\",\"position\":3,\"name\":\"Valentina Extra Hot Sauce\"}]},{\"@type\":\"WebSite\",\"@id\":\"https:\\\/\\\/hotta.eu\\\/lv\\\/#website\",\"url\":\"https:\\\/\\\/hotta.eu\\\/lv\\\/\",\"name\":\"Hotta\",\"description\":\"Makes your mouth burn a lotta!\",\"publisher\":{\"@id\":\"https:\\\/\\\/hotta.eu\\\/lv\\\/#organization\"},\"potentialAction\":[{\"@type\":\"SearchAction\",\"target\":{\"@type\":\"EntryPoint\",\"urlTemplate\":\"https:\\\/\\\/hotta.eu\\\/lv\\\/?s={search_term_string}\"},\"query-input\":{\"@type\":\"PropertyValueSpecification\",\"valueRequired\":true,\"valueName\":\"search_term_string\"}}],\"inLanguage\":\"lv-LV\"},{\"@type\":\"Organization\",\"@id\":\"https:\\\/\\\/hotta.eu\\\/lv\\\/#organization\",\"name\":\"Hotta\",\"url\":\"https:\\\/\\\/hotta.eu\\\/lv\\\/\",\"logo\":{\"@type\":\"ImageObject\",\"inLanguage\":\"lv-LV\",\"@id\":\"https:\\\/\\\/hotta.eu\\\/lv\\\/#\\\/schema\\\/logo\\\/image\\\/\",\"url\":\"https:\\\/\\\/hotta.eu\\\/wp-content\\\/uploads\\\/2025\\\/04\\\/hotta-logo-invoice.png\",\"contentUrl\":\"https:\\\/\\\/hotta.eu\\\/wp-content\\\/uploads\\\/2025\\\/04\\\/hotta-logo-invoice.png\",\"width\":600,\"height\":411,\"caption\":\"Hotta\"},\"image\":{\"@id\":\"https:\\\/\\\/hotta.eu\\\/lv\\\/#\\\/schema\\\/logo\\\/image\\\/\"},\"sameAs\":[\"https:\\\/\\\/www.facebook.com\\\/hotta.eu\",\"https:\\\/\\\/x.com\\\/hottashop\",\"https:\\\/\\\/www.instagram.com\\\/hotta.shop\"]}]}<\/script>\n<!-- \/ Yoast SEO plugin. -->","yoast_head_json":{"title":"Valentina Extra Hot Sauce - Hotta","description":"Valentina pikant\u0101 m\u0113rce tiek ra\u017eota Meksik\u0101, kur t\u0101 ar\u012b ir \u013coti popul\u0101ra izv\u0113le. Bie\u017ei izmanto kombin\u0101cij\u0101 ar citronu un s\u0101li, piem\u0113ram, uz svaigiem gur\u0137iem vai da\u017e\u0101diem aug\u013ciem.","robots":{"index":"index","follow":"follow","max-snippet":"max-snippet:-1","max-image-preview":"max-image-preview:large","max-video-preview":"max-video-preview:-1"},"canonical":"https:\/\/hotta.eu\/lv\/shop\/valentina-extra-hot-sauce\/","og_locale":"lv_LV","og_type":"article","og_title":"Valentina Extra Hot Sauce - Hotta","og_description":"Valentina pikant\u0101 m\u0113rce tiek ra\u017eota Meksik\u0101, kur t\u0101 ar\u012b ir \u013coti popul\u0101ra izv\u0113le. Bie\u017ei izmanto kombin\u0101cij\u0101 ar citronu un s\u0101li, piem\u0113ram, uz svaigiem gur\u0137iem vai da\u017e\u0101diem aug\u013ciem.","og_url":"https:\/\/hotta.eu\/lv\/shop\/valentina-extra-hot-sauce\/","og_site_name":"Hotta","article_publisher":"https:\/\/www.facebook.com\/hotta.eu","article_modified_time":"2026-03-12T20:20:09+00:00","og_image":[{"width":2000,"height":2000,"url":"https:\/\/hotta.eu\/wp-content\/uploads\/2019\/10\/valentina-1.jpg","type":"image\/jpeg"}],"twitter_card":"summary_large_image","twitter_site":"@hottashop","twitter_misc":{"Est. reading time":"1 minute"},"schema":{"@context":"https:\/\/schema.org","@graph":[{"@type":"WebPage","@id":"https:\/\/hotta.eu\/lv\/shop\/valentina-extra-hot-sauce\/","url":"https:\/\/hotta.eu\/lv\/shop\/valentina-extra-hot-sauce\/","name":"Valentina Extra Hot Sauce - Hotta","isPartOf":{"@id":"https:\/\/hotta.eu\/lv\/#website"},"primaryImageOfPage":{"@id":"https:\/\/hotta.eu\/lv\/shop\/valentina-extra-hot-sauce\/#primaryimage"},"image":{"@id":"https:\/\/hotta.eu\/lv\/shop\/valentina-extra-hot-sauce\/#primaryimage"},"thumbnailUrl":"https:\/\/hotta.eu\/wp-content\/uploads\/2019\/10\/valentina-1.jpg","datePublished":"2019-10-16T19:16:49+00:00","dateModified":"2026-03-12T20:20:09+00:00","description":"Valentina pikant\u0101 m\u0113rce tiek ra\u017eota Meksik\u0101, kur t\u0101 ar\u012b ir \u013coti popul\u0101ra izv\u0113le. Bie\u017ei izmanto kombin\u0101cij\u0101 ar citronu un s\u0101li, piem\u0113ram, uz svaigiem gur\u0137iem vai da\u017e\u0101diem aug\u013ciem.","breadcrumb":{"@id":"https:\/\/hotta.eu\/lv\/shop\/valentina-extra-hot-sauce\/#breadcrumb"},"inLanguage":"lv-LV","potentialAction":[{"@type":"ReadAction","target":["https:\/\/hotta.eu\/lv\/shop\/valentina-extra-hot-sauce\/"]}]},{"@type":"ImageObject","inLanguage":"lv-LV","@id":"https:\/\/hotta.eu\/lv\/shop\/valentina-extra-hot-sauce\/#primaryimage","url":"https:\/\/hotta.eu\/wp-content\/uploads\/2019\/10\/valentina-1.jpg","contentUrl":"https:\/\/hotta.eu\/wp-content\/uploads\/2019\/10\/valentina-1.jpg","width":2000,"height":2000},{"@type":"BreadcrumbList","@id":"https:\/\/hotta.eu\/lv\/shop\/valentina-extra-hot-sauce\/#breadcrumb","itemListElement":[{"@type":"ListItem","position":1,"name":"S\u0101kums","item":"https:\/\/hotta.eu\/lv\/sakumlapa\/"},{"@type":"ListItem","position":2,"name":"Veikals","item":"https:\/\/hotta.eu\/lv\/shop\/"},{"@type":"ListItem","position":3,"name":"Valentina Extra Hot Sauce"}]},{"@type":"WebSite","@id":"https:\/\/hotta.eu\/lv\/#website","url":"https:\/\/hotta.eu\/lv\/","name":"Hotta","description":"Makes your mouth burn a lotta!","publisher":{"@id":"https:\/\/hotta.eu\/lv\/#organization"},"potentialAction":[{"@type":"SearchAction","target":{"@type":"EntryPoint","urlTemplate":"https:\/\/hotta.eu\/lv\/?s={search_term_string}"},"query-input":{"@type":"PropertyValueSpecification","valueRequired":true,"valueName":"search_term_string"}}],"inLanguage":"lv-LV"},{"@type":"Organization","@id":"https:\/\/hotta.eu\/lv\/#organization","name":"Hotta","url":"https:\/\/hotta.eu\/lv\/","logo":{"@type":"ImageObject","inLanguage":"lv-LV","@id":"https:\/\/hotta.eu\/lv\/#\/schema\/logo\/image\/","url":"https:\/\/hotta.eu\/wp-content\/uploads\/2025\/04\/hotta-logo-invoice.png","contentUrl":"https:\/\/hotta.eu\/wp-content\/uploads\/2025\/04\/hotta-logo-invoice.png","width":600,"height":411,"caption":"Hotta"},"image":{"@id":"https:\/\/hotta.eu\/lv\/#\/schema\/logo\/image\/"},"sameAs":["https:\/\/www.facebook.com\/hotta.eu","https:\/\/x.com\/hottashop","https:\/\/www.instagram.com\/hotta.shop"]}]}},"jetpack_sharing_enabled":true,"_links":{"self":[{"href":"https:\/\/hotta.eu\/lv\/wp-json\/wp\/v2\/product\/19341","targetHints":{"allow":["GET"]}}],"collection":[{"href":"https:\/\/hotta.eu\/lv\/wp-json\/wp\/v2\/product"}],"about":[{"href":"https:\/\/hotta.eu\/lv\/wp-json\/wp\/v2\/types\/product"}],"replies":[{"embeddable":true,"href":"https:\/\/hotta.eu\/lv\/wp-json\/wp\/v2\/comments?post=19341"}],"wp:featuredmedia":[{"embeddable":true,"href":"https:\/\/hotta.eu\/lv\/wp-json\/wp\/v2\/media\/17492"}],"wp:attachment":[{"href":"https:\/\/hotta.eu\/lv\/wp-json\/wp\/v2\/media?parent=19341"}],"wp:term":[{"taxonomy":"product_cat","embeddable":true,"href":"https:\/\/hotta.eu\/lv\/wp-json\/wp\/v2\/product_cat?post=19341"},{"taxonomy":"product_tag","embeddable":true,"href":"https:\/\/hotta.eu\/lv\/wp-json\/wp\/v2\/product_tag?post=19341"},{"taxonomy":"giftcard-category","embeddable":true,"href":"https:\/\/hotta.eu\/lv\/wp-json\/wp\/v2\/giftcard-category?post=19341"}],"curies":[{"name":"wp","href":"https:\/\/api.w.org\/{rel}","templated":true}]}}