{"id":19344,"date":"2019-10-16T22:45:00","date_gmt":"2019-10-16T20:45:00","guid":{"rendered":"https:\/\/hotta.eu\/shop\/lizano-salsa-merce\/"},"modified":"2024-12-27T12:42:58","modified_gmt":"2024-12-27T10:42:58","slug":"lizano-salsa-sauce","status":"publish","type":"product","link":"https:\/\/hotta.eu\/lv\/shop\/lizano-salsa-sauce\/","title":{"rendered":"Lizano Salsa Sauce"},"content":{"rendered":"<p><strong>Sast\u0101vda\u013cas<\/strong><br \/>\n\u016adens, cukurs, s\u0101ls, d\u0101rze\u0146u pasta, melase, kukur\u016bzas ciete, eti\u0137sk\u0101be, gar\u0161vielas, <strong>sinepju milti<\/strong>, sarkanie \u010dilli, \u0137iploku pulveris, kukur\u016bzas prote\u012bns, paprika, kurkuma, maltodekstr\u012bns, <strong>seleriju pulveris<\/strong>.<\/p>\n<p><strong>Uztura inform\u0101cija (15 ml)<\/strong><br \/>\nEner\u0123ija 62,76 kJ \/ 15 kcal, og\u013chidr\u0101ti 3 g, n\u0101trijs 360 mg.<\/p>\n<p><strong>Der\u012bgums un glab\u0101\u0161ana<\/strong><br \/>\nDer\u012bguma termi\u0146\u0161 uz pudel\u012btes attiecas uz neatv\u0113rtiem produktiem. Atv\u0113rtu produktu j\u0101uzglab\u0101 ledusskap\u012b.<\/p>\n","protected":false},"excerpt":{"rendered":"<p class=\"p1\">Lizano salsa ir Kostarik\u0101 pla\u0161i izplat\u012bta salsas m\u0113rce, ko s\u0101ka ra\u017eot 1920. gad\u0101. Tagad \u0161is produkts ir da\u013ca no Unilever un ir rakstur\u012bgs Kostarikas p\u0101rtikas kult\u016brai. T\u0101di \u0113dieni k\u0101 gallo pinto un tamales izmanto Lizano salsu.<\/p>\n[ywcwtl_form product_id=\"\"]\n","protected":false},"featured_media":15755,"comment_status":"open","ping_status":"closed","template":"","meta":[],"product_cat":[924,916],"product_tag":[],"giftcard-category":[],"class_list":{"0":"post-19344","1":"product","2":"type-product","3":"status-publish","4":"has-post-thumbnail","6":"product_cat-maigs","7":"product_cat-merces","8":"pa_brand-lizano","10":"first","11":"outofstock","12":"taxable","13":"shipping-taxable","14":"purchasable","15":"product-type-simple"},"yoast_head":"<!-- This site is optimized with the Yoast SEO plugin v27.5 - https:\/\/yoast.com\/product\/yoast-seo-wordpress\/ -->\n<title>Lizano Salsa Sauce - Hotta<\/title>\n<meta name=\"description\" content=\"Lizano salsa Kostarik\u0101 ir pla\u0161i izmantota salsas m\u0113rce. T\u0101diem \u0113dieniem k\u0101 gallo pinto un tamale ir j\u0101izmanto Lizano salsa.\" \/>\n<meta name=\"robots\" content=\"index, follow, max-snippet:-1, max-image-preview:large, max-video-preview:-1\" \/>\n<link rel=\"canonical\" href=\"https:\/\/hotta.eu\/lv\/shop\/lizano-salsa-sauce\/\" \/>\n<meta property=\"og:locale\" content=\"lv_LV\" \/>\n<meta property=\"og:type\" content=\"article\" \/>\n<meta property=\"og:title\" content=\"Lizano Salsa Sauce - Hotta\" \/>\n<meta property=\"og:description\" content=\"Lizano salsa Kostarik\u0101 ir pla\u0161i izmantota salsas m\u0113rce. T\u0101diem \u0113dieniem k\u0101 gallo pinto un tamale ir j\u0101izmanto Lizano salsa.\" \/>\n<meta property=\"og:url\" content=\"https:\/\/hotta.eu\/lv\/shop\/lizano-salsa-sauce\/\" \/>\n<meta property=\"og:site_name\" content=\"Hotta\" \/>\n<meta property=\"article:publisher\" content=\"https:\/\/www.facebook.com\/hotta.eu\" \/>\n<meta property=\"article:modified_time\" content=\"2024-12-27T10:42:58+00:00\" \/>\n<meta property=\"og:image\" content=\"https:\/\/hotta.eu\/wp-content\/uploads\/2024\/03\/lizano.jpg\" \/>\n\t<meta property=\"og:image:width\" content=\"2000\" \/>\n\t<meta property=\"og:image:height\" content=\"2000\" \/>\n\t<meta property=\"og:image:type\" content=\"image\/jpeg\" \/>\n<meta name=\"twitter:card\" content=\"summary_large_image\" \/>\n<meta name=\"twitter:site\" content=\"@hottashop\" \/>\n<meta name=\"twitter:label1\" content=\"Est. reading time\" \/>\n\t<meta name=\"twitter:data1\" content=\"1 minute\" \/>\n<script type=\"application\/ld+json\" class=\"yoast-schema-graph\">{\"@context\":\"https:\\\/\\\/schema.org\",\"@graph\":[{\"@type\":\"WebPage\",\"@id\":\"https:\\\/\\\/hotta.eu\\\/lv\\\/shop\\\/lizano-salsa-sauce\\\/\",\"url\":\"https:\\\/\\\/hotta.eu\\\/lv\\\/shop\\\/lizano-salsa-sauce\\\/\",\"name\":\"Lizano Salsa Sauce - Hotta\",\"isPartOf\":{\"@id\":\"https:\\\/\\\/hotta.eu\\\/lv\\\/#website\"},\"primaryImageOfPage\":{\"@id\":\"https:\\\/\\\/hotta.eu\\\/lv\\\/shop\\\/lizano-salsa-sauce\\\/#primaryimage\"},\"image\":{\"@id\":\"https:\\\/\\\/hotta.eu\\\/lv\\\/shop\\\/lizano-salsa-sauce\\\/#primaryimage\"},\"thumbnailUrl\":\"https:\\\/\\\/hotta.eu\\\/wp-content\\\/uploads\\\/2024\\\/03\\\/lizano.jpg\",\"datePublished\":\"2019-10-16T20:45:00+00:00\",\"dateModified\":\"2024-12-27T10:42:58+00:00\",\"description\":\"Lizano salsa Kostarik\u0101 ir pla\u0161i izmantota salsas m\u0113rce. T\u0101diem \u0113dieniem k\u0101 gallo pinto un tamale ir j\u0101izmanto Lizano salsa.\",\"breadcrumb\":{\"@id\":\"https:\\\/\\\/hotta.eu\\\/lv\\\/shop\\\/lizano-salsa-sauce\\\/#breadcrumb\"},\"inLanguage\":\"lv-LV\",\"potentialAction\":[{\"@type\":\"ReadAction\",\"target\":[\"https:\\\/\\\/hotta.eu\\\/lv\\\/shop\\\/lizano-salsa-sauce\\\/\"]}]},{\"@type\":\"ImageObject\",\"inLanguage\":\"lv-LV\",\"@id\":\"https:\\\/\\\/hotta.eu\\\/lv\\\/shop\\\/lizano-salsa-sauce\\\/#primaryimage\",\"url\":\"https:\\\/\\\/hotta.eu\\\/wp-content\\\/uploads\\\/2024\\\/03\\\/lizano.jpg\",\"contentUrl\":\"https:\\\/\\\/hotta.eu\\\/wp-content\\\/uploads\\\/2024\\\/03\\\/lizano.jpg\",\"width\":2000,\"height\":2000},{\"@type\":\"BreadcrumbList\",\"@id\":\"https:\\\/\\\/hotta.eu\\\/lv\\\/shop\\\/lizano-salsa-sauce\\\/#breadcrumb\",\"itemListElement\":[{\"@type\":\"ListItem\",\"position\":1,\"name\":\"S\u0101kums\",\"item\":\"https:\\\/\\\/hotta.eu\\\/lv\\\/\"},{\"@type\":\"ListItem\",\"position\":2,\"name\":\"Veikals\",\"item\":\"https:\\\/\\\/hotta.eu\\\/lv\\\/shop\\\/\"},{\"@type\":\"ListItem\",\"position\":3,\"name\":\"Lizano Salsa Sauce\"}]},{\"@type\":\"WebSite\",\"@id\":\"https:\\\/\\\/hotta.eu\\\/lv\\\/#website\",\"url\":\"https:\\\/\\\/hotta.eu\\\/lv\\\/\",\"name\":\"Hotta\",\"description\":\"Makes your mouth burn a lotta!\",\"publisher\":{\"@id\":\"https:\\\/\\\/hotta.eu\\\/lv\\\/#organization\"},\"potentialAction\":[{\"@type\":\"SearchAction\",\"target\":{\"@type\":\"EntryPoint\",\"urlTemplate\":\"https:\\\/\\\/hotta.eu\\\/lv\\\/?s={search_term_string}\"},\"query-input\":{\"@type\":\"PropertyValueSpecification\",\"valueRequired\":true,\"valueName\":\"search_term_string\"}}],\"inLanguage\":\"lv-LV\"},{\"@type\":\"Organization\",\"@id\":\"https:\\\/\\\/hotta.eu\\\/lv\\\/#organization\",\"name\":\"Hotta\",\"url\":\"https:\\\/\\\/hotta.eu\\\/lv\\\/\",\"logo\":{\"@type\":\"ImageObject\",\"inLanguage\":\"lv-LV\",\"@id\":\"https:\\\/\\\/hotta.eu\\\/lv\\\/#\\\/schema\\\/logo\\\/image\\\/\",\"url\":\"https:\\\/\\\/hotta.eu\\\/wp-content\\\/uploads\\\/2025\\\/04\\\/hotta-logo-invoice.png\",\"contentUrl\":\"https:\\\/\\\/hotta.eu\\\/wp-content\\\/uploads\\\/2025\\\/04\\\/hotta-logo-invoice.png\",\"width\":600,\"height\":411,\"caption\":\"Hotta\"},\"image\":{\"@id\":\"https:\\\/\\\/hotta.eu\\\/lv\\\/#\\\/schema\\\/logo\\\/image\\\/\"},\"sameAs\":[\"https:\\\/\\\/www.facebook.com\\\/hotta.eu\",\"https:\\\/\\\/x.com\\\/hottashop\",\"https:\\\/\\\/www.instagram.com\\\/hotta.shop\"]}]}<\/script>\n<!-- \/ Yoast SEO plugin. -->","yoast_head_json":{"title":"Lizano Salsa Sauce - Hotta","description":"Lizano salsa Kostarik\u0101 ir pla\u0161i izmantota salsas m\u0113rce. T\u0101diem \u0113dieniem k\u0101 gallo pinto un tamale ir j\u0101izmanto Lizano salsa.","robots":{"index":"index","follow":"follow","max-snippet":"max-snippet:-1","max-image-preview":"max-image-preview:large","max-video-preview":"max-video-preview:-1"},"canonical":"https:\/\/hotta.eu\/lv\/shop\/lizano-salsa-sauce\/","og_locale":"lv_LV","og_type":"article","og_title":"Lizano Salsa Sauce - Hotta","og_description":"Lizano salsa Kostarik\u0101 ir pla\u0161i izmantota salsas m\u0113rce. T\u0101diem \u0113dieniem k\u0101 gallo pinto un tamale ir j\u0101izmanto Lizano salsa.","og_url":"https:\/\/hotta.eu\/lv\/shop\/lizano-salsa-sauce\/","og_site_name":"Hotta","article_publisher":"https:\/\/www.facebook.com\/hotta.eu","article_modified_time":"2024-12-27T10:42:58+00:00","og_image":[{"width":2000,"height":2000,"url":"https:\/\/hotta.eu\/wp-content\/uploads\/2024\/03\/lizano.jpg","type":"image\/jpeg"}],"twitter_card":"summary_large_image","twitter_site":"@hottashop","twitter_misc":{"Est. reading time":"1 minute"},"schema":{"@context":"https:\/\/schema.org","@graph":[{"@type":"WebPage","@id":"https:\/\/hotta.eu\/lv\/shop\/lizano-salsa-sauce\/","url":"https:\/\/hotta.eu\/lv\/shop\/lizano-salsa-sauce\/","name":"Lizano Salsa Sauce - Hotta","isPartOf":{"@id":"https:\/\/hotta.eu\/lv\/#website"},"primaryImageOfPage":{"@id":"https:\/\/hotta.eu\/lv\/shop\/lizano-salsa-sauce\/#primaryimage"},"image":{"@id":"https:\/\/hotta.eu\/lv\/shop\/lizano-salsa-sauce\/#primaryimage"},"thumbnailUrl":"https:\/\/hotta.eu\/wp-content\/uploads\/2024\/03\/lizano.jpg","datePublished":"2019-10-16T20:45:00+00:00","dateModified":"2024-12-27T10:42:58+00:00","description":"Lizano salsa Kostarik\u0101 ir pla\u0161i izmantota salsas m\u0113rce. T\u0101diem \u0113dieniem k\u0101 gallo pinto un tamale ir j\u0101izmanto Lizano salsa.","breadcrumb":{"@id":"https:\/\/hotta.eu\/lv\/shop\/lizano-salsa-sauce\/#breadcrumb"},"inLanguage":"lv-LV","potentialAction":[{"@type":"ReadAction","target":["https:\/\/hotta.eu\/lv\/shop\/lizano-salsa-sauce\/"]}]},{"@type":"ImageObject","inLanguage":"lv-LV","@id":"https:\/\/hotta.eu\/lv\/shop\/lizano-salsa-sauce\/#primaryimage","url":"https:\/\/hotta.eu\/wp-content\/uploads\/2024\/03\/lizano.jpg","contentUrl":"https:\/\/hotta.eu\/wp-content\/uploads\/2024\/03\/lizano.jpg","width":2000,"height":2000},{"@type":"BreadcrumbList","@id":"https:\/\/hotta.eu\/lv\/shop\/lizano-salsa-sauce\/#breadcrumb","itemListElement":[{"@type":"ListItem","position":1,"name":"S\u0101kums","item":"https:\/\/hotta.eu\/lv\/"},{"@type":"ListItem","position":2,"name":"Veikals","item":"https:\/\/hotta.eu\/lv\/shop\/"},{"@type":"ListItem","position":3,"name":"Lizano Salsa Sauce"}]},{"@type":"WebSite","@id":"https:\/\/hotta.eu\/lv\/#website","url":"https:\/\/hotta.eu\/lv\/","name":"Hotta","description":"Makes your mouth burn a lotta!","publisher":{"@id":"https:\/\/hotta.eu\/lv\/#organization"},"potentialAction":[{"@type":"SearchAction","target":{"@type":"EntryPoint","urlTemplate":"https:\/\/hotta.eu\/lv\/?s={search_term_string}"},"query-input":{"@type":"PropertyValueSpecification","valueRequired":true,"valueName":"search_term_string"}}],"inLanguage":"lv-LV"},{"@type":"Organization","@id":"https:\/\/hotta.eu\/lv\/#organization","name":"Hotta","url":"https:\/\/hotta.eu\/lv\/","logo":{"@type":"ImageObject","inLanguage":"lv-LV","@id":"https:\/\/hotta.eu\/lv\/#\/schema\/logo\/image\/","url":"https:\/\/hotta.eu\/wp-content\/uploads\/2025\/04\/hotta-logo-invoice.png","contentUrl":"https:\/\/hotta.eu\/wp-content\/uploads\/2025\/04\/hotta-logo-invoice.png","width":600,"height":411,"caption":"Hotta"},"image":{"@id":"https:\/\/hotta.eu\/lv\/#\/schema\/logo\/image\/"},"sameAs":["https:\/\/www.facebook.com\/hotta.eu","https:\/\/x.com\/hottashop","https:\/\/www.instagram.com\/hotta.shop"]}]}},"jetpack_sharing_enabled":true,"_links":{"self":[{"href":"https:\/\/hotta.eu\/lv\/wp-json\/wp\/v2\/product\/19344","targetHints":{"allow":["GET"]}}],"collection":[{"href":"https:\/\/hotta.eu\/lv\/wp-json\/wp\/v2\/product"}],"about":[{"href":"https:\/\/hotta.eu\/lv\/wp-json\/wp\/v2\/types\/product"}],"replies":[{"embeddable":true,"href":"https:\/\/hotta.eu\/lv\/wp-json\/wp\/v2\/comments?post=19344"}],"wp:featuredmedia":[{"embeddable":true,"href":"https:\/\/hotta.eu\/lv\/wp-json\/wp\/v2\/media\/15755"}],"wp:attachment":[{"href":"https:\/\/hotta.eu\/lv\/wp-json\/wp\/v2\/media?parent=19344"}],"wp:term":[{"taxonomy":"product_cat","embeddable":true,"href":"https:\/\/hotta.eu\/lv\/wp-json\/wp\/v2\/product_cat?post=19344"},{"taxonomy":"product_tag","embeddable":true,"href":"https:\/\/hotta.eu\/lv\/wp-json\/wp\/v2\/product_tag?post=19344"},{"taxonomy":"giftcard-category","embeddable":true,"href":"https:\/\/hotta.eu\/lv\/wp-json\/wp\/v2\/giftcard-category?post=19344"}],"curies":[{"name":"wp","href":"https:\/\/api.w.org\/{rel}","templated":true}]}}