{"id":19357,"date":"2019-11-28T20:48:26","date_gmt":"2019-11-28T18:48:26","guid":{"rendered":"https:\/\/hotta.eu\/shop\/sirraksas-popkorns\/"},"modified":"2024-12-27T12:42:49","modified_gmt":"2024-12-27T10:42:49","slug":"sriracha-popcorn","status":"publish","type":"product","link":"https:\/\/hotta.eu\/lv\/shop\/sriracha-popcorn\/","title":{"rendered":"Sriracha Popcorn"},"content":{"rendered":"<p><strong>Sast\u0101vda\u013cas<\/strong><br \/>\nPopkorns, palmu e\u013c\u013ca, piln\u012bb\u0101 hidrogen\u0113ta <strong>sojas e\u013c\u013ca<\/strong>, s\u0101ls, gar\u0161vielas, dab\u012bg\u0101s un m\u0101ksl\u012bg\u0101s gar\u0161vielas, sri\u010d\u0101. Satur <strong>soju<\/strong>.<\/p>\n<p><strong>Uzturv\u0113rt\u012bba (100 g)<\/strong><br \/>\nEner\u0123ija 140 kcal, tauki 8 g, no tiem pies\u0101tin\u0101tie tauki 1,5 g, \u0161\u0137iedrvielas 4 g, olbaltumvielas 3 g, n\u0101trijs 290 mg.<\/p>\n<p><strong>Der\u012bgums un glab\u0101\u0161ana<\/strong><br \/>\nUz iepakojuma nor\u0101d\u012btais der\u012bguma termi\u0146\u0161 attiecas uz neatv\u0113rtiem produktiem.<\/p>\n","protected":false},"excerpt":{"rendered":"<p>Ass Kickin&#8217; ienes pikantu asumu filmu vakaram &#8211; \u0161rira\u010das popkornu, kas paredz\u0113ts pagatavo\u0161anai mikrovi\u013c\u0146u kr\u0101sn\u012b.<br \/>\n[ywcwtl_form product_id=\"\"]<\/p>\n","protected":false},"featured_media":15779,"comment_status":"open","ping_status":"closed","template":"","meta":[],"product_cat":[938],"product_tag":[],"giftcard-category":[],"class_list":{"0":"post-19357","1":"product","2":"type-product","3":"status-publish","4":"has-post-thumbnail","6":"product_cat-uzkodas","7":"pa_brand-ass-kickin","9":"first","10":"outofstock","11":"taxable","12":"shipping-taxable","13":"purchasable","14":"product-type-simple"},"yoast_head":"<!-- This site is optimized with the Yoast SEO plugin v27.3 - https:\/\/yoast.com\/product\/yoast-seo-wordpress\/ -->\n<title>Sriracha Popcorn - Hotta<\/title>\n<meta name=\"description\" content=\"Ass Kickin&#039; ienes pikantu asumu filmu vakaram - \u0161rira\u010das popkornu, kas paredz\u0113ts pagatavo\u0161anai mikrovi\u013c\u0146u kr\u0101sn\u012b.\" \/>\n<meta name=\"robots\" content=\"index, follow, max-snippet:-1, max-image-preview:large, max-video-preview:-1\" \/>\n<link rel=\"canonical\" href=\"https:\/\/hotta.eu\/lv\/shop\/sriracha-popcorn\/\" \/>\n<meta property=\"og:locale\" content=\"lv_LV\" \/>\n<meta property=\"og:type\" content=\"article\" \/>\n<meta property=\"og:title\" content=\"Sriracha Popcorn - Hotta\" \/>\n<meta property=\"og:description\" content=\"Ass Kickin&#039; ienes pikantu asumu filmu vakaram - \u0161rira\u010das popkornu, kas paredz\u0113ts pagatavo\u0161anai mikrovi\u013c\u0146u kr\u0101sn\u012b.\" \/>\n<meta property=\"og:url\" content=\"https:\/\/hotta.eu\/lv\/shop\/sriracha-popcorn\/\" \/>\n<meta property=\"og:site_name\" content=\"Hotta\" \/>\n<meta property=\"article:publisher\" content=\"https:\/\/www.facebook.com\/hotta.eu\" \/>\n<meta property=\"article:modified_time\" content=\"2024-12-27T10:42:49+00:00\" \/>\n<meta property=\"og:image\" content=\"https:\/\/hotta.eu\/wp-content\/uploads\/2024\/03\/ass-kickin-sriracha.jpg\" \/>\n\t<meta property=\"og:image:width\" content=\"2000\" \/>\n\t<meta property=\"og:image:height\" content=\"2000\" \/>\n\t<meta property=\"og:image:type\" content=\"image\/jpeg\" \/>\n<meta name=\"twitter:card\" content=\"summary_large_image\" \/>\n<meta name=\"twitter:site\" content=\"@hottashop\" \/>\n<meta name=\"twitter:label1\" content=\"Est. reading time\" \/>\n\t<meta name=\"twitter:data1\" content=\"1 minute\" \/>\n<script type=\"application\/ld+json\" class=\"yoast-schema-graph\">{\"@context\":\"https:\\\/\\\/schema.org\",\"@graph\":[{\"@type\":\"WebPage\",\"@id\":\"https:\\\/\\\/hotta.eu\\\/lv\\\/shop\\\/sriracha-popcorn\\\/\",\"url\":\"https:\\\/\\\/hotta.eu\\\/lv\\\/shop\\\/sriracha-popcorn\\\/\",\"name\":\"Sriracha Popcorn - Hotta\",\"isPartOf\":{\"@id\":\"https:\\\/\\\/hotta.eu\\\/lv\\\/#website\"},\"primaryImageOfPage\":{\"@id\":\"https:\\\/\\\/hotta.eu\\\/lv\\\/shop\\\/sriracha-popcorn\\\/#primaryimage\"},\"image\":{\"@id\":\"https:\\\/\\\/hotta.eu\\\/lv\\\/shop\\\/sriracha-popcorn\\\/#primaryimage\"},\"thumbnailUrl\":\"https:\\\/\\\/hotta.eu\\\/wp-content\\\/uploads\\\/2024\\\/03\\\/ass-kickin-sriracha.jpg\",\"datePublished\":\"2019-11-28T18:48:26+00:00\",\"dateModified\":\"2024-12-27T10:42:49+00:00\",\"description\":\"Ass Kickin' ienes pikantu asumu filmu vakaram - \u0161rira\u010das popkornu, kas paredz\u0113ts pagatavo\u0161anai mikrovi\u013c\u0146u kr\u0101sn\u012b.\",\"breadcrumb\":{\"@id\":\"https:\\\/\\\/hotta.eu\\\/lv\\\/shop\\\/sriracha-popcorn\\\/#breadcrumb\"},\"inLanguage\":\"lv-LV\",\"potentialAction\":[{\"@type\":\"ReadAction\",\"target\":[\"https:\\\/\\\/hotta.eu\\\/lv\\\/shop\\\/sriracha-popcorn\\\/\"]}]},{\"@type\":\"ImageObject\",\"inLanguage\":\"lv-LV\",\"@id\":\"https:\\\/\\\/hotta.eu\\\/lv\\\/shop\\\/sriracha-popcorn\\\/#primaryimage\",\"url\":\"https:\\\/\\\/hotta.eu\\\/wp-content\\\/uploads\\\/2024\\\/03\\\/ass-kickin-sriracha.jpg\",\"contentUrl\":\"https:\\\/\\\/hotta.eu\\\/wp-content\\\/uploads\\\/2024\\\/03\\\/ass-kickin-sriracha.jpg\",\"width\":2000,\"height\":2000},{\"@type\":\"BreadcrumbList\",\"@id\":\"https:\\\/\\\/hotta.eu\\\/lv\\\/shop\\\/sriracha-popcorn\\\/#breadcrumb\",\"itemListElement\":[{\"@type\":\"ListItem\",\"position\":1,\"name\":\"S\u0101kums\",\"item\":\"https:\\\/\\\/hotta.eu\\\/lv\\\/sakumlapa\\\/\"},{\"@type\":\"ListItem\",\"position\":2,\"name\":\"Veikals\",\"item\":\"https:\\\/\\\/hotta.eu\\\/lv\\\/shop\\\/\"},{\"@type\":\"ListItem\",\"position\":3,\"name\":\"Sriracha Popcorn\"}]},{\"@type\":\"WebSite\",\"@id\":\"https:\\\/\\\/hotta.eu\\\/lv\\\/#website\",\"url\":\"https:\\\/\\\/hotta.eu\\\/lv\\\/\",\"name\":\"Hotta\",\"description\":\"Makes your mouth burn a lotta!\",\"publisher\":{\"@id\":\"https:\\\/\\\/hotta.eu\\\/lv\\\/#organization\"},\"potentialAction\":[{\"@type\":\"SearchAction\",\"target\":{\"@type\":\"EntryPoint\",\"urlTemplate\":\"https:\\\/\\\/hotta.eu\\\/lv\\\/?s={search_term_string}\"},\"query-input\":{\"@type\":\"PropertyValueSpecification\",\"valueRequired\":true,\"valueName\":\"search_term_string\"}}],\"inLanguage\":\"lv-LV\"},{\"@type\":\"Organization\",\"@id\":\"https:\\\/\\\/hotta.eu\\\/lv\\\/#organization\",\"name\":\"Hotta\",\"url\":\"https:\\\/\\\/hotta.eu\\\/lv\\\/\",\"logo\":{\"@type\":\"ImageObject\",\"inLanguage\":\"lv-LV\",\"@id\":\"https:\\\/\\\/hotta.eu\\\/lv\\\/#\\\/schema\\\/logo\\\/image\\\/\",\"url\":\"https:\\\/\\\/hotta.eu\\\/wp-content\\\/uploads\\\/2025\\\/04\\\/hotta-logo-invoice.png\",\"contentUrl\":\"https:\\\/\\\/hotta.eu\\\/wp-content\\\/uploads\\\/2025\\\/04\\\/hotta-logo-invoice.png\",\"width\":600,\"height\":411,\"caption\":\"Hotta\"},\"image\":{\"@id\":\"https:\\\/\\\/hotta.eu\\\/lv\\\/#\\\/schema\\\/logo\\\/image\\\/\"},\"sameAs\":[\"https:\\\/\\\/www.facebook.com\\\/hotta.eu\",\"https:\\\/\\\/x.com\\\/hottashop\",\"https:\\\/\\\/www.instagram.com\\\/hotta.shop\"]}]}<\/script>\n<!-- \/ Yoast SEO plugin. -->","yoast_head_json":{"title":"Sriracha Popcorn - Hotta","description":"Ass Kickin' ienes pikantu asumu filmu vakaram - \u0161rira\u010das popkornu, kas paredz\u0113ts pagatavo\u0161anai mikrovi\u013c\u0146u kr\u0101sn\u012b.","robots":{"index":"index","follow":"follow","max-snippet":"max-snippet:-1","max-image-preview":"max-image-preview:large","max-video-preview":"max-video-preview:-1"},"canonical":"https:\/\/hotta.eu\/lv\/shop\/sriracha-popcorn\/","og_locale":"lv_LV","og_type":"article","og_title":"Sriracha Popcorn - Hotta","og_description":"Ass Kickin' ienes pikantu asumu filmu vakaram - \u0161rira\u010das popkornu, kas paredz\u0113ts pagatavo\u0161anai mikrovi\u013c\u0146u kr\u0101sn\u012b.","og_url":"https:\/\/hotta.eu\/lv\/shop\/sriracha-popcorn\/","og_site_name":"Hotta","article_publisher":"https:\/\/www.facebook.com\/hotta.eu","article_modified_time":"2024-12-27T10:42:49+00:00","og_image":[{"width":2000,"height":2000,"url":"https:\/\/hotta.eu\/wp-content\/uploads\/2024\/03\/ass-kickin-sriracha.jpg","type":"image\/jpeg"}],"twitter_card":"summary_large_image","twitter_site":"@hottashop","twitter_misc":{"Est. reading time":"1 minute"},"schema":{"@context":"https:\/\/schema.org","@graph":[{"@type":"WebPage","@id":"https:\/\/hotta.eu\/lv\/shop\/sriracha-popcorn\/","url":"https:\/\/hotta.eu\/lv\/shop\/sriracha-popcorn\/","name":"Sriracha Popcorn - Hotta","isPartOf":{"@id":"https:\/\/hotta.eu\/lv\/#website"},"primaryImageOfPage":{"@id":"https:\/\/hotta.eu\/lv\/shop\/sriracha-popcorn\/#primaryimage"},"image":{"@id":"https:\/\/hotta.eu\/lv\/shop\/sriracha-popcorn\/#primaryimage"},"thumbnailUrl":"https:\/\/hotta.eu\/wp-content\/uploads\/2024\/03\/ass-kickin-sriracha.jpg","datePublished":"2019-11-28T18:48:26+00:00","dateModified":"2024-12-27T10:42:49+00:00","description":"Ass Kickin' ienes pikantu asumu filmu vakaram - \u0161rira\u010das popkornu, kas paredz\u0113ts pagatavo\u0161anai mikrovi\u013c\u0146u kr\u0101sn\u012b.","breadcrumb":{"@id":"https:\/\/hotta.eu\/lv\/shop\/sriracha-popcorn\/#breadcrumb"},"inLanguage":"lv-LV","potentialAction":[{"@type":"ReadAction","target":["https:\/\/hotta.eu\/lv\/shop\/sriracha-popcorn\/"]}]},{"@type":"ImageObject","inLanguage":"lv-LV","@id":"https:\/\/hotta.eu\/lv\/shop\/sriracha-popcorn\/#primaryimage","url":"https:\/\/hotta.eu\/wp-content\/uploads\/2024\/03\/ass-kickin-sriracha.jpg","contentUrl":"https:\/\/hotta.eu\/wp-content\/uploads\/2024\/03\/ass-kickin-sriracha.jpg","width":2000,"height":2000},{"@type":"BreadcrumbList","@id":"https:\/\/hotta.eu\/lv\/shop\/sriracha-popcorn\/#breadcrumb","itemListElement":[{"@type":"ListItem","position":1,"name":"S\u0101kums","item":"https:\/\/hotta.eu\/lv\/sakumlapa\/"},{"@type":"ListItem","position":2,"name":"Veikals","item":"https:\/\/hotta.eu\/lv\/shop\/"},{"@type":"ListItem","position":3,"name":"Sriracha Popcorn"}]},{"@type":"WebSite","@id":"https:\/\/hotta.eu\/lv\/#website","url":"https:\/\/hotta.eu\/lv\/","name":"Hotta","description":"Makes your mouth burn a lotta!","publisher":{"@id":"https:\/\/hotta.eu\/lv\/#organization"},"potentialAction":[{"@type":"SearchAction","target":{"@type":"EntryPoint","urlTemplate":"https:\/\/hotta.eu\/lv\/?s={search_term_string}"},"query-input":{"@type":"PropertyValueSpecification","valueRequired":true,"valueName":"search_term_string"}}],"inLanguage":"lv-LV"},{"@type":"Organization","@id":"https:\/\/hotta.eu\/lv\/#organization","name":"Hotta","url":"https:\/\/hotta.eu\/lv\/","logo":{"@type":"ImageObject","inLanguage":"lv-LV","@id":"https:\/\/hotta.eu\/lv\/#\/schema\/logo\/image\/","url":"https:\/\/hotta.eu\/wp-content\/uploads\/2025\/04\/hotta-logo-invoice.png","contentUrl":"https:\/\/hotta.eu\/wp-content\/uploads\/2025\/04\/hotta-logo-invoice.png","width":600,"height":411,"caption":"Hotta"},"image":{"@id":"https:\/\/hotta.eu\/lv\/#\/schema\/logo\/image\/"},"sameAs":["https:\/\/www.facebook.com\/hotta.eu","https:\/\/x.com\/hottashop","https:\/\/www.instagram.com\/hotta.shop"]}]}},"jetpack_sharing_enabled":true,"_links":{"self":[{"href":"https:\/\/hotta.eu\/lv\/wp-json\/wp\/v2\/product\/19357","targetHints":{"allow":["GET"]}}],"collection":[{"href":"https:\/\/hotta.eu\/lv\/wp-json\/wp\/v2\/product"}],"about":[{"href":"https:\/\/hotta.eu\/lv\/wp-json\/wp\/v2\/types\/product"}],"replies":[{"embeddable":true,"href":"https:\/\/hotta.eu\/lv\/wp-json\/wp\/v2\/comments?post=19357"}],"wp:featuredmedia":[{"embeddable":true,"href":"https:\/\/hotta.eu\/lv\/wp-json\/wp\/v2\/media\/15779"}],"wp:attachment":[{"href":"https:\/\/hotta.eu\/lv\/wp-json\/wp\/v2\/media?parent=19357"}],"wp:term":[{"taxonomy":"product_cat","embeddable":true,"href":"https:\/\/hotta.eu\/lv\/wp-json\/wp\/v2\/product_cat?post=19357"},{"taxonomy":"product_tag","embeddable":true,"href":"https:\/\/hotta.eu\/lv\/wp-json\/wp\/v2\/product_tag?post=19357"},{"taxonomy":"giftcard-category","embeddable":true,"href":"https:\/\/hotta.eu\/lv\/wp-json\/wp\/v2\/giftcard-category?post=19357"}],"curies":[{"name":"wp","href":"https:\/\/api.w.org\/{rel}","templated":true}]}}