{"id":19364,"date":"2019-11-28T22:08:47","date_gmt":"2019-11-28T20:08:47","guid":{"rendered":"https:\/\/hotta.eu\/shop\/peksnas-naves-karsta-merce\/"},"modified":"2024-12-27T12:42:44","modified_gmt":"2024-12-27T10:42:44","slug":"sudden-death-hot-sauce","status":"publish","type":"product","link":"https:\/\/hotta.eu\/lv\/shop\/sudden-death-hot-sauce\/","title":{"rendered":"Sudden Death Hot Sauce"},"content":{"rendered":"<p><strong>Sast\u0101vs<\/strong><br \/>\n\u016adens, habanero, kaj\u0113nas pipari, eti\u0137sk\u0101be, \u010dilli ekstrakts, laima sula, medus, kukur\u016bzas ciete, gar\u0161vielas, ksant\u0101na sve\u0137i, askorb\u012bnsk\u0101be, \u017ee\u0146\u0161e\u0146s.<\/p>\n<div class=\"tableheader\"><strong>Uztura inform\u0101cija (5 ml)<\/strong><\/div>\n<div>N\u0101trijs 123 mg.<\/div>\n<p><strong>Der\u012bguma termi\u0146\u0161 un uzglab\u0101\u0161ana<\/strong><br \/>\nUz pudeles nor\u0101d\u012btais der\u012bguma termi\u0146\u0161 attiecas uz neatv\u0113rtiem produktiem. Atv\u0113rtu produktu j\u0101uzglab\u0101 ledusskap\u012b.<\/p>\n","protected":false},"excerpt":{"rendered":"<p class=\"p1\">Le\u0123end\u0101r\u0101 m\u0113rce no Blair\u2019s produktu kl\u0101sta. Interesants fakts: Blair\u2019s s\u0101ka ra\u017eot m\u0113rces 1989. gad\u0101 un ir par\u0101d\u012bjies History Channel, Discovery Channel, \u017eurn\u0101l\u0101 Rolling Stone, Wall Street Journal, Daily News, New York Post un citur. \u201cP\u0113k\u0161\u0146\u0101 N\u0101ve\u201d ir tre\u0161\u0101 as\u0101k\u0101 \u0161aj\u0101 s\u0113rij\u0101, un aptuveni 105 000 Skovila vien\u012bbu p\u0101rliecin\u0101s j\u016bs par to jau ar pirmo gar\u0161u! Vai esat gatavs izaicin\u0101t sevi?<\/p>\n[ywcwtl_form product_id=\"\"]\n","protected":false},"featured_media":15799,"comment_status":"open","ping_status":"closed","template":"","meta":[],"product_cat":[926,916],"product_tag":[],"giftcard-category":[],"class_list":{"0":"post-19364","1":"product","2":"type-product","3":"status-publish","4":"has-post-thumbnail","6":"product_cat-ass","7":"product_cat-merces","8":"pa_brand-blairs-hot-sauce","10":"first","11":"outofstock","12":"taxable","13":"shipping-taxable","14":"purchasable","15":"product-type-simple"},"yoast_head":"<!-- This site is optimized with the Yoast SEO plugin v27.3 - https:\/\/yoast.com\/product\/yoast-seo-wordpress\/ -->\n<title>Sudden Death Hot Sauce - Hotta<\/title>\n<meta name=\"description\" content=\"Le\u0123end\u0101r\u0101 m\u0113rce no Blair&#039;s produktu kl\u0101sta. Interesants fakts - Blair&#039;s s\u0101ka ra\u017eot m\u0113rces 1989. gad\u0101. un ir par\u0101d\u012bjies History Channel, Discovery Channel, \u017eurn\u0101l\u0101 Rolling Stone, Wall Street Journal, Daily News, New York Post un citur.\" \/>\n<meta name=\"robots\" content=\"index, follow, max-snippet:-1, max-image-preview:large, max-video-preview:-1\" \/>\n<link rel=\"canonical\" href=\"https:\/\/hotta.eu\/lv\/shop\/sudden-death-hot-sauce\/\" \/>\n<meta property=\"og:locale\" content=\"lv_LV\" \/>\n<meta property=\"og:type\" content=\"article\" \/>\n<meta property=\"og:title\" content=\"Sudden Death Hot Sauce - Hotta\" \/>\n<meta property=\"og:description\" content=\"Le\u0123end\u0101r\u0101 m\u0113rce no Blair&#039;s produktu kl\u0101sta. Interesants fakts - Blair&#039;s s\u0101ka ra\u017eot m\u0113rces 1989. gad\u0101. un ir par\u0101d\u012bjies History Channel, Discovery Channel, \u017eurn\u0101l\u0101 Rolling Stone, Wall Street Journal, Daily News, New York Post un citur.\" \/>\n<meta property=\"og:url\" content=\"https:\/\/hotta.eu\/lv\/shop\/sudden-death-hot-sauce\/\" \/>\n<meta property=\"og:site_name\" content=\"Hotta\" \/>\n<meta property=\"article:publisher\" content=\"https:\/\/www.facebook.com\/hotta.eu\" \/>\n<meta property=\"article:modified_time\" content=\"2024-12-27T10:42:44+00:00\" \/>\n<meta property=\"og:image\" content=\"https:\/\/hotta.eu\/wp-content\/uploads\/2024\/03\/blairs-sudden-death-coffin-front.jpg\" \/>\n\t<meta property=\"og:image:width\" content=\"2000\" \/>\n\t<meta property=\"og:image:height\" content=\"2000\" \/>\n\t<meta property=\"og:image:type\" content=\"image\/jpeg\" \/>\n<meta name=\"twitter:card\" content=\"summary_large_image\" \/>\n<meta name=\"twitter:site\" content=\"@hottashop\" \/>\n<meta name=\"twitter:label1\" content=\"Est. reading time\" \/>\n\t<meta name=\"twitter:data1\" content=\"1 minute\" \/>\n<script type=\"application\/ld+json\" class=\"yoast-schema-graph\">{\"@context\":\"https:\\\/\\\/schema.org\",\"@graph\":[{\"@type\":\"WebPage\",\"@id\":\"https:\\\/\\\/hotta.eu\\\/lv\\\/shop\\\/sudden-death-hot-sauce\\\/\",\"url\":\"https:\\\/\\\/hotta.eu\\\/lv\\\/shop\\\/sudden-death-hot-sauce\\\/\",\"name\":\"Sudden Death Hot Sauce - Hotta\",\"isPartOf\":{\"@id\":\"https:\\\/\\\/hotta.eu\\\/lv\\\/#website\"},\"primaryImageOfPage\":{\"@id\":\"https:\\\/\\\/hotta.eu\\\/lv\\\/shop\\\/sudden-death-hot-sauce\\\/#primaryimage\"},\"image\":{\"@id\":\"https:\\\/\\\/hotta.eu\\\/lv\\\/shop\\\/sudden-death-hot-sauce\\\/#primaryimage\"},\"thumbnailUrl\":\"https:\\\/\\\/hotta.eu\\\/wp-content\\\/uploads\\\/2024\\\/03\\\/blairs-sudden-death-coffin-front.jpg\",\"datePublished\":\"2019-11-28T20:08:47+00:00\",\"dateModified\":\"2024-12-27T10:42:44+00:00\",\"description\":\"Le\u0123end\u0101r\u0101 m\u0113rce no Blair's produktu kl\u0101sta. Interesants fakts - Blair's s\u0101ka ra\u017eot m\u0113rces 1989. gad\u0101. un ir par\u0101d\u012bjies History Channel, Discovery Channel, \u017eurn\u0101l\u0101 Rolling Stone, Wall Street Journal, Daily News, New York Post un citur.\",\"breadcrumb\":{\"@id\":\"https:\\\/\\\/hotta.eu\\\/lv\\\/shop\\\/sudden-death-hot-sauce\\\/#breadcrumb\"},\"inLanguage\":\"lv-LV\",\"potentialAction\":[{\"@type\":\"ReadAction\",\"target\":[\"https:\\\/\\\/hotta.eu\\\/lv\\\/shop\\\/sudden-death-hot-sauce\\\/\"]}]},{\"@type\":\"ImageObject\",\"inLanguage\":\"lv-LV\",\"@id\":\"https:\\\/\\\/hotta.eu\\\/lv\\\/shop\\\/sudden-death-hot-sauce\\\/#primaryimage\",\"url\":\"https:\\\/\\\/hotta.eu\\\/wp-content\\\/uploads\\\/2024\\\/03\\\/blairs-sudden-death-coffin-front.jpg\",\"contentUrl\":\"https:\\\/\\\/hotta.eu\\\/wp-content\\\/uploads\\\/2024\\\/03\\\/blairs-sudden-death-coffin-front.jpg\",\"width\":2000,\"height\":2000},{\"@type\":\"BreadcrumbList\",\"@id\":\"https:\\\/\\\/hotta.eu\\\/lv\\\/shop\\\/sudden-death-hot-sauce\\\/#breadcrumb\",\"itemListElement\":[{\"@type\":\"ListItem\",\"position\":1,\"name\":\"S\u0101kums\",\"item\":\"https:\\\/\\\/hotta.eu\\\/lv\\\/sakumlapa\\\/\"},{\"@type\":\"ListItem\",\"position\":2,\"name\":\"Veikals\",\"item\":\"https:\\\/\\\/hotta.eu\\\/lv\\\/shop\\\/\"},{\"@type\":\"ListItem\",\"position\":3,\"name\":\"Sudden Death Hot Sauce\"}]},{\"@type\":\"WebSite\",\"@id\":\"https:\\\/\\\/hotta.eu\\\/lv\\\/#website\",\"url\":\"https:\\\/\\\/hotta.eu\\\/lv\\\/\",\"name\":\"Hotta\",\"description\":\"Makes your mouth burn a lotta!\",\"publisher\":{\"@id\":\"https:\\\/\\\/hotta.eu\\\/lv\\\/#organization\"},\"potentialAction\":[{\"@type\":\"SearchAction\",\"target\":{\"@type\":\"EntryPoint\",\"urlTemplate\":\"https:\\\/\\\/hotta.eu\\\/lv\\\/?s={search_term_string}\"},\"query-input\":{\"@type\":\"PropertyValueSpecification\",\"valueRequired\":true,\"valueName\":\"search_term_string\"}}],\"inLanguage\":\"lv-LV\"},{\"@type\":\"Organization\",\"@id\":\"https:\\\/\\\/hotta.eu\\\/lv\\\/#organization\",\"name\":\"Hotta\",\"url\":\"https:\\\/\\\/hotta.eu\\\/lv\\\/\",\"logo\":{\"@type\":\"ImageObject\",\"inLanguage\":\"lv-LV\",\"@id\":\"https:\\\/\\\/hotta.eu\\\/lv\\\/#\\\/schema\\\/logo\\\/image\\\/\",\"url\":\"https:\\\/\\\/hotta.eu\\\/wp-content\\\/uploads\\\/2025\\\/04\\\/hotta-logo-invoice.png\",\"contentUrl\":\"https:\\\/\\\/hotta.eu\\\/wp-content\\\/uploads\\\/2025\\\/04\\\/hotta-logo-invoice.png\",\"width\":600,\"height\":411,\"caption\":\"Hotta\"},\"image\":{\"@id\":\"https:\\\/\\\/hotta.eu\\\/lv\\\/#\\\/schema\\\/logo\\\/image\\\/\"},\"sameAs\":[\"https:\\\/\\\/www.facebook.com\\\/hotta.eu\",\"https:\\\/\\\/x.com\\\/hottashop\",\"https:\\\/\\\/www.instagram.com\\\/hotta.shop\"]}]}<\/script>\n<!-- \/ Yoast SEO plugin. -->","yoast_head_json":{"title":"Sudden Death Hot Sauce - Hotta","description":"Le\u0123end\u0101r\u0101 m\u0113rce no Blair's produktu kl\u0101sta. Interesants fakts - Blair's s\u0101ka ra\u017eot m\u0113rces 1989. gad\u0101. un ir par\u0101d\u012bjies History Channel, Discovery Channel, \u017eurn\u0101l\u0101 Rolling Stone, Wall Street Journal, Daily News, New York Post un citur.","robots":{"index":"index","follow":"follow","max-snippet":"max-snippet:-1","max-image-preview":"max-image-preview:large","max-video-preview":"max-video-preview:-1"},"canonical":"https:\/\/hotta.eu\/lv\/shop\/sudden-death-hot-sauce\/","og_locale":"lv_LV","og_type":"article","og_title":"Sudden Death Hot Sauce - Hotta","og_description":"Le\u0123end\u0101r\u0101 m\u0113rce no Blair's produktu kl\u0101sta. Interesants fakts - Blair's s\u0101ka ra\u017eot m\u0113rces 1989. gad\u0101. un ir par\u0101d\u012bjies History Channel, Discovery Channel, \u017eurn\u0101l\u0101 Rolling Stone, Wall Street Journal, Daily News, New York Post un citur.","og_url":"https:\/\/hotta.eu\/lv\/shop\/sudden-death-hot-sauce\/","og_site_name":"Hotta","article_publisher":"https:\/\/www.facebook.com\/hotta.eu","article_modified_time":"2024-12-27T10:42:44+00:00","og_image":[{"width":2000,"height":2000,"url":"https:\/\/hotta.eu\/wp-content\/uploads\/2024\/03\/blairs-sudden-death-coffin-front.jpg","type":"image\/jpeg"}],"twitter_card":"summary_large_image","twitter_site":"@hottashop","twitter_misc":{"Est. reading time":"1 minute"},"schema":{"@context":"https:\/\/schema.org","@graph":[{"@type":"WebPage","@id":"https:\/\/hotta.eu\/lv\/shop\/sudden-death-hot-sauce\/","url":"https:\/\/hotta.eu\/lv\/shop\/sudden-death-hot-sauce\/","name":"Sudden Death Hot Sauce - Hotta","isPartOf":{"@id":"https:\/\/hotta.eu\/lv\/#website"},"primaryImageOfPage":{"@id":"https:\/\/hotta.eu\/lv\/shop\/sudden-death-hot-sauce\/#primaryimage"},"image":{"@id":"https:\/\/hotta.eu\/lv\/shop\/sudden-death-hot-sauce\/#primaryimage"},"thumbnailUrl":"https:\/\/hotta.eu\/wp-content\/uploads\/2024\/03\/blairs-sudden-death-coffin-front.jpg","datePublished":"2019-11-28T20:08:47+00:00","dateModified":"2024-12-27T10:42:44+00:00","description":"Le\u0123end\u0101r\u0101 m\u0113rce no Blair's produktu kl\u0101sta. Interesants fakts - Blair's s\u0101ka ra\u017eot m\u0113rces 1989. gad\u0101. un ir par\u0101d\u012bjies History Channel, Discovery Channel, \u017eurn\u0101l\u0101 Rolling Stone, Wall Street Journal, Daily News, New York Post un citur.","breadcrumb":{"@id":"https:\/\/hotta.eu\/lv\/shop\/sudden-death-hot-sauce\/#breadcrumb"},"inLanguage":"lv-LV","potentialAction":[{"@type":"ReadAction","target":["https:\/\/hotta.eu\/lv\/shop\/sudden-death-hot-sauce\/"]}]},{"@type":"ImageObject","inLanguage":"lv-LV","@id":"https:\/\/hotta.eu\/lv\/shop\/sudden-death-hot-sauce\/#primaryimage","url":"https:\/\/hotta.eu\/wp-content\/uploads\/2024\/03\/blairs-sudden-death-coffin-front.jpg","contentUrl":"https:\/\/hotta.eu\/wp-content\/uploads\/2024\/03\/blairs-sudden-death-coffin-front.jpg","width":2000,"height":2000},{"@type":"BreadcrumbList","@id":"https:\/\/hotta.eu\/lv\/shop\/sudden-death-hot-sauce\/#breadcrumb","itemListElement":[{"@type":"ListItem","position":1,"name":"S\u0101kums","item":"https:\/\/hotta.eu\/lv\/sakumlapa\/"},{"@type":"ListItem","position":2,"name":"Veikals","item":"https:\/\/hotta.eu\/lv\/shop\/"},{"@type":"ListItem","position":3,"name":"Sudden Death Hot Sauce"}]},{"@type":"WebSite","@id":"https:\/\/hotta.eu\/lv\/#website","url":"https:\/\/hotta.eu\/lv\/","name":"Hotta","description":"Makes your mouth burn a lotta!","publisher":{"@id":"https:\/\/hotta.eu\/lv\/#organization"},"potentialAction":[{"@type":"SearchAction","target":{"@type":"EntryPoint","urlTemplate":"https:\/\/hotta.eu\/lv\/?s={search_term_string}"},"query-input":{"@type":"PropertyValueSpecification","valueRequired":true,"valueName":"search_term_string"}}],"inLanguage":"lv-LV"},{"@type":"Organization","@id":"https:\/\/hotta.eu\/lv\/#organization","name":"Hotta","url":"https:\/\/hotta.eu\/lv\/","logo":{"@type":"ImageObject","inLanguage":"lv-LV","@id":"https:\/\/hotta.eu\/lv\/#\/schema\/logo\/image\/","url":"https:\/\/hotta.eu\/wp-content\/uploads\/2025\/04\/hotta-logo-invoice.png","contentUrl":"https:\/\/hotta.eu\/wp-content\/uploads\/2025\/04\/hotta-logo-invoice.png","width":600,"height":411,"caption":"Hotta"},"image":{"@id":"https:\/\/hotta.eu\/lv\/#\/schema\/logo\/image\/"},"sameAs":["https:\/\/www.facebook.com\/hotta.eu","https:\/\/x.com\/hottashop","https:\/\/www.instagram.com\/hotta.shop"]}]}},"jetpack_sharing_enabled":true,"_links":{"self":[{"href":"https:\/\/hotta.eu\/lv\/wp-json\/wp\/v2\/product\/19364","targetHints":{"allow":["GET"]}}],"collection":[{"href":"https:\/\/hotta.eu\/lv\/wp-json\/wp\/v2\/product"}],"about":[{"href":"https:\/\/hotta.eu\/lv\/wp-json\/wp\/v2\/types\/product"}],"replies":[{"embeddable":true,"href":"https:\/\/hotta.eu\/lv\/wp-json\/wp\/v2\/comments?post=19364"}],"wp:featuredmedia":[{"embeddable":true,"href":"https:\/\/hotta.eu\/lv\/wp-json\/wp\/v2\/media\/15799"}],"wp:attachment":[{"href":"https:\/\/hotta.eu\/lv\/wp-json\/wp\/v2\/media?parent=19364"}],"wp:term":[{"taxonomy":"product_cat","embeddable":true,"href":"https:\/\/hotta.eu\/lv\/wp-json\/wp\/v2\/product_cat?post=19364"},{"taxonomy":"product_tag","embeddable":true,"href":"https:\/\/hotta.eu\/lv\/wp-json\/wp\/v2\/product_tag?post=19364"},{"taxonomy":"giftcard-category","embeddable":true,"href":"https:\/\/hotta.eu\/lv\/wp-json\/wp\/v2\/giftcard-category?post=19364"}],"curies":[{"name":"wp","href":"https:\/\/api.w.org\/{rel}","templated":true}]}}