{"id":19366,"date":"2019-11-28T21:11:43","date_gmt":"2019-11-28T19:11:43","guid":{"rendered":"https:\/\/hotta.eu\/shop\/kokoglu-spoku-karsta-merce\/"},"modified":"2024-12-27T12:42:47","modified_gmt":"2024-12-27T10:42:47","slug":"charcoal-ghost-hot-sauce","status":"publish","type":"product","link":"https:\/\/hotta.eu\/lv\/shop\/charcoal-ghost-hot-sauce\/","title":{"rendered":"Charcoal Ghost Hot Sauce"},"content":{"rendered":"<p><strong>Sast\u0101vda\u013cas<\/strong><br \/>\nOrganisk\u0101 balt\u0101 eti\u0137sk\u0101be, meln\u0101s pl\u016bmes, saldie s\u012bpoli, habanero, \u0101bolu sidra eti\u0137is, apels\u012bnu sula, spoku \u010dilli, ingvers, \u0137iploki, pasilla, chipotle, aktiv\u0113t\u0101 ogle, ol\u012bve\u013c\u013ca, s\u0101ls, gar\u0161vielas.<\/p>\n<div class=\"tableheader\"><strong>Uztura inform\u0101cija (7 g)<\/strong><\/div>\n<div>Og\u013chidr\u0101ti &lt;1,0 g, n\u0101trijs 30 mg.<\/div>\n<p><strong>Der\u012bgums un glab\u0101\u0161ana<\/strong><br \/>\nDer\u012bguma termi\u0146\u0161 uz pudel\u012btes attiecas uz neatv\u0113rtiem produktiem. Atv\u0113rtu produktu j\u0101uzglab\u0101 ledusskap\u012b.<\/p>\n","protected":false},"excerpt":{"rendered":"<p>Queen Majesty m\u0113rces ir \u012bpa\u0161as ar interesantiem gar\u0161u mais\u012bjumiem. Ar savu nosl\u0113pumaino melno izskatu Charcoal Ghost ir sp\u0113c\u012bga smar\u017ea un viegla atkar\u012bba! Ar rok\u0101m ra\u017eots Bruklin\u0101, ASV. Uzman\u012bbu piesaisto\u0161a m\u0113rce, kas ne tikai izskat\u0101s for\u0161i, bet ar\u012b gar\u0161o \u013coti pat\u012bkami &#8211; ja neticat, izm\u0113\u0123iniet pa\u0161i! \ud83d\ude0b<br \/>\n[ywcwtl_form product_id=\"\"]<\/p>\n","protected":false},"featured_media":15787,"comment_status":"open","ping_status":"closed","template":"","meta":[],"product_cat":[916,922],"product_tag":[],"giftcard-category":[],"class_list":{"0":"post-19366","1":"product","2":"type-product","3":"status-publish","4":"has-post-thumbnail","6":"product_cat-merces","7":"product_cat-videjs","8":"pa_brand-queen-majesty","10":"first","11":"outofstock","12":"taxable","13":"shipping-taxable","14":"purchasable","15":"product-type-simple"},"yoast_head":"<!-- This site is optimized with the Yoast SEO plugin v27.4 - https:\/\/yoast.com\/product\/yoast-seo-wordpress\/ -->\n<title>Charcoal Ghost Hot Sauce - Hotta<\/title>\n<meta name=\"description\" content=\"Queen Majesty m\u0113rces ir \u012bpa\u0161as ar interesantiem gar\u0161u mais\u012bjumiem. Ar savu nosl\u0113pumaino melno izskatu Charcoal Ghost ir sp\u0113c\u012bga smar\u017ea un viegla atkar\u012bba! Ar rok\u0101m darin\u0101ts Bruklin\u0101, ASV.\" \/>\n<meta name=\"robots\" content=\"index, follow, max-snippet:-1, max-image-preview:large, max-video-preview:-1\" \/>\n<link rel=\"canonical\" href=\"https:\/\/hotta.eu\/lv\/shop\/charcoal-ghost-hot-sauce\/\" \/>\n<meta property=\"og:locale\" content=\"lv_LV\" \/>\n<meta property=\"og:type\" content=\"article\" \/>\n<meta property=\"og:title\" content=\"Charcoal Ghost Hot Sauce - Hotta\" \/>\n<meta property=\"og:description\" content=\"Queen Majesty m\u0113rces ir \u012bpa\u0161as ar interesantiem gar\u0161u mais\u012bjumiem. Ar savu nosl\u0113pumaino melno izskatu Charcoal Ghost ir sp\u0113c\u012bga smar\u017ea un viegla atkar\u012bba! Ar rok\u0101m darin\u0101ts Bruklin\u0101, ASV.\" \/>\n<meta property=\"og:url\" content=\"https:\/\/hotta.eu\/lv\/shop\/charcoal-ghost-hot-sauce\/\" \/>\n<meta property=\"og:site_name\" content=\"Hotta\" \/>\n<meta property=\"article:publisher\" content=\"https:\/\/www.facebook.com\/hotta.eu\" \/>\n<meta property=\"article:modified_time\" content=\"2024-12-27T10:42:47+00:00\" \/>\n<meta property=\"og:image\" content=\"https:\/\/hotta.eu\/wp-content\/uploads\/2024\/03\/queen-majesty-charcoal.jpg\" \/>\n\t<meta property=\"og:image:width\" content=\"2000\" \/>\n\t<meta property=\"og:image:height\" content=\"2000\" \/>\n\t<meta property=\"og:image:type\" content=\"image\/jpeg\" \/>\n<meta name=\"twitter:card\" content=\"summary_large_image\" \/>\n<meta name=\"twitter:site\" content=\"@hottashop\" \/>\n<meta name=\"twitter:label1\" content=\"Est. reading time\" \/>\n\t<meta name=\"twitter:data1\" content=\"1 minute\" \/>\n<script type=\"application\/ld+json\" class=\"yoast-schema-graph\">{\"@context\":\"https:\\\/\\\/schema.org\",\"@graph\":[{\"@type\":\"WebPage\",\"@id\":\"https:\\\/\\\/hotta.eu\\\/lv\\\/shop\\\/charcoal-ghost-hot-sauce\\\/\",\"url\":\"https:\\\/\\\/hotta.eu\\\/lv\\\/shop\\\/charcoal-ghost-hot-sauce\\\/\",\"name\":\"Charcoal Ghost Hot Sauce - Hotta\",\"isPartOf\":{\"@id\":\"https:\\\/\\\/hotta.eu\\\/lv\\\/#website\"},\"primaryImageOfPage\":{\"@id\":\"https:\\\/\\\/hotta.eu\\\/lv\\\/shop\\\/charcoal-ghost-hot-sauce\\\/#primaryimage\"},\"image\":{\"@id\":\"https:\\\/\\\/hotta.eu\\\/lv\\\/shop\\\/charcoal-ghost-hot-sauce\\\/#primaryimage\"},\"thumbnailUrl\":\"https:\\\/\\\/hotta.eu\\\/wp-content\\\/uploads\\\/2024\\\/03\\\/queen-majesty-charcoal.jpg\",\"datePublished\":\"2019-11-28T19:11:43+00:00\",\"dateModified\":\"2024-12-27T10:42:47+00:00\",\"description\":\"Queen Majesty m\u0113rces ir \u012bpa\u0161as ar interesantiem gar\u0161u mais\u012bjumiem. Ar savu nosl\u0113pumaino melno izskatu Charcoal Ghost ir sp\u0113c\u012bga smar\u017ea un viegla atkar\u012bba! Ar rok\u0101m darin\u0101ts Bruklin\u0101, ASV.\",\"breadcrumb\":{\"@id\":\"https:\\\/\\\/hotta.eu\\\/lv\\\/shop\\\/charcoal-ghost-hot-sauce\\\/#breadcrumb\"},\"inLanguage\":\"lv-LV\",\"potentialAction\":[{\"@type\":\"ReadAction\",\"target\":[\"https:\\\/\\\/hotta.eu\\\/lv\\\/shop\\\/charcoal-ghost-hot-sauce\\\/\"]}]},{\"@type\":\"ImageObject\",\"inLanguage\":\"lv-LV\",\"@id\":\"https:\\\/\\\/hotta.eu\\\/lv\\\/shop\\\/charcoal-ghost-hot-sauce\\\/#primaryimage\",\"url\":\"https:\\\/\\\/hotta.eu\\\/wp-content\\\/uploads\\\/2024\\\/03\\\/queen-majesty-charcoal.jpg\",\"contentUrl\":\"https:\\\/\\\/hotta.eu\\\/wp-content\\\/uploads\\\/2024\\\/03\\\/queen-majesty-charcoal.jpg\",\"width\":2000,\"height\":2000},{\"@type\":\"BreadcrumbList\",\"@id\":\"https:\\\/\\\/hotta.eu\\\/lv\\\/shop\\\/charcoal-ghost-hot-sauce\\\/#breadcrumb\",\"itemListElement\":[{\"@type\":\"ListItem\",\"position\":1,\"name\":\"S\u0101kums\",\"item\":\"https:\\\/\\\/hotta.eu\\\/lv\\\/sakumlapa\\\/\"},{\"@type\":\"ListItem\",\"position\":2,\"name\":\"Veikals\",\"item\":\"https:\\\/\\\/hotta.eu\\\/lv\\\/shop\\\/\"},{\"@type\":\"ListItem\",\"position\":3,\"name\":\"Charcoal Ghost Hot Sauce\"}]},{\"@type\":\"WebSite\",\"@id\":\"https:\\\/\\\/hotta.eu\\\/lv\\\/#website\",\"url\":\"https:\\\/\\\/hotta.eu\\\/lv\\\/\",\"name\":\"Hotta\",\"description\":\"Makes your mouth burn a lotta!\",\"publisher\":{\"@id\":\"https:\\\/\\\/hotta.eu\\\/lv\\\/#organization\"},\"potentialAction\":[{\"@type\":\"SearchAction\",\"target\":{\"@type\":\"EntryPoint\",\"urlTemplate\":\"https:\\\/\\\/hotta.eu\\\/lv\\\/?s={search_term_string}\"},\"query-input\":{\"@type\":\"PropertyValueSpecification\",\"valueRequired\":true,\"valueName\":\"search_term_string\"}}],\"inLanguage\":\"lv-LV\"},{\"@type\":\"Organization\",\"@id\":\"https:\\\/\\\/hotta.eu\\\/lv\\\/#organization\",\"name\":\"Hotta\",\"url\":\"https:\\\/\\\/hotta.eu\\\/lv\\\/\",\"logo\":{\"@type\":\"ImageObject\",\"inLanguage\":\"lv-LV\",\"@id\":\"https:\\\/\\\/hotta.eu\\\/lv\\\/#\\\/schema\\\/logo\\\/image\\\/\",\"url\":\"https:\\\/\\\/hotta.eu\\\/wp-content\\\/uploads\\\/2025\\\/04\\\/hotta-logo-invoice.png\",\"contentUrl\":\"https:\\\/\\\/hotta.eu\\\/wp-content\\\/uploads\\\/2025\\\/04\\\/hotta-logo-invoice.png\",\"width\":600,\"height\":411,\"caption\":\"Hotta\"},\"image\":{\"@id\":\"https:\\\/\\\/hotta.eu\\\/lv\\\/#\\\/schema\\\/logo\\\/image\\\/\"},\"sameAs\":[\"https:\\\/\\\/www.facebook.com\\\/hotta.eu\",\"https:\\\/\\\/x.com\\\/hottashop\",\"https:\\\/\\\/www.instagram.com\\\/hotta.shop\"]}]}<\/script>\n<!-- \/ Yoast SEO plugin. -->","yoast_head_json":{"title":"Charcoal Ghost Hot Sauce - Hotta","description":"Queen Majesty m\u0113rces ir \u012bpa\u0161as ar interesantiem gar\u0161u mais\u012bjumiem. Ar savu nosl\u0113pumaino melno izskatu Charcoal Ghost ir sp\u0113c\u012bga smar\u017ea un viegla atkar\u012bba! Ar rok\u0101m darin\u0101ts Bruklin\u0101, ASV.","robots":{"index":"index","follow":"follow","max-snippet":"max-snippet:-1","max-image-preview":"max-image-preview:large","max-video-preview":"max-video-preview:-1"},"canonical":"https:\/\/hotta.eu\/lv\/shop\/charcoal-ghost-hot-sauce\/","og_locale":"lv_LV","og_type":"article","og_title":"Charcoal Ghost Hot Sauce - Hotta","og_description":"Queen Majesty m\u0113rces ir \u012bpa\u0161as ar interesantiem gar\u0161u mais\u012bjumiem. Ar savu nosl\u0113pumaino melno izskatu Charcoal Ghost ir sp\u0113c\u012bga smar\u017ea un viegla atkar\u012bba! Ar rok\u0101m darin\u0101ts Bruklin\u0101, ASV.","og_url":"https:\/\/hotta.eu\/lv\/shop\/charcoal-ghost-hot-sauce\/","og_site_name":"Hotta","article_publisher":"https:\/\/www.facebook.com\/hotta.eu","article_modified_time":"2024-12-27T10:42:47+00:00","og_image":[{"width":2000,"height":2000,"url":"https:\/\/hotta.eu\/wp-content\/uploads\/2024\/03\/queen-majesty-charcoal.jpg","type":"image\/jpeg"}],"twitter_card":"summary_large_image","twitter_site":"@hottashop","twitter_misc":{"Est. reading time":"1 minute"},"schema":{"@context":"https:\/\/schema.org","@graph":[{"@type":"WebPage","@id":"https:\/\/hotta.eu\/lv\/shop\/charcoal-ghost-hot-sauce\/","url":"https:\/\/hotta.eu\/lv\/shop\/charcoal-ghost-hot-sauce\/","name":"Charcoal Ghost Hot Sauce - Hotta","isPartOf":{"@id":"https:\/\/hotta.eu\/lv\/#website"},"primaryImageOfPage":{"@id":"https:\/\/hotta.eu\/lv\/shop\/charcoal-ghost-hot-sauce\/#primaryimage"},"image":{"@id":"https:\/\/hotta.eu\/lv\/shop\/charcoal-ghost-hot-sauce\/#primaryimage"},"thumbnailUrl":"https:\/\/hotta.eu\/wp-content\/uploads\/2024\/03\/queen-majesty-charcoal.jpg","datePublished":"2019-11-28T19:11:43+00:00","dateModified":"2024-12-27T10:42:47+00:00","description":"Queen Majesty m\u0113rces ir \u012bpa\u0161as ar interesantiem gar\u0161u mais\u012bjumiem. Ar savu nosl\u0113pumaino melno izskatu Charcoal Ghost ir sp\u0113c\u012bga smar\u017ea un viegla atkar\u012bba! Ar rok\u0101m darin\u0101ts Bruklin\u0101, ASV.","breadcrumb":{"@id":"https:\/\/hotta.eu\/lv\/shop\/charcoal-ghost-hot-sauce\/#breadcrumb"},"inLanguage":"lv-LV","potentialAction":[{"@type":"ReadAction","target":["https:\/\/hotta.eu\/lv\/shop\/charcoal-ghost-hot-sauce\/"]}]},{"@type":"ImageObject","inLanguage":"lv-LV","@id":"https:\/\/hotta.eu\/lv\/shop\/charcoal-ghost-hot-sauce\/#primaryimage","url":"https:\/\/hotta.eu\/wp-content\/uploads\/2024\/03\/queen-majesty-charcoal.jpg","contentUrl":"https:\/\/hotta.eu\/wp-content\/uploads\/2024\/03\/queen-majesty-charcoal.jpg","width":2000,"height":2000},{"@type":"BreadcrumbList","@id":"https:\/\/hotta.eu\/lv\/shop\/charcoal-ghost-hot-sauce\/#breadcrumb","itemListElement":[{"@type":"ListItem","position":1,"name":"S\u0101kums","item":"https:\/\/hotta.eu\/lv\/sakumlapa\/"},{"@type":"ListItem","position":2,"name":"Veikals","item":"https:\/\/hotta.eu\/lv\/shop\/"},{"@type":"ListItem","position":3,"name":"Charcoal Ghost Hot Sauce"}]},{"@type":"WebSite","@id":"https:\/\/hotta.eu\/lv\/#website","url":"https:\/\/hotta.eu\/lv\/","name":"Hotta","description":"Makes your mouth burn a lotta!","publisher":{"@id":"https:\/\/hotta.eu\/lv\/#organization"},"potentialAction":[{"@type":"SearchAction","target":{"@type":"EntryPoint","urlTemplate":"https:\/\/hotta.eu\/lv\/?s={search_term_string}"},"query-input":{"@type":"PropertyValueSpecification","valueRequired":true,"valueName":"search_term_string"}}],"inLanguage":"lv-LV"},{"@type":"Organization","@id":"https:\/\/hotta.eu\/lv\/#organization","name":"Hotta","url":"https:\/\/hotta.eu\/lv\/","logo":{"@type":"ImageObject","inLanguage":"lv-LV","@id":"https:\/\/hotta.eu\/lv\/#\/schema\/logo\/image\/","url":"https:\/\/hotta.eu\/wp-content\/uploads\/2025\/04\/hotta-logo-invoice.png","contentUrl":"https:\/\/hotta.eu\/wp-content\/uploads\/2025\/04\/hotta-logo-invoice.png","width":600,"height":411,"caption":"Hotta"},"image":{"@id":"https:\/\/hotta.eu\/lv\/#\/schema\/logo\/image\/"},"sameAs":["https:\/\/www.facebook.com\/hotta.eu","https:\/\/x.com\/hottashop","https:\/\/www.instagram.com\/hotta.shop"]}]}},"jetpack_sharing_enabled":true,"_links":{"self":[{"href":"https:\/\/hotta.eu\/lv\/wp-json\/wp\/v2\/product\/19366","targetHints":{"allow":["GET"]}}],"collection":[{"href":"https:\/\/hotta.eu\/lv\/wp-json\/wp\/v2\/product"}],"about":[{"href":"https:\/\/hotta.eu\/lv\/wp-json\/wp\/v2\/types\/product"}],"replies":[{"embeddable":true,"href":"https:\/\/hotta.eu\/lv\/wp-json\/wp\/v2\/comments?post=19366"}],"wp:featuredmedia":[{"embeddable":true,"href":"https:\/\/hotta.eu\/lv\/wp-json\/wp\/v2\/media\/15787"}],"wp:attachment":[{"href":"https:\/\/hotta.eu\/lv\/wp-json\/wp\/v2\/media?parent=19366"}],"wp:term":[{"taxonomy":"product_cat","embeddable":true,"href":"https:\/\/hotta.eu\/lv\/wp-json\/wp\/v2\/product_cat?post=19366"},{"taxonomy":"product_tag","embeddable":true,"href":"https:\/\/hotta.eu\/lv\/wp-json\/wp\/v2\/product_tag?post=19366"},{"taxonomy":"giftcard-category","embeddable":true,"href":"https:\/\/hotta.eu\/lv\/wp-json\/wp\/v2\/giftcard-category?post=19366"}],"curies":[{"name":"wp","href":"https:\/\/api.w.org\/{rel}","templated":true}]}}